{"id":18528,"date":"2021-01-31T13:57:46","date_gmt":"2021-01-31T12:57:46","guid":{"rendered":"https:\/\/www.pure-beauty.shop\/?page_id=18528"},"modified":"2021-02-11T15:44:20","modified_gmt":"2021-02-11T14:44:20","slug":"versand-und-zahlungsmittel","status":"publish","type":"page","link":"https:\/\/www.pure-beauty.shop\/en\/versand-und-zahlungsmittel\/","title":{"rendered":"Versand und Zahlungsmittel"},"content":{"rendered":"<div class=\"wpb-content-wrapper\"><div class=\"vc_row wpb_row vc_row-fluid et_custom_uniqid_69f10bb13c953\"><div class=\"wpb_column vc_column_container vc_col-sm-12 et_custom_uniqid_69f10bb13c92c\"><div class=\"vc_column-inner\"><div class=\"wpb_wrapper\">\n\t<div class=\"wpb_text_column wpb_content_element\" >\n\t\t<div class=\"wpb_wrapper\">\n\t\t\t<h1><strong>Versand<\/strong><\/h1>\n<p>&nbsp;<\/p>\n<p>Bruttowarenwert von\u00a0\u20ac0,01 bis \u20ac49,99 = \u20ac5,00 Versandkosten<\/p>\n<p>Bruttowarenwert ab \u20ac50,00 = Versand kostenlos<\/p>\n<p><strong>\u00a0<\/strong><\/p>\n<p>Alle Preisangaben sind brutto (inkl. MwSt.). Die Lieferung erfolgt \u00fcblicherweise innerhalb von 1-3 Werktagen.\u00a0Die Selbstabholung von Waren ist kostenlos. Alle Pakete werden mit DPD verschickt.<\/p>\n<p>Der Versand von Onlinebestellungen ist nur innerhalb von \u00d6sterreich m\u00f6glich.<\/p>\n<p>Bei Selbstabholung fallen selbstverst\u00e4ndlich keine Kosten an. Eine Selbstabholung ist ausschlie\u00dflich in unserem Pure Beauty Salon in der Sackstra\u00dfe 12\/1, 8010 Graz von Montag bis Freitag zwischen 10 und 17 Uhr m\u00f6glich. Sobald die Ware abholbereit ist, werden Sie per E-Mail verst\u00e4ndigt.<\/p>\n<p>&nbsp;<\/p>\n<h1><strong>Zahlungsmittel<\/strong><\/h1>\n<p>&nbsp;<\/p>\n<p>Die verf\u00fcgbaren Zahlungsmodalit\u00e4ten sind Direkte Bank\u00fcberweisungen (Vorauskasse), Klarna\/Sofort\u00fcberweisung und Kreditkarte (VISA, Mastercard, Maestro).<\/p>\n<ul>\n<li>Direkte Bank\u00fcberweisung (Vorauskasse)\n<ul>\n<li>Bei der Zahlart Vorauskasse ist der Rechnungsbetrag bis sp\u00e4testens 3 Werktage nach Bestellung auf angegebenes Konto zu \u00fcberweisen. Bei der \u00dcberweisung ist als Verwendungszweck die Rechnungsnummer anzugeben. Die Lieferung erfolgt erst nach Zahlungseingang. Sollte der Rechnungsbetrag nicht \u00fcberwiesen werden, wird die Bestellung automatisch am 4. Tag storniert.<\/li>\n<\/ul>\n<\/li>\n<li><em>Klarna\/Sofort\u00fcberweisung (demn\u00e4chst verf\u00fcgbar)<\/em>\n<ul>\n<li><em>Bei Bezahlung mit Klarna\/Sofort\u00fcberweisung im Onlineshop wird Ihnen der Rechnungsbetrag sofort von Ihrem Konto abgebucht. Es m\u00fcssen folgende Daten angegeben werden: Bank, IBAN und BIC. Weitere Infos dazu finden Sie unter Datenschutz.<\/em><\/li>\n<\/ul>\n<\/li>\n<li>Kreditkarte (VISA, Mastercard, Maestro)\n<ul>\n<li>Bei Bezahlung mit Kreditkarte im Onlineshop erfolgt die Belastung noch am selben Tag. Es m\u00fcssen folgende Daten angegeben werden: Kreditkartenunternehmen, Kartennummer, Karteninhaber, G\u00fcltigkeitsdatum und CVV-Code. Die Daten werden per SSL-Verschl\u00fcsselung \u00fcbertragen und sind somit f\u00fcr Unbefugte nicht einsehbar. Weitere Infos dazu finden Sie unter Datenschutz.<\/li>\n<\/ul>\n<\/li>\n<\/ul>\n\n\t\t<\/div>\n\t<\/div>\n<\/div><\/div><\/div><\/div>\n<\/div>","protected":false},"excerpt":{"rendered":"Versand &nbsp; Bruttowarenwert von\u00a0\u20ac0,01 bis \u20ac49,99 = \u20ac5,00 Versandkosten Bruttowarenwert ab \u20ac50,00 = Versand kostenlos \u00a0 Alle Preisangaben sind brutto (inkl. MwSt.). Die Lieferung erfolgt...","protected":false},"author":5,"featured_media":0,"parent":0,"menu_order":0,"comment_status":"closed","ping_status":"closed","template":"","meta":{"jetpack_post_was_ever_published":false,"footnotes":""},"class_list":["post-18528","page","type-page","status-publish","hentry"],"yoast_head":"<!-- This site is optimized with the Yoast SEO plugin v27.5 - https:\/\/yoast.com\/product\/yoast-seo-wordpress\/ -->\n<title>Versand und Zahlungsmittel - Pure Beauty &amp; PANDHY&#039;S Shop<\/title>\n<meta name=\"robots\" content=\"index, follow, max-snippet:-1, max-image-preview:large, max-video-preview:-1\" \/>\n<link rel=\"canonical\" href=\"https:\/\/www.pure-beauty.shop\/en\/versand-und-zahlungsmittel\/\" \/>\n<meta property=\"og:locale\" content=\"en_GB\" \/>\n<meta property=\"og:type\" content=\"article\" \/>\n<meta property=\"og:title\" content=\"Versand und Zahlungsmittel - Pure Beauty &amp; PANDHY&#039;S Shop\" \/>\n<meta property=\"og:url\" content=\"https:\/\/www.pure-beauty.shop\/en\/versand-und-zahlungsmittel\/\" \/>\n<meta property=\"og:site_name\" content=\"Pure Beauty &amp; PANDHY&#039;S Shop\" \/>\n<meta property=\"article:modified_time\" content=\"2021-02-11T14:44:20+00:00\" \/>\n<meta name=\"twitter:card\" content=\"summary_large_image\" \/>\n<meta name=\"twitter:label1\" content=\"Estimated reading time\" \/>\n\t<meta name=\"twitter:data1\" content=\"2 minutes\" \/>\n<script type=\"application\/ld+json\" class=\"yoast-schema-graph\">{\"@context\":\"https:\\\/\\\/schema.org\",\"@graph\":[{\"@type\":\"WebPage\",\"@id\":\"https:\\\/\\\/www.pure-beauty.shop\\\/en\\\/versand-und-zahlungsmittel\\\/\",\"url\":\"https:\\\/\\\/www.pure-beauty.shop\\\/en\\\/versand-und-zahlungsmittel\\\/\",\"name\":\"Versand und Zahlungsmittel - Pure Beauty &amp; PANDHY&#039;S Shop\",\"isPartOf\":{\"@id\":\"https:\\\/\\\/www.pure-beauty.shop\\\/#website\"},\"datePublished\":\"2021-01-31T12:57:46+00:00\",\"dateModified\":\"2021-02-11T14:44:20+00:00\",\"breadcrumb\":{\"@id\":\"https:\\\/\\\/www.pure-beauty.shop\\\/en\\\/versand-und-zahlungsmittel\\\/#breadcrumb\"},\"inLanguage\":\"en-GB\",\"potentialAction\":[{\"@type\":\"ReadAction\",\"target\":[\"https:\\\/\\\/www.pure-beauty.shop\\\/en\\\/versand-und-zahlungsmittel\\\/\"]}]},{\"@type\":\"BreadcrumbList\",\"@id\":\"https:\\\/\\\/www.pure-beauty.shop\\\/en\\\/versand-und-zahlungsmittel\\\/#breadcrumb\",\"itemListElement\":[{\"@type\":\"ListItem\",\"position\":1,\"name\":\"Startseite\",\"item\":\"https:\\\/\\\/www.pure-beauty.shop\\\/\"},{\"@type\":\"ListItem\",\"position\":2,\"name\":\"Versand und Zahlungsmittel\"}]},{\"@type\":\"WebSite\",\"@id\":\"https:\\\/\\\/www.pure-beauty.shop\\\/#website\",\"url\":\"https:\\\/\\\/www.pure-beauty.shop\\\/\",\"name\":\"Pure Beauty &amp; PANDHY&#039;S Shop\",\"description\":\"Kosmetikshop in Graz\",\"potentialAction\":[{\"@type\":\"SearchAction\",\"target\":{\"@type\":\"EntryPoint\",\"urlTemplate\":\"https:\\\/\\\/www.pure-beauty.shop\\\/?s={search_term_string}\"},\"query-input\":{\"@type\":\"PropertyValueSpecification\",\"valueRequired\":true,\"valueName\":\"search_term_string\"}}],\"inLanguage\":\"en-GB\"}]}<\/script>\n<!-- \/ Yoast SEO plugin. -->","yoast_head_json":{"title":"Versand und Zahlungsmittel - Pure Beauty &amp; PANDHY&#039;S Shop","robots":{"index":"index","follow":"follow","max-snippet":"max-snippet:-1","max-image-preview":"max-image-preview:large","max-video-preview":"max-video-preview:-1"},"canonical":"https:\/\/www.pure-beauty.shop\/en\/versand-und-zahlungsmittel\/","og_locale":"en_GB","og_type":"article","og_title":"Versand und Zahlungsmittel - Pure Beauty &amp; PANDHY&#039;S Shop","og_url":"https:\/\/www.pure-beauty.shop\/en\/versand-und-zahlungsmittel\/","og_site_name":"Pure Beauty &amp; PANDHY&#039;S Shop","article_modified_time":"2021-02-11T14:44:20+00:00","twitter_card":"summary_large_image","twitter_misc":{"Estimated reading time":"2 minutes"},"schema":{"@context":"https:\/\/schema.org","@graph":[{"@type":"WebPage","@id":"https:\/\/www.pure-beauty.shop\/en\/versand-und-zahlungsmittel\/","url":"https:\/\/www.pure-beauty.shop\/en\/versand-und-zahlungsmittel\/","name":"Versand und Zahlungsmittel - Pure Beauty &amp; PANDHY&#039;S Shop","isPartOf":{"@id":"https:\/\/www.pure-beauty.shop\/#website"},"datePublished":"2021-01-31T12:57:46+00:00","dateModified":"2021-02-11T14:44:20+00:00","breadcrumb":{"@id":"https:\/\/www.pure-beauty.shop\/en\/versand-und-zahlungsmittel\/#breadcrumb"},"inLanguage":"en-GB","potentialAction":[{"@type":"ReadAction","target":["https:\/\/www.pure-beauty.shop\/en\/versand-und-zahlungsmittel\/"]}]},{"@type":"BreadcrumbList","@id":"https:\/\/www.pure-beauty.shop\/en\/versand-und-zahlungsmittel\/#breadcrumb","itemListElement":[{"@type":"ListItem","position":1,"name":"Startseite","item":"https:\/\/www.pure-beauty.shop\/"},{"@type":"ListItem","position":2,"name":"Versand und Zahlungsmittel"}]},{"@type":"WebSite","@id":"https:\/\/www.pure-beauty.shop\/#website","url":"https:\/\/www.pure-beauty.shop\/","name":"Pure Beauty &amp; PANDHY&#039;S Shop","description":"Kosmetikshop in Graz","potentialAction":[{"@type":"SearchAction","target":{"@type":"EntryPoint","urlTemplate":"https:\/\/www.pure-beauty.shop\/?s={search_term_string}"},"query-input":{"@type":"PropertyValueSpecification","valueRequired":true,"valueName":"search_term_string"}}],"inLanguage":"en-GB"}]}},"jetpack_sharing_enabled":true,"_links":{"self":[{"href":"https:\/\/www.pure-beauty.shop\/en\/wp-json\/wp\/v2\/pages\/18528","targetHints":{"allow":["GET"]}}],"collection":[{"href":"https:\/\/www.pure-beauty.shop\/en\/wp-json\/wp\/v2\/pages"}],"about":[{"href":"https:\/\/www.pure-beauty.shop\/en\/wp-json\/wp\/v2\/types\/page"}],"author":[{"embeddable":true,"href":"https:\/\/www.pure-beauty.shop\/en\/wp-json\/wp\/v2\/users\/5"}],"replies":[{"embeddable":true,"href":"https:\/\/www.pure-beauty.shop\/en\/wp-json\/wp\/v2\/comments?post=18528"}],"version-history":[{"count":0,"href":"https:\/\/www.pure-beauty.shop\/en\/wp-json\/wp\/v2\/pages\/18528\/revisions"}],"wp:attachment":[{"href":"https:\/\/www.pure-beauty.shop\/en\/wp-json\/wp\/v2\/media?parent=18528"}],"curies":[{"name":"wp","href":"https:\/\/api.w.org\/{rel}","templated":true}]}}