{"id":18536,"date":"2021-01-31T14:20:52","date_gmt":"2021-01-31T13:20:52","guid":{"rendered":"https:\/\/www.pure-beauty.shop\/?page_id=18536"},"modified":"2021-02-05T15:15:57","modified_gmt":"2021-02-05T14:15:57","slug":"widerruf","status":"publish","type":"page","link":"https:\/\/www.pure-beauty.shop\/en\/widerruf\/","title":{"rendered":"Widerruf"},"content":{"rendered":"<div class=\"wpb-content-wrapper\"><div class=\"vc_row wpb_row vc_row-fluid et_custom_uniqid_69f10bb2a5582\"><div class=\"wpb_column vc_column_container vc_col-sm-12 et_custom_uniqid_69f10bb2a5559\"><div class=\"vc_column-inner\"><div class=\"wpb_wrapper\">\n\t<div class=\"wpb_text_column wpb_content_element\" >\n\t\t<div class=\"wpb_wrapper\">\n\t\t\t<h1>Widerruf und Folgen des Widerrufs<\/h1>\n<p>&nbsp;<\/p>\n<p>Verbraucher gem. KSchG haben ein vierzehnt\u00e4giges Widerrufsrecht ohne Angabe von Gr\u00fcnden. Die Widerrufsfrist gilt ab dem Tag, an dem KundInnen oder von ihnen benannte Dritte, die nicht Bef\u00f6rderer sind, die letzte Ware oder Teilsendung in Besitz genommen haben.<\/p>\n<p>Um das Widerrufsrecht auszu\u00fcben, m\u00fcssen alle KundInnen mittels einer eindeutigen schriftlichen Erkl\u00e4rung per E-Mail (<a href=\"mailto:shop@pure-beauty.at\">shop@pure-beauty.at<\/a>) \u00fcber den Entschluss diesen Vertrag zu widerrufen informieren.<\/p>\n<p>Zur Wahrung der Widerrufsfrist reicht es aus, dass KundInnen die Mitteilung \u00fcber die Aus\u00fcbung des Widerrufsrechts vor Ablauf der Widerrufsfrist absenden.<\/p>\n<p>Wenn Sie diesen Vertrag widerrufen, haben wir Ihnen alle Zahlungen, die wir von Ihnen erhalten haben, einschlie\u00dflich der Lieferkosten, unverz\u00fcglich und sp\u00e4testens binnen vierzehn Tagen ab dem Tag zur\u00fcckzuzahlen, an dem die Mitteilung \u00fcber Ihren Widerruf dieses Vertrags bei uns eingegangen ist. F\u00fcr diese R\u00fcckzahlung verwenden wir als Zahlungsmittel die direkte Bank\u00fcberweisung auf ein gew\u00fcnschtes Konto (bei Widerruf schriftlich angeben); in keinem Fall werden Ihnen wegen dieser R\u00fcckzahlung Entgelte berechnet. Wir verweigern die R\u00fcckzahlung, bis wir die Waren wieder zur\u00fcckerhalten haben.<\/p>\n<p>Sie haben die Waren unverz\u00fcglich und in jedem Fall sp\u00e4testens binnen vierzehn Tagen ab dem Tag, an dem Sie uns \u00fcber den Widerruf dieses Vertrags unterrichten, an uns zur\u00fcckzusenden oder zu \u00fcbergeben. Die Frist ist gewahrt, wenn Sie die Waren vor Ablauf der Frist von vierzehn Tagen absenden. Sie tragen die unmittelbaren Kosten der R\u00fccksendung der Waren. Sie m\u00fcssen f\u00fcr einen etwaigen Wertverlust der Waren nur aufkommen, wenn dieser Wertverlust auf einen zur Pr\u00fcfung der Beschaffenheit, Eigenschaften und Funktionsweise der Waren nicht notwendigen Umgang mit ihnen zur\u00fcckzuf\u00fchren ist.<\/p>\n<p>Das Widerrufsrecht\u00a0<strong>besteht nicht<\/strong>\u00a0bei folgenden Lieferungen:<\/p>\n<ul class=\"wp-block-list\">\n<li>Lieferung von Waren, die schnell verderben k\u00f6nnen oder deren Verfallsdatum schnell \u00fcberschritten wurde.<\/li>\n<li>Lieferung versiegelter Waren, die aus Gr\u00fcnden des Gesundheitsschutzes oder der Hygiene nicht zur R\u00fcckgabe geeignet sind, wenn ihre Versiegelung nach der Lieferung entfernt wurde.<\/li>\n<\/ul>\n<p>Da es sich bei unseren Produkten um Verbraucherprodukte handelt und diese ein Ablaufdatum und eine Versiegelung aufweisen, nehmen wir die oben genannten zwei Punkte sehr ernst und nehmen keine Retourprodukte an, die entweder au\u00dferhalb des Verfallsdatums liegen oder keine Versiegelung mehr vorhanden ist. Dabei verf\u00e4llt auch der Anspruch der R\u00fcckentgeltung des Rechnungsbetrages.<\/p>\n<p>Ausnahmen kommen zur Geltung, wenn seitens des Shopbetreibers fehlerhafte oder abgelaufene Produkte geliefert werden (ohne dies vorab mit dem\/der Verbraucher\/in schriftlich abzukl\u00e4ren).<\/p>\n<p>\u00a0<\/p>\n\n\t\t<\/div>\n\t<\/div>\n<\/div><\/div><\/div><\/div><\/div>","protected":false},"excerpt":{"rendered":"Widerruf und Folgen des Widerrufs &nbsp; Verbraucher gem. KSchG haben ein vierzehnt\u00e4giges Widerrufsrecht ohne Angabe von Gr\u00fcnden. Die Widerrufsfrist gilt ab dem Tag, an dem...","protected":false},"author":5,"featured_media":0,"parent":0,"menu_order":0,"comment_status":"closed","ping_status":"closed","template":"","meta":{"jetpack_post_was_ever_published":false,"footnotes":""},"class_list":["post-18536","page","type-page","status-publish","hentry"],"yoast_head":"<!-- This site is optimized with the Yoast SEO plugin v27.5 - https:\/\/yoast.com\/product\/yoast-seo-wordpress\/ -->\n<title>Widerruf - Pure Beauty &amp; PANDHY&#039;S Shop<\/title>\n<meta name=\"robots\" content=\"index, follow, max-snippet:-1, max-image-preview:large, max-video-preview:-1\" \/>\n<link rel=\"canonical\" href=\"https:\/\/www.pure-beauty.shop\/en\/widerruf\/\" \/>\n<meta property=\"og:locale\" content=\"en_GB\" \/>\n<meta property=\"og:type\" content=\"article\" \/>\n<meta property=\"og:title\" content=\"Widerruf - Pure Beauty &amp; PANDHY&#039;S Shop\" \/>\n<meta property=\"og:url\" content=\"https:\/\/www.pure-beauty.shop\/en\/widerruf\/\" \/>\n<meta property=\"og:site_name\" content=\"Pure Beauty &amp; PANDHY&#039;S Shop\" \/>\n<meta property=\"article:modified_time\" content=\"2021-02-05T14:15:57+00:00\" \/>\n<meta name=\"twitter:card\" content=\"summary_large_image\" \/>\n<meta name=\"twitter:label1\" content=\"Estimated reading time\" \/>\n\t<meta name=\"twitter:data1\" content=\"2 minutes\" \/>\n<script type=\"application\/ld+json\" class=\"yoast-schema-graph\">{\"@context\":\"https:\\\/\\\/schema.org\",\"@graph\":[{\"@type\":\"WebPage\",\"@id\":\"https:\\\/\\\/www.pure-beauty.shop\\\/widerruf\\\/\",\"url\":\"https:\\\/\\\/www.pure-beauty.shop\\\/widerruf\\\/\",\"name\":\"Widerruf - Pure Beauty &amp; PANDHY&#039;S Shop\",\"isPartOf\":{\"@id\":\"https:\\\/\\\/www.pure-beauty.shop\\\/#website\"},\"datePublished\":\"2021-01-31T13:20:52+00:00\",\"dateModified\":\"2021-02-05T14:15:57+00:00\",\"breadcrumb\":{\"@id\":\"https:\\\/\\\/www.pure-beauty.shop\\\/widerruf\\\/#breadcrumb\"},\"inLanguage\":\"en-GB\",\"potentialAction\":[{\"@type\":\"ReadAction\",\"target\":[\"https:\\\/\\\/www.pure-beauty.shop\\\/widerruf\\\/\"]}]},{\"@type\":\"BreadcrumbList\",\"@id\":\"https:\\\/\\\/www.pure-beauty.shop\\\/widerruf\\\/#breadcrumb\",\"itemListElement\":[{\"@type\":\"ListItem\",\"position\":1,\"name\":\"Startseite\",\"item\":\"https:\\\/\\\/www.pure-beauty.shop\\\/\"},{\"@type\":\"ListItem\",\"position\":2,\"name\":\"Widerruf\"}]},{\"@type\":\"WebSite\",\"@id\":\"https:\\\/\\\/www.pure-beauty.shop\\\/#website\",\"url\":\"https:\\\/\\\/www.pure-beauty.shop\\\/\",\"name\":\"Pure Beauty &amp; PANDHY&#039;S Shop\",\"description\":\"Kosmetikshop in Graz\",\"potentialAction\":[{\"@type\":\"SearchAction\",\"target\":{\"@type\":\"EntryPoint\",\"urlTemplate\":\"https:\\\/\\\/www.pure-beauty.shop\\\/?s={search_term_string}\"},\"query-input\":{\"@type\":\"PropertyValueSpecification\",\"valueRequired\":true,\"valueName\":\"search_term_string\"}}],\"inLanguage\":\"en-GB\"}]}<\/script>\n<!-- \/ Yoast SEO plugin. -->","yoast_head_json":{"title":"Widerruf - Pure Beauty &amp; PANDHY&#039;S Shop","robots":{"index":"index","follow":"follow","max-snippet":"max-snippet:-1","max-image-preview":"max-image-preview:large","max-video-preview":"max-video-preview:-1"},"canonical":"https:\/\/www.pure-beauty.shop\/en\/widerruf\/","og_locale":"en_GB","og_type":"article","og_title":"Widerruf - Pure Beauty &amp; PANDHY&#039;S Shop","og_url":"https:\/\/www.pure-beauty.shop\/en\/widerruf\/","og_site_name":"Pure Beauty &amp; PANDHY&#039;S Shop","article_modified_time":"2021-02-05T14:15:57+00:00","twitter_card":"summary_large_image","twitter_misc":{"Estimated reading time":"2 minutes"},"schema":{"@context":"https:\/\/schema.org","@graph":[{"@type":"WebPage","@id":"https:\/\/www.pure-beauty.shop\/widerruf\/","url":"https:\/\/www.pure-beauty.shop\/widerruf\/","name":"Widerruf - Pure Beauty &amp; PANDHY&#039;S Shop","isPartOf":{"@id":"https:\/\/www.pure-beauty.shop\/#website"},"datePublished":"2021-01-31T13:20:52+00:00","dateModified":"2021-02-05T14:15:57+00:00","breadcrumb":{"@id":"https:\/\/www.pure-beauty.shop\/widerruf\/#breadcrumb"},"inLanguage":"en-GB","potentialAction":[{"@type":"ReadAction","target":["https:\/\/www.pure-beauty.shop\/widerruf\/"]}]},{"@type":"BreadcrumbList","@id":"https:\/\/www.pure-beauty.shop\/widerruf\/#breadcrumb","itemListElement":[{"@type":"ListItem","position":1,"name":"Startseite","item":"https:\/\/www.pure-beauty.shop\/"},{"@type":"ListItem","position":2,"name":"Widerruf"}]},{"@type":"WebSite","@id":"https:\/\/www.pure-beauty.shop\/#website","url":"https:\/\/www.pure-beauty.shop\/","name":"Pure Beauty &amp; PANDHY&#039;S Shop","description":"Kosmetikshop in Graz","potentialAction":[{"@type":"SearchAction","target":{"@type":"EntryPoint","urlTemplate":"https:\/\/www.pure-beauty.shop\/?s={search_term_string}"},"query-input":{"@type":"PropertyValueSpecification","valueRequired":true,"valueName":"search_term_string"}}],"inLanguage":"en-GB"}]}},"jetpack_sharing_enabled":true,"_links":{"self":[{"href":"https:\/\/www.pure-beauty.shop\/en\/wp-json\/wp\/v2\/pages\/18536","targetHints":{"allow":["GET"]}}],"collection":[{"href":"https:\/\/www.pure-beauty.shop\/en\/wp-json\/wp\/v2\/pages"}],"about":[{"href":"https:\/\/www.pure-beauty.shop\/en\/wp-json\/wp\/v2\/types\/page"}],"author":[{"embeddable":true,"href":"https:\/\/www.pure-beauty.shop\/en\/wp-json\/wp\/v2\/users\/5"}],"replies":[{"embeddable":true,"href":"https:\/\/www.pure-beauty.shop\/en\/wp-json\/wp\/v2\/comments?post=18536"}],"version-history":[{"count":0,"href":"https:\/\/www.pure-beauty.shop\/en\/wp-json\/wp\/v2\/pages\/18536\/revisions"}],"wp:attachment":[{"href":"https:\/\/www.pure-beauty.shop\/en\/wp-json\/wp\/v2\/media?parent=18536"}],"curies":[{"name":"wp","href":"https:\/\/api.w.org\/{rel}","templated":true}]}}