{"id":37,"date":"2016-04-27T11:35:57","date_gmt":"2016-04-27T11:35:57","guid":{"rendered":"https:\/\/xstore.8theme.com\/demos\/wedding\/?page_id=37"},"modified":"2021-02-12T01:22:21","modified_gmt":"2021-02-12T00:22:21","slug":"ueber-uns","status":"publish","type":"page","link":"https:\/\/www.pure-beauty.shop\/en\/ueber-uns\/","title":{"rendered":"\u00dcber uns"},"content":{"rendered":"<div class=\"wpb-content-wrapper\"><div class=\"vc_row wpb_row vc_row-fluid vc_custom_1452514786652 et_custom_uniqid_69f1945dc5b05\"><div class=\"wpb_column vc_column_container vc_col-sm-12 et_custom_uniqid_69f1945dc5ade\"><div class=\"vc_column-inner\"><div class=\"wpb_wrapper\">\n\t<div class=\"wpb_text_column wpb_content_element\" >\n\t\t<div class=\"wpb_wrapper\">\n\t\t\t<h3 style=\"text-align: center;\"><strong>Pure Beauty ist Farbe.<\/strong><br \/>\n<strong>Pure Beauty ist Aufbl\u00fchen. <\/strong><br \/>\n<strong>Pure Beauty ist Lebensfreude. <\/strong><br \/>\n<strong>Pure Beauty ist Statement.<\/strong><\/h3>\n<h3 style=\"text-align: center;\">Wir lieben Pure Beauty.<\/h3>\n<p>&nbsp;<\/p>\n<p>Im Jahr 2002 von Eszter Schratzer gegr\u00fcndet, feiert im Jahr 2022 das Unternehmen mit den beiden T\u00f6chter, Marie-Christine (Business Development) und Lara (Trainerin, Digital Media und Design) als innovatives Familienunternehmen in Graz ihr 20-j\u00e4hriges Jubil\u00e4um.<\/p>\n<p>An allen Fronten der Beautybranche sp\u00fcren wir Trends, Prozesse und Kapazit\u00e4ten auf, entwickeln sie, wenden sie an, unterrichten sie und helfen Existenzen zu gr\u00fcnden.<\/p>\n<p>\u00dcber achthundert Visagisten sind in unserer Visagistenschule \u201eVisagistik Professionell\u201c durch unsere H\u00e4nde gegangen; in unserem \u201ePure Beauty Salon\u201c haben wir t\u00e4glichen Kontakt mit unseren anspruchsvollen Kunden. Dadurch wissen wir, welche Bed\u00fcrfnisse KundInnen unserer Zeit haben; und in unserem neuesten \u201eBaby\u201c, in unserer Kosmetikschule \u201eKosmetik Professionell\u201c legten wir die Grundsteine f\u00fcr die modernste und innovativste Kosmetikausbildung in \u00d6sterreich.<\/p>\n<p>Unser K\u00f6nnen und das breitgef\u00e4cherte Wissen spiegeln sich in den von uns verwendeten Produkten!<\/p>\n<p>Wir lieben Innovationen, Kreativit\u00e4t, Trends, Nachhaltigkeit, Sparsamkeit und Komfort. Junge Marken mit holistischen Anhaltspunkten, Spa-Erlebnisse zuhause, reine Haut, fr\u00f6hliche Farben.<\/p>\n<p>Genie\u00dfen Sie unseren Online-Shop und tauchen Sie in Pure Beauty ein.<\/p>\n<p>Ihr Pure Beauty Team<\/p>\n\n\t\t<\/div>\n\t<\/div>\n<\/div><\/div><\/div><\/div>\n<\/div>","protected":false},"excerpt":{"rendered":"Pure Beauty ist Farbe. Pure Beauty ist Aufbl\u00fchen. Pure Beauty ist Lebensfreude. Pure Beauty ist Statement. Wir lieben Pure Beauty. &nbsp; Im Jahr 2002 von...","protected":false},"author":1,"featured_media":0,"parent":0,"menu_order":0,"comment_status":"closed","ping_status":"closed","template":"","meta":{"jetpack_post_was_ever_published":false,"footnotes":""},"class_list":["post-37","page","type-page","status-publish","hentry"],"yoast_head":"<!-- This site is optimized with the Yoast SEO plugin v27.5 - https:\/\/yoast.com\/product\/yoast-seo-wordpress\/ -->\n<title>\u00dcber uns - Pure Beauty &amp; PANDHY&#039;S Shop<\/title>\n<meta name=\"robots\" content=\"index, follow, max-snippet:-1, max-image-preview:large, max-video-preview:-1\" \/>\n<link rel=\"canonical\" href=\"https:\/\/www.pure-beauty.shop\/en\/ueber-uns\/\" \/>\n<meta property=\"og:locale\" content=\"en_GB\" \/>\n<meta property=\"og:type\" content=\"article\" \/>\n<meta property=\"og:title\" content=\"\u00dcber uns - Pure Beauty &amp; PANDHY&#039;S Shop\" \/>\n<meta property=\"og:url\" content=\"https:\/\/www.pure-beauty.shop\/en\/ueber-uns\/\" \/>\n<meta property=\"og:site_name\" content=\"Pure Beauty &amp; PANDHY&#039;S Shop\" \/>\n<meta property=\"article:modified_time\" content=\"2021-02-12T00:22:21+00:00\" \/>\n<meta name=\"twitter:card\" content=\"summary_large_image\" \/>\n<meta name=\"twitter:label1\" content=\"Estimated reading time\" \/>\n\t<meta name=\"twitter:data1\" content=\"1 minute\" \/>\n<script type=\"application\/ld+json\" class=\"yoast-schema-graph\">{\"@context\":\"https:\\\/\\\/schema.org\",\"@graph\":[{\"@type\":\"WebPage\",\"@id\":\"https:\\\/\\\/www.pure-beauty.shop\\\/ueber-uns\\\/\",\"url\":\"https:\\\/\\\/www.pure-beauty.shop\\\/ueber-uns\\\/\",\"name\":\"\u00dcber uns - Pure Beauty &amp; PANDHY&#039;S Shop\",\"isPartOf\":{\"@id\":\"https:\\\/\\\/www.pure-beauty.shop\\\/#website\"},\"datePublished\":\"2016-04-27T11:35:57+00:00\",\"dateModified\":\"2021-02-12T00:22:21+00:00\",\"breadcrumb\":{\"@id\":\"https:\\\/\\\/www.pure-beauty.shop\\\/ueber-uns\\\/#breadcrumb\"},\"inLanguage\":\"en-GB\",\"potentialAction\":[{\"@type\":\"ReadAction\",\"target\":[\"https:\\\/\\\/www.pure-beauty.shop\\\/ueber-uns\\\/\"]}]},{\"@type\":\"BreadcrumbList\",\"@id\":\"https:\\\/\\\/www.pure-beauty.shop\\\/ueber-uns\\\/#breadcrumb\",\"itemListElement\":[{\"@type\":\"ListItem\",\"position\":1,\"name\":\"Startseite\",\"item\":\"https:\\\/\\\/www.pure-beauty.shop\\\/\"},{\"@type\":\"ListItem\",\"position\":2,\"name\":\"\u00dcber uns\"}]},{\"@type\":\"WebSite\",\"@id\":\"https:\\\/\\\/www.pure-beauty.shop\\\/#website\",\"url\":\"https:\\\/\\\/www.pure-beauty.shop\\\/\",\"name\":\"Pure Beauty &amp; PANDHY&#039;S Shop\",\"description\":\"Kosmetikshop in Graz\",\"potentialAction\":[{\"@type\":\"SearchAction\",\"target\":{\"@type\":\"EntryPoint\",\"urlTemplate\":\"https:\\\/\\\/www.pure-beauty.shop\\\/?s={search_term_string}\"},\"query-input\":{\"@type\":\"PropertyValueSpecification\",\"valueRequired\":true,\"valueName\":\"search_term_string\"}}],\"inLanguage\":\"en-GB\"}]}<\/script>\n<!-- \/ Yoast SEO plugin. -->","yoast_head_json":{"title":"\u00dcber uns - Pure Beauty &amp; PANDHY&#039;S Shop","robots":{"index":"index","follow":"follow","max-snippet":"max-snippet:-1","max-image-preview":"max-image-preview:large","max-video-preview":"max-video-preview:-1"},"canonical":"https:\/\/www.pure-beauty.shop\/en\/ueber-uns\/","og_locale":"en_GB","og_type":"article","og_title":"\u00dcber uns - Pure Beauty &amp; PANDHY&#039;S Shop","og_url":"https:\/\/www.pure-beauty.shop\/en\/ueber-uns\/","og_site_name":"Pure Beauty &amp; PANDHY&#039;S Shop","article_modified_time":"2021-02-12T00:22:21+00:00","twitter_card":"summary_large_image","twitter_misc":{"Estimated reading time":"1 minute"},"schema":{"@context":"https:\/\/schema.org","@graph":[{"@type":"WebPage","@id":"https:\/\/www.pure-beauty.shop\/ueber-uns\/","url":"https:\/\/www.pure-beauty.shop\/ueber-uns\/","name":"\u00dcber uns - Pure Beauty &amp; PANDHY&#039;S Shop","isPartOf":{"@id":"https:\/\/www.pure-beauty.shop\/#website"},"datePublished":"2016-04-27T11:35:57+00:00","dateModified":"2021-02-12T00:22:21+00:00","breadcrumb":{"@id":"https:\/\/www.pure-beauty.shop\/ueber-uns\/#breadcrumb"},"inLanguage":"en-GB","potentialAction":[{"@type":"ReadAction","target":["https:\/\/www.pure-beauty.shop\/ueber-uns\/"]}]},{"@type":"BreadcrumbList","@id":"https:\/\/www.pure-beauty.shop\/ueber-uns\/#breadcrumb","itemListElement":[{"@type":"ListItem","position":1,"name":"Startseite","item":"https:\/\/www.pure-beauty.shop\/"},{"@type":"ListItem","position":2,"name":"\u00dcber uns"}]},{"@type":"WebSite","@id":"https:\/\/www.pure-beauty.shop\/#website","url":"https:\/\/www.pure-beauty.shop\/","name":"Pure Beauty &amp; PANDHY&#039;S Shop","description":"Kosmetikshop in Graz","potentialAction":[{"@type":"SearchAction","target":{"@type":"EntryPoint","urlTemplate":"https:\/\/www.pure-beauty.shop\/?s={search_term_string}"},"query-input":{"@type":"PropertyValueSpecification","valueRequired":true,"valueName":"search_term_string"}}],"inLanguage":"en-GB"}]}},"jetpack_sharing_enabled":true,"_links":{"self":[{"href":"https:\/\/www.pure-beauty.shop\/en\/wp-json\/wp\/v2\/pages\/37","targetHints":{"allow":["GET"]}}],"collection":[{"href":"https:\/\/www.pure-beauty.shop\/en\/wp-json\/wp\/v2\/pages"}],"about":[{"href":"https:\/\/www.pure-beauty.shop\/en\/wp-json\/wp\/v2\/types\/page"}],"author":[{"embeddable":true,"href":"https:\/\/www.pure-beauty.shop\/en\/wp-json\/wp\/v2\/users\/1"}],"replies":[{"embeddable":true,"href":"https:\/\/www.pure-beauty.shop\/en\/wp-json\/wp\/v2\/comments?post=37"}],"version-history":[{"count":0,"href":"https:\/\/www.pure-beauty.shop\/en\/wp-json\/wp\/v2\/pages\/37\/revisions"}],"wp:attachment":[{"href":"https:\/\/www.pure-beauty.shop\/en\/wp-json\/wp\/v2\/media?parent=37"}],"curies":[{"name":"wp","href":"https:\/\/api.w.org\/{rel}","templated":true}]}}