{"id":17155,"date":"2020-10-23T12:23:23","date_gmt":"2020-10-23T10:23:23","guid":{"rendered":"https:\/\/www.pure-beauty.shop\/pure-beauty-shop\/produkt\/pandhys-purifying-calming-lotion-500-ml\/"},"modified":"2026-04-10T18:32:34","modified_gmt":"2026-04-10T16:32:34","slug":"pandhys-purifying-calming-lotion-500-ml","status":"publish","type":"product","link":"https:\/\/www.pure-beauty.shop\/en\/product\/pandhys-purifying-calming-lotion-500-ml\/","title":{"rendered":"PANDHY&#8217;S\u2122 Purifying &#038; Calming Lotion"},"content":{"rendered":"<div class=\"wpb-content-wrapper\"><div class=\"vc_row wpb_row vc_row-fluid et_custom_uniqid_69f510b6c619c\"><div class=\"wpb_column vc_column_container vc_col-sm-12 et_custom_uniqid_69f510b6c6179\"><div class=\"vc_column-inner\"><div class=\"wpb_wrapper\">\n\t<div class=\"wpb_text_column wpb_content_element\" >\n\t\t<div class=\"wpb_wrapper\">\n\t\t\t<p data-start=\"84\" data-end=\"442\">Dieses vielseitige Reinigungsprodukt eignet sich ideal f\u00fcr den professionellen Einsatz sowie f\u00fcr die t\u00e4gliche Anwendung zu Hause. Es kann sowohl zur Reinigung von Gesicht und Dekollet\u00e9 vor kosmetischen Behandlungen oder zur Vorbereitung der Haut auf die Enthaarung verwendet werden, als auch zur gr\u00fcndlichen Entfernung von Make-up und Unreinheiten im Alltag.<\/p>\n<p data-start=\"444\" data-end=\"681\">Dank seiner universellen Einsetzbarkeit ist das Produkt f\u00fcr alle K\u00f6rperpartien geeignet. Der enthaltene Harnstoff (Urea) wirkt als effektiver Weichmacher und spendet gleichzeitig intensive Feuchtigkeit, w\u00e4hrend er die Haut sanft reinigt.<\/p>\n<p data-start=\"683\" data-end=\"980\">Kamillenextrakt sorgt zus\u00e4tzlich f\u00fcr eine entfettende und beruhigende Wirkung, unterst\u00fctzt die Hautregeneration durch F\u00f6rderung der Epithelbildung und wirkt entz\u00fcndungshemmend \u2013 ohne die Poren zu verengen. Die hautfreundliche Formel ist frei von Parabenen, k\u00fcnstlichen Duftstoffen und Farbstoffen.<\/p>\n<p data-start=\"982\" data-end=\"1082\">F\u00fcr ein erstes Kennenlernen ist das Produkt auch in der praktischen TryMe-Gr\u00f6\u00dfe (100 ml) erh\u00e4ltlich.<\/p>\n<h6 data-start=\"982\" data-end=\"1082\"><strong data-start=\"48\" data-end=\"57\">INCI: <\/strong>Aqua, Urea, Gluconolactone, Glycerin, Decyl Glucoside, Sodium Benzoate, Polysorbate 40, Chamomilla Recutita (Chamomile) Flower Extract, Silver Citrate, Citric Acid, Panthenol, Calcium Gluconate, Rosa Damascena (Rose) Flower Water<\/h6>\n\n\t\t<\/div>\n\t<\/div>\n<\/div><\/div><\/div><\/div>\n<\/div>","protected":false},"excerpt":{"rendered":"<p data-start=\"1109\" data-end=\"1198\">Universelle Reinigung \u2013 sanft, feuchtigkeitsspendend und f\u00fcr alle K\u00f6rperpartien geeignet.<\/p>","protected":false},"featured_media":20990,"comment_status":"open","ping_status":"closed","template":"","meta":{"jetpack_post_was_ever_published":false},"etheme_brands":[{"term_id":203,"name":"PANDHY'S\u2122","slug":"pandhys","term_group":0,"term_taxonomy_id":203,"taxonomy":"brand","description":"","parent":0,"count":68,"filter":"raw"}],"product_brand":[],"product_cat":[172,173,189,170,174,541,543],"product_tag":[],"class_list":{"0":"post-17155","1":"product","2":"type-product","3":"status-publish","4":"has-post-thumbnail","6":"brand-pandhys","7":"product_cat-gesicht","8":"product_cat-koerper","9":"product_cat-koerperreinigung_peeling","10":"product_cat-pflege","11":"product_cat-reinigung","12":"product_cat-sugaring","13":"product_cat-vorbehandlungen","15":"first","16":"instock","17":"taxable","18":"shipping-taxable","19":"purchasable","20":"product-type-variable","21":"has-default-attributes"},"yoast_head":"<!-- This site is optimized with the Yoast SEO plugin v27.5 - https:\/\/yoast.com\/product\/yoast-seo-wordpress\/ -->\n<title>PANDHY&#039;S\u2122 Purifying &amp; Calming Lotion - Pure Beauty &amp; PANDHY&#039;S Shop<\/title>\n<meta name=\"description\" content=\"Sanftes Reinigungsprodukt mit Urea &amp; Kamille \u2013 entfernt Make-up, beruhigt die Haut und spendet Feuchtigkeit. F\u00fcr Gesicht, K\u00f6rper &amp; Enthaarungsvorbereitung geeignet.\" \/>\n<meta name=\"robots\" content=\"index, follow, max-snippet:-1, max-image-preview:large, max-video-preview:-1\" \/>\n<link rel=\"canonical\" href=\"https:\/\/www.pure-beauty.shop\/en\/product\/pandhys-purifying-calming-lotion-500-ml\/\" \/>\n<meta property=\"og:locale\" content=\"en_GB\" \/>\n<meta property=\"og:type\" content=\"article\" \/>\n<meta property=\"og:title\" content=\"PANDHY&#039;S\u2122 Purifying &amp; Calming Lotion - Pure Beauty &amp; PANDHY&#039;S Shop\" \/>\n<meta property=\"og:description\" content=\"Sanftes Reinigungsprodukt mit Urea &amp; Kamille \u2013 entfernt Make-up, beruhigt die Haut und spendet Feuchtigkeit. F\u00fcr Gesicht, K\u00f6rper &amp; Enthaarungsvorbereitung geeignet.\" \/>\n<meta property=\"og:url\" content=\"https:\/\/www.pure-beauty.shop\/en\/product\/pandhys-purifying-calming-lotion-500-ml\/\" \/>\n<meta property=\"og:site_name\" content=\"Pure Beauty &amp; PANDHY&#039;S Shop\" \/>\n<meta property=\"article:publisher\" content=\"https:\/\/www.facebook.com\/purebeautygraz\" \/>\n<meta property=\"article:modified_time\" content=\"2026-04-10T16:32:34+00:00\" \/>\n<meta property=\"og:image\" content=\"https:\/\/www.pure-beauty.shop\/wp-content\/uploads\/2026\/04\/Online-Shop-Bilder-11.png\" \/>\n\t<meta property=\"og:image:width\" content=\"1400\" \/>\n\t<meta property=\"og:image:height\" content=\"1400\" \/>\n\t<meta property=\"og:image:type\" content=\"image\/png\" \/>\n<meta name=\"twitter:card\" content=\"summary_large_image\" \/>\n<meta name=\"twitter:label1\" content=\"Estimated reading time\" \/>\n\t<meta name=\"twitter:data1\" content=\"1 minute\" \/>\n<script type=\"application\/ld+json\" class=\"yoast-schema-graph\">{\"@context\":\"https:\\\/\\\/schema.org\",\"@graph\":[{\"@type\":\"WebPage\",\"@id\":\"https:\\\/\\\/www.pure-beauty.shop\\\/produkt\\\/pandhys-purifying-calming-lotion-500-ml\\\/\",\"url\":\"https:\\\/\\\/www.pure-beauty.shop\\\/produkt\\\/pandhys-purifying-calming-lotion-500-ml\\\/\",\"name\":\"PANDHY'S\u2122 Purifying & Calming Lotion - Pure Beauty &amp; PANDHY&#039;S Shop\",\"isPartOf\":{\"@id\":\"https:\\\/\\\/www.pure-beauty.shop\\\/#website\"},\"primaryImageOfPage\":{\"@id\":\"https:\\\/\\\/www.pure-beauty.shop\\\/produkt\\\/pandhys-purifying-calming-lotion-500-ml\\\/#primaryimage\"},\"image\":{\"@id\":\"https:\\\/\\\/www.pure-beauty.shop\\\/produkt\\\/pandhys-purifying-calming-lotion-500-ml\\\/#primaryimage\"},\"thumbnailUrl\":\"https:\\\/\\\/www.pure-beauty.shop\\\/wp-content\\\/uploads\\\/2026\\\/04\\\/Online-Shop-Bilder-11.png\",\"datePublished\":\"2020-10-23T10:23:23+00:00\",\"dateModified\":\"2026-04-10T16:32:34+00:00\",\"description\":\"Sanftes Reinigungsprodukt mit Urea & Kamille \u2013 entfernt Make-up, beruhigt die Haut und spendet Feuchtigkeit. F\u00fcr Gesicht, K\u00f6rper & Enthaarungsvorbereitung geeignet.\",\"breadcrumb\":{\"@id\":\"https:\\\/\\\/www.pure-beauty.shop\\\/produkt\\\/pandhys-purifying-calming-lotion-500-ml\\\/#breadcrumb\"},\"inLanguage\":\"en-GB\",\"potentialAction\":[{\"@type\":\"ReadAction\",\"target\":[\"https:\\\/\\\/www.pure-beauty.shop\\\/produkt\\\/pandhys-purifying-calming-lotion-500-ml\\\/\"]}]},{\"@type\":\"ImageObject\",\"inLanguage\":\"en-GB\",\"@id\":\"https:\\\/\\\/www.pure-beauty.shop\\\/produkt\\\/pandhys-purifying-calming-lotion-500-ml\\\/#primaryimage\",\"url\":\"https:\\\/\\\/www.pure-beauty.shop\\\/wp-content\\\/uploads\\\/2026\\\/04\\\/Online-Shop-Bilder-11.png\",\"contentUrl\":\"https:\\\/\\\/www.pure-beauty.shop\\\/wp-content\\\/uploads\\\/2026\\\/04\\\/Online-Shop-Bilder-11.png\",\"width\":1400,\"height\":1400},{\"@type\":\"BreadcrumbList\",\"@id\":\"https:\\\/\\\/www.pure-beauty.shop\\\/produkt\\\/pandhys-purifying-calming-lotion-500-ml\\\/#breadcrumb\",\"itemListElement\":[{\"@type\":\"ListItem\",\"position\":1,\"name\":\"Startseite\",\"item\":\"https:\\\/\\\/www.pure-beauty.shop\\\/\"},{\"@type\":\"ListItem\",\"position\":2,\"name\":\"Shop\",\"item\":\"https:\\\/\\\/www.pure-beauty.shop\\\/en\\\/shop\\\/\"},{\"@type\":\"ListItem\",\"position\":3,\"name\":\"PANDHY&#8217;S\u2122 Purifying &#038; Calming Lotion\"}]},{\"@type\":\"WebSite\",\"@id\":\"https:\\\/\\\/www.pure-beauty.shop\\\/#website\",\"url\":\"https:\\\/\\\/www.pure-beauty.shop\\\/\",\"name\":\"Pure Beauty & PANDHY'S Shop\",\"description\":\"Kosmetikshop in Graz\",\"publisher\":{\"@id\":\"https:\\\/\\\/www.pure-beauty.shop\\\/#organization\"},\"potentialAction\":[{\"@type\":\"SearchAction\",\"target\":{\"@type\":\"EntryPoint\",\"urlTemplate\":\"https:\\\/\\\/www.pure-beauty.shop\\\/?s={search_term_string}\"},\"query-input\":{\"@type\":\"PropertyValueSpecification\",\"valueRequired\":true,\"valueName\":\"search_term_string\"}}],\"inLanguage\":\"en-GB\"},{\"@type\":\"Organization\",\"@id\":\"https:\\\/\\\/www.pure-beauty.shop\\\/#organization\",\"name\":\"Pure Beauty & PANDHY'S Shop\",\"url\":\"https:\\\/\\\/www.pure-beauty.shop\\\/\",\"logo\":{\"@type\":\"ImageObject\",\"inLanguage\":\"en-GB\",\"@id\":\"https:\\\/\\\/www.pure-beauty.shop\\\/#\\\/schema\\\/logo\\\/image\\\/\",\"url\":\"https:\\\/\\\/www.pure-beauty.shop\\\/wp-content\\\/uploads\\\/2026\\\/04\\\/pb_black-scaled.png\",\"contentUrl\":\"https:\\\/\\\/www.pure-beauty.shop\\\/wp-content\\\/uploads\\\/2026\\\/04\\\/pb_black-scaled.png\",\"width\":2560,\"height\":2560,\"caption\":\"Pure Beauty & PANDHY'S Shop\"},\"image\":{\"@id\":\"https:\\\/\\\/www.pure-beauty.shop\\\/#\\\/schema\\\/logo\\\/image\\\/\"},\"sameAs\":[\"https:\\\/\\\/www.facebook.com\\\/purebeautygraz\",\"https:\\\/\\\/www.instragram.com\\\/pure_beauty_graz\"]}]}<\/script>\n<!-- \/ Yoast SEO plugin. -->","yoast_head_json":{"title":"PANDHY'S\u2122 Purifying & Calming Lotion - Pure Beauty &amp; PANDHY&#039;S Shop","description":"Sanftes Reinigungsprodukt mit Urea & Kamille \u2013 entfernt Make-up, beruhigt die Haut und spendet Feuchtigkeit. F\u00fcr Gesicht, K\u00f6rper & Enthaarungsvorbereitung geeignet.","robots":{"index":"index","follow":"follow","max-snippet":"max-snippet:-1","max-image-preview":"max-image-preview:large","max-video-preview":"max-video-preview:-1"},"canonical":"https:\/\/www.pure-beauty.shop\/en\/product\/pandhys-purifying-calming-lotion-500-ml\/","og_locale":"en_GB","og_type":"article","og_title":"PANDHY'S\u2122 Purifying & Calming Lotion - Pure Beauty &amp; PANDHY&#039;S Shop","og_description":"Sanftes Reinigungsprodukt mit Urea & Kamille \u2013 entfernt Make-up, beruhigt die Haut und spendet Feuchtigkeit. F\u00fcr Gesicht, K\u00f6rper & Enthaarungsvorbereitung geeignet.","og_url":"https:\/\/www.pure-beauty.shop\/en\/product\/pandhys-purifying-calming-lotion-500-ml\/","og_site_name":"Pure Beauty &amp; PANDHY&#039;S Shop","article_publisher":"https:\/\/www.facebook.com\/purebeautygraz","article_modified_time":"2026-04-10T16:32:34+00:00","og_image":[{"width":1400,"height":1400,"url":"https:\/\/www.pure-beauty.shop\/wp-content\/uploads\/2026\/04\/Online-Shop-Bilder-11.png","type":"image\/png"}],"twitter_card":"summary_large_image","twitter_misc":{"Estimated reading time":"1 minute"},"schema":{"@context":"https:\/\/schema.org","@graph":[{"@type":"WebPage","@id":"https:\/\/www.pure-beauty.shop\/produkt\/pandhys-purifying-calming-lotion-500-ml\/","url":"https:\/\/www.pure-beauty.shop\/produkt\/pandhys-purifying-calming-lotion-500-ml\/","name":"PANDHY'S\u2122 Purifying & Calming Lotion - Pure Beauty &amp; PANDHY&#039;S Shop","isPartOf":{"@id":"https:\/\/www.pure-beauty.shop\/#website"},"primaryImageOfPage":{"@id":"https:\/\/www.pure-beauty.shop\/produkt\/pandhys-purifying-calming-lotion-500-ml\/#primaryimage"},"image":{"@id":"https:\/\/www.pure-beauty.shop\/produkt\/pandhys-purifying-calming-lotion-500-ml\/#primaryimage"},"thumbnailUrl":"https:\/\/www.pure-beauty.shop\/wp-content\/uploads\/2026\/04\/Online-Shop-Bilder-11.png","datePublished":"2020-10-23T10:23:23+00:00","dateModified":"2026-04-10T16:32:34+00:00","description":"Sanftes Reinigungsprodukt mit Urea & Kamille \u2013 entfernt Make-up, beruhigt die Haut und spendet Feuchtigkeit. F\u00fcr Gesicht, K\u00f6rper & Enthaarungsvorbereitung geeignet.","breadcrumb":{"@id":"https:\/\/www.pure-beauty.shop\/produkt\/pandhys-purifying-calming-lotion-500-ml\/#breadcrumb"},"inLanguage":"en-GB","potentialAction":[{"@type":"ReadAction","target":["https:\/\/www.pure-beauty.shop\/produkt\/pandhys-purifying-calming-lotion-500-ml\/"]}]},{"@type":"ImageObject","inLanguage":"en-GB","@id":"https:\/\/www.pure-beauty.shop\/produkt\/pandhys-purifying-calming-lotion-500-ml\/#primaryimage","url":"https:\/\/www.pure-beauty.shop\/wp-content\/uploads\/2026\/04\/Online-Shop-Bilder-11.png","contentUrl":"https:\/\/www.pure-beauty.shop\/wp-content\/uploads\/2026\/04\/Online-Shop-Bilder-11.png","width":1400,"height":1400},{"@type":"BreadcrumbList","@id":"https:\/\/www.pure-beauty.shop\/produkt\/pandhys-purifying-calming-lotion-500-ml\/#breadcrumb","itemListElement":[{"@type":"ListItem","position":1,"name":"Startseite","item":"https:\/\/www.pure-beauty.shop\/"},{"@type":"ListItem","position":2,"name":"Shop","item":"https:\/\/www.pure-beauty.shop\/en\/shop\/"},{"@type":"ListItem","position":3,"name":"PANDHY&#8217;S\u2122 Purifying &#038; Calming Lotion"}]},{"@type":"WebSite","@id":"https:\/\/www.pure-beauty.shop\/#website","url":"https:\/\/www.pure-beauty.shop\/","name":"Pure Beauty & PANDHY'S Shop","description":"Kosmetikshop in Graz","publisher":{"@id":"https:\/\/www.pure-beauty.shop\/#organization"},"potentialAction":[{"@type":"SearchAction","target":{"@type":"EntryPoint","urlTemplate":"https:\/\/www.pure-beauty.shop\/?s={search_term_string}"},"query-input":{"@type":"PropertyValueSpecification","valueRequired":true,"valueName":"search_term_string"}}],"inLanguage":"en-GB"},{"@type":"Organization","@id":"https:\/\/www.pure-beauty.shop\/#organization","name":"Pure Beauty & PANDHY'S Shop","url":"https:\/\/www.pure-beauty.shop\/","logo":{"@type":"ImageObject","inLanguage":"en-GB","@id":"https:\/\/www.pure-beauty.shop\/#\/schema\/logo\/image\/","url":"https:\/\/www.pure-beauty.shop\/wp-content\/uploads\/2026\/04\/pb_black-scaled.png","contentUrl":"https:\/\/www.pure-beauty.shop\/wp-content\/uploads\/2026\/04\/pb_black-scaled.png","width":2560,"height":2560,"caption":"Pure Beauty & PANDHY'S Shop"},"image":{"@id":"https:\/\/www.pure-beauty.shop\/#\/schema\/logo\/image\/"},"sameAs":["https:\/\/www.facebook.com\/purebeautygraz","https:\/\/www.instragram.com\/pure_beauty_graz"]}]}},"jetpack_sharing_enabled":true,"_links":{"self":[{"href":"https:\/\/www.pure-beauty.shop\/en\/wp-json\/wp\/v2\/product\/17155","targetHints":{"allow":["GET"]}}],"collection":[{"href":"https:\/\/www.pure-beauty.shop\/en\/wp-json\/wp\/v2\/product"}],"about":[{"href":"https:\/\/www.pure-beauty.shop\/en\/wp-json\/wp\/v2\/types\/product"}],"replies":[{"embeddable":true,"href":"https:\/\/www.pure-beauty.shop\/en\/wp-json\/wp\/v2\/comments?post=17155"}],"wp:featuredmedia":[{"embeddable":true,"href":"https:\/\/www.pure-beauty.shop\/en\/wp-json\/wp\/v2\/media\/20990"}],"wp:attachment":[{"href":"https:\/\/www.pure-beauty.shop\/en\/wp-json\/wp\/v2\/media?parent=17155"}],"wp:term":[{"taxonomy":"brand","embeddable":true,"href":"https:\/\/www.pure-beauty.shop\/en\/wp-json\/wp\/v2\/etheme_brands?post=17155"},{"taxonomy":"product_brand","embeddable":true,"href":"https:\/\/www.pure-beauty.shop\/en\/wp-json\/wp\/v2\/product_brand?post=17155"},{"taxonomy":"product_cat","embeddable":true,"href":"https:\/\/www.pure-beauty.shop\/en\/wp-json\/wp\/v2\/product_cat?post=17155"},{"taxonomy":"product_tag","embeddable":true,"href":"https:\/\/www.pure-beauty.shop\/en\/wp-json\/wp\/v2\/product_tag?post=17155"}],"curies":[{"name":"wp","href":"https:\/\/api.w.org\/{rel}","templated":true}]}}