{"id":17166,"date":"2020-10-23T12:23:25","date_gmt":"2020-10-23T10:23:25","guid":{"rendered":"https:\/\/www.pure-beauty.shop\/pure-beauty-shop\/produkt\/pandhys-acv-cure-lotion-150-ml\/"},"modified":"2026-04-19T17:59:14","modified_gmt":"2026-04-19T15:59:14","slug":"acv-cure-lotion","status":"publish","type":"product","link":"https:\/\/www.pure-beauty.shop\/en\/product\/acv-cure-lotion\/","title":{"rendered":"PANDHY\u2019S\u2122 ACV Cure Lotion (500 ml)"},"content":{"rendered":"<div class=\"wpb-content-wrapper\"><div class=\"vc_row wpb_row vc_row-fluid et_custom_uniqid_69f51173967ab\"><div class=\"wpb_column vc_column_container vc_col-sm-12 et_custom_uniqid_69f5117396788\"><div class=\"vc_column-inner\"><div class=\"wpb_wrapper\">\n\t<div class=\"wpb_text_column wpb_content_element\" >\n\t\t<div class=\"wpb_wrapper\">\n\t\t\t<p data-start=\"79\" data-end=\"324\">Die Universal-Lotion basiert auf dem bew\u00e4hrten Naturwirkstoff Apfelessig, der den Hautstoffwechsel aktiviert und die nat\u00fcrliche Immunabwehr st\u00e4rkt. Sie eignet sich ideal f\u00fcr die Pflege von Problemhaut, insbesondere bei Akne und Seborrhoea Sicca.<\/p>\n<p data-start=\"326\" data-end=\"634\">Die Formulierung wirkt k\u00fchlend, abschwellend und entz\u00fcndungshemmend und sorgt f\u00fcr eine schnelle Beruhigung der Haut. Gleichzeitig besitzt die Lotion stark adstringierende, wundheilf\u00f6rdernde und schmerzlindernde Eigenschaften, wodurch sie sich hervorragend als Nachbehandlung nach der Zuckerdepilation eignet.<\/p>\n<p data-start=\"636\" data-end=\"871\">Erg\u00e4nzt wird die Wirkung durch Panthenol, aktive Vitamine E und A sowie essentielle Fetts\u00e4uren aus Oliven- und Sonnenblumen\u00f6l. Diese unterst\u00fctzen die Hautregeneration, pflegen intensiv und f\u00f6rdern ein gesundes, ausgeglichenes Hautbild.<\/p>\n<h6>INCI: aqua, vinegar (apple cider vinegar), glycerin, glyceryl stearate SE, urea, cocos nucifera (coconut) oil, gluconolactone, cetyl alcohol, stearyl alcohol, stearic acid, olea europaea (olive) fruit oil, helianthus annuus (sunflower) seed oil, isopropyl palmitate, tapioca starch, vitis vinifera (grape) seed oil, sodium benzoate, sucrose stearate, panthenol, silver citrate, citric acid, tocopherol, menthol, picea abies (norway spruce ) leaf oil, citrus limon (lemon) peel oil, calcium gluconate, limonene, citral<\/h6>\n\n\t\t<\/div>\n\t<\/div>\n<\/div><\/div><\/div><\/div>\n<\/div>","protected":false},"excerpt":{"rendered":"<p data-start=\"898\" data-end=\"964\">ACV Lotion \u2013 beruhigt, regeneriert und st\u00e4rkt problematische Haut.<\/p>","protected":false},"featured_media":21038,"comment_status":"open","ping_status":"closed","template":"","meta":{"jetpack_post_was_ever_published":false},"etheme_brands":[{"term_id":203,"name":"PANDHY'S\u2122","slug":"pandhys","term_group":0,"term_taxonomy_id":203,"taxonomy":"brand","description":"","parent":0,"count":68,"filter":"raw"}],"product_brand":[],"product_cat":[172,178,173,190,544,170,541],"product_tag":[],"class_list":{"0":"post-17166","1":"product","2":"type-product","3":"status-publish","4":"has-post-thumbnail","6":"brand-pandhys","7":"product_cat-gesicht","8":"product_cat-gesichtscreme","9":"product_cat-koerper","10":"product_cat-koerperpflege","11":"product_cat-nachbehandlungen","12":"product_cat-pflege","13":"product_cat-sugaring","15":"first","16":"instock","17":"taxable","18":"shipping-taxable","19":"purchasable","20":"product-type-simple"},"yoast_head":"<!-- This site is optimized with the Yoast SEO plugin v27.5 - https:\/\/yoast.com\/product\/yoast-seo-wordpress\/ -->\n<title>PANDHY\u2019S\u2122 ACV Cure Lotion (500 ml) - Pure Beauty &amp; PANDHY&#039;S Shop<\/title>\n<meta name=\"description\" content=\"ACV Lotion mit Apfelessig \u2013 bei Akne &amp; gereizter Haut. Beruhigt, wirkt entz\u00fcndungshemmend und ideal als Nachpflege nach Zuckerdepilation.\" \/>\n<meta name=\"robots\" content=\"index, follow, max-snippet:-1, max-image-preview:large, max-video-preview:-1\" \/>\n<link rel=\"canonical\" href=\"https:\/\/www.pure-beauty.shop\/en\/product\/acv-cure-lotion\/\" \/>\n<meta property=\"og:locale\" content=\"en_GB\" \/>\n<meta property=\"og:type\" content=\"article\" \/>\n<meta property=\"og:title\" content=\"PANDHY\u2019S\u2122 ACV Cure Lotion (500 ml) - Pure Beauty &amp; PANDHY&#039;S Shop\" \/>\n<meta property=\"og:description\" content=\"ACV Lotion mit Apfelessig \u2013 bei Akne &amp; gereizter Haut. Beruhigt, wirkt entz\u00fcndungshemmend und ideal als Nachpflege nach Zuckerdepilation.\" \/>\n<meta property=\"og:url\" content=\"https:\/\/www.pure-beauty.shop\/en\/product\/acv-cure-lotion\/\" \/>\n<meta property=\"og:site_name\" content=\"Pure Beauty &amp; PANDHY&#039;S Shop\" \/>\n<meta property=\"article:publisher\" content=\"https:\/\/www.facebook.com\/purebeautygraz\" \/>\n<meta property=\"article:modified_time\" content=\"2026-04-19T15:59:14+00:00\" \/>\n<meta property=\"og:image\" content=\"https:\/\/www.pure-beauty.shop\/wp-content\/uploads\/2020\/10\/img_8621.jpeg\" \/>\n\t<meta property=\"og:image:width\" content=\"1520\" \/>\n\t<meta property=\"og:image:height\" content=\"1520\" \/>\n\t<meta property=\"og:image:type\" content=\"image\/jpeg\" \/>\n<meta name=\"twitter:card\" content=\"summary_large_image\" \/>\n<meta name=\"twitter:label1\" content=\"Estimated reading time\" \/>\n\t<meta name=\"twitter:data1\" content=\"1 minute\" \/>\n<script type=\"application\/ld+json\" class=\"yoast-schema-graph\">{\"@context\":\"https:\\\/\\\/schema.org\",\"@graph\":[{\"@type\":\"WebPage\",\"@id\":\"https:\\\/\\\/www.pure-beauty.shop\\\/produkt\\\/acv-cure-lotion\\\/\",\"url\":\"https:\\\/\\\/www.pure-beauty.shop\\\/produkt\\\/acv-cure-lotion\\\/\",\"name\":\"PANDHY\u2019S\u2122 ACV Cure Lotion (500 ml) - Pure Beauty &amp; PANDHY&#039;S Shop\",\"isPartOf\":{\"@id\":\"https:\\\/\\\/www.pure-beauty.shop\\\/#website\"},\"primaryImageOfPage\":{\"@id\":\"https:\\\/\\\/www.pure-beauty.shop\\\/produkt\\\/acv-cure-lotion\\\/#primaryimage\"},\"image\":{\"@id\":\"https:\\\/\\\/www.pure-beauty.shop\\\/produkt\\\/acv-cure-lotion\\\/#primaryimage\"},\"thumbnailUrl\":\"https:\\\/\\\/www.pure-beauty.shop\\\/wp-content\\\/uploads\\\/2020\\\/10\\\/img_8621.jpeg\",\"datePublished\":\"2020-10-23T10:23:25+00:00\",\"dateModified\":\"2026-04-19T15:59:14+00:00\",\"description\":\"ACV Lotion mit Apfelessig \u2013 bei Akne & gereizter Haut. Beruhigt, wirkt entz\u00fcndungshemmend und ideal als Nachpflege nach Zuckerdepilation.\",\"breadcrumb\":{\"@id\":\"https:\\\/\\\/www.pure-beauty.shop\\\/produkt\\\/acv-cure-lotion\\\/#breadcrumb\"},\"inLanguage\":\"en-GB\",\"potentialAction\":[{\"@type\":\"ReadAction\",\"target\":[\"https:\\\/\\\/www.pure-beauty.shop\\\/produkt\\\/acv-cure-lotion\\\/\"]}]},{\"@type\":\"ImageObject\",\"inLanguage\":\"en-GB\",\"@id\":\"https:\\\/\\\/www.pure-beauty.shop\\\/produkt\\\/acv-cure-lotion\\\/#primaryimage\",\"url\":\"https:\\\/\\\/www.pure-beauty.shop\\\/wp-content\\\/uploads\\\/2020\\\/10\\\/img_8621.jpeg\",\"contentUrl\":\"https:\\\/\\\/www.pure-beauty.shop\\\/wp-content\\\/uploads\\\/2020\\\/10\\\/img_8621.jpeg\",\"width\":1520,\"height\":1520},{\"@type\":\"BreadcrumbList\",\"@id\":\"https:\\\/\\\/www.pure-beauty.shop\\\/produkt\\\/acv-cure-lotion\\\/#breadcrumb\",\"itemListElement\":[{\"@type\":\"ListItem\",\"position\":1,\"name\":\"Startseite\",\"item\":\"https:\\\/\\\/www.pure-beauty.shop\\\/\"},{\"@type\":\"ListItem\",\"position\":2,\"name\":\"Shop\",\"item\":\"https:\\\/\\\/www.pure-beauty.shop\\\/en\\\/shop\\\/\"},{\"@type\":\"ListItem\",\"position\":3,\"name\":\"PANDHY\u2019S\u2122 ACV Cure Lotion (500 ml)\"}]},{\"@type\":\"WebSite\",\"@id\":\"https:\\\/\\\/www.pure-beauty.shop\\\/#website\",\"url\":\"https:\\\/\\\/www.pure-beauty.shop\\\/\",\"name\":\"Pure Beauty & PANDHY'S Shop\",\"description\":\"Kosmetikshop in Graz\",\"publisher\":{\"@id\":\"https:\\\/\\\/www.pure-beauty.shop\\\/#organization\"},\"potentialAction\":[{\"@type\":\"SearchAction\",\"target\":{\"@type\":\"EntryPoint\",\"urlTemplate\":\"https:\\\/\\\/www.pure-beauty.shop\\\/?s={search_term_string}\"},\"query-input\":{\"@type\":\"PropertyValueSpecification\",\"valueRequired\":true,\"valueName\":\"search_term_string\"}}],\"inLanguage\":\"en-GB\"},{\"@type\":\"Organization\",\"@id\":\"https:\\\/\\\/www.pure-beauty.shop\\\/#organization\",\"name\":\"Pure Beauty & PANDHY'S Shop\",\"url\":\"https:\\\/\\\/www.pure-beauty.shop\\\/\",\"logo\":{\"@type\":\"ImageObject\",\"inLanguage\":\"en-GB\",\"@id\":\"https:\\\/\\\/www.pure-beauty.shop\\\/#\\\/schema\\\/logo\\\/image\\\/\",\"url\":\"https:\\\/\\\/www.pure-beauty.shop\\\/wp-content\\\/uploads\\\/2026\\\/04\\\/pb_black-scaled.png\",\"contentUrl\":\"https:\\\/\\\/www.pure-beauty.shop\\\/wp-content\\\/uploads\\\/2026\\\/04\\\/pb_black-scaled.png\",\"width\":2560,\"height\":2560,\"caption\":\"Pure Beauty & PANDHY'S Shop\"},\"image\":{\"@id\":\"https:\\\/\\\/www.pure-beauty.shop\\\/#\\\/schema\\\/logo\\\/image\\\/\"},\"sameAs\":[\"https:\\\/\\\/www.facebook.com\\\/purebeautygraz\",\"https:\\\/\\\/www.instragram.com\\\/pure_beauty_graz\"]}]}<\/script>\n<!-- \/ Yoast SEO plugin. -->","yoast_head_json":{"title":"PANDHY\u2019S\u2122 ACV Cure Lotion (500 ml) - Pure Beauty &amp; PANDHY&#039;S Shop","description":"ACV Lotion mit Apfelessig \u2013 bei Akne & gereizter Haut. Beruhigt, wirkt entz\u00fcndungshemmend und ideal als Nachpflege nach Zuckerdepilation.","robots":{"index":"index","follow":"follow","max-snippet":"max-snippet:-1","max-image-preview":"max-image-preview:large","max-video-preview":"max-video-preview:-1"},"canonical":"https:\/\/www.pure-beauty.shop\/en\/product\/acv-cure-lotion\/","og_locale":"en_GB","og_type":"article","og_title":"PANDHY\u2019S\u2122 ACV Cure Lotion (500 ml) - Pure Beauty &amp; PANDHY&#039;S Shop","og_description":"ACV Lotion mit Apfelessig \u2013 bei Akne & gereizter Haut. Beruhigt, wirkt entz\u00fcndungshemmend und ideal als Nachpflege nach Zuckerdepilation.","og_url":"https:\/\/www.pure-beauty.shop\/en\/product\/acv-cure-lotion\/","og_site_name":"Pure Beauty &amp; PANDHY&#039;S Shop","article_publisher":"https:\/\/www.facebook.com\/purebeautygraz","article_modified_time":"2026-04-19T15:59:14+00:00","og_image":[{"width":1520,"height":1520,"url":"https:\/\/www.pure-beauty.shop\/wp-content\/uploads\/2020\/10\/img_8621.jpeg","type":"image\/jpeg"}],"twitter_card":"summary_large_image","twitter_misc":{"Estimated reading time":"1 minute"},"schema":{"@context":"https:\/\/schema.org","@graph":[{"@type":"WebPage","@id":"https:\/\/www.pure-beauty.shop\/produkt\/acv-cure-lotion\/","url":"https:\/\/www.pure-beauty.shop\/produkt\/acv-cure-lotion\/","name":"PANDHY\u2019S\u2122 ACV Cure Lotion (500 ml) - Pure Beauty &amp; PANDHY&#039;S Shop","isPartOf":{"@id":"https:\/\/www.pure-beauty.shop\/#website"},"primaryImageOfPage":{"@id":"https:\/\/www.pure-beauty.shop\/produkt\/acv-cure-lotion\/#primaryimage"},"image":{"@id":"https:\/\/www.pure-beauty.shop\/produkt\/acv-cure-lotion\/#primaryimage"},"thumbnailUrl":"https:\/\/www.pure-beauty.shop\/wp-content\/uploads\/2020\/10\/img_8621.jpeg","datePublished":"2020-10-23T10:23:25+00:00","dateModified":"2026-04-19T15:59:14+00:00","description":"ACV Lotion mit Apfelessig \u2013 bei Akne & gereizter Haut. Beruhigt, wirkt entz\u00fcndungshemmend und ideal als Nachpflege nach Zuckerdepilation.","breadcrumb":{"@id":"https:\/\/www.pure-beauty.shop\/produkt\/acv-cure-lotion\/#breadcrumb"},"inLanguage":"en-GB","potentialAction":[{"@type":"ReadAction","target":["https:\/\/www.pure-beauty.shop\/produkt\/acv-cure-lotion\/"]}]},{"@type":"ImageObject","inLanguage":"en-GB","@id":"https:\/\/www.pure-beauty.shop\/produkt\/acv-cure-lotion\/#primaryimage","url":"https:\/\/www.pure-beauty.shop\/wp-content\/uploads\/2020\/10\/img_8621.jpeg","contentUrl":"https:\/\/www.pure-beauty.shop\/wp-content\/uploads\/2020\/10\/img_8621.jpeg","width":1520,"height":1520},{"@type":"BreadcrumbList","@id":"https:\/\/www.pure-beauty.shop\/produkt\/acv-cure-lotion\/#breadcrumb","itemListElement":[{"@type":"ListItem","position":1,"name":"Startseite","item":"https:\/\/www.pure-beauty.shop\/"},{"@type":"ListItem","position":2,"name":"Shop","item":"https:\/\/www.pure-beauty.shop\/en\/shop\/"},{"@type":"ListItem","position":3,"name":"PANDHY\u2019S\u2122 ACV Cure Lotion (500 ml)"}]},{"@type":"WebSite","@id":"https:\/\/www.pure-beauty.shop\/#website","url":"https:\/\/www.pure-beauty.shop\/","name":"Pure Beauty & PANDHY'S Shop","description":"Kosmetikshop in Graz","publisher":{"@id":"https:\/\/www.pure-beauty.shop\/#organization"},"potentialAction":[{"@type":"SearchAction","target":{"@type":"EntryPoint","urlTemplate":"https:\/\/www.pure-beauty.shop\/?s={search_term_string}"},"query-input":{"@type":"PropertyValueSpecification","valueRequired":true,"valueName":"search_term_string"}}],"inLanguage":"en-GB"},{"@type":"Organization","@id":"https:\/\/www.pure-beauty.shop\/#organization","name":"Pure Beauty & PANDHY'S Shop","url":"https:\/\/www.pure-beauty.shop\/","logo":{"@type":"ImageObject","inLanguage":"en-GB","@id":"https:\/\/www.pure-beauty.shop\/#\/schema\/logo\/image\/","url":"https:\/\/www.pure-beauty.shop\/wp-content\/uploads\/2026\/04\/pb_black-scaled.png","contentUrl":"https:\/\/www.pure-beauty.shop\/wp-content\/uploads\/2026\/04\/pb_black-scaled.png","width":2560,"height":2560,"caption":"Pure Beauty & PANDHY'S Shop"},"image":{"@id":"https:\/\/www.pure-beauty.shop\/#\/schema\/logo\/image\/"},"sameAs":["https:\/\/www.facebook.com\/purebeautygraz","https:\/\/www.instragram.com\/pure_beauty_graz"]}]}},"jetpack_sharing_enabled":true,"_links":{"self":[{"href":"https:\/\/www.pure-beauty.shop\/en\/wp-json\/wp\/v2\/product\/17166","targetHints":{"allow":["GET"]}}],"collection":[{"href":"https:\/\/www.pure-beauty.shop\/en\/wp-json\/wp\/v2\/product"}],"about":[{"href":"https:\/\/www.pure-beauty.shop\/en\/wp-json\/wp\/v2\/types\/product"}],"replies":[{"embeddable":true,"href":"https:\/\/www.pure-beauty.shop\/en\/wp-json\/wp\/v2\/comments?post=17166"}],"wp:featuredmedia":[{"embeddable":true,"href":"https:\/\/www.pure-beauty.shop\/en\/wp-json\/wp\/v2\/media\/21038"}],"wp:attachment":[{"href":"https:\/\/www.pure-beauty.shop\/en\/wp-json\/wp\/v2\/media?parent=17166"}],"wp:term":[{"taxonomy":"brand","embeddable":true,"href":"https:\/\/www.pure-beauty.shop\/en\/wp-json\/wp\/v2\/etheme_brands?post=17166"},{"taxonomy":"product_brand","embeddable":true,"href":"https:\/\/www.pure-beauty.shop\/en\/wp-json\/wp\/v2\/product_brand?post=17166"},{"taxonomy":"product_cat","embeddable":true,"href":"https:\/\/www.pure-beauty.shop\/en\/wp-json\/wp\/v2\/product_cat?post=17166"},{"taxonomy":"product_tag","embeddable":true,"href":"https:\/\/www.pure-beauty.shop\/en\/wp-json\/wp\/v2\/product_tag?post=17166"}],"curies":[{"name":"wp","href":"https:\/\/api.w.org\/{rel}","templated":true}]}}