{"id":17193,"date":"2020-10-23T12:23:39","date_gmt":"2020-10-23T10:23:39","guid":{"rendered":"https:\/\/www.pure-beauty.shop\/pure-beauty-shop\/?post_type=product&#038;p=17193"},"modified":"2026-04-20T00:47:12","modified_gmt":"2026-04-19T22:47:12","slug":"juvenalis-oil","status":"publish","type":"product","link":"https:\/\/www.pure-beauty.shop\/en\/product\/juvenalis-oil\/","title":{"rendered":"PANDHY\u2019S\u2122 Juvenalis S.O.S. Oil Blend (6 ml)"},"content":{"rendered":"<div class=\"wpb-content-wrapper\"><div class=\"vc_row wpb_row vc_row-fluid et_custom_uniqid_69f231e24d9ec\"><div class=\"wpb_column vc_column_container vc_col-sm-12 et_custom_uniqid_69f231e24d9c6\"><div class=\"vc_column-inner\"><div class=\"wpb_wrapper\">\n\t<div class=\"wpb_text_column wpb_content_element\" >\n\t\t<div class=\"wpb_wrapper\">\n\t\t\t<p>Alle wichtigen hautverj\u00fcngenden Wirkstoffen sind in dieser \u00d6lmischung vereint. JUVENALIS steht f\u00fcr Verj\u00fcngen.<\/p>\n<p>Argan\u00f6l wirkt regenerations- und heilungsf\u00f6rdernd, optimiert den Feuchtigkeitsgehalt der Haut, verlangsamt die Hautalterung und f\u00f6rdert die Elastizit\u00e4t.\u00a0Traubenkern\u00f6l strafft die Haut, regeneriert die Kollagenfasern und ist reich an Vitaminen und unges\u00e4ttigten Fetts\u00e4uren.<br \/>\nGranatapfelkern\u00f6l ist unglaublich reich an Anti-Oxidantien<\/p>\n<p>Tipp: Genie\u00dfen Sie eine intensiv verj\u00fcngende Packung: Mischen Sie Massagezucker mit Georgikon MUD im gleichen Verh\u00e4ltnis und geben Sie eine Ampulle JUVENALIS \u00d6L dazu. Tragen Sie die Mischung auf Gesicht, Hals und Dekolletee auf. Bereits nach 15 Minuten sp\u00fcren Sie einen deutlichen Energieschub in Ihrer Haut. Die Haut wird gegl\u00e4ttet, erfrischt und f\u00fchlt sich prall an. Anschlie\u00dfend abwaschen und Ihre gewohnte Pflege auftragen.<\/p>\n<h6>INCI: argania spinosa kernel oil, vitis vinifera (grape) seed oil, punica granatum (pomegranate) seed oil, cananga odorata (ilang-ilang) flower oil, linalool, benzyl benzoate, farnesol, benzyl alcohol<\/h6>\n\n\t\t<\/div>\n\t<\/div>\n<\/div><\/div><\/div><\/div>\n<\/div>","protected":false},"excerpt":{"rendered":"<p>\u00d6lmischung mit wichtigen hautverj\u00fcngenden Wirkstoffen<\/p>","protected":false},"featured_media":21225,"comment_status":"open","ping_status":"closed","template":"","meta":{"jetpack_post_was_ever_published":false},"etheme_brands":[{"term_id":203,"name":"PANDHY'S\u2122","slug":"pandhys","term_group":0,"term_taxonomy_id":203,"taxonomy":"brand","description":"","parent":0,"count":63,"filter":"raw"}],"product_brand":[],"product_cat":[172,173,170,194,180],"product_tag":[],"class_list":{"0":"post-17193","1":"product","2":"type-product","3":"status-publish","4":"has-post-thumbnail","6":"brand-pandhys","7":"product_cat-gesicht","8":"product_cat-koerper","9":"product_cat-pflege","10":"product_cat-spaspecials_koerper","11":"product_cat-spezialpflege","13":"first","14":"outofstock","15":"taxable","16":"shipping-taxable","17":"purchasable","18":"product-type-simple"},"yoast_head":"<!-- This site is optimized with the Yoast SEO plugin v27.5 - https:\/\/yoast.com\/product\/yoast-seo-wordpress\/ -->\n<title>PANDHY\u2019S\u2122 Juvenalis S.O.S. Oil Blend (6 ml) - Pure Beauty &amp; PANDHY&#039;S Shop<\/title>\n<meta name=\"description\" content=\"Alle wichtigen hautverj\u00fcngenden Wirkstoffen sind in dieser \u00d6lmischung vereint. JUVENALIS steht f\u00fcr Verj\u00fcngen.\u00a0\" \/>\n<meta name=\"robots\" content=\"index, follow, max-snippet:-1, max-image-preview:large, max-video-preview:-1\" \/>\n<link rel=\"canonical\" href=\"https:\/\/www.pure-beauty.shop\/en\/product\/juvenalis-oil\/\" \/>\n<meta property=\"og:locale\" content=\"en_GB\" \/>\n<meta property=\"og:type\" content=\"article\" \/>\n<meta property=\"og:title\" content=\"PANDHY\u2019S\u2122 Juvenalis S.O.S. Oil Blend (6 ml) - Pure Beauty &amp; PANDHY&#039;S Shop\" \/>\n<meta property=\"og:description\" content=\"Alle wichtigen hautverj\u00fcngenden Wirkstoffen sind in dieser \u00d6lmischung vereint. JUVENALIS steht f\u00fcr Verj\u00fcngen.\u00a0\" \/>\n<meta property=\"og:url\" content=\"https:\/\/www.pure-beauty.shop\/en\/product\/juvenalis-oil\/\" \/>\n<meta property=\"og:site_name\" content=\"Pure Beauty &amp; PANDHY&#039;S Shop\" \/>\n<meta property=\"article:modified_time\" content=\"2026-04-19T22:47:12+00:00\" \/>\n<meta property=\"og:image\" content=\"https:\/\/www.pure-beauty.shop\/wp-content\/uploads\/2020\/10\/Online-Shop-Bilder-48.png\" \/>\n\t<meta property=\"og:image:width\" content=\"1400\" \/>\n\t<meta property=\"og:image:height\" content=\"1400\" \/>\n\t<meta property=\"og:image:type\" content=\"image\/png\" \/>\n<meta name=\"twitter:card\" content=\"summary_large_image\" \/>\n<meta name=\"twitter:label1\" content=\"Estimated reading time\" \/>\n\t<meta name=\"twitter:data1\" content=\"1 minute\" \/>\n<script type=\"application\/ld+json\" class=\"yoast-schema-graph\">{\"@context\":\"https:\\\/\\\/schema.org\",\"@graph\":[{\"@type\":\"WebPage\",\"@id\":\"https:\\\/\\\/www.pure-beauty.shop\\\/produkt\\\/juvenalis-oil\\\/\",\"url\":\"https:\\\/\\\/www.pure-beauty.shop\\\/produkt\\\/juvenalis-oil\\\/\",\"name\":\"PANDHY\u2019S\u2122 Juvenalis S.O.S. Oil Blend (6 ml) - Pure Beauty &amp; PANDHY&#039;S Shop\",\"isPartOf\":{\"@id\":\"https:\\\/\\\/www.pure-beauty.shop\\\/#website\"},\"primaryImageOfPage\":{\"@id\":\"https:\\\/\\\/www.pure-beauty.shop\\\/produkt\\\/juvenalis-oil\\\/#primaryimage\"},\"image\":{\"@id\":\"https:\\\/\\\/www.pure-beauty.shop\\\/produkt\\\/juvenalis-oil\\\/#primaryimage\"},\"thumbnailUrl\":\"https:\\\/\\\/www.pure-beauty.shop\\\/wp-content\\\/uploads\\\/2020\\\/10\\\/Online-Shop-Bilder-48.png\",\"datePublished\":\"2020-10-23T10:23:39+00:00\",\"dateModified\":\"2026-04-19T22:47:12+00:00\",\"description\":\"Alle wichtigen hautverj\u00fcngenden Wirkstoffen sind in dieser \u00d6lmischung vereint. JUVENALIS steht f\u00fcr Verj\u00fcngen.\u00a0\",\"breadcrumb\":{\"@id\":\"https:\\\/\\\/www.pure-beauty.shop\\\/produkt\\\/juvenalis-oil\\\/#breadcrumb\"},\"inLanguage\":\"en-GB\",\"potentialAction\":[{\"@type\":\"ReadAction\",\"target\":[\"https:\\\/\\\/www.pure-beauty.shop\\\/produkt\\\/juvenalis-oil\\\/\"]}]},{\"@type\":\"ImageObject\",\"inLanguage\":\"en-GB\",\"@id\":\"https:\\\/\\\/www.pure-beauty.shop\\\/produkt\\\/juvenalis-oil\\\/#primaryimage\",\"url\":\"https:\\\/\\\/www.pure-beauty.shop\\\/wp-content\\\/uploads\\\/2020\\\/10\\\/Online-Shop-Bilder-48.png\",\"contentUrl\":\"https:\\\/\\\/www.pure-beauty.shop\\\/wp-content\\\/uploads\\\/2020\\\/10\\\/Online-Shop-Bilder-48.png\",\"width\":1400,\"height\":1400},{\"@type\":\"BreadcrumbList\",\"@id\":\"https:\\\/\\\/www.pure-beauty.shop\\\/produkt\\\/juvenalis-oil\\\/#breadcrumb\",\"itemListElement\":[{\"@type\":\"ListItem\",\"position\":1,\"name\":\"Startseite\",\"item\":\"https:\\\/\\\/www.pure-beauty.shop\\\/\"},{\"@type\":\"ListItem\",\"position\":2,\"name\":\"Shop\",\"item\":\"https:\\\/\\\/www.pure-beauty.shop\\\/en\\\/shop\\\/\"},{\"@type\":\"ListItem\",\"position\":3,\"name\":\"PANDHY\u2019S\u2122 Juvenalis S.O.S. Oil Blend (6 ml)\"}]},{\"@type\":\"WebSite\",\"@id\":\"https:\\\/\\\/www.pure-beauty.shop\\\/#website\",\"url\":\"https:\\\/\\\/www.pure-beauty.shop\\\/\",\"name\":\"Pure Beauty &amp; PANDHY&#039;S Shop\",\"description\":\"Kosmetikshop in Graz\",\"potentialAction\":[{\"@type\":\"SearchAction\",\"target\":{\"@type\":\"EntryPoint\",\"urlTemplate\":\"https:\\\/\\\/www.pure-beauty.shop\\\/?s={search_term_string}\"},\"query-input\":{\"@type\":\"PropertyValueSpecification\",\"valueRequired\":true,\"valueName\":\"search_term_string\"}}],\"inLanguage\":\"en-GB\"}]}<\/script>\n<!-- \/ Yoast SEO plugin. -->","yoast_head_json":{"title":"PANDHY\u2019S\u2122 Juvenalis S.O.S. Oil Blend (6 ml) - Pure Beauty &amp; PANDHY&#039;S Shop","description":"Alle wichtigen hautverj\u00fcngenden Wirkstoffen sind in dieser \u00d6lmischung vereint. JUVENALIS steht f\u00fcr Verj\u00fcngen.\u00a0","robots":{"index":"index","follow":"follow","max-snippet":"max-snippet:-1","max-image-preview":"max-image-preview:large","max-video-preview":"max-video-preview:-1"},"canonical":"https:\/\/www.pure-beauty.shop\/en\/product\/juvenalis-oil\/","og_locale":"en_GB","og_type":"article","og_title":"PANDHY\u2019S\u2122 Juvenalis S.O.S. Oil Blend (6 ml) - Pure Beauty &amp; PANDHY&#039;S Shop","og_description":"Alle wichtigen hautverj\u00fcngenden Wirkstoffen sind in dieser \u00d6lmischung vereint. JUVENALIS steht f\u00fcr Verj\u00fcngen.\u00a0","og_url":"https:\/\/www.pure-beauty.shop\/en\/product\/juvenalis-oil\/","og_site_name":"Pure Beauty &amp; PANDHY&#039;S Shop","article_modified_time":"2026-04-19T22:47:12+00:00","og_image":[{"width":1400,"height":1400,"url":"https:\/\/www.pure-beauty.shop\/wp-content\/uploads\/2020\/10\/Online-Shop-Bilder-48.png","type":"image\/png"}],"twitter_card":"summary_large_image","twitter_misc":{"Estimated reading time":"1 minute"},"schema":{"@context":"https:\/\/schema.org","@graph":[{"@type":"WebPage","@id":"https:\/\/www.pure-beauty.shop\/produkt\/juvenalis-oil\/","url":"https:\/\/www.pure-beauty.shop\/produkt\/juvenalis-oil\/","name":"PANDHY\u2019S\u2122 Juvenalis S.O.S. Oil Blend (6 ml) - Pure Beauty &amp; PANDHY&#039;S Shop","isPartOf":{"@id":"https:\/\/www.pure-beauty.shop\/#website"},"primaryImageOfPage":{"@id":"https:\/\/www.pure-beauty.shop\/produkt\/juvenalis-oil\/#primaryimage"},"image":{"@id":"https:\/\/www.pure-beauty.shop\/produkt\/juvenalis-oil\/#primaryimage"},"thumbnailUrl":"https:\/\/www.pure-beauty.shop\/wp-content\/uploads\/2020\/10\/Online-Shop-Bilder-48.png","datePublished":"2020-10-23T10:23:39+00:00","dateModified":"2026-04-19T22:47:12+00:00","description":"Alle wichtigen hautverj\u00fcngenden Wirkstoffen sind in dieser \u00d6lmischung vereint. JUVENALIS steht f\u00fcr Verj\u00fcngen.\u00a0","breadcrumb":{"@id":"https:\/\/www.pure-beauty.shop\/produkt\/juvenalis-oil\/#breadcrumb"},"inLanguage":"en-GB","potentialAction":[{"@type":"ReadAction","target":["https:\/\/www.pure-beauty.shop\/produkt\/juvenalis-oil\/"]}]},{"@type":"ImageObject","inLanguage":"en-GB","@id":"https:\/\/www.pure-beauty.shop\/produkt\/juvenalis-oil\/#primaryimage","url":"https:\/\/www.pure-beauty.shop\/wp-content\/uploads\/2020\/10\/Online-Shop-Bilder-48.png","contentUrl":"https:\/\/www.pure-beauty.shop\/wp-content\/uploads\/2020\/10\/Online-Shop-Bilder-48.png","width":1400,"height":1400},{"@type":"BreadcrumbList","@id":"https:\/\/www.pure-beauty.shop\/produkt\/juvenalis-oil\/#breadcrumb","itemListElement":[{"@type":"ListItem","position":1,"name":"Startseite","item":"https:\/\/www.pure-beauty.shop\/"},{"@type":"ListItem","position":2,"name":"Shop","item":"https:\/\/www.pure-beauty.shop\/en\/shop\/"},{"@type":"ListItem","position":3,"name":"PANDHY\u2019S\u2122 Juvenalis S.O.S. Oil Blend (6 ml)"}]},{"@type":"WebSite","@id":"https:\/\/www.pure-beauty.shop\/#website","url":"https:\/\/www.pure-beauty.shop\/","name":"Pure Beauty &amp; PANDHY&#039;S Shop","description":"Kosmetikshop in Graz","potentialAction":[{"@type":"SearchAction","target":{"@type":"EntryPoint","urlTemplate":"https:\/\/www.pure-beauty.shop\/?s={search_term_string}"},"query-input":{"@type":"PropertyValueSpecification","valueRequired":true,"valueName":"search_term_string"}}],"inLanguage":"en-GB"}]}},"jetpack_sharing_enabled":true,"_links":{"self":[{"href":"https:\/\/www.pure-beauty.shop\/en\/wp-json\/wp\/v2\/product\/17193","targetHints":{"allow":["GET"]}}],"collection":[{"href":"https:\/\/www.pure-beauty.shop\/en\/wp-json\/wp\/v2\/product"}],"about":[{"href":"https:\/\/www.pure-beauty.shop\/en\/wp-json\/wp\/v2\/types\/product"}],"replies":[{"embeddable":true,"href":"https:\/\/www.pure-beauty.shop\/en\/wp-json\/wp\/v2\/comments?post=17193"}],"wp:featuredmedia":[{"embeddable":true,"href":"https:\/\/www.pure-beauty.shop\/en\/wp-json\/wp\/v2\/media\/21225"}],"wp:attachment":[{"href":"https:\/\/www.pure-beauty.shop\/en\/wp-json\/wp\/v2\/media?parent=17193"}],"wp:term":[{"taxonomy":"brand","embeddable":true,"href":"https:\/\/www.pure-beauty.shop\/en\/wp-json\/wp\/v2\/etheme_brands?post=17193"},{"taxonomy":"product_brand","embeddable":true,"href":"https:\/\/www.pure-beauty.shop\/en\/wp-json\/wp\/v2\/product_brand?post=17193"},{"taxonomy":"product_cat","embeddable":true,"href":"https:\/\/www.pure-beauty.shop\/en\/wp-json\/wp\/v2\/product_cat?post=17193"},{"taxonomy":"product_tag","embeddable":true,"href":"https:\/\/www.pure-beauty.shop\/en\/wp-json\/wp\/v2\/product_tag?post=17193"}],"curies":[{"name":"wp","href":"https:\/\/api.w.org\/{rel}","templated":true}]}}