{"id":17246,"date":"2020-10-23T12:24:05","date_gmt":"2020-10-23T10:24:05","guid":{"rendered":"https:\/\/www.pure-beauty.shop\/pure-beauty-shop\/produkt\/micellar-water-100ml\/"},"modified":"2026-04-10T17:48:34","modified_gmt":"2026-04-10T15:48:34","slug":"micellar-water","status":"publish","type":"product","link":"https:\/\/www.pure-beauty.shop\/en\/product\/micellar-water\/","title":{"rendered":"PANDHY\u2019S\u2122 Micellar Water (100 ml)"},"content":{"rendered":"<div class=\"wpb-content-wrapper\"><div class=\"vc_row wpb_row vc_row-fluid et_custom_uniqid_63b34b746118c mpc-row\">\n<div class=\"wpb_column vc_column_container vc_col-sm-12 et_custom_uniqid_63b34b746008a mpc-column\" data-column-id=\"mpc_column-6163b34b7d62291\">\n<div class=\"vc_column-inner\">\n<div class=\"wpb_wrapper\">\n<div class=\"wpb_text_column wpb_content_element\">\n<div class=\"wpb_wrapper\">\n<p>Leistungsstarke, fettfreie Abschminklotion f\u00fcr Gesicht und Augen. Die perfekte L\u00f6sung um Schmutz und andere Hautabsonderungen schnell, sanft und effektiv zu entfernen.<\/p>\n<p>Zusammensetzung: Aloe Vera-Gel und ein nat\u00fcrliches, innovatives Zuckerderivat<\/p>\n<p>Tipp: Durch die sanfte Entfettung ist das Mizellenwasser eine hervorragende, gr\u00fcndliche Reinigung der \u00f6ligen, unreinen Haut. Immer auf feuchten Wattepads verwenden! Aloe Vera in konzentrierten Mengen kann im Auge etwas brennen, deshalb mit Wasser gemischt die Augen abschminken.<\/p>\n<h6>INCI: aqua, aloe barbadensis leaf juice*, sucrose laurate, glycerin*, cellulose gum, sorbitol, sucrose dilaurate, sodium benzoate, potassium sorbate, sucrose trilaurate, citric acid<\/h6>\n<\/div>\n<\/div>\n<\/div>\n<\/div>\n<\/div>\n<\/div>\n<\/div>","protected":false},"excerpt":{"rendered":"<p data-start=\"1042\" data-end=\"1120\">Fettfreie Abschminklotion \u2013 sanfte, effektive Reinigung f\u00fcr Gesicht und Augen.<\/p>","protected":false},"featured_media":20977,"comment_status":"open","ping_status":"closed","template":"","meta":{"jetpack_post_was_ever_published":false},"etheme_brands":[{"term_id":203,"name":"PANDHY'S\u2122","slug":"pandhys","term_group":0,"term_taxonomy_id":203,"taxonomy":"brand","description":"","parent":0,"count":68,"filter":"raw"}],"product_brand":[],"product_cat":[172,170,174,180],"product_tag":[],"class_list":{"0":"post-17246","1":"product","2":"type-product","3":"status-publish","4":"has-post-thumbnail","6":"brand-pandhys","7":"product_cat-gesicht","8":"product_cat-pflege","9":"product_cat-reinigung","10":"product_cat-spezialpflege","12":"first","13":"instock","14":"taxable","15":"shipping-taxable","16":"purchasable","17":"product-type-simple"},"yoast_head":"<!-- This site is optimized with the Yoast SEO plugin v27.5 - https:\/\/yoast.com\/product\/yoast-seo-wordpress\/ -->\n<title>PANDHY\u2019S\u2122 Micellar Water (100 ml) - Pure Beauty &amp; PANDHY&#039;S Shop<\/title>\n<meta name=\"description\" content=\"Fettfreie Abschminklotion mit Aloe Vera \u2013 entfernt Make-up sanft und gr\u00fcndlich. Ideal f\u00fcr \u00f6lige und unreine Haut sowie die t\u00e4gliche Gesichtsreinigung.\" \/>\n<meta name=\"robots\" content=\"index, follow, max-snippet:-1, max-image-preview:large, max-video-preview:-1\" \/>\n<link rel=\"canonical\" href=\"https:\/\/www.pure-beauty.shop\/en\/product\/micellar-water\/\" \/>\n<meta property=\"og:locale\" content=\"en_GB\" \/>\n<meta property=\"og:type\" content=\"article\" \/>\n<meta property=\"og:title\" content=\"PANDHY\u2019S\u2122 Micellar Water (100 ml) - Pure Beauty &amp; PANDHY&#039;S Shop\" \/>\n<meta property=\"og:description\" content=\"Fettfreie Abschminklotion mit Aloe Vera \u2013 entfernt Make-up sanft und gr\u00fcndlich. Ideal f\u00fcr \u00f6lige und unreine Haut sowie die t\u00e4gliche Gesichtsreinigung.\" \/>\n<meta property=\"og:url\" content=\"https:\/\/www.pure-beauty.shop\/en\/product\/micellar-water\/\" \/>\n<meta property=\"og:site_name\" content=\"Pure Beauty &amp; PANDHY&#039;S Shop\" \/>\n<meta property=\"article:publisher\" content=\"https:\/\/www.facebook.com\/purebeautygraz\" \/>\n<meta property=\"article:modified_time\" content=\"2026-04-10T15:48:34+00:00\" \/>\n<meta property=\"og:image\" content=\"https:\/\/www.pure-beauty.shop\/wp-content\/uploads\/2020\/10\/Micellar_Water.jpg\" \/>\n\t<meta property=\"og:image:width\" content=\"2000\" \/>\n\t<meta property=\"og:image:height\" content=\"2000\" \/>\n\t<meta property=\"og:image:type\" content=\"image\/jpeg\" \/>\n<meta name=\"twitter:card\" content=\"summary_large_image\" \/>\n<script type=\"application\/ld+json\" class=\"yoast-schema-graph\">{\"@context\":\"https:\\\/\\\/schema.org\",\"@graph\":[{\"@type\":\"WebPage\",\"@id\":\"https:\\\/\\\/www.pure-beauty.shop\\\/produkt\\\/micellar-water\\\/\",\"url\":\"https:\\\/\\\/www.pure-beauty.shop\\\/produkt\\\/micellar-water\\\/\",\"name\":\"PANDHY\u2019S\u2122 Micellar Water (100 ml) - Pure Beauty &amp; PANDHY&#039;S Shop\",\"isPartOf\":{\"@id\":\"https:\\\/\\\/www.pure-beauty.shop\\\/#website\"},\"primaryImageOfPage\":{\"@id\":\"https:\\\/\\\/www.pure-beauty.shop\\\/produkt\\\/micellar-water\\\/#primaryimage\"},\"image\":{\"@id\":\"https:\\\/\\\/www.pure-beauty.shop\\\/produkt\\\/micellar-water\\\/#primaryimage\"},\"thumbnailUrl\":\"https:\\\/\\\/www.pure-beauty.shop\\\/wp-content\\\/uploads\\\/2020\\\/10\\\/Micellar_Water.jpg\",\"datePublished\":\"2020-10-23T10:24:05+00:00\",\"dateModified\":\"2026-04-10T15:48:34+00:00\",\"description\":\"Fettfreie Abschminklotion mit Aloe Vera \u2013 entfernt Make-up sanft und gr\u00fcndlich. Ideal f\u00fcr \u00f6lige und unreine Haut sowie die t\u00e4gliche Gesichtsreinigung.\",\"breadcrumb\":{\"@id\":\"https:\\\/\\\/www.pure-beauty.shop\\\/produkt\\\/micellar-water\\\/#breadcrumb\"},\"inLanguage\":\"en-GB\",\"potentialAction\":[{\"@type\":\"ReadAction\",\"target\":[\"https:\\\/\\\/www.pure-beauty.shop\\\/produkt\\\/micellar-water\\\/\"]}]},{\"@type\":\"ImageObject\",\"inLanguage\":\"en-GB\",\"@id\":\"https:\\\/\\\/www.pure-beauty.shop\\\/produkt\\\/micellar-water\\\/#primaryimage\",\"url\":\"https:\\\/\\\/www.pure-beauty.shop\\\/wp-content\\\/uploads\\\/2020\\\/10\\\/Micellar_Water.jpg\",\"contentUrl\":\"https:\\\/\\\/www.pure-beauty.shop\\\/wp-content\\\/uploads\\\/2020\\\/10\\\/Micellar_Water.jpg\",\"width\":2000,\"height\":2000},{\"@type\":\"BreadcrumbList\",\"@id\":\"https:\\\/\\\/www.pure-beauty.shop\\\/produkt\\\/micellar-water\\\/#breadcrumb\",\"itemListElement\":[{\"@type\":\"ListItem\",\"position\":1,\"name\":\"Startseite\",\"item\":\"https:\\\/\\\/www.pure-beauty.shop\\\/\"},{\"@type\":\"ListItem\",\"position\":2,\"name\":\"Shop\",\"item\":\"https:\\\/\\\/www.pure-beauty.shop\\\/en\\\/shop\\\/\"},{\"@type\":\"ListItem\",\"position\":3,\"name\":\"PANDHY\u2019S\u2122 Micellar Water (100 ml)\"}]},{\"@type\":\"WebSite\",\"@id\":\"https:\\\/\\\/www.pure-beauty.shop\\\/#website\",\"url\":\"https:\\\/\\\/www.pure-beauty.shop\\\/\",\"name\":\"Pure Beauty & PANDHY'S Shop\",\"description\":\"Kosmetikshop in Graz\",\"publisher\":{\"@id\":\"https:\\\/\\\/www.pure-beauty.shop\\\/#organization\"},\"potentialAction\":[{\"@type\":\"SearchAction\",\"target\":{\"@type\":\"EntryPoint\",\"urlTemplate\":\"https:\\\/\\\/www.pure-beauty.shop\\\/?s={search_term_string}\"},\"query-input\":{\"@type\":\"PropertyValueSpecification\",\"valueRequired\":true,\"valueName\":\"search_term_string\"}}],\"inLanguage\":\"en-GB\"},{\"@type\":\"Organization\",\"@id\":\"https:\\\/\\\/www.pure-beauty.shop\\\/#organization\",\"name\":\"Pure Beauty & PANDHY'S Shop\",\"url\":\"https:\\\/\\\/www.pure-beauty.shop\\\/\",\"logo\":{\"@type\":\"ImageObject\",\"inLanguage\":\"en-GB\",\"@id\":\"https:\\\/\\\/www.pure-beauty.shop\\\/#\\\/schema\\\/logo\\\/image\\\/\",\"url\":\"https:\\\/\\\/www.pure-beauty.shop\\\/wp-content\\\/uploads\\\/2026\\\/04\\\/pb_black-scaled.png\",\"contentUrl\":\"https:\\\/\\\/www.pure-beauty.shop\\\/wp-content\\\/uploads\\\/2026\\\/04\\\/pb_black-scaled.png\",\"width\":2560,\"height\":2560,\"caption\":\"Pure Beauty & PANDHY'S Shop\"},\"image\":{\"@id\":\"https:\\\/\\\/www.pure-beauty.shop\\\/#\\\/schema\\\/logo\\\/image\\\/\"},\"sameAs\":[\"https:\\\/\\\/www.facebook.com\\\/purebeautygraz\",\"https:\\\/\\\/www.instragram.com\\\/pure_beauty_graz\"]}]}<\/script>\n<!-- \/ Yoast SEO plugin. -->","yoast_head_json":{"title":"PANDHY\u2019S\u2122 Micellar Water (100 ml) - Pure Beauty &amp; PANDHY&#039;S Shop","description":"Fettfreie Abschminklotion mit Aloe Vera \u2013 entfernt Make-up sanft und gr\u00fcndlich. Ideal f\u00fcr \u00f6lige und unreine Haut sowie die t\u00e4gliche Gesichtsreinigung.","robots":{"index":"index","follow":"follow","max-snippet":"max-snippet:-1","max-image-preview":"max-image-preview:large","max-video-preview":"max-video-preview:-1"},"canonical":"https:\/\/www.pure-beauty.shop\/en\/product\/micellar-water\/","og_locale":"en_GB","og_type":"article","og_title":"PANDHY\u2019S\u2122 Micellar Water (100 ml) - Pure Beauty &amp; PANDHY&#039;S Shop","og_description":"Fettfreie Abschminklotion mit Aloe Vera \u2013 entfernt Make-up sanft und gr\u00fcndlich. Ideal f\u00fcr \u00f6lige und unreine Haut sowie die t\u00e4gliche Gesichtsreinigung.","og_url":"https:\/\/www.pure-beauty.shop\/en\/product\/micellar-water\/","og_site_name":"Pure Beauty &amp; PANDHY&#039;S Shop","article_publisher":"https:\/\/www.facebook.com\/purebeautygraz","article_modified_time":"2026-04-10T15:48:34+00:00","og_image":[{"width":2000,"height":2000,"url":"https:\/\/www.pure-beauty.shop\/wp-content\/uploads\/2020\/10\/Micellar_Water.jpg","type":"image\/jpeg"}],"twitter_card":"summary_large_image","schema":{"@context":"https:\/\/schema.org","@graph":[{"@type":"WebPage","@id":"https:\/\/www.pure-beauty.shop\/produkt\/micellar-water\/","url":"https:\/\/www.pure-beauty.shop\/produkt\/micellar-water\/","name":"PANDHY\u2019S\u2122 Micellar Water (100 ml) - Pure Beauty &amp; PANDHY&#039;S Shop","isPartOf":{"@id":"https:\/\/www.pure-beauty.shop\/#website"},"primaryImageOfPage":{"@id":"https:\/\/www.pure-beauty.shop\/produkt\/micellar-water\/#primaryimage"},"image":{"@id":"https:\/\/www.pure-beauty.shop\/produkt\/micellar-water\/#primaryimage"},"thumbnailUrl":"https:\/\/www.pure-beauty.shop\/wp-content\/uploads\/2020\/10\/Micellar_Water.jpg","datePublished":"2020-10-23T10:24:05+00:00","dateModified":"2026-04-10T15:48:34+00:00","description":"Fettfreie Abschminklotion mit Aloe Vera \u2013 entfernt Make-up sanft und gr\u00fcndlich. Ideal f\u00fcr \u00f6lige und unreine Haut sowie die t\u00e4gliche Gesichtsreinigung.","breadcrumb":{"@id":"https:\/\/www.pure-beauty.shop\/produkt\/micellar-water\/#breadcrumb"},"inLanguage":"en-GB","potentialAction":[{"@type":"ReadAction","target":["https:\/\/www.pure-beauty.shop\/produkt\/micellar-water\/"]}]},{"@type":"ImageObject","inLanguage":"en-GB","@id":"https:\/\/www.pure-beauty.shop\/produkt\/micellar-water\/#primaryimage","url":"https:\/\/www.pure-beauty.shop\/wp-content\/uploads\/2020\/10\/Micellar_Water.jpg","contentUrl":"https:\/\/www.pure-beauty.shop\/wp-content\/uploads\/2020\/10\/Micellar_Water.jpg","width":2000,"height":2000},{"@type":"BreadcrumbList","@id":"https:\/\/www.pure-beauty.shop\/produkt\/micellar-water\/#breadcrumb","itemListElement":[{"@type":"ListItem","position":1,"name":"Startseite","item":"https:\/\/www.pure-beauty.shop\/"},{"@type":"ListItem","position":2,"name":"Shop","item":"https:\/\/www.pure-beauty.shop\/en\/shop\/"},{"@type":"ListItem","position":3,"name":"PANDHY\u2019S\u2122 Micellar Water (100 ml)"}]},{"@type":"WebSite","@id":"https:\/\/www.pure-beauty.shop\/#website","url":"https:\/\/www.pure-beauty.shop\/","name":"Pure Beauty & PANDHY'S Shop","description":"Kosmetikshop in Graz","publisher":{"@id":"https:\/\/www.pure-beauty.shop\/#organization"},"potentialAction":[{"@type":"SearchAction","target":{"@type":"EntryPoint","urlTemplate":"https:\/\/www.pure-beauty.shop\/?s={search_term_string}"},"query-input":{"@type":"PropertyValueSpecification","valueRequired":true,"valueName":"search_term_string"}}],"inLanguage":"en-GB"},{"@type":"Organization","@id":"https:\/\/www.pure-beauty.shop\/#organization","name":"Pure Beauty & PANDHY'S Shop","url":"https:\/\/www.pure-beauty.shop\/","logo":{"@type":"ImageObject","inLanguage":"en-GB","@id":"https:\/\/www.pure-beauty.shop\/#\/schema\/logo\/image\/","url":"https:\/\/www.pure-beauty.shop\/wp-content\/uploads\/2026\/04\/pb_black-scaled.png","contentUrl":"https:\/\/www.pure-beauty.shop\/wp-content\/uploads\/2026\/04\/pb_black-scaled.png","width":2560,"height":2560,"caption":"Pure Beauty & PANDHY'S Shop"},"image":{"@id":"https:\/\/www.pure-beauty.shop\/#\/schema\/logo\/image\/"},"sameAs":["https:\/\/www.facebook.com\/purebeautygraz","https:\/\/www.instragram.com\/pure_beauty_graz"]}]}},"jetpack_sharing_enabled":true,"_links":{"self":[{"href":"https:\/\/www.pure-beauty.shop\/en\/wp-json\/wp\/v2\/product\/17246","targetHints":{"allow":["GET"]}}],"collection":[{"href":"https:\/\/www.pure-beauty.shop\/en\/wp-json\/wp\/v2\/product"}],"about":[{"href":"https:\/\/www.pure-beauty.shop\/en\/wp-json\/wp\/v2\/types\/product"}],"replies":[{"embeddable":true,"href":"https:\/\/www.pure-beauty.shop\/en\/wp-json\/wp\/v2\/comments?post=17246"}],"wp:featuredmedia":[{"embeddable":true,"href":"https:\/\/www.pure-beauty.shop\/en\/wp-json\/wp\/v2\/media\/20977"}],"wp:attachment":[{"href":"https:\/\/www.pure-beauty.shop\/en\/wp-json\/wp\/v2\/media?parent=17246"}],"wp:term":[{"taxonomy":"brand","embeddable":true,"href":"https:\/\/www.pure-beauty.shop\/en\/wp-json\/wp\/v2\/etheme_brands?post=17246"},{"taxonomy":"product_brand","embeddable":true,"href":"https:\/\/www.pure-beauty.shop\/en\/wp-json\/wp\/v2\/product_brand?post=17246"},{"taxonomy":"product_cat","embeddable":true,"href":"https:\/\/www.pure-beauty.shop\/en\/wp-json\/wp\/v2\/product_cat?post=17246"},{"taxonomy":"product_tag","embeddable":true,"href":"https:\/\/www.pure-beauty.shop\/en\/wp-json\/wp\/v2\/product_tag?post=17246"}],"curies":[{"name":"wp","href":"https:\/\/api.w.org\/{rel}","templated":true}]}}