{"id":17247,"date":"2020-10-23T12:24:05","date_gmt":"2020-10-23T10:24:05","guid":{"rendered":"https:\/\/www.pure-beauty.shop\/pure-beauty-shop\/produkt\/pandhys-pure-coco-massage-oil-500-ml\/"},"modified":"2026-04-20T00:49:38","modified_gmt":"2026-04-19T22:49:38","slug":"pure-coco-massage-oil","status":"publish","type":"product","link":"https:\/\/www.pure-beauty.shop\/en\/product\/pure-coco-massage-oil\/","title":{"rendered":"PANDHY\u2019S\u2122 Pure Coco Massage Oil (500 ml)"},"content":{"rendered":"<div class=\"wpb-content-wrapper\"><div class=\"vc_row wpb_row vc_row-fluid et_custom_uniqid_63b34b746118c mpc-row\">\n<div class=\"wpb_column vc_column_container vc_col-sm-12 et_custom_uniqid_63b34b746008a mpc-column\" data-column-id=\"mpc_column-8963b34b7ece381\">\n<div class=\"vc_column-inner\">\n<div class=\"wpb_wrapper\">\n<div class=\"wpb_text_column wpb_content_element\">\n<div class=\"wpb_wrapper\">\n<p>Das aus Indien stammende, reine Kokosnuss\u00f6l wird nicht aus dem getrockneten Kokosnussfleisch und nicht aus der Rinde, sondern ausschlie\u00dflich aus dem frischen saftigen Kokosnussfleisch gewonnen. Das ist ein wesentlicher Punkt um Qualit\u00e4t zu kaufen! Es ist nicht raffiniert, desodoriert oder gebleicht. Es duftet nat\u00fcrlich nach Kokosnuss. Es ist eines der vielseitigsten Gem\u00fcse\u00f6le mit einer Vielzahl an Vorteilen f\u00fcr die Haut. Bestens geeignet als unbedenkliche Pflege und Reinigung von Babyhaut und -haaren, als regulierende Pflege von Mischhaut, als sch\u00fctzende und reparierende Pflege f\u00fcr Erwachsenenhaut und -haaren, und es bietet sich f\u00fcr entspannende Massagen an, da es nicht zu schnell von der Haut aufgenommen wird, jedoch keine klebrige Schicht hinterl\u00e4sst. Bis etwa 23\u00b0 C ist die Butter fest, danach wird sie weich und fl\u00fcssig. Man k\u00f6nnte sie im Wasserbad wohltuend erw\u00e4rmen. Das Produkt ist 100% rein und beinhaltet keine Zusatzstoffe.<\/p>\n<p>Tipp: Das naturbelassene Kokosnuss\u00f6l hat eine wunderbar nat\u00fcrliche, desodorierende Wirkung. Die empfindliche Haut hat dadurch ein verl\u00e4ssliches Deodorant. Nach der Zuckerdepilation ist dieses naturreine \u00d6l eine wahre Wohltat f\u00fcr die gezuckerte Haut.<\/p>\n<h6>INCI: cocos nucifera oil<\/h6>\n<\/div>\n<\/div>\n<\/div>\n<\/div>\n<\/div>\n<\/div>\n<\/div>","protected":false},"excerpt":{"rendered":"<p>aus Indien stammendes, reines Kokosnuss\u00f6l f\u00fcr die Haut<\/p>","protected":false},"featured_media":21236,"comment_status":"open","ping_status":"closed","template":"","meta":{"jetpack_post_was_ever_published":false},"etheme_brands":[{"term_id":203,"name":"PANDHY'S\u2122","slug":"pandhys","term_group":0,"term_taxonomy_id":203,"taxonomy":"brand","description":"","parent":0,"count":63,"filter":"raw"}],"product_brand":[],"product_cat":[173,170,194],"product_tag":[],"class_list":{"0":"post-17247","1":"product","2":"type-product","3":"status-publish","4":"has-post-thumbnail","6":"brand-pandhys","7":"product_cat-koerper","8":"product_cat-pflege","9":"product_cat-spaspecials_koerper","11":"first","12":"instock","13":"taxable","14":"shipping-taxable","15":"purchasable","16":"product-type-simple"},"yoast_head":"<!-- This site is optimized with the Yoast SEO plugin v27.5 - https:\/\/yoast.com\/product\/yoast-seo-wordpress\/ -->\n<title>PANDHY\u2019S\u2122 Pure Coco Massage Oil (500 ml) - Pure Beauty &amp; PANDHY&#039;S Shop<\/title>\n<meta name=\"description\" content=\"Das aus Indien stammende, reine Kokosnuss\u00f6l wird nicht aus dem getrockneten Kokosnussfleisch und nicht aus der Rinde, sondern ausschlie\u00dflich aus dem frischen saftigen Kokosnussfleisch gewonnen. Das ist ein wesentlicher Punkt um Qualit\u00e4t zu kaufen! Es ist nicht raffiniert, desodoriert oder gebleicht. Es duftet nat\u00fcrlich nach Kokosnuss. Es ist eines der vielseitigsten Gem\u00fcse\u00f6le mit einer Vielzahl an Vorteilen f\u00fcr die Haut. Bestens geeignet als unbedenkliche Pflege und Reinigung von Babyhaut und -haaren, als regulierende Pflege von Mischhaut, als sch\u00fctzende und reparierende Pflege f\u00fcr Erwachsenenhaut und -haaren, und es bietet sich f\u00fcr entspannende Massagen an, da es nicht zu schnell von der Haut aufgenommen wird, jedoch keine klebrige Schicht hinterl\u00e4sst. Bis etwa 23\u00b0 C ist die Butter fest, danach wird sie weich und fl\u00fcssig. Man k\u00f6nnte sie im Wasserbad wohltuend erw\u00e4rmen. Das Produkt ist 100% rein und beinhaltet keine Zusatzstoffe.\" \/>\n<meta name=\"robots\" content=\"index, follow, max-snippet:-1, max-image-preview:large, max-video-preview:-1\" \/>\n<link rel=\"canonical\" href=\"https:\/\/www.pure-beauty.shop\/en\/product\/pure-coco-massage-oil\/\" \/>\n<meta property=\"og:locale\" content=\"en_GB\" \/>\n<meta property=\"og:type\" content=\"article\" \/>\n<meta property=\"og:title\" content=\"PANDHY\u2019S\u2122 Pure Coco Massage Oil (500 ml) - Pure Beauty &amp; PANDHY&#039;S Shop\" \/>\n<meta property=\"og:description\" content=\"Das aus Indien stammende, reine Kokosnuss\u00f6l wird nicht aus dem getrockneten Kokosnussfleisch und nicht aus der Rinde, sondern ausschlie\u00dflich aus dem frischen saftigen Kokosnussfleisch gewonnen. Das ist ein wesentlicher Punkt um Qualit\u00e4t zu kaufen! Es ist nicht raffiniert, desodoriert oder gebleicht. Es duftet nat\u00fcrlich nach Kokosnuss. Es ist eines der vielseitigsten Gem\u00fcse\u00f6le mit einer Vielzahl an Vorteilen f\u00fcr die Haut. Bestens geeignet als unbedenkliche Pflege und Reinigung von Babyhaut und -haaren, als regulierende Pflege von Mischhaut, als sch\u00fctzende und reparierende Pflege f\u00fcr Erwachsenenhaut und -haaren, und es bietet sich f\u00fcr entspannende Massagen an, da es nicht zu schnell von der Haut aufgenommen wird, jedoch keine klebrige Schicht hinterl\u00e4sst. Bis etwa 23\u00b0 C ist die Butter fest, danach wird sie weich und fl\u00fcssig. Man k\u00f6nnte sie im Wasserbad wohltuend erw\u00e4rmen. Das Produkt ist 100% rein und beinhaltet keine Zusatzstoffe.\" \/>\n<meta property=\"og:url\" content=\"https:\/\/www.pure-beauty.shop\/en\/product\/pure-coco-massage-oil\/\" \/>\n<meta property=\"og:site_name\" content=\"Pure Beauty &amp; PANDHY&#039;S Shop\" \/>\n<meta property=\"article:modified_time\" content=\"2026-04-19T22:49:38+00:00\" \/>\n<meta property=\"og:image\" content=\"https:\/\/www.pure-beauty.shop\/wp-content\/uploads\/2020\/10\/Pure_Coco-1.jpg\" \/>\n\t<meta property=\"og:image:width\" content=\"2000\" \/>\n\t<meta property=\"og:image:height\" content=\"2000\" \/>\n\t<meta property=\"og:image:type\" content=\"image\/jpeg\" \/>\n<meta name=\"twitter:card\" content=\"summary_large_image\" \/>\n<meta name=\"twitter:label1\" content=\"Estimated reading time\" \/>\n\t<meta name=\"twitter:data1\" content=\"1 minute\" \/>\n<script type=\"application\/ld+json\" class=\"yoast-schema-graph\">{\"@context\":\"https:\\\/\\\/schema.org\",\"@graph\":[{\"@type\":\"WebPage\",\"@id\":\"https:\\\/\\\/www.pure-beauty.shop\\\/produkt\\\/pure-coco-massage-oil\\\/\",\"url\":\"https:\\\/\\\/www.pure-beauty.shop\\\/produkt\\\/pure-coco-massage-oil\\\/\",\"name\":\"PANDHY\u2019S\u2122 Pure Coco Massage Oil (500 ml) - Pure Beauty &amp; PANDHY&#039;S Shop\",\"isPartOf\":{\"@id\":\"https:\\\/\\\/www.pure-beauty.shop\\\/#website\"},\"primaryImageOfPage\":{\"@id\":\"https:\\\/\\\/www.pure-beauty.shop\\\/produkt\\\/pure-coco-massage-oil\\\/#primaryimage\"},\"image\":{\"@id\":\"https:\\\/\\\/www.pure-beauty.shop\\\/produkt\\\/pure-coco-massage-oil\\\/#primaryimage\"},\"thumbnailUrl\":\"https:\\\/\\\/www.pure-beauty.shop\\\/wp-content\\\/uploads\\\/2020\\\/10\\\/Pure_Coco-1.jpg\",\"datePublished\":\"2020-10-23T10:24:05+00:00\",\"dateModified\":\"2026-04-19T22:49:38+00:00\",\"description\":\"Das aus Indien stammende, reine Kokosnuss\u00f6l wird nicht aus dem getrockneten Kokosnussfleisch und nicht aus der Rinde, sondern ausschlie\u00dflich aus dem frischen saftigen Kokosnussfleisch gewonnen. Das ist ein wesentlicher Punkt um Qualit\u00e4t zu kaufen! Es ist nicht raffiniert, desodoriert oder gebleicht. Es duftet nat\u00fcrlich nach Kokosnuss. Es ist eines der vielseitigsten Gem\u00fcse\u00f6le mit einer Vielzahl an Vorteilen f\u00fcr die Haut. Bestens geeignet als unbedenkliche Pflege und Reinigung von Babyhaut und -haaren, als regulierende Pflege von Mischhaut, als sch\u00fctzende und reparierende Pflege f\u00fcr Erwachsenenhaut und -haaren, und es bietet sich f\u00fcr entspannende Massagen an, da es nicht zu schnell von der Haut aufgenommen wird, jedoch keine klebrige Schicht hinterl\u00e4sst. Bis etwa 23\u00b0 C ist die Butter fest, danach wird sie weich und fl\u00fcssig. Man k\u00f6nnte sie im Wasserbad wohltuend erw\u00e4rmen. Das Produkt ist 100% rein und beinhaltet keine Zusatzstoffe.\",\"breadcrumb\":{\"@id\":\"https:\\\/\\\/www.pure-beauty.shop\\\/produkt\\\/pure-coco-massage-oil\\\/#breadcrumb\"},\"inLanguage\":\"en-GB\",\"potentialAction\":[{\"@type\":\"ReadAction\",\"target\":[\"https:\\\/\\\/www.pure-beauty.shop\\\/produkt\\\/pure-coco-massage-oil\\\/\"]}]},{\"@type\":\"ImageObject\",\"inLanguage\":\"en-GB\",\"@id\":\"https:\\\/\\\/www.pure-beauty.shop\\\/produkt\\\/pure-coco-massage-oil\\\/#primaryimage\",\"url\":\"https:\\\/\\\/www.pure-beauty.shop\\\/wp-content\\\/uploads\\\/2020\\\/10\\\/Pure_Coco-1.jpg\",\"contentUrl\":\"https:\\\/\\\/www.pure-beauty.shop\\\/wp-content\\\/uploads\\\/2020\\\/10\\\/Pure_Coco-1.jpg\",\"width\":2000,\"height\":2000},{\"@type\":\"BreadcrumbList\",\"@id\":\"https:\\\/\\\/www.pure-beauty.shop\\\/produkt\\\/pure-coco-massage-oil\\\/#breadcrumb\",\"itemListElement\":[{\"@type\":\"ListItem\",\"position\":1,\"name\":\"Startseite\",\"item\":\"https:\\\/\\\/www.pure-beauty.shop\\\/\"},{\"@type\":\"ListItem\",\"position\":2,\"name\":\"Shop\",\"item\":\"https:\\\/\\\/www.pure-beauty.shop\\\/en\\\/shop\\\/\"},{\"@type\":\"ListItem\",\"position\":3,\"name\":\"PANDHY\u2019S\u2122 Pure Coco Massage Oil (500 ml)\"}]},{\"@type\":\"WebSite\",\"@id\":\"https:\\\/\\\/www.pure-beauty.shop\\\/#website\",\"url\":\"https:\\\/\\\/www.pure-beauty.shop\\\/\",\"name\":\"Pure Beauty &amp; PANDHY&#039;S Shop\",\"description\":\"Kosmetikshop in Graz\",\"potentialAction\":[{\"@type\":\"SearchAction\",\"target\":{\"@type\":\"EntryPoint\",\"urlTemplate\":\"https:\\\/\\\/www.pure-beauty.shop\\\/?s={search_term_string}\"},\"query-input\":{\"@type\":\"PropertyValueSpecification\",\"valueRequired\":true,\"valueName\":\"search_term_string\"}}],\"inLanguage\":\"en-GB\"}]}<\/script>\n<!-- \/ Yoast SEO plugin. -->","yoast_head_json":{"title":"PANDHY\u2019S\u2122 Pure Coco Massage Oil (500 ml) - Pure Beauty &amp; PANDHY&#039;S Shop","description":"Das aus Indien stammende, reine Kokosnuss\u00f6l wird nicht aus dem getrockneten Kokosnussfleisch und nicht aus der Rinde, sondern ausschlie\u00dflich aus dem frischen saftigen Kokosnussfleisch gewonnen. Das ist ein wesentlicher Punkt um Qualit\u00e4t zu kaufen! Es ist nicht raffiniert, desodoriert oder gebleicht. Es duftet nat\u00fcrlich nach Kokosnuss. Es ist eines der vielseitigsten Gem\u00fcse\u00f6le mit einer Vielzahl an Vorteilen f\u00fcr die Haut. Bestens geeignet als unbedenkliche Pflege und Reinigung von Babyhaut und -haaren, als regulierende Pflege von Mischhaut, als sch\u00fctzende und reparierende Pflege f\u00fcr Erwachsenenhaut und -haaren, und es bietet sich f\u00fcr entspannende Massagen an, da es nicht zu schnell von der Haut aufgenommen wird, jedoch keine klebrige Schicht hinterl\u00e4sst. Bis etwa 23\u00b0 C ist die Butter fest, danach wird sie weich und fl\u00fcssig. Man k\u00f6nnte sie im Wasserbad wohltuend erw\u00e4rmen. Das Produkt ist 100% rein und beinhaltet keine Zusatzstoffe.","robots":{"index":"index","follow":"follow","max-snippet":"max-snippet:-1","max-image-preview":"max-image-preview:large","max-video-preview":"max-video-preview:-1"},"canonical":"https:\/\/www.pure-beauty.shop\/en\/product\/pure-coco-massage-oil\/","og_locale":"en_GB","og_type":"article","og_title":"PANDHY\u2019S\u2122 Pure Coco Massage Oil (500 ml) - Pure Beauty &amp; PANDHY&#039;S Shop","og_description":"Das aus Indien stammende, reine Kokosnuss\u00f6l wird nicht aus dem getrockneten Kokosnussfleisch und nicht aus der Rinde, sondern ausschlie\u00dflich aus dem frischen saftigen Kokosnussfleisch gewonnen. Das ist ein wesentlicher Punkt um Qualit\u00e4t zu kaufen! Es ist nicht raffiniert, desodoriert oder gebleicht. Es duftet nat\u00fcrlich nach Kokosnuss. Es ist eines der vielseitigsten Gem\u00fcse\u00f6le mit einer Vielzahl an Vorteilen f\u00fcr die Haut. Bestens geeignet als unbedenkliche Pflege und Reinigung von Babyhaut und -haaren, als regulierende Pflege von Mischhaut, als sch\u00fctzende und reparierende Pflege f\u00fcr Erwachsenenhaut und -haaren, und es bietet sich f\u00fcr entspannende Massagen an, da es nicht zu schnell von der Haut aufgenommen wird, jedoch keine klebrige Schicht hinterl\u00e4sst. Bis etwa 23\u00b0 C ist die Butter fest, danach wird sie weich und fl\u00fcssig. Man k\u00f6nnte sie im Wasserbad wohltuend erw\u00e4rmen. Das Produkt ist 100% rein und beinhaltet keine Zusatzstoffe.","og_url":"https:\/\/www.pure-beauty.shop\/en\/product\/pure-coco-massage-oil\/","og_site_name":"Pure Beauty &amp; PANDHY&#039;S Shop","article_modified_time":"2026-04-19T22:49:38+00:00","og_image":[{"width":2000,"height":2000,"url":"https:\/\/www.pure-beauty.shop\/wp-content\/uploads\/2020\/10\/Pure_Coco-1.jpg","type":"image\/jpeg"}],"twitter_card":"summary_large_image","twitter_misc":{"Estimated reading time":"1 minute"},"schema":{"@context":"https:\/\/schema.org","@graph":[{"@type":"WebPage","@id":"https:\/\/www.pure-beauty.shop\/produkt\/pure-coco-massage-oil\/","url":"https:\/\/www.pure-beauty.shop\/produkt\/pure-coco-massage-oil\/","name":"PANDHY\u2019S\u2122 Pure Coco Massage Oil (500 ml) - Pure Beauty &amp; PANDHY&#039;S Shop","isPartOf":{"@id":"https:\/\/www.pure-beauty.shop\/#website"},"primaryImageOfPage":{"@id":"https:\/\/www.pure-beauty.shop\/produkt\/pure-coco-massage-oil\/#primaryimage"},"image":{"@id":"https:\/\/www.pure-beauty.shop\/produkt\/pure-coco-massage-oil\/#primaryimage"},"thumbnailUrl":"https:\/\/www.pure-beauty.shop\/wp-content\/uploads\/2020\/10\/Pure_Coco-1.jpg","datePublished":"2020-10-23T10:24:05+00:00","dateModified":"2026-04-19T22:49:38+00:00","description":"Das aus Indien stammende, reine Kokosnuss\u00f6l wird nicht aus dem getrockneten Kokosnussfleisch und nicht aus der Rinde, sondern ausschlie\u00dflich aus dem frischen saftigen Kokosnussfleisch gewonnen. Das ist ein wesentlicher Punkt um Qualit\u00e4t zu kaufen! Es ist nicht raffiniert, desodoriert oder gebleicht. Es duftet nat\u00fcrlich nach Kokosnuss. Es ist eines der vielseitigsten Gem\u00fcse\u00f6le mit einer Vielzahl an Vorteilen f\u00fcr die Haut. Bestens geeignet als unbedenkliche Pflege und Reinigung von Babyhaut und -haaren, als regulierende Pflege von Mischhaut, als sch\u00fctzende und reparierende Pflege f\u00fcr Erwachsenenhaut und -haaren, und es bietet sich f\u00fcr entspannende Massagen an, da es nicht zu schnell von der Haut aufgenommen wird, jedoch keine klebrige Schicht hinterl\u00e4sst. Bis etwa 23\u00b0 C ist die Butter fest, danach wird sie weich und fl\u00fcssig. Man k\u00f6nnte sie im Wasserbad wohltuend erw\u00e4rmen. Das Produkt ist 100% rein und beinhaltet keine Zusatzstoffe.","breadcrumb":{"@id":"https:\/\/www.pure-beauty.shop\/produkt\/pure-coco-massage-oil\/#breadcrumb"},"inLanguage":"en-GB","potentialAction":[{"@type":"ReadAction","target":["https:\/\/www.pure-beauty.shop\/produkt\/pure-coco-massage-oil\/"]}]},{"@type":"ImageObject","inLanguage":"en-GB","@id":"https:\/\/www.pure-beauty.shop\/produkt\/pure-coco-massage-oil\/#primaryimage","url":"https:\/\/www.pure-beauty.shop\/wp-content\/uploads\/2020\/10\/Pure_Coco-1.jpg","contentUrl":"https:\/\/www.pure-beauty.shop\/wp-content\/uploads\/2020\/10\/Pure_Coco-1.jpg","width":2000,"height":2000},{"@type":"BreadcrumbList","@id":"https:\/\/www.pure-beauty.shop\/produkt\/pure-coco-massage-oil\/#breadcrumb","itemListElement":[{"@type":"ListItem","position":1,"name":"Startseite","item":"https:\/\/www.pure-beauty.shop\/"},{"@type":"ListItem","position":2,"name":"Shop","item":"https:\/\/www.pure-beauty.shop\/en\/shop\/"},{"@type":"ListItem","position":3,"name":"PANDHY\u2019S\u2122 Pure Coco Massage Oil (500 ml)"}]},{"@type":"WebSite","@id":"https:\/\/www.pure-beauty.shop\/#website","url":"https:\/\/www.pure-beauty.shop\/","name":"Pure Beauty &amp; PANDHY&#039;S Shop","description":"Kosmetikshop in Graz","potentialAction":[{"@type":"SearchAction","target":{"@type":"EntryPoint","urlTemplate":"https:\/\/www.pure-beauty.shop\/?s={search_term_string}"},"query-input":{"@type":"PropertyValueSpecification","valueRequired":true,"valueName":"search_term_string"}}],"inLanguage":"en-GB"}]}},"jetpack_sharing_enabled":true,"_links":{"self":[{"href":"https:\/\/www.pure-beauty.shop\/en\/wp-json\/wp\/v2\/product\/17247","targetHints":{"allow":["GET"]}}],"collection":[{"href":"https:\/\/www.pure-beauty.shop\/en\/wp-json\/wp\/v2\/product"}],"about":[{"href":"https:\/\/www.pure-beauty.shop\/en\/wp-json\/wp\/v2\/types\/product"}],"replies":[{"embeddable":true,"href":"https:\/\/www.pure-beauty.shop\/en\/wp-json\/wp\/v2\/comments?post=17247"}],"wp:featuredmedia":[{"embeddable":true,"href":"https:\/\/www.pure-beauty.shop\/en\/wp-json\/wp\/v2\/media\/21236"}],"wp:attachment":[{"href":"https:\/\/www.pure-beauty.shop\/en\/wp-json\/wp\/v2\/media?parent=17247"}],"wp:term":[{"taxonomy":"brand","embeddable":true,"href":"https:\/\/www.pure-beauty.shop\/en\/wp-json\/wp\/v2\/etheme_brands?post=17247"},{"taxonomy":"product_brand","embeddable":true,"href":"https:\/\/www.pure-beauty.shop\/en\/wp-json\/wp\/v2\/product_brand?post=17247"},{"taxonomy":"product_cat","embeddable":true,"href":"https:\/\/www.pure-beauty.shop\/en\/wp-json\/wp\/v2\/product_cat?post=17247"},{"taxonomy":"product_tag","embeddable":true,"href":"https:\/\/www.pure-beauty.shop\/en\/wp-json\/wp\/v2\/product_tag?post=17247"}],"curies":[{"name":"wp","href":"https:\/\/api.w.org\/{rel}","templated":true}]}}