{"id":17264,"date":"2020-10-23T12:24:19","date_gmt":"2020-10-23T10:24:19","guid":{"rendered":"https:\/\/www.pure-beauty.shop\/pure-beauty-shop\/produkt\/pandhys-indulgence-massage-butter-150-g\/"},"modified":"2026-04-20T00:51:39","modified_gmt":"2026-04-19T22:51:39","slug":"pandhys-indulgence-massage-butter","status":"publish","type":"product","link":"https:\/\/www.pure-beauty.shop\/en\/product\/pandhys-indulgence-massage-butter\/","title":{"rendered":"PANDHY\u2019S\u2122 Indulgence Massage Butter (150 g)"},"content":{"rendered":"<div class=\"wpb-content-wrapper\"><div class=\"vc_row wpb_row vc_row-fluid et_custom_uniqid_69e74c66d12fd\"><div class=\"wpb_column vc_column_container vc_col-sm-12 et_custom_uniqid_69e74c66d12d7\"><div class=\"vc_column-inner\"><div class=\"wpb_wrapper\">\n\t<div class=\"wpb_text_column wpb_content_element\" >\n\t\t<div class=\"wpb_wrapper\">\n\t\t\t<p data-start=\"79\" data-end=\"295\">Diese wohltuende, aromatische Massagebutter wurde speziell f\u00fcr die intensive Pflege von Gesicht und K\u00f6rper entwickelt. Ihre reichhaltige Textur verw\u00f6hnt die Haut und sorgt f\u00fcr ein tiefenentspannendes Massageerlebnis.<\/p>\n<p data-start=\"297\" data-end=\"612\">Die Kombination aus Sheabutter, Bienenwachs und einer ausgew\u00e4hlten Mischung \u00e4therischer \u00d6le versorgt die Haut intensiv mit N\u00e4hrstoffen und unterst\u00fctzt ihre Regeneration. Besonders bei strapazierter, lipidarmer und reifer Haut entfaltet die Massagebutter ihre pflegende Wirkung und verbessert sp\u00fcrbar das Hautgef\u00fchl.<\/p>\n<p data-start=\"614\" data-end=\"715\">Das Ergebnis ist eine tiefenbefeuchtete, gen\u00e4hrte und seidig-weiche Haut mit langanhaltendem Komfort.<\/p>\n<p data-start=\"717\" data-end=\"902\"><strong data-start=\"717\" data-end=\"731\">Anwendung:<\/strong><br data-start=\"731\" data-end=\"734\" \/>F\u00fcr optimale Ergebnisse empfehlen wir, die Massagebutter vor der Anwendung in einem \u00d6lerw\u00e4rmer oder zwischen den H\u00e4nden auf eine angenehme Massagetemperatur zu bringen.<\/p>\n<h6 data-start=\"717\" data-end=\"902\">INCI: butyrospermum parkii butter, hydrogenated soybean oil, prunus armeniaca kernel oil, cera alba, citrus sinensis peel oil expressed, lavandula angustifolia oil, citrus aurantium amara peel oil, citrus nobilis oil, citrus bergamia peel oil expressed, pelargonium graveolens oil, cananga odorata flower oil, ocimum basilicum oil<\/h6>\n\n\t\t<\/div>\n\t<\/div>\n<\/div><\/div><\/div><\/div>\n<\/div>","protected":false},"excerpt":{"rendered":"<p data-start=\"929\" data-end=\"999\">Massagebutter \u2013 intensiv n\u00e4hrend f\u00fcr seidig weiche, regenerierte Haut.<\/p>","protected":false},"featured_media":21235,"comment_status":"open","ping_status":"closed","template":"","meta":{"jetpack_post_was_ever_published":false},"etheme_brands":[{"term_id":203,"name":"PANDHY'S\u2122","slug":"pandhys","term_group":0,"term_taxonomy_id":203,"taxonomy":"brand","description":"","parent":0,"count":63,"filter":"raw"}],"product_brand":[],"product_cat":[173,190,170,194],"product_tag":[],"class_list":{"0":"post-17264","1":"product","2":"type-product","3":"status-publish","4":"has-post-thumbnail","6":"brand-pandhys","7":"product_cat-koerper","8":"product_cat-koerperpflege","9":"product_cat-pflege","10":"product_cat-spaspecials_koerper","12":"first","13":"instock","14":"taxable","15":"shipping-taxable","16":"purchasable","17":"product-type-simple"},"yoast_head":"<!-- This site is optimized with the Yoast SEO plugin v27.4 - https:\/\/yoast.com\/product\/yoast-seo-wordpress\/ -->\n<title>PANDHY\u2019S\u2122 Indulgence Massage Butter (150 g) - Pure Beauty &amp; PANDHY&#039;S Shop<\/title>\n<meta name=\"description\" content=\"Massagebutter mit Sheabutter &amp; \u00e4therischen \u00d6len \u2013 n\u00e4hrt, regeneriert und spendet intensive Feuchtigkeit. Ideal f\u00fcr trockene &amp; reife Haut.\" \/>\n<meta name=\"robots\" content=\"index, follow, max-snippet:-1, max-image-preview:large, max-video-preview:-1\" \/>\n<link rel=\"canonical\" href=\"https:\/\/www.pure-beauty.shop\/en\/product\/pandhys-indulgence-massage-butter\/\" \/>\n<meta property=\"og:locale\" content=\"en_GB\" \/>\n<meta property=\"og:type\" content=\"article\" \/>\n<meta property=\"og:title\" content=\"PANDHY\u2019S\u2122 Indulgence Massage Butter (150 g) - Pure Beauty &amp; PANDHY&#039;S Shop\" \/>\n<meta property=\"og:description\" content=\"Massagebutter mit Sheabutter &amp; \u00e4therischen \u00d6len \u2013 n\u00e4hrt, regeneriert und spendet intensive Feuchtigkeit. Ideal f\u00fcr trockene &amp; reife Haut.\" \/>\n<meta property=\"og:url\" content=\"https:\/\/www.pure-beauty.shop\/en\/product\/pandhys-indulgence-massage-butter\/\" \/>\n<meta property=\"og:site_name\" content=\"Pure Beauty &amp; PANDHY&#039;S Shop\" \/>\n<meta property=\"article:modified_time\" content=\"2026-04-19T22:51:39+00:00\" \/>\n<meta property=\"og:image\" content=\"https:\/\/www.pure-beauty.shop\/wp-content\/uploads\/2020\/10\/Indulgence.jpg\" \/>\n\t<meta property=\"og:image:width\" content=\"2000\" \/>\n\t<meta property=\"og:image:height\" content=\"2000\" \/>\n\t<meta property=\"og:image:type\" content=\"image\/jpeg\" \/>\n<meta name=\"twitter:card\" content=\"summary_large_image\" \/>\n<meta name=\"twitter:label1\" content=\"Estimated reading time\" \/>\n\t<meta name=\"twitter:data1\" content=\"1 minute\" \/>\n<script type=\"application\/ld+json\" class=\"yoast-schema-graph\">{\"@context\":\"https:\\\/\\\/schema.org\",\"@graph\":[{\"@type\":\"WebPage\",\"@id\":\"https:\\\/\\\/www.pure-beauty.shop\\\/produkt\\\/pandhys-indulgence-massage-butter\\\/\",\"url\":\"https:\\\/\\\/www.pure-beauty.shop\\\/produkt\\\/pandhys-indulgence-massage-butter\\\/\",\"name\":\"PANDHY\u2019S\u2122 Indulgence Massage Butter (150 g) - Pure Beauty &amp; PANDHY&#039;S Shop\",\"isPartOf\":{\"@id\":\"https:\\\/\\\/www.pure-beauty.shop\\\/#website\"},\"primaryImageOfPage\":{\"@id\":\"https:\\\/\\\/www.pure-beauty.shop\\\/produkt\\\/pandhys-indulgence-massage-butter\\\/#primaryimage\"},\"image\":{\"@id\":\"https:\\\/\\\/www.pure-beauty.shop\\\/produkt\\\/pandhys-indulgence-massage-butter\\\/#primaryimage\"},\"thumbnailUrl\":\"https:\\\/\\\/www.pure-beauty.shop\\\/wp-content\\\/uploads\\\/2020\\\/10\\\/Indulgence.jpg\",\"datePublished\":\"2020-10-23T10:24:19+00:00\",\"dateModified\":\"2026-04-19T22:51:39+00:00\",\"description\":\"Massagebutter mit Sheabutter & \u00e4therischen \u00d6len \u2013 n\u00e4hrt, regeneriert und spendet intensive Feuchtigkeit. Ideal f\u00fcr trockene & reife Haut.\",\"breadcrumb\":{\"@id\":\"https:\\\/\\\/www.pure-beauty.shop\\\/produkt\\\/pandhys-indulgence-massage-butter\\\/#breadcrumb\"},\"inLanguage\":\"en-GB\",\"potentialAction\":[{\"@type\":\"ReadAction\",\"target\":[\"https:\\\/\\\/www.pure-beauty.shop\\\/produkt\\\/pandhys-indulgence-massage-butter\\\/\"]}]},{\"@type\":\"ImageObject\",\"inLanguage\":\"en-GB\",\"@id\":\"https:\\\/\\\/www.pure-beauty.shop\\\/produkt\\\/pandhys-indulgence-massage-butter\\\/#primaryimage\",\"url\":\"https:\\\/\\\/www.pure-beauty.shop\\\/wp-content\\\/uploads\\\/2020\\\/10\\\/Indulgence.jpg\",\"contentUrl\":\"https:\\\/\\\/www.pure-beauty.shop\\\/wp-content\\\/uploads\\\/2020\\\/10\\\/Indulgence.jpg\",\"width\":2000,\"height\":2000},{\"@type\":\"BreadcrumbList\",\"@id\":\"https:\\\/\\\/www.pure-beauty.shop\\\/produkt\\\/pandhys-indulgence-massage-butter\\\/#breadcrumb\",\"itemListElement\":[{\"@type\":\"ListItem\",\"position\":1,\"name\":\"Startseite\",\"item\":\"https:\\\/\\\/www.pure-beauty.shop\\\/\"},{\"@type\":\"ListItem\",\"position\":2,\"name\":\"Shop\",\"item\":\"https:\\\/\\\/www.pure-beauty.shop\\\/en\\\/shop\\\/\"},{\"@type\":\"ListItem\",\"position\":3,\"name\":\"PANDHY\u2019S\u2122 Indulgence Massage Butter (150 g)\"}]},{\"@type\":\"WebSite\",\"@id\":\"https:\\\/\\\/www.pure-beauty.shop\\\/#website\",\"url\":\"https:\\\/\\\/www.pure-beauty.shop\\\/\",\"name\":\"Pure Beauty &amp; PANDHY&#039;S Shop\",\"description\":\"Kosmetikshop in Graz\",\"potentialAction\":[{\"@type\":\"SearchAction\",\"target\":{\"@type\":\"EntryPoint\",\"urlTemplate\":\"https:\\\/\\\/www.pure-beauty.shop\\\/?s={search_term_string}\"},\"query-input\":{\"@type\":\"PropertyValueSpecification\",\"valueRequired\":true,\"valueName\":\"search_term_string\"}}],\"inLanguage\":\"en-GB\"}]}<\/script>\n<!-- \/ Yoast SEO plugin. -->","yoast_head_json":{"title":"PANDHY\u2019S\u2122 Indulgence Massage Butter (150 g) - Pure Beauty &amp; PANDHY&#039;S Shop","description":"Massagebutter mit Sheabutter & \u00e4therischen \u00d6len \u2013 n\u00e4hrt, regeneriert und spendet intensive Feuchtigkeit. Ideal f\u00fcr trockene & reife Haut.","robots":{"index":"index","follow":"follow","max-snippet":"max-snippet:-1","max-image-preview":"max-image-preview:large","max-video-preview":"max-video-preview:-1"},"canonical":"https:\/\/www.pure-beauty.shop\/en\/product\/pandhys-indulgence-massage-butter\/","og_locale":"en_GB","og_type":"article","og_title":"PANDHY\u2019S\u2122 Indulgence Massage Butter (150 g) - Pure Beauty &amp; PANDHY&#039;S Shop","og_description":"Massagebutter mit Sheabutter & \u00e4therischen \u00d6len \u2013 n\u00e4hrt, regeneriert und spendet intensive Feuchtigkeit. Ideal f\u00fcr trockene & reife Haut.","og_url":"https:\/\/www.pure-beauty.shop\/en\/product\/pandhys-indulgence-massage-butter\/","og_site_name":"Pure Beauty &amp; PANDHY&#039;S Shop","article_modified_time":"2026-04-19T22:51:39+00:00","og_image":[{"width":2000,"height":2000,"url":"https:\/\/www.pure-beauty.shop\/wp-content\/uploads\/2020\/10\/Indulgence.jpg","type":"image\/jpeg"}],"twitter_card":"summary_large_image","twitter_misc":{"Estimated reading time":"1 minute"},"schema":{"@context":"https:\/\/schema.org","@graph":[{"@type":"WebPage","@id":"https:\/\/www.pure-beauty.shop\/produkt\/pandhys-indulgence-massage-butter\/","url":"https:\/\/www.pure-beauty.shop\/produkt\/pandhys-indulgence-massage-butter\/","name":"PANDHY\u2019S\u2122 Indulgence Massage Butter (150 g) - Pure Beauty &amp; PANDHY&#039;S Shop","isPartOf":{"@id":"https:\/\/www.pure-beauty.shop\/#website"},"primaryImageOfPage":{"@id":"https:\/\/www.pure-beauty.shop\/produkt\/pandhys-indulgence-massage-butter\/#primaryimage"},"image":{"@id":"https:\/\/www.pure-beauty.shop\/produkt\/pandhys-indulgence-massage-butter\/#primaryimage"},"thumbnailUrl":"https:\/\/www.pure-beauty.shop\/wp-content\/uploads\/2020\/10\/Indulgence.jpg","datePublished":"2020-10-23T10:24:19+00:00","dateModified":"2026-04-19T22:51:39+00:00","description":"Massagebutter mit Sheabutter & \u00e4therischen \u00d6len \u2013 n\u00e4hrt, regeneriert und spendet intensive Feuchtigkeit. Ideal f\u00fcr trockene & reife Haut.","breadcrumb":{"@id":"https:\/\/www.pure-beauty.shop\/produkt\/pandhys-indulgence-massage-butter\/#breadcrumb"},"inLanguage":"en-GB","potentialAction":[{"@type":"ReadAction","target":["https:\/\/www.pure-beauty.shop\/produkt\/pandhys-indulgence-massage-butter\/"]}]},{"@type":"ImageObject","inLanguage":"en-GB","@id":"https:\/\/www.pure-beauty.shop\/produkt\/pandhys-indulgence-massage-butter\/#primaryimage","url":"https:\/\/www.pure-beauty.shop\/wp-content\/uploads\/2020\/10\/Indulgence.jpg","contentUrl":"https:\/\/www.pure-beauty.shop\/wp-content\/uploads\/2020\/10\/Indulgence.jpg","width":2000,"height":2000},{"@type":"BreadcrumbList","@id":"https:\/\/www.pure-beauty.shop\/produkt\/pandhys-indulgence-massage-butter\/#breadcrumb","itemListElement":[{"@type":"ListItem","position":1,"name":"Startseite","item":"https:\/\/www.pure-beauty.shop\/"},{"@type":"ListItem","position":2,"name":"Shop","item":"https:\/\/www.pure-beauty.shop\/en\/shop\/"},{"@type":"ListItem","position":3,"name":"PANDHY\u2019S\u2122 Indulgence Massage Butter (150 g)"}]},{"@type":"WebSite","@id":"https:\/\/www.pure-beauty.shop\/#website","url":"https:\/\/www.pure-beauty.shop\/","name":"Pure Beauty &amp; PANDHY&#039;S Shop","description":"Kosmetikshop in Graz","potentialAction":[{"@type":"SearchAction","target":{"@type":"EntryPoint","urlTemplate":"https:\/\/www.pure-beauty.shop\/?s={search_term_string}"},"query-input":{"@type":"PropertyValueSpecification","valueRequired":true,"valueName":"search_term_string"}}],"inLanguage":"en-GB"}]}},"jetpack_sharing_enabled":true,"_links":{"self":[{"href":"https:\/\/www.pure-beauty.shop\/en\/wp-json\/wp\/v2\/product\/17264","targetHints":{"allow":["GET"]}}],"collection":[{"href":"https:\/\/www.pure-beauty.shop\/en\/wp-json\/wp\/v2\/product"}],"about":[{"href":"https:\/\/www.pure-beauty.shop\/en\/wp-json\/wp\/v2\/types\/product"}],"replies":[{"embeddable":true,"href":"https:\/\/www.pure-beauty.shop\/en\/wp-json\/wp\/v2\/comments?post=17264"}],"wp:featuredmedia":[{"embeddable":true,"href":"https:\/\/www.pure-beauty.shop\/en\/wp-json\/wp\/v2\/media\/21235"}],"wp:attachment":[{"href":"https:\/\/www.pure-beauty.shop\/en\/wp-json\/wp\/v2\/media?parent=17264"}],"wp:term":[{"taxonomy":"brand","embeddable":true,"href":"https:\/\/www.pure-beauty.shop\/en\/wp-json\/wp\/v2\/etheme_brands?post=17264"},{"taxonomy":"product_brand","embeddable":true,"href":"https:\/\/www.pure-beauty.shop\/en\/wp-json\/wp\/v2\/product_brand?post=17264"},{"taxonomy":"product_cat","embeddable":true,"href":"https:\/\/www.pure-beauty.shop\/en\/wp-json\/wp\/v2\/product_cat?post=17264"},{"taxonomy":"product_tag","embeddable":true,"href":"https:\/\/www.pure-beauty.shop\/en\/wp-json\/wp\/v2\/product_tag?post=17264"}],"curies":[{"name":"wp","href":"https:\/\/api.w.org\/{rel}","templated":true}]}}