{"id":17284,"date":"2020-10-23T12:24:26","date_gmt":"2020-10-23T10:24:26","guid":{"rendered":"https:\/\/www.pure-beauty.shop\/pure-beauty-shop\/produkt\/td-massage-silikon-pad-1-pc\/"},"modified":"2026-04-10T22:17:19","modified_gmt":"2026-04-10T20:17:19","slug":"massage-silikon-pad-1","status":"publish","type":"product","link":"https:\/\/www.pure-beauty.shop\/en\/product\/massage-silikon-pad-1\/","title":{"rendered":"PANDHY\u2019S\u2122 Massage (Silikon) Pad (1 St\u00fcck)"},"content":{"rendered":"<div class=\"wpb-content-wrapper\"><div class=\"vc_row wpb_row vc_row-fluid et_custom_uniqid_63b34b746118c mpc-row\">\n<div class=\"wpb_column vc_column_container vc_col-sm-12 et_custom_uniqid_63b34b746008a mpc-column\" data-column-id=\"mpc_column-3563b34b7cf1170\">\n<div class=\"vc_column-inner\">\n<div class=\"wpb_wrapper\">\n<div class=\"wpb_text_column wpb_content_element\">\n<div class=\"wpb_wrapper\">\n<p>Massage Pad aus Silikon. Hervorragend f&uuml;r die Vorbehandlung der Zuckerdepilation, f&uuml;r Gesichtsbehandlungen im Salon oder zu Hause. Dient als Hilfsmittel f&uuml;r Peeling und kann alleine oder auch mit dem PredePeel Puder am K&ouml;rper und mit dem Gesichtspuder im Gesicht verwendet werden.<\/p>\n<\/p>\n<\/div>\n<\/div>\n<\/div>\n<\/div>\n<\/div>\n<\/div>\n<\/div>","protected":false},"excerpt":{"rendered":"<p>Massage Pad aus Silikon<\/p>","protected":false},"featured_media":18024,"comment_status":"open","ping_status":"closed","template":"","meta":{"jetpack_post_was_ever_published":false},"etheme_brands":[{"term_id":204,"name":"TRUE DELIGHT\u2122","slug":"truedelight","term_group":0,"term_taxonomy_id":204,"taxonomy":"brand","description":"","parent":0,"count":1,"filter":"raw"}],"product_brand":[],"product_cat":[195,172,173,170,188],"product_tag":[],"class_list":{"0":"post-17284","1":"product","2":"type-product","3":"status-publish","4":"has-post-thumbnail","6":"brand-truedelight","7":"product_cat-cellulitepflege_tools","8":"product_cat-gesicht","9":"product_cat-koerper","10":"product_cat-pflege","11":"product_cat-tools","13":"first","14":"instock","15":"taxable","16":"shipping-taxable","17":"purchasable","18":"product-type-simple"},"yoast_head":"<!-- This site is optimized with the Yoast SEO plugin v27.4 - https:\/\/yoast.com\/product\/yoast-seo-wordpress\/ -->\n<title>PANDHY\u2019S\u2122 Massage (Silikon) Pad (1 St\u00fcck) - Pure Beauty &amp; PANDHY&#039;S Shop<\/title>\n<meta name=\"description\" content=\"Massage Pad aus Silikon. Hervorragend f\u00fcr die Vorbehandlung der Zuckerdepilation, f\u00fcr Gesichtsbehandlungen im Salon oder zu Hause. Dient als Hilfsmittel f\u00fcr Peeling und kann alleine oder auch mit dem PredePeel Puder am K\u00f6rper und mit dem Gesichtspuder im Gesicht verwendet werden.\" \/>\n<meta name=\"robots\" content=\"index, follow, max-snippet:-1, max-image-preview:large, max-video-preview:-1\" \/>\n<link rel=\"canonical\" href=\"https:\/\/www.pure-beauty.shop\/en\/product\/massage-silikon-pad-1\/\" \/>\n<meta property=\"og:locale\" content=\"en_GB\" \/>\n<meta property=\"og:type\" content=\"article\" \/>\n<meta property=\"og:title\" content=\"PANDHY\u2019S\u2122 Massage (Silikon) Pad (1 St\u00fcck) - Pure Beauty &amp; PANDHY&#039;S Shop\" \/>\n<meta property=\"og:description\" content=\"Massage Pad aus Silikon. Hervorragend f\u00fcr die Vorbehandlung der Zuckerdepilation, f\u00fcr Gesichtsbehandlungen im Salon oder zu Hause. Dient als Hilfsmittel f\u00fcr Peeling und kann alleine oder auch mit dem PredePeel Puder am K\u00f6rper und mit dem Gesichtspuder im Gesicht verwendet werden.\" \/>\n<meta property=\"og:url\" content=\"https:\/\/www.pure-beauty.shop\/en\/product\/massage-silikon-pad-1\/\" \/>\n<meta property=\"og:site_name\" content=\"Pure Beauty &amp; PANDHY&#039;S Shop\" \/>\n<meta property=\"article:modified_time\" content=\"2026-04-10T20:17:19+00:00\" \/>\n<meta property=\"og:image\" content=\"https:\/\/www.pure-beauty.shop\/wp-content\/uploads\/2020\/10\/Massage_Pad.tif2_-scaled.jpg\" \/>\n\t<meta property=\"og:image:width\" content=\"2560\" \/>\n\t<meta property=\"og:image:height\" content=\"2560\" \/>\n\t<meta property=\"og:image:type\" content=\"image\/jpeg\" \/>\n<meta name=\"twitter:card\" content=\"summary_large_image\" \/>\n<meta name=\"twitter:label1\" content=\"Estimated reading time\" \/>\n\t<meta name=\"twitter:data1\" content=\"1 minute\" \/>\n<script type=\"application\/ld+json\" class=\"yoast-schema-graph\">{\"@context\":\"https:\\\/\\\/schema.org\",\"@graph\":[{\"@type\":\"WebPage\",\"@id\":\"https:\\\/\\\/www.pure-beauty.shop\\\/produkt\\\/massage-silikon-pad-1\\\/\",\"url\":\"https:\\\/\\\/www.pure-beauty.shop\\\/produkt\\\/massage-silikon-pad-1\\\/\",\"name\":\"PANDHY\u2019S\u2122 Massage (Silikon) Pad (1 St\u00fcck) - Pure Beauty &amp; PANDHY&#039;S Shop\",\"isPartOf\":{\"@id\":\"https:\\\/\\\/www.pure-beauty.shop\\\/#website\"},\"primaryImageOfPage\":{\"@id\":\"https:\\\/\\\/www.pure-beauty.shop\\\/produkt\\\/massage-silikon-pad-1\\\/#primaryimage\"},\"image\":{\"@id\":\"https:\\\/\\\/www.pure-beauty.shop\\\/produkt\\\/massage-silikon-pad-1\\\/#primaryimage\"},\"thumbnailUrl\":\"https:\\\/\\\/www.pure-beauty.shop\\\/wp-content\\\/uploads\\\/2020\\\/10\\\/Massage_Pad.tif2_-scaled.jpg\",\"datePublished\":\"2020-10-23T10:24:26+00:00\",\"dateModified\":\"2026-04-10T20:17:19+00:00\",\"description\":\"Massage Pad aus Silikon. Hervorragend f\u00fcr die Vorbehandlung der Zuckerdepilation, f\u00fcr Gesichtsbehandlungen im Salon oder zu Hause. Dient als Hilfsmittel f\u00fcr Peeling und kann alleine oder auch mit dem PredePeel Puder am K\u00f6rper und mit dem Gesichtspuder im Gesicht verwendet werden.\",\"breadcrumb\":{\"@id\":\"https:\\\/\\\/www.pure-beauty.shop\\\/produkt\\\/massage-silikon-pad-1\\\/#breadcrumb\"},\"inLanguage\":\"en-GB\",\"potentialAction\":[{\"@type\":\"ReadAction\",\"target\":[\"https:\\\/\\\/www.pure-beauty.shop\\\/produkt\\\/massage-silikon-pad-1\\\/\"]}]},{\"@type\":\"ImageObject\",\"inLanguage\":\"en-GB\",\"@id\":\"https:\\\/\\\/www.pure-beauty.shop\\\/produkt\\\/massage-silikon-pad-1\\\/#primaryimage\",\"url\":\"https:\\\/\\\/www.pure-beauty.shop\\\/wp-content\\\/uploads\\\/2020\\\/10\\\/Massage_Pad.tif2_-scaled.jpg\",\"contentUrl\":\"https:\\\/\\\/www.pure-beauty.shop\\\/wp-content\\\/uploads\\\/2020\\\/10\\\/Massage_Pad.tif2_-scaled.jpg\",\"width\":2560,\"height\":2560},{\"@type\":\"BreadcrumbList\",\"@id\":\"https:\\\/\\\/www.pure-beauty.shop\\\/produkt\\\/massage-silikon-pad-1\\\/#breadcrumb\",\"itemListElement\":[{\"@type\":\"ListItem\",\"position\":1,\"name\":\"Startseite\",\"item\":\"https:\\\/\\\/www.pure-beauty.shop\\\/\"},{\"@type\":\"ListItem\",\"position\":2,\"name\":\"Shop\",\"item\":\"https:\\\/\\\/www.pure-beauty.shop\\\/en\\\/shop\\\/\"},{\"@type\":\"ListItem\",\"position\":3,\"name\":\"PANDHY\u2019S\u2122 Massage (Silikon) Pad (1 St\u00fcck)\"}]},{\"@type\":\"WebSite\",\"@id\":\"https:\\\/\\\/www.pure-beauty.shop\\\/#website\",\"url\":\"https:\\\/\\\/www.pure-beauty.shop\\\/\",\"name\":\"Pure Beauty &amp; PANDHY&#039;S Shop\",\"description\":\"Kosmetikshop in Graz\",\"potentialAction\":[{\"@type\":\"SearchAction\",\"target\":{\"@type\":\"EntryPoint\",\"urlTemplate\":\"https:\\\/\\\/www.pure-beauty.shop\\\/?s={search_term_string}\"},\"query-input\":{\"@type\":\"PropertyValueSpecification\",\"valueRequired\":true,\"valueName\":\"search_term_string\"}}],\"inLanguage\":\"en-GB\"}]}<\/script>\n<!-- \/ Yoast SEO plugin. -->","yoast_head_json":{"title":"PANDHY\u2019S\u2122 Massage (Silikon) Pad (1 St\u00fcck) - Pure Beauty &amp; PANDHY&#039;S Shop","description":"Massage Pad aus Silikon. Hervorragend f\u00fcr die Vorbehandlung der Zuckerdepilation, f\u00fcr Gesichtsbehandlungen im Salon oder zu Hause. Dient als Hilfsmittel f\u00fcr Peeling und kann alleine oder auch mit dem PredePeel Puder am K\u00f6rper und mit dem Gesichtspuder im Gesicht verwendet werden.","robots":{"index":"index","follow":"follow","max-snippet":"max-snippet:-1","max-image-preview":"max-image-preview:large","max-video-preview":"max-video-preview:-1"},"canonical":"https:\/\/www.pure-beauty.shop\/en\/product\/massage-silikon-pad-1\/","og_locale":"en_GB","og_type":"article","og_title":"PANDHY\u2019S\u2122 Massage (Silikon) Pad (1 St\u00fcck) - Pure Beauty &amp; PANDHY&#039;S Shop","og_description":"Massage Pad aus Silikon. Hervorragend f\u00fcr die Vorbehandlung der Zuckerdepilation, f\u00fcr Gesichtsbehandlungen im Salon oder zu Hause. Dient als Hilfsmittel f\u00fcr Peeling und kann alleine oder auch mit dem PredePeel Puder am K\u00f6rper und mit dem Gesichtspuder im Gesicht verwendet werden.","og_url":"https:\/\/www.pure-beauty.shop\/en\/product\/massage-silikon-pad-1\/","og_site_name":"Pure Beauty &amp; PANDHY&#039;S Shop","article_modified_time":"2026-04-10T20:17:19+00:00","og_image":[{"width":2560,"height":2560,"url":"https:\/\/www.pure-beauty.shop\/wp-content\/uploads\/2020\/10\/Massage_Pad.tif2_-scaled.jpg","type":"image\/jpeg"}],"twitter_card":"summary_large_image","twitter_misc":{"Estimated reading time":"1 minute"},"schema":{"@context":"https:\/\/schema.org","@graph":[{"@type":"WebPage","@id":"https:\/\/www.pure-beauty.shop\/produkt\/massage-silikon-pad-1\/","url":"https:\/\/www.pure-beauty.shop\/produkt\/massage-silikon-pad-1\/","name":"PANDHY\u2019S\u2122 Massage (Silikon) Pad (1 St\u00fcck) - Pure Beauty &amp; PANDHY&#039;S Shop","isPartOf":{"@id":"https:\/\/www.pure-beauty.shop\/#website"},"primaryImageOfPage":{"@id":"https:\/\/www.pure-beauty.shop\/produkt\/massage-silikon-pad-1\/#primaryimage"},"image":{"@id":"https:\/\/www.pure-beauty.shop\/produkt\/massage-silikon-pad-1\/#primaryimage"},"thumbnailUrl":"https:\/\/www.pure-beauty.shop\/wp-content\/uploads\/2020\/10\/Massage_Pad.tif2_-scaled.jpg","datePublished":"2020-10-23T10:24:26+00:00","dateModified":"2026-04-10T20:17:19+00:00","description":"Massage Pad aus Silikon. Hervorragend f\u00fcr die Vorbehandlung der Zuckerdepilation, f\u00fcr Gesichtsbehandlungen im Salon oder zu Hause. Dient als Hilfsmittel f\u00fcr Peeling und kann alleine oder auch mit dem PredePeel Puder am K\u00f6rper und mit dem Gesichtspuder im Gesicht verwendet werden.","breadcrumb":{"@id":"https:\/\/www.pure-beauty.shop\/produkt\/massage-silikon-pad-1\/#breadcrumb"},"inLanguage":"en-GB","potentialAction":[{"@type":"ReadAction","target":["https:\/\/www.pure-beauty.shop\/produkt\/massage-silikon-pad-1\/"]}]},{"@type":"ImageObject","inLanguage":"en-GB","@id":"https:\/\/www.pure-beauty.shop\/produkt\/massage-silikon-pad-1\/#primaryimage","url":"https:\/\/www.pure-beauty.shop\/wp-content\/uploads\/2020\/10\/Massage_Pad.tif2_-scaled.jpg","contentUrl":"https:\/\/www.pure-beauty.shop\/wp-content\/uploads\/2020\/10\/Massage_Pad.tif2_-scaled.jpg","width":2560,"height":2560},{"@type":"BreadcrumbList","@id":"https:\/\/www.pure-beauty.shop\/produkt\/massage-silikon-pad-1\/#breadcrumb","itemListElement":[{"@type":"ListItem","position":1,"name":"Startseite","item":"https:\/\/www.pure-beauty.shop\/"},{"@type":"ListItem","position":2,"name":"Shop","item":"https:\/\/www.pure-beauty.shop\/en\/shop\/"},{"@type":"ListItem","position":3,"name":"PANDHY\u2019S\u2122 Massage (Silikon) Pad (1 St\u00fcck)"}]},{"@type":"WebSite","@id":"https:\/\/www.pure-beauty.shop\/#website","url":"https:\/\/www.pure-beauty.shop\/","name":"Pure Beauty &amp; PANDHY&#039;S Shop","description":"Kosmetikshop in Graz","potentialAction":[{"@type":"SearchAction","target":{"@type":"EntryPoint","urlTemplate":"https:\/\/www.pure-beauty.shop\/?s={search_term_string}"},"query-input":{"@type":"PropertyValueSpecification","valueRequired":true,"valueName":"search_term_string"}}],"inLanguage":"en-GB"}]}},"jetpack_sharing_enabled":true,"_links":{"self":[{"href":"https:\/\/www.pure-beauty.shop\/en\/wp-json\/wp\/v2\/product\/17284","targetHints":{"allow":["GET"]}}],"collection":[{"href":"https:\/\/www.pure-beauty.shop\/en\/wp-json\/wp\/v2\/product"}],"about":[{"href":"https:\/\/www.pure-beauty.shop\/en\/wp-json\/wp\/v2\/types\/product"}],"replies":[{"embeddable":true,"href":"https:\/\/www.pure-beauty.shop\/en\/wp-json\/wp\/v2\/comments?post=17284"}],"wp:featuredmedia":[{"embeddable":true,"href":"https:\/\/www.pure-beauty.shop\/en\/wp-json\/wp\/v2\/media\/18024"}],"wp:attachment":[{"href":"https:\/\/www.pure-beauty.shop\/en\/wp-json\/wp\/v2\/media?parent=17284"}],"wp:term":[{"taxonomy":"brand","embeddable":true,"href":"https:\/\/www.pure-beauty.shop\/en\/wp-json\/wp\/v2\/etheme_brands?post=17284"},{"taxonomy":"product_brand","embeddable":true,"href":"https:\/\/www.pure-beauty.shop\/en\/wp-json\/wp\/v2\/product_brand?post=17284"},{"taxonomy":"product_cat","embeddable":true,"href":"https:\/\/www.pure-beauty.shop\/en\/wp-json\/wp\/v2\/product_cat?post=17284"},{"taxonomy":"product_tag","embeddable":true,"href":"https:\/\/www.pure-beauty.shop\/en\/wp-json\/wp\/v2\/product_tag?post=17284"}],"curies":[{"name":"wp","href":"https:\/\/api.w.org\/{rel}","templated":true}]}}