{"id":17288,"date":"2020-10-23T12:24:37","date_gmt":"2020-10-23T10:24:37","guid":{"rendered":"https:\/\/www.pure-beauty.shop\/pure-beauty-shop\/produkt\/pandhys-cosmix-sugar-peel-off-mask-5x50-g\/"},"modified":"2026-04-17T16:40:44","modified_gmt":"2026-04-17T14:40:44","slug":"cosmix-sugar-peel-off-mask","status":"publish","type":"product","link":"https:\/\/www.pure-beauty.shop\/en\/product\/cosmix-sugar-peel-off-mask\/","title":{"rendered":"COSMIX Sugar Peel-Off Mask (5 x 50 g)"},"content":{"rendered":"<div class=\"wpb-content-wrapper\"><div class=\"vc_row wpb_row vc_row-fluid et_custom_uniqid_69e461743c930\"><div class=\"wpb_column vc_column_container vc_col-sm-12 et_custom_uniqid_69e461743c90b\"><div class=\"vc_column-inner\"><div class=\"wpb_wrapper\">\n\t<div class=\"wpb_text_column wpb_content_element\" >\n\t\t<div class=\"wpb_wrapper\">\n\t\t\t<p>Die innovative, vollst\u00e4ndig transparente Peel-off-Maske besteht aus der einzigartigen Kombination von Zucker und Alginat und wird mit Rosen- oder Lavendelwasser anger\u00fchrt.<\/p>\n<p>Sie ist je nach Zusatz f\u00fcr jeden Hauttyp geeignet, hydratisiert intensiv und hinterl\u00e4sst ein weiches, elastisch-geschmeidiges Gef\u00fchl auf der Haut. Aufgrund der Glucose und Saccharose versorgt die Maske die Haut intensiv mit Feuchtigkeit und stellt den Hydro-Lipid-Mantel wieder her.<\/p>\n<p>Durch die k\u00fchlende, beruhigende Wirkung eignet sich die Maske hervorragend als Nachbehandlung nach der Zuckerdepliation, nach Microneedling und Microdermabrasion, nach minimalinvasiven Eingriffen und allgemein im Sommer als Feuchtigkeitsmaske.<\/p>\n<h6>INCI: saccharose, gluconolacton, algin, natriumcitrat, dicalciumphosphat<\/h6>\n\n\t\t<\/div>\n\t<\/div>\n<\/div><\/div><\/div><\/div>\n<\/div>","protected":false},"excerpt":{"rendered":"<p data-start=\"966\" data-end=\"1042\">Transparente Peel-off-Maske \u2013 intensiv feuchtigkeitsspendend und beruhigend.<\/p>","protected":false},"featured_media":21052,"comment_status":"open","ping_status":"closed","template":"","meta":{"jetpack_post_was_ever_published":false},"etheme_brands":[{"term_id":205,"name":"COSMIX","slug":"cosmix","term_group":0,"term_taxonomy_id":205,"taxonomy":"brand","description":"","parent":0,"count":37,"filter":"raw"}],"product_brand":[],"product_cat":[172,179,170],"product_tag":[],"class_list":{"0":"post-17288","1":"product","2":"type-product","3":"status-publish","4":"has-post-thumbnail","6":"brand-cosmix","7":"product_cat-gesicht","8":"product_cat-gesichtsmaske","9":"product_cat-pflege","11":"first","12":"outofstock","13":"taxable","14":"shipping-taxable","15":"purchasable","16":"product-type-simple"},"yoast_head":"<!-- This site is optimized with the Yoast SEO plugin v27.4 - https:\/\/yoast.com\/product\/yoast-seo-wordpress\/ -->\n<title>COSMIX Sugar Peel-Off Mask (5 x 50 g) - Pure Beauty &amp; PANDHY&#039;S Shop<\/title>\n<meta name=\"description\" content=\"Peel-off Maske mit Zucker &amp; Alginat \u2013 spendet intensive Feuchtigkeit, beruhigt die Haut und ideal nach Behandlungen oder als Sommerpflege.\" \/>\n<meta name=\"robots\" content=\"index, follow, max-snippet:-1, max-image-preview:large, max-video-preview:-1\" \/>\n<link rel=\"canonical\" href=\"https:\/\/www.pure-beauty.shop\/en\/product\/cosmix-sugar-peel-off-mask\/\" \/>\n<meta property=\"og:locale\" content=\"en_GB\" \/>\n<meta property=\"og:type\" content=\"article\" \/>\n<meta property=\"og:title\" content=\"COSMIX Sugar Peel-Off Mask (5 x 50 g) - Pure Beauty &amp; PANDHY&#039;S Shop\" \/>\n<meta property=\"og:description\" content=\"Peel-off Maske mit Zucker &amp; Alginat \u2013 spendet intensive Feuchtigkeit, beruhigt die Haut und ideal nach Behandlungen oder als Sommerpflege.\" \/>\n<meta property=\"og:url\" content=\"https:\/\/www.pure-beauty.shop\/en\/product\/cosmix-sugar-peel-off-mask\/\" \/>\n<meta property=\"og:site_name\" content=\"Pure Beauty &amp; PANDHY&#039;S Shop\" \/>\n<meta property=\"article:modified_time\" content=\"2026-04-17T14:40:44+00:00\" \/>\n<meta property=\"og:image\" content=\"https:\/\/www.pure-beauty.shop\/wp-content\/uploads\/2020\/10\/online-shop-bilder-1.png\" \/>\n\t<meta property=\"og:image:width\" content=\"1400\" \/>\n\t<meta property=\"og:image:height\" content=\"1400\" \/>\n\t<meta property=\"og:image:type\" content=\"image\/png\" \/>\n<meta name=\"twitter:card\" content=\"summary_large_image\" \/>\n<meta name=\"twitter:label1\" content=\"Estimated reading time\" \/>\n\t<meta name=\"twitter:data1\" content=\"1 minute\" \/>\n<script type=\"application\/ld+json\" class=\"yoast-schema-graph\">{\"@context\":\"https:\\\/\\\/schema.org\",\"@graph\":[{\"@type\":\"WebPage\",\"@id\":\"https:\\\/\\\/www.pure-beauty.shop\\\/produkt\\\/cosmix-sugar-peel-off-mask\\\/\",\"url\":\"https:\\\/\\\/www.pure-beauty.shop\\\/produkt\\\/cosmix-sugar-peel-off-mask\\\/\",\"name\":\"COSMIX Sugar Peel-Off Mask (5 x 50 g) - Pure Beauty &amp; PANDHY&#039;S Shop\",\"isPartOf\":{\"@id\":\"https:\\\/\\\/www.pure-beauty.shop\\\/#website\"},\"primaryImageOfPage\":{\"@id\":\"https:\\\/\\\/www.pure-beauty.shop\\\/produkt\\\/cosmix-sugar-peel-off-mask\\\/#primaryimage\"},\"image\":{\"@id\":\"https:\\\/\\\/www.pure-beauty.shop\\\/produkt\\\/cosmix-sugar-peel-off-mask\\\/#primaryimage\"},\"thumbnailUrl\":\"https:\\\/\\\/www.pure-beauty.shop\\\/wp-content\\\/uploads\\\/2020\\\/10\\\/online-shop-bilder-1.png\",\"datePublished\":\"2020-10-23T10:24:37+00:00\",\"dateModified\":\"2026-04-17T14:40:44+00:00\",\"description\":\"Peel-off Maske mit Zucker & Alginat \u2013 spendet intensive Feuchtigkeit, beruhigt die Haut und ideal nach Behandlungen oder als Sommerpflege.\",\"breadcrumb\":{\"@id\":\"https:\\\/\\\/www.pure-beauty.shop\\\/produkt\\\/cosmix-sugar-peel-off-mask\\\/#breadcrumb\"},\"inLanguage\":\"en-GB\",\"potentialAction\":[{\"@type\":\"ReadAction\",\"target\":[\"https:\\\/\\\/www.pure-beauty.shop\\\/produkt\\\/cosmix-sugar-peel-off-mask\\\/\"]}]},{\"@type\":\"ImageObject\",\"inLanguage\":\"en-GB\",\"@id\":\"https:\\\/\\\/www.pure-beauty.shop\\\/produkt\\\/cosmix-sugar-peel-off-mask\\\/#primaryimage\",\"url\":\"https:\\\/\\\/www.pure-beauty.shop\\\/wp-content\\\/uploads\\\/2020\\\/10\\\/online-shop-bilder-1.png\",\"contentUrl\":\"https:\\\/\\\/www.pure-beauty.shop\\\/wp-content\\\/uploads\\\/2020\\\/10\\\/online-shop-bilder-1.png\",\"width\":1400,\"height\":1400},{\"@type\":\"BreadcrumbList\",\"@id\":\"https:\\\/\\\/www.pure-beauty.shop\\\/produkt\\\/cosmix-sugar-peel-off-mask\\\/#breadcrumb\",\"itemListElement\":[{\"@type\":\"ListItem\",\"position\":1,\"name\":\"Startseite\",\"item\":\"https:\\\/\\\/www.pure-beauty.shop\\\/\"},{\"@type\":\"ListItem\",\"position\":2,\"name\":\"Shop\",\"item\":\"https:\\\/\\\/www.pure-beauty.shop\\\/en\\\/shop\\\/\"},{\"@type\":\"ListItem\",\"position\":3,\"name\":\"COSMIX Sugar Peel-Off Mask (5 x 50 g)\"}]},{\"@type\":\"WebSite\",\"@id\":\"https:\\\/\\\/www.pure-beauty.shop\\\/#website\",\"url\":\"https:\\\/\\\/www.pure-beauty.shop\\\/\",\"name\":\"Pure Beauty &amp; PANDHY&#039;S Shop\",\"description\":\"Kosmetikshop in Graz\",\"potentialAction\":[{\"@type\":\"SearchAction\",\"target\":{\"@type\":\"EntryPoint\",\"urlTemplate\":\"https:\\\/\\\/www.pure-beauty.shop\\\/?s={search_term_string}\"},\"query-input\":{\"@type\":\"PropertyValueSpecification\",\"valueRequired\":true,\"valueName\":\"search_term_string\"}}],\"inLanguage\":\"en-GB\"}]}<\/script>\n<!-- \/ Yoast SEO plugin. -->","yoast_head_json":{"title":"COSMIX Sugar Peel-Off Mask (5 x 50 g) - Pure Beauty &amp; PANDHY&#039;S Shop","description":"Peel-off Maske mit Zucker & Alginat \u2013 spendet intensive Feuchtigkeit, beruhigt die Haut und ideal nach Behandlungen oder als Sommerpflege.","robots":{"index":"index","follow":"follow","max-snippet":"max-snippet:-1","max-image-preview":"max-image-preview:large","max-video-preview":"max-video-preview:-1"},"canonical":"https:\/\/www.pure-beauty.shop\/en\/product\/cosmix-sugar-peel-off-mask\/","og_locale":"en_GB","og_type":"article","og_title":"COSMIX Sugar Peel-Off Mask (5 x 50 g) - Pure Beauty &amp; PANDHY&#039;S Shop","og_description":"Peel-off Maske mit Zucker & Alginat \u2013 spendet intensive Feuchtigkeit, beruhigt die Haut und ideal nach Behandlungen oder als Sommerpflege.","og_url":"https:\/\/www.pure-beauty.shop\/en\/product\/cosmix-sugar-peel-off-mask\/","og_site_name":"Pure Beauty &amp; PANDHY&#039;S Shop","article_modified_time":"2026-04-17T14:40:44+00:00","og_image":[{"width":1400,"height":1400,"url":"https:\/\/www.pure-beauty.shop\/wp-content\/uploads\/2020\/10\/online-shop-bilder-1.png","type":"image\/png"}],"twitter_card":"summary_large_image","twitter_misc":{"Estimated reading time":"1 minute"},"schema":{"@context":"https:\/\/schema.org","@graph":[{"@type":"WebPage","@id":"https:\/\/www.pure-beauty.shop\/produkt\/cosmix-sugar-peel-off-mask\/","url":"https:\/\/www.pure-beauty.shop\/produkt\/cosmix-sugar-peel-off-mask\/","name":"COSMIX Sugar Peel-Off Mask (5 x 50 g) - Pure Beauty &amp; PANDHY&#039;S Shop","isPartOf":{"@id":"https:\/\/www.pure-beauty.shop\/#website"},"primaryImageOfPage":{"@id":"https:\/\/www.pure-beauty.shop\/produkt\/cosmix-sugar-peel-off-mask\/#primaryimage"},"image":{"@id":"https:\/\/www.pure-beauty.shop\/produkt\/cosmix-sugar-peel-off-mask\/#primaryimage"},"thumbnailUrl":"https:\/\/www.pure-beauty.shop\/wp-content\/uploads\/2020\/10\/online-shop-bilder-1.png","datePublished":"2020-10-23T10:24:37+00:00","dateModified":"2026-04-17T14:40:44+00:00","description":"Peel-off Maske mit Zucker & Alginat \u2013 spendet intensive Feuchtigkeit, beruhigt die Haut und ideal nach Behandlungen oder als Sommerpflege.","breadcrumb":{"@id":"https:\/\/www.pure-beauty.shop\/produkt\/cosmix-sugar-peel-off-mask\/#breadcrumb"},"inLanguage":"en-GB","potentialAction":[{"@type":"ReadAction","target":["https:\/\/www.pure-beauty.shop\/produkt\/cosmix-sugar-peel-off-mask\/"]}]},{"@type":"ImageObject","inLanguage":"en-GB","@id":"https:\/\/www.pure-beauty.shop\/produkt\/cosmix-sugar-peel-off-mask\/#primaryimage","url":"https:\/\/www.pure-beauty.shop\/wp-content\/uploads\/2020\/10\/online-shop-bilder-1.png","contentUrl":"https:\/\/www.pure-beauty.shop\/wp-content\/uploads\/2020\/10\/online-shop-bilder-1.png","width":1400,"height":1400},{"@type":"BreadcrumbList","@id":"https:\/\/www.pure-beauty.shop\/produkt\/cosmix-sugar-peel-off-mask\/#breadcrumb","itemListElement":[{"@type":"ListItem","position":1,"name":"Startseite","item":"https:\/\/www.pure-beauty.shop\/"},{"@type":"ListItem","position":2,"name":"Shop","item":"https:\/\/www.pure-beauty.shop\/en\/shop\/"},{"@type":"ListItem","position":3,"name":"COSMIX Sugar Peel-Off Mask (5 x 50 g)"}]},{"@type":"WebSite","@id":"https:\/\/www.pure-beauty.shop\/#website","url":"https:\/\/www.pure-beauty.shop\/","name":"Pure Beauty &amp; PANDHY&#039;S Shop","description":"Kosmetikshop in Graz","potentialAction":[{"@type":"SearchAction","target":{"@type":"EntryPoint","urlTemplate":"https:\/\/www.pure-beauty.shop\/?s={search_term_string}"},"query-input":{"@type":"PropertyValueSpecification","valueRequired":true,"valueName":"search_term_string"}}],"inLanguage":"en-GB"}]}},"jetpack_sharing_enabled":true,"_links":{"self":[{"href":"https:\/\/www.pure-beauty.shop\/en\/wp-json\/wp\/v2\/product\/17288","targetHints":{"allow":["GET"]}}],"collection":[{"href":"https:\/\/www.pure-beauty.shop\/en\/wp-json\/wp\/v2\/product"}],"about":[{"href":"https:\/\/www.pure-beauty.shop\/en\/wp-json\/wp\/v2\/types\/product"}],"replies":[{"embeddable":true,"href":"https:\/\/www.pure-beauty.shop\/en\/wp-json\/wp\/v2\/comments?post=17288"}],"wp:featuredmedia":[{"embeddable":true,"href":"https:\/\/www.pure-beauty.shop\/en\/wp-json\/wp\/v2\/media\/21052"}],"wp:attachment":[{"href":"https:\/\/www.pure-beauty.shop\/en\/wp-json\/wp\/v2\/media?parent=17288"}],"wp:term":[{"taxonomy":"brand","embeddable":true,"href":"https:\/\/www.pure-beauty.shop\/en\/wp-json\/wp\/v2\/etheme_brands?post=17288"},{"taxonomy":"product_brand","embeddable":true,"href":"https:\/\/www.pure-beauty.shop\/en\/wp-json\/wp\/v2\/product_brand?post=17288"},{"taxonomy":"product_cat","embeddable":true,"href":"https:\/\/www.pure-beauty.shop\/en\/wp-json\/wp\/v2\/product_cat?post=17288"},{"taxonomy":"product_tag","embeddable":true,"href":"https:\/\/www.pure-beauty.shop\/en\/wp-json\/wp\/v2\/product_tag?post=17288"}],"curies":[{"name":"wp","href":"https:\/\/api.w.org\/{rel}","templated":true}]}}