{"id":17291,"date":"2020-10-23T12:24:41","date_gmt":"2020-10-23T10:24:41","guid":{"rendered":"https:\/\/www.pure-beauty.shop\/pure-beauty-shop\/?post_type=product&#038;p=17291"},"modified":"2026-04-19T09:24:12","modified_gmt":"2026-04-19T07:24:12","slug":"cosmix-cream-base","status":"publish","type":"product","link":"https:\/\/www.pure-beauty.shop\/en\/product\/cosmix-cream-base\/","title":{"rendered":"COSMIX Cream Base"},"content":{"rendered":"<div class=\"wpb-content-wrapper\"><div class=\"vc_row wpb_row vc_row-fluid et_custom_uniqid_69e75be607dbb\"><div class=\"wpb_column vc_column_container vc_col-sm-12 et_custom_uniqid_69e75be607d92\"><div class=\"vc_column-inner\"><div class=\"wpb_wrapper\">\n\t<div class=\"wpb_text_column wpb_content_element\" >\n\t\t<div class=\"wpb_wrapper\">\n\t\t\t<p data-start=\"79\" data-end=\"374\">Die reichhaltige Cream Base ist speziell f\u00fcr trockene, sonnengesch\u00e4digte und reife Haut entwickelt worden. Ihre pflegende Textur hinterl\u00e4sst ein besonders angenehmes, geschmeidiges Hautgef\u00fchl und eignet sich ideal f\u00fcr die Anwendung auf Gesicht, Hals, Dekollet\u00e9 und der empfindlichen Augenpartie.<\/p>\n<p data-start=\"376\" data-end=\"705\">Die Formulierung ist reich an Vitaminen und wertvollen N\u00e4hrstoffen und basiert auf einer ausgewogenen Kombination aus sch\u00fctzenden pflanzlichen \u00d6len und Bienenwachs. Diese wirken beruhigend, intensiv feuchtigkeitsspendend und helfen, eine sch\u00fctzende, gelartige Schicht auf der Haut zu bilden, die vor Feuchtigkeitsverlust bewahrt.<\/p>\n<p data-start=\"707\" data-end=\"987\">Tapiokast\u00e4rke unterst\u00fctzt die Haut dabei, Stoffwechselreste und Unreinheiten zu binden, w\u00e4hrend die Mischung aus pflanzlichen Buttersorten, Harzen, \u00d6len und Urea die Haut tiefenwirksam n\u00e4hrt und regeneriert. Ideal f\u00fcr eine intensiv gepflegte, gest\u00e4rkte und sichtbar glattere Haut.<\/p>\n<h6 data-start=\"707\" data-end=\"987\">INCI: aqua (water), glycerin, olea europaea (olive) fruit oil, polyglyceryl-6 distearate, cera alba (beeswax), cocos nucifera (coconut) oil, urea, prunus amygdalus dulcis (sweet almond) oil, cetearyl alcohol, propylene glycol, sucrose stearate, glyceryl stearate se, tapioca starch, gluconolactone, tocopheryl acetate,helianthus annuus (sunflower) seed oil, xanthan gum, sodium benzoate, panthenol, glucose, lactic acid, cucumis sativus (cucumber) extract, citric acid, ascorbyl palmitate, chitosan glycolate, calcium gluconate, rosmarinus officinialis (rosemary) leaf extract, silver citrate<\/h6>\n\n\t\t<\/div>\n\t<\/div>\n<\/div><\/div><\/div><\/div>\n<\/div>","protected":false},"excerpt":{"rendered":"<p data-start=\"1014\" data-end=\"1091\">Cream Base \u2013 reichhaltige Pflege f\u00fcr trockene, reife und anspruchsvolle Haut.<\/p>","protected":false},"featured_media":21170,"comment_status":"open","ping_status":"closed","template":"","meta":{"jetpack_post_was_ever_published":false},"etheme_brands":[{"term_id":205,"name":"COSMIX","slug":"cosmix","term_group":0,"term_taxonomy_id":205,"taxonomy":"brand","description":"","parent":0,"count":46,"filter":"raw"}],"product_brand":[],"product_cat":[172,178,170],"product_tag":[],"class_list":{"0":"post-17291","1":"product","2":"type-product","3":"status-publish","4":"has-post-thumbnail","6":"brand-cosmix","7":"product_cat-gesicht","8":"product_cat-gesichtscreme","9":"product_cat-pflege","11":"first","12":"instock","13":"taxable","14":"shipping-taxable","15":"purchasable","16":"product-type-variable","17":"has-default-attributes"},"yoast_head":"<!-- This site is optimized with the Yoast SEO plugin v27.4 - https:\/\/yoast.com\/product\/yoast-seo-wordpress\/ -->\n<title>COSMIX Cream Base - Pure Beauty &amp; PANDHY&#039;S Shop<\/title>\n<meta name=\"description\" content=\"Reichhaltige Cream Base \u2013 intensive Pflege f\u00fcr trockene &amp; reife Haut. Mit pflanzlichen \u00d6len, Urea &amp; Bienenwachs f\u00fcr Schutz, Feuchtigkeit und Regeneration.\" \/>\n<meta name=\"robots\" content=\"index, follow, max-snippet:-1, max-image-preview:large, max-video-preview:-1\" \/>\n<link rel=\"canonical\" href=\"https:\/\/www.pure-beauty.shop\/en\/product\/cosmix-cream-base\/\" \/>\n<meta property=\"og:locale\" content=\"en_GB\" \/>\n<meta property=\"og:type\" content=\"article\" \/>\n<meta property=\"og:title\" content=\"COSMIX Cream Base - Pure Beauty &amp; PANDHY&#039;S Shop\" \/>\n<meta property=\"og:description\" content=\"Reichhaltige Cream Base \u2013 intensive Pflege f\u00fcr trockene &amp; reife Haut. Mit pflanzlichen \u00d6len, Urea &amp; Bienenwachs f\u00fcr Schutz, Feuchtigkeit und Regeneration.\" \/>\n<meta property=\"og:url\" content=\"https:\/\/www.pure-beauty.shop\/en\/product\/cosmix-cream-base\/\" \/>\n<meta property=\"og:site_name\" content=\"Pure Beauty &amp; PANDHY&#039;S Shop\" \/>\n<meta property=\"article:modified_time\" content=\"2026-04-19T07:24:12+00:00\" \/>\n<meta property=\"og:image\" content=\"https:\/\/www.pure-beauty.shop\/wp-content\/uploads\/2020\/10\/Online-Shop-Bilder-37.png\" \/>\n\t<meta property=\"og:image:width\" content=\"1400\" \/>\n\t<meta property=\"og:image:height\" content=\"1400\" \/>\n\t<meta property=\"og:image:type\" content=\"image\/png\" \/>\n<meta name=\"twitter:card\" content=\"summary_large_image\" \/>\n<meta name=\"twitter:label1\" content=\"Estimated reading time\" \/>\n\t<meta name=\"twitter:data1\" content=\"1 minute\" \/>\n<script type=\"application\/ld+json\" class=\"yoast-schema-graph\">{\"@context\":\"https:\\\/\\\/schema.org\",\"@graph\":[{\"@type\":\"WebPage\",\"@id\":\"https:\\\/\\\/www.pure-beauty.shop\\\/produkt\\\/cosmix-cream-base\\\/\",\"url\":\"https:\\\/\\\/www.pure-beauty.shop\\\/produkt\\\/cosmix-cream-base\\\/\",\"name\":\"COSMIX Cream Base - Pure Beauty &amp; PANDHY&#039;S Shop\",\"isPartOf\":{\"@id\":\"https:\\\/\\\/www.pure-beauty.shop\\\/#website\"},\"primaryImageOfPage\":{\"@id\":\"https:\\\/\\\/www.pure-beauty.shop\\\/produkt\\\/cosmix-cream-base\\\/#primaryimage\"},\"image\":{\"@id\":\"https:\\\/\\\/www.pure-beauty.shop\\\/produkt\\\/cosmix-cream-base\\\/#primaryimage\"},\"thumbnailUrl\":\"https:\\\/\\\/www.pure-beauty.shop\\\/wp-content\\\/uploads\\\/2020\\\/10\\\/Online-Shop-Bilder-37.png\",\"datePublished\":\"2020-10-23T10:24:41+00:00\",\"dateModified\":\"2026-04-19T07:24:12+00:00\",\"description\":\"Reichhaltige Cream Base \u2013 intensive Pflege f\u00fcr trockene & reife Haut. Mit pflanzlichen \u00d6len, Urea & Bienenwachs f\u00fcr Schutz, Feuchtigkeit und Regeneration.\",\"breadcrumb\":{\"@id\":\"https:\\\/\\\/www.pure-beauty.shop\\\/produkt\\\/cosmix-cream-base\\\/#breadcrumb\"},\"inLanguage\":\"en-GB\",\"potentialAction\":[{\"@type\":\"ReadAction\",\"target\":[\"https:\\\/\\\/www.pure-beauty.shop\\\/produkt\\\/cosmix-cream-base\\\/\"]}]},{\"@type\":\"ImageObject\",\"inLanguage\":\"en-GB\",\"@id\":\"https:\\\/\\\/www.pure-beauty.shop\\\/produkt\\\/cosmix-cream-base\\\/#primaryimage\",\"url\":\"https:\\\/\\\/www.pure-beauty.shop\\\/wp-content\\\/uploads\\\/2020\\\/10\\\/Online-Shop-Bilder-37.png\",\"contentUrl\":\"https:\\\/\\\/www.pure-beauty.shop\\\/wp-content\\\/uploads\\\/2020\\\/10\\\/Online-Shop-Bilder-37.png\",\"width\":1400,\"height\":1400},{\"@type\":\"BreadcrumbList\",\"@id\":\"https:\\\/\\\/www.pure-beauty.shop\\\/produkt\\\/cosmix-cream-base\\\/#breadcrumb\",\"itemListElement\":[{\"@type\":\"ListItem\",\"position\":1,\"name\":\"Startseite\",\"item\":\"https:\\\/\\\/www.pure-beauty.shop\\\/\"},{\"@type\":\"ListItem\",\"position\":2,\"name\":\"Shop\",\"item\":\"https:\\\/\\\/www.pure-beauty.shop\\\/en\\\/shop\\\/\"},{\"@type\":\"ListItem\",\"position\":3,\"name\":\"COSMIX Cream Base\"}]},{\"@type\":\"WebSite\",\"@id\":\"https:\\\/\\\/www.pure-beauty.shop\\\/#website\",\"url\":\"https:\\\/\\\/www.pure-beauty.shop\\\/\",\"name\":\"Pure Beauty &amp; PANDHY&#039;S Shop\",\"description\":\"Kosmetikshop in Graz\",\"potentialAction\":[{\"@type\":\"SearchAction\",\"target\":{\"@type\":\"EntryPoint\",\"urlTemplate\":\"https:\\\/\\\/www.pure-beauty.shop\\\/?s={search_term_string}\"},\"query-input\":{\"@type\":\"PropertyValueSpecification\",\"valueRequired\":true,\"valueName\":\"search_term_string\"}}],\"inLanguage\":\"en-GB\"}]}<\/script>\n<!-- \/ Yoast SEO plugin. -->","yoast_head_json":{"title":"COSMIX Cream Base - Pure Beauty &amp; PANDHY&#039;S Shop","description":"Reichhaltige Cream Base \u2013 intensive Pflege f\u00fcr trockene & reife Haut. Mit pflanzlichen \u00d6len, Urea & Bienenwachs f\u00fcr Schutz, Feuchtigkeit und Regeneration.","robots":{"index":"index","follow":"follow","max-snippet":"max-snippet:-1","max-image-preview":"max-image-preview:large","max-video-preview":"max-video-preview:-1"},"canonical":"https:\/\/www.pure-beauty.shop\/en\/product\/cosmix-cream-base\/","og_locale":"en_GB","og_type":"article","og_title":"COSMIX Cream Base - Pure Beauty &amp; PANDHY&#039;S Shop","og_description":"Reichhaltige Cream Base \u2013 intensive Pflege f\u00fcr trockene & reife Haut. Mit pflanzlichen \u00d6len, Urea & Bienenwachs f\u00fcr Schutz, Feuchtigkeit und Regeneration.","og_url":"https:\/\/www.pure-beauty.shop\/en\/product\/cosmix-cream-base\/","og_site_name":"Pure Beauty &amp; PANDHY&#039;S Shop","article_modified_time":"2026-04-19T07:24:12+00:00","og_image":[{"width":1400,"height":1400,"url":"https:\/\/www.pure-beauty.shop\/wp-content\/uploads\/2020\/10\/Online-Shop-Bilder-37.png","type":"image\/png"}],"twitter_card":"summary_large_image","twitter_misc":{"Estimated reading time":"1 minute"},"schema":{"@context":"https:\/\/schema.org","@graph":[{"@type":"WebPage","@id":"https:\/\/www.pure-beauty.shop\/produkt\/cosmix-cream-base\/","url":"https:\/\/www.pure-beauty.shop\/produkt\/cosmix-cream-base\/","name":"COSMIX Cream Base - Pure Beauty &amp; PANDHY&#039;S Shop","isPartOf":{"@id":"https:\/\/www.pure-beauty.shop\/#website"},"primaryImageOfPage":{"@id":"https:\/\/www.pure-beauty.shop\/produkt\/cosmix-cream-base\/#primaryimage"},"image":{"@id":"https:\/\/www.pure-beauty.shop\/produkt\/cosmix-cream-base\/#primaryimage"},"thumbnailUrl":"https:\/\/www.pure-beauty.shop\/wp-content\/uploads\/2020\/10\/Online-Shop-Bilder-37.png","datePublished":"2020-10-23T10:24:41+00:00","dateModified":"2026-04-19T07:24:12+00:00","description":"Reichhaltige Cream Base \u2013 intensive Pflege f\u00fcr trockene & reife Haut. Mit pflanzlichen \u00d6len, Urea & Bienenwachs f\u00fcr Schutz, Feuchtigkeit und Regeneration.","breadcrumb":{"@id":"https:\/\/www.pure-beauty.shop\/produkt\/cosmix-cream-base\/#breadcrumb"},"inLanguage":"en-GB","potentialAction":[{"@type":"ReadAction","target":["https:\/\/www.pure-beauty.shop\/produkt\/cosmix-cream-base\/"]}]},{"@type":"ImageObject","inLanguage":"en-GB","@id":"https:\/\/www.pure-beauty.shop\/produkt\/cosmix-cream-base\/#primaryimage","url":"https:\/\/www.pure-beauty.shop\/wp-content\/uploads\/2020\/10\/Online-Shop-Bilder-37.png","contentUrl":"https:\/\/www.pure-beauty.shop\/wp-content\/uploads\/2020\/10\/Online-Shop-Bilder-37.png","width":1400,"height":1400},{"@type":"BreadcrumbList","@id":"https:\/\/www.pure-beauty.shop\/produkt\/cosmix-cream-base\/#breadcrumb","itemListElement":[{"@type":"ListItem","position":1,"name":"Startseite","item":"https:\/\/www.pure-beauty.shop\/"},{"@type":"ListItem","position":2,"name":"Shop","item":"https:\/\/www.pure-beauty.shop\/en\/shop\/"},{"@type":"ListItem","position":3,"name":"COSMIX Cream Base"}]},{"@type":"WebSite","@id":"https:\/\/www.pure-beauty.shop\/#website","url":"https:\/\/www.pure-beauty.shop\/","name":"Pure Beauty &amp; PANDHY&#039;S Shop","description":"Kosmetikshop in Graz","potentialAction":[{"@type":"SearchAction","target":{"@type":"EntryPoint","urlTemplate":"https:\/\/www.pure-beauty.shop\/?s={search_term_string}"},"query-input":{"@type":"PropertyValueSpecification","valueRequired":true,"valueName":"search_term_string"}}],"inLanguage":"en-GB"}]}},"jetpack_sharing_enabled":true,"_links":{"self":[{"href":"https:\/\/www.pure-beauty.shop\/en\/wp-json\/wp\/v2\/product\/17291","targetHints":{"allow":["GET"]}}],"collection":[{"href":"https:\/\/www.pure-beauty.shop\/en\/wp-json\/wp\/v2\/product"}],"about":[{"href":"https:\/\/www.pure-beauty.shop\/en\/wp-json\/wp\/v2\/types\/product"}],"replies":[{"embeddable":true,"href":"https:\/\/www.pure-beauty.shop\/en\/wp-json\/wp\/v2\/comments?post=17291"}],"wp:featuredmedia":[{"embeddable":true,"href":"https:\/\/www.pure-beauty.shop\/en\/wp-json\/wp\/v2\/media\/21170"}],"wp:attachment":[{"href":"https:\/\/www.pure-beauty.shop\/en\/wp-json\/wp\/v2\/media?parent=17291"}],"wp:term":[{"taxonomy":"brand","embeddable":true,"href":"https:\/\/www.pure-beauty.shop\/en\/wp-json\/wp\/v2\/etheme_brands?post=17291"},{"taxonomy":"product_brand","embeddable":true,"href":"https:\/\/www.pure-beauty.shop\/en\/wp-json\/wp\/v2\/product_brand?post=17291"},{"taxonomy":"product_cat","embeddable":true,"href":"https:\/\/www.pure-beauty.shop\/en\/wp-json\/wp\/v2\/product_cat?post=17291"},{"taxonomy":"product_tag","embeddable":true,"href":"https:\/\/www.pure-beauty.shop\/en\/wp-json\/wp\/v2\/product_tag?post=17291"}],"curies":[{"name":"wp","href":"https:\/\/api.w.org\/{rel}","templated":true}]}}