{"id":17313,"date":"2020-10-23T12:24:48","date_gmt":"2020-10-23T10:24:48","guid":{"rendered":"https:\/\/www.pure-beauty.shop\/pure-beauty-shop\/produkt\/pandhys-cosmix-tonetexture-enhancer-aha-cocktail-10-ml\/"},"modified":"2026-04-19T12:09:47","modified_gmt":"2026-04-19T10:09:47","slug":"tonetexture-enhancer-aha-cocktail","status":"publish","type":"product","link":"https:\/\/www.pure-beauty.shop\/en\/product\/tonetexture-enhancer-aha-cocktail\/","title":{"rendered":"COSMIX AHA Cocktail Tone &#038; Texture Enhancer (10 ml)"},"content":{"rendered":"<div class=\"wpb-content-wrapper\"><div class=\"vc_row wpb_row vc_row-fluid et_custom_uniqid_69f275da5f3b1\"><div class=\"wpb_column vc_column_container vc_col-sm-12 et_custom_uniqid_69f275da5f38c\"><div class=\"vc_column-inner\"><div class=\"wpb_wrapper\">\n\t<div class=\"wpb_text_column wpb_content_element\" >\n\t\t<div class=\"wpb_wrapper\">\n\t\t\t<div class=\"vc_row wpb_row vc_row-fluid et_custom_uniqid_63b3531522358 mpc-row\">\n<div class=\"wpb_column vc_column_container vc_col-sm-12 et_custom_uniqid_63b35315212ef mpc-column\" data-column-id=\"mpc_column-8563b3531b88fc2\">\n<div class=\"vc_column-inner\">\n<div class=\"wpb_wrapper\">\n<div class=\"wpb_text_column wpb_content_element\">\n<div class=\"wpb_wrapper\">\n<p data-start=\"79\" data-end=\"430\">Dieser hochwirksame AHA Cocktail vereint ausgesuchte, saftige Fr\u00fcchte mit wertvollen Fruchts\u00e4uren (Alpha-Hydroxys\u00e4uren) f\u00fcr eine effektive und zugleich sanfte Hauterneuerung. Die Kombination aus Aprikosen, Pfirsichen, Himbeeren, Erdbeeren, Grapefruits, Mangos, Passionsfr\u00fcchten und Guavas liefert nat\u00fcrliche Wirkstoffe zur Verbesserung des Hautbildes.<\/p>\n<p data-start=\"432\" data-end=\"611\">Erg\u00e4nzt wird die Formulierung durch Glykol-, Milch-, Mandel- und Zitronens\u00e4ure, die die Wirksamkeit zus\u00e4tzlich steigern und f\u00fcr ein intensives, aber hautschonendes Peeling sorgen.<\/p>\n<p>Anwendung:<br \/>\nReinigen Sie Ihre Haut gr\u00fcndlich. Trocknen Sie sie ab. Benetzen Sie Ihre Haut mit dem AHA Cocktail vollst\u00e4ndig (ca: 8-10 Tropfen) und lassen Sie ihn 30 Minuten einwirken. Damit die PH-Wert der Fruchts\u00e4ure nicht geschw\u00e4cht wird, tragen Sie andere Pflegeprodukte erst nach vollst\u00e4ndigem Einziehen und in ca. 30 Minuten auf.<\/p>\n<p>Tipp:<br \/>\nVerwenden Sie das Produkt am Anfang nur 2-3 Mal pro Woche. Beginnen Sie mit einer einw\u00f6chigen Anwendung und nur Abends. Bauen Sie die Anwendungszeit erst dann aus, wenn sich die Haut schon daran gew\u00f6hnt hat. Wenn sich die Haut gereizt f\u00fchlt, verwenden Sie das Produkt mit Ihren anderen Pflegeprodukten (Seren, Feuchtigkeitscremes, usw.) gemischt.<\/p>\n<p>Unser Tipp: Brauchen Sie die kleine Flasche innerhalb eines Monats vollst\u00e4ndig auf.<\/p>\n<p>Bei der Verwendung von AHA-Produkten, sollten Sie das direkte Sonnen und Solarium vermeiden. Verwenden Sie immer den richtigen UVA- und UVB-Schutz! (PANDHY&#8217;S\u2122 Spray on Shield oder das PANDHY&#8217;S\u2122 Mineral Makeup).<\/p>\n<h6>INCI: propylene glycol, prunus armeniaca fruit (apricot) extract, passiflora incarnata fruit (passionfruit) extract, mangifera indica fruit (mango) extract, prunus persica fruit (peach) extract, fragaria vesca fruit (strawberry) extract, rubus idaeus fruit (raspberry) extract, psidium guajava fruit (guava) extract, citrus grandis fruit (grapefruit) extract, glycolic acid, citric acid, lactic acid, mandelic acid<\/h6>\n<\/div>\n<\/div>\n<\/div>\n<\/div>\n<\/div>\n<\/div>\n\n\t\t<\/div>\n\t<\/div>\n<\/div><\/div><\/div><\/div>\n<\/div>","protected":false},"excerpt":{"rendered":"<p data-start=\"1072\" data-end=\"1141\">AHA Cocktail \u2013 fruchtbasiertes Peeling f\u00fcr glattere, strahlende Haut.<\/p>","protected":false},"featured_media":21043,"comment_status":"open","ping_status":"closed","template":"","meta":{"jetpack_post_was_ever_published":false},"etheme_brands":[{"term_id":205,"name":"COSMIX","slug":"cosmix","term_group":0,"term_taxonomy_id":205,"taxonomy":"brand","description":"","parent":0,"count":46,"filter":"raw"}],"product_brand":[],"product_cat":[172,170,177],"product_tag":[],"class_list":{"0":"post-17313","1":"product","2":"type-product","3":"status-publish","4":"has-post-thumbnail","6":"brand-cosmix","7":"product_cat-gesicht","8":"product_cat-pflege","9":"product_cat-serum_booster_ampullen","11":"first","12":"instock","13":"taxable","14":"shipping-taxable","15":"purchasable","16":"product-type-simple"},"yoast_head":"<!-- This site is optimized with the Yoast SEO plugin v27.5 - https:\/\/yoast.com\/product\/yoast-seo-wordpress\/ -->\n<title>COSMIX AHA Cocktail Tone &amp; Texture Enhancer (10 ml) - Pure Beauty &amp; PANDHY&#039;S Shop<\/title>\n<meta name=\"description\" content=\"AHA Fruchts\u00e4ure Peeling \u2013 verbessert Hautstruktur, reduziert Unreinheiten und sorgt f\u00fcr einen strahlenden Teint. F\u00fcr nahezu alle Hauttypen geeignet.\" \/>\n<meta name=\"robots\" content=\"index, follow, max-snippet:-1, max-image-preview:large, max-video-preview:-1\" \/>\n<link rel=\"canonical\" href=\"https:\/\/www.pure-beauty.shop\/en\/product\/tonetexture-enhancer-aha-cocktail\/\" \/>\n<meta property=\"og:locale\" content=\"en_GB\" \/>\n<meta property=\"og:type\" content=\"article\" \/>\n<meta property=\"og:title\" content=\"COSMIX AHA Cocktail Tone &amp; Texture Enhancer (10 ml) - Pure Beauty &amp; PANDHY&#039;S Shop\" \/>\n<meta property=\"og:description\" content=\"AHA Fruchts\u00e4ure Peeling \u2013 verbessert Hautstruktur, reduziert Unreinheiten und sorgt f\u00fcr einen strahlenden Teint. F\u00fcr nahezu alle Hauttypen geeignet.\" \/>\n<meta property=\"og:url\" content=\"https:\/\/www.pure-beauty.shop\/en\/product\/tonetexture-enhancer-aha-cocktail\/\" \/>\n<meta property=\"og:site_name\" content=\"Pure Beauty &amp; PANDHY&#039;S Shop\" \/>\n<meta property=\"article:modified_time\" content=\"2026-04-19T10:09:47+00:00\" \/>\n<meta property=\"og:image\" content=\"https:\/\/www.pure-beauty.shop\/wp-content\/uploads\/2020\/10\/img_8627.jpeg\" \/>\n\t<meta property=\"og:image:width\" content=\"1600\" \/>\n\t<meta property=\"og:image:height\" content=\"1600\" \/>\n\t<meta property=\"og:image:type\" content=\"image\/jpeg\" \/>\n<meta name=\"twitter:card\" content=\"summary_large_image\" \/>\n<meta name=\"twitter:label1\" content=\"Estimated reading time\" \/>\n\t<meta name=\"twitter:data1\" content=\"2 minutes\" \/>\n<script type=\"application\/ld+json\" class=\"yoast-schema-graph\">{\"@context\":\"https:\\\/\\\/schema.org\",\"@graph\":[{\"@type\":\"WebPage\",\"@id\":\"https:\\\/\\\/www.pure-beauty.shop\\\/produkt\\\/tonetexture-enhancer-aha-cocktail\\\/\",\"url\":\"https:\\\/\\\/www.pure-beauty.shop\\\/produkt\\\/tonetexture-enhancer-aha-cocktail\\\/\",\"name\":\"COSMIX AHA Cocktail Tone & Texture Enhancer (10 ml) - Pure Beauty &amp; PANDHY&#039;S Shop\",\"isPartOf\":{\"@id\":\"https:\\\/\\\/www.pure-beauty.shop\\\/#website\"},\"primaryImageOfPage\":{\"@id\":\"https:\\\/\\\/www.pure-beauty.shop\\\/produkt\\\/tonetexture-enhancer-aha-cocktail\\\/#primaryimage\"},\"image\":{\"@id\":\"https:\\\/\\\/www.pure-beauty.shop\\\/produkt\\\/tonetexture-enhancer-aha-cocktail\\\/#primaryimage\"},\"thumbnailUrl\":\"https:\\\/\\\/www.pure-beauty.shop\\\/wp-content\\\/uploads\\\/2020\\\/10\\\/img_8627.jpeg\",\"datePublished\":\"2020-10-23T10:24:48+00:00\",\"dateModified\":\"2026-04-19T10:09:47+00:00\",\"description\":\"AHA Fruchts\u00e4ure Peeling \u2013 verbessert Hautstruktur, reduziert Unreinheiten und sorgt f\u00fcr einen strahlenden Teint. F\u00fcr nahezu alle Hauttypen geeignet.\",\"breadcrumb\":{\"@id\":\"https:\\\/\\\/www.pure-beauty.shop\\\/produkt\\\/tonetexture-enhancer-aha-cocktail\\\/#breadcrumb\"},\"inLanguage\":\"en-GB\",\"potentialAction\":[{\"@type\":\"ReadAction\",\"target\":[\"https:\\\/\\\/www.pure-beauty.shop\\\/produkt\\\/tonetexture-enhancer-aha-cocktail\\\/\"]}]},{\"@type\":\"ImageObject\",\"inLanguage\":\"en-GB\",\"@id\":\"https:\\\/\\\/www.pure-beauty.shop\\\/produkt\\\/tonetexture-enhancer-aha-cocktail\\\/#primaryimage\",\"url\":\"https:\\\/\\\/www.pure-beauty.shop\\\/wp-content\\\/uploads\\\/2020\\\/10\\\/img_8627.jpeg\",\"contentUrl\":\"https:\\\/\\\/www.pure-beauty.shop\\\/wp-content\\\/uploads\\\/2020\\\/10\\\/img_8627.jpeg\",\"width\":1600,\"height\":1600},{\"@type\":\"BreadcrumbList\",\"@id\":\"https:\\\/\\\/www.pure-beauty.shop\\\/produkt\\\/tonetexture-enhancer-aha-cocktail\\\/#breadcrumb\",\"itemListElement\":[{\"@type\":\"ListItem\",\"position\":1,\"name\":\"Startseite\",\"item\":\"https:\\\/\\\/www.pure-beauty.shop\\\/\"},{\"@type\":\"ListItem\",\"position\":2,\"name\":\"Shop\",\"item\":\"https:\\\/\\\/www.pure-beauty.shop\\\/en\\\/shop\\\/\"},{\"@type\":\"ListItem\",\"position\":3,\"name\":\"COSMIX AHA Cocktail Tone &#038; Texture Enhancer (10 ml)\"}]},{\"@type\":\"WebSite\",\"@id\":\"https:\\\/\\\/www.pure-beauty.shop\\\/#website\",\"url\":\"https:\\\/\\\/www.pure-beauty.shop\\\/\",\"name\":\"Pure Beauty &amp; PANDHY&#039;S Shop\",\"description\":\"Kosmetikshop in Graz\",\"potentialAction\":[{\"@type\":\"SearchAction\",\"target\":{\"@type\":\"EntryPoint\",\"urlTemplate\":\"https:\\\/\\\/www.pure-beauty.shop\\\/?s={search_term_string}\"},\"query-input\":{\"@type\":\"PropertyValueSpecification\",\"valueRequired\":true,\"valueName\":\"search_term_string\"}}],\"inLanguage\":\"en-GB\"}]}<\/script>\n<!-- \/ Yoast SEO plugin. -->","yoast_head_json":{"title":"COSMIX AHA Cocktail Tone & Texture Enhancer (10 ml) - Pure Beauty &amp; PANDHY&#039;S Shop","description":"AHA Fruchts\u00e4ure Peeling \u2013 verbessert Hautstruktur, reduziert Unreinheiten und sorgt f\u00fcr einen strahlenden Teint. F\u00fcr nahezu alle Hauttypen geeignet.","robots":{"index":"index","follow":"follow","max-snippet":"max-snippet:-1","max-image-preview":"max-image-preview:large","max-video-preview":"max-video-preview:-1"},"canonical":"https:\/\/www.pure-beauty.shop\/en\/product\/tonetexture-enhancer-aha-cocktail\/","og_locale":"en_GB","og_type":"article","og_title":"COSMIX AHA Cocktail Tone & Texture Enhancer (10 ml) - Pure Beauty &amp; PANDHY&#039;S Shop","og_description":"AHA Fruchts\u00e4ure Peeling \u2013 verbessert Hautstruktur, reduziert Unreinheiten und sorgt f\u00fcr einen strahlenden Teint. F\u00fcr nahezu alle Hauttypen geeignet.","og_url":"https:\/\/www.pure-beauty.shop\/en\/product\/tonetexture-enhancer-aha-cocktail\/","og_site_name":"Pure Beauty &amp; PANDHY&#039;S Shop","article_modified_time":"2026-04-19T10:09:47+00:00","og_image":[{"width":1600,"height":1600,"url":"https:\/\/www.pure-beauty.shop\/wp-content\/uploads\/2020\/10\/img_8627.jpeg","type":"image\/jpeg"}],"twitter_card":"summary_large_image","twitter_misc":{"Estimated reading time":"2 minutes"},"schema":{"@context":"https:\/\/schema.org","@graph":[{"@type":"WebPage","@id":"https:\/\/www.pure-beauty.shop\/produkt\/tonetexture-enhancer-aha-cocktail\/","url":"https:\/\/www.pure-beauty.shop\/produkt\/tonetexture-enhancer-aha-cocktail\/","name":"COSMIX AHA Cocktail Tone & Texture Enhancer (10 ml) - Pure Beauty &amp; PANDHY&#039;S Shop","isPartOf":{"@id":"https:\/\/www.pure-beauty.shop\/#website"},"primaryImageOfPage":{"@id":"https:\/\/www.pure-beauty.shop\/produkt\/tonetexture-enhancer-aha-cocktail\/#primaryimage"},"image":{"@id":"https:\/\/www.pure-beauty.shop\/produkt\/tonetexture-enhancer-aha-cocktail\/#primaryimage"},"thumbnailUrl":"https:\/\/www.pure-beauty.shop\/wp-content\/uploads\/2020\/10\/img_8627.jpeg","datePublished":"2020-10-23T10:24:48+00:00","dateModified":"2026-04-19T10:09:47+00:00","description":"AHA Fruchts\u00e4ure Peeling \u2013 verbessert Hautstruktur, reduziert Unreinheiten und sorgt f\u00fcr einen strahlenden Teint. F\u00fcr nahezu alle Hauttypen geeignet.","breadcrumb":{"@id":"https:\/\/www.pure-beauty.shop\/produkt\/tonetexture-enhancer-aha-cocktail\/#breadcrumb"},"inLanguage":"en-GB","potentialAction":[{"@type":"ReadAction","target":["https:\/\/www.pure-beauty.shop\/produkt\/tonetexture-enhancer-aha-cocktail\/"]}]},{"@type":"ImageObject","inLanguage":"en-GB","@id":"https:\/\/www.pure-beauty.shop\/produkt\/tonetexture-enhancer-aha-cocktail\/#primaryimage","url":"https:\/\/www.pure-beauty.shop\/wp-content\/uploads\/2020\/10\/img_8627.jpeg","contentUrl":"https:\/\/www.pure-beauty.shop\/wp-content\/uploads\/2020\/10\/img_8627.jpeg","width":1600,"height":1600},{"@type":"BreadcrumbList","@id":"https:\/\/www.pure-beauty.shop\/produkt\/tonetexture-enhancer-aha-cocktail\/#breadcrumb","itemListElement":[{"@type":"ListItem","position":1,"name":"Startseite","item":"https:\/\/www.pure-beauty.shop\/"},{"@type":"ListItem","position":2,"name":"Shop","item":"https:\/\/www.pure-beauty.shop\/en\/shop\/"},{"@type":"ListItem","position":3,"name":"COSMIX AHA Cocktail Tone &#038; Texture Enhancer (10 ml)"}]},{"@type":"WebSite","@id":"https:\/\/www.pure-beauty.shop\/#website","url":"https:\/\/www.pure-beauty.shop\/","name":"Pure Beauty &amp; PANDHY&#039;S Shop","description":"Kosmetikshop in Graz","potentialAction":[{"@type":"SearchAction","target":{"@type":"EntryPoint","urlTemplate":"https:\/\/www.pure-beauty.shop\/?s={search_term_string}"},"query-input":{"@type":"PropertyValueSpecification","valueRequired":true,"valueName":"search_term_string"}}],"inLanguage":"en-GB"}]}},"jetpack_sharing_enabled":true,"_links":{"self":[{"href":"https:\/\/www.pure-beauty.shop\/en\/wp-json\/wp\/v2\/product\/17313","targetHints":{"allow":["GET"]}}],"collection":[{"href":"https:\/\/www.pure-beauty.shop\/en\/wp-json\/wp\/v2\/product"}],"about":[{"href":"https:\/\/www.pure-beauty.shop\/en\/wp-json\/wp\/v2\/types\/product"}],"replies":[{"embeddable":true,"href":"https:\/\/www.pure-beauty.shop\/en\/wp-json\/wp\/v2\/comments?post=17313"}],"wp:featuredmedia":[{"embeddable":true,"href":"https:\/\/www.pure-beauty.shop\/en\/wp-json\/wp\/v2\/media\/21043"}],"wp:attachment":[{"href":"https:\/\/www.pure-beauty.shop\/en\/wp-json\/wp\/v2\/media?parent=17313"}],"wp:term":[{"taxonomy":"brand","embeddable":true,"href":"https:\/\/www.pure-beauty.shop\/en\/wp-json\/wp\/v2\/etheme_brands?post=17313"},{"taxonomy":"product_brand","embeddable":true,"href":"https:\/\/www.pure-beauty.shop\/en\/wp-json\/wp\/v2\/product_brand?post=17313"},{"taxonomy":"product_cat","embeddable":true,"href":"https:\/\/www.pure-beauty.shop\/en\/wp-json\/wp\/v2\/product_cat?post=17313"},{"taxonomy":"product_tag","embeddable":true,"href":"https:\/\/www.pure-beauty.shop\/en\/wp-json\/wp\/v2\/product_tag?post=17313"}],"curies":[{"name":"wp","href":"https:\/\/api.w.org\/{rel}","templated":true}]}}