{"id":17316,"date":"2020-10-23T12:24:48","date_gmt":"2020-10-23T10:24:48","guid":{"rendered":"https:\/\/www.pure-beauty.shop\/pure-beauty-shop\/produkt\/pandhys-spray-on-shield-100-ml\/"},"modified":"2026-04-20T00:52:25","modified_gmt":"2026-04-19T22:52:25","slug":"spray-on-shield","status":"publish","type":"product","link":"https:\/\/www.pure-beauty.shop\/en\/product\/spray-on-shield\/","title":{"rendered":"PANDHY\u2019S\u2122 Spray On Shield (100 ml)"},"content":{"rendered":"<div class=\"wpb-content-wrapper\"><div class=\"vc_row wpb_row vc_row-fluid et_custom_uniqid_63b34fdc31209 mpc-row\">\n<div class=\"wpb_column vc_column_container vc_col-sm-12 et_custom_uniqid_63b34fdc2fc71 mpc-column\" data-column-id=\"mpc_column-463b34fe61a58c\">\n<div class=\"vc_column-inner\">\n<div class=\"wpb_wrapper\">\n<div class=\"wpb_text_column wpb_content_element\">\n<div class=\"wpb_wrapper\">\n<p>Mineralischer Licht- und Sonnenschutz mit SPF15<\/p>\n<p>Auf Rosenwasser basierendes, transparentes, sch\u00fctzendes Zinkoxid-Spray, angereichert mit Phyto-Wirkstoffen und Antioxidantien, bietet das Spray On Schild einen breiten Schutz vor UVA- und UVB-Strahlen und sch\u00fctzt die Haut vor den Auswirkungen von hochenergetischem, sichtbaren Licht (HEV).<\/p>\n<p>In keinem PANDHY&#8217;S\u2122 Naturkosmetikprodukt ist ein chemischer Licht-oder Sonnenfilter eingebaut. Somit ist Spray on Shield ein ideales Abschlussprodukt, wenn der Bedarf nach Sonnenschutz vorhanden ist.<\/p>\n<p>Es verteilt sich gleichm\u00e4\u00dfig und trocknet schnell zu einem matten, glanzfreien Finish, was es zu einer idealen Pflege- und Schutzformel f\u00fcr alle Hauttypen macht.<\/p>\n<p>Anwendung: Flasche vor jeder Anwendung kr\u00e4ftig sch\u00fctteln! Spr\u00fchen Sie die Emulsion in Ihre Hand und verteilen Sie die Tr\u00f6pfchen sanft mit den Fingerspitzen \u00fcber Ihre Tagespflege oder alleine auf die Haut! Reiben ist nicht notwendig! Als Sonnenschutz alle 2 Stunden erneut anwenden!<\/p>\n<h6>INCI: rosa damascena (rose) flower water, c13-15 alkane, zinc oxide, caprylic\/capric triglyceride, decyl glucoside, propylene glycol, methylcellulose, aqua, phenoxyethanol, krameria triandra root extract, tocopherol, melanin, pentylene glycol, benzyl alcohol, potassium sorbate, ethylhexylglycerin, citronellol, geraniol<\/h6>\n<\/div>\n<\/div>\n<\/div>\n<\/div>\n<\/div>\n<\/div>\n<\/div>","protected":false},"excerpt":{"rendered":"<p>mineralischer Licht- und Sonnenschutz mit SPF15<\/p>","protected":false},"featured_media":21234,"comment_status":"open","ping_status":"closed","template":"","meta":{"jetpack_post_was_ever_published":false},"etheme_brands":[{"term_id":203,"name":"PANDHY'S\u2122","slug":"pandhys","term_group":0,"term_taxonomy_id":203,"taxonomy":"brand","description":"","parent":0,"count":68,"filter":"raw"}],"product_brand":[],"product_cat":[172,178,170,180],"product_tag":[],"class_list":{"0":"post-17316","1":"product","2":"type-product","3":"status-publish","4":"has-post-thumbnail","6":"brand-pandhys","7":"product_cat-gesicht","8":"product_cat-gesichtscreme","9":"product_cat-pflege","10":"product_cat-spezialpflege","12":"first","13":"instock","14":"taxable","15":"shipping-taxable","16":"purchasable","17":"product-type-simple"},"yoast_head":"<!-- This site is optimized with the Yoast SEO plugin v27.5 - https:\/\/yoast.com\/product\/yoast-seo-wordpress\/ -->\n<title>PANDHY\u2019S\u2122 Spray On Shield (100 ml) - Pure Beauty &amp; PANDHY&#039;S Shop<\/title>\n<meta name=\"description\" content=\"Mineralischer Licht- und Sonnenschutz mit SPF15. Auf Rosenwasser basierendes, transparentes, sch\u00fctzendes Zinkoxid-Spray, angereichert mit Phyto-Wirkstoffen und Antioxidantien, bietet das Spray On Schild einen breiten Schutz vor UVA- und UVB-Strahlen und sch\u00fctzt die Haut vor den Auswirkungen von hochenergetischem, sichtbaren Licht (HEV).\" \/>\n<meta name=\"robots\" content=\"index, follow, max-snippet:-1, max-image-preview:large, max-video-preview:-1\" \/>\n<link rel=\"canonical\" href=\"https:\/\/www.pure-beauty.shop\/en\/product\/spray-on-shield\/\" \/>\n<meta property=\"og:locale\" content=\"en_GB\" \/>\n<meta property=\"og:type\" content=\"article\" \/>\n<meta property=\"og:title\" content=\"PANDHY\u2019S\u2122 Spray On Shield (100 ml) - Pure Beauty &amp; PANDHY&#039;S Shop\" \/>\n<meta property=\"og:description\" content=\"Mineralischer Licht- und Sonnenschutz mit SPF15. Auf Rosenwasser basierendes, transparentes, sch\u00fctzendes Zinkoxid-Spray, angereichert mit Phyto-Wirkstoffen und Antioxidantien, bietet das Spray On Schild einen breiten Schutz vor UVA- und UVB-Strahlen und sch\u00fctzt die Haut vor den Auswirkungen von hochenergetischem, sichtbaren Licht (HEV).\" \/>\n<meta property=\"og:url\" content=\"https:\/\/www.pure-beauty.shop\/en\/product\/spray-on-shield\/\" \/>\n<meta property=\"og:site_name\" content=\"Pure Beauty &amp; PANDHY&#039;S Shop\" \/>\n<meta property=\"article:publisher\" content=\"https:\/\/www.facebook.com\/purebeautygraz\" \/>\n<meta property=\"article:modified_time\" content=\"2026-04-19T22:52:25+00:00\" \/>\n<meta property=\"og:image\" content=\"https:\/\/www.pure-beauty.shop\/wp-content\/uploads\/2020\/10\/Online-Shop-Bilder-52.png\" \/>\n\t<meta property=\"og:image:width\" content=\"1400\" \/>\n\t<meta property=\"og:image:height\" content=\"1400\" \/>\n\t<meta property=\"og:image:type\" content=\"image\/png\" \/>\n<meta name=\"twitter:card\" content=\"summary_large_image\" \/>\n<meta name=\"twitter:label1\" content=\"Estimated reading time\" \/>\n\t<meta name=\"twitter:data1\" content=\"1 minute\" \/>\n<script type=\"application\/ld+json\" class=\"yoast-schema-graph\">{\"@context\":\"https:\\\/\\\/schema.org\",\"@graph\":[{\"@type\":\"WebPage\",\"@id\":\"https:\\\/\\\/www.pure-beauty.shop\\\/produkt\\\/spray-on-shield\\\/\",\"url\":\"https:\\\/\\\/www.pure-beauty.shop\\\/produkt\\\/spray-on-shield\\\/\",\"name\":\"PANDHY\u2019S\u2122 Spray On Shield (100 ml) - Pure Beauty &amp; PANDHY&#039;S Shop\",\"isPartOf\":{\"@id\":\"https:\\\/\\\/www.pure-beauty.shop\\\/#website\"},\"primaryImageOfPage\":{\"@id\":\"https:\\\/\\\/www.pure-beauty.shop\\\/produkt\\\/spray-on-shield\\\/#primaryimage\"},\"image\":{\"@id\":\"https:\\\/\\\/www.pure-beauty.shop\\\/produkt\\\/spray-on-shield\\\/#primaryimage\"},\"thumbnailUrl\":\"https:\\\/\\\/www.pure-beauty.shop\\\/wp-content\\\/uploads\\\/2020\\\/10\\\/Online-Shop-Bilder-52.png\",\"datePublished\":\"2020-10-23T10:24:48+00:00\",\"dateModified\":\"2026-04-19T22:52:25+00:00\",\"description\":\"Mineralischer Licht- und Sonnenschutz mit SPF15. Auf Rosenwasser basierendes, transparentes, sch\u00fctzendes Zinkoxid-Spray, angereichert mit Phyto-Wirkstoffen und Antioxidantien, bietet das Spray On Schild einen breiten Schutz vor UVA- und UVB-Strahlen und sch\u00fctzt die Haut vor den Auswirkungen von hochenergetischem, sichtbaren Licht (HEV).\",\"breadcrumb\":{\"@id\":\"https:\\\/\\\/www.pure-beauty.shop\\\/produkt\\\/spray-on-shield\\\/#breadcrumb\"},\"inLanguage\":\"en-GB\",\"potentialAction\":[{\"@type\":\"ReadAction\",\"target\":[\"https:\\\/\\\/www.pure-beauty.shop\\\/produkt\\\/spray-on-shield\\\/\"]}]},{\"@type\":\"ImageObject\",\"inLanguage\":\"en-GB\",\"@id\":\"https:\\\/\\\/www.pure-beauty.shop\\\/produkt\\\/spray-on-shield\\\/#primaryimage\",\"url\":\"https:\\\/\\\/www.pure-beauty.shop\\\/wp-content\\\/uploads\\\/2020\\\/10\\\/Online-Shop-Bilder-52.png\",\"contentUrl\":\"https:\\\/\\\/www.pure-beauty.shop\\\/wp-content\\\/uploads\\\/2020\\\/10\\\/Online-Shop-Bilder-52.png\",\"width\":1400,\"height\":1400},{\"@type\":\"BreadcrumbList\",\"@id\":\"https:\\\/\\\/www.pure-beauty.shop\\\/produkt\\\/spray-on-shield\\\/#breadcrumb\",\"itemListElement\":[{\"@type\":\"ListItem\",\"position\":1,\"name\":\"Startseite\",\"item\":\"https:\\\/\\\/www.pure-beauty.shop\\\/\"},{\"@type\":\"ListItem\",\"position\":2,\"name\":\"Shop\",\"item\":\"https:\\\/\\\/www.pure-beauty.shop\\\/en\\\/shop\\\/\"},{\"@type\":\"ListItem\",\"position\":3,\"name\":\"PANDHY\u2019S\u2122 Spray On Shield (100 ml)\"}]},{\"@type\":\"WebSite\",\"@id\":\"https:\\\/\\\/www.pure-beauty.shop\\\/#website\",\"url\":\"https:\\\/\\\/www.pure-beauty.shop\\\/\",\"name\":\"Pure Beauty & PANDHY'S Shop\",\"description\":\"Kosmetikshop in Graz\",\"publisher\":{\"@id\":\"https:\\\/\\\/www.pure-beauty.shop\\\/#organization\"},\"potentialAction\":[{\"@type\":\"SearchAction\",\"target\":{\"@type\":\"EntryPoint\",\"urlTemplate\":\"https:\\\/\\\/www.pure-beauty.shop\\\/?s={search_term_string}\"},\"query-input\":{\"@type\":\"PropertyValueSpecification\",\"valueRequired\":true,\"valueName\":\"search_term_string\"}}],\"inLanguage\":\"en-GB\"},{\"@type\":\"Organization\",\"@id\":\"https:\\\/\\\/www.pure-beauty.shop\\\/#organization\",\"name\":\"Pure Beauty & PANDHY'S Shop\",\"url\":\"https:\\\/\\\/www.pure-beauty.shop\\\/\",\"logo\":{\"@type\":\"ImageObject\",\"inLanguage\":\"en-GB\",\"@id\":\"https:\\\/\\\/www.pure-beauty.shop\\\/#\\\/schema\\\/logo\\\/image\\\/\",\"url\":\"https:\\\/\\\/www.pure-beauty.shop\\\/wp-content\\\/uploads\\\/2026\\\/04\\\/pb_black-scaled.png\",\"contentUrl\":\"https:\\\/\\\/www.pure-beauty.shop\\\/wp-content\\\/uploads\\\/2026\\\/04\\\/pb_black-scaled.png\",\"width\":2560,\"height\":2560,\"caption\":\"Pure Beauty & PANDHY'S Shop\"},\"image\":{\"@id\":\"https:\\\/\\\/www.pure-beauty.shop\\\/#\\\/schema\\\/logo\\\/image\\\/\"},\"sameAs\":[\"https:\\\/\\\/www.facebook.com\\\/purebeautygraz\",\"https:\\\/\\\/www.instragram.com\\\/pure_beauty_graz\"]}]}<\/script>\n<!-- \/ Yoast SEO plugin. -->","yoast_head_json":{"title":"PANDHY\u2019S\u2122 Spray On Shield (100 ml) - Pure Beauty &amp; PANDHY&#039;S Shop","description":"Mineralischer Licht- und Sonnenschutz mit SPF15. Auf Rosenwasser basierendes, transparentes, sch\u00fctzendes Zinkoxid-Spray, angereichert mit Phyto-Wirkstoffen und Antioxidantien, bietet das Spray On Schild einen breiten Schutz vor UVA- und UVB-Strahlen und sch\u00fctzt die Haut vor den Auswirkungen von hochenergetischem, sichtbaren Licht (HEV).","robots":{"index":"index","follow":"follow","max-snippet":"max-snippet:-1","max-image-preview":"max-image-preview:large","max-video-preview":"max-video-preview:-1"},"canonical":"https:\/\/www.pure-beauty.shop\/en\/product\/spray-on-shield\/","og_locale":"en_GB","og_type":"article","og_title":"PANDHY\u2019S\u2122 Spray On Shield (100 ml) - Pure Beauty &amp; PANDHY&#039;S Shop","og_description":"Mineralischer Licht- und Sonnenschutz mit SPF15. Auf Rosenwasser basierendes, transparentes, sch\u00fctzendes Zinkoxid-Spray, angereichert mit Phyto-Wirkstoffen und Antioxidantien, bietet das Spray On Schild einen breiten Schutz vor UVA- und UVB-Strahlen und sch\u00fctzt die Haut vor den Auswirkungen von hochenergetischem, sichtbaren Licht (HEV).","og_url":"https:\/\/www.pure-beauty.shop\/en\/product\/spray-on-shield\/","og_site_name":"Pure Beauty &amp; PANDHY&#039;S Shop","article_publisher":"https:\/\/www.facebook.com\/purebeautygraz","article_modified_time":"2026-04-19T22:52:25+00:00","og_image":[{"width":1400,"height":1400,"url":"https:\/\/www.pure-beauty.shop\/wp-content\/uploads\/2020\/10\/Online-Shop-Bilder-52.png","type":"image\/png"}],"twitter_card":"summary_large_image","twitter_misc":{"Estimated reading time":"1 minute"},"schema":{"@context":"https:\/\/schema.org","@graph":[{"@type":"WebPage","@id":"https:\/\/www.pure-beauty.shop\/produkt\/spray-on-shield\/","url":"https:\/\/www.pure-beauty.shop\/produkt\/spray-on-shield\/","name":"PANDHY\u2019S\u2122 Spray On Shield (100 ml) - Pure Beauty &amp; PANDHY&#039;S Shop","isPartOf":{"@id":"https:\/\/www.pure-beauty.shop\/#website"},"primaryImageOfPage":{"@id":"https:\/\/www.pure-beauty.shop\/produkt\/spray-on-shield\/#primaryimage"},"image":{"@id":"https:\/\/www.pure-beauty.shop\/produkt\/spray-on-shield\/#primaryimage"},"thumbnailUrl":"https:\/\/www.pure-beauty.shop\/wp-content\/uploads\/2020\/10\/Online-Shop-Bilder-52.png","datePublished":"2020-10-23T10:24:48+00:00","dateModified":"2026-04-19T22:52:25+00:00","description":"Mineralischer Licht- und Sonnenschutz mit SPF15. Auf Rosenwasser basierendes, transparentes, sch\u00fctzendes Zinkoxid-Spray, angereichert mit Phyto-Wirkstoffen und Antioxidantien, bietet das Spray On Schild einen breiten Schutz vor UVA- und UVB-Strahlen und sch\u00fctzt die Haut vor den Auswirkungen von hochenergetischem, sichtbaren Licht (HEV).","breadcrumb":{"@id":"https:\/\/www.pure-beauty.shop\/produkt\/spray-on-shield\/#breadcrumb"},"inLanguage":"en-GB","potentialAction":[{"@type":"ReadAction","target":["https:\/\/www.pure-beauty.shop\/produkt\/spray-on-shield\/"]}]},{"@type":"ImageObject","inLanguage":"en-GB","@id":"https:\/\/www.pure-beauty.shop\/produkt\/spray-on-shield\/#primaryimage","url":"https:\/\/www.pure-beauty.shop\/wp-content\/uploads\/2020\/10\/Online-Shop-Bilder-52.png","contentUrl":"https:\/\/www.pure-beauty.shop\/wp-content\/uploads\/2020\/10\/Online-Shop-Bilder-52.png","width":1400,"height":1400},{"@type":"BreadcrumbList","@id":"https:\/\/www.pure-beauty.shop\/produkt\/spray-on-shield\/#breadcrumb","itemListElement":[{"@type":"ListItem","position":1,"name":"Startseite","item":"https:\/\/www.pure-beauty.shop\/"},{"@type":"ListItem","position":2,"name":"Shop","item":"https:\/\/www.pure-beauty.shop\/en\/shop\/"},{"@type":"ListItem","position":3,"name":"PANDHY\u2019S\u2122 Spray On Shield (100 ml)"}]},{"@type":"WebSite","@id":"https:\/\/www.pure-beauty.shop\/#website","url":"https:\/\/www.pure-beauty.shop\/","name":"Pure Beauty & PANDHY'S Shop","description":"Kosmetikshop in Graz","publisher":{"@id":"https:\/\/www.pure-beauty.shop\/#organization"},"potentialAction":[{"@type":"SearchAction","target":{"@type":"EntryPoint","urlTemplate":"https:\/\/www.pure-beauty.shop\/?s={search_term_string}"},"query-input":{"@type":"PropertyValueSpecification","valueRequired":true,"valueName":"search_term_string"}}],"inLanguage":"en-GB"},{"@type":"Organization","@id":"https:\/\/www.pure-beauty.shop\/#organization","name":"Pure Beauty & PANDHY'S Shop","url":"https:\/\/www.pure-beauty.shop\/","logo":{"@type":"ImageObject","inLanguage":"en-GB","@id":"https:\/\/www.pure-beauty.shop\/#\/schema\/logo\/image\/","url":"https:\/\/www.pure-beauty.shop\/wp-content\/uploads\/2026\/04\/pb_black-scaled.png","contentUrl":"https:\/\/www.pure-beauty.shop\/wp-content\/uploads\/2026\/04\/pb_black-scaled.png","width":2560,"height":2560,"caption":"Pure Beauty & PANDHY'S Shop"},"image":{"@id":"https:\/\/www.pure-beauty.shop\/#\/schema\/logo\/image\/"},"sameAs":["https:\/\/www.facebook.com\/purebeautygraz","https:\/\/www.instragram.com\/pure_beauty_graz"]}]}},"jetpack_sharing_enabled":true,"_links":{"self":[{"href":"https:\/\/www.pure-beauty.shop\/en\/wp-json\/wp\/v2\/product\/17316","targetHints":{"allow":["GET"]}}],"collection":[{"href":"https:\/\/www.pure-beauty.shop\/en\/wp-json\/wp\/v2\/product"}],"about":[{"href":"https:\/\/www.pure-beauty.shop\/en\/wp-json\/wp\/v2\/types\/product"}],"replies":[{"embeddable":true,"href":"https:\/\/www.pure-beauty.shop\/en\/wp-json\/wp\/v2\/comments?post=17316"}],"wp:featuredmedia":[{"embeddable":true,"href":"https:\/\/www.pure-beauty.shop\/en\/wp-json\/wp\/v2\/media\/21234"}],"wp:attachment":[{"href":"https:\/\/www.pure-beauty.shop\/en\/wp-json\/wp\/v2\/media?parent=17316"}],"wp:term":[{"taxonomy":"brand","embeddable":true,"href":"https:\/\/www.pure-beauty.shop\/en\/wp-json\/wp\/v2\/etheme_brands?post=17316"},{"taxonomy":"product_brand","embeddable":true,"href":"https:\/\/www.pure-beauty.shop\/en\/wp-json\/wp\/v2\/product_brand?post=17316"},{"taxonomy":"product_cat","embeddable":true,"href":"https:\/\/www.pure-beauty.shop\/en\/wp-json\/wp\/v2\/product_cat?post=17316"},{"taxonomy":"product_tag","embeddable":true,"href":"https:\/\/www.pure-beauty.shop\/en\/wp-json\/wp\/v2\/product_tag?post=17316"}],"curies":[{"name":"wp","href":"https:\/\/api.w.org\/{rel}","templated":true}]}}