{"id":17318,"date":"2020-10-23T12:24:55","date_gmt":"2020-10-23T10:24:55","guid":{"rendered":"https:\/\/www.pure-beauty.shop\/pure-beauty-shop\/produkt\/pandhys-burn-firm-contour-care-150-ml\/"},"modified":"2026-04-10T22:09:59","modified_gmt":"2026-04-10T20:09:59","slug":"burn-firm-contour-care","status":"publish","type":"product","link":"https:\/\/www.pure-beauty.shop\/en\/product\/burn-firm-contour-care\/","title":{"rendered":"PANDHY\u2019S\u2122 Burn &amp; Firm Contour Care"},"content":{"rendered":"<div class=\"wpb-content-wrapper\"><div class=\"vc_row wpb_row vc_row-fluid et_custom_uniqid_69e474fbd966b\"><div class=\"wpb_column vc_column_container vc_col-sm-12 et_custom_uniqid_69e474fbd9642\"><div class=\"vc_column-inner\"><div class=\"wpb_wrapper\">\n\t<div class=\"wpb_text_column wpb_content_element\" >\n\t\t<div class=\"wpb_wrapper\">\n\t\t\t<p>Das beste fettverbrennende Celluliteprodukt bei PANDHY&#8217;S\u2122. Die Formel bek\u00e4mpft mehrdimensional \u00fcbersch\u00fcssige Zentimeter, formt effektiv K\u00f6rperkonturen, zeigt eine schlankere Silhouette und reduziert sichtbar das Erscheinungsbild von Cellulite. Die Creme wird in eine spezielle Tube mit Roller-Applikator gef\u00fcllt, f\u00fcr eine ber\u00fchrungsfreie Anwendung, und um eine kreislauff\u00f6rdernde Massage durchzuf\u00fchren, um den Effekt zu vervollst\u00e4ndigen. Die Hauptwirkstoffe sind hei\u00dfe Chili-Pfeffer, gelber Senf, Cantella und Efeu-Extrakte sowie Vitamin C.<\/p>\n<p>Anwendung: Das Produkt ist mechanisch gesch\u00fctzt, um das Auslaufen zu verhindern. Stellen Sie daher das Applikator auf &#8222;On&#8220; . Dr\u00fccken Sie die Massageb\u00e4lle gegen die Haut, pressen Sie die Creme aus und massieren Sie die Cr\u00e9me \u00fcber den ganzen K\u00f6rper, von den Beinen aufw\u00e4rts. Konzentrieren Sie sich am meisten auf betroffene Bereiche wie Bauch, Oberschenkel, H\u00fcften, Ges\u00e4\u00df und Oberarme. Lassen Sie die Formel einziehen, bevor Sie sich anziehen.<\/p>\n<p>W\u00e4rme, Kribbeln und R\u00f6tung k\u00f6nnen auftreten, dies sind normale Erscheinungen. Das Produkt w\u00e4rmt die ausgeh\u00e4rtete Cellulite an, verfl\u00fcssigt Fett in den Zellen der speichernden Unterhaut, das wiederum durch die Drainage des K\u00f6rpers abflie\u00dfen kann. So wird die Silhouette jedes Mal schlanker!<\/p>\n<p>Ist der Thermoeffekt zu intensiv, kann er durch die Anwendung von reinem K\u00f6rper\u00f6l reduziert werden. Sollte nicht mit hei\u00dfem Wasser abgewaschen werden, hei\u00dfes Wasser erh\u00f6ht das W\u00e4rmegef\u00fchl!<\/p>\n<p>Vorgeschlagene Anwendung: Ein- bis zweimal t\u00e4glich f\u00fcr 30 Tage f\u00fcr maximale Ergebnisse. Sobald das gew\u00fcnschte Ergebnis erreicht ist, 2-3 mal w\u00f6chentlich anwenden, um es zu erhalten.<\/p>\n<p>Wichtig: Nur f\u00fcr den externen Gebrauch. Nach der Anwendung H\u00e4nde gut mit Seife und kaltem Wasser waschen. Nicht f\u00fcr sensible Bereiche oder f\u00fcr gereizte und sensible Haut geeignet. F\u00fchren Sie vor der Verwendung einen Patch-Test durch. Kontakt mit Augen- und Schleimhautbereich vermeiden. Au\u00dferhalb der Reichweite von Kindern aufbewahren.<\/p>\n<h6>INCI: aqua, ascorbic acid, glyceryl stearate, cetyl alcohol, stearyl alcohol, stearic acid, caprylic \/ capric triglyceride, phenoxyethanol, vitis vinifera (grape) seed oil, helianthus annuus (sunflower) seed oil, capsicum frutescens fruit (cayenne) extract, rosmarinus officinalis (rosemary) leaf oil, tocopherol, foeniculum vulgare dulce (sweet fennel) fruit oil, glycerin, centella asiatica (gotu kola) extract, hedera helix (ivy) leaf extract, sodium salicylate, capsaicin, brassica alba sprout (white mustard) extract, sodium benzoate, potassium sorbate, citric acid, limonene, linalool<\/h6>\n\n\t\t<\/div>\n\t<\/div>\n<\/div><\/div><\/div><\/div>\n<\/div>","protected":false},"excerpt":{"rendered":"<p>fettverbrennendes Celluliteprodukt<\/p>","protected":false},"featured_media":18016,"comment_status":"open","ping_status":"closed","template":"","meta":{"jetpack_post_was_ever_published":false},"etheme_brands":[{"term_id":203,"name":"PANDHY'S\u2122","slug":"pandhys","term_group":0,"term_taxonomy_id":203,"taxonomy":"brand","description":"","parent":0,"count":56,"filter":"raw"}],"product_brand":[],"product_cat":[195,173,190,170],"product_tag":[],"class_list":{"0":"post-17318","1":"product","2":"type-product","3":"status-publish","4":"has-post-thumbnail","6":"brand-pandhys","7":"product_cat-cellulitepflege_tools","8":"product_cat-koerper","9":"product_cat-koerperpflege","10":"product_cat-pflege","12":"first","13":"outofstock","14":"taxable","15":"shipping-taxable","16":"purchasable","17":"product-type-simple"},"yoast_head":"<!-- This site is optimized with the Yoast SEO plugin v27.4 - https:\/\/yoast.com\/product\/yoast-seo-wordpress\/ -->\n<title>PANDHY\u2019S\u2122 Burn &amp; Firm Contour Care - Pure Beauty &amp; PANDHY&#039;S Shop<\/title>\n<meta name=\"description\" content=\"Das beste fettverbrennende Celluliteprodukt bei PANDHY&#039;S\u2122. Die Formel bek\u00e4mpft mehrdimensional \u00fcbersch\u00fcssige Zentimeter, formt effektiv K\u00f6rperkonturen, zeigt eine schlankere Silhouette und reduziert sichtbar das Erscheinungsbild von Cellulite. Die Creme wird in eine spezielle Tube mit Roller-Applikator gef\u00fcllt, f\u00fcr eine ber\u00fchrungsfreie Anwendung, und um eine kreislauff\u00f6rdernde Massage durchzuf\u00fchren, um den Effekt zu vervollst\u00e4ndigen. Die Hauptwirkstoffe sind hei\u00dfe Chili-Pfeffer, gelber Senf, Cantella und Efeu-Extrakte sowie Vitamin C.\" \/>\n<meta name=\"robots\" content=\"index, follow, max-snippet:-1, max-image-preview:large, max-video-preview:-1\" \/>\n<link rel=\"canonical\" href=\"https:\/\/www.pure-beauty.shop\/en\/product\/burn-firm-contour-care\/\" \/>\n<meta property=\"og:locale\" content=\"en_GB\" \/>\n<meta property=\"og:type\" content=\"article\" \/>\n<meta property=\"og:title\" content=\"PANDHY\u2019S\u2122 Burn &amp; Firm Contour Care - Pure Beauty &amp; PANDHY&#039;S Shop\" \/>\n<meta property=\"og:description\" content=\"Das beste fettverbrennende Celluliteprodukt bei PANDHY&#039;S\u2122. Die Formel bek\u00e4mpft mehrdimensional \u00fcbersch\u00fcssige Zentimeter, formt effektiv K\u00f6rperkonturen, zeigt eine schlankere Silhouette und reduziert sichtbar das Erscheinungsbild von Cellulite. Die Creme wird in eine spezielle Tube mit Roller-Applikator gef\u00fcllt, f\u00fcr eine ber\u00fchrungsfreie Anwendung, und um eine kreislauff\u00f6rdernde Massage durchzuf\u00fchren, um den Effekt zu vervollst\u00e4ndigen. Die Hauptwirkstoffe sind hei\u00dfe Chili-Pfeffer, gelber Senf, Cantella und Efeu-Extrakte sowie Vitamin C.\" \/>\n<meta property=\"og:url\" content=\"https:\/\/www.pure-beauty.shop\/en\/product\/burn-firm-contour-care\/\" \/>\n<meta property=\"og:site_name\" content=\"Pure Beauty &amp; PANDHY&#039;S Shop\" \/>\n<meta property=\"article:modified_time\" content=\"2026-04-10T20:09:59+00:00\" \/>\n<meta property=\"og:image\" content=\"https:\/\/www.pure-beauty.shop\/wp-content\/uploads\/2020\/10\/burnfirm_label_box.jpg1_.jpg\" \/>\n\t<meta property=\"og:image:width\" content=\"1000\" \/>\n\t<meta property=\"og:image:height\" content=\"1000\" \/>\n\t<meta property=\"og:image:type\" content=\"image\/jpeg\" \/>\n<meta name=\"twitter:card\" content=\"summary_large_image\" \/>\n<meta name=\"twitter:label1\" content=\"Estimated reading time\" \/>\n\t<meta name=\"twitter:data1\" content=\"2 minutes\" \/>\n<script type=\"application\/ld+json\" class=\"yoast-schema-graph\">{\"@context\":\"https:\\\/\\\/schema.org\",\"@graph\":[{\"@type\":\"WebPage\",\"@id\":\"https:\\\/\\\/www.pure-beauty.shop\\\/produkt\\\/burn-firm-contour-care\\\/\",\"url\":\"https:\\\/\\\/www.pure-beauty.shop\\\/produkt\\\/burn-firm-contour-care\\\/\",\"name\":\"PANDHY\u2019S\u2122 Burn &amp; Firm Contour Care - Pure Beauty &amp; PANDHY&#039;S Shop\",\"isPartOf\":{\"@id\":\"https:\\\/\\\/www.pure-beauty.shop\\\/#website\"},\"primaryImageOfPage\":{\"@id\":\"https:\\\/\\\/www.pure-beauty.shop\\\/produkt\\\/burn-firm-contour-care\\\/#primaryimage\"},\"image\":{\"@id\":\"https:\\\/\\\/www.pure-beauty.shop\\\/produkt\\\/burn-firm-contour-care\\\/#primaryimage\"},\"thumbnailUrl\":\"https:\\\/\\\/www.pure-beauty.shop\\\/wp-content\\\/uploads\\\/2020\\\/10\\\/burnfirm_label_box.jpg1_.jpg\",\"datePublished\":\"2020-10-23T10:24:55+00:00\",\"dateModified\":\"2026-04-10T20:09:59+00:00\",\"description\":\"Das beste fettverbrennende Celluliteprodukt bei PANDHY'S\u2122. Die Formel bek\u00e4mpft mehrdimensional \u00fcbersch\u00fcssige Zentimeter, formt effektiv K\u00f6rperkonturen, zeigt eine schlankere Silhouette und reduziert sichtbar das Erscheinungsbild von Cellulite. Die Creme wird in eine spezielle Tube mit Roller-Applikator gef\u00fcllt, f\u00fcr eine ber\u00fchrungsfreie Anwendung, und um eine kreislauff\u00f6rdernde Massage durchzuf\u00fchren, um den Effekt zu vervollst\u00e4ndigen. Die Hauptwirkstoffe sind hei\u00dfe Chili-Pfeffer, gelber Senf, Cantella und Efeu-Extrakte sowie Vitamin C.\",\"breadcrumb\":{\"@id\":\"https:\\\/\\\/www.pure-beauty.shop\\\/produkt\\\/burn-firm-contour-care\\\/#breadcrumb\"},\"inLanguage\":\"en-GB\",\"potentialAction\":[{\"@type\":\"ReadAction\",\"target\":[\"https:\\\/\\\/www.pure-beauty.shop\\\/produkt\\\/burn-firm-contour-care\\\/\"]}]},{\"@type\":\"ImageObject\",\"inLanguage\":\"en-GB\",\"@id\":\"https:\\\/\\\/www.pure-beauty.shop\\\/produkt\\\/burn-firm-contour-care\\\/#primaryimage\",\"url\":\"https:\\\/\\\/www.pure-beauty.shop\\\/wp-content\\\/uploads\\\/2020\\\/10\\\/burnfirm_label_box.jpg1_.jpg\",\"contentUrl\":\"https:\\\/\\\/www.pure-beauty.shop\\\/wp-content\\\/uploads\\\/2020\\\/10\\\/burnfirm_label_box.jpg1_.jpg\",\"width\":1000,\"height\":1000},{\"@type\":\"BreadcrumbList\",\"@id\":\"https:\\\/\\\/www.pure-beauty.shop\\\/produkt\\\/burn-firm-contour-care\\\/#breadcrumb\",\"itemListElement\":[{\"@type\":\"ListItem\",\"position\":1,\"name\":\"Startseite\",\"item\":\"https:\\\/\\\/www.pure-beauty.shop\\\/\"},{\"@type\":\"ListItem\",\"position\":2,\"name\":\"Shop\",\"item\":\"https:\\\/\\\/www.pure-beauty.shop\\\/en\\\/shop\\\/\"},{\"@type\":\"ListItem\",\"position\":3,\"name\":\"PANDHY\u2019S\u2122 Burn &amp; Firm Contour Care\"}]},{\"@type\":\"WebSite\",\"@id\":\"https:\\\/\\\/www.pure-beauty.shop\\\/#website\",\"url\":\"https:\\\/\\\/www.pure-beauty.shop\\\/\",\"name\":\"Pure Beauty &amp; PANDHY&#039;S Shop\",\"description\":\"Kosmetikshop in Graz\",\"potentialAction\":[{\"@type\":\"SearchAction\",\"target\":{\"@type\":\"EntryPoint\",\"urlTemplate\":\"https:\\\/\\\/www.pure-beauty.shop\\\/?s={search_term_string}\"},\"query-input\":{\"@type\":\"PropertyValueSpecification\",\"valueRequired\":true,\"valueName\":\"search_term_string\"}}],\"inLanguage\":\"en-GB\"}]}<\/script>\n<!-- \/ Yoast SEO plugin. -->","yoast_head_json":{"title":"PANDHY\u2019S\u2122 Burn &amp; Firm Contour Care - Pure Beauty &amp; PANDHY&#039;S Shop","description":"Das beste fettverbrennende Celluliteprodukt bei PANDHY'S\u2122. Die Formel bek\u00e4mpft mehrdimensional \u00fcbersch\u00fcssige Zentimeter, formt effektiv K\u00f6rperkonturen, zeigt eine schlankere Silhouette und reduziert sichtbar das Erscheinungsbild von Cellulite. Die Creme wird in eine spezielle Tube mit Roller-Applikator gef\u00fcllt, f\u00fcr eine ber\u00fchrungsfreie Anwendung, und um eine kreislauff\u00f6rdernde Massage durchzuf\u00fchren, um den Effekt zu vervollst\u00e4ndigen. Die Hauptwirkstoffe sind hei\u00dfe Chili-Pfeffer, gelber Senf, Cantella und Efeu-Extrakte sowie Vitamin C.","robots":{"index":"index","follow":"follow","max-snippet":"max-snippet:-1","max-image-preview":"max-image-preview:large","max-video-preview":"max-video-preview:-1"},"canonical":"https:\/\/www.pure-beauty.shop\/en\/product\/burn-firm-contour-care\/","og_locale":"en_GB","og_type":"article","og_title":"PANDHY\u2019S\u2122 Burn &amp; Firm Contour Care - Pure Beauty &amp; PANDHY&#039;S Shop","og_description":"Das beste fettverbrennende Celluliteprodukt bei PANDHY'S\u2122. Die Formel bek\u00e4mpft mehrdimensional \u00fcbersch\u00fcssige Zentimeter, formt effektiv K\u00f6rperkonturen, zeigt eine schlankere Silhouette und reduziert sichtbar das Erscheinungsbild von Cellulite. Die Creme wird in eine spezielle Tube mit Roller-Applikator gef\u00fcllt, f\u00fcr eine ber\u00fchrungsfreie Anwendung, und um eine kreislauff\u00f6rdernde Massage durchzuf\u00fchren, um den Effekt zu vervollst\u00e4ndigen. Die Hauptwirkstoffe sind hei\u00dfe Chili-Pfeffer, gelber Senf, Cantella und Efeu-Extrakte sowie Vitamin C.","og_url":"https:\/\/www.pure-beauty.shop\/en\/product\/burn-firm-contour-care\/","og_site_name":"Pure Beauty &amp; PANDHY&#039;S Shop","article_modified_time":"2026-04-10T20:09:59+00:00","og_image":[{"width":1000,"height":1000,"url":"https:\/\/www.pure-beauty.shop\/wp-content\/uploads\/2020\/10\/burnfirm_label_box.jpg1_.jpg","type":"image\/jpeg"}],"twitter_card":"summary_large_image","twitter_misc":{"Estimated reading time":"2 minutes"},"schema":{"@context":"https:\/\/schema.org","@graph":[{"@type":"WebPage","@id":"https:\/\/www.pure-beauty.shop\/produkt\/burn-firm-contour-care\/","url":"https:\/\/www.pure-beauty.shop\/produkt\/burn-firm-contour-care\/","name":"PANDHY\u2019S\u2122 Burn &amp; Firm Contour Care - Pure Beauty &amp; PANDHY&#039;S Shop","isPartOf":{"@id":"https:\/\/www.pure-beauty.shop\/#website"},"primaryImageOfPage":{"@id":"https:\/\/www.pure-beauty.shop\/produkt\/burn-firm-contour-care\/#primaryimage"},"image":{"@id":"https:\/\/www.pure-beauty.shop\/produkt\/burn-firm-contour-care\/#primaryimage"},"thumbnailUrl":"https:\/\/www.pure-beauty.shop\/wp-content\/uploads\/2020\/10\/burnfirm_label_box.jpg1_.jpg","datePublished":"2020-10-23T10:24:55+00:00","dateModified":"2026-04-10T20:09:59+00:00","description":"Das beste fettverbrennende Celluliteprodukt bei PANDHY'S\u2122. Die Formel bek\u00e4mpft mehrdimensional \u00fcbersch\u00fcssige Zentimeter, formt effektiv K\u00f6rperkonturen, zeigt eine schlankere Silhouette und reduziert sichtbar das Erscheinungsbild von Cellulite. Die Creme wird in eine spezielle Tube mit Roller-Applikator gef\u00fcllt, f\u00fcr eine ber\u00fchrungsfreie Anwendung, und um eine kreislauff\u00f6rdernde Massage durchzuf\u00fchren, um den Effekt zu vervollst\u00e4ndigen. Die Hauptwirkstoffe sind hei\u00dfe Chili-Pfeffer, gelber Senf, Cantella und Efeu-Extrakte sowie Vitamin C.","breadcrumb":{"@id":"https:\/\/www.pure-beauty.shop\/produkt\/burn-firm-contour-care\/#breadcrumb"},"inLanguage":"en-GB","potentialAction":[{"@type":"ReadAction","target":["https:\/\/www.pure-beauty.shop\/produkt\/burn-firm-contour-care\/"]}]},{"@type":"ImageObject","inLanguage":"en-GB","@id":"https:\/\/www.pure-beauty.shop\/produkt\/burn-firm-contour-care\/#primaryimage","url":"https:\/\/www.pure-beauty.shop\/wp-content\/uploads\/2020\/10\/burnfirm_label_box.jpg1_.jpg","contentUrl":"https:\/\/www.pure-beauty.shop\/wp-content\/uploads\/2020\/10\/burnfirm_label_box.jpg1_.jpg","width":1000,"height":1000},{"@type":"BreadcrumbList","@id":"https:\/\/www.pure-beauty.shop\/produkt\/burn-firm-contour-care\/#breadcrumb","itemListElement":[{"@type":"ListItem","position":1,"name":"Startseite","item":"https:\/\/www.pure-beauty.shop\/"},{"@type":"ListItem","position":2,"name":"Shop","item":"https:\/\/www.pure-beauty.shop\/en\/shop\/"},{"@type":"ListItem","position":3,"name":"PANDHY\u2019S\u2122 Burn &amp; Firm Contour Care"}]},{"@type":"WebSite","@id":"https:\/\/www.pure-beauty.shop\/#website","url":"https:\/\/www.pure-beauty.shop\/","name":"Pure Beauty &amp; PANDHY&#039;S Shop","description":"Kosmetikshop in Graz","potentialAction":[{"@type":"SearchAction","target":{"@type":"EntryPoint","urlTemplate":"https:\/\/www.pure-beauty.shop\/?s={search_term_string}"},"query-input":{"@type":"PropertyValueSpecification","valueRequired":true,"valueName":"search_term_string"}}],"inLanguage":"en-GB"}]}},"jetpack_sharing_enabled":true,"_links":{"self":[{"href":"https:\/\/www.pure-beauty.shop\/en\/wp-json\/wp\/v2\/product\/17318","targetHints":{"allow":["GET"]}}],"collection":[{"href":"https:\/\/www.pure-beauty.shop\/en\/wp-json\/wp\/v2\/product"}],"about":[{"href":"https:\/\/www.pure-beauty.shop\/en\/wp-json\/wp\/v2\/types\/product"}],"replies":[{"embeddable":true,"href":"https:\/\/www.pure-beauty.shop\/en\/wp-json\/wp\/v2\/comments?post=17318"}],"wp:featuredmedia":[{"embeddable":true,"href":"https:\/\/www.pure-beauty.shop\/en\/wp-json\/wp\/v2\/media\/18016"}],"wp:attachment":[{"href":"https:\/\/www.pure-beauty.shop\/en\/wp-json\/wp\/v2\/media?parent=17318"}],"wp:term":[{"taxonomy":"brand","embeddable":true,"href":"https:\/\/www.pure-beauty.shop\/en\/wp-json\/wp\/v2\/etheme_brands?post=17318"},{"taxonomy":"product_brand","embeddable":true,"href":"https:\/\/www.pure-beauty.shop\/en\/wp-json\/wp\/v2\/product_brand?post=17318"},{"taxonomy":"product_cat","embeddable":true,"href":"https:\/\/www.pure-beauty.shop\/en\/wp-json\/wp\/v2\/product_cat?post=17318"},{"taxonomy":"product_tag","embeddable":true,"href":"https:\/\/www.pure-beauty.shop\/en\/wp-json\/wp\/v2\/product_tag?post=17318"}],"curies":[{"name":"wp","href":"https:\/\/api.w.org\/{rel}","templated":true}]}}