{"id":17320,"date":"2020-10-23T12:24:55","date_gmt":"2020-10-23T10:24:55","guid":{"rendered":"https:\/\/www.pure-beauty.shop\/pure-beauty-shop\/produkt\/pandhys-cosmix-time-transformer-elixir-30-ml\/"},"modified":"2026-04-11T14:53:40","modified_gmt":"2026-04-11T12:53:40","slug":"time-transformer-elixir","status":"publish","type":"product","link":"https:\/\/www.pure-beauty.shop\/en\/product\/time-transformer-elixir\/","title":{"rendered":"COSMIX Time Transformer Elixier (30 ml)"},"content":{"rendered":"<div class=\"wpb-content-wrapper\"><div class=\"vc_row wpb_row vc_row-fluid et_custom_uniqid_69f231c8d55f9\"><div class=\"wpb_column vc_column_container vc_col-sm-12 et_custom_uniqid_69f231c8d55d3\"><div class=\"vc_column-inner\"><div class=\"wpb_wrapper\">\n\t<div class=\"wpb_text_column wpb_content_element\" >\n\t\t<div class=\"wpb_wrapper\">\n\t\t\t<div class=\"vc_row wpb_row vc_row-fluid et_custom_uniqid_63b3531522358 mpc-row\">\n<div class=\"wpb_column vc_column_container vc_col-sm-12 et_custom_uniqid_63b35315212ef mpc-column\" data-column-id=\"mpc_column-9763b3531b680a0\">\n<div class=\"vc_column-inner\">\n<div class=\"wpb_wrapper\">\n<div class=\"wpb_text_column wpb_content_element\">\n<div class=\"wpb_wrapper\">\n<p data-start=\"79\" data-end=\"390\">Das Time Transformer Elixier ist ein hochwirksames, mehrdimensionales Kollagen-Hyaluron-Serum und z\u00e4hlt zu den intensivsten Anti-Aging Pflegeprodukten. Die leichte, feine Textur zieht schnell ein und unterst\u00fctzt die Haut dabei, die nat\u00fcrliche Produktion von Hyaluron, Kollagen und Elastin gezielt zu aktivieren.<\/p>\n<p data-start=\"392\" data-end=\"573\">Dadurch wird die Haut sichtbar gefestigt, gegl\u00e4ttet und mit Feuchtigkeit versorgt. Das Serum verleiht ein frisches, pralles Hautbild und unterst\u00fctzt die Hautregeneration nachhaltig.<\/p>\n<p><strong>Wirkungsweise:<\/strong><br \/>\nDie einzigartige Rezeptur enth\u00e4lt mehrere innovative Anti-Aging-Wirkstoffe und patentierte Technologien. Mit einem neuen Verfahren konnten wir aus dem bioverf\u00fcgbaren Seidencocon der Raupe ein hochwirksames Eiwei\u00dfprodukt produzieren, das ganz leicht in die menschliche Haut eingebaut werden kann. Es reduziert das Auftreten von feinen Linien und Falten und verbessert den Tonus und die Textur aller Hauttypen. Die synergetische Kombination von nat\u00fcrlichen Polymeren straffen die Haut durch eine mechanische Wirkung. Der Effekt ist sofort sichtbar.<\/p>\n<p>Die verschiedenen Arten von Hyalurons\u00e4uren verst\u00e4rken die mehrstufige Hydratation der Haut, Traubenkern\u00f6l erh\u00e4lt ihre Geschmeidigkeit. Aus der afrikanischen Baumrinde, wird ein Vitamin C Auszug gewonnen, das f\u00e4hig ist, die hauteigene Kollagensynthese im h\u00f6heren Alter aufrecht zu erhalten. Dieses Vitamin C wirkt zus\u00e4tzlich als Antioxidant gegen oxidativen Stress und bek\u00e4mpft die Hautalterung in der Dermis.<\/p>\n<p data-start=\"575\" data-end=\"731\"><strong data-start=\"575\" data-end=\"589\">Anwendung:<\/strong><br data-start=\"589\" data-end=\"592\" \/>1\u20132 Pumpst\u00f6\u00dfe morgens und abends auf Gesicht, Hals und Dekollet\u00e9 auftragen und sanft einarbeiten \u2013 ideal unter der Tages- oder Nachtpflege.<\/p>\n<p data-start=\"733\" data-end=\"1018\"><strong data-start=\"733\" data-end=\"742\">Tipp:<\/strong><br data-start=\"742\" data-end=\"745\" \/>F\u00fcr eine optimale Wirkung sollte das Serum immer in Kombination mit Feuchtigkeit angewendet werden. Vor und nach dem Auftragen empfiehlt es sich, die Haut mit PANDHY\u2019S\u2122 Bl\u00fctenwasser zu benetzen, um die Aufnahmef\u00e4higkeit der Haut zu erh\u00f6hen und die Wirkung zu intensivieren.<\/p>\n<h6>INCI: aqua (water), acacia senegal gum, propanediol, gluconolactone, glycerin, hydrolyzed rhizobian gum, glyceryl stearate, cetyl alcohol, cetearyl alcohol, stearic acid, sodium hyaluronate, sodium benzoate, vitis vinifera (grape) seed oil, polysorbate 60, caffeine, methylglucoside phosphate, anogeissus leiocarpa bark extract, copper lysinate\/prolinate, pentylene glycol, sodium hyaluronate crosspolymer, calcium gluconate, silkworm sh-polypeptide-47, sodium chloride<\/h6>\n<\/div>\n<\/div>\n<\/div>\n<\/div>\n<\/div>\n<\/div>\n\n\t\t<\/div>\n\t<\/div>\n<\/div><\/div><\/div><\/div>\n<\/div>","protected":false},"excerpt":{"rendered":"<p data-start=\"1045\" data-end=\"1127\">Kollagen-Hyaluron-Serum \u2013 f\u00fcr straffere, hydratisierte und sichtbar glattere Haut.<\/p>","protected":false},"featured_media":21124,"comment_status":"open","ping_status":"closed","template":"","meta":{"jetpack_post_was_ever_published":false},"etheme_brands":[{"term_id":205,"name":"COSMIX","slug":"cosmix","term_group":0,"term_taxonomy_id":205,"taxonomy":"brand","description":"","parent":0,"count":46,"filter":"raw"}],"product_brand":[],"product_cat":[172,170,177],"product_tag":[],"class_list":{"0":"post-17320","1":"product","2":"type-product","3":"status-publish","4":"has-post-thumbnail","6":"brand-cosmix","7":"product_cat-gesicht","8":"product_cat-pflege","9":"product_cat-serum_booster_ampullen","11":"first","12":"instock","13":"taxable","14":"shipping-taxable","15":"purchasable","16":"product-type-simple"},"yoast_head":"<!-- This site is optimized with the Yoast SEO plugin v27.5 - https:\/\/yoast.com\/product\/yoast-seo-wordpress\/ -->\n<title>COSMIX Time Transformer Elixier (30 ml) - Pure Beauty &amp; PANDHY&#039;S Shop<\/title>\n<meta name=\"description\" content=\"Time Transformer Elixier \u2013 Anti-Aging Serum mit Kollagen &amp; Hyaluron. Strafft, hydratisiert und f\u00f6rdert die Hautregeneration f\u00fcr ein glattes Hautbild.\" \/>\n<meta name=\"robots\" content=\"index, follow, max-snippet:-1, max-image-preview:large, max-video-preview:-1\" \/>\n<link rel=\"canonical\" href=\"https:\/\/www.pure-beauty.shop\/en\/product\/time-transformer-elixir\/\" \/>\n<meta property=\"og:locale\" content=\"en_GB\" \/>\n<meta property=\"og:type\" content=\"article\" \/>\n<meta property=\"og:title\" content=\"COSMIX Time Transformer Elixier (30 ml) - Pure Beauty &amp; PANDHY&#039;S Shop\" \/>\n<meta property=\"og:description\" content=\"Time Transformer Elixier \u2013 Anti-Aging Serum mit Kollagen &amp; Hyaluron. Strafft, hydratisiert und f\u00f6rdert die Hautregeneration f\u00fcr ein glattes Hautbild.\" \/>\n<meta property=\"og:url\" content=\"https:\/\/www.pure-beauty.shop\/en\/product\/time-transformer-elixir\/\" \/>\n<meta property=\"og:site_name\" content=\"Pure Beauty &amp; PANDHY&#039;S Shop\" \/>\n<meta property=\"article:modified_time\" content=\"2026-04-11T12:53:40+00:00\" \/>\n<meta property=\"og:image\" content=\"https:\/\/www.pure-beauty.shop\/wp-content\/uploads\/2020\/10\/Online-Shop-Bilder-28.png\" \/>\n\t<meta property=\"og:image:width\" content=\"1400\" \/>\n\t<meta property=\"og:image:height\" content=\"1400\" \/>\n\t<meta property=\"og:image:type\" content=\"image\/png\" \/>\n<meta name=\"twitter:card\" content=\"summary_large_image\" \/>\n<meta name=\"twitter:label1\" content=\"Estimated reading time\" \/>\n\t<meta name=\"twitter:data1\" content=\"2 minutes\" \/>\n<script type=\"application\/ld+json\" class=\"yoast-schema-graph\">{\"@context\":\"https:\\\/\\\/schema.org\",\"@graph\":[{\"@type\":\"WebPage\",\"@id\":\"https:\\\/\\\/www.pure-beauty.shop\\\/produkt\\\/time-transformer-elixir\\\/\",\"url\":\"https:\\\/\\\/www.pure-beauty.shop\\\/produkt\\\/time-transformer-elixir\\\/\",\"name\":\"COSMIX Time Transformer Elixier (30 ml) - Pure Beauty &amp; PANDHY&#039;S Shop\",\"isPartOf\":{\"@id\":\"https:\\\/\\\/www.pure-beauty.shop\\\/#website\"},\"primaryImageOfPage\":{\"@id\":\"https:\\\/\\\/www.pure-beauty.shop\\\/produkt\\\/time-transformer-elixir\\\/#primaryimage\"},\"image\":{\"@id\":\"https:\\\/\\\/www.pure-beauty.shop\\\/produkt\\\/time-transformer-elixir\\\/#primaryimage\"},\"thumbnailUrl\":\"https:\\\/\\\/www.pure-beauty.shop\\\/wp-content\\\/uploads\\\/2020\\\/10\\\/Online-Shop-Bilder-28.png\",\"datePublished\":\"2020-10-23T10:24:55+00:00\",\"dateModified\":\"2026-04-11T12:53:40+00:00\",\"description\":\"Time Transformer Elixier \u2013 Anti-Aging Serum mit Kollagen & Hyaluron. Strafft, hydratisiert und f\u00f6rdert die Hautregeneration f\u00fcr ein glattes Hautbild.\",\"breadcrumb\":{\"@id\":\"https:\\\/\\\/www.pure-beauty.shop\\\/produkt\\\/time-transformer-elixir\\\/#breadcrumb\"},\"inLanguage\":\"en-GB\",\"potentialAction\":[{\"@type\":\"ReadAction\",\"target\":[\"https:\\\/\\\/www.pure-beauty.shop\\\/produkt\\\/time-transformer-elixir\\\/\"]}]},{\"@type\":\"ImageObject\",\"inLanguage\":\"en-GB\",\"@id\":\"https:\\\/\\\/www.pure-beauty.shop\\\/produkt\\\/time-transformer-elixir\\\/#primaryimage\",\"url\":\"https:\\\/\\\/www.pure-beauty.shop\\\/wp-content\\\/uploads\\\/2020\\\/10\\\/Online-Shop-Bilder-28.png\",\"contentUrl\":\"https:\\\/\\\/www.pure-beauty.shop\\\/wp-content\\\/uploads\\\/2020\\\/10\\\/Online-Shop-Bilder-28.png\",\"width\":1400,\"height\":1400},{\"@type\":\"BreadcrumbList\",\"@id\":\"https:\\\/\\\/www.pure-beauty.shop\\\/produkt\\\/time-transformer-elixir\\\/#breadcrumb\",\"itemListElement\":[{\"@type\":\"ListItem\",\"position\":1,\"name\":\"Startseite\",\"item\":\"https:\\\/\\\/www.pure-beauty.shop\\\/\"},{\"@type\":\"ListItem\",\"position\":2,\"name\":\"Shop\",\"item\":\"https:\\\/\\\/www.pure-beauty.shop\\\/en\\\/shop\\\/\"},{\"@type\":\"ListItem\",\"position\":3,\"name\":\"COSMIX Time Transformer Elixier (30 ml)\"}]},{\"@type\":\"WebSite\",\"@id\":\"https:\\\/\\\/www.pure-beauty.shop\\\/#website\",\"url\":\"https:\\\/\\\/www.pure-beauty.shop\\\/\",\"name\":\"Pure Beauty &amp; PANDHY&#039;S Shop\",\"description\":\"Kosmetikshop in Graz\",\"potentialAction\":[{\"@type\":\"SearchAction\",\"target\":{\"@type\":\"EntryPoint\",\"urlTemplate\":\"https:\\\/\\\/www.pure-beauty.shop\\\/?s={search_term_string}\"},\"query-input\":{\"@type\":\"PropertyValueSpecification\",\"valueRequired\":true,\"valueName\":\"search_term_string\"}}],\"inLanguage\":\"en-GB\"}]}<\/script>\n<!-- \/ Yoast SEO plugin. -->","yoast_head_json":{"title":"COSMIX Time Transformer Elixier (30 ml) - Pure Beauty &amp; PANDHY&#039;S Shop","description":"Time Transformer Elixier \u2013 Anti-Aging Serum mit Kollagen & Hyaluron. Strafft, hydratisiert und f\u00f6rdert die Hautregeneration f\u00fcr ein glattes Hautbild.","robots":{"index":"index","follow":"follow","max-snippet":"max-snippet:-1","max-image-preview":"max-image-preview:large","max-video-preview":"max-video-preview:-1"},"canonical":"https:\/\/www.pure-beauty.shop\/en\/product\/time-transformer-elixir\/","og_locale":"en_GB","og_type":"article","og_title":"COSMIX Time Transformer Elixier (30 ml) - Pure Beauty &amp; PANDHY&#039;S Shop","og_description":"Time Transformer Elixier \u2013 Anti-Aging Serum mit Kollagen & Hyaluron. Strafft, hydratisiert und f\u00f6rdert die Hautregeneration f\u00fcr ein glattes Hautbild.","og_url":"https:\/\/www.pure-beauty.shop\/en\/product\/time-transformer-elixir\/","og_site_name":"Pure Beauty &amp; PANDHY&#039;S Shop","article_modified_time":"2026-04-11T12:53:40+00:00","og_image":[{"width":1400,"height":1400,"url":"https:\/\/www.pure-beauty.shop\/wp-content\/uploads\/2020\/10\/Online-Shop-Bilder-28.png","type":"image\/png"}],"twitter_card":"summary_large_image","twitter_misc":{"Estimated reading time":"2 minutes"},"schema":{"@context":"https:\/\/schema.org","@graph":[{"@type":"WebPage","@id":"https:\/\/www.pure-beauty.shop\/produkt\/time-transformer-elixir\/","url":"https:\/\/www.pure-beauty.shop\/produkt\/time-transformer-elixir\/","name":"COSMIX Time Transformer Elixier (30 ml) - Pure Beauty &amp; PANDHY&#039;S Shop","isPartOf":{"@id":"https:\/\/www.pure-beauty.shop\/#website"},"primaryImageOfPage":{"@id":"https:\/\/www.pure-beauty.shop\/produkt\/time-transformer-elixir\/#primaryimage"},"image":{"@id":"https:\/\/www.pure-beauty.shop\/produkt\/time-transformer-elixir\/#primaryimage"},"thumbnailUrl":"https:\/\/www.pure-beauty.shop\/wp-content\/uploads\/2020\/10\/Online-Shop-Bilder-28.png","datePublished":"2020-10-23T10:24:55+00:00","dateModified":"2026-04-11T12:53:40+00:00","description":"Time Transformer Elixier \u2013 Anti-Aging Serum mit Kollagen & Hyaluron. Strafft, hydratisiert und f\u00f6rdert die Hautregeneration f\u00fcr ein glattes Hautbild.","breadcrumb":{"@id":"https:\/\/www.pure-beauty.shop\/produkt\/time-transformer-elixir\/#breadcrumb"},"inLanguage":"en-GB","potentialAction":[{"@type":"ReadAction","target":["https:\/\/www.pure-beauty.shop\/produkt\/time-transformer-elixir\/"]}]},{"@type":"ImageObject","inLanguage":"en-GB","@id":"https:\/\/www.pure-beauty.shop\/produkt\/time-transformer-elixir\/#primaryimage","url":"https:\/\/www.pure-beauty.shop\/wp-content\/uploads\/2020\/10\/Online-Shop-Bilder-28.png","contentUrl":"https:\/\/www.pure-beauty.shop\/wp-content\/uploads\/2020\/10\/Online-Shop-Bilder-28.png","width":1400,"height":1400},{"@type":"BreadcrumbList","@id":"https:\/\/www.pure-beauty.shop\/produkt\/time-transformer-elixir\/#breadcrumb","itemListElement":[{"@type":"ListItem","position":1,"name":"Startseite","item":"https:\/\/www.pure-beauty.shop\/"},{"@type":"ListItem","position":2,"name":"Shop","item":"https:\/\/www.pure-beauty.shop\/en\/shop\/"},{"@type":"ListItem","position":3,"name":"COSMIX Time Transformer Elixier (30 ml)"}]},{"@type":"WebSite","@id":"https:\/\/www.pure-beauty.shop\/#website","url":"https:\/\/www.pure-beauty.shop\/","name":"Pure Beauty &amp; PANDHY&#039;S Shop","description":"Kosmetikshop in Graz","potentialAction":[{"@type":"SearchAction","target":{"@type":"EntryPoint","urlTemplate":"https:\/\/www.pure-beauty.shop\/?s={search_term_string}"},"query-input":{"@type":"PropertyValueSpecification","valueRequired":true,"valueName":"search_term_string"}}],"inLanguage":"en-GB"}]}},"jetpack_sharing_enabled":true,"_links":{"self":[{"href":"https:\/\/www.pure-beauty.shop\/en\/wp-json\/wp\/v2\/product\/17320","targetHints":{"allow":["GET"]}}],"collection":[{"href":"https:\/\/www.pure-beauty.shop\/en\/wp-json\/wp\/v2\/product"}],"about":[{"href":"https:\/\/www.pure-beauty.shop\/en\/wp-json\/wp\/v2\/types\/product"}],"replies":[{"embeddable":true,"href":"https:\/\/www.pure-beauty.shop\/en\/wp-json\/wp\/v2\/comments?post=17320"}],"wp:featuredmedia":[{"embeddable":true,"href":"https:\/\/www.pure-beauty.shop\/en\/wp-json\/wp\/v2\/media\/21124"}],"wp:attachment":[{"href":"https:\/\/www.pure-beauty.shop\/en\/wp-json\/wp\/v2\/media?parent=17320"}],"wp:term":[{"taxonomy":"brand","embeddable":true,"href":"https:\/\/www.pure-beauty.shop\/en\/wp-json\/wp\/v2\/etheme_brands?post=17320"},{"taxonomy":"product_brand","embeddable":true,"href":"https:\/\/www.pure-beauty.shop\/en\/wp-json\/wp\/v2\/product_brand?post=17320"},{"taxonomy":"product_cat","embeddable":true,"href":"https:\/\/www.pure-beauty.shop\/en\/wp-json\/wp\/v2\/product_cat?post=17320"},{"taxonomy":"product_tag","embeddable":true,"href":"https:\/\/www.pure-beauty.shop\/en\/wp-json\/wp\/v2\/product_tag?post=17320"}],"curies":[{"name":"wp","href":"https:\/\/api.w.org\/{rel}","templated":true}]}}