{"id":17321,"date":"2020-10-23T12:24:56","date_gmt":"2020-10-23T10:24:56","guid":{"rendered":"https:\/\/www.pure-beauty.shop\/pure-beauty-shop\/produkt\/pandhys-intimate-wash-gel-150-ml\/"},"modified":"2026-04-10T17:59:47","modified_gmt":"2026-04-10T15:59:47","slug":"intimate-wash-gel-for-her","status":"publish","type":"product","link":"https:\/\/www.pure-beauty.shop\/en\/product\/intimate-wash-gel-for-her\/","title":{"rendered":"PANDHY\u2019S\u2122 Intimate Wash Gel for her (150 ml)"},"content":{"rendered":"<div class=\"wpb-content-wrapper\"><div class=\"vc_row wpb_row vc_row-fluid et_custom_uniqid_69f220f43e8df\"><div class=\"wpb_column vc_column_container vc_col-sm-12 et_custom_uniqid_69f220f43e8b7\"><div class=\"vc_column-inner\"><div class=\"wpb_wrapper\">\n\t<div class=\"wpb_text_column wpb_content_element\" >\n\t\t<div class=\"wpb_wrapper\">\n\t\t\t<div class=\"vc_row wpb_row vc_row-fluid et_custom_uniqid_63b347252e3af mpc-row\">\n<div class=\"wpb_column vc_column_container vc_col-sm-12 et_custom_uniqid_63b347252d281 mpc-column\" data-column-id=\"mpc_column-5163b3473093fa5\">\n<div class=\"vc_column-inner\">\n<div class=\"wpb_wrapper\">\n<div class=\"wpb_text_column wpb_content_element\">\n<div class=\"wpb_wrapper\">\n<p data-start=\"74\" data-end=\"396\">Das Intim-Waschgel von PANDHY\u2019S\u2122 wurde speziell f\u00fcr die Bed\u00fcrfnisse des weiblichen Intimbereichs entwickelt und ist ein unverzichtbares Pflegeprodukt f\u00fcr die t\u00e4gliche Hygiene. Die sanfte, erfrischende Formel mit optimal abgestimmtem pH-Wert reinigt gr\u00fcndlich und bewahrt gleichzeitig das nat\u00fcrliche Gleichgewicht der Haut.<\/p>\n<p data-start=\"398\" data-end=\"749\">Angereichert mit Pre-, Pro- und Postbiotika unterst\u00fctzt das Waschgel das Mikrobiom (Bakterienflora) und f\u00f6rdert eine gesunde Hautbalance. Es sch\u00fctzt, beruhigt und spendet Feuchtigkeit, w\u00e4hrend Juckreiz, Irritationen und unerw\u00fcnschte Ger\u00fcche reduziert werden. Gleichzeitig st\u00e4rkt es die nat\u00fcrliche Hautbarriere und kann helfen, Infektionen vorzubeugen.<\/p>\n<p data-start=\"751\" data-end=\"1002\">Das Intim-Waschgel eignet sich ideal f\u00fcr die t\u00e4gliche Anwendung sowie vor und nach der Intimdepilation. Es hilft, Hautausschl\u00e4ge, Irritationen und eingewachsene Haare zu verhindern und zu reduzieren \u2013 f\u00fcr ein rundum gepflegtes und sicheres Hautgef\u00fchl.<\/p>\n<p>Anwendung: Nur ein kleines, erbsengro\u00dfes St\u00fcck auf die feuchte Haut auftragen, sanft einsch\u00e4umen, etwas einwirken lassen und absp\u00fclen. Kann bei jedem Waschen t\u00e4glich angewendet werden. Nur zur \u00e4u\u00dferlichen Anwendung.<\/p>\n<h6>INCI:\u00a0aqua (water), glycerin, sodium cocoamphoacetate, lactic acid, propylene glycol, lauryl glucoside, aloe barbadensis leaf juice, arginine, mannitol, gluconolactone, xanthan gum, sodium cocoyl glutamate, sodium lauryl glucose carboxylate, cellulose, panthenol, maltodextrin, lactobacillus ferment, sodium benzoate, acetum (apple vinegar), urea, sorbitan oleate decylglucoside crosspolymer, c12-15 alkyl lactate, sodium lactate, inulin, hydroxypropyl methylcellulose, helianthus annus (sunflower) seed oil, yeast beta-glucan, undaria pinnatifida (marine algae) extract, rosa damascena (rose) flower oil, chamomilla recutita (chamomile) flower extract, ascorbyl palmitate, krameria triandra (rathany) root extract, calcium gluconate, rosmarinus officinalis (rosemary) leaf extract, silver lactate, citronellol<\/h6>\n<\/div>\n<\/div>\n<\/div>\n<\/div>\n<\/div>\n<\/div>\n\n\t\t<\/div>\n\t<\/div>\n<\/div><\/div><\/div><\/div>\n<\/div>","protected":false},"excerpt":{"rendered":"<p data-start=\"1029\" data-end=\"1105\">Intim-Waschgel f\u00fcr Frauen \u2013 sanfte Pflege, Schutz und Balance f\u00fcr jeden Tag.<\/p>","protected":false},"featured_media":20982,"comment_status":"open","ping_status":"closed","template":"","meta":{"jetpack_post_was_ever_published":false},"etheme_brands":[{"term_id":203,"name":"PANDHY'S\u2122","slug":"pandhys","term_group":0,"term_taxonomy_id":203,"taxonomy":"brand","description":"","parent":0,"count":63,"filter":"raw"}],"product_brand":[],"product_cat":[192,173,170],"product_tag":[],"class_list":{"0":"post-17321","1":"product","2":"type-product","3":"status-publish","4":"has-post-thumbnail","6":"brand-pandhys","7":"product_cat-intimpflege","8":"product_cat-koerper","9":"product_cat-pflege","11":"first","12":"instock","13":"taxable","14":"shipping-taxable","15":"purchasable","16":"product-type-simple"},"yoast_head":"<!-- This site is optimized with the Yoast SEO plugin v27.5 - https:\/\/yoast.com\/product\/yoast-seo-wordpress\/ -->\n<title>PANDHY\u2019S\u2122 Intimate Wash Gel for her (150 ml) - Pure Beauty &amp; PANDHY&#039;S Shop<\/title>\n<meta name=\"description\" content=\"Intim-Waschgel f\u00fcr Frauen mit Pre-, Pro- &amp; Postbiotika \u2013 sanfte Reinigung, Schutz vor Irritationen und Unterst\u00fctzung der nat\u00fcrlichen Hautflora. Ideal f\u00fcr die t\u00e4gliche Pflege.\" \/>\n<meta name=\"robots\" content=\"index, follow, max-snippet:-1, max-image-preview:large, max-video-preview:-1\" \/>\n<link rel=\"canonical\" href=\"https:\/\/www.pure-beauty.shop\/en\/product\/intimate-wash-gel-for-her\/\" \/>\n<meta property=\"og:locale\" content=\"en_GB\" \/>\n<meta property=\"og:type\" content=\"article\" \/>\n<meta property=\"og:title\" content=\"PANDHY\u2019S\u2122 Intimate Wash Gel for her (150 ml) - Pure Beauty &amp; PANDHY&#039;S Shop\" \/>\n<meta property=\"og:description\" content=\"Intim-Waschgel f\u00fcr Frauen mit Pre-, Pro- &amp; Postbiotika \u2013 sanfte Reinigung, Schutz vor Irritationen und Unterst\u00fctzung der nat\u00fcrlichen Hautflora. Ideal f\u00fcr die t\u00e4gliche Pflege.\" \/>\n<meta property=\"og:url\" content=\"https:\/\/www.pure-beauty.shop\/en\/product\/intimate-wash-gel-for-her\/\" \/>\n<meta property=\"og:site_name\" content=\"Pure Beauty &amp; PANDHY&#039;S Shop\" \/>\n<meta property=\"article:modified_time\" content=\"2026-04-10T15:59:47+00:00\" \/>\n<meta property=\"og:image\" content=\"https:\/\/www.pure-beauty.shop\/wp-content\/uploads\/2020\/10\/150ml_intimate_her-1.jpg\" \/>\n\t<meta property=\"og:image:width\" content=\"2000\" \/>\n\t<meta property=\"og:image:height\" content=\"2000\" \/>\n\t<meta property=\"og:image:type\" content=\"image\/jpeg\" \/>\n<meta name=\"twitter:card\" content=\"summary_large_image\" \/>\n<meta name=\"twitter:label1\" content=\"Estimated reading time\" \/>\n\t<meta name=\"twitter:data1\" content=\"2 minutes\" \/>\n<script type=\"application\/ld+json\" class=\"yoast-schema-graph\">{\"@context\":\"https:\\\/\\\/schema.org\",\"@graph\":[{\"@type\":\"WebPage\",\"@id\":\"https:\\\/\\\/www.pure-beauty.shop\\\/produkt\\\/intimate-wash-gel-for-her\\\/\",\"url\":\"https:\\\/\\\/www.pure-beauty.shop\\\/produkt\\\/intimate-wash-gel-for-her\\\/\",\"name\":\"PANDHY\u2019S\u2122 Intimate Wash Gel for her (150 ml) - Pure Beauty &amp; PANDHY&#039;S Shop\",\"isPartOf\":{\"@id\":\"https:\\\/\\\/www.pure-beauty.shop\\\/#website\"},\"primaryImageOfPage\":{\"@id\":\"https:\\\/\\\/www.pure-beauty.shop\\\/produkt\\\/intimate-wash-gel-for-her\\\/#primaryimage\"},\"image\":{\"@id\":\"https:\\\/\\\/www.pure-beauty.shop\\\/produkt\\\/intimate-wash-gel-for-her\\\/#primaryimage\"},\"thumbnailUrl\":\"https:\\\/\\\/www.pure-beauty.shop\\\/wp-content\\\/uploads\\\/2020\\\/10\\\/150ml_intimate_her-1.jpg\",\"datePublished\":\"2020-10-23T10:24:56+00:00\",\"dateModified\":\"2026-04-10T15:59:47+00:00\",\"description\":\"Intim-Waschgel f\u00fcr Frauen mit Pre-, Pro- & Postbiotika \u2013 sanfte Reinigung, Schutz vor Irritationen und Unterst\u00fctzung der nat\u00fcrlichen Hautflora. Ideal f\u00fcr die t\u00e4gliche Pflege.\",\"breadcrumb\":{\"@id\":\"https:\\\/\\\/www.pure-beauty.shop\\\/produkt\\\/intimate-wash-gel-for-her\\\/#breadcrumb\"},\"inLanguage\":\"en-GB\",\"potentialAction\":[{\"@type\":\"ReadAction\",\"target\":[\"https:\\\/\\\/www.pure-beauty.shop\\\/produkt\\\/intimate-wash-gel-for-her\\\/\"]}]},{\"@type\":\"ImageObject\",\"inLanguage\":\"en-GB\",\"@id\":\"https:\\\/\\\/www.pure-beauty.shop\\\/produkt\\\/intimate-wash-gel-for-her\\\/#primaryimage\",\"url\":\"https:\\\/\\\/www.pure-beauty.shop\\\/wp-content\\\/uploads\\\/2020\\\/10\\\/150ml_intimate_her-1.jpg\",\"contentUrl\":\"https:\\\/\\\/www.pure-beauty.shop\\\/wp-content\\\/uploads\\\/2020\\\/10\\\/150ml_intimate_her-1.jpg\",\"width\":2000,\"height\":2000},{\"@type\":\"BreadcrumbList\",\"@id\":\"https:\\\/\\\/www.pure-beauty.shop\\\/produkt\\\/intimate-wash-gel-for-her\\\/#breadcrumb\",\"itemListElement\":[{\"@type\":\"ListItem\",\"position\":1,\"name\":\"Startseite\",\"item\":\"https:\\\/\\\/www.pure-beauty.shop\\\/\"},{\"@type\":\"ListItem\",\"position\":2,\"name\":\"Shop\",\"item\":\"https:\\\/\\\/www.pure-beauty.shop\\\/en\\\/shop\\\/\"},{\"@type\":\"ListItem\",\"position\":3,\"name\":\"PANDHY\u2019S\u2122 Intimate Wash Gel for her (150 ml)\"}]},{\"@type\":\"WebSite\",\"@id\":\"https:\\\/\\\/www.pure-beauty.shop\\\/#website\",\"url\":\"https:\\\/\\\/www.pure-beauty.shop\\\/\",\"name\":\"Pure Beauty &amp; PANDHY&#039;S Shop\",\"description\":\"Kosmetikshop in Graz\",\"potentialAction\":[{\"@type\":\"SearchAction\",\"target\":{\"@type\":\"EntryPoint\",\"urlTemplate\":\"https:\\\/\\\/www.pure-beauty.shop\\\/?s={search_term_string}\"},\"query-input\":{\"@type\":\"PropertyValueSpecification\",\"valueRequired\":true,\"valueName\":\"search_term_string\"}}],\"inLanguage\":\"en-GB\"}]}<\/script>\n<!-- \/ Yoast SEO plugin. -->","yoast_head_json":{"title":"PANDHY\u2019S\u2122 Intimate Wash Gel for her (150 ml) - Pure Beauty &amp; PANDHY&#039;S Shop","description":"Intim-Waschgel f\u00fcr Frauen mit Pre-, Pro- & Postbiotika \u2013 sanfte Reinigung, Schutz vor Irritationen und Unterst\u00fctzung der nat\u00fcrlichen Hautflora. Ideal f\u00fcr die t\u00e4gliche Pflege.","robots":{"index":"index","follow":"follow","max-snippet":"max-snippet:-1","max-image-preview":"max-image-preview:large","max-video-preview":"max-video-preview:-1"},"canonical":"https:\/\/www.pure-beauty.shop\/en\/product\/intimate-wash-gel-for-her\/","og_locale":"en_GB","og_type":"article","og_title":"PANDHY\u2019S\u2122 Intimate Wash Gel for her (150 ml) - Pure Beauty &amp; PANDHY&#039;S Shop","og_description":"Intim-Waschgel f\u00fcr Frauen mit Pre-, Pro- & Postbiotika \u2013 sanfte Reinigung, Schutz vor Irritationen und Unterst\u00fctzung der nat\u00fcrlichen Hautflora. Ideal f\u00fcr die t\u00e4gliche Pflege.","og_url":"https:\/\/www.pure-beauty.shop\/en\/product\/intimate-wash-gel-for-her\/","og_site_name":"Pure Beauty &amp; PANDHY&#039;S Shop","article_modified_time":"2026-04-10T15:59:47+00:00","og_image":[{"width":2000,"height":2000,"url":"https:\/\/www.pure-beauty.shop\/wp-content\/uploads\/2020\/10\/150ml_intimate_her-1.jpg","type":"image\/jpeg"}],"twitter_card":"summary_large_image","twitter_misc":{"Estimated reading time":"2 minutes"},"schema":{"@context":"https:\/\/schema.org","@graph":[{"@type":"WebPage","@id":"https:\/\/www.pure-beauty.shop\/produkt\/intimate-wash-gel-for-her\/","url":"https:\/\/www.pure-beauty.shop\/produkt\/intimate-wash-gel-for-her\/","name":"PANDHY\u2019S\u2122 Intimate Wash Gel for her (150 ml) - Pure Beauty &amp; PANDHY&#039;S Shop","isPartOf":{"@id":"https:\/\/www.pure-beauty.shop\/#website"},"primaryImageOfPage":{"@id":"https:\/\/www.pure-beauty.shop\/produkt\/intimate-wash-gel-for-her\/#primaryimage"},"image":{"@id":"https:\/\/www.pure-beauty.shop\/produkt\/intimate-wash-gel-for-her\/#primaryimage"},"thumbnailUrl":"https:\/\/www.pure-beauty.shop\/wp-content\/uploads\/2020\/10\/150ml_intimate_her-1.jpg","datePublished":"2020-10-23T10:24:56+00:00","dateModified":"2026-04-10T15:59:47+00:00","description":"Intim-Waschgel f\u00fcr Frauen mit Pre-, Pro- & Postbiotika \u2013 sanfte Reinigung, Schutz vor Irritationen und Unterst\u00fctzung der nat\u00fcrlichen Hautflora. Ideal f\u00fcr die t\u00e4gliche Pflege.","breadcrumb":{"@id":"https:\/\/www.pure-beauty.shop\/produkt\/intimate-wash-gel-for-her\/#breadcrumb"},"inLanguage":"en-GB","potentialAction":[{"@type":"ReadAction","target":["https:\/\/www.pure-beauty.shop\/produkt\/intimate-wash-gel-for-her\/"]}]},{"@type":"ImageObject","inLanguage":"en-GB","@id":"https:\/\/www.pure-beauty.shop\/produkt\/intimate-wash-gel-for-her\/#primaryimage","url":"https:\/\/www.pure-beauty.shop\/wp-content\/uploads\/2020\/10\/150ml_intimate_her-1.jpg","contentUrl":"https:\/\/www.pure-beauty.shop\/wp-content\/uploads\/2020\/10\/150ml_intimate_her-1.jpg","width":2000,"height":2000},{"@type":"BreadcrumbList","@id":"https:\/\/www.pure-beauty.shop\/produkt\/intimate-wash-gel-for-her\/#breadcrumb","itemListElement":[{"@type":"ListItem","position":1,"name":"Startseite","item":"https:\/\/www.pure-beauty.shop\/"},{"@type":"ListItem","position":2,"name":"Shop","item":"https:\/\/www.pure-beauty.shop\/en\/shop\/"},{"@type":"ListItem","position":3,"name":"PANDHY\u2019S\u2122 Intimate Wash Gel for her (150 ml)"}]},{"@type":"WebSite","@id":"https:\/\/www.pure-beauty.shop\/#website","url":"https:\/\/www.pure-beauty.shop\/","name":"Pure Beauty &amp; PANDHY&#039;S Shop","description":"Kosmetikshop in Graz","potentialAction":[{"@type":"SearchAction","target":{"@type":"EntryPoint","urlTemplate":"https:\/\/www.pure-beauty.shop\/?s={search_term_string}"},"query-input":{"@type":"PropertyValueSpecification","valueRequired":true,"valueName":"search_term_string"}}],"inLanguage":"en-GB"}]}},"jetpack_sharing_enabled":true,"_links":{"self":[{"href":"https:\/\/www.pure-beauty.shop\/en\/wp-json\/wp\/v2\/product\/17321","targetHints":{"allow":["GET"]}}],"collection":[{"href":"https:\/\/www.pure-beauty.shop\/en\/wp-json\/wp\/v2\/product"}],"about":[{"href":"https:\/\/www.pure-beauty.shop\/en\/wp-json\/wp\/v2\/types\/product"}],"replies":[{"embeddable":true,"href":"https:\/\/www.pure-beauty.shop\/en\/wp-json\/wp\/v2\/comments?post=17321"}],"wp:featuredmedia":[{"embeddable":true,"href":"https:\/\/www.pure-beauty.shop\/en\/wp-json\/wp\/v2\/media\/20982"}],"wp:attachment":[{"href":"https:\/\/www.pure-beauty.shop\/en\/wp-json\/wp\/v2\/media?parent=17321"}],"wp:term":[{"taxonomy":"brand","embeddable":true,"href":"https:\/\/www.pure-beauty.shop\/en\/wp-json\/wp\/v2\/etheme_brands?post=17321"},{"taxonomy":"product_brand","embeddable":true,"href":"https:\/\/www.pure-beauty.shop\/en\/wp-json\/wp\/v2\/product_brand?post=17321"},{"taxonomy":"product_cat","embeddable":true,"href":"https:\/\/www.pure-beauty.shop\/en\/wp-json\/wp\/v2\/product_cat?post=17321"},{"taxonomy":"product_tag","embeddable":true,"href":"https:\/\/www.pure-beauty.shop\/en\/wp-json\/wp\/v2\/product_tag?post=17321"}],"curies":[{"name":"wp","href":"https:\/\/api.w.org\/{rel}","templated":true}]}}