{"id":17322,"date":"2020-10-23T12:24:56","date_gmt":"2020-10-23T10:24:56","guid":{"rendered":"https:\/\/www.pure-beauty.shop\/pure-beauty-shop\/produkt\/pandhys-cosmix-cleansing-milk-100-ml\/"},"modified":"2026-04-19T13:39:51","modified_gmt":"2026-04-19T11:39:51","slug":"cleansing-milk","status":"publish","type":"product","link":"https:\/\/www.pure-beauty.shop\/en\/product\/cleansing-milk\/","title":{"rendered":"COSMIX Cleansing Milk"},"content":{"rendered":"<div class=\"wpb-content-wrapper\"><div class=\"vc_row wpb_row vc_row-fluid et_custom_uniqid_69f11b97359b6\"><div class=\"wpb_column vc_column_container vc_col-sm-12 et_custom_uniqid_69f11b973598e\"><div class=\"vc_column-inner\"><div class=\"wpb_wrapper\">\n\t<div class=\"wpb_text_column wpb_content_element\" >\n\t\t<div class=\"wpb_wrapper\">\n\t\t\t<div>\n<p data-start=\"118\" data-end=\"398\">Die Cleansing Milk ist eine besonders sanfte Reinigungsmilch f\u00fcr die t\u00e4gliche Anwendung und eignet sich f\u00fcr alle Hauttypen \u2013 auch f\u00fcr empfindliche Haut. Sie entfernt zuverl\u00e4ssig Unreinheiten und sorgt f\u00fcr ein frisches, gepflegtes Hautgef\u00fchl sowie einen weichen, strahlenden Teint.<\/p>\n<p data-start=\"400\" data-end=\"601\">Die innovative Formulierung kombiniert milde Zuckertenside mit feuchtigkeitsspendenden pflanzlichen \u00d6len und Extrakten. Dadurch wird die Haut gr\u00fcndlich gereinigt, ohne sie auszutrocknen oder zu reizen.<\/p>\n<p data-start=\"603\" data-end=\"826\">Mandel\u00f6l wirkt intensiv pflegend und ist reich an unges\u00e4ttigten Fetts\u00e4uren, die der nat\u00fcrlichen Hautbarriere \u00e4hneln. Es wird besonders gut aufgenommen und unterst\u00fctzt die Haut dabei, geschmeidig und ausgeglichen zu bleiben.<\/p>\n<p data-start=\"828\" data-end=\"984\">F\u00fcr optimale Ergebnisse empfiehlt sich die Kombination mit einem Enzympeeling \u2013 ideal als Expressreinigung f\u00fcr empfindliche oder zu Couperose neigende Haut.<\/p>\n<p>Wirkung:<\/p>\n<\/div>\n<div>\n<p>Die Zusammensetzung ist eine originelle Kombination aus sanften Zuckertensiden und feuchtigkeitsspendenden Pflanzen\u00f6len und -extrakten f\u00fcr eine optimale Wirkung.\u00a0Mandel\u00f6l wirkt pflegend und enth\u00e4lt viele unges\u00e4ttigte Fetts\u00e4uren, die der Hautbarriere \u00e4hneln, daher wird es leicht von der Haut anfgenommen, ohne auszutrocknen.<\/p>\n<p>Sehr gute Ergebnisse erzielten wir bisher in der Kombination mit dem Enzympeeling gleichzeitig, als Expressreinigung f\u00fcr empfindliche, oder Couperrosa-Haut.<\/p>\n<p>Noch ein Tipp:<\/p>\n<\/div>\n<div>\n<p>Lavendel-Peeling f\u00fcr die F\u00fc\u00dfe. COSMIX Cleansing Milk mit einem Teel\u00f6ffel Lavendelbl\u00fcten aus der BEAUTEA Serie gemeinsam auf F\u00fc\u00dfe und Unterschenkel auftragen, einmassieren und mit warmen Kompressen abnehmen.<\/p>\n<p>Anwendung:<\/p>\n<\/div>\n<div>\n<p>Die Reinigungsmilch morgens und abends in den Handfl\u00e4chen auf Hauttemperatur erw\u00e4rmen, auf die trockene oder feuchte Haut auftragen, aufemulgieren, in sanften kreisenden Bewegungen gr\u00fcndlich \u00fcber Augen, Gesicht und Hals einmassieren, mit Wasser absp\u00fclen oder mit einem feuchten Tuch entfernen.\u00a0Bei schwerem Make-up wiederholen Sie den vorigen Schritt, bis keine Make-up-R\u00fcckst\u00e4nde mehr vorhanden sind. Anschlie\u00dfend tonisieren.<\/p>\n<p>Hinweis: Alle Reinigungsprodukte von COSMIX sind in der praktischen 100 ml Verpackung und in der umweltschonenden 500 ml Nachf\u00fcllpackung erh\u00e4ltlich. Werfen Sie deshalb Ihre 100 ml Verpackung nicht weg. Sie ist unentbehrlich auf Reisen und nimmt wenig Platz im Bad weg<\/p>\n<h6>INCI: aqua (water), sodium cocoamphoacetate, lauryl glucoside, sodium cocoyl glutamate, sodium lauryl glucose carboxylate, prunus amygdalus dulcis (sweet almond) oil, simmondsia chinensis (jojoba) seed oil, glyceryl stearate, cetyl alcohol, stearic acid, cetearyl alcohol, gluconolactone, glycerin, polysorbate 60, vitis vinifera (grape) seed oil, sodium benzoate, chamomilla recutita (chamomile) flower extract, tocopheryl acetate, propylene glycol, cucumis sativus (cucumber) fruit extract, calcium gluconate<\/h6>\n<\/div>\n\n\t\t<\/div>\n\t<\/div>\n<\/div><\/div><\/div><\/div>\n<\/div>","protected":false},"excerpt":{"rendered":"<p data-start=\"1011\" data-end=\"1087\">Cleansing Milk \u2013 sanfte Reinigung f\u00fcr jeden Hauttyp, auch empfindliche Haut.<\/p>","protected":false},"featured_media":21188,"comment_status":"open","ping_status":"closed","template":"","meta":{"jetpack_post_was_ever_published":false},"etheme_brands":[{"term_id":205,"name":"COSMIX","slug":"cosmix","term_group":0,"term_taxonomy_id":205,"taxonomy":"brand","description":"","parent":0,"count":46,"filter":"raw"}],"product_brand":[],"product_cat":[172,170,174],"product_tag":[],"class_list":{"0":"post-17322","1":"product","2":"type-product","3":"status-publish","4":"has-post-thumbnail","6":"brand-cosmix","7":"product_cat-gesicht","8":"product_cat-pflege","9":"product_cat-reinigung","11":"first","12":"instock","13":"taxable","14":"shipping-taxable","15":"purchasable","16":"product-type-variable","17":"has-default-attributes"},"yoast_head":"<!-- This site is optimized with the Yoast SEO plugin v27.5 - https:\/\/yoast.com\/product\/yoast-seo-wordpress\/ -->\n<title>COSMIX Cleansing Milk - Pure Beauty &amp; PANDHY&#039;S Shop<\/title>\n<meta name=\"description\" content=\"Cleansing Milk \u2013 milde Reinigungsmilch mit Zuckertensiden &amp; Mandel\u00f6l. Reinigt sanft, pflegt intensiv und ideal f\u00fcr empfindliche &amp; Couperose-Haut.\" \/>\n<meta name=\"robots\" content=\"index, follow, max-snippet:-1, max-image-preview:large, max-video-preview:-1\" \/>\n<link rel=\"canonical\" href=\"https:\/\/www.pure-beauty.shop\/en\/product\/cleansing-milk\/\" \/>\n<meta property=\"og:locale\" content=\"en_GB\" \/>\n<meta property=\"og:type\" content=\"article\" \/>\n<meta property=\"og:title\" content=\"COSMIX Cleansing Milk - Pure Beauty &amp; PANDHY&#039;S Shop\" \/>\n<meta property=\"og:description\" content=\"Cleansing Milk \u2013 milde Reinigungsmilch mit Zuckertensiden &amp; Mandel\u00f6l. Reinigt sanft, pflegt intensiv und ideal f\u00fcr empfindliche &amp; Couperose-Haut.\" \/>\n<meta property=\"og:url\" content=\"https:\/\/www.pure-beauty.shop\/en\/product\/cleansing-milk\/\" \/>\n<meta property=\"og:site_name\" content=\"Pure Beauty &amp; PANDHY&#039;S Shop\" \/>\n<meta property=\"article:modified_time\" content=\"2026-04-19T11:39:51+00:00\" \/>\n<meta property=\"og:image\" content=\"https:\/\/www.pure-beauty.shop\/wp-content\/uploads\/2020\/10\/Online-Shop-Bilder-41.png\" \/>\n\t<meta property=\"og:image:width\" content=\"1400\" \/>\n\t<meta property=\"og:image:height\" content=\"1400\" \/>\n\t<meta property=\"og:image:type\" content=\"image\/png\" \/>\n<meta name=\"twitter:card\" content=\"summary_large_image\" \/>\n<meta name=\"twitter:label1\" content=\"Estimated reading time\" \/>\n\t<meta name=\"twitter:data1\" content=\"2 minutes\" \/>\n<script type=\"application\/ld+json\" class=\"yoast-schema-graph\">{\"@context\":\"https:\\\/\\\/schema.org\",\"@graph\":[{\"@type\":\"WebPage\",\"@id\":\"https:\\\/\\\/www.pure-beauty.shop\\\/produkt\\\/cleansing-milk\\\/\",\"url\":\"https:\\\/\\\/www.pure-beauty.shop\\\/produkt\\\/cleansing-milk\\\/\",\"name\":\"COSMIX Cleansing Milk - Pure Beauty &amp; PANDHY&#039;S Shop\",\"isPartOf\":{\"@id\":\"https:\\\/\\\/www.pure-beauty.shop\\\/#website\"},\"primaryImageOfPage\":{\"@id\":\"https:\\\/\\\/www.pure-beauty.shop\\\/produkt\\\/cleansing-milk\\\/#primaryimage\"},\"image\":{\"@id\":\"https:\\\/\\\/www.pure-beauty.shop\\\/produkt\\\/cleansing-milk\\\/#primaryimage\"},\"thumbnailUrl\":\"https:\\\/\\\/www.pure-beauty.shop\\\/wp-content\\\/uploads\\\/2020\\\/10\\\/Online-Shop-Bilder-41.png\",\"datePublished\":\"2020-10-23T10:24:56+00:00\",\"dateModified\":\"2026-04-19T11:39:51+00:00\",\"description\":\"Cleansing Milk \u2013 milde Reinigungsmilch mit Zuckertensiden & Mandel\u00f6l. Reinigt sanft, pflegt intensiv und ideal f\u00fcr empfindliche & Couperose-Haut.\",\"breadcrumb\":{\"@id\":\"https:\\\/\\\/www.pure-beauty.shop\\\/produkt\\\/cleansing-milk\\\/#breadcrumb\"},\"inLanguage\":\"en-GB\",\"potentialAction\":[{\"@type\":\"ReadAction\",\"target\":[\"https:\\\/\\\/www.pure-beauty.shop\\\/produkt\\\/cleansing-milk\\\/\"]}]},{\"@type\":\"ImageObject\",\"inLanguage\":\"en-GB\",\"@id\":\"https:\\\/\\\/www.pure-beauty.shop\\\/produkt\\\/cleansing-milk\\\/#primaryimage\",\"url\":\"https:\\\/\\\/www.pure-beauty.shop\\\/wp-content\\\/uploads\\\/2020\\\/10\\\/Online-Shop-Bilder-41.png\",\"contentUrl\":\"https:\\\/\\\/www.pure-beauty.shop\\\/wp-content\\\/uploads\\\/2020\\\/10\\\/Online-Shop-Bilder-41.png\",\"width\":1400,\"height\":1400},{\"@type\":\"BreadcrumbList\",\"@id\":\"https:\\\/\\\/www.pure-beauty.shop\\\/produkt\\\/cleansing-milk\\\/#breadcrumb\",\"itemListElement\":[{\"@type\":\"ListItem\",\"position\":1,\"name\":\"Startseite\",\"item\":\"https:\\\/\\\/www.pure-beauty.shop\\\/\"},{\"@type\":\"ListItem\",\"position\":2,\"name\":\"Shop\",\"item\":\"https:\\\/\\\/www.pure-beauty.shop\\\/en\\\/shop\\\/\"},{\"@type\":\"ListItem\",\"position\":3,\"name\":\"COSMIX Cleansing Milk\"}]},{\"@type\":\"WebSite\",\"@id\":\"https:\\\/\\\/www.pure-beauty.shop\\\/#website\",\"url\":\"https:\\\/\\\/www.pure-beauty.shop\\\/\",\"name\":\"Pure Beauty &amp; PANDHY&#039;S Shop\",\"description\":\"Kosmetikshop in Graz\",\"potentialAction\":[{\"@type\":\"SearchAction\",\"target\":{\"@type\":\"EntryPoint\",\"urlTemplate\":\"https:\\\/\\\/www.pure-beauty.shop\\\/?s={search_term_string}\"},\"query-input\":{\"@type\":\"PropertyValueSpecification\",\"valueRequired\":true,\"valueName\":\"search_term_string\"}}],\"inLanguage\":\"en-GB\"}]}<\/script>\n<!-- \/ Yoast SEO plugin. -->","yoast_head_json":{"title":"COSMIX Cleansing Milk - Pure Beauty &amp; PANDHY&#039;S Shop","description":"Cleansing Milk \u2013 milde Reinigungsmilch mit Zuckertensiden & Mandel\u00f6l. Reinigt sanft, pflegt intensiv und ideal f\u00fcr empfindliche & Couperose-Haut.","robots":{"index":"index","follow":"follow","max-snippet":"max-snippet:-1","max-image-preview":"max-image-preview:large","max-video-preview":"max-video-preview:-1"},"canonical":"https:\/\/www.pure-beauty.shop\/en\/product\/cleansing-milk\/","og_locale":"en_GB","og_type":"article","og_title":"COSMIX Cleansing Milk - Pure Beauty &amp; PANDHY&#039;S Shop","og_description":"Cleansing Milk \u2013 milde Reinigungsmilch mit Zuckertensiden & Mandel\u00f6l. Reinigt sanft, pflegt intensiv und ideal f\u00fcr empfindliche & Couperose-Haut.","og_url":"https:\/\/www.pure-beauty.shop\/en\/product\/cleansing-milk\/","og_site_name":"Pure Beauty &amp; PANDHY&#039;S Shop","article_modified_time":"2026-04-19T11:39:51+00:00","og_image":[{"width":1400,"height":1400,"url":"https:\/\/www.pure-beauty.shop\/wp-content\/uploads\/2020\/10\/Online-Shop-Bilder-41.png","type":"image\/png"}],"twitter_card":"summary_large_image","twitter_misc":{"Estimated reading time":"2 minutes"},"schema":{"@context":"https:\/\/schema.org","@graph":[{"@type":"WebPage","@id":"https:\/\/www.pure-beauty.shop\/produkt\/cleansing-milk\/","url":"https:\/\/www.pure-beauty.shop\/produkt\/cleansing-milk\/","name":"COSMIX Cleansing Milk - Pure Beauty &amp; PANDHY&#039;S Shop","isPartOf":{"@id":"https:\/\/www.pure-beauty.shop\/#website"},"primaryImageOfPage":{"@id":"https:\/\/www.pure-beauty.shop\/produkt\/cleansing-milk\/#primaryimage"},"image":{"@id":"https:\/\/www.pure-beauty.shop\/produkt\/cleansing-milk\/#primaryimage"},"thumbnailUrl":"https:\/\/www.pure-beauty.shop\/wp-content\/uploads\/2020\/10\/Online-Shop-Bilder-41.png","datePublished":"2020-10-23T10:24:56+00:00","dateModified":"2026-04-19T11:39:51+00:00","description":"Cleansing Milk \u2013 milde Reinigungsmilch mit Zuckertensiden & Mandel\u00f6l. Reinigt sanft, pflegt intensiv und ideal f\u00fcr empfindliche & Couperose-Haut.","breadcrumb":{"@id":"https:\/\/www.pure-beauty.shop\/produkt\/cleansing-milk\/#breadcrumb"},"inLanguage":"en-GB","potentialAction":[{"@type":"ReadAction","target":["https:\/\/www.pure-beauty.shop\/produkt\/cleansing-milk\/"]}]},{"@type":"ImageObject","inLanguage":"en-GB","@id":"https:\/\/www.pure-beauty.shop\/produkt\/cleansing-milk\/#primaryimage","url":"https:\/\/www.pure-beauty.shop\/wp-content\/uploads\/2020\/10\/Online-Shop-Bilder-41.png","contentUrl":"https:\/\/www.pure-beauty.shop\/wp-content\/uploads\/2020\/10\/Online-Shop-Bilder-41.png","width":1400,"height":1400},{"@type":"BreadcrumbList","@id":"https:\/\/www.pure-beauty.shop\/produkt\/cleansing-milk\/#breadcrumb","itemListElement":[{"@type":"ListItem","position":1,"name":"Startseite","item":"https:\/\/www.pure-beauty.shop\/"},{"@type":"ListItem","position":2,"name":"Shop","item":"https:\/\/www.pure-beauty.shop\/en\/shop\/"},{"@type":"ListItem","position":3,"name":"COSMIX Cleansing Milk"}]},{"@type":"WebSite","@id":"https:\/\/www.pure-beauty.shop\/#website","url":"https:\/\/www.pure-beauty.shop\/","name":"Pure Beauty &amp; PANDHY&#039;S Shop","description":"Kosmetikshop in Graz","potentialAction":[{"@type":"SearchAction","target":{"@type":"EntryPoint","urlTemplate":"https:\/\/www.pure-beauty.shop\/?s={search_term_string}"},"query-input":{"@type":"PropertyValueSpecification","valueRequired":true,"valueName":"search_term_string"}}],"inLanguage":"en-GB"}]}},"jetpack_sharing_enabled":true,"_links":{"self":[{"href":"https:\/\/www.pure-beauty.shop\/en\/wp-json\/wp\/v2\/product\/17322","targetHints":{"allow":["GET"]}}],"collection":[{"href":"https:\/\/www.pure-beauty.shop\/en\/wp-json\/wp\/v2\/product"}],"about":[{"href":"https:\/\/www.pure-beauty.shop\/en\/wp-json\/wp\/v2\/types\/product"}],"replies":[{"embeddable":true,"href":"https:\/\/www.pure-beauty.shop\/en\/wp-json\/wp\/v2\/comments?post=17322"}],"wp:featuredmedia":[{"embeddable":true,"href":"https:\/\/www.pure-beauty.shop\/en\/wp-json\/wp\/v2\/media\/21188"}],"wp:attachment":[{"href":"https:\/\/www.pure-beauty.shop\/en\/wp-json\/wp\/v2\/media?parent=17322"}],"wp:term":[{"taxonomy":"brand","embeddable":true,"href":"https:\/\/www.pure-beauty.shop\/en\/wp-json\/wp\/v2\/etheme_brands?post=17322"},{"taxonomy":"product_brand","embeddable":true,"href":"https:\/\/www.pure-beauty.shop\/en\/wp-json\/wp\/v2\/product_brand?post=17322"},{"taxonomy":"product_cat","embeddable":true,"href":"https:\/\/www.pure-beauty.shop\/en\/wp-json\/wp\/v2\/product_cat?post=17322"},{"taxonomy":"product_tag","embeddable":true,"href":"https:\/\/www.pure-beauty.shop\/en\/wp-json\/wp\/v2\/product_tag?post=17322"}],"curies":[{"name":"wp","href":"https:\/\/api.w.org\/{rel}","templated":true}]}}