{"id":17325,"date":"2020-10-23T12:24:57","date_gmt":"2020-10-23T10:24:57","guid":{"rendered":"https:\/\/www.pure-beauty.shop\/pure-beauty-shop\/?post_type=product&#038;p=17325"},"modified":"2026-04-18T17:57:39","modified_gmt":"2026-04-18T15:57:39","slug":"cosmix-hydro-cream-base","status":"publish","type":"product","link":"https:\/\/www.pure-beauty.shop\/en\/product\/cosmix-hydro-cream-base\/","title":{"rendered":"PANDHY&#8217;S\u2122 COSMIX Hydro Cream Base"},"content":{"rendered":"<div class=\"wpb-content-wrapper\"><div class=\"vc_row wpb_row vc_row-fluid et_custom_uniqid_69e45feb217db\"><div class=\"wpb_column vc_column_container vc_col-sm-12 et_custom_uniqid_69e45feb217b5\"><div class=\"vc_column-inner\"><div class=\"wpb_wrapper\">\n\t<div class=\"wpb_text_column wpb_content_element\" >\n\t\t<div class=\"wpb_wrapper\">\n\t\t\t<p data-start=\"79\" data-end=\"367\">Die Hydro Cream Base ist eine besonders leichte Cremebasis und eignet sich ideal f\u00fcr \u00f6lige und Mischhaut, aber auch f\u00fcr normale bis empfindliche Hauttypen. Ihre feine Textur zieht schnell und vollst\u00e4ndig ein und hinterl\u00e4sst ein sauberes, frisches und zugleich angenehm weiches Hautgef\u00fchl.<\/p>\n<p data-start=\"369\" data-end=\"616\">Sie bildet die perfekte Grundlage f\u00fcr die t\u00e4gliche Pflege von Gesicht, Hals, Dekollet\u00e9 und der empfindlichen Augenpartie. Die ausgewogene Formulierung unterst\u00fctzt die Haut dabei, ihre nat\u00fcrliche Balance zu bewahren und optimal versorgt zu bleiben.<\/p>\n<p data-start=\"618\" data-end=\"941\">Urea spendet intensive Feuchtigkeit und wirkt hauterweichend, w\u00e4hrend Sonnenblumen\u00f6l und Traubenkern\u00f6l antioxidativ wirken und die Haut vor fr\u00fchzeitiger Alterung sch\u00fctzen. Pflanzliche PHA-S\u00e4uren in Kombination mit Glycerin sorgen f\u00fcr eine glatte, gekl\u00e4rte Hautoberfl\u00e4che und helfen, die Bildung von Komedonen zu verhindern.<\/p>\n<h6 data-start=\"618\" data-end=\"941\">INCI: aqua (water), glycerin, glyceryl stearate, urea, gluconolactone, cetyl alcohol, stearyl alcohol, stearic acid, vitis vinifera (grape) seed oil, sodium benzoate, helianthus annuus (sunflower) seed oil, tocopherol, calcium gluconate<\/h6>\n\n\t\t<\/div>\n\t<\/div>\n<\/div><\/div><\/div><\/div>\n<\/div>","protected":false},"excerpt":{"rendered":"<p data-start=\"968\" data-end=\"1055\">Hydro Cream Base \u2013 leichte Feuchtigkeitspflege f\u00fcr ein klares, ausgeglichenes Hautbild.<\/p>","protected":false},"featured_media":21168,"comment_status":"open","ping_status":"closed","template":"","meta":{"jetpack_post_was_ever_published":false},"etheme_brands":[{"term_id":205,"name":"COSMIX","slug":"cosmix","term_group":0,"term_taxonomy_id":205,"taxonomy":"brand","description":"","parent":0,"count":37,"filter":"raw"}],"product_brand":[],"product_cat":[172,178,173,190,170],"product_tag":[],"class_list":{"0":"post-17325","1":"product","2":"type-product","3":"status-publish","4":"has-post-thumbnail","6":"brand-cosmix","7":"product_cat-gesicht","8":"product_cat-gesichtscreme","9":"product_cat-koerper","10":"product_cat-koerperpflege","11":"product_cat-pflege","13":"first","14":"instock","15":"taxable","16":"shipping-taxable","17":"purchasable","18":"product-type-variable","19":"has-default-attributes"},"yoast_head":"<!-- This site is optimized with the Yoast SEO plugin v27.4 - https:\/\/yoast.com\/product\/yoast-seo-wordpress\/ -->\n<title>PANDHY&#039;S\u2122 COSMIX Hydro Cream Base - Pure Beauty &amp; PANDHY&#039;S Shop<\/title>\n<meta name=\"description\" content=\"Hydro Cream Base \u2013 leichte Feuchtigkeitscreme f\u00fcr \u00f6lige &amp; empfindliche Haut. Mit Urea, PHA &amp; Antioxidantien f\u00fcr ein klares, glattes Hautbild.\" \/>\n<meta name=\"robots\" content=\"index, follow, max-snippet:-1, max-image-preview:large, max-video-preview:-1\" \/>\n<link rel=\"canonical\" href=\"https:\/\/www.pure-beauty.shop\/en\/product\/cosmix-hydro-cream-base\/\" \/>\n<meta property=\"og:locale\" content=\"en_GB\" \/>\n<meta property=\"og:type\" content=\"article\" \/>\n<meta property=\"og:title\" content=\"PANDHY&#039;S\u2122 COSMIX Hydro Cream Base - Pure Beauty &amp; PANDHY&#039;S Shop\" \/>\n<meta property=\"og:description\" content=\"Hydro Cream Base \u2013 leichte Feuchtigkeitscreme f\u00fcr \u00f6lige &amp; empfindliche Haut. Mit Urea, PHA &amp; Antioxidantien f\u00fcr ein klares, glattes Hautbild.\" \/>\n<meta property=\"og:url\" content=\"https:\/\/www.pure-beauty.shop\/en\/product\/cosmix-hydro-cream-base\/\" \/>\n<meta property=\"og:site_name\" content=\"Pure Beauty &amp; PANDHY&#039;S Shop\" \/>\n<meta property=\"article:modified_time\" content=\"2026-04-18T15:57:39+00:00\" \/>\n<meta property=\"og:image\" content=\"https:\/\/www.pure-beauty.shop\/wp-content\/uploads\/2020\/10\/Online-Shop-Bilder-36.png\" \/>\n\t<meta property=\"og:image:width\" content=\"1400\" \/>\n\t<meta property=\"og:image:height\" content=\"1400\" \/>\n\t<meta property=\"og:image:type\" content=\"image\/png\" \/>\n<meta name=\"twitter:card\" content=\"summary_large_image\" \/>\n<meta name=\"twitter:label1\" content=\"Estimated reading time\" \/>\n\t<meta name=\"twitter:data1\" content=\"1 minute\" \/>\n<script type=\"application\/ld+json\" class=\"yoast-schema-graph\">{\"@context\":\"https:\\\/\\\/schema.org\",\"@graph\":[{\"@type\":\"WebPage\",\"@id\":\"https:\\\/\\\/www.pure-beauty.shop\\\/produkt\\\/cosmix-hydro-cream-base\\\/\",\"url\":\"https:\\\/\\\/www.pure-beauty.shop\\\/produkt\\\/cosmix-hydro-cream-base\\\/\",\"name\":\"PANDHY'S\u2122 COSMIX Hydro Cream Base - Pure Beauty &amp; PANDHY&#039;S Shop\",\"isPartOf\":{\"@id\":\"https:\\\/\\\/www.pure-beauty.shop\\\/#website\"},\"primaryImageOfPage\":{\"@id\":\"https:\\\/\\\/www.pure-beauty.shop\\\/produkt\\\/cosmix-hydro-cream-base\\\/#primaryimage\"},\"image\":{\"@id\":\"https:\\\/\\\/www.pure-beauty.shop\\\/produkt\\\/cosmix-hydro-cream-base\\\/#primaryimage\"},\"thumbnailUrl\":\"https:\\\/\\\/www.pure-beauty.shop\\\/wp-content\\\/uploads\\\/2020\\\/10\\\/Online-Shop-Bilder-36.png\",\"datePublished\":\"2020-10-23T10:24:57+00:00\",\"dateModified\":\"2026-04-18T15:57:39+00:00\",\"description\":\"Hydro Cream Base \u2013 leichte Feuchtigkeitscreme f\u00fcr \u00f6lige & empfindliche Haut. Mit Urea, PHA & Antioxidantien f\u00fcr ein klares, glattes Hautbild.\",\"breadcrumb\":{\"@id\":\"https:\\\/\\\/www.pure-beauty.shop\\\/produkt\\\/cosmix-hydro-cream-base\\\/#breadcrumb\"},\"inLanguage\":\"en-GB\",\"potentialAction\":[{\"@type\":\"ReadAction\",\"target\":[\"https:\\\/\\\/www.pure-beauty.shop\\\/produkt\\\/cosmix-hydro-cream-base\\\/\"]}]},{\"@type\":\"ImageObject\",\"inLanguage\":\"en-GB\",\"@id\":\"https:\\\/\\\/www.pure-beauty.shop\\\/produkt\\\/cosmix-hydro-cream-base\\\/#primaryimage\",\"url\":\"https:\\\/\\\/www.pure-beauty.shop\\\/wp-content\\\/uploads\\\/2020\\\/10\\\/Online-Shop-Bilder-36.png\",\"contentUrl\":\"https:\\\/\\\/www.pure-beauty.shop\\\/wp-content\\\/uploads\\\/2020\\\/10\\\/Online-Shop-Bilder-36.png\",\"width\":1400,\"height\":1400},{\"@type\":\"BreadcrumbList\",\"@id\":\"https:\\\/\\\/www.pure-beauty.shop\\\/produkt\\\/cosmix-hydro-cream-base\\\/#breadcrumb\",\"itemListElement\":[{\"@type\":\"ListItem\",\"position\":1,\"name\":\"Startseite\",\"item\":\"https:\\\/\\\/www.pure-beauty.shop\\\/\"},{\"@type\":\"ListItem\",\"position\":2,\"name\":\"Shop\",\"item\":\"https:\\\/\\\/www.pure-beauty.shop\\\/en\\\/shop\\\/\"},{\"@type\":\"ListItem\",\"position\":3,\"name\":\"PANDHY&#8217;S\u2122 COSMIX Hydro Cream Base\"}]},{\"@type\":\"WebSite\",\"@id\":\"https:\\\/\\\/www.pure-beauty.shop\\\/#website\",\"url\":\"https:\\\/\\\/www.pure-beauty.shop\\\/\",\"name\":\"Pure Beauty &amp; PANDHY&#039;S Shop\",\"description\":\"Kosmetikshop in Graz\",\"potentialAction\":[{\"@type\":\"SearchAction\",\"target\":{\"@type\":\"EntryPoint\",\"urlTemplate\":\"https:\\\/\\\/www.pure-beauty.shop\\\/?s={search_term_string}\"},\"query-input\":{\"@type\":\"PropertyValueSpecification\",\"valueRequired\":true,\"valueName\":\"search_term_string\"}}],\"inLanguage\":\"en-GB\"}]}<\/script>\n<!-- \/ Yoast SEO plugin. -->","yoast_head_json":{"title":"PANDHY'S\u2122 COSMIX Hydro Cream Base - Pure Beauty &amp; PANDHY&#039;S Shop","description":"Hydro Cream Base \u2013 leichte Feuchtigkeitscreme f\u00fcr \u00f6lige & empfindliche Haut. Mit Urea, PHA & Antioxidantien f\u00fcr ein klares, glattes Hautbild.","robots":{"index":"index","follow":"follow","max-snippet":"max-snippet:-1","max-image-preview":"max-image-preview:large","max-video-preview":"max-video-preview:-1"},"canonical":"https:\/\/www.pure-beauty.shop\/en\/product\/cosmix-hydro-cream-base\/","og_locale":"en_GB","og_type":"article","og_title":"PANDHY'S\u2122 COSMIX Hydro Cream Base - Pure Beauty &amp; PANDHY&#039;S Shop","og_description":"Hydro Cream Base \u2013 leichte Feuchtigkeitscreme f\u00fcr \u00f6lige & empfindliche Haut. Mit Urea, PHA & Antioxidantien f\u00fcr ein klares, glattes Hautbild.","og_url":"https:\/\/www.pure-beauty.shop\/en\/product\/cosmix-hydro-cream-base\/","og_site_name":"Pure Beauty &amp; PANDHY&#039;S Shop","article_modified_time":"2026-04-18T15:57:39+00:00","og_image":[{"width":1400,"height":1400,"url":"https:\/\/www.pure-beauty.shop\/wp-content\/uploads\/2020\/10\/Online-Shop-Bilder-36.png","type":"image\/png"}],"twitter_card":"summary_large_image","twitter_misc":{"Estimated reading time":"1 minute"},"schema":{"@context":"https:\/\/schema.org","@graph":[{"@type":"WebPage","@id":"https:\/\/www.pure-beauty.shop\/produkt\/cosmix-hydro-cream-base\/","url":"https:\/\/www.pure-beauty.shop\/produkt\/cosmix-hydro-cream-base\/","name":"PANDHY'S\u2122 COSMIX Hydro Cream Base - Pure Beauty &amp; PANDHY&#039;S Shop","isPartOf":{"@id":"https:\/\/www.pure-beauty.shop\/#website"},"primaryImageOfPage":{"@id":"https:\/\/www.pure-beauty.shop\/produkt\/cosmix-hydro-cream-base\/#primaryimage"},"image":{"@id":"https:\/\/www.pure-beauty.shop\/produkt\/cosmix-hydro-cream-base\/#primaryimage"},"thumbnailUrl":"https:\/\/www.pure-beauty.shop\/wp-content\/uploads\/2020\/10\/Online-Shop-Bilder-36.png","datePublished":"2020-10-23T10:24:57+00:00","dateModified":"2026-04-18T15:57:39+00:00","description":"Hydro Cream Base \u2013 leichte Feuchtigkeitscreme f\u00fcr \u00f6lige & empfindliche Haut. Mit Urea, PHA & Antioxidantien f\u00fcr ein klares, glattes Hautbild.","breadcrumb":{"@id":"https:\/\/www.pure-beauty.shop\/produkt\/cosmix-hydro-cream-base\/#breadcrumb"},"inLanguage":"en-GB","potentialAction":[{"@type":"ReadAction","target":["https:\/\/www.pure-beauty.shop\/produkt\/cosmix-hydro-cream-base\/"]}]},{"@type":"ImageObject","inLanguage":"en-GB","@id":"https:\/\/www.pure-beauty.shop\/produkt\/cosmix-hydro-cream-base\/#primaryimage","url":"https:\/\/www.pure-beauty.shop\/wp-content\/uploads\/2020\/10\/Online-Shop-Bilder-36.png","contentUrl":"https:\/\/www.pure-beauty.shop\/wp-content\/uploads\/2020\/10\/Online-Shop-Bilder-36.png","width":1400,"height":1400},{"@type":"BreadcrumbList","@id":"https:\/\/www.pure-beauty.shop\/produkt\/cosmix-hydro-cream-base\/#breadcrumb","itemListElement":[{"@type":"ListItem","position":1,"name":"Startseite","item":"https:\/\/www.pure-beauty.shop\/"},{"@type":"ListItem","position":2,"name":"Shop","item":"https:\/\/www.pure-beauty.shop\/en\/shop\/"},{"@type":"ListItem","position":3,"name":"PANDHY&#8217;S\u2122 COSMIX Hydro Cream Base"}]},{"@type":"WebSite","@id":"https:\/\/www.pure-beauty.shop\/#website","url":"https:\/\/www.pure-beauty.shop\/","name":"Pure Beauty &amp; PANDHY&#039;S Shop","description":"Kosmetikshop in Graz","potentialAction":[{"@type":"SearchAction","target":{"@type":"EntryPoint","urlTemplate":"https:\/\/www.pure-beauty.shop\/?s={search_term_string}"},"query-input":{"@type":"PropertyValueSpecification","valueRequired":true,"valueName":"search_term_string"}}],"inLanguage":"en-GB"}]}},"jetpack_sharing_enabled":true,"_links":{"self":[{"href":"https:\/\/www.pure-beauty.shop\/en\/wp-json\/wp\/v2\/product\/17325","targetHints":{"allow":["GET"]}}],"collection":[{"href":"https:\/\/www.pure-beauty.shop\/en\/wp-json\/wp\/v2\/product"}],"about":[{"href":"https:\/\/www.pure-beauty.shop\/en\/wp-json\/wp\/v2\/types\/product"}],"replies":[{"embeddable":true,"href":"https:\/\/www.pure-beauty.shop\/en\/wp-json\/wp\/v2\/comments?post=17325"}],"wp:featuredmedia":[{"embeddable":true,"href":"https:\/\/www.pure-beauty.shop\/en\/wp-json\/wp\/v2\/media\/21168"}],"wp:attachment":[{"href":"https:\/\/www.pure-beauty.shop\/en\/wp-json\/wp\/v2\/media?parent=17325"}],"wp:term":[{"taxonomy":"brand","embeddable":true,"href":"https:\/\/www.pure-beauty.shop\/en\/wp-json\/wp\/v2\/etheme_brands?post=17325"},{"taxonomy":"product_brand","embeddable":true,"href":"https:\/\/www.pure-beauty.shop\/en\/wp-json\/wp\/v2\/product_brand?post=17325"},{"taxonomy":"product_cat","embeddable":true,"href":"https:\/\/www.pure-beauty.shop\/en\/wp-json\/wp\/v2\/product_cat?post=17325"},{"taxonomy":"product_tag","embeddable":true,"href":"https:\/\/www.pure-beauty.shop\/en\/wp-json\/wp\/v2\/product_tag?post=17325"}],"curies":[{"name":"wp","href":"https:\/\/api.w.org\/{rel}","templated":true}]}}