{"id":17328,"date":"2020-10-23T12:24:59","date_gmt":"2020-10-23T10:24:59","guid":{"rendered":"https:\/\/www.pure-beauty.shop\/pure-beauty-shop\/produkt\/pandhys-cosmix-massage-oil-base-500-ml\/"},"modified":"2026-04-19T09:45:03","modified_gmt":"2026-04-19T07:45:03","slug":"massage-oil-base","status":"publish","type":"product","link":"https:\/\/www.pure-beauty.shop\/en\/product\/massage-oil-base\/","title":{"rendered":"COSMIX Massage Oil Base (500 ml)"},"content":{"rendered":"<div class=\"wpb-content-wrapper\"><div class=\"vc_row wpb_row vc_row-fluid et_custom_uniqid_69f11b9762f05\"><div class=\"wpb_column vc_column_container vc_col-sm-12 et_custom_uniqid_69f11b9762ede\"><div class=\"vc_column-inner\"><div class=\"wpb_wrapper\">\n\t<div class=\"wpb_text_column wpb_content_element\" >\n\t\t<div class=\"wpb_wrapper\">\n\t\t\t<div class=\"vc_row wpb_row vc_row-fluid et_custom_uniqid_63b34b746118c mpc-row\">\n<div class=\"wpb_column vc_column_container vc_col-sm-12 et_custom_uniqid_63b34b746008a mpc-column\" data-column-id=\"mpc_column-463b34b7d1e4f5\">\n<div class=\"vc_column-inner\">\n<div class=\"wpb_wrapper\">\n<div class=\"wpb_text_column wpb_content_element\">\n<div class=\"wpb_wrapper\">\n<p data-start=\"111\" data-end=\"471\">Dieses besonders feine, ergiebige Natur-Massage\u00f6l \u00fcberzeugt durch seine hervorragende Gleitf\u00e4higkeit und eignet sich ideal f\u00fcr Gesichts- und K\u00f6rpermassagen. Die leichte, geschmeidige Textur sorgt f\u00fcr ein angenehmes Hautgef\u00fchl, w\u00e4hrend der neutrale Duft es f\u00fcr alle Hauttypen vielseitig einsetzbar macht. Das \u00d6l kann sowohl kalt als auch warm angewendet werden.<\/p>\n<p data-start=\"473\" data-end=\"804\">Die Basis bildet pflanzliches Squalan, das f\u00fcr seine haut\u00e4hnlichen Eigenschaften bekannt ist und die Haut besonders gut pflegt und sch\u00fctzt. Erg\u00e4nzt wird die Formulierung durch hochwertige pflanzliche \u00d6le wie Aprikosenkern\u00f6l, Argan\u00f6l, Kokosnuss\u00f6l und Inkanuss\u00f6l, die die Haut intensiv n\u00e4hren und mit wichtigen N\u00e4hrstoffen versorgen.<\/p>\n<p data-start=\"806\" data-end=\"1080\">Das Massage\u00f6l ist frei kombinierbar mit allen COSMIX Wirkstoffen und kann individuell an unterschiedliche Hautbed\u00fcrfnisse und Behandlungsziele angepasst werden. Zus\u00e4tzlich l\u00e4sst es sich mit den COSMIX Scents nach Wunsch parf\u00fcmieren \u2013 f\u00fcr ein personalisiertes Pflegeerlebnis.<\/p>\n<h6>INCI: caprylic \/ capric triglyceride, prunus armeniaca (apricot) kernel oil, argania spinosa kernel oil, squalane, plukenetia volubilis seed oil<\/h6>\n<\/div>\n<\/div>\n<\/div>\n<\/div>\n<\/div>\n<\/div>\n\n\t\t<\/div>\n\t<\/div>\n<\/div><\/div><\/div><\/div>\n<\/div>","protected":false},"excerpt":{"rendered":"<p data-start=\"1107\" data-end=\"1190\">Feines Natur-Massage\u00f6l \u2013 optimale Gleitf\u00e4higkeit und individuell anpassbare Pflege.<\/p>","protected":false},"featured_media":21046,"comment_status":"open","ping_status":"closed","template":"","meta":{"jetpack_post_was_ever_published":false},"etheme_brands":[{"term_id":205,"name":"COSMIX","slug":"cosmix","term_group":0,"term_taxonomy_id":205,"taxonomy":"brand","description":"","parent":0,"count":46,"filter":"raw"}],"product_brand":[],"product_cat":[172,173,190,170,194,180],"product_tag":[],"class_list":{"0":"post-17328","1":"product","2":"type-product","3":"status-publish","4":"has-post-thumbnail","6":"brand-cosmix","7":"product_cat-gesicht","8":"product_cat-koerper","9":"product_cat-koerperpflege","10":"product_cat-pflege","11":"product_cat-spaspecials_koerper","12":"product_cat-spezialpflege","14":"first","15":"instock","16":"taxable","17":"shipping-taxable","18":"purchasable","19":"product-type-simple"},"yoast_head":"<!-- This site is optimized with the Yoast SEO plugin v27.5 - https:\/\/yoast.com\/product\/yoast-seo-wordpress\/ -->\n<title>COSMIX Massage Oil Base (500 ml) - Pure Beauty &amp; PANDHY&#039;S Shop<\/title>\n<meta name=\"description\" content=\"Natur-Massage\u00f6l mit Squalan \u2013 leicht, pflegend &amp; vielseitig. F\u00fcr Gesicht &amp; K\u00f6rper, individuell mit COSMIX Wirkstoffen &amp; D\u00fcften kombinierbar.\" \/>\n<meta name=\"robots\" content=\"index, follow, max-snippet:-1, max-image-preview:large, max-video-preview:-1\" \/>\n<link rel=\"canonical\" href=\"https:\/\/www.pure-beauty.shop\/en\/product\/massage-oil-base\/\" \/>\n<meta property=\"og:locale\" content=\"en_GB\" \/>\n<meta property=\"og:type\" content=\"article\" \/>\n<meta property=\"og:title\" content=\"COSMIX Massage Oil Base (500 ml) - Pure Beauty &amp; PANDHY&#039;S Shop\" \/>\n<meta property=\"og:description\" content=\"Natur-Massage\u00f6l mit Squalan \u2013 leicht, pflegend &amp; vielseitig. F\u00fcr Gesicht &amp; K\u00f6rper, individuell mit COSMIX Wirkstoffen &amp; D\u00fcften kombinierbar.\" \/>\n<meta property=\"og:url\" content=\"https:\/\/www.pure-beauty.shop\/en\/product\/massage-oil-base\/\" \/>\n<meta property=\"og:site_name\" content=\"Pure Beauty &amp; PANDHY&#039;S Shop\" \/>\n<meta property=\"article:modified_time\" content=\"2026-04-19T07:45:03+00:00\" \/>\n<meta property=\"og:image\" content=\"https:\/\/www.pure-beauty.shop\/wp-content\/uploads\/2020\/10\/img_8631.jpeg\" \/>\n\t<meta property=\"og:image:width\" content=\"1600\" \/>\n\t<meta property=\"og:image:height\" content=\"1600\" \/>\n\t<meta property=\"og:image:type\" content=\"image\/jpeg\" \/>\n<meta name=\"twitter:card\" content=\"summary_large_image\" \/>\n<meta name=\"twitter:label1\" content=\"Estimated reading time\" \/>\n\t<meta name=\"twitter:data1\" content=\"1 minute\" \/>\n<script type=\"application\/ld+json\" class=\"yoast-schema-graph\">{\"@context\":\"https:\\\/\\\/schema.org\",\"@graph\":[{\"@type\":\"WebPage\",\"@id\":\"https:\\\/\\\/www.pure-beauty.shop\\\/produkt\\\/massage-oil-base\\\/\",\"url\":\"https:\\\/\\\/www.pure-beauty.shop\\\/produkt\\\/massage-oil-base\\\/\",\"name\":\"COSMIX Massage Oil Base (500 ml) - Pure Beauty &amp; PANDHY&#039;S Shop\",\"isPartOf\":{\"@id\":\"https:\\\/\\\/www.pure-beauty.shop\\\/#website\"},\"primaryImageOfPage\":{\"@id\":\"https:\\\/\\\/www.pure-beauty.shop\\\/produkt\\\/massage-oil-base\\\/#primaryimage\"},\"image\":{\"@id\":\"https:\\\/\\\/www.pure-beauty.shop\\\/produkt\\\/massage-oil-base\\\/#primaryimage\"},\"thumbnailUrl\":\"https:\\\/\\\/www.pure-beauty.shop\\\/wp-content\\\/uploads\\\/2020\\\/10\\\/img_8631.jpeg\",\"datePublished\":\"2020-10-23T10:24:59+00:00\",\"dateModified\":\"2026-04-19T07:45:03+00:00\",\"description\":\"Natur-Massage\u00f6l mit Squalan \u2013 leicht, pflegend & vielseitig. F\u00fcr Gesicht & K\u00f6rper, individuell mit COSMIX Wirkstoffen & D\u00fcften kombinierbar.\",\"breadcrumb\":{\"@id\":\"https:\\\/\\\/www.pure-beauty.shop\\\/produkt\\\/massage-oil-base\\\/#breadcrumb\"},\"inLanguage\":\"en-GB\",\"potentialAction\":[{\"@type\":\"ReadAction\",\"target\":[\"https:\\\/\\\/www.pure-beauty.shop\\\/produkt\\\/massage-oil-base\\\/\"]}]},{\"@type\":\"ImageObject\",\"inLanguage\":\"en-GB\",\"@id\":\"https:\\\/\\\/www.pure-beauty.shop\\\/produkt\\\/massage-oil-base\\\/#primaryimage\",\"url\":\"https:\\\/\\\/www.pure-beauty.shop\\\/wp-content\\\/uploads\\\/2020\\\/10\\\/img_8631.jpeg\",\"contentUrl\":\"https:\\\/\\\/www.pure-beauty.shop\\\/wp-content\\\/uploads\\\/2020\\\/10\\\/img_8631.jpeg\",\"width\":1600,\"height\":1600},{\"@type\":\"BreadcrumbList\",\"@id\":\"https:\\\/\\\/www.pure-beauty.shop\\\/produkt\\\/massage-oil-base\\\/#breadcrumb\",\"itemListElement\":[{\"@type\":\"ListItem\",\"position\":1,\"name\":\"Startseite\",\"item\":\"https:\\\/\\\/www.pure-beauty.shop\\\/\"},{\"@type\":\"ListItem\",\"position\":2,\"name\":\"Shop\",\"item\":\"https:\\\/\\\/www.pure-beauty.shop\\\/en\\\/shop\\\/\"},{\"@type\":\"ListItem\",\"position\":3,\"name\":\"COSMIX Massage Oil Base (500 ml)\"}]},{\"@type\":\"WebSite\",\"@id\":\"https:\\\/\\\/www.pure-beauty.shop\\\/#website\",\"url\":\"https:\\\/\\\/www.pure-beauty.shop\\\/\",\"name\":\"Pure Beauty &amp; PANDHY&#039;S Shop\",\"description\":\"Kosmetikshop in Graz\",\"potentialAction\":[{\"@type\":\"SearchAction\",\"target\":{\"@type\":\"EntryPoint\",\"urlTemplate\":\"https:\\\/\\\/www.pure-beauty.shop\\\/?s={search_term_string}\"},\"query-input\":{\"@type\":\"PropertyValueSpecification\",\"valueRequired\":true,\"valueName\":\"search_term_string\"}}],\"inLanguage\":\"en-GB\"}]}<\/script>\n<!-- \/ Yoast SEO plugin. -->","yoast_head_json":{"title":"COSMIX Massage Oil Base (500 ml) - Pure Beauty &amp; PANDHY&#039;S Shop","description":"Natur-Massage\u00f6l mit Squalan \u2013 leicht, pflegend & vielseitig. F\u00fcr Gesicht & K\u00f6rper, individuell mit COSMIX Wirkstoffen & D\u00fcften kombinierbar.","robots":{"index":"index","follow":"follow","max-snippet":"max-snippet:-1","max-image-preview":"max-image-preview:large","max-video-preview":"max-video-preview:-1"},"canonical":"https:\/\/www.pure-beauty.shop\/en\/product\/massage-oil-base\/","og_locale":"en_GB","og_type":"article","og_title":"COSMIX Massage Oil Base (500 ml) - Pure Beauty &amp; PANDHY&#039;S Shop","og_description":"Natur-Massage\u00f6l mit Squalan \u2013 leicht, pflegend & vielseitig. F\u00fcr Gesicht & K\u00f6rper, individuell mit COSMIX Wirkstoffen & D\u00fcften kombinierbar.","og_url":"https:\/\/www.pure-beauty.shop\/en\/product\/massage-oil-base\/","og_site_name":"Pure Beauty &amp; PANDHY&#039;S Shop","article_modified_time":"2026-04-19T07:45:03+00:00","og_image":[{"width":1600,"height":1600,"url":"https:\/\/www.pure-beauty.shop\/wp-content\/uploads\/2020\/10\/img_8631.jpeg","type":"image\/jpeg"}],"twitter_card":"summary_large_image","twitter_misc":{"Estimated reading time":"1 minute"},"schema":{"@context":"https:\/\/schema.org","@graph":[{"@type":"WebPage","@id":"https:\/\/www.pure-beauty.shop\/produkt\/massage-oil-base\/","url":"https:\/\/www.pure-beauty.shop\/produkt\/massage-oil-base\/","name":"COSMIX Massage Oil Base (500 ml) - Pure Beauty &amp; PANDHY&#039;S Shop","isPartOf":{"@id":"https:\/\/www.pure-beauty.shop\/#website"},"primaryImageOfPage":{"@id":"https:\/\/www.pure-beauty.shop\/produkt\/massage-oil-base\/#primaryimage"},"image":{"@id":"https:\/\/www.pure-beauty.shop\/produkt\/massage-oil-base\/#primaryimage"},"thumbnailUrl":"https:\/\/www.pure-beauty.shop\/wp-content\/uploads\/2020\/10\/img_8631.jpeg","datePublished":"2020-10-23T10:24:59+00:00","dateModified":"2026-04-19T07:45:03+00:00","description":"Natur-Massage\u00f6l mit Squalan \u2013 leicht, pflegend & vielseitig. F\u00fcr Gesicht & K\u00f6rper, individuell mit COSMIX Wirkstoffen & D\u00fcften kombinierbar.","breadcrumb":{"@id":"https:\/\/www.pure-beauty.shop\/produkt\/massage-oil-base\/#breadcrumb"},"inLanguage":"en-GB","potentialAction":[{"@type":"ReadAction","target":["https:\/\/www.pure-beauty.shop\/produkt\/massage-oil-base\/"]}]},{"@type":"ImageObject","inLanguage":"en-GB","@id":"https:\/\/www.pure-beauty.shop\/produkt\/massage-oil-base\/#primaryimage","url":"https:\/\/www.pure-beauty.shop\/wp-content\/uploads\/2020\/10\/img_8631.jpeg","contentUrl":"https:\/\/www.pure-beauty.shop\/wp-content\/uploads\/2020\/10\/img_8631.jpeg","width":1600,"height":1600},{"@type":"BreadcrumbList","@id":"https:\/\/www.pure-beauty.shop\/produkt\/massage-oil-base\/#breadcrumb","itemListElement":[{"@type":"ListItem","position":1,"name":"Startseite","item":"https:\/\/www.pure-beauty.shop\/"},{"@type":"ListItem","position":2,"name":"Shop","item":"https:\/\/www.pure-beauty.shop\/en\/shop\/"},{"@type":"ListItem","position":3,"name":"COSMIX Massage Oil Base (500 ml)"}]},{"@type":"WebSite","@id":"https:\/\/www.pure-beauty.shop\/#website","url":"https:\/\/www.pure-beauty.shop\/","name":"Pure Beauty &amp; PANDHY&#039;S Shop","description":"Kosmetikshop in Graz","potentialAction":[{"@type":"SearchAction","target":{"@type":"EntryPoint","urlTemplate":"https:\/\/www.pure-beauty.shop\/?s={search_term_string}"},"query-input":{"@type":"PropertyValueSpecification","valueRequired":true,"valueName":"search_term_string"}}],"inLanguage":"en-GB"}]}},"jetpack_sharing_enabled":true,"_links":{"self":[{"href":"https:\/\/www.pure-beauty.shop\/en\/wp-json\/wp\/v2\/product\/17328","targetHints":{"allow":["GET"]}}],"collection":[{"href":"https:\/\/www.pure-beauty.shop\/en\/wp-json\/wp\/v2\/product"}],"about":[{"href":"https:\/\/www.pure-beauty.shop\/en\/wp-json\/wp\/v2\/types\/product"}],"replies":[{"embeddable":true,"href":"https:\/\/www.pure-beauty.shop\/en\/wp-json\/wp\/v2\/comments?post=17328"}],"wp:featuredmedia":[{"embeddable":true,"href":"https:\/\/www.pure-beauty.shop\/en\/wp-json\/wp\/v2\/media\/21046"}],"wp:attachment":[{"href":"https:\/\/www.pure-beauty.shop\/en\/wp-json\/wp\/v2\/media?parent=17328"}],"wp:term":[{"taxonomy":"brand","embeddable":true,"href":"https:\/\/www.pure-beauty.shop\/en\/wp-json\/wp\/v2\/etheme_brands?post=17328"},{"taxonomy":"product_brand","embeddable":true,"href":"https:\/\/www.pure-beauty.shop\/en\/wp-json\/wp\/v2\/product_brand?post=17328"},{"taxonomy":"product_cat","embeddable":true,"href":"https:\/\/www.pure-beauty.shop\/en\/wp-json\/wp\/v2\/product_cat?post=17328"},{"taxonomy":"product_tag","embeddable":true,"href":"https:\/\/www.pure-beauty.shop\/en\/wp-json\/wp\/v2\/product_tag?post=17328"}],"curies":[{"name":"wp","href":"https:\/\/api.w.org\/{rel}","templated":true}]}}