{"id":17329,"date":"2020-10-23T12:25:00","date_gmt":"2020-10-23T10:25:00","guid":{"rendered":"https:\/\/www.pure-beauty.shop\/pure-beauty-shop\/?post_type=product&#038;p=17329"},"modified":"2026-04-11T16:24:44","modified_gmt":"2026-04-11T14:24:44","slug":"cosmix-time-transformer-silk-collagen","status":"publish","type":"product","link":"https:\/\/www.pure-beauty.shop\/en\/product\/cosmix-time-transformer-silk-collagen\/","title":{"rendered":"COSMIX Time Transformer Silk Collagen"},"content":{"rendered":"<div class=\"wpb-content-wrapper\"><div class=\"vc_row wpb_row vc_row-fluid et_custom_uniqid_69e4852e65ca3\"><div class=\"wpb_column vc_column_container vc_col-sm-12 et_custom_uniqid_69e4852e65c7b\"><div class=\"vc_column-inner\"><div class=\"wpb_wrapper\">\n\t<div class=\"wpb_text_column wpb_content_element\" >\n\t\t<div class=\"wpb_wrapper\">\n\t\t\t<p data-start=\"79\" data-end=\"360\">Diese spezielle Formulierung wurde gezielt f\u00fcr die Micro-Needling Behandlung mit dem PANDHY\u2019S\u2122 Derma Pin Pen entwickelt. Die Time Transformer Silk Collagen Wirkstoffe bieten eine mehrdimensionale Anti-Aging Wirkung und unterst\u00fctzen die Haut intensiv bei Regeneration und Straffung.<\/p>\n<p data-start=\"362\" data-end=\"555\">Durch ein innovatives Verfahren wird aus dem Seidenkokon ein hochwertiges Eiwei\u00df gewonnen, das besonders gut von der Haut aufgenommen werden kann und zur Verbesserung der Hautstruktur beitr\u00e4gt.<\/p>\n<p data-start=\"557\" data-end=\"841\">Ein nat\u00fcrlicher Vitamin-C-Extrakt aus afrikanischer Baumrinde unterst\u00fctzt die hauteigene Kollagensynthese \u2013 auch bei reifer Haut \u2013 und wirkt gleichzeitig als starkes Antioxidans gegen oxidativen Stress. Dadurch wird der Hautalterung in tieferen Hautschichten effektiv entgegengewirkt.<\/p>\n<p data-start=\"843\" data-end=\"1108\">Zus\u00e4tzlich enth\u00e4lt die Formulierung Neodermyl, ein Elastin-F\u00fcllmaterial aus essenziellen Aminos\u00e4uren, das die Hautdichte verbessert und f\u00fcr mehr Spannkraft sorgt. Hyalurons\u00e4ure versorgt die Haut intensiv mit Feuchtigkeit und sorgt f\u00fcr ein pralles, glattes Hautbild.<\/p>\n<h6 data-start=\"843\" data-end=\"1108\">INCI: aqua (water), sodium hyaluronate, hydrolyzed sodium hyaluronate, sodium benzoate, potassium sorbate, sodium hyaluronate crosspolymer, pentylene glycol, tocopheryl acetate, silkworm sh-polypeptide-47, sodium chloride<\/h6>\n\n\t\t<\/div>\n\t<\/div>\n<\/div><\/div><\/div><\/div>\n<\/div>","protected":false},"excerpt":{"rendered":"<p data-start=\"1135\" data-end=\"1211\">Silk Collagen Serum \u2013 intensives Anti-Aging f\u00fcr Micro-Needling Behandlungen.<\/p>","protected":false},"featured_media":21143,"comment_status":"open","ping_status":"closed","template":"","meta":{"jetpack_post_was_ever_published":false},"etheme_brands":[{"term_id":205,"name":"COSMIX","slug":"cosmix","term_group":0,"term_taxonomy_id":205,"taxonomy":"brand","description":"","parent":0,"count":39,"filter":"raw"}],"product_brand":[],"product_cat":[172,170,177],"product_tag":[],"class_list":{"0":"post-17329","1":"product","2":"type-product","3":"status-publish","4":"has-post-thumbnail","6":"brand-cosmix","7":"product_cat-gesicht","8":"product_cat-pflege","9":"product_cat-serum_booster_ampullen","11":"first","12":"instock","13":"taxable","14":"shipping-taxable","15":"purchasable","16":"product-type-variable","17":"has-default-attributes"},"yoast_head":"<!-- This site is optimized with the Yoast SEO plugin v27.4 - https:\/\/yoast.com\/product\/yoast-seo-wordpress\/ -->\n<title>COSMIX Time Transformer Silk Collagen - Pure Beauty &amp; PANDHY&#039;S Shop<\/title>\n<meta name=\"description\" content=\"Silk Collagen Serum f\u00fcr Micro-Needling \u2013 mit Vitamin C, Hyaluron &amp; Neodermyl. F\u00f6rdert Kollagen, gl\u00e4ttet Falten und revitalisiert die Haut nachhaltig.\" \/>\n<meta name=\"robots\" content=\"index, follow, max-snippet:-1, max-image-preview:large, max-video-preview:-1\" \/>\n<link rel=\"canonical\" href=\"https:\/\/www.pure-beauty.shop\/en\/product\/cosmix-time-transformer-silk-collagen\/\" \/>\n<meta property=\"og:locale\" content=\"en_GB\" \/>\n<meta property=\"og:type\" content=\"article\" \/>\n<meta property=\"og:title\" content=\"COSMIX Time Transformer Silk Collagen - Pure Beauty &amp; PANDHY&#039;S Shop\" \/>\n<meta property=\"og:description\" content=\"Silk Collagen Serum f\u00fcr Micro-Needling \u2013 mit Vitamin C, Hyaluron &amp; Neodermyl. F\u00f6rdert Kollagen, gl\u00e4ttet Falten und revitalisiert die Haut nachhaltig.\" \/>\n<meta property=\"og:url\" content=\"https:\/\/www.pure-beauty.shop\/en\/product\/cosmix-time-transformer-silk-collagen\/\" \/>\n<meta property=\"og:site_name\" content=\"Pure Beauty &amp; PANDHY&#039;S Shop\" \/>\n<meta property=\"article:modified_time\" content=\"2026-04-11T14:24:44+00:00\" \/>\n<meta property=\"og:image\" content=\"https:\/\/www.pure-beauty.shop\/wp-content\/uploads\/2020\/10\/Online-Shop-Bilder-32.png\" \/>\n\t<meta property=\"og:image:width\" content=\"1400\" \/>\n\t<meta property=\"og:image:height\" content=\"1400\" \/>\n\t<meta property=\"og:image:type\" content=\"image\/png\" \/>\n<meta name=\"twitter:card\" content=\"summary_large_image\" \/>\n<meta name=\"twitter:label1\" content=\"Estimated reading time\" \/>\n\t<meta name=\"twitter:data1\" content=\"1 minute\" \/>\n<script type=\"application\/ld+json\" class=\"yoast-schema-graph\">{\"@context\":\"https:\\\/\\\/schema.org\",\"@graph\":[{\"@type\":\"WebPage\",\"@id\":\"https:\\\/\\\/www.pure-beauty.shop\\\/produkt\\\/cosmix-time-transformer-silk-collagen\\\/\",\"url\":\"https:\\\/\\\/www.pure-beauty.shop\\\/produkt\\\/cosmix-time-transformer-silk-collagen\\\/\",\"name\":\"COSMIX Time Transformer Silk Collagen - Pure Beauty &amp; PANDHY&#039;S Shop\",\"isPartOf\":{\"@id\":\"https:\\\/\\\/www.pure-beauty.shop\\\/#website\"},\"primaryImageOfPage\":{\"@id\":\"https:\\\/\\\/www.pure-beauty.shop\\\/produkt\\\/cosmix-time-transformer-silk-collagen\\\/#primaryimage\"},\"image\":{\"@id\":\"https:\\\/\\\/www.pure-beauty.shop\\\/produkt\\\/cosmix-time-transformer-silk-collagen\\\/#primaryimage\"},\"thumbnailUrl\":\"https:\\\/\\\/www.pure-beauty.shop\\\/wp-content\\\/uploads\\\/2020\\\/10\\\/Online-Shop-Bilder-32.png\",\"datePublished\":\"2020-10-23T10:25:00+00:00\",\"dateModified\":\"2026-04-11T14:24:44+00:00\",\"description\":\"Silk Collagen Serum f\u00fcr Micro-Needling \u2013 mit Vitamin C, Hyaluron & Neodermyl. F\u00f6rdert Kollagen, gl\u00e4ttet Falten und revitalisiert die Haut nachhaltig.\",\"breadcrumb\":{\"@id\":\"https:\\\/\\\/www.pure-beauty.shop\\\/produkt\\\/cosmix-time-transformer-silk-collagen\\\/#breadcrumb\"},\"inLanguage\":\"en-GB\",\"potentialAction\":[{\"@type\":\"ReadAction\",\"target\":[\"https:\\\/\\\/www.pure-beauty.shop\\\/produkt\\\/cosmix-time-transformer-silk-collagen\\\/\"]}]},{\"@type\":\"ImageObject\",\"inLanguage\":\"en-GB\",\"@id\":\"https:\\\/\\\/www.pure-beauty.shop\\\/produkt\\\/cosmix-time-transformer-silk-collagen\\\/#primaryimage\",\"url\":\"https:\\\/\\\/www.pure-beauty.shop\\\/wp-content\\\/uploads\\\/2020\\\/10\\\/Online-Shop-Bilder-32.png\",\"contentUrl\":\"https:\\\/\\\/www.pure-beauty.shop\\\/wp-content\\\/uploads\\\/2020\\\/10\\\/Online-Shop-Bilder-32.png\",\"width\":1400,\"height\":1400},{\"@type\":\"BreadcrumbList\",\"@id\":\"https:\\\/\\\/www.pure-beauty.shop\\\/produkt\\\/cosmix-time-transformer-silk-collagen\\\/#breadcrumb\",\"itemListElement\":[{\"@type\":\"ListItem\",\"position\":1,\"name\":\"Startseite\",\"item\":\"https:\\\/\\\/www.pure-beauty.shop\\\/\"},{\"@type\":\"ListItem\",\"position\":2,\"name\":\"Shop\",\"item\":\"https:\\\/\\\/www.pure-beauty.shop\\\/en\\\/shop\\\/\"},{\"@type\":\"ListItem\",\"position\":3,\"name\":\"COSMIX Time Transformer Silk Collagen\"}]},{\"@type\":\"WebSite\",\"@id\":\"https:\\\/\\\/www.pure-beauty.shop\\\/#website\",\"url\":\"https:\\\/\\\/www.pure-beauty.shop\\\/\",\"name\":\"Pure Beauty &amp; PANDHY&#039;S Shop\",\"description\":\"Kosmetikshop in Graz\",\"potentialAction\":[{\"@type\":\"SearchAction\",\"target\":{\"@type\":\"EntryPoint\",\"urlTemplate\":\"https:\\\/\\\/www.pure-beauty.shop\\\/?s={search_term_string}\"},\"query-input\":{\"@type\":\"PropertyValueSpecification\",\"valueRequired\":true,\"valueName\":\"search_term_string\"}}],\"inLanguage\":\"en-GB\"}]}<\/script>\n<!-- \/ Yoast SEO plugin. -->","yoast_head_json":{"title":"COSMIX Time Transformer Silk Collagen - Pure Beauty &amp; PANDHY&#039;S Shop","description":"Silk Collagen Serum f\u00fcr Micro-Needling \u2013 mit Vitamin C, Hyaluron & Neodermyl. F\u00f6rdert Kollagen, gl\u00e4ttet Falten und revitalisiert die Haut nachhaltig.","robots":{"index":"index","follow":"follow","max-snippet":"max-snippet:-1","max-image-preview":"max-image-preview:large","max-video-preview":"max-video-preview:-1"},"canonical":"https:\/\/www.pure-beauty.shop\/en\/product\/cosmix-time-transformer-silk-collagen\/","og_locale":"en_GB","og_type":"article","og_title":"COSMIX Time Transformer Silk Collagen - Pure Beauty &amp; PANDHY&#039;S Shop","og_description":"Silk Collagen Serum f\u00fcr Micro-Needling \u2013 mit Vitamin C, Hyaluron & Neodermyl. F\u00f6rdert Kollagen, gl\u00e4ttet Falten und revitalisiert die Haut nachhaltig.","og_url":"https:\/\/www.pure-beauty.shop\/en\/product\/cosmix-time-transformer-silk-collagen\/","og_site_name":"Pure Beauty &amp; PANDHY&#039;S Shop","article_modified_time":"2026-04-11T14:24:44+00:00","og_image":[{"width":1400,"height":1400,"url":"https:\/\/www.pure-beauty.shop\/wp-content\/uploads\/2020\/10\/Online-Shop-Bilder-32.png","type":"image\/png"}],"twitter_card":"summary_large_image","twitter_misc":{"Estimated reading time":"1 minute"},"schema":{"@context":"https:\/\/schema.org","@graph":[{"@type":"WebPage","@id":"https:\/\/www.pure-beauty.shop\/produkt\/cosmix-time-transformer-silk-collagen\/","url":"https:\/\/www.pure-beauty.shop\/produkt\/cosmix-time-transformer-silk-collagen\/","name":"COSMIX Time Transformer Silk Collagen - Pure Beauty &amp; PANDHY&#039;S Shop","isPartOf":{"@id":"https:\/\/www.pure-beauty.shop\/#website"},"primaryImageOfPage":{"@id":"https:\/\/www.pure-beauty.shop\/produkt\/cosmix-time-transformer-silk-collagen\/#primaryimage"},"image":{"@id":"https:\/\/www.pure-beauty.shop\/produkt\/cosmix-time-transformer-silk-collagen\/#primaryimage"},"thumbnailUrl":"https:\/\/www.pure-beauty.shop\/wp-content\/uploads\/2020\/10\/Online-Shop-Bilder-32.png","datePublished":"2020-10-23T10:25:00+00:00","dateModified":"2026-04-11T14:24:44+00:00","description":"Silk Collagen Serum f\u00fcr Micro-Needling \u2013 mit Vitamin C, Hyaluron & Neodermyl. F\u00f6rdert Kollagen, gl\u00e4ttet Falten und revitalisiert die Haut nachhaltig.","breadcrumb":{"@id":"https:\/\/www.pure-beauty.shop\/produkt\/cosmix-time-transformer-silk-collagen\/#breadcrumb"},"inLanguage":"en-GB","potentialAction":[{"@type":"ReadAction","target":["https:\/\/www.pure-beauty.shop\/produkt\/cosmix-time-transformer-silk-collagen\/"]}]},{"@type":"ImageObject","inLanguage":"en-GB","@id":"https:\/\/www.pure-beauty.shop\/produkt\/cosmix-time-transformer-silk-collagen\/#primaryimage","url":"https:\/\/www.pure-beauty.shop\/wp-content\/uploads\/2020\/10\/Online-Shop-Bilder-32.png","contentUrl":"https:\/\/www.pure-beauty.shop\/wp-content\/uploads\/2020\/10\/Online-Shop-Bilder-32.png","width":1400,"height":1400},{"@type":"BreadcrumbList","@id":"https:\/\/www.pure-beauty.shop\/produkt\/cosmix-time-transformer-silk-collagen\/#breadcrumb","itemListElement":[{"@type":"ListItem","position":1,"name":"Startseite","item":"https:\/\/www.pure-beauty.shop\/"},{"@type":"ListItem","position":2,"name":"Shop","item":"https:\/\/www.pure-beauty.shop\/en\/shop\/"},{"@type":"ListItem","position":3,"name":"COSMIX Time Transformer Silk Collagen"}]},{"@type":"WebSite","@id":"https:\/\/www.pure-beauty.shop\/#website","url":"https:\/\/www.pure-beauty.shop\/","name":"Pure Beauty &amp; PANDHY&#039;S Shop","description":"Kosmetikshop in Graz","potentialAction":[{"@type":"SearchAction","target":{"@type":"EntryPoint","urlTemplate":"https:\/\/www.pure-beauty.shop\/?s={search_term_string}"},"query-input":{"@type":"PropertyValueSpecification","valueRequired":true,"valueName":"search_term_string"}}],"inLanguage":"en-GB"}]}},"jetpack_sharing_enabled":true,"_links":{"self":[{"href":"https:\/\/www.pure-beauty.shop\/en\/wp-json\/wp\/v2\/product\/17329","targetHints":{"allow":["GET"]}}],"collection":[{"href":"https:\/\/www.pure-beauty.shop\/en\/wp-json\/wp\/v2\/product"}],"about":[{"href":"https:\/\/www.pure-beauty.shop\/en\/wp-json\/wp\/v2\/types\/product"}],"replies":[{"embeddable":true,"href":"https:\/\/www.pure-beauty.shop\/en\/wp-json\/wp\/v2\/comments?post=17329"}],"wp:featuredmedia":[{"embeddable":true,"href":"https:\/\/www.pure-beauty.shop\/en\/wp-json\/wp\/v2\/media\/21143"}],"wp:attachment":[{"href":"https:\/\/www.pure-beauty.shop\/en\/wp-json\/wp\/v2\/media?parent=17329"}],"wp:term":[{"taxonomy":"brand","embeddable":true,"href":"https:\/\/www.pure-beauty.shop\/en\/wp-json\/wp\/v2\/etheme_brands?post=17329"},{"taxonomy":"product_brand","embeddable":true,"href":"https:\/\/www.pure-beauty.shop\/en\/wp-json\/wp\/v2\/product_brand?post=17329"},{"taxonomy":"product_cat","embeddable":true,"href":"https:\/\/www.pure-beauty.shop\/en\/wp-json\/wp\/v2\/product_cat?post=17329"},{"taxonomy":"product_tag","embeddable":true,"href":"https:\/\/www.pure-beauty.shop\/en\/wp-json\/wp\/v2\/product_tag?post=17329"}],"curies":[{"name":"wp","href":"https:\/\/api.w.org\/{rel}","templated":true}]}}