{"id":17330,"date":"2020-10-23T12:25:00","date_gmt":"2020-10-23T10:25:00","guid":{"rendered":"https:\/\/www.pure-beauty.shop\/pure-beauty-shop\/produkt\/pandhys-cosmix-kg-peeling-powder-100-ml\/"},"modified":"2026-04-19T12:25:01","modified_gmt":"2026-04-19T10:25:01","slug":"kg-peeling-powder","status":"publish","type":"product","link":"https:\/\/www.pure-beauty.shop\/en\/product\/kg-peeling-powder\/","title":{"rendered":"COSMIX KG Peeling Powder"},"content":{"rendered":"<div class=\"wpb-content-wrapper\"><div class=\"vc_row wpb_row vc_row-fluid et_custom_uniqid_69f3f33cd1c29\"><div class=\"wpb_column vc_column_container vc_col-sm-12 et_custom_uniqid_69f3f33cd1c06\"><div class=\"vc_column-inner\"><div class=\"wpb_wrapper\">\n\t<div class=\"wpb_text_column wpb_content_element\" >\n\t\t<div class=\"wpb_wrapper\">\n\t\t\t<p>Dieses Peeling-Puder genie\u00dft in den fern\u00f6stlichen L\u00e4ndern gro\u00dfe Tradition. Das Puder &#8211; in Verbindung mit Bl\u00fctenwasser &#8211; verwandelt sich in einen cremigen Schaum und sorgt f\u00fcr eine gesunde, strahlende, elastische Haut. Der Schaum l\u00f6st Talg, Schmutz und Ablagerungen von Haut und Haar, ohne in den sensiblen S\u00e4ureschutzmantel einzugreifen.<\/p>\n<p>Wir haben diese enzymatische Wirkung mit der mechanischen Wirkungsweise des Meeressalzes verbunden und somit ein Doppelpeeling erschaffen.<\/p>\n<p>Praktisch: Die pudrige Konsistenz des Produktes bietet noch einen gro\u00dfen Vorteil, nicht nur bei Reisen. Bei der Herstellung kann vollkommen auf Alkohol und Konservierungsmittel verzichtet werden. Mit dem sauberen Silikonpad unterst\u00fctzen Sie die mechanische Peelingwirkung.<\/p>\n<p>Wirkung:<br \/>\nPapaya und Ananas Extrakte wirken als Enzyme und peelen die Haut, w\u00e4hrend sich gleichzeitig die Haut mit wichtigen N\u00e4hrstoffen versorgt.\u00a0Glucose wirkt als Wirkstofftr\u00e4ger und reinigt die Poren gr\u00fcndlich.<\/p>\n<p>Anwendung:<br \/>\nSch\u00e4umen Sie in Ihrer Hand eine m\u00fcnzengro\u00dfe Menge Puderpeeling mit Wasser oder Bl\u00fctenwasser auf, verteilen Sie und massieren Sie dieses sanft mit den Fingern oder mit dem Silikonpad in Ihre Haut ein. F\u00fcr eine st\u00e4rkere mechanische Wirkung nehmen Sie mehr Puder, f\u00fcr eine sanftere mehr Wasser dazu. Anschlie\u00dfend absp\u00fclen und wieder tonisieren.<\/p>\n<p>Dieses Doppelpeeling eignet sich hervorragend als K\u00f6rperpeeling, bei hartn\u00e4ckigen eingewachsenen Haaren im Intimbereich und an den Beinen. Auch der R\u00fccken und die Brustregion bei Aknehaut kann man damit gr\u00fcndlichst reinigen.<\/p>\n<p>Tipps:<br \/>\nMit dem sauberen Silikonpad unterst\u00fctzen Sie die mechanische Peelingwirkung.<br \/>\nBei Aknehaut k\u00f6nnen Sie das Enzympeeling als Schaummaske aufgetragen und nach 5 Minuten abwaschen. Bei \u00f6liger oder Mischhaut empfehlen wir das Hamamelis Bl\u00fctenwasser dazu. Diese Kombination l\u00f6st hartn\u00e4ckige Komedone und verhindert dadurch die Entwicklung entz\u00fcndeter Unreinheiten.<\/p>\n<p>Hinweis: Alle Reinigungsprodukte von COSMIX sind in der praktischen 100 ml Verpackung und in der umweltschonenden 500 ml Nachf\u00fcllpackung erh\u00e4ltlich.\u00a0Werfen Sie deshalb Ihre 100 ml Verpackung nicht weg. Sie ist unentbehrlich auf Reisen und nehmen wenig Platz im Bad weg.<\/p>\n<h6>INCI: sodium chloride, sorbitol, fructose, sodium lauroyl glutamate, glucose, talc, oryza sativa (rice) starch, carica papaya fruit extract, ananas sativus fruit extract, papain<\/h6>\n\n\t\t<\/div>\n\t<\/div>\n<\/div><\/div><\/div><\/div>\n<\/div>","protected":false},"excerpt":{"rendered":"<p data-start=\"1101\" data-end=\"1174\">Doppel-Peeling-Puder \u2013 enzymatisch &amp; mechanisch f\u00fcr strahlend reine Haut.<\/p>","protected":false},"featured_media":21048,"comment_status":"open","ping_status":"closed","template":"","meta":{"jetpack_post_was_ever_published":false},"etheme_brands":[{"term_id":205,"name":"COSMIX","slug":"cosmix","term_group":0,"term_taxonomy_id":205,"taxonomy":"brand","description":"","parent":0,"count":46,"filter":"raw"}],"product_brand":[],"product_cat":[172,176,170],"product_tag":[],"class_list":{"0":"post-17330","1":"product","2":"type-product","3":"status-publish","4":"has-post-thumbnail","6":"brand-cosmix","7":"product_cat-gesicht","8":"product_cat-peeling_exfoliator","9":"product_cat-pflege","11":"first","12":"instock","13":"taxable","14":"shipping-taxable","15":"purchasable","16":"product-type-variable","17":"has-default-attributes"},"yoast_head":"<!-- This site is optimized with the Yoast SEO plugin v27.5 - https:\/\/yoast.com\/product\/yoast-seo-wordpress\/ -->\n<title>COSMIX KG Peeling Powder - Pure Beauty &amp; PANDHY&#039;S Shop<\/title>\n<meta name=\"description\" content=\"Peeling-Puder mit Enzymen &amp; Meersalz \u2013 reinigt porentief, entfernt abgestorbene Hautzellen und sorgt f\u00fcr strahlende, elastische Haut ohne Zusatzstoffe.\" \/>\n<meta name=\"robots\" content=\"index, follow, max-snippet:-1, max-image-preview:large, max-video-preview:-1\" \/>\n<link rel=\"canonical\" href=\"https:\/\/www.pure-beauty.shop\/en\/product\/kg-peeling-powder\/\" \/>\n<meta property=\"og:locale\" content=\"en_GB\" \/>\n<meta property=\"og:type\" content=\"article\" \/>\n<meta property=\"og:title\" content=\"COSMIX KG Peeling Powder - Pure Beauty &amp; PANDHY&#039;S Shop\" \/>\n<meta property=\"og:description\" content=\"Peeling-Puder mit Enzymen &amp; Meersalz \u2013 reinigt porentief, entfernt abgestorbene Hautzellen und sorgt f\u00fcr strahlende, elastische Haut ohne Zusatzstoffe.\" \/>\n<meta property=\"og:url\" content=\"https:\/\/www.pure-beauty.shop\/en\/product\/kg-peeling-powder\/\" \/>\n<meta property=\"og:site_name\" content=\"Pure Beauty &amp; PANDHY&#039;S Shop\" \/>\n<meta property=\"article:modified_time\" content=\"2026-04-19T10:25:01+00:00\" \/>\n<meta property=\"og:image\" content=\"https:\/\/www.pure-beauty.shop\/wp-content\/uploads\/2020\/10\/online-shop-bilder-1024x1024.png\" \/>\n\t<meta property=\"og:image:width\" content=\"1024\" \/>\n\t<meta property=\"og:image:height\" content=\"1024\" \/>\n\t<meta property=\"og:image:type\" content=\"image\/png\" \/>\n<meta name=\"twitter:card\" content=\"summary_large_image\" \/>\n<meta name=\"twitter:label1\" content=\"Estimated reading time\" \/>\n\t<meta name=\"twitter:data1\" content=\"2 minutes\" \/>\n<script type=\"application\/ld+json\" class=\"yoast-schema-graph\">{\"@context\":\"https:\\\/\\\/schema.org\",\"@graph\":[{\"@type\":\"WebPage\",\"@id\":\"https:\\\/\\\/www.pure-beauty.shop\\\/produkt\\\/kg-peeling-powder\\\/\",\"url\":\"https:\\\/\\\/www.pure-beauty.shop\\\/produkt\\\/kg-peeling-powder\\\/\",\"name\":\"COSMIX KG Peeling Powder - Pure Beauty &amp; PANDHY&#039;S Shop\",\"isPartOf\":{\"@id\":\"https:\\\/\\\/www.pure-beauty.shop\\\/#website\"},\"primaryImageOfPage\":{\"@id\":\"https:\\\/\\\/www.pure-beauty.shop\\\/produkt\\\/kg-peeling-powder\\\/#primaryimage\"},\"image\":{\"@id\":\"https:\\\/\\\/www.pure-beauty.shop\\\/produkt\\\/kg-peeling-powder\\\/#primaryimage\"},\"thumbnailUrl\":\"https:\\\/\\\/www.pure-beauty.shop\\\/wp-content\\\/uploads\\\/2020\\\/10\\\/online-shop-bilder.png\",\"datePublished\":\"2020-10-23T10:25:00+00:00\",\"dateModified\":\"2026-04-19T10:25:01+00:00\",\"description\":\"Peeling-Puder mit Enzymen & Meersalz \u2013 reinigt porentief, entfernt abgestorbene Hautzellen und sorgt f\u00fcr strahlende, elastische Haut ohne Zusatzstoffe.\",\"breadcrumb\":{\"@id\":\"https:\\\/\\\/www.pure-beauty.shop\\\/produkt\\\/kg-peeling-powder\\\/#breadcrumb\"},\"inLanguage\":\"en-GB\",\"potentialAction\":[{\"@type\":\"ReadAction\",\"target\":[\"https:\\\/\\\/www.pure-beauty.shop\\\/produkt\\\/kg-peeling-powder\\\/\"]}]},{\"@type\":\"ImageObject\",\"inLanguage\":\"en-GB\",\"@id\":\"https:\\\/\\\/www.pure-beauty.shop\\\/produkt\\\/kg-peeling-powder\\\/#primaryimage\",\"url\":\"https:\\\/\\\/www.pure-beauty.shop\\\/wp-content\\\/uploads\\\/2020\\\/10\\\/online-shop-bilder.png\",\"contentUrl\":\"https:\\\/\\\/www.pure-beauty.shop\\\/wp-content\\\/uploads\\\/2020\\\/10\\\/online-shop-bilder.png\",\"width\":1400,\"height\":1400},{\"@type\":\"BreadcrumbList\",\"@id\":\"https:\\\/\\\/www.pure-beauty.shop\\\/produkt\\\/kg-peeling-powder\\\/#breadcrumb\",\"itemListElement\":[{\"@type\":\"ListItem\",\"position\":1,\"name\":\"Startseite\",\"item\":\"https:\\\/\\\/www.pure-beauty.shop\\\/\"},{\"@type\":\"ListItem\",\"position\":2,\"name\":\"Shop\",\"item\":\"https:\\\/\\\/www.pure-beauty.shop\\\/en\\\/shop\\\/\"},{\"@type\":\"ListItem\",\"position\":3,\"name\":\"COSMIX KG Peeling Powder\"}]},{\"@type\":\"WebSite\",\"@id\":\"https:\\\/\\\/www.pure-beauty.shop\\\/#website\",\"url\":\"https:\\\/\\\/www.pure-beauty.shop\\\/\",\"name\":\"Pure Beauty & PANDHY'S Shop\",\"description\":\"Kosmetikshop in Graz\",\"potentialAction\":[{\"@type\":\"SearchAction\",\"target\":{\"@type\":\"EntryPoint\",\"urlTemplate\":\"https:\\\/\\\/www.pure-beauty.shop\\\/?s={search_term_string}\"},\"query-input\":{\"@type\":\"PropertyValueSpecification\",\"valueRequired\":true,\"valueName\":\"search_term_string\"}}],\"inLanguage\":\"en-GB\"}]}<\/script>\n<!-- \/ Yoast SEO plugin. -->","yoast_head_json":{"title":"COSMIX KG Peeling Powder - Pure Beauty &amp; PANDHY&#039;S Shop","description":"Peeling-Puder mit Enzymen & Meersalz \u2013 reinigt porentief, entfernt abgestorbene Hautzellen und sorgt f\u00fcr strahlende, elastische Haut ohne Zusatzstoffe.","robots":{"index":"index","follow":"follow","max-snippet":"max-snippet:-1","max-image-preview":"max-image-preview:large","max-video-preview":"max-video-preview:-1"},"canonical":"https:\/\/www.pure-beauty.shop\/en\/product\/kg-peeling-powder\/","og_locale":"en_GB","og_type":"article","og_title":"COSMIX KG Peeling Powder - Pure Beauty &amp; PANDHY&#039;S Shop","og_description":"Peeling-Puder mit Enzymen & Meersalz \u2013 reinigt porentief, entfernt abgestorbene Hautzellen und sorgt f\u00fcr strahlende, elastische Haut ohne Zusatzstoffe.","og_url":"https:\/\/www.pure-beauty.shop\/en\/product\/kg-peeling-powder\/","og_site_name":"Pure Beauty &amp; PANDHY&#039;S Shop","article_modified_time":"2026-04-19T10:25:01+00:00","og_image":[{"width":1024,"height":1024,"url":"https:\/\/www.pure-beauty.shop\/wp-content\/uploads\/2020\/10\/online-shop-bilder-1024x1024.png","type":"image\/png"}],"twitter_card":"summary_large_image","twitter_misc":{"Estimated reading time":"2 minutes"},"schema":{"@context":"https:\/\/schema.org","@graph":[{"@type":"WebPage","@id":"https:\/\/www.pure-beauty.shop\/produkt\/kg-peeling-powder\/","url":"https:\/\/www.pure-beauty.shop\/produkt\/kg-peeling-powder\/","name":"COSMIX KG Peeling Powder - Pure Beauty &amp; PANDHY&#039;S Shop","isPartOf":{"@id":"https:\/\/www.pure-beauty.shop\/#website"},"primaryImageOfPage":{"@id":"https:\/\/www.pure-beauty.shop\/produkt\/kg-peeling-powder\/#primaryimage"},"image":{"@id":"https:\/\/www.pure-beauty.shop\/produkt\/kg-peeling-powder\/#primaryimage"},"thumbnailUrl":"https:\/\/www.pure-beauty.shop\/wp-content\/uploads\/2020\/10\/online-shop-bilder.png","datePublished":"2020-10-23T10:25:00+00:00","dateModified":"2026-04-19T10:25:01+00:00","description":"Peeling-Puder mit Enzymen & Meersalz \u2013 reinigt porentief, entfernt abgestorbene Hautzellen und sorgt f\u00fcr strahlende, elastische Haut ohne Zusatzstoffe.","breadcrumb":{"@id":"https:\/\/www.pure-beauty.shop\/produkt\/kg-peeling-powder\/#breadcrumb"},"inLanguage":"en-GB","potentialAction":[{"@type":"ReadAction","target":["https:\/\/www.pure-beauty.shop\/produkt\/kg-peeling-powder\/"]}]},{"@type":"ImageObject","inLanguage":"en-GB","@id":"https:\/\/www.pure-beauty.shop\/produkt\/kg-peeling-powder\/#primaryimage","url":"https:\/\/www.pure-beauty.shop\/wp-content\/uploads\/2020\/10\/online-shop-bilder.png","contentUrl":"https:\/\/www.pure-beauty.shop\/wp-content\/uploads\/2020\/10\/online-shop-bilder.png","width":1400,"height":1400},{"@type":"BreadcrumbList","@id":"https:\/\/www.pure-beauty.shop\/produkt\/kg-peeling-powder\/#breadcrumb","itemListElement":[{"@type":"ListItem","position":1,"name":"Startseite","item":"https:\/\/www.pure-beauty.shop\/"},{"@type":"ListItem","position":2,"name":"Shop","item":"https:\/\/www.pure-beauty.shop\/en\/shop\/"},{"@type":"ListItem","position":3,"name":"COSMIX KG Peeling Powder"}]},{"@type":"WebSite","@id":"https:\/\/www.pure-beauty.shop\/#website","url":"https:\/\/www.pure-beauty.shop\/","name":"Pure Beauty & PANDHY'S Shop","description":"Kosmetikshop in Graz","potentialAction":[{"@type":"SearchAction","target":{"@type":"EntryPoint","urlTemplate":"https:\/\/www.pure-beauty.shop\/?s={search_term_string}"},"query-input":{"@type":"PropertyValueSpecification","valueRequired":true,"valueName":"search_term_string"}}],"inLanguage":"en-GB"}]}},"jetpack_sharing_enabled":true,"_links":{"self":[{"href":"https:\/\/www.pure-beauty.shop\/en\/wp-json\/wp\/v2\/product\/17330","targetHints":{"allow":["GET"]}}],"collection":[{"href":"https:\/\/www.pure-beauty.shop\/en\/wp-json\/wp\/v2\/product"}],"about":[{"href":"https:\/\/www.pure-beauty.shop\/en\/wp-json\/wp\/v2\/types\/product"}],"replies":[{"embeddable":true,"href":"https:\/\/www.pure-beauty.shop\/en\/wp-json\/wp\/v2\/comments?post=17330"}],"wp:featuredmedia":[{"embeddable":true,"href":"https:\/\/www.pure-beauty.shop\/en\/wp-json\/wp\/v2\/media\/21048"}],"wp:attachment":[{"href":"https:\/\/www.pure-beauty.shop\/en\/wp-json\/wp\/v2\/media?parent=17330"}],"wp:term":[{"taxonomy":"brand","embeddable":true,"href":"https:\/\/www.pure-beauty.shop\/en\/wp-json\/wp\/v2\/etheme_brands?post=17330"},{"taxonomy":"product_brand","embeddable":true,"href":"https:\/\/www.pure-beauty.shop\/en\/wp-json\/wp\/v2\/product_brand?post=17330"},{"taxonomy":"product_cat","embeddable":true,"href":"https:\/\/www.pure-beauty.shop\/en\/wp-json\/wp\/v2\/product_cat?post=17330"},{"taxonomy":"product_tag","embeddable":true,"href":"https:\/\/www.pure-beauty.shop\/en\/wp-json\/wp\/v2\/product_tag?post=17330"}],"curies":[{"name":"wp","href":"https:\/\/api.w.org\/{rel}","templated":true}]}}