{"id":17379,"date":"2020-10-23T12:25:28","date_gmt":"2020-10-23T10:25:28","guid":{"rendered":"https:\/\/www.pure-beauty.shop\/pure-beauty-shop\/produkt\/pandhys-purity-s-o-s-kit-6-ml\/"},"modified":"2026-04-20T00:27:25","modified_gmt":"2026-04-19T22:27:25","slug":"purity-oil","status":"publish","type":"product","link":"https:\/\/www.pure-beauty.shop\/en\/product\/purity-oil\/","title":{"rendered":"PANDHY\u2019S\u2122 Purity S.O.S. Oil Blend"},"content":{"rendered":"<div class=\"wpb-content-wrapper\"><div class=\"vc_row wpb_row vc_row-fluid et_custom_uniqid_69f1d9e8340ef\"><div class=\"wpb_column vc_column_container vc_col-sm-12 et_custom_uniqid_69f1d9e8340c2\"><div class=\"vc_column-inner\"><div class=\"wpb_wrapper\">\n\t<div class=\"wpb_text_column wpb_content_element\" >\n\t\t<div class=\"wpb_wrapper\">\n\t\t\t<p>Das beste Akne-\u00d6l! Diese aromatherapeutische Komposition nutzt die Heilkr\u00e4fte der Natur zur Reduzierung von Entz\u00fcndungen und \u00dcberverhornung der Haut. Eine einzigartige Mischung aus \u00d6len der Samen des Schwarzk\u00fcmmels, des Hanfs, sowie Ausz\u00fcge der Blaukamille und des Teebaumes. Schwarzk\u00fcmmel\u00f6l wirkt antiseptisch und Hanf\u00f6l ist unglaublich reich an Linolen und Gamma-Linolen, die die Zellw\u00e4nde st\u00e4rken. Blaukamille wirkt beruhigend, Teebaum\u00f6l ist antiviral. Ein wahrer Probleml\u00f6ser bei Entz\u00fcndungen der Haut.<\/p>\n<p>Tipp: Die \u00d6lampulle kann im gleichen Verh\u00e4ltnis mit Massagezucker gemischt und zu einer Maske verarbeitet werden. Diese Mischung wirkt Wunder! Sie k\u00f6nnen das \u00d6l aber auch punktuell pur auf Problemstellen auftragen oder es in Ihre t\u00e4gliche Pflege einmischen. Die Haut wird nach k\u00fcrzester Zeit beruhigt, h\u00e4lt die Feuchtigkeit besser und verhornt nicht mehr so schnell.<\/p>\n<h6>INCI: nigella sativa (black cumin) seed oil, cannabis sativa (hemp) seed oil, arachis hypogaea (peanut) oil, melaleuca alternifolia (tea tree) leaf oil, lavandula angustifolia oil, chamomilla recutita flower extract, limonene, linalool, geraniol, citronellol<\/h6>\n\n\t\t<\/div>\n\t<\/div>\n<\/div><\/div><\/div><\/div>\n<\/div>","protected":false},"excerpt":{"rendered":"<p>\u00d6lmischung f\u00fcr die entz\u00fcndete Akne-Haut<\/p>","protected":false},"featured_media":21224,"comment_status":"open","ping_status":"closed","template":"","meta":{"jetpack_post_was_ever_published":false},"etheme_brands":[{"term_id":203,"name":"PANDHY'S\u2122","slug":"pandhys","term_group":0,"term_taxonomy_id":203,"taxonomy":"brand","description":"","parent":0,"count":63,"filter":"raw"}],"product_brand":[],"product_cat":[172,173,190,170,194,180],"product_tag":[],"class_list":{"0":"post-17379","1":"product","2":"type-product","3":"status-publish","4":"has-post-thumbnail","6":"brand-pandhys","7":"product_cat-gesicht","8":"product_cat-koerper","9":"product_cat-koerperpflege","10":"product_cat-pflege","11":"product_cat-spaspecials_koerper","12":"product_cat-spezialpflege","14":"first","15":"outofstock","16":"taxable","17":"shipping-taxable","18":"purchasable","19":"product-type-simple"},"yoast_head":"<!-- This site is optimized with the Yoast SEO plugin v27.5 - https:\/\/yoast.com\/product\/yoast-seo-wordpress\/ -->\n<title>PANDHY\u2019S\u2122 Purity S.O.S. Oil Blend - Pure Beauty &amp; PANDHY&#039;S Shop<\/title>\n<meta name=\"description\" content=\"Das beste Akne-\u00d6l! Diese aromatherapeutische Komposition nutzt die Heilkr\u00e4fte der Natur zur Reduzierung von Entz\u00fcndungen und \u00dcberverhornung der Haut. Eine einzigartige Mischung aus \u00d6len der Samen des Schwarzk\u00fcmmels, des Hanfs, sowie Ausz\u00fcge der Blaukamille und des Teebaumes. Schwarzk\u00fcmmel\u00f6l wirkt antiseptisch und Hanf\u00f6l ist unglaublich reich an Linolen und Gamma-Linolen, die die Zellw\u00e4nde st\u00e4rken. Blaukamille wirkt beruhigend, Teebaum\u00f6l ist antiviral. Ein wahrer Probleml\u00f6ser bei Entz\u00fcndungen der Haut.\" \/>\n<meta name=\"robots\" content=\"index, follow, max-snippet:-1, max-image-preview:large, max-video-preview:-1\" \/>\n<link rel=\"canonical\" href=\"https:\/\/www.pure-beauty.shop\/en\/product\/purity-oil\/\" \/>\n<meta property=\"og:locale\" content=\"en_GB\" \/>\n<meta property=\"og:type\" content=\"article\" \/>\n<meta property=\"og:title\" content=\"PANDHY\u2019S\u2122 Purity S.O.S. Oil Blend - Pure Beauty &amp; PANDHY&#039;S Shop\" \/>\n<meta property=\"og:description\" content=\"Das beste Akne-\u00d6l! Diese aromatherapeutische Komposition nutzt die Heilkr\u00e4fte der Natur zur Reduzierung von Entz\u00fcndungen und \u00dcberverhornung der Haut. Eine einzigartige Mischung aus \u00d6len der Samen des Schwarzk\u00fcmmels, des Hanfs, sowie Ausz\u00fcge der Blaukamille und des Teebaumes. Schwarzk\u00fcmmel\u00f6l wirkt antiseptisch und Hanf\u00f6l ist unglaublich reich an Linolen und Gamma-Linolen, die die Zellw\u00e4nde st\u00e4rken. Blaukamille wirkt beruhigend, Teebaum\u00f6l ist antiviral. Ein wahrer Probleml\u00f6ser bei Entz\u00fcndungen der Haut.\" \/>\n<meta property=\"og:url\" content=\"https:\/\/www.pure-beauty.shop\/en\/product\/purity-oil\/\" \/>\n<meta property=\"og:site_name\" content=\"Pure Beauty &amp; PANDHY&#039;S Shop\" \/>\n<meta property=\"article:modified_time\" content=\"2026-04-19T22:27:25+00:00\" \/>\n<meta property=\"og:image\" content=\"https:\/\/www.pure-beauty.shop\/wp-content\/uploads\/2020\/10\/Online-Shop-Bilder-47.png\" \/>\n\t<meta property=\"og:image:width\" content=\"1400\" \/>\n\t<meta property=\"og:image:height\" content=\"1400\" \/>\n\t<meta property=\"og:image:type\" content=\"image\/png\" \/>\n<meta name=\"twitter:card\" content=\"summary_large_image\" \/>\n<meta name=\"twitter:label1\" content=\"Estimated reading time\" \/>\n\t<meta name=\"twitter:data1\" content=\"1 minute\" \/>\n<script type=\"application\/ld+json\" class=\"yoast-schema-graph\">{\"@context\":\"https:\\\/\\\/schema.org\",\"@graph\":[{\"@type\":\"WebPage\",\"@id\":\"https:\\\/\\\/www.pure-beauty.shop\\\/produkt\\\/purity-oil\\\/\",\"url\":\"https:\\\/\\\/www.pure-beauty.shop\\\/produkt\\\/purity-oil\\\/\",\"name\":\"PANDHY\u2019S\u2122 Purity S.O.S. Oil Blend - Pure Beauty &amp; PANDHY&#039;S Shop\",\"isPartOf\":{\"@id\":\"https:\\\/\\\/www.pure-beauty.shop\\\/#website\"},\"primaryImageOfPage\":{\"@id\":\"https:\\\/\\\/www.pure-beauty.shop\\\/produkt\\\/purity-oil\\\/#primaryimage\"},\"image\":{\"@id\":\"https:\\\/\\\/www.pure-beauty.shop\\\/produkt\\\/purity-oil\\\/#primaryimage\"},\"thumbnailUrl\":\"https:\\\/\\\/www.pure-beauty.shop\\\/wp-content\\\/uploads\\\/2020\\\/10\\\/Online-Shop-Bilder-47.png\",\"datePublished\":\"2020-10-23T10:25:28+00:00\",\"dateModified\":\"2026-04-19T22:27:25+00:00\",\"description\":\"Das beste Akne-\u00d6l! Diese aromatherapeutische Komposition nutzt die Heilkr\u00e4fte der Natur zur Reduzierung von Entz\u00fcndungen und \u00dcberverhornung der Haut. Eine einzigartige Mischung aus \u00d6len der Samen des Schwarzk\u00fcmmels, des Hanfs, sowie Ausz\u00fcge der Blaukamille und des Teebaumes. Schwarzk\u00fcmmel\u00f6l wirkt antiseptisch und Hanf\u00f6l ist unglaublich reich an Linolen und Gamma-Linolen, die die Zellw\u00e4nde st\u00e4rken. Blaukamille wirkt beruhigend, Teebaum\u00f6l ist antiviral. Ein wahrer Probleml\u00f6ser bei Entz\u00fcndungen der Haut.\",\"breadcrumb\":{\"@id\":\"https:\\\/\\\/www.pure-beauty.shop\\\/produkt\\\/purity-oil\\\/#breadcrumb\"},\"inLanguage\":\"en-GB\",\"potentialAction\":[{\"@type\":\"ReadAction\",\"target\":[\"https:\\\/\\\/www.pure-beauty.shop\\\/produkt\\\/purity-oil\\\/\"]}]},{\"@type\":\"ImageObject\",\"inLanguage\":\"en-GB\",\"@id\":\"https:\\\/\\\/www.pure-beauty.shop\\\/produkt\\\/purity-oil\\\/#primaryimage\",\"url\":\"https:\\\/\\\/www.pure-beauty.shop\\\/wp-content\\\/uploads\\\/2020\\\/10\\\/Online-Shop-Bilder-47.png\",\"contentUrl\":\"https:\\\/\\\/www.pure-beauty.shop\\\/wp-content\\\/uploads\\\/2020\\\/10\\\/Online-Shop-Bilder-47.png\",\"width\":1400,\"height\":1400},{\"@type\":\"BreadcrumbList\",\"@id\":\"https:\\\/\\\/www.pure-beauty.shop\\\/produkt\\\/purity-oil\\\/#breadcrumb\",\"itemListElement\":[{\"@type\":\"ListItem\",\"position\":1,\"name\":\"Startseite\",\"item\":\"https:\\\/\\\/www.pure-beauty.shop\\\/\"},{\"@type\":\"ListItem\",\"position\":2,\"name\":\"Shop\",\"item\":\"https:\\\/\\\/www.pure-beauty.shop\\\/en\\\/shop\\\/\"},{\"@type\":\"ListItem\",\"position\":3,\"name\":\"PANDHY\u2019S\u2122 Purity S.O.S. Oil Blend\"}]},{\"@type\":\"WebSite\",\"@id\":\"https:\\\/\\\/www.pure-beauty.shop\\\/#website\",\"url\":\"https:\\\/\\\/www.pure-beauty.shop\\\/\",\"name\":\"Pure Beauty &amp; PANDHY&#039;S Shop\",\"description\":\"Kosmetikshop in Graz\",\"potentialAction\":[{\"@type\":\"SearchAction\",\"target\":{\"@type\":\"EntryPoint\",\"urlTemplate\":\"https:\\\/\\\/www.pure-beauty.shop\\\/?s={search_term_string}\"},\"query-input\":{\"@type\":\"PropertyValueSpecification\",\"valueRequired\":true,\"valueName\":\"search_term_string\"}}],\"inLanguage\":\"en-GB\"}]}<\/script>\n<!-- \/ Yoast SEO plugin. -->","yoast_head_json":{"title":"PANDHY\u2019S\u2122 Purity S.O.S. Oil Blend - Pure Beauty &amp; PANDHY&#039;S Shop","description":"Das beste Akne-\u00d6l! Diese aromatherapeutische Komposition nutzt die Heilkr\u00e4fte der Natur zur Reduzierung von Entz\u00fcndungen und \u00dcberverhornung der Haut. Eine einzigartige Mischung aus \u00d6len der Samen des Schwarzk\u00fcmmels, des Hanfs, sowie Ausz\u00fcge der Blaukamille und des Teebaumes. Schwarzk\u00fcmmel\u00f6l wirkt antiseptisch und Hanf\u00f6l ist unglaublich reich an Linolen und Gamma-Linolen, die die Zellw\u00e4nde st\u00e4rken. Blaukamille wirkt beruhigend, Teebaum\u00f6l ist antiviral. Ein wahrer Probleml\u00f6ser bei Entz\u00fcndungen der Haut.","robots":{"index":"index","follow":"follow","max-snippet":"max-snippet:-1","max-image-preview":"max-image-preview:large","max-video-preview":"max-video-preview:-1"},"canonical":"https:\/\/www.pure-beauty.shop\/en\/product\/purity-oil\/","og_locale":"en_GB","og_type":"article","og_title":"PANDHY\u2019S\u2122 Purity S.O.S. Oil Blend - Pure Beauty &amp; PANDHY&#039;S Shop","og_description":"Das beste Akne-\u00d6l! Diese aromatherapeutische Komposition nutzt die Heilkr\u00e4fte der Natur zur Reduzierung von Entz\u00fcndungen und \u00dcberverhornung der Haut. Eine einzigartige Mischung aus \u00d6len der Samen des Schwarzk\u00fcmmels, des Hanfs, sowie Ausz\u00fcge der Blaukamille und des Teebaumes. Schwarzk\u00fcmmel\u00f6l wirkt antiseptisch und Hanf\u00f6l ist unglaublich reich an Linolen und Gamma-Linolen, die die Zellw\u00e4nde st\u00e4rken. Blaukamille wirkt beruhigend, Teebaum\u00f6l ist antiviral. Ein wahrer Probleml\u00f6ser bei Entz\u00fcndungen der Haut.","og_url":"https:\/\/www.pure-beauty.shop\/en\/product\/purity-oil\/","og_site_name":"Pure Beauty &amp; PANDHY&#039;S Shop","article_modified_time":"2026-04-19T22:27:25+00:00","og_image":[{"width":1400,"height":1400,"url":"https:\/\/www.pure-beauty.shop\/wp-content\/uploads\/2020\/10\/Online-Shop-Bilder-47.png","type":"image\/png"}],"twitter_card":"summary_large_image","twitter_misc":{"Estimated reading time":"1 minute"},"schema":{"@context":"https:\/\/schema.org","@graph":[{"@type":"WebPage","@id":"https:\/\/www.pure-beauty.shop\/produkt\/purity-oil\/","url":"https:\/\/www.pure-beauty.shop\/produkt\/purity-oil\/","name":"PANDHY\u2019S\u2122 Purity S.O.S. Oil Blend - Pure Beauty &amp; PANDHY&#039;S Shop","isPartOf":{"@id":"https:\/\/www.pure-beauty.shop\/#website"},"primaryImageOfPage":{"@id":"https:\/\/www.pure-beauty.shop\/produkt\/purity-oil\/#primaryimage"},"image":{"@id":"https:\/\/www.pure-beauty.shop\/produkt\/purity-oil\/#primaryimage"},"thumbnailUrl":"https:\/\/www.pure-beauty.shop\/wp-content\/uploads\/2020\/10\/Online-Shop-Bilder-47.png","datePublished":"2020-10-23T10:25:28+00:00","dateModified":"2026-04-19T22:27:25+00:00","description":"Das beste Akne-\u00d6l! Diese aromatherapeutische Komposition nutzt die Heilkr\u00e4fte der Natur zur Reduzierung von Entz\u00fcndungen und \u00dcberverhornung der Haut. Eine einzigartige Mischung aus \u00d6len der Samen des Schwarzk\u00fcmmels, des Hanfs, sowie Ausz\u00fcge der Blaukamille und des Teebaumes. Schwarzk\u00fcmmel\u00f6l wirkt antiseptisch und Hanf\u00f6l ist unglaublich reich an Linolen und Gamma-Linolen, die die Zellw\u00e4nde st\u00e4rken. Blaukamille wirkt beruhigend, Teebaum\u00f6l ist antiviral. Ein wahrer Probleml\u00f6ser bei Entz\u00fcndungen der Haut.","breadcrumb":{"@id":"https:\/\/www.pure-beauty.shop\/produkt\/purity-oil\/#breadcrumb"},"inLanguage":"en-GB","potentialAction":[{"@type":"ReadAction","target":["https:\/\/www.pure-beauty.shop\/produkt\/purity-oil\/"]}]},{"@type":"ImageObject","inLanguage":"en-GB","@id":"https:\/\/www.pure-beauty.shop\/produkt\/purity-oil\/#primaryimage","url":"https:\/\/www.pure-beauty.shop\/wp-content\/uploads\/2020\/10\/Online-Shop-Bilder-47.png","contentUrl":"https:\/\/www.pure-beauty.shop\/wp-content\/uploads\/2020\/10\/Online-Shop-Bilder-47.png","width":1400,"height":1400},{"@type":"BreadcrumbList","@id":"https:\/\/www.pure-beauty.shop\/produkt\/purity-oil\/#breadcrumb","itemListElement":[{"@type":"ListItem","position":1,"name":"Startseite","item":"https:\/\/www.pure-beauty.shop\/"},{"@type":"ListItem","position":2,"name":"Shop","item":"https:\/\/www.pure-beauty.shop\/en\/shop\/"},{"@type":"ListItem","position":3,"name":"PANDHY\u2019S\u2122 Purity S.O.S. Oil Blend"}]},{"@type":"WebSite","@id":"https:\/\/www.pure-beauty.shop\/#website","url":"https:\/\/www.pure-beauty.shop\/","name":"Pure Beauty &amp; PANDHY&#039;S Shop","description":"Kosmetikshop in Graz","potentialAction":[{"@type":"SearchAction","target":{"@type":"EntryPoint","urlTemplate":"https:\/\/www.pure-beauty.shop\/?s={search_term_string}"},"query-input":{"@type":"PropertyValueSpecification","valueRequired":true,"valueName":"search_term_string"}}],"inLanguage":"en-GB"}]}},"jetpack_sharing_enabled":true,"_links":{"self":[{"href":"https:\/\/www.pure-beauty.shop\/en\/wp-json\/wp\/v2\/product\/17379","targetHints":{"allow":["GET"]}}],"collection":[{"href":"https:\/\/www.pure-beauty.shop\/en\/wp-json\/wp\/v2\/product"}],"about":[{"href":"https:\/\/www.pure-beauty.shop\/en\/wp-json\/wp\/v2\/types\/product"}],"replies":[{"embeddable":true,"href":"https:\/\/www.pure-beauty.shop\/en\/wp-json\/wp\/v2\/comments?post=17379"}],"wp:featuredmedia":[{"embeddable":true,"href":"https:\/\/www.pure-beauty.shop\/en\/wp-json\/wp\/v2\/media\/21224"}],"wp:attachment":[{"href":"https:\/\/www.pure-beauty.shop\/en\/wp-json\/wp\/v2\/media?parent=17379"}],"wp:term":[{"taxonomy":"brand","embeddable":true,"href":"https:\/\/www.pure-beauty.shop\/en\/wp-json\/wp\/v2\/etheme_brands?post=17379"},{"taxonomy":"product_brand","embeddable":true,"href":"https:\/\/www.pure-beauty.shop\/en\/wp-json\/wp\/v2\/product_brand?post=17379"},{"taxonomy":"product_cat","embeddable":true,"href":"https:\/\/www.pure-beauty.shop\/en\/wp-json\/wp\/v2\/product_cat?post=17379"},{"taxonomy":"product_tag","embeddable":true,"href":"https:\/\/www.pure-beauty.shop\/en\/wp-json\/wp\/v2\/product_tag?post=17379"}],"curies":[{"name":"wp","href":"https:\/\/api.w.org\/{rel}","templated":true}]}}