{"id":17404,"date":"2020-10-23T12:25:42","date_gmt":"2020-10-23T10:25:42","guid":{"rendered":"https:\/\/www.pure-beauty.shop\/pure-beauty-shop\/produkt\/td-sps-sp-candelight-massage-candle-lavender-55ml\/"},"modified":"2026-04-20T00:21:28","modified_gmt":"2026-04-19T22:21:28","slug":"candelight-massage-candle-lavender","status":"publish","type":"product","link":"https:\/\/www.pure-beauty.shop\/en\/product\/candelight-massage-candle-lavender\/","title":{"rendered":"PANDHY\u2019S\u2122 CanDelight Massage Candle Lavender (55 g)"},"content":{"rendered":"<div class=\"wpb-content-wrapper\"><div class=\"vc_row wpb_row vc_row-fluid et_custom_uniqid_69e76ac5980df\"><div class=\"wpb_column vc_column_container vc_col-sm-12 et_custom_uniqid_69e76ac5980b2\"><div class=\"vc_column-inner\"><div class=\"wpb_wrapper\">\n\t<div class=\"wpb_text_column wpb_content_element\" >\n\t\t<div class=\"wpb_wrapper\">\n\t\t\t<p data-start=\"79\" data-end=\"338\">Diese Massagekerze \u00fcberzeugt durch ihre innovative, vollst\u00e4ndig synthetikfreie Textur und wird in einem stilvollen Keramikgef\u00e4\u00df pr\u00e4sentiert. Sie verwandelt sich beim Erw\u00e4rmen in ein warmes, pflegendes Massage\u00f6l und sorgt f\u00fcr ein ganzheitliches Pflegeerlebnis.<\/p>\n<p data-start=\"340\" data-end=\"648\">Die hochwertige Basis aus Soja\u00f6l, Cannabis\u00f6l, Kokosnuss\u00f6l, Sheabutter, Bienenwachs sowie Sonnenblumen- und S\u00fc\u00dfmandel\u00f6l versorgt die Haut intensiv mit N\u00e4hrstoffen und hinterl\u00e4sst ein geschmeidiges Hautgef\u00fchl. Erg\u00e4nzt wird die Formulierung durch ausgew\u00e4hlte \u00e4therische \u00d6le, die das sinnliche Erlebnis abrunden.<\/p>\n<p data-start=\"650\" data-end=\"893\">Der Duft Lavendel wirkt beruhigend, entspannend und angenehm k\u00fchlend. Die Massagekerze eignet sich besonders bei hitziger Haut und ist ideal zur k\u00fchlenden Pflege, beispielsweise f\u00fcr die Beine \u2013 f\u00fcr ein entspannendes, regenerierendes Treatment.<\/p>\n<h6 data-start=\"650\" data-end=\"893\">INCI: hydrogenated soybean oil, cannabis sativa seed oil, cocos nucifera (coconut) oil, butyrospermum parkii (shea) butter, cera alba (beeswax), helianthus annuus (sonflower) seed oil, prunus amygdalus dulcis (sweet almond) oil, garcinia indica seed butter, tocopherol, lavandula angustifolia oil, linalool, geraniol, limonene<\/h6>\n\n\t\t<\/div>\n\t<\/div>\n<\/div><\/div><\/div><\/div>\n<\/div>","protected":false},"excerpt":{"rendered":"<p data-start=\"920\" data-end=\"981\">Lavendel Massagekerze \u2013 pflegt, entspannt und k\u00fchlt die Haut.<\/p>","protected":false},"featured_media":21027,"comment_status":"open","ping_status":"closed","template":"","meta":{"jetpack_post_was_ever_published":false},"etheme_brands":[{"term_id":203,"name":"PANDHY'S\u2122","slug":"pandhys","term_group":0,"term_taxonomy_id":203,"taxonomy":"brand","description":"","parent":0,"count":63,"filter":"raw"}],"product_brand":[],"product_cat":[173,170,194,580],"product_tag":[],"class_list":{"0":"post-17404","1":"product","2":"type-product","3":"status-publish","4":"has-post-thumbnail","6":"brand-pandhys","7":"product_cat-koerper","8":"product_cat-pflege","9":"product_cat-spaspecials_koerper","10":"product_cat-tools-marketing","12":"first","13":"instock","14":"taxable","15":"shipping-taxable","16":"purchasable","17":"product-type-simple"},"yoast_head":"<!-- This site is optimized with the Yoast SEO plugin v27.4 - https:\/\/yoast.com\/product\/yoast-seo-wordpress\/ -->\n<title>PANDHY\u2019S\u2122 CanDelight Massage Candle Lavender (55 g) - Pure Beauty &amp; PANDHY&#039;S Shop<\/title>\n<meta name=\"description\" content=\"Massagekerze Lavendel \u2013 pflegendes Massage\u00f6l aus nat\u00fcrlichen \u00d6len. Beruhigt, entspannt und k\u00fchlt die Haut, ideal f\u00fcr Beine &amp; entspannende Treatments.\" \/>\n<meta name=\"robots\" content=\"index, follow, max-snippet:-1, max-image-preview:large, max-video-preview:-1\" \/>\n<link rel=\"canonical\" href=\"https:\/\/www.pure-beauty.shop\/en\/product\/candelight-massage-candle-lavender\/\" \/>\n<meta property=\"og:locale\" content=\"en_GB\" \/>\n<meta property=\"og:type\" content=\"article\" \/>\n<meta property=\"og:title\" content=\"PANDHY\u2019S\u2122 CanDelight Massage Candle Lavender (55 g) - Pure Beauty &amp; PANDHY&#039;S Shop\" \/>\n<meta property=\"og:description\" content=\"Massagekerze Lavendel \u2013 pflegendes Massage\u00f6l aus nat\u00fcrlichen \u00d6len. Beruhigt, entspannt und k\u00fchlt die Haut, ideal f\u00fcr Beine &amp; entspannende Treatments.\" \/>\n<meta property=\"og:url\" content=\"https:\/\/www.pure-beauty.shop\/en\/product\/candelight-massage-candle-lavender\/\" \/>\n<meta property=\"og:site_name\" content=\"Pure Beauty &amp; PANDHY&#039;S Shop\" \/>\n<meta property=\"article:modified_time\" content=\"2026-04-19T22:21:28+00:00\" \/>\n<meta property=\"og:image\" content=\"https:\/\/www.pure-beauty.shop\/wp-content\/uploads\/2021\/02\/candelight_lavender.jpg\" \/>\n\t<meta property=\"og:image:width\" content=\"2000\" \/>\n\t<meta property=\"og:image:height\" content=\"2000\" \/>\n\t<meta property=\"og:image:type\" content=\"image\/jpeg\" \/>\n<meta name=\"twitter:card\" content=\"summary_large_image\" \/>\n<meta name=\"twitter:label1\" content=\"Estimated reading time\" \/>\n\t<meta name=\"twitter:data1\" content=\"1 minute\" \/>\n<script type=\"application\/ld+json\" class=\"yoast-schema-graph\">{\"@context\":\"https:\\\/\\\/schema.org\",\"@graph\":[{\"@type\":\"WebPage\",\"@id\":\"https:\\\/\\\/www.pure-beauty.shop\\\/produkt\\\/candelight-massage-candle-lavender\\\/\",\"url\":\"https:\\\/\\\/www.pure-beauty.shop\\\/produkt\\\/candelight-massage-candle-lavender\\\/\",\"name\":\"PANDHY\u2019S\u2122 CanDelight Massage Candle Lavender (55 g) - Pure Beauty &amp; PANDHY&#039;S Shop\",\"isPartOf\":{\"@id\":\"https:\\\/\\\/www.pure-beauty.shop\\\/#website\"},\"primaryImageOfPage\":{\"@id\":\"https:\\\/\\\/www.pure-beauty.shop\\\/produkt\\\/candelight-massage-candle-lavender\\\/#primaryimage\"},\"image\":{\"@id\":\"https:\\\/\\\/www.pure-beauty.shop\\\/produkt\\\/candelight-massage-candle-lavender\\\/#primaryimage\"},\"thumbnailUrl\":\"https:\\\/\\\/www.pure-beauty.shop\\\/wp-content\\\/uploads\\\/2021\\\/02\\\/candelight_lavender.jpg\",\"datePublished\":\"2020-10-23T10:25:42+00:00\",\"dateModified\":\"2026-04-19T22:21:28+00:00\",\"description\":\"Massagekerze Lavendel \u2013 pflegendes Massage\u00f6l aus nat\u00fcrlichen \u00d6len. Beruhigt, entspannt und k\u00fchlt die Haut, ideal f\u00fcr Beine & entspannende Treatments.\",\"breadcrumb\":{\"@id\":\"https:\\\/\\\/www.pure-beauty.shop\\\/produkt\\\/candelight-massage-candle-lavender\\\/#breadcrumb\"},\"inLanguage\":\"en-GB\",\"potentialAction\":[{\"@type\":\"ReadAction\",\"target\":[\"https:\\\/\\\/www.pure-beauty.shop\\\/produkt\\\/candelight-massage-candle-lavender\\\/\"]}]},{\"@type\":\"ImageObject\",\"inLanguage\":\"en-GB\",\"@id\":\"https:\\\/\\\/www.pure-beauty.shop\\\/produkt\\\/candelight-massage-candle-lavender\\\/#primaryimage\",\"url\":\"https:\\\/\\\/www.pure-beauty.shop\\\/wp-content\\\/uploads\\\/2021\\\/02\\\/candelight_lavender.jpg\",\"contentUrl\":\"https:\\\/\\\/www.pure-beauty.shop\\\/wp-content\\\/uploads\\\/2021\\\/02\\\/candelight_lavender.jpg\",\"width\":2000,\"height\":2000},{\"@type\":\"BreadcrumbList\",\"@id\":\"https:\\\/\\\/www.pure-beauty.shop\\\/produkt\\\/candelight-massage-candle-lavender\\\/#breadcrumb\",\"itemListElement\":[{\"@type\":\"ListItem\",\"position\":1,\"name\":\"Startseite\",\"item\":\"https:\\\/\\\/www.pure-beauty.shop\\\/\"},{\"@type\":\"ListItem\",\"position\":2,\"name\":\"Shop\",\"item\":\"https:\\\/\\\/www.pure-beauty.shop\\\/en\\\/shop\\\/\"},{\"@type\":\"ListItem\",\"position\":3,\"name\":\"PANDHY\u2019S\u2122 CanDelight Massage Candle Lavender (55 g)\"}]},{\"@type\":\"WebSite\",\"@id\":\"https:\\\/\\\/www.pure-beauty.shop\\\/#website\",\"url\":\"https:\\\/\\\/www.pure-beauty.shop\\\/\",\"name\":\"Pure Beauty &amp; PANDHY&#039;S Shop\",\"description\":\"Kosmetikshop in Graz\",\"potentialAction\":[{\"@type\":\"SearchAction\",\"target\":{\"@type\":\"EntryPoint\",\"urlTemplate\":\"https:\\\/\\\/www.pure-beauty.shop\\\/?s={search_term_string}\"},\"query-input\":{\"@type\":\"PropertyValueSpecification\",\"valueRequired\":true,\"valueName\":\"search_term_string\"}}],\"inLanguage\":\"en-GB\"}]}<\/script>\n<!-- \/ Yoast SEO plugin. -->","yoast_head_json":{"title":"PANDHY\u2019S\u2122 CanDelight Massage Candle Lavender (55 g) - Pure Beauty &amp; PANDHY&#039;S Shop","description":"Massagekerze Lavendel \u2013 pflegendes Massage\u00f6l aus nat\u00fcrlichen \u00d6len. Beruhigt, entspannt und k\u00fchlt die Haut, ideal f\u00fcr Beine & entspannende Treatments.","robots":{"index":"index","follow":"follow","max-snippet":"max-snippet:-1","max-image-preview":"max-image-preview:large","max-video-preview":"max-video-preview:-1"},"canonical":"https:\/\/www.pure-beauty.shop\/en\/product\/candelight-massage-candle-lavender\/","og_locale":"en_GB","og_type":"article","og_title":"PANDHY\u2019S\u2122 CanDelight Massage Candle Lavender (55 g) - Pure Beauty &amp; PANDHY&#039;S Shop","og_description":"Massagekerze Lavendel \u2013 pflegendes Massage\u00f6l aus nat\u00fcrlichen \u00d6len. Beruhigt, entspannt und k\u00fchlt die Haut, ideal f\u00fcr Beine & entspannende Treatments.","og_url":"https:\/\/www.pure-beauty.shop\/en\/product\/candelight-massage-candle-lavender\/","og_site_name":"Pure Beauty &amp; PANDHY&#039;S Shop","article_modified_time":"2026-04-19T22:21:28+00:00","og_image":[{"width":2000,"height":2000,"url":"https:\/\/www.pure-beauty.shop\/wp-content\/uploads\/2021\/02\/candelight_lavender.jpg","type":"image\/jpeg"}],"twitter_card":"summary_large_image","twitter_misc":{"Estimated reading time":"1 minute"},"schema":{"@context":"https:\/\/schema.org","@graph":[{"@type":"WebPage","@id":"https:\/\/www.pure-beauty.shop\/produkt\/candelight-massage-candle-lavender\/","url":"https:\/\/www.pure-beauty.shop\/produkt\/candelight-massage-candle-lavender\/","name":"PANDHY\u2019S\u2122 CanDelight Massage Candle Lavender (55 g) - Pure Beauty &amp; PANDHY&#039;S Shop","isPartOf":{"@id":"https:\/\/www.pure-beauty.shop\/#website"},"primaryImageOfPage":{"@id":"https:\/\/www.pure-beauty.shop\/produkt\/candelight-massage-candle-lavender\/#primaryimage"},"image":{"@id":"https:\/\/www.pure-beauty.shop\/produkt\/candelight-massage-candle-lavender\/#primaryimage"},"thumbnailUrl":"https:\/\/www.pure-beauty.shop\/wp-content\/uploads\/2021\/02\/candelight_lavender.jpg","datePublished":"2020-10-23T10:25:42+00:00","dateModified":"2026-04-19T22:21:28+00:00","description":"Massagekerze Lavendel \u2013 pflegendes Massage\u00f6l aus nat\u00fcrlichen \u00d6len. Beruhigt, entspannt und k\u00fchlt die Haut, ideal f\u00fcr Beine & entspannende Treatments.","breadcrumb":{"@id":"https:\/\/www.pure-beauty.shop\/produkt\/candelight-massage-candle-lavender\/#breadcrumb"},"inLanguage":"en-GB","potentialAction":[{"@type":"ReadAction","target":["https:\/\/www.pure-beauty.shop\/produkt\/candelight-massage-candle-lavender\/"]}]},{"@type":"ImageObject","inLanguage":"en-GB","@id":"https:\/\/www.pure-beauty.shop\/produkt\/candelight-massage-candle-lavender\/#primaryimage","url":"https:\/\/www.pure-beauty.shop\/wp-content\/uploads\/2021\/02\/candelight_lavender.jpg","contentUrl":"https:\/\/www.pure-beauty.shop\/wp-content\/uploads\/2021\/02\/candelight_lavender.jpg","width":2000,"height":2000},{"@type":"BreadcrumbList","@id":"https:\/\/www.pure-beauty.shop\/produkt\/candelight-massage-candle-lavender\/#breadcrumb","itemListElement":[{"@type":"ListItem","position":1,"name":"Startseite","item":"https:\/\/www.pure-beauty.shop\/"},{"@type":"ListItem","position":2,"name":"Shop","item":"https:\/\/www.pure-beauty.shop\/en\/shop\/"},{"@type":"ListItem","position":3,"name":"PANDHY\u2019S\u2122 CanDelight Massage Candle Lavender (55 g)"}]},{"@type":"WebSite","@id":"https:\/\/www.pure-beauty.shop\/#website","url":"https:\/\/www.pure-beauty.shop\/","name":"Pure Beauty &amp; PANDHY&#039;S Shop","description":"Kosmetikshop in Graz","potentialAction":[{"@type":"SearchAction","target":{"@type":"EntryPoint","urlTemplate":"https:\/\/www.pure-beauty.shop\/?s={search_term_string}"},"query-input":{"@type":"PropertyValueSpecification","valueRequired":true,"valueName":"search_term_string"}}],"inLanguage":"en-GB"}]}},"jetpack_sharing_enabled":true,"_links":{"self":[{"href":"https:\/\/www.pure-beauty.shop\/en\/wp-json\/wp\/v2\/product\/17404","targetHints":{"allow":["GET"]}}],"collection":[{"href":"https:\/\/www.pure-beauty.shop\/en\/wp-json\/wp\/v2\/product"}],"about":[{"href":"https:\/\/www.pure-beauty.shop\/en\/wp-json\/wp\/v2\/types\/product"}],"replies":[{"embeddable":true,"href":"https:\/\/www.pure-beauty.shop\/en\/wp-json\/wp\/v2\/comments?post=17404"}],"wp:featuredmedia":[{"embeddable":true,"href":"https:\/\/www.pure-beauty.shop\/en\/wp-json\/wp\/v2\/media\/21027"}],"wp:attachment":[{"href":"https:\/\/www.pure-beauty.shop\/en\/wp-json\/wp\/v2\/media?parent=17404"}],"wp:term":[{"taxonomy":"brand","embeddable":true,"href":"https:\/\/www.pure-beauty.shop\/en\/wp-json\/wp\/v2\/etheme_brands?post=17404"},{"taxonomy":"product_brand","embeddable":true,"href":"https:\/\/www.pure-beauty.shop\/en\/wp-json\/wp\/v2\/product_brand?post=17404"},{"taxonomy":"product_cat","embeddable":true,"href":"https:\/\/www.pure-beauty.shop\/en\/wp-json\/wp\/v2\/product_cat?post=17404"},{"taxonomy":"product_tag","embeddable":true,"href":"https:\/\/www.pure-beauty.shop\/en\/wp-json\/wp\/v2\/product_tag?post=17404"}],"curies":[{"name":"wp","href":"https:\/\/api.w.org\/{rel}","templated":true}]}}