{"id":17408,"date":"2020-10-23T12:25:43","date_gmt":"2020-10-23T10:25:43","guid":{"rendered":"https:\/\/www.pure-beauty.shop\/pure-beauty-shop\/produkt\/pandhys-hamamelis-water-pure-flower-water-150-ml\/"},"modified":"2026-04-30T19:53:44","modified_gmt":"2026-04-30T17:53:44","slug":"hamamelis-water-pure-flower-water","status":"publish","type":"product","link":"https:\/\/www.pure-beauty.shop\/en\/product\/hamamelis-water-pure-flower-water\/","title":{"rendered":"PANDHY\u2019S\u2122 Hamamelis Water"},"content":{"rendered":"<div class=\"wpb-content-wrapper\"><div class=\"vc_row wpb_row vc_row-fluid et_custom_uniqid_69f5fd66ce200\"><div class=\"wpb_column vc_column_container vc_col-sm-12 et_custom_uniqid_69f5fd66ce1dd\"><div class=\"vc_column-inner\"><div class=\"wpb_wrapper\">\n\t<div class=\"wpb_text_column wpb_content_element\" >\n\t\t<div class=\"wpb_wrapper\">\n\t\t\t<p data-start=\"79\" data-end=\"284\">Hamamelis ist ein bew\u00e4hrter Wirkstoff zur Pflege empfindlicher und irritierter Haut und unterst\u00fctzt gezielt die Mikrozirkulation. Dadurch wird die Haut beruhigt und ihr nat\u00fcrliches Gleichgewicht gef\u00f6rdert.<\/p>\n<p data-start=\"286\" data-end=\"536\">Gleichzeitig wirkt Hamamelis tiefenreinigend und entfernt zuverl\u00e4ssig \u00fcbersch\u00fcssigen Talg sowie Fettablagerungen. Seine talgregulierenden und stark adstringierenden Eigenschaften verfeinern das Hautbild und sorgen f\u00fcr ein klares, frisches Hautgef\u00fchl.<\/p>\n<p data-start=\"538\" data-end=\"628\">Ideal f\u00fcr die t\u00e4gliche Pflege sowie f\u00fcr Haut, die zu Unreinheiten oder Irritationen neigt.<\/p>\n<p>Tipp: Die beste Reinigung f\u00fcr die empfindliche, fette Haut. Sanft und gr\u00fcndlich zugleich. Gro\u00dfz\u00fcgig auf Gesicht, Hals und Dekolletee auftragen.<\/p>\n<h6>INCI: hamamelis virginiana flower water, benzoic acid<\/h6>\n\n\t\t<\/div>\n\t<\/div>\n<\/div><\/div><\/div><\/div>\n<\/div>","protected":false},"excerpt":{"rendered":"<p>Beruhigendes tiefenreinigendes Bl\u00fctenwasser f\u00fcr empfindliche, irritierte und fettige Haut.<\/p>","protected":false},"featured_media":21011,"comment_status":"open","ping_status":"closed","template":"","meta":{"jetpack_post_was_ever_published":false},"etheme_brands":[{"term_id":203,"name":"PANDHY'S\u2122","slug":"pandhys","term_group":0,"term_taxonomy_id":203,"taxonomy":"brand","description":"","parent":0,"count":68,"filter":"raw"}],"product_brand":[],"product_cat":[172,170,175],"product_tag":[],"class_list":{"0":"post-17408","1":"product","2":"type-product","3":"status-publish","4":"has-post-thumbnail","6":"brand-pandhys","7":"product_cat-gesicht","8":"product_cat-pflege","9":"product_cat-tonic_bluetenwasser","11":"first","12":"instock","13":"taxable","14":"shipping-taxable","15":"purchasable","16":"product-type-variable","17":"has-default-attributes"},"yoast_head":"<!-- This site is optimized with the Yoast SEO plugin v27.5 - https:\/\/yoast.com\/product\/yoast-seo-wordpress\/ -->\n<title>PANDHY\u2019S\u2122 Hamamelis Water - Pure Beauty &amp; PANDHY&#039;S Shop<\/title>\n<meta name=\"description\" content=\"Hamamelis \u2013 beruhigt empfindliche Haut, reguliert Talg und reinigt porentief. F\u00fcr ein klares, verfeinertes Hautbild bei unreiner Haut.\" \/>\n<meta name=\"robots\" content=\"index, follow, max-snippet:-1, max-image-preview:large, max-video-preview:-1\" \/>\n<link rel=\"canonical\" href=\"https:\/\/www.pure-beauty.shop\/en\/product\/hamamelis-water-pure-flower-water\/\" \/>\n<meta property=\"og:locale\" content=\"en_GB\" \/>\n<meta property=\"og:type\" content=\"article\" \/>\n<meta property=\"og:title\" content=\"PANDHY\u2019S\u2122 Hamamelis Water - Pure Beauty &amp; PANDHY&#039;S Shop\" \/>\n<meta property=\"og:description\" content=\"Hamamelis \u2013 beruhigt empfindliche Haut, reguliert Talg und reinigt porentief. F\u00fcr ein klares, verfeinertes Hautbild bei unreiner Haut.\" \/>\n<meta property=\"og:url\" content=\"https:\/\/www.pure-beauty.shop\/en\/product\/hamamelis-water-pure-flower-water\/\" \/>\n<meta property=\"og:site_name\" content=\"Pure Beauty &amp; PANDHY&#039;S Shop\" \/>\n<meta property=\"article:publisher\" content=\"https:\/\/www.facebook.com\/purebeautygraz\" \/>\n<meta property=\"article:modified_time\" content=\"2026-04-30T17:53:44+00:00\" \/>\n<meta property=\"og:image\" content=\"https:\/\/www.pure-beauty.shop\/wp-content\/uploads\/2020\/10\/csoport_hamamelis.jpg\" \/>\n\t<meta property=\"og:image:width\" content=\"2000\" \/>\n\t<meta property=\"og:image:height\" content=\"2000\" \/>\n\t<meta property=\"og:image:type\" content=\"image\/jpeg\" \/>\n<meta name=\"twitter:card\" content=\"summary_large_image\" \/>\n<meta name=\"twitter:label1\" content=\"Estimated reading time\" \/>\n\t<meta name=\"twitter:data1\" content=\"1 minute\" \/>\n<script type=\"application\/ld+json\" class=\"yoast-schema-graph\">{\"@context\":\"https:\\\/\\\/schema.org\",\"@graph\":[{\"@type\":\"WebPage\",\"@id\":\"https:\\\/\\\/www.pure-beauty.shop\\\/produkt\\\/hamamelis-water-pure-flower-water\\\/\",\"url\":\"https:\\\/\\\/www.pure-beauty.shop\\\/produkt\\\/hamamelis-water-pure-flower-water\\\/\",\"name\":\"PANDHY\u2019S\u2122 Hamamelis Water - Pure Beauty &amp; PANDHY&#039;S Shop\",\"isPartOf\":{\"@id\":\"https:\\\/\\\/www.pure-beauty.shop\\\/#website\"},\"primaryImageOfPage\":{\"@id\":\"https:\\\/\\\/www.pure-beauty.shop\\\/produkt\\\/hamamelis-water-pure-flower-water\\\/#primaryimage\"},\"image\":{\"@id\":\"https:\\\/\\\/www.pure-beauty.shop\\\/produkt\\\/hamamelis-water-pure-flower-water\\\/#primaryimage\"},\"thumbnailUrl\":\"https:\\\/\\\/www.pure-beauty.shop\\\/wp-content\\\/uploads\\\/2020\\\/10\\\/csoport_hamamelis.jpg\",\"datePublished\":\"2020-10-23T10:25:43+00:00\",\"dateModified\":\"2026-04-30T17:53:44+00:00\",\"description\":\"Hamamelis \u2013 beruhigt empfindliche Haut, reguliert Talg und reinigt porentief. F\u00fcr ein klares, verfeinertes Hautbild bei unreiner Haut.\",\"breadcrumb\":{\"@id\":\"https:\\\/\\\/www.pure-beauty.shop\\\/produkt\\\/hamamelis-water-pure-flower-water\\\/#breadcrumb\"},\"inLanguage\":\"en-GB\",\"potentialAction\":[{\"@type\":\"ReadAction\",\"target\":[\"https:\\\/\\\/www.pure-beauty.shop\\\/produkt\\\/hamamelis-water-pure-flower-water\\\/\"]}]},{\"@type\":\"ImageObject\",\"inLanguage\":\"en-GB\",\"@id\":\"https:\\\/\\\/www.pure-beauty.shop\\\/produkt\\\/hamamelis-water-pure-flower-water\\\/#primaryimage\",\"url\":\"https:\\\/\\\/www.pure-beauty.shop\\\/wp-content\\\/uploads\\\/2020\\\/10\\\/csoport_hamamelis.jpg\",\"contentUrl\":\"https:\\\/\\\/www.pure-beauty.shop\\\/wp-content\\\/uploads\\\/2020\\\/10\\\/csoport_hamamelis.jpg\",\"width\":2000,\"height\":2000},{\"@type\":\"BreadcrumbList\",\"@id\":\"https:\\\/\\\/www.pure-beauty.shop\\\/produkt\\\/hamamelis-water-pure-flower-water\\\/#breadcrumb\",\"itemListElement\":[{\"@type\":\"ListItem\",\"position\":1,\"name\":\"Startseite\",\"item\":\"https:\\\/\\\/www.pure-beauty.shop\\\/\"},{\"@type\":\"ListItem\",\"position\":2,\"name\":\"Shop\",\"item\":\"https:\\\/\\\/www.pure-beauty.shop\\\/en\\\/shop\\\/\"},{\"@type\":\"ListItem\",\"position\":3,\"name\":\"PANDHY\u2019S\u2122 Hamamelis Water\"}]},{\"@type\":\"WebSite\",\"@id\":\"https:\\\/\\\/www.pure-beauty.shop\\\/#website\",\"url\":\"https:\\\/\\\/www.pure-beauty.shop\\\/\",\"name\":\"Pure Beauty & PANDHY'S Shop\",\"description\":\"Kosmetikshop in Graz\",\"publisher\":{\"@id\":\"https:\\\/\\\/www.pure-beauty.shop\\\/#organization\"},\"potentialAction\":[{\"@type\":\"SearchAction\",\"target\":{\"@type\":\"EntryPoint\",\"urlTemplate\":\"https:\\\/\\\/www.pure-beauty.shop\\\/?s={search_term_string}\"},\"query-input\":{\"@type\":\"PropertyValueSpecification\",\"valueRequired\":true,\"valueName\":\"search_term_string\"}}],\"inLanguage\":\"en-GB\"},{\"@type\":\"Organization\",\"@id\":\"https:\\\/\\\/www.pure-beauty.shop\\\/#organization\",\"name\":\"Pure Beauty & PANDHY'S Shop\",\"url\":\"https:\\\/\\\/www.pure-beauty.shop\\\/\",\"logo\":{\"@type\":\"ImageObject\",\"inLanguage\":\"en-GB\",\"@id\":\"https:\\\/\\\/www.pure-beauty.shop\\\/#\\\/schema\\\/logo\\\/image\\\/\",\"url\":\"https:\\\/\\\/www.pure-beauty.shop\\\/wp-content\\\/uploads\\\/2026\\\/04\\\/pb_black-scaled.png\",\"contentUrl\":\"https:\\\/\\\/www.pure-beauty.shop\\\/wp-content\\\/uploads\\\/2026\\\/04\\\/pb_black-scaled.png\",\"width\":2560,\"height\":2560,\"caption\":\"Pure Beauty & PANDHY'S Shop\"},\"image\":{\"@id\":\"https:\\\/\\\/www.pure-beauty.shop\\\/#\\\/schema\\\/logo\\\/image\\\/\"},\"sameAs\":[\"https:\\\/\\\/www.facebook.com\\\/purebeautygraz\",\"https:\\\/\\\/www.instragram.com\\\/pure_beauty_graz\"]}]}<\/script>\n<!-- \/ Yoast SEO plugin. -->","yoast_head_json":{"title":"PANDHY\u2019S\u2122 Hamamelis Water - Pure Beauty &amp; PANDHY&#039;S Shop","description":"Hamamelis \u2013 beruhigt empfindliche Haut, reguliert Talg und reinigt porentief. F\u00fcr ein klares, verfeinertes Hautbild bei unreiner Haut.","robots":{"index":"index","follow":"follow","max-snippet":"max-snippet:-1","max-image-preview":"max-image-preview:large","max-video-preview":"max-video-preview:-1"},"canonical":"https:\/\/www.pure-beauty.shop\/en\/product\/hamamelis-water-pure-flower-water\/","og_locale":"en_GB","og_type":"article","og_title":"PANDHY\u2019S\u2122 Hamamelis Water - Pure Beauty &amp; PANDHY&#039;S Shop","og_description":"Hamamelis \u2013 beruhigt empfindliche Haut, reguliert Talg und reinigt porentief. F\u00fcr ein klares, verfeinertes Hautbild bei unreiner Haut.","og_url":"https:\/\/www.pure-beauty.shop\/en\/product\/hamamelis-water-pure-flower-water\/","og_site_name":"Pure Beauty &amp; PANDHY&#039;S Shop","article_publisher":"https:\/\/www.facebook.com\/purebeautygraz","article_modified_time":"2026-04-30T17:53:44+00:00","og_image":[{"width":2000,"height":2000,"url":"https:\/\/www.pure-beauty.shop\/wp-content\/uploads\/2020\/10\/csoport_hamamelis.jpg","type":"image\/jpeg"}],"twitter_card":"summary_large_image","twitter_misc":{"Estimated reading time":"1 minute"},"schema":{"@context":"https:\/\/schema.org","@graph":[{"@type":"WebPage","@id":"https:\/\/www.pure-beauty.shop\/produkt\/hamamelis-water-pure-flower-water\/","url":"https:\/\/www.pure-beauty.shop\/produkt\/hamamelis-water-pure-flower-water\/","name":"PANDHY\u2019S\u2122 Hamamelis Water - Pure Beauty &amp; PANDHY&#039;S Shop","isPartOf":{"@id":"https:\/\/www.pure-beauty.shop\/#website"},"primaryImageOfPage":{"@id":"https:\/\/www.pure-beauty.shop\/produkt\/hamamelis-water-pure-flower-water\/#primaryimage"},"image":{"@id":"https:\/\/www.pure-beauty.shop\/produkt\/hamamelis-water-pure-flower-water\/#primaryimage"},"thumbnailUrl":"https:\/\/www.pure-beauty.shop\/wp-content\/uploads\/2020\/10\/csoport_hamamelis.jpg","datePublished":"2020-10-23T10:25:43+00:00","dateModified":"2026-04-30T17:53:44+00:00","description":"Hamamelis \u2013 beruhigt empfindliche Haut, reguliert Talg und reinigt porentief. F\u00fcr ein klares, verfeinertes Hautbild bei unreiner Haut.","breadcrumb":{"@id":"https:\/\/www.pure-beauty.shop\/produkt\/hamamelis-water-pure-flower-water\/#breadcrumb"},"inLanguage":"en-GB","potentialAction":[{"@type":"ReadAction","target":["https:\/\/www.pure-beauty.shop\/produkt\/hamamelis-water-pure-flower-water\/"]}]},{"@type":"ImageObject","inLanguage":"en-GB","@id":"https:\/\/www.pure-beauty.shop\/produkt\/hamamelis-water-pure-flower-water\/#primaryimage","url":"https:\/\/www.pure-beauty.shop\/wp-content\/uploads\/2020\/10\/csoport_hamamelis.jpg","contentUrl":"https:\/\/www.pure-beauty.shop\/wp-content\/uploads\/2020\/10\/csoport_hamamelis.jpg","width":2000,"height":2000},{"@type":"BreadcrumbList","@id":"https:\/\/www.pure-beauty.shop\/produkt\/hamamelis-water-pure-flower-water\/#breadcrumb","itemListElement":[{"@type":"ListItem","position":1,"name":"Startseite","item":"https:\/\/www.pure-beauty.shop\/"},{"@type":"ListItem","position":2,"name":"Shop","item":"https:\/\/www.pure-beauty.shop\/en\/shop\/"},{"@type":"ListItem","position":3,"name":"PANDHY\u2019S\u2122 Hamamelis Water"}]},{"@type":"WebSite","@id":"https:\/\/www.pure-beauty.shop\/#website","url":"https:\/\/www.pure-beauty.shop\/","name":"Pure Beauty & PANDHY'S Shop","description":"Kosmetikshop in Graz","publisher":{"@id":"https:\/\/www.pure-beauty.shop\/#organization"},"potentialAction":[{"@type":"SearchAction","target":{"@type":"EntryPoint","urlTemplate":"https:\/\/www.pure-beauty.shop\/?s={search_term_string}"},"query-input":{"@type":"PropertyValueSpecification","valueRequired":true,"valueName":"search_term_string"}}],"inLanguage":"en-GB"},{"@type":"Organization","@id":"https:\/\/www.pure-beauty.shop\/#organization","name":"Pure Beauty & PANDHY'S Shop","url":"https:\/\/www.pure-beauty.shop\/","logo":{"@type":"ImageObject","inLanguage":"en-GB","@id":"https:\/\/www.pure-beauty.shop\/#\/schema\/logo\/image\/","url":"https:\/\/www.pure-beauty.shop\/wp-content\/uploads\/2026\/04\/pb_black-scaled.png","contentUrl":"https:\/\/www.pure-beauty.shop\/wp-content\/uploads\/2026\/04\/pb_black-scaled.png","width":2560,"height":2560,"caption":"Pure Beauty & PANDHY'S Shop"},"image":{"@id":"https:\/\/www.pure-beauty.shop\/#\/schema\/logo\/image\/"},"sameAs":["https:\/\/www.facebook.com\/purebeautygraz","https:\/\/www.instragram.com\/pure_beauty_graz"]}]}},"jetpack_sharing_enabled":true,"_links":{"self":[{"href":"https:\/\/www.pure-beauty.shop\/en\/wp-json\/wp\/v2\/product\/17408","targetHints":{"allow":["GET"]}}],"collection":[{"href":"https:\/\/www.pure-beauty.shop\/en\/wp-json\/wp\/v2\/product"}],"about":[{"href":"https:\/\/www.pure-beauty.shop\/en\/wp-json\/wp\/v2\/types\/product"}],"replies":[{"embeddable":true,"href":"https:\/\/www.pure-beauty.shop\/en\/wp-json\/wp\/v2\/comments?post=17408"}],"wp:featuredmedia":[{"embeddable":true,"href":"https:\/\/www.pure-beauty.shop\/en\/wp-json\/wp\/v2\/media\/21011"}],"wp:attachment":[{"href":"https:\/\/www.pure-beauty.shop\/en\/wp-json\/wp\/v2\/media?parent=17408"}],"wp:term":[{"taxonomy":"brand","embeddable":true,"href":"https:\/\/www.pure-beauty.shop\/en\/wp-json\/wp\/v2\/etheme_brands?post=17408"},{"taxonomy":"product_brand","embeddable":true,"href":"https:\/\/www.pure-beauty.shop\/en\/wp-json\/wp\/v2\/product_brand?post=17408"},{"taxonomy":"product_cat","embeddable":true,"href":"https:\/\/www.pure-beauty.shop\/en\/wp-json\/wp\/v2\/product_cat?post=17408"},{"taxonomy":"product_tag","embeddable":true,"href":"https:\/\/www.pure-beauty.shop\/en\/wp-json\/wp\/v2\/product_tag?post=17408"}],"curies":[{"name":"wp","href":"https:\/\/api.w.org\/{rel}","templated":true}]}}