{"id":17410,"date":"2020-10-23T12:25:44","date_gmt":"2020-10-23T10:25:44","guid":{"rendered":"https:\/\/www.pure-beauty.shop\/pure-beauty-shop\/produkt\/pandhys-beautea-bags-50-pcs-package\/"},"modified":"2026-04-11T01:33:32","modified_gmt":"2026-04-10T23:33:32","slug":"pandhys-beautea-bags-50-pcs-package","status":"publish","type":"product","link":"https:\/\/www.pure-beauty.shop\/en\/product\/pandhys-beautea-bags-50-pcs-package\/","title":{"rendered":"PANDHY\u2019S\u2122 BEAUTEA Bags"},"content":{"rendered":"<div class=\"wpb-content-wrapper\"><div class=\"vc_row wpb_row vc_row-fluid et_custom_uniqid_69e76adec8c00\"><div class=\"wpb_column vc_column_container vc_col-sm-12 et_custom_uniqid_69e76adec8bdb\"><div class=\"vc_column-inner\"><div class=\"wpb_wrapper\">\n\t<div class=\"wpb_text_column wpb_content_element\" >\n\t\t<div class=\"wpb_wrapper\">\n\t\t\t<p data-start=\"70\" data-end=\"347\">Die leeren Teebeutel im praktischen Multipack sind die ideale L\u00f6sung f\u00fcr alle, die ihre Teemischungen individuell genie\u00dfen m\u00f6chten. Perfekt geeignet f\u00fcr die Floral Spa BEAUTEAs von PANDHY\u2019S\u2122, erm\u00f6glichen sie ein einfaches und sauberes Bef\u00fcllen ganz nach pers\u00f6nlichem Geschmack.<\/p>\n<p data-start=\"349\" data-end=\"565\">Ob f\u00fcr entspannende Spa-Momente oder den t\u00e4glichen Teegenuss \u2013 die Einweg-Teebeutel sind vielseitig einsetzbar und sorgen f\u00fcr eine unkomplizierte Zubereitung ohne R\u00fcckst\u00e4nde. Einfach bef\u00fcllen, aufgie\u00dfen und genie\u00dfen.<\/p>\n\n\t\t<\/div>\n\t<\/div>\n<\/div><\/div><\/div><\/div>\n<\/div>","protected":false},"excerpt":{"rendered":"<p data-start=\"592\" data-end=\"691\">Leere Teebeutel im Multipack \u2013 ideal zum individuellen Bef\u00fcllen mit deinen Lieblings-Teemischungen.<\/p>","protected":false},"featured_media":21035,"comment_status":"open","ping_status":"closed","template":"","meta":{"jetpack_post_was_ever_published":false},"etheme_brands":[{"term_id":207,"name":"FLORAL SPA","slug":"floralspa","term_group":0,"term_taxonomy_id":207,"taxonomy":"brand","description":"","parent":0,"count":7,"filter":"raw"}],"product_brand":[],"product_cat":[219,172,170,188],"product_tag":[],"class_list":{"0":"post-17410","1":"product","2":"type-product","3":"status-publish","4":"has-post-thumbnail","6":"brand-floralspa","7":"product_cat-beautea","8":"product_cat-gesicht","9":"product_cat-pflege","10":"product_cat-tools","12":"first","13":"instock","14":"taxable","15":"shipping-taxable","16":"purchasable","17":"product-type-variable","18":"has-default-attributes"},"yoast_head":"<!-- This site is optimized with the Yoast SEO plugin v27.4 - https:\/\/yoast.com\/product\/yoast-seo-wordpress\/ -->\n<title>PANDHY\u2019S\u2122 BEAUTEA Bags - Pure Beauty &amp; PANDHY&#039;S Shop<\/title>\n<meta name=\"description\" content=\"Leere Teebeutel im Multipack \u2013 perfekt zum Selbstbef\u00fcllen mit Floral Spa BEAUTEAs von PANDHY\u2019S\u2122. F\u00fcr individuellen und unkomplizierten Teegenuss.\" \/>\n<meta name=\"robots\" content=\"index, follow, max-snippet:-1, max-image-preview:large, max-video-preview:-1\" \/>\n<link rel=\"canonical\" href=\"https:\/\/www.pure-beauty.shop\/en\/product\/pandhys-beautea-bags-50-pcs-package\/\" \/>\n<meta property=\"og:locale\" content=\"en_GB\" \/>\n<meta property=\"og:type\" content=\"article\" \/>\n<meta property=\"og:title\" content=\"PANDHY\u2019S\u2122 BEAUTEA Bags - Pure Beauty &amp; PANDHY&#039;S Shop\" \/>\n<meta property=\"og:description\" content=\"Leere Teebeutel im Multipack \u2013 perfekt zum Selbstbef\u00fcllen mit Floral Spa BEAUTEAs von PANDHY\u2019S\u2122. F\u00fcr individuellen und unkomplizierten Teegenuss.\" \/>\n<meta property=\"og:url\" content=\"https:\/\/www.pure-beauty.shop\/en\/product\/pandhys-beautea-bags-50-pcs-package\/\" \/>\n<meta property=\"og:site_name\" content=\"Pure Beauty &amp; PANDHY&#039;S Shop\" \/>\n<meta property=\"article:modified_time\" content=\"2026-04-10T23:33:32+00:00\" \/>\n<meta property=\"og:image\" content=\"https:\/\/www.pure-beauty.shop\/wp-content\/uploads\/2020\/10\/Online-Shop-Bilder-2-1.png\" \/>\n\t<meta property=\"og:image:width\" content=\"1400\" \/>\n\t<meta property=\"og:image:height\" content=\"1400\" \/>\n\t<meta property=\"og:image:type\" content=\"image\/png\" \/>\n<meta name=\"twitter:card\" content=\"summary_large_image\" \/>\n<script type=\"application\/ld+json\" class=\"yoast-schema-graph\">{\"@context\":\"https:\\\/\\\/schema.org\",\"@graph\":[{\"@type\":\"WebPage\",\"@id\":\"https:\\\/\\\/www.pure-beauty.shop\\\/produkt\\\/pandhys-beautea-bags-50-pcs-package\\\/\",\"url\":\"https:\\\/\\\/www.pure-beauty.shop\\\/produkt\\\/pandhys-beautea-bags-50-pcs-package\\\/\",\"name\":\"PANDHY\u2019S\u2122 BEAUTEA Bags - Pure Beauty &amp; PANDHY&#039;S Shop\",\"isPartOf\":{\"@id\":\"https:\\\/\\\/www.pure-beauty.shop\\\/#website\"},\"primaryImageOfPage\":{\"@id\":\"https:\\\/\\\/www.pure-beauty.shop\\\/produkt\\\/pandhys-beautea-bags-50-pcs-package\\\/#primaryimage\"},\"image\":{\"@id\":\"https:\\\/\\\/www.pure-beauty.shop\\\/produkt\\\/pandhys-beautea-bags-50-pcs-package\\\/#primaryimage\"},\"thumbnailUrl\":\"https:\\\/\\\/www.pure-beauty.shop\\\/wp-content\\\/uploads\\\/2020\\\/10\\\/Online-Shop-Bilder-2-1.png\",\"datePublished\":\"2020-10-23T10:25:44+00:00\",\"dateModified\":\"2026-04-10T23:33:32+00:00\",\"description\":\"Leere Teebeutel im Multipack \u2013 perfekt zum Selbstbef\u00fcllen mit Floral Spa BEAUTEAs von PANDHY\u2019S\u2122. F\u00fcr individuellen und unkomplizierten Teegenuss.\",\"breadcrumb\":{\"@id\":\"https:\\\/\\\/www.pure-beauty.shop\\\/produkt\\\/pandhys-beautea-bags-50-pcs-package\\\/#breadcrumb\"},\"inLanguage\":\"en-GB\",\"potentialAction\":[{\"@type\":\"ReadAction\",\"target\":[\"https:\\\/\\\/www.pure-beauty.shop\\\/produkt\\\/pandhys-beautea-bags-50-pcs-package\\\/\"]}]},{\"@type\":\"ImageObject\",\"inLanguage\":\"en-GB\",\"@id\":\"https:\\\/\\\/www.pure-beauty.shop\\\/produkt\\\/pandhys-beautea-bags-50-pcs-package\\\/#primaryimage\",\"url\":\"https:\\\/\\\/www.pure-beauty.shop\\\/wp-content\\\/uploads\\\/2020\\\/10\\\/Online-Shop-Bilder-2-1.png\",\"contentUrl\":\"https:\\\/\\\/www.pure-beauty.shop\\\/wp-content\\\/uploads\\\/2020\\\/10\\\/Online-Shop-Bilder-2-1.png\",\"width\":1400,\"height\":1400},{\"@type\":\"BreadcrumbList\",\"@id\":\"https:\\\/\\\/www.pure-beauty.shop\\\/produkt\\\/pandhys-beautea-bags-50-pcs-package\\\/#breadcrumb\",\"itemListElement\":[{\"@type\":\"ListItem\",\"position\":1,\"name\":\"Startseite\",\"item\":\"https:\\\/\\\/www.pure-beauty.shop\\\/\"},{\"@type\":\"ListItem\",\"position\":2,\"name\":\"Shop\",\"item\":\"https:\\\/\\\/www.pure-beauty.shop\\\/en\\\/shop\\\/\"},{\"@type\":\"ListItem\",\"position\":3,\"name\":\"PANDHY\u2019S\u2122 BEAUTEA Bags\"}]},{\"@type\":\"WebSite\",\"@id\":\"https:\\\/\\\/www.pure-beauty.shop\\\/#website\",\"url\":\"https:\\\/\\\/www.pure-beauty.shop\\\/\",\"name\":\"Pure Beauty &amp; PANDHY&#039;S Shop\",\"description\":\"Kosmetikshop in Graz\",\"potentialAction\":[{\"@type\":\"SearchAction\",\"target\":{\"@type\":\"EntryPoint\",\"urlTemplate\":\"https:\\\/\\\/www.pure-beauty.shop\\\/?s={search_term_string}\"},\"query-input\":{\"@type\":\"PropertyValueSpecification\",\"valueRequired\":true,\"valueName\":\"search_term_string\"}}],\"inLanguage\":\"en-GB\"}]}<\/script>\n<!-- \/ Yoast SEO plugin. -->","yoast_head_json":{"title":"PANDHY\u2019S\u2122 BEAUTEA Bags - Pure Beauty &amp; PANDHY&#039;S Shop","description":"Leere Teebeutel im Multipack \u2013 perfekt zum Selbstbef\u00fcllen mit Floral Spa BEAUTEAs von PANDHY\u2019S\u2122. F\u00fcr individuellen und unkomplizierten Teegenuss.","robots":{"index":"index","follow":"follow","max-snippet":"max-snippet:-1","max-image-preview":"max-image-preview:large","max-video-preview":"max-video-preview:-1"},"canonical":"https:\/\/www.pure-beauty.shop\/en\/product\/pandhys-beautea-bags-50-pcs-package\/","og_locale":"en_GB","og_type":"article","og_title":"PANDHY\u2019S\u2122 BEAUTEA Bags - Pure Beauty &amp; PANDHY&#039;S Shop","og_description":"Leere Teebeutel im Multipack \u2013 perfekt zum Selbstbef\u00fcllen mit Floral Spa BEAUTEAs von PANDHY\u2019S\u2122. F\u00fcr individuellen und unkomplizierten Teegenuss.","og_url":"https:\/\/www.pure-beauty.shop\/en\/product\/pandhys-beautea-bags-50-pcs-package\/","og_site_name":"Pure Beauty &amp; PANDHY&#039;S Shop","article_modified_time":"2026-04-10T23:33:32+00:00","og_image":[{"width":1400,"height":1400,"url":"https:\/\/www.pure-beauty.shop\/wp-content\/uploads\/2020\/10\/Online-Shop-Bilder-2-1.png","type":"image\/png"}],"twitter_card":"summary_large_image","schema":{"@context":"https:\/\/schema.org","@graph":[{"@type":"WebPage","@id":"https:\/\/www.pure-beauty.shop\/produkt\/pandhys-beautea-bags-50-pcs-package\/","url":"https:\/\/www.pure-beauty.shop\/produkt\/pandhys-beautea-bags-50-pcs-package\/","name":"PANDHY\u2019S\u2122 BEAUTEA Bags - Pure Beauty &amp; PANDHY&#039;S Shop","isPartOf":{"@id":"https:\/\/www.pure-beauty.shop\/#website"},"primaryImageOfPage":{"@id":"https:\/\/www.pure-beauty.shop\/produkt\/pandhys-beautea-bags-50-pcs-package\/#primaryimage"},"image":{"@id":"https:\/\/www.pure-beauty.shop\/produkt\/pandhys-beautea-bags-50-pcs-package\/#primaryimage"},"thumbnailUrl":"https:\/\/www.pure-beauty.shop\/wp-content\/uploads\/2020\/10\/Online-Shop-Bilder-2-1.png","datePublished":"2020-10-23T10:25:44+00:00","dateModified":"2026-04-10T23:33:32+00:00","description":"Leere Teebeutel im Multipack \u2013 perfekt zum Selbstbef\u00fcllen mit Floral Spa BEAUTEAs von PANDHY\u2019S\u2122. F\u00fcr individuellen und unkomplizierten Teegenuss.","breadcrumb":{"@id":"https:\/\/www.pure-beauty.shop\/produkt\/pandhys-beautea-bags-50-pcs-package\/#breadcrumb"},"inLanguage":"en-GB","potentialAction":[{"@type":"ReadAction","target":["https:\/\/www.pure-beauty.shop\/produkt\/pandhys-beautea-bags-50-pcs-package\/"]}]},{"@type":"ImageObject","inLanguage":"en-GB","@id":"https:\/\/www.pure-beauty.shop\/produkt\/pandhys-beautea-bags-50-pcs-package\/#primaryimage","url":"https:\/\/www.pure-beauty.shop\/wp-content\/uploads\/2020\/10\/Online-Shop-Bilder-2-1.png","contentUrl":"https:\/\/www.pure-beauty.shop\/wp-content\/uploads\/2020\/10\/Online-Shop-Bilder-2-1.png","width":1400,"height":1400},{"@type":"BreadcrumbList","@id":"https:\/\/www.pure-beauty.shop\/produkt\/pandhys-beautea-bags-50-pcs-package\/#breadcrumb","itemListElement":[{"@type":"ListItem","position":1,"name":"Startseite","item":"https:\/\/www.pure-beauty.shop\/"},{"@type":"ListItem","position":2,"name":"Shop","item":"https:\/\/www.pure-beauty.shop\/en\/shop\/"},{"@type":"ListItem","position":3,"name":"PANDHY\u2019S\u2122 BEAUTEA Bags"}]},{"@type":"WebSite","@id":"https:\/\/www.pure-beauty.shop\/#website","url":"https:\/\/www.pure-beauty.shop\/","name":"Pure Beauty &amp; PANDHY&#039;S Shop","description":"Kosmetikshop in Graz","potentialAction":[{"@type":"SearchAction","target":{"@type":"EntryPoint","urlTemplate":"https:\/\/www.pure-beauty.shop\/?s={search_term_string}"},"query-input":{"@type":"PropertyValueSpecification","valueRequired":true,"valueName":"search_term_string"}}],"inLanguage":"en-GB"}]}},"jetpack_sharing_enabled":true,"_links":{"self":[{"href":"https:\/\/www.pure-beauty.shop\/en\/wp-json\/wp\/v2\/product\/17410","targetHints":{"allow":["GET"]}}],"collection":[{"href":"https:\/\/www.pure-beauty.shop\/en\/wp-json\/wp\/v2\/product"}],"about":[{"href":"https:\/\/www.pure-beauty.shop\/en\/wp-json\/wp\/v2\/types\/product"}],"replies":[{"embeddable":true,"href":"https:\/\/www.pure-beauty.shop\/en\/wp-json\/wp\/v2\/comments?post=17410"}],"wp:featuredmedia":[{"embeddable":true,"href":"https:\/\/www.pure-beauty.shop\/en\/wp-json\/wp\/v2\/media\/21035"}],"wp:attachment":[{"href":"https:\/\/www.pure-beauty.shop\/en\/wp-json\/wp\/v2\/media?parent=17410"}],"wp:term":[{"taxonomy":"brand","embeddable":true,"href":"https:\/\/www.pure-beauty.shop\/en\/wp-json\/wp\/v2\/etheme_brands?post=17410"},{"taxonomy":"product_brand","embeddable":true,"href":"https:\/\/www.pure-beauty.shop\/en\/wp-json\/wp\/v2\/product_brand?post=17410"},{"taxonomy":"product_cat","embeddable":true,"href":"https:\/\/www.pure-beauty.shop\/en\/wp-json\/wp\/v2\/product_cat?post=17410"},{"taxonomy":"product_tag","embeddable":true,"href":"https:\/\/www.pure-beauty.shop\/en\/wp-json\/wp\/v2\/product_tag?post=17410"}],"curies":[{"name":"wp","href":"https:\/\/api.w.org\/{rel}","templated":true}]}}