{"id":17418,"date":"2020-10-23T12:25:46","date_gmt":"2020-10-23T10:25:46","guid":{"rendered":"https:\/\/www.pure-beauty.shop\/pure-beauty-shop\/?post_type=product&#038;p=17418"},"modified":"2026-04-19T16:06:15","modified_gmt":"2026-04-19T14:06:15","slug":"cosmix-derma-pin-pen-nanopinchips","status":"publish","type":"product","link":"https:\/\/www.pure-beauty.shop\/en\/product\/cosmix-derma-pin-pen-nanopinchips\/","title":{"rendered":"COSMIX Derma Pin Pen NanoPinChips"},"content":{"rendered":"<div class=\"wpb-content-wrapper\"><div class=\"vc_row wpb_row vc_row-fluid et_custom_uniqid_69e75be58b094\"><div class=\"wpb_column vc_column_container vc_col-sm-12 et_custom_uniqid_69e75be58b06d\"><div class=\"vc_column-inner\"><div class=\"wpb_wrapper\">\n\t<div class=\"wpb_text_column wpb_content_element\" >\n\t\t<div class=\"wpb_wrapper\">\n\t\t\t<p data-start=\"79\" data-end=\"337\">Die Nano Pin Chips sind hochwertige Micro-Needling Nadelaufs\u00e4tze, die speziell f\u00fcr die Anwendung mit dem PANDHY\u2019S\u2122 Derma Pin Pen entwickelt wurden. Sie erm\u00f6glichen eine pr\u00e4zise und effektive Behandlung zur Verbesserung der Hautstruktur und Wirkstoffaufnahme.<\/p>\n<p data-start=\"339\" data-end=\"477\">Die Aufs\u00e4tze sind in zwei unterschiedlichen Nadeltiefen erh\u00e4ltlich und k\u00f6nnen je nach Hautbed\u00fcrfnis und Behandlungsziel ausgew\u00e4hlt werden.<\/p>\n<p data-start=\"479\" data-end=\"506\"><strong data-start=\"479\" data-end=\"504\">Verf\u00fcgbare Varianten:<\/strong><\/p>\n<ul data-start=\"507\" data-end=\"530\">\n<li data-section-id=\"wzcqz7\" data-start=\"507\" data-end=\"518\">0,25 mm<\/li>\n<li data-section-id=\"rjygxd\" data-start=\"519\" data-end=\"530\">0,50 mm<\/li>\n<\/ul>\n\n\t\t<\/div>\n\t<\/div>\n<\/div><\/div><\/div><\/div>\n<\/div>","protected":false},"excerpt":{"rendered":"<p data-start=\"557\" data-end=\"636\">Nano Pin Chips \u2013 pr\u00e4zise Micro-Needling Aufs\u00e4tze f\u00fcr gezielte Hautbehandlungen.<\/p>","protected":false},"featured_media":21203,"comment_status":"open","ping_status":"closed","template":"","meta":{"jetpack_post_was_ever_published":false},"etheme_brands":[{"term_id":205,"name":"COSMIX","slug":"cosmix","term_group":0,"term_taxonomy_id":205,"taxonomy":"brand","description":"","parent":0,"count":46,"filter":"raw"}],"product_brand":[],"product_cat":[188,580],"product_tag":[],"class_list":{"0":"post-17418","1":"product","2":"type-product","3":"status-publish","4":"has-post-thumbnail","6":"brand-cosmix","7":"product_cat-tools","8":"product_cat-tools-marketing","10":"first","11":"instock","12":"taxable","13":"shipping-taxable","14":"purchasable","15":"product-type-variable"},"yoast_head":"<!-- This site is optimized with the Yoast SEO plugin v27.4 - https:\/\/yoast.com\/product\/yoast-seo-wordpress\/ -->\n<title>COSMIX Derma Pin Pen NanoPinChips - Pure Beauty &amp; PANDHY&#039;S Shop<\/title>\n<meta name=\"description\" content=\"Nano Pin Chips f\u00fcr Derma Pin Pen \u2013 Micro-Needling Nadelaufs\u00e4tze in 0,25 mm &amp; 0,50 mm f\u00fcr pr\u00e4zise und effektive Hautbehandlungen.\" \/>\n<meta name=\"robots\" content=\"index, follow, max-snippet:-1, max-image-preview:large, max-video-preview:-1\" \/>\n<link rel=\"canonical\" href=\"https:\/\/www.pure-beauty.shop\/en\/product\/cosmix-derma-pin-pen-nanopinchips\/\" \/>\n<meta property=\"og:locale\" content=\"en_GB\" \/>\n<meta property=\"og:type\" content=\"article\" \/>\n<meta property=\"og:title\" content=\"COSMIX Derma Pin Pen NanoPinChips - Pure Beauty &amp; PANDHY&#039;S Shop\" \/>\n<meta property=\"og:description\" content=\"Nano Pin Chips f\u00fcr Derma Pin Pen \u2013 Micro-Needling Nadelaufs\u00e4tze in 0,25 mm &amp; 0,50 mm f\u00fcr pr\u00e4zise und effektive Hautbehandlungen.\" \/>\n<meta property=\"og:url\" content=\"https:\/\/www.pure-beauty.shop\/en\/product\/cosmix-derma-pin-pen-nanopinchips\/\" \/>\n<meta property=\"og:site_name\" content=\"Pure Beauty &amp; PANDHY&#039;S Shop\" \/>\n<meta property=\"article:modified_time\" content=\"2026-04-19T14:06:15+00:00\" \/>\n<meta property=\"og:image\" content=\"https:\/\/www.pure-beauty.shop\/wp-content\/uploads\/2020\/10\/Nano-Chips.png\" \/>\n\t<meta property=\"og:image:width\" content=\"1400\" \/>\n\t<meta property=\"og:image:height\" content=\"1400\" \/>\n\t<meta property=\"og:image:type\" content=\"image\/png\" \/>\n<meta name=\"twitter:card\" content=\"summary_large_image\" \/>\n<script type=\"application\/ld+json\" class=\"yoast-schema-graph\">{\"@context\":\"https:\\\/\\\/schema.org\",\"@graph\":[{\"@type\":\"WebPage\",\"@id\":\"https:\\\/\\\/www.pure-beauty.shop\\\/produkt\\\/cosmix-derma-pin-pen-nanopinchips\\\/\",\"url\":\"https:\\\/\\\/www.pure-beauty.shop\\\/produkt\\\/cosmix-derma-pin-pen-nanopinchips\\\/\",\"name\":\"COSMIX Derma Pin Pen NanoPinChips - Pure Beauty &amp; PANDHY&#039;S Shop\",\"isPartOf\":{\"@id\":\"https:\\\/\\\/www.pure-beauty.shop\\\/#website\"},\"primaryImageOfPage\":{\"@id\":\"https:\\\/\\\/www.pure-beauty.shop\\\/produkt\\\/cosmix-derma-pin-pen-nanopinchips\\\/#primaryimage\"},\"image\":{\"@id\":\"https:\\\/\\\/www.pure-beauty.shop\\\/produkt\\\/cosmix-derma-pin-pen-nanopinchips\\\/#primaryimage\"},\"thumbnailUrl\":\"https:\\\/\\\/www.pure-beauty.shop\\\/wp-content\\\/uploads\\\/2020\\\/10\\\/Nano-Chips.png\",\"datePublished\":\"2020-10-23T10:25:46+00:00\",\"dateModified\":\"2026-04-19T14:06:15+00:00\",\"description\":\"Nano Pin Chips f\u00fcr Derma Pin Pen \u2013 Micro-Needling Nadelaufs\u00e4tze in 0,25 mm & 0,50 mm f\u00fcr pr\u00e4zise und effektive Hautbehandlungen.\",\"breadcrumb\":{\"@id\":\"https:\\\/\\\/www.pure-beauty.shop\\\/produkt\\\/cosmix-derma-pin-pen-nanopinchips\\\/#breadcrumb\"},\"inLanguage\":\"en-GB\",\"potentialAction\":[{\"@type\":\"ReadAction\",\"target\":[\"https:\\\/\\\/www.pure-beauty.shop\\\/produkt\\\/cosmix-derma-pin-pen-nanopinchips\\\/\"]}]},{\"@type\":\"ImageObject\",\"inLanguage\":\"en-GB\",\"@id\":\"https:\\\/\\\/www.pure-beauty.shop\\\/produkt\\\/cosmix-derma-pin-pen-nanopinchips\\\/#primaryimage\",\"url\":\"https:\\\/\\\/www.pure-beauty.shop\\\/wp-content\\\/uploads\\\/2020\\\/10\\\/Nano-Chips.png\",\"contentUrl\":\"https:\\\/\\\/www.pure-beauty.shop\\\/wp-content\\\/uploads\\\/2020\\\/10\\\/Nano-Chips.png\",\"width\":1400,\"height\":1400},{\"@type\":\"BreadcrumbList\",\"@id\":\"https:\\\/\\\/www.pure-beauty.shop\\\/produkt\\\/cosmix-derma-pin-pen-nanopinchips\\\/#breadcrumb\",\"itemListElement\":[{\"@type\":\"ListItem\",\"position\":1,\"name\":\"Startseite\",\"item\":\"https:\\\/\\\/www.pure-beauty.shop\\\/\"},{\"@type\":\"ListItem\",\"position\":2,\"name\":\"Shop\",\"item\":\"https:\\\/\\\/www.pure-beauty.shop\\\/en\\\/shop\\\/\"},{\"@type\":\"ListItem\",\"position\":3,\"name\":\"COSMIX Derma Pin Pen NanoPinChips\"}]},{\"@type\":\"WebSite\",\"@id\":\"https:\\\/\\\/www.pure-beauty.shop\\\/#website\",\"url\":\"https:\\\/\\\/www.pure-beauty.shop\\\/\",\"name\":\"Pure Beauty &amp; PANDHY&#039;S Shop\",\"description\":\"Kosmetikshop in Graz\",\"potentialAction\":[{\"@type\":\"SearchAction\",\"target\":{\"@type\":\"EntryPoint\",\"urlTemplate\":\"https:\\\/\\\/www.pure-beauty.shop\\\/?s={search_term_string}\"},\"query-input\":{\"@type\":\"PropertyValueSpecification\",\"valueRequired\":true,\"valueName\":\"search_term_string\"}}],\"inLanguage\":\"en-GB\"}]}<\/script>\n<!-- \/ Yoast SEO plugin. -->","yoast_head_json":{"title":"COSMIX Derma Pin Pen NanoPinChips - Pure Beauty &amp; PANDHY&#039;S Shop","description":"Nano Pin Chips f\u00fcr Derma Pin Pen \u2013 Micro-Needling Nadelaufs\u00e4tze in 0,25 mm & 0,50 mm f\u00fcr pr\u00e4zise und effektive Hautbehandlungen.","robots":{"index":"index","follow":"follow","max-snippet":"max-snippet:-1","max-image-preview":"max-image-preview:large","max-video-preview":"max-video-preview:-1"},"canonical":"https:\/\/www.pure-beauty.shop\/en\/product\/cosmix-derma-pin-pen-nanopinchips\/","og_locale":"en_GB","og_type":"article","og_title":"COSMIX Derma Pin Pen NanoPinChips - Pure Beauty &amp; PANDHY&#039;S Shop","og_description":"Nano Pin Chips f\u00fcr Derma Pin Pen \u2013 Micro-Needling Nadelaufs\u00e4tze in 0,25 mm & 0,50 mm f\u00fcr pr\u00e4zise und effektive Hautbehandlungen.","og_url":"https:\/\/www.pure-beauty.shop\/en\/product\/cosmix-derma-pin-pen-nanopinchips\/","og_site_name":"Pure Beauty &amp; PANDHY&#039;S Shop","article_modified_time":"2026-04-19T14:06:15+00:00","og_image":[{"width":1400,"height":1400,"url":"https:\/\/www.pure-beauty.shop\/wp-content\/uploads\/2020\/10\/Nano-Chips.png","type":"image\/png"}],"twitter_card":"summary_large_image","schema":{"@context":"https:\/\/schema.org","@graph":[{"@type":"WebPage","@id":"https:\/\/www.pure-beauty.shop\/produkt\/cosmix-derma-pin-pen-nanopinchips\/","url":"https:\/\/www.pure-beauty.shop\/produkt\/cosmix-derma-pin-pen-nanopinchips\/","name":"COSMIX Derma Pin Pen NanoPinChips - Pure Beauty &amp; PANDHY&#039;S Shop","isPartOf":{"@id":"https:\/\/www.pure-beauty.shop\/#website"},"primaryImageOfPage":{"@id":"https:\/\/www.pure-beauty.shop\/produkt\/cosmix-derma-pin-pen-nanopinchips\/#primaryimage"},"image":{"@id":"https:\/\/www.pure-beauty.shop\/produkt\/cosmix-derma-pin-pen-nanopinchips\/#primaryimage"},"thumbnailUrl":"https:\/\/www.pure-beauty.shop\/wp-content\/uploads\/2020\/10\/Nano-Chips.png","datePublished":"2020-10-23T10:25:46+00:00","dateModified":"2026-04-19T14:06:15+00:00","description":"Nano Pin Chips f\u00fcr Derma Pin Pen \u2013 Micro-Needling Nadelaufs\u00e4tze in 0,25 mm & 0,50 mm f\u00fcr pr\u00e4zise und effektive Hautbehandlungen.","breadcrumb":{"@id":"https:\/\/www.pure-beauty.shop\/produkt\/cosmix-derma-pin-pen-nanopinchips\/#breadcrumb"},"inLanguage":"en-GB","potentialAction":[{"@type":"ReadAction","target":["https:\/\/www.pure-beauty.shop\/produkt\/cosmix-derma-pin-pen-nanopinchips\/"]}]},{"@type":"ImageObject","inLanguage":"en-GB","@id":"https:\/\/www.pure-beauty.shop\/produkt\/cosmix-derma-pin-pen-nanopinchips\/#primaryimage","url":"https:\/\/www.pure-beauty.shop\/wp-content\/uploads\/2020\/10\/Nano-Chips.png","contentUrl":"https:\/\/www.pure-beauty.shop\/wp-content\/uploads\/2020\/10\/Nano-Chips.png","width":1400,"height":1400},{"@type":"BreadcrumbList","@id":"https:\/\/www.pure-beauty.shop\/produkt\/cosmix-derma-pin-pen-nanopinchips\/#breadcrumb","itemListElement":[{"@type":"ListItem","position":1,"name":"Startseite","item":"https:\/\/www.pure-beauty.shop\/"},{"@type":"ListItem","position":2,"name":"Shop","item":"https:\/\/www.pure-beauty.shop\/en\/shop\/"},{"@type":"ListItem","position":3,"name":"COSMIX Derma Pin Pen NanoPinChips"}]},{"@type":"WebSite","@id":"https:\/\/www.pure-beauty.shop\/#website","url":"https:\/\/www.pure-beauty.shop\/","name":"Pure Beauty &amp; PANDHY&#039;S Shop","description":"Kosmetikshop in Graz","potentialAction":[{"@type":"SearchAction","target":{"@type":"EntryPoint","urlTemplate":"https:\/\/www.pure-beauty.shop\/?s={search_term_string}"},"query-input":{"@type":"PropertyValueSpecification","valueRequired":true,"valueName":"search_term_string"}}],"inLanguage":"en-GB"}]}},"jetpack_sharing_enabled":true,"_links":{"self":[{"href":"https:\/\/www.pure-beauty.shop\/en\/wp-json\/wp\/v2\/product\/17418","targetHints":{"allow":["GET"]}}],"collection":[{"href":"https:\/\/www.pure-beauty.shop\/en\/wp-json\/wp\/v2\/product"}],"about":[{"href":"https:\/\/www.pure-beauty.shop\/en\/wp-json\/wp\/v2\/types\/product"}],"replies":[{"embeddable":true,"href":"https:\/\/www.pure-beauty.shop\/en\/wp-json\/wp\/v2\/comments?post=17418"}],"wp:featuredmedia":[{"embeddable":true,"href":"https:\/\/www.pure-beauty.shop\/en\/wp-json\/wp\/v2\/media\/21203"}],"wp:attachment":[{"href":"https:\/\/www.pure-beauty.shop\/en\/wp-json\/wp\/v2\/media?parent=17418"}],"wp:term":[{"taxonomy":"brand","embeddable":true,"href":"https:\/\/www.pure-beauty.shop\/en\/wp-json\/wp\/v2\/etheme_brands?post=17418"},{"taxonomy":"product_brand","embeddable":true,"href":"https:\/\/www.pure-beauty.shop\/en\/wp-json\/wp\/v2\/product_brand?post=17418"},{"taxonomy":"product_cat","embeddable":true,"href":"https:\/\/www.pure-beauty.shop\/en\/wp-json\/wp\/v2\/product_cat?post=17418"},{"taxonomy":"product_tag","embeddable":true,"href":"https:\/\/www.pure-beauty.shop\/en\/wp-json\/wp\/v2\/product_tag?post=17418"}],"curies":[{"name":"wp","href":"https:\/\/api.w.org\/{rel}","templated":true}]}}