{"id":17447,"date":"2020-10-23T12:26:00","date_gmt":"2020-10-23T10:26:00","guid":{"rendered":"https:\/\/www.pure-beauty.shop\/pure-beauty-shop\/produkt\/pandhys-cosmix-brightbooster-20-ml\/"},"modified":"2026-04-11T14:38:58","modified_gmt":"2026-04-11T12:38:58","slug":"brightbooster","status":"publish","type":"product","link":"https:\/\/www.pure-beauty.shop\/en\/product\/brightbooster\/","title":{"rendered":"COSMIX BrightBooster (30 ml)"},"content":{"rendered":"<div class=\"wpb-content-wrapper\"><div class=\"vc_row wpb_row vc_row-fluid et_custom_uniqid_69f86e795a815\"><div class=\"wpb_column vc_column_container vc_col-sm-12 et_custom_uniqid_69f86e795a7f0\"><div class=\"vc_column-inner\"><div class=\"wpb_wrapper\">\n\t<div class=\"wpb_text_column wpb_content_element\" >\n\t\t<div class=\"wpb_wrapper\">\n\t\t\t<div class=\"vc_row wpb_row vc_row-fluid et_custom_uniqid_635297ae939ab mpc-row\">\n<div class=\"wpb_column vc_column_container vc_col-sm-12 et_custom_uniqid_635297ae93911 mpc-column\" data-column-id=\"mpc_column-4635297b57dfb7\">\n<div class=\"vc_column-inner\">\n<div class=\"wpb_wrapper\">\n<div class=\"wpb_text_column wpb_content_element\">\n<div class=\"wpb_wrapper\">\n<p data-start=\"79\" data-end=\"330\">Der BrightBooster ist eine gezielte Pflege zur Reduktion von Flecken und Fehlpigmentierungen und sorgt f\u00fcr einen sichtbar ebenm\u00e4\u00dfigeren Teint. Er eignet sich besonders bei hormonbedingten Pigmentverschiebungen, Akneflecken sowie dunklen Augenschatten.<\/p>\n<p data-start=\"332\" data-end=\"538\">Die innovative Formulierung wirkt auf vier zentrale Ebenen des kutanen Pigmentierungsprozesses. Dadurch wird die ungleichm\u00e4\u00dfige Verteilung von Melanin gezielt gehemmt und das Hautbild nachhaltig verbessert.<\/p>\n<p data-start=\"540\" data-end=\"724\">Der BrightBooster tr\u00e4gt dazu bei, die Haut aufzuhellen, den Teint zu vereinheitlichen und ihr eine frische, strahlende Ausstrahlung zu verleihen \u2013 f\u00fcr ein klares, ebenm\u00e4\u00dfiges Hautbild.<\/p>\n<p>Wirkungsweise:<br \/>\nDie Formel beinhaltet einen gro\u00dfen Anteil an nat\u00fcrlich gewonnener pflanzlicher Grundsubstanz aus Reiskleie, Marshmallow- und S\u00fc\u00dfholzwurzeln. Sie hemmt die Fehlpigmentierung, reduziert Augenringe, vereinheitlicht und hellt den Teint auf, verleiht ein strahlendes Aussehen und Gef\u00fchl. Dank seiner Zusammensetzung wirkt der BrightBooster auf einem globalen, vierstufigen Mechanismus auf vier wichtigen Ebenen des kutanen Pigmentierungsprozesses. Er hemmt die Produktion von Endothelin-1 in den Keratinozyten, die Abgrenzung von Melanozyten, die Aktivit\u00e4t der Tyrosenaseenzyme und die F\u00e4rbung der vorhandenen Melaninpigmenten.<\/p>\n<p>Anwendung:<br \/>\nGrunds\u00e4tzlich gilt: das, was als erstes auf die Haut kommt, wirkt! Wenn die Pigmentflecken stark und sehr st\u00f6rend sind und der Wunsch zum Aufhellen intensiv vorhanden ist, geh\u00f6rt der BrightBooster nach der Reinung als erstes auf die Haut. Ein- oder zweimal (0,15 \/ 0,30 ml) in die Handfl\u00e4che pumpen, den Booster mit den H\u00e4nden aufw\u00e4rmen und danach sanft auf das Gesicht aufdr\u00fccken. Eine gr\u00fcndliche Verteilung mit den H\u00e4nden, bis es vollst\u00e4ndig aufgenommen wird, ist sehr wichtig. Halten Sie einige Sekunden lang die Handfl\u00e4chen auf Ihr Gesicht gedr\u00fcckt, weil die W\u00e4rme eine tiefere und schnellere Aufnahme erm\u00f6glicht. Wenn Sie nur einen allgemeinen, vorbeugenden oder erhaltenden Effekt erreichen m\u00f6chten, mischen Sie 1-2 Pumpen BrightBooster zu ihrer gewohnten Pflege und tragen Sie sie gemeinsam auf Gesicht, Hals und Dekollte auf.<\/p>\n<p>Unser Tipp: Das Produkt t\u00e4glich zweimal verwenden und z\u00fcgig verbrauchen.<\/p>\n<h6>INCI: hemi squalane (c13-15 alkane), rapeseed (brassica campestris seed) oil, liquorice (glycyrrhiza glabra) root extract, polyglyceryl-3 diisostearate, marsh mallow (althaea officinalis) root extract, rice (oryza sativa) bran extract<\/h6>\n<\/div>\n<\/div>\n<\/div>\n<\/div>\n<\/div>\n<\/div>\n\n\t\t<\/div>\n\t<\/div>\n<\/div><\/div><\/div><\/div>\n<\/div>","protected":false},"excerpt":{"rendered":"<p data-start=\"751\" data-end=\"830\">BrightBooster \u2013 reduziert Pigmentflecken und sorgt f\u00fcr einen strahlenden Teint.<\/p>","protected":false},"featured_media":21119,"comment_status":"open","ping_status":"closed","template":"","meta":{"jetpack_post_was_ever_published":false},"etheme_brands":[{"term_id":205,"name":"COSMIX","slug":"cosmix","term_group":0,"term_taxonomy_id":205,"taxonomy":"brand","description":"","parent":0,"count":46,"filter":"raw"}],"product_brand":[],"product_cat":[172,170,177],"product_tag":[],"class_list":{"0":"post-17447","1":"product","2":"type-product","3":"status-publish","4":"has-post-thumbnail","6":"brand-cosmix","7":"product_cat-gesicht","8":"product_cat-pflege","9":"product_cat-serum_booster_ampullen","11":"first","12":"instock","13":"taxable","14":"shipping-taxable","15":"purchasable","16":"product-type-simple"},"yoast_head":"<!-- This site is optimized with the Yoast SEO plugin v27.5 - https:\/\/yoast.com\/product\/yoast-seo-wordpress\/ -->\n<title>COSMIX BrightBooster (30 ml) - Pure Beauty &amp; PANDHY&#039;S Shop<\/title>\n<meta name=\"description\" content=\"BrightBooster \u2013 gegen Pigmentflecken &amp; Akneflecken. Vereinheitlicht den Teint, hellt die Haut auf und sorgt f\u00fcr ein strahlendes Hautbild.\" \/>\n<meta name=\"robots\" content=\"index, follow, max-snippet:-1, max-image-preview:large, max-video-preview:-1\" \/>\n<link rel=\"canonical\" href=\"https:\/\/www.pure-beauty.shop\/en\/product\/brightbooster\/\" \/>\n<meta property=\"og:locale\" content=\"en_GB\" \/>\n<meta property=\"og:type\" content=\"article\" \/>\n<meta property=\"og:title\" content=\"COSMIX BrightBooster (30 ml) - Pure Beauty &amp; PANDHY&#039;S Shop\" \/>\n<meta property=\"og:description\" content=\"BrightBooster \u2013 gegen Pigmentflecken &amp; Akneflecken. Vereinheitlicht den Teint, hellt die Haut auf und sorgt f\u00fcr ein strahlendes Hautbild.\" \/>\n<meta property=\"og:url\" content=\"https:\/\/www.pure-beauty.shop\/en\/product\/brightbooster\/\" \/>\n<meta property=\"og:site_name\" content=\"Pure Beauty &amp; PANDHY&#039;S Shop\" \/>\n<meta property=\"article:publisher\" content=\"https:\/\/www.facebook.com\/purebeautygraz\" \/>\n<meta property=\"article:modified_time\" content=\"2026-04-11T12:38:58+00:00\" \/>\n<meta property=\"og:image\" content=\"https:\/\/www.pure-beauty.shop\/wp-content\/uploads\/2020\/10\/Online-Shop-Bilder-26.png\" \/>\n\t<meta property=\"og:image:width\" content=\"1400\" \/>\n\t<meta property=\"og:image:height\" content=\"1400\" \/>\n\t<meta property=\"og:image:type\" content=\"image\/png\" \/>\n<meta name=\"twitter:card\" content=\"summary_large_image\" \/>\n<meta name=\"twitter:label1\" content=\"Estimated reading time\" \/>\n\t<meta name=\"twitter:data1\" content=\"2 minutes\" \/>\n<script type=\"application\/ld+json\" class=\"yoast-schema-graph\">{\"@context\":\"https:\\\/\\\/schema.org\",\"@graph\":[{\"@type\":\"WebPage\",\"@id\":\"https:\\\/\\\/www.pure-beauty.shop\\\/produkt\\\/brightbooster\\\/\",\"url\":\"https:\\\/\\\/www.pure-beauty.shop\\\/produkt\\\/brightbooster\\\/\",\"name\":\"COSMIX BrightBooster (30 ml) - Pure Beauty &amp; PANDHY&#039;S Shop\",\"isPartOf\":{\"@id\":\"https:\\\/\\\/www.pure-beauty.shop\\\/#website\"},\"primaryImageOfPage\":{\"@id\":\"https:\\\/\\\/www.pure-beauty.shop\\\/produkt\\\/brightbooster\\\/#primaryimage\"},\"image\":{\"@id\":\"https:\\\/\\\/www.pure-beauty.shop\\\/produkt\\\/brightbooster\\\/#primaryimage\"},\"thumbnailUrl\":\"https:\\\/\\\/www.pure-beauty.shop\\\/wp-content\\\/uploads\\\/2020\\\/10\\\/Online-Shop-Bilder-26.png\",\"datePublished\":\"2020-10-23T10:26:00+00:00\",\"dateModified\":\"2026-04-11T12:38:58+00:00\",\"description\":\"BrightBooster \u2013 gegen Pigmentflecken & Akneflecken. Vereinheitlicht den Teint, hellt die Haut auf und sorgt f\u00fcr ein strahlendes Hautbild.\",\"breadcrumb\":{\"@id\":\"https:\\\/\\\/www.pure-beauty.shop\\\/produkt\\\/brightbooster\\\/#breadcrumb\"},\"inLanguage\":\"en-GB\",\"potentialAction\":[{\"@type\":\"ReadAction\",\"target\":[\"https:\\\/\\\/www.pure-beauty.shop\\\/produkt\\\/brightbooster\\\/\"]}]},{\"@type\":\"ImageObject\",\"inLanguage\":\"en-GB\",\"@id\":\"https:\\\/\\\/www.pure-beauty.shop\\\/produkt\\\/brightbooster\\\/#primaryimage\",\"url\":\"https:\\\/\\\/www.pure-beauty.shop\\\/wp-content\\\/uploads\\\/2020\\\/10\\\/Online-Shop-Bilder-26.png\",\"contentUrl\":\"https:\\\/\\\/www.pure-beauty.shop\\\/wp-content\\\/uploads\\\/2020\\\/10\\\/Online-Shop-Bilder-26.png\",\"width\":1400,\"height\":1400},{\"@type\":\"BreadcrumbList\",\"@id\":\"https:\\\/\\\/www.pure-beauty.shop\\\/produkt\\\/brightbooster\\\/#breadcrumb\",\"itemListElement\":[{\"@type\":\"ListItem\",\"position\":1,\"name\":\"Startseite\",\"item\":\"https:\\\/\\\/www.pure-beauty.shop\\\/\"},{\"@type\":\"ListItem\",\"position\":2,\"name\":\"Shop\",\"item\":\"https:\\\/\\\/www.pure-beauty.shop\\\/en\\\/shop\\\/\"},{\"@type\":\"ListItem\",\"position\":3,\"name\":\"COSMIX BrightBooster (30 ml)\"}]},{\"@type\":\"WebSite\",\"@id\":\"https:\\\/\\\/www.pure-beauty.shop\\\/#website\",\"url\":\"https:\\\/\\\/www.pure-beauty.shop\\\/\",\"name\":\"Pure Beauty & PANDHY'S Shop\",\"description\":\"Kosmetikshop in Graz\",\"publisher\":{\"@id\":\"https:\\\/\\\/www.pure-beauty.shop\\\/#organization\"},\"potentialAction\":[{\"@type\":\"SearchAction\",\"target\":{\"@type\":\"EntryPoint\",\"urlTemplate\":\"https:\\\/\\\/www.pure-beauty.shop\\\/?s={search_term_string}\"},\"query-input\":{\"@type\":\"PropertyValueSpecification\",\"valueRequired\":true,\"valueName\":\"search_term_string\"}}],\"inLanguage\":\"en-GB\"},{\"@type\":\"Organization\",\"@id\":\"https:\\\/\\\/www.pure-beauty.shop\\\/#organization\",\"name\":\"Pure Beauty & PANDHY'S Shop\",\"url\":\"https:\\\/\\\/www.pure-beauty.shop\\\/\",\"logo\":{\"@type\":\"ImageObject\",\"inLanguage\":\"en-GB\",\"@id\":\"https:\\\/\\\/www.pure-beauty.shop\\\/#\\\/schema\\\/logo\\\/image\\\/\",\"url\":\"https:\\\/\\\/www.pure-beauty.shop\\\/wp-content\\\/uploads\\\/2026\\\/04\\\/pb_black-scaled.png\",\"contentUrl\":\"https:\\\/\\\/www.pure-beauty.shop\\\/wp-content\\\/uploads\\\/2026\\\/04\\\/pb_black-scaled.png\",\"width\":2560,\"height\":2560,\"caption\":\"Pure Beauty & PANDHY'S Shop\"},\"image\":{\"@id\":\"https:\\\/\\\/www.pure-beauty.shop\\\/#\\\/schema\\\/logo\\\/image\\\/\"},\"sameAs\":[\"https:\\\/\\\/www.facebook.com\\\/purebeautygraz\",\"https:\\\/\\\/www.instragram.com\\\/pure_beauty_graz\"]}]}<\/script>\n<!-- \/ Yoast SEO plugin. -->","yoast_head_json":{"title":"COSMIX BrightBooster (30 ml) - Pure Beauty &amp; PANDHY&#039;S Shop","description":"BrightBooster \u2013 gegen Pigmentflecken & Akneflecken. Vereinheitlicht den Teint, hellt die Haut auf und sorgt f\u00fcr ein strahlendes Hautbild.","robots":{"index":"index","follow":"follow","max-snippet":"max-snippet:-1","max-image-preview":"max-image-preview:large","max-video-preview":"max-video-preview:-1"},"canonical":"https:\/\/www.pure-beauty.shop\/en\/product\/brightbooster\/","og_locale":"en_GB","og_type":"article","og_title":"COSMIX BrightBooster (30 ml) - Pure Beauty &amp; PANDHY&#039;S Shop","og_description":"BrightBooster \u2013 gegen Pigmentflecken & Akneflecken. Vereinheitlicht den Teint, hellt die Haut auf und sorgt f\u00fcr ein strahlendes Hautbild.","og_url":"https:\/\/www.pure-beauty.shop\/en\/product\/brightbooster\/","og_site_name":"Pure Beauty &amp; PANDHY&#039;S Shop","article_publisher":"https:\/\/www.facebook.com\/purebeautygraz","article_modified_time":"2026-04-11T12:38:58+00:00","og_image":[{"width":1400,"height":1400,"url":"https:\/\/www.pure-beauty.shop\/wp-content\/uploads\/2020\/10\/Online-Shop-Bilder-26.png","type":"image\/png"}],"twitter_card":"summary_large_image","twitter_misc":{"Estimated reading time":"2 minutes"},"schema":{"@context":"https:\/\/schema.org","@graph":[{"@type":"WebPage","@id":"https:\/\/www.pure-beauty.shop\/produkt\/brightbooster\/","url":"https:\/\/www.pure-beauty.shop\/produkt\/brightbooster\/","name":"COSMIX BrightBooster (30 ml) - Pure Beauty &amp; PANDHY&#039;S Shop","isPartOf":{"@id":"https:\/\/www.pure-beauty.shop\/#website"},"primaryImageOfPage":{"@id":"https:\/\/www.pure-beauty.shop\/produkt\/brightbooster\/#primaryimage"},"image":{"@id":"https:\/\/www.pure-beauty.shop\/produkt\/brightbooster\/#primaryimage"},"thumbnailUrl":"https:\/\/www.pure-beauty.shop\/wp-content\/uploads\/2020\/10\/Online-Shop-Bilder-26.png","datePublished":"2020-10-23T10:26:00+00:00","dateModified":"2026-04-11T12:38:58+00:00","description":"BrightBooster \u2013 gegen Pigmentflecken & Akneflecken. Vereinheitlicht den Teint, hellt die Haut auf und sorgt f\u00fcr ein strahlendes Hautbild.","breadcrumb":{"@id":"https:\/\/www.pure-beauty.shop\/produkt\/brightbooster\/#breadcrumb"},"inLanguage":"en-GB","potentialAction":[{"@type":"ReadAction","target":["https:\/\/www.pure-beauty.shop\/produkt\/brightbooster\/"]}]},{"@type":"ImageObject","inLanguage":"en-GB","@id":"https:\/\/www.pure-beauty.shop\/produkt\/brightbooster\/#primaryimage","url":"https:\/\/www.pure-beauty.shop\/wp-content\/uploads\/2020\/10\/Online-Shop-Bilder-26.png","contentUrl":"https:\/\/www.pure-beauty.shop\/wp-content\/uploads\/2020\/10\/Online-Shop-Bilder-26.png","width":1400,"height":1400},{"@type":"BreadcrumbList","@id":"https:\/\/www.pure-beauty.shop\/produkt\/brightbooster\/#breadcrumb","itemListElement":[{"@type":"ListItem","position":1,"name":"Startseite","item":"https:\/\/www.pure-beauty.shop\/"},{"@type":"ListItem","position":2,"name":"Shop","item":"https:\/\/www.pure-beauty.shop\/en\/shop\/"},{"@type":"ListItem","position":3,"name":"COSMIX BrightBooster (30 ml)"}]},{"@type":"WebSite","@id":"https:\/\/www.pure-beauty.shop\/#website","url":"https:\/\/www.pure-beauty.shop\/","name":"Pure Beauty & PANDHY'S Shop","description":"Kosmetikshop in Graz","publisher":{"@id":"https:\/\/www.pure-beauty.shop\/#organization"},"potentialAction":[{"@type":"SearchAction","target":{"@type":"EntryPoint","urlTemplate":"https:\/\/www.pure-beauty.shop\/?s={search_term_string}"},"query-input":{"@type":"PropertyValueSpecification","valueRequired":true,"valueName":"search_term_string"}}],"inLanguage":"en-GB"},{"@type":"Organization","@id":"https:\/\/www.pure-beauty.shop\/#organization","name":"Pure Beauty & PANDHY'S Shop","url":"https:\/\/www.pure-beauty.shop\/","logo":{"@type":"ImageObject","inLanguage":"en-GB","@id":"https:\/\/www.pure-beauty.shop\/#\/schema\/logo\/image\/","url":"https:\/\/www.pure-beauty.shop\/wp-content\/uploads\/2026\/04\/pb_black-scaled.png","contentUrl":"https:\/\/www.pure-beauty.shop\/wp-content\/uploads\/2026\/04\/pb_black-scaled.png","width":2560,"height":2560,"caption":"Pure Beauty & PANDHY'S Shop"},"image":{"@id":"https:\/\/www.pure-beauty.shop\/#\/schema\/logo\/image\/"},"sameAs":["https:\/\/www.facebook.com\/purebeautygraz","https:\/\/www.instragram.com\/pure_beauty_graz"]}]}},"jetpack_sharing_enabled":true,"_links":{"self":[{"href":"https:\/\/www.pure-beauty.shop\/en\/wp-json\/wp\/v2\/product\/17447","targetHints":{"allow":["GET"]}}],"collection":[{"href":"https:\/\/www.pure-beauty.shop\/en\/wp-json\/wp\/v2\/product"}],"about":[{"href":"https:\/\/www.pure-beauty.shop\/en\/wp-json\/wp\/v2\/types\/product"}],"replies":[{"embeddable":true,"href":"https:\/\/www.pure-beauty.shop\/en\/wp-json\/wp\/v2\/comments?post=17447"}],"wp:featuredmedia":[{"embeddable":true,"href":"https:\/\/www.pure-beauty.shop\/en\/wp-json\/wp\/v2\/media\/21119"}],"wp:attachment":[{"href":"https:\/\/www.pure-beauty.shop\/en\/wp-json\/wp\/v2\/media?parent=17447"}],"wp:term":[{"taxonomy":"brand","embeddable":true,"href":"https:\/\/www.pure-beauty.shop\/en\/wp-json\/wp\/v2\/etheme_brands?post=17447"},{"taxonomy":"product_brand","embeddable":true,"href":"https:\/\/www.pure-beauty.shop\/en\/wp-json\/wp\/v2\/product_brand?post=17447"},{"taxonomy":"product_cat","embeddable":true,"href":"https:\/\/www.pure-beauty.shop\/en\/wp-json\/wp\/v2\/product_cat?post=17447"},{"taxonomy":"product_tag","embeddable":true,"href":"https:\/\/www.pure-beauty.shop\/en\/wp-json\/wp\/v2\/product_tag?post=17447"}],"curies":[{"name":"wp","href":"https:\/\/api.w.org\/{rel}","templated":true}]}}