{"id":17453,"date":"2020-10-23T12:26:02","date_gmt":"2020-10-23T10:26:02","guid":{"rendered":"https:\/\/www.pure-beauty.shop\/pure-beauty-shop\/produkt\/pandhys-cosmix-calmbooster-20-ml\/"},"modified":"2026-04-19T23:20:44","modified_gmt":"2026-04-19T21:20:44","slug":"calmbooster","status":"publish","type":"product","link":"https:\/\/www.pure-beauty.shop\/en\/product\/calmbooster\/","title":{"rendered":"COSMIX CalmBooster (30 ml)"},"content":{"rendered":"<div class=\"wpb-content-wrapper\"><div class=\"vc_row wpb_row vc_row-fluid et_custom_uniqid_69f8825407eb9\"><div class=\"wpb_column vc_column_container vc_col-sm-12 et_custom_uniqid_69f8825407e94\"><div class=\"vc_column-inner\"><div class=\"wpb_wrapper\">\n\t<div class=\"wpb_text_column wpb_content_element\" >\n\t\t<div class=\"wpb_wrapper\">\n\t\t\t<div class=\"vc_row wpb_row vc_row-fluid et_custom_uniqid_63b345db7bb64 mpc-row\">\n<div class=\"wpb_column vc_column_container vc_col-sm-12 et_custom_uniqid_63b345db7a504 mpc-column\" data-column-id=\"mpc_column-4263b345e33e011\">\n<div class=\"vc_column-inner\">\n<div class=\"wpb_wrapper\">\n<div class=\"wpb_text_column wpb_content_element\">\n<div class=\"wpb_wrapper\">\n<p data-start=\"79\" data-end=\"287\">Der CalmBooster ist ein unverzichtbares Pflegeprodukt zur gezielten Reduktion von Entz\u00fcndungsprozessen in der Haut. Er wirkt intensiv beruhigend und sch\u00fctzt die Haut zuverl\u00e4ssig vor R\u00f6tungen und Irritationen.<\/p>\n<p data-start=\"289\" data-end=\"564\">Die hochwirksame Formulierung unterst\u00fctzt die Haut bei verschiedenen Hautzust\u00e4nden wie Couperose, Rosazea, Psoriasis, mikrobiellen und chronischen Ekzemen sowie Akne. Gleichzeitig hilft der CalmBooster, diesen Beschwerden vorzubeugen und die Haut nachhaltig zu stabilisieren.<\/p>\n<p data-start=\"566\" data-end=\"780\">Zus\u00e4tzlich sch\u00fctzt er die Hautzellen vor oxidativem Stress und unterst\u00fctzt die Regeneration der Haut. Das Ergebnis ist ein ausgeglichenes, gest\u00e4rktes Hautbild mit mehr Widerstandskraft und nat\u00fcrlicher Ausstrahlung.<\/p>\n<p>Wirkungsweise:<br \/>\nDie Eichenwurzel und der Propolisextrakt beinhalten Formeln, welche die Haut beruhigen und sch\u00fctzen, vor R\u00f6tungen und Irritationen bewahren und reduzieren sowie die gesamte Gesundheit und Sch\u00f6nheit der Haut wiederherstellen und erhalten. Der Booster kann Rosazea, Psoriasis, verschiedene mikrobische und chronische Ekzeme, Pyodermie, Hautentz\u00fcndungen und \u2013verbrennungen beruhigen. Er bietet Schutz f\u00fcr die Hautzellen gegen photoinduzierten oxidativen Stress und bek\u00e4mpft bakterielle Ausbreitungen (Akne).<\/p>\n<p>Anwendung:<br \/>\nBeim Auftragen direkt auf die Haut: Ein- oder zweimal (0,15 \/ 0,30 ml) in die Handfl\u00e4che pumpen, den Booster mit den H\u00e4nden aufw\u00e4rmen und danach sanft auf das Gesicht verteilen. Eine gr\u00fcndliche Verteilung mit den H\u00e4nden, bis es vollst\u00e4ndig aufgenommen wird, ist sehr wichtig. Halten Sie einige Sekunden lang die Handfl\u00e4chen auf Ihr Gesicht gedr\u00fcckt, weil die W\u00e4rme eine tiefere und schnellere Aufnahme erm\u00f6glicht. Wenn Sie ihn mit anderen Formeln mischen m\u00f6chten: Pumpen Sie einmal von dem gew\u00fcnschten Booster und vermischen Sie ihn mit Ihrer individuellen COSMIX Maske oder Creme.<\/p>\n<p>Unser Tipp: Das Produkt t\u00e4glich zweimal verwenden und z\u00fcgig verbrauchen.<\/p>\n<h6>INCI: hemi squalane (c13-15 alkane), coconut (cocos nucifera) oil, sunflower (helianthus annuus) seed oil, oak root extract, propolis extract<\/h6>\n<\/div>\n<\/div>\n<\/div>\n<\/div>\n<\/div>\n<\/div>\n\n\t\t<\/div>\n\t<\/div>\n<\/div><\/div><\/div><\/div>\n<\/div>","protected":false},"excerpt":{"rendered":"<p data-start=\"807\" data-end=\"868\">CalmBooster \u2013 beruhigt, sch\u00fctzt und st\u00e4rkt entz\u00fcndliche Haut.<\/p>","protected":false},"featured_media":21118,"comment_status":"open","ping_status":"closed","template":"","meta":{"jetpack_post_was_ever_published":false},"etheme_brands":[{"term_id":205,"name":"COSMIX","slug":"cosmix","term_group":0,"term_taxonomy_id":205,"taxonomy":"brand","description":"","parent":0,"count":46,"filter":"raw"}],"product_brand":[],"product_cat":[172,170,177],"product_tag":[],"class_list":{"0":"post-17453","1":"product","2":"type-product","3":"status-publish","4":"has-post-thumbnail","6":"brand-cosmix","7":"product_cat-gesicht","8":"product_cat-pflege","9":"product_cat-serum_booster_ampullen","11":"first","12":"instock","13":"taxable","14":"shipping-taxable","15":"purchasable","16":"product-type-simple"},"yoast_head":"<!-- This site is optimized with the Yoast SEO plugin v27.5 - https:\/\/yoast.com\/product\/yoast-seo-wordpress\/ -->\n<title>COSMIX CalmBooster (30 ml) - Pure Beauty &amp; PANDHY&#039;S Shop<\/title>\n<meta name=\"description\" content=\"CalmBooster \u2013 reduziert R\u00f6tungen, beruhigt entz\u00fcndliche Haut und sch\u00fctzt vor oxidativem Stress. Ideal bei Rosazea, Akne und empfindlicher Haut.\" \/>\n<meta name=\"robots\" content=\"index, follow, max-snippet:-1, max-image-preview:large, max-video-preview:-1\" \/>\n<link rel=\"canonical\" href=\"https:\/\/www.pure-beauty.shop\/en\/product\/calmbooster\/\" \/>\n<meta property=\"og:locale\" content=\"en_GB\" \/>\n<meta property=\"og:type\" content=\"article\" \/>\n<meta property=\"og:title\" content=\"COSMIX CalmBooster (30 ml) - Pure Beauty &amp; PANDHY&#039;S Shop\" \/>\n<meta property=\"og:description\" content=\"CalmBooster \u2013 reduziert R\u00f6tungen, beruhigt entz\u00fcndliche Haut und sch\u00fctzt vor oxidativem Stress. Ideal bei Rosazea, Akne und empfindlicher Haut.\" \/>\n<meta property=\"og:url\" content=\"https:\/\/www.pure-beauty.shop\/en\/product\/calmbooster\/\" \/>\n<meta property=\"og:site_name\" content=\"Pure Beauty &amp; PANDHY&#039;S Shop\" \/>\n<meta property=\"article:publisher\" content=\"https:\/\/www.facebook.com\/purebeautygraz\" \/>\n<meta property=\"article:modified_time\" content=\"2026-04-19T21:20:44+00:00\" \/>\n<meta property=\"og:image\" content=\"https:\/\/www.pure-beauty.shop\/wp-content\/uploads\/2020\/10\/Online-Shop-Bilder-25.png\" \/>\n\t<meta property=\"og:image:width\" content=\"1400\" \/>\n\t<meta property=\"og:image:height\" content=\"1400\" \/>\n\t<meta property=\"og:image:type\" content=\"image\/png\" \/>\n<meta name=\"twitter:card\" content=\"summary_large_image\" \/>\n<meta name=\"twitter:label1\" content=\"Estimated reading time\" \/>\n\t<meta name=\"twitter:data1\" content=\"2 minutes\" \/>\n<script type=\"application\/ld+json\" class=\"yoast-schema-graph\">{\"@context\":\"https:\\\/\\\/schema.org\",\"@graph\":[{\"@type\":\"WebPage\",\"@id\":\"https:\\\/\\\/www.pure-beauty.shop\\\/produkt\\\/calmbooster\\\/\",\"url\":\"https:\\\/\\\/www.pure-beauty.shop\\\/produkt\\\/calmbooster\\\/\",\"name\":\"COSMIX CalmBooster (30 ml) - Pure Beauty &amp; PANDHY&#039;S Shop\",\"isPartOf\":{\"@id\":\"https:\\\/\\\/www.pure-beauty.shop\\\/#website\"},\"primaryImageOfPage\":{\"@id\":\"https:\\\/\\\/www.pure-beauty.shop\\\/produkt\\\/calmbooster\\\/#primaryimage\"},\"image\":{\"@id\":\"https:\\\/\\\/www.pure-beauty.shop\\\/produkt\\\/calmbooster\\\/#primaryimage\"},\"thumbnailUrl\":\"https:\\\/\\\/www.pure-beauty.shop\\\/wp-content\\\/uploads\\\/2020\\\/10\\\/Online-Shop-Bilder-25.png\",\"datePublished\":\"2020-10-23T10:26:02+00:00\",\"dateModified\":\"2026-04-19T21:20:44+00:00\",\"description\":\"CalmBooster \u2013 reduziert R\u00f6tungen, beruhigt entz\u00fcndliche Haut und sch\u00fctzt vor oxidativem Stress. Ideal bei Rosazea, Akne und empfindlicher Haut.\",\"breadcrumb\":{\"@id\":\"https:\\\/\\\/www.pure-beauty.shop\\\/produkt\\\/calmbooster\\\/#breadcrumb\"},\"inLanguage\":\"en-GB\",\"potentialAction\":[{\"@type\":\"ReadAction\",\"target\":[\"https:\\\/\\\/www.pure-beauty.shop\\\/produkt\\\/calmbooster\\\/\"]}]},{\"@type\":\"ImageObject\",\"inLanguage\":\"en-GB\",\"@id\":\"https:\\\/\\\/www.pure-beauty.shop\\\/produkt\\\/calmbooster\\\/#primaryimage\",\"url\":\"https:\\\/\\\/www.pure-beauty.shop\\\/wp-content\\\/uploads\\\/2020\\\/10\\\/Online-Shop-Bilder-25.png\",\"contentUrl\":\"https:\\\/\\\/www.pure-beauty.shop\\\/wp-content\\\/uploads\\\/2020\\\/10\\\/Online-Shop-Bilder-25.png\",\"width\":1400,\"height\":1400},{\"@type\":\"BreadcrumbList\",\"@id\":\"https:\\\/\\\/www.pure-beauty.shop\\\/produkt\\\/calmbooster\\\/#breadcrumb\",\"itemListElement\":[{\"@type\":\"ListItem\",\"position\":1,\"name\":\"Startseite\",\"item\":\"https:\\\/\\\/www.pure-beauty.shop\\\/\"},{\"@type\":\"ListItem\",\"position\":2,\"name\":\"Shop\",\"item\":\"https:\\\/\\\/www.pure-beauty.shop\\\/en\\\/shop\\\/\"},{\"@type\":\"ListItem\",\"position\":3,\"name\":\"COSMIX CalmBooster (30 ml)\"}]},{\"@type\":\"WebSite\",\"@id\":\"https:\\\/\\\/www.pure-beauty.shop\\\/#website\",\"url\":\"https:\\\/\\\/www.pure-beauty.shop\\\/\",\"name\":\"Pure Beauty & PANDHY'S Shop\",\"description\":\"Kosmetikshop in Graz\",\"publisher\":{\"@id\":\"https:\\\/\\\/www.pure-beauty.shop\\\/#organization\"},\"potentialAction\":[{\"@type\":\"SearchAction\",\"target\":{\"@type\":\"EntryPoint\",\"urlTemplate\":\"https:\\\/\\\/www.pure-beauty.shop\\\/?s={search_term_string}\"},\"query-input\":{\"@type\":\"PropertyValueSpecification\",\"valueRequired\":true,\"valueName\":\"search_term_string\"}}],\"inLanguage\":\"en-GB\"},{\"@type\":\"Organization\",\"@id\":\"https:\\\/\\\/www.pure-beauty.shop\\\/#organization\",\"name\":\"Pure Beauty & PANDHY'S Shop\",\"url\":\"https:\\\/\\\/www.pure-beauty.shop\\\/\",\"logo\":{\"@type\":\"ImageObject\",\"inLanguage\":\"en-GB\",\"@id\":\"https:\\\/\\\/www.pure-beauty.shop\\\/#\\\/schema\\\/logo\\\/image\\\/\",\"url\":\"https:\\\/\\\/www.pure-beauty.shop\\\/wp-content\\\/uploads\\\/2026\\\/04\\\/pb_black-scaled.png\",\"contentUrl\":\"https:\\\/\\\/www.pure-beauty.shop\\\/wp-content\\\/uploads\\\/2026\\\/04\\\/pb_black-scaled.png\",\"width\":2560,\"height\":2560,\"caption\":\"Pure Beauty & PANDHY'S Shop\"},\"image\":{\"@id\":\"https:\\\/\\\/www.pure-beauty.shop\\\/#\\\/schema\\\/logo\\\/image\\\/\"},\"sameAs\":[\"https:\\\/\\\/www.facebook.com\\\/purebeautygraz\",\"https:\\\/\\\/www.instragram.com\\\/pure_beauty_graz\"]}]}<\/script>\n<!-- \/ Yoast SEO plugin. -->","yoast_head_json":{"title":"COSMIX CalmBooster (30 ml) - Pure Beauty &amp; PANDHY&#039;S Shop","description":"CalmBooster \u2013 reduziert R\u00f6tungen, beruhigt entz\u00fcndliche Haut und sch\u00fctzt vor oxidativem Stress. Ideal bei Rosazea, Akne und empfindlicher Haut.","robots":{"index":"index","follow":"follow","max-snippet":"max-snippet:-1","max-image-preview":"max-image-preview:large","max-video-preview":"max-video-preview:-1"},"canonical":"https:\/\/www.pure-beauty.shop\/en\/product\/calmbooster\/","og_locale":"en_GB","og_type":"article","og_title":"COSMIX CalmBooster (30 ml) - Pure Beauty &amp; PANDHY&#039;S Shop","og_description":"CalmBooster \u2013 reduziert R\u00f6tungen, beruhigt entz\u00fcndliche Haut und sch\u00fctzt vor oxidativem Stress. Ideal bei Rosazea, Akne und empfindlicher Haut.","og_url":"https:\/\/www.pure-beauty.shop\/en\/product\/calmbooster\/","og_site_name":"Pure Beauty &amp; PANDHY&#039;S Shop","article_publisher":"https:\/\/www.facebook.com\/purebeautygraz","article_modified_time":"2026-04-19T21:20:44+00:00","og_image":[{"width":1400,"height":1400,"url":"https:\/\/www.pure-beauty.shop\/wp-content\/uploads\/2020\/10\/Online-Shop-Bilder-25.png","type":"image\/png"}],"twitter_card":"summary_large_image","twitter_misc":{"Estimated reading time":"2 minutes"},"schema":{"@context":"https:\/\/schema.org","@graph":[{"@type":"WebPage","@id":"https:\/\/www.pure-beauty.shop\/produkt\/calmbooster\/","url":"https:\/\/www.pure-beauty.shop\/produkt\/calmbooster\/","name":"COSMIX CalmBooster (30 ml) - Pure Beauty &amp; PANDHY&#039;S Shop","isPartOf":{"@id":"https:\/\/www.pure-beauty.shop\/#website"},"primaryImageOfPage":{"@id":"https:\/\/www.pure-beauty.shop\/produkt\/calmbooster\/#primaryimage"},"image":{"@id":"https:\/\/www.pure-beauty.shop\/produkt\/calmbooster\/#primaryimage"},"thumbnailUrl":"https:\/\/www.pure-beauty.shop\/wp-content\/uploads\/2020\/10\/Online-Shop-Bilder-25.png","datePublished":"2020-10-23T10:26:02+00:00","dateModified":"2026-04-19T21:20:44+00:00","description":"CalmBooster \u2013 reduziert R\u00f6tungen, beruhigt entz\u00fcndliche Haut und sch\u00fctzt vor oxidativem Stress. Ideal bei Rosazea, Akne und empfindlicher Haut.","breadcrumb":{"@id":"https:\/\/www.pure-beauty.shop\/produkt\/calmbooster\/#breadcrumb"},"inLanguage":"en-GB","potentialAction":[{"@type":"ReadAction","target":["https:\/\/www.pure-beauty.shop\/produkt\/calmbooster\/"]}]},{"@type":"ImageObject","inLanguage":"en-GB","@id":"https:\/\/www.pure-beauty.shop\/produkt\/calmbooster\/#primaryimage","url":"https:\/\/www.pure-beauty.shop\/wp-content\/uploads\/2020\/10\/Online-Shop-Bilder-25.png","contentUrl":"https:\/\/www.pure-beauty.shop\/wp-content\/uploads\/2020\/10\/Online-Shop-Bilder-25.png","width":1400,"height":1400},{"@type":"BreadcrumbList","@id":"https:\/\/www.pure-beauty.shop\/produkt\/calmbooster\/#breadcrumb","itemListElement":[{"@type":"ListItem","position":1,"name":"Startseite","item":"https:\/\/www.pure-beauty.shop\/"},{"@type":"ListItem","position":2,"name":"Shop","item":"https:\/\/www.pure-beauty.shop\/en\/shop\/"},{"@type":"ListItem","position":3,"name":"COSMIX CalmBooster (30 ml)"}]},{"@type":"WebSite","@id":"https:\/\/www.pure-beauty.shop\/#website","url":"https:\/\/www.pure-beauty.shop\/","name":"Pure Beauty & PANDHY'S Shop","description":"Kosmetikshop in Graz","publisher":{"@id":"https:\/\/www.pure-beauty.shop\/#organization"},"potentialAction":[{"@type":"SearchAction","target":{"@type":"EntryPoint","urlTemplate":"https:\/\/www.pure-beauty.shop\/?s={search_term_string}"},"query-input":{"@type":"PropertyValueSpecification","valueRequired":true,"valueName":"search_term_string"}}],"inLanguage":"en-GB"},{"@type":"Organization","@id":"https:\/\/www.pure-beauty.shop\/#organization","name":"Pure Beauty & PANDHY'S Shop","url":"https:\/\/www.pure-beauty.shop\/","logo":{"@type":"ImageObject","inLanguage":"en-GB","@id":"https:\/\/www.pure-beauty.shop\/#\/schema\/logo\/image\/","url":"https:\/\/www.pure-beauty.shop\/wp-content\/uploads\/2026\/04\/pb_black-scaled.png","contentUrl":"https:\/\/www.pure-beauty.shop\/wp-content\/uploads\/2026\/04\/pb_black-scaled.png","width":2560,"height":2560,"caption":"Pure Beauty & PANDHY'S Shop"},"image":{"@id":"https:\/\/www.pure-beauty.shop\/#\/schema\/logo\/image\/"},"sameAs":["https:\/\/www.facebook.com\/purebeautygraz","https:\/\/www.instragram.com\/pure_beauty_graz"]}]}},"jetpack_sharing_enabled":true,"_links":{"self":[{"href":"https:\/\/www.pure-beauty.shop\/en\/wp-json\/wp\/v2\/product\/17453","targetHints":{"allow":["GET"]}}],"collection":[{"href":"https:\/\/www.pure-beauty.shop\/en\/wp-json\/wp\/v2\/product"}],"about":[{"href":"https:\/\/www.pure-beauty.shop\/en\/wp-json\/wp\/v2\/types\/product"}],"replies":[{"embeddable":true,"href":"https:\/\/www.pure-beauty.shop\/en\/wp-json\/wp\/v2\/comments?post=17453"}],"wp:featuredmedia":[{"embeddable":true,"href":"https:\/\/www.pure-beauty.shop\/en\/wp-json\/wp\/v2\/media\/21118"}],"wp:attachment":[{"href":"https:\/\/www.pure-beauty.shop\/en\/wp-json\/wp\/v2\/media?parent=17453"}],"wp:term":[{"taxonomy":"brand","embeddable":true,"href":"https:\/\/www.pure-beauty.shop\/en\/wp-json\/wp\/v2\/etheme_brands?post=17453"},{"taxonomy":"product_brand","embeddable":true,"href":"https:\/\/www.pure-beauty.shop\/en\/wp-json\/wp\/v2\/product_brand?post=17453"},{"taxonomy":"product_cat","embeddable":true,"href":"https:\/\/www.pure-beauty.shop\/en\/wp-json\/wp\/v2\/product_cat?post=17453"},{"taxonomy":"product_tag","embeddable":true,"href":"https:\/\/www.pure-beauty.shop\/en\/wp-json\/wp\/v2\/product_tag?post=17453"}],"curies":[{"name":"wp","href":"https:\/\/api.w.org\/{rel}","templated":true}]}}