{"id":17457,"date":"2020-10-23T12:26:10","date_gmt":"2020-10-23T10:26:10","guid":{"rendered":"https:\/\/www.pure-beauty.shop\/pure-beauty-shop\/produkt\/pandhys-gua-sha-buffalo-horn-1-pc\/"},"modified":"2026-04-20T00:10:50","modified_gmt":"2026-04-19T22:10:50","slug":"gua-sha-buffalo-horn","status":"publish","type":"product","link":"https:\/\/www.pure-beauty.shop\/en\/product\/gua-sha-buffalo-horn\/","title":{"rendered":"PANDHY\u2019S\u2122 Gua Sha (1 St\u00fcck)"},"content":{"rendered":"<div class=\"wpb-content-wrapper\"><div class=\"vc_row wpb_row vc_row-fluid et_custom_uniqid_69e76adf3b883\"><div class=\"wpb_column vc_column_container vc_col-sm-12 et_custom_uniqid_69e76adf3b856\"><div class=\"vc_column-inner\"><div class=\"wpb_wrapper\">\n\t<div class=\"wpb_text_column wpb_content_element\" >\n\t\t<div class=\"wpb_wrapper\">\n\t\t\t<p data-start=\"79\" data-end=\"291\">Der Gua Stein aus B\u00fcffelhorn ist ein hochwertiges Tool f\u00fcr die PANDHY\u2019S\u2122 Signature Gua Sha Massage und eignet sich sowohl f\u00fcr professionelle Anwendungen in der Kabine als auch f\u00fcr die t\u00e4gliche Anwendung zu Hause.<\/p>\n<p data-start=\"293\" data-end=\"616\">Durch die spezielle Schabe-Technik wird das Bindegewebe stimuliert, die Durchblutung gef\u00f6rdert und der Entgiftungsprozess der Haut unterst\u00fctzt. Die Haut erh\u00e4lt gezielte Impulse zur Regeneration: Die Zellneubildung wird angeregt, Kollagen- und Hyaluronproduktion aktiviert und die Haut wirkt sichtbar gestrafft und geliftet.<\/p>\n<p data-start=\"618\" data-end=\"847\">Der Gua Stein kann vielseitig eingesetzt werden \u2013 als Anti-Aging Treatment im Gesicht sowie zur Straffung und Belebung der Haut am K\u00f6rper. Ideal bei m\u00fcder, fahler oder erschlaffter Haut f\u00fcr ein revitalisiertes, straffes Hautbild.<\/p>\n\n\t\t<\/div>\n\t<\/div>\n<\/div><\/div><\/div><\/div>\n<\/div>","protected":false},"excerpt":{"rendered":"<p data-start=\"874\" data-end=\"956\">Gua Sha Stein \u2013 aktiviert die Haut, f\u00f6rdert Straffung und nat\u00fcrliche Regeneration.<\/p>","protected":false},"featured_media":19223,"comment_status":"open","ping_status":"closed","template":"","meta":{"jetpack_post_was_ever_published":false},"etheme_brands":[{"term_id":203,"name":"PANDHY'S\u2122","slug":"pandhys","term_group":0,"term_taxonomy_id":203,"taxonomy":"brand","description":"","parent":0,"count":63,"filter":"raw"}],"product_brand":[],"product_cat":[195,173,170,194,188,580],"product_tag":[],"class_list":{"0":"post-17457","1":"product","2":"type-product","3":"status-publish","4":"has-post-thumbnail","6":"brand-pandhys","7":"product_cat-cellulitepflege_tools","8":"product_cat-koerper","9":"product_cat-pflege","10":"product_cat-spaspecials_koerper","11":"product_cat-tools","12":"product_cat-tools-marketing","14":"first","15":"instock","16":"taxable","17":"shipping-taxable","18":"purchasable","19":"product-type-simple"},"yoast_head":"<!-- This site is optimized with the Yoast SEO plugin v27.4 - https:\/\/yoast.com\/product\/yoast-seo-wordpress\/ -->\n<title>PANDHY\u2019S\u2122 Gua Sha (1 St\u00fcck) - Pure Beauty &amp; PANDHY&#039;S Shop<\/title>\n<meta name=\"description\" content=\"Gua Sha Stein aus B\u00fcffelhorn \u2013 f\u00f6rdert Durchblutung, strafft die Haut und unterst\u00fctzt Anti-Aging &amp; Detox. Ideal f\u00fcr Gesicht und K\u00f6rper.\" \/>\n<meta name=\"robots\" content=\"index, follow, max-snippet:-1, max-image-preview:large, max-video-preview:-1\" \/>\n<link rel=\"canonical\" href=\"https:\/\/www.pure-beauty.shop\/en\/product\/gua-sha-buffalo-horn\/\" \/>\n<meta property=\"og:locale\" content=\"en_GB\" \/>\n<meta property=\"og:type\" content=\"article\" \/>\n<meta property=\"og:title\" content=\"PANDHY\u2019S\u2122 Gua Sha (1 St\u00fcck) - Pure Beauty &amp; PANDHY&#039;S Shop\" \/>\n<meta property=\"og:description\" content=\"Gua Sha Stein aus B\u00fcffelhorn \u2013 f\u00f6rdert Durchblutung, strafft die Haut und unterst\u00fctzt Anti-Aging &amp; Detox. Ideal f\u00fcr Gesicht und K\u00f6rper.\" \/>\n<meta property=\"og:url\" content=\"https:\/\/www.pure-beauty.shop\/en\/product\/gua-sha-buffalo-horn\/\" \/>\n<meta property=\"og:site_name\" content=\"Pure Beauty &amp; PANDHY&#039;S Shop\" \/>\n<meta property=\"article:modified_time\" content=\"2026-04-19T22:10:50+00:00\" \/>\n<meta property=\"og:image\" content=\"https:\/\/www.pure-beauty.shop\/wp-content\/uploads\/2020\/10\/GuaSha.png\" \/>\n\t<meta property=\"og:image:width\" content=\"2000\" \/>\n\t<meta property=\"og:image:height\" content=\"2000\" \/>\n\t<meta property=\"og:image:type\" content=\"image\/png\" \/>\n<meta name=\"twitter:card\" content=\"summary_large_image\" \/>\n<meta name=\"twitter:label1\" content=\"Estimated reading time\" \/>\n\t<meta name=\"twitter:data1\" content=\"1 minute\" \/>\n<script type=\"application\/ld+json\" class=\"yoast-schema-graph\">{\"@context\":\"https:\\\/\\\/schema.org\",\"@graph\":[{\"@type\":\"WebPage\",\"@id\":\"https:\\\/\\\/www.pure-beauty.shop\\\/produkt\\\/gua-sha-buffalo-horn\\\/\",\"url\":\"https:\\\/\\\/www.pure-beauty.shop\\\/produkt\\\/gua-sha-buffalo-horn\\\/\",\"name\":\"PANDHY\u2019S\u2122 Gua Sha (1 St\u00fcck) - Pure Beauty &amp; PANDHY&#039;S Shop\",\"isPartOf\":{\"@id\":\"https:\\\/\\\/www.pure-beauty.shop\\\/#website\"},\"primaryImageOfPage\":{\"@id\":\"https:\\\/\\\/www.pure-beauty.shop\\\/produkt\\\/gua-sha-buffalo-horn\\\/#primaryimage\"},\"image\":{\"@id\":\"https:\\\/\\\/www.pure-beauty.shop\\\/produkt\\\/gua-sha-buffalo-horn\\\/#primaryimage\"},\"thumbnailUrl\":\"https:\\\/\\\/www.pure-beauty.shop\\\/wp-content\\\/uploads\\\/2020\\\/10\\\/GuaSha.png\",\"datePublished\":\"2020-10-23T10:26:10+00:00\",\"dateModified\":\"2026-04-19T22:10:50+00:00\",\"description\":\"Gua Sha Stein aus B\u00fcffelhorn \u2013 f\u00f6rdert Durchblutung, strafft die Haut und unterst\u00fctzt Anti-Aging & Detox. Ideal f\u00fcr Gesicht und K\u00f6rper.\",\"breadcrumb\":{\"@id\":\"https:\\\/\\\/www.pure-beauty.shop\\\/produkt\\\/gua-sha-buffalo-horn\\\/#breadcrumb\"},\"inLanguage\":\"en-GB\",\"potentialAction\":[{\"@type\":\"ReadAction\",\"target\":[\"https:\\\/\\\/www.pure-beauty.shop\\\/produkt\\\/gua-sha-buffalo-horn\\\/\"]}]},{\"@type\":\"ImageObject\",\"inLanguage\":\"en-GB\",\"@id\":\"https:\\\/\\\/www.pure-beauty.shop\\\/produkt\\\/gua-sha-buffalo-horn\\\/#primaryimage\",\"url\":\"https:\\\/\\\/www.pure-beauty.shop\\\/wp-content\\\/uploads\\\/2020\\\/10\\\/GuaSha.png\",\"contentUrl\":\"https:\\\/\\\/www.pure-beauty.shop\\\/wp-content\\\/uploads\\\/2020\\\/10\\\/GuaSha.png\",\"width\":2000,\"height\":2000},{\"@type\":\"BreadcrumbList\",\"@id\":\"https:\\\/\\\/www.pure-beauty.shop\\\/produkt\\\/gua-sha-buffalo-horn\\\/#breadcrumb\",\"itemListElement\":[{\"@type\":\"ListItem\",\"position\":1,\"name\":\"Startseite\",\"item\":\"https:\\\/\\\/www.pure-beauty.shop\\\/\"},{\"@type\":\"ListItem\",\"position\":2,\"name\":\"Shop\",\"item\":\"https:\\\/\\\/www.pure-beauty.shop\\\/en\\\/shop\\\/\"},{\"@type\":\"ListItem\",\"position\":3,\"name\":\"PANDHY\u2019S\u2122 Gua Sha (1 St\u00fcck)\"}]},{\"@type\":\"WebSite\",\"@id\":\"https:\\\/\\\/www.pure-beauty.shop\\\/#website\",\"url\":\"https:\\\/\\\/www.pure-beauty.shop\\\/\",\"name\":\"Pure Beauty &amp; PANDHY&#039;S Shop\",\"description\":\"Kosmetikshop in Graz\",\"potentialAction\":[{\"@type\":\"SearchAction\",\"target\":{\"@type\":\"EntryPoint\",\"urlTemplate\":\"https:\\\/\\\/www.pure-beauty.shop\\\/?s={search_term_string}\"},\"query-input\":{\"@type\":\"PropertyValueSpecification\",\"valueRequired\":true,\"valueName\":\"search_term_string\"}}],\"inLanguage\":\"en-GB\"}]}<\/script>\n<!-- \/ Yoast SEO plugin. -->","yoast_head_json":{"title":"PANDHY\u2019S\u2122 Gua Sha (1 St\u00fcck) - Pure Beauty &amp; PANDHY&#039;S Shop","description":"Gua Sha Stein aus B\u00fcffelhorn \u2013 f\u00f6rdert Durchblutung, strafft die Haut und unterst\u00fctzt Anti-Aging & Detox. Ideal f\u00fcr Gesicht und K\u00f6rper.","robots":{"index":"index","follow":"follow","max-snippet":"max-snippet:-1","max-image-preview":"max-image-preview:large","max-video-preview":"max-video-preview:-1"},"canonical":"https:\/\/www.pure-beauty.shop\/en\/product\/gua-sha-buffalo-horn\/","og_locale":"en_GB","og_type":"article","og_title":"PANDHY\u2019S\u2122 Gua Sha (1 St\u00fcck) - Pure Beauty &amp; PANDHY&#039;S Shop","og_description":"Gua Sha Stein aus B\u00fcffelhorn \u2013 f\u00f6rdert Durchblutung, strafft die Haut und unterst\u00fctzt Anti-Aging & Detox. Ideal f\u00fcr Gesicht und K\u00f6rper.","og_url":"https:\/\/www.pure-beauty.shop\/en\/product\/gua-sha-buffalo-horn\/","og_site_name":"Pure Beauty &amp; PANDHY&#039;S Shop","article_modified_time":"2026-04-19T22:10:50+00:00","og_image":[{"width":2000,"height":2000,"url":"https:\/\/www.pure-beauty.shop\/wp-content\/uploads\/2020\/10\/GuaSha.png","type":"image\/png"}],"twitter_card":"summary_large_image","twitter_misc":{"Estimated reading time":"1 minute"},"schema":{"@context":"https:\/\/schema.org","@graph":[{"@type":"WebPage","@id":"https:\/\/www.pure-beauty.shop\/produkt\/gua-sha-buffalo-horn\/","url":"https:\/\/www.pure-beauty.shop\/produkt\/gua-sha-buffalo-horn\/","name":"PANDHY\u2019S\u2122 Gua Sha (1 St\u00fcck) - Pure Beauty &amp; PANDHY&#039;S Shop","isPartOf":{"@id":"https:\/\/www.pure-beauty.shop\/#website"},"primaryImageOfPage":{"@id":"https:\/\/www.pure-beauty.shop\/produkt\/gua-sha-buffalo-horn\/#primaryimage"},"image":{"@id":"https:\/\/www.pure-beauty.shop\/produkt\/gua-sha-buffalo-horn\/#primaryimage"},"thumbnailUrl":"https:\/\/www.pure-beauty.shop\/wp-content\/uploads\/2020\/10\/GuaSha.png","datePublished":"2020-10-23T10:26:10+00:00","dateModified":"2026-04-19T22:10:50+00:00","description":"Gua Sha Stein aus B\u00fcffelhorn \u2013 f\u00f6rdert Durchblutung, strafft die Haut und unterst\u00fctzt Anti-Aging & Detox. Ideal f\u00fcr Gesicht und K\u00f6rper.","breadcrumb":{"@id":"https:\/\/www.pure-beauty.shop\/produkt\/gua-sha-buffalo-horn\/#breadcrumb"},"inLanguage":"en-GB","potentialAction":[{"@type":"ReadAction","target":["https:\/\/www.pure-beauty.shop\/produkt\/gua-sha-buffalo-horn\/"]}]},{"@type":"ImageObject","inLanguage":"en-GB","@id":"https:\/\/www.pure-beauty.shop\/produkt\/gua-sha-buffalo-horn\/#primaryimage","url":"https:\/\/www.pure-beauty.shop\/wp-content\/uploads\/2020\/10\/GuaSha.png","contentUrl":"https:\/\/www.pure-beauty.shop\/wp-content\/uploads\/2020\/10\/GuaSha.png","width":2000,"height":2000},{"@type":"BreadcrumbList","@id":"https:\/\/www.pure-beauty.shop\/produkt\/gua-sha-buffalo-horn\/#breadcrumb","itemListElement":[{"@type":"ListItem","position":1,"name":"Startseite","item":"https:\/\/www.pure-beauty.shop\/"},{"@type":"ListItem","position":2,"name":"Shop","item":"https:\/\/www.pure-beauty.shop\/en\/shop\/"},{"@type":"ListItem","position":3,"name":"PANDHY\u2019S\u2122 Gua Sha (1 St\u00fcck)"}]},{"@type":"WebSite","@id":"https:\/\/www.pure-beauty.shop\/#website","url":"https:\/\/www.pure-beauty.shop\/","name":"Pure Beauty &amp; PANDHY&#039;S Shop","description":"Kosmetikshop in Graz","potentialAction":[{"@type":"SearchAction","target":{"@type":"EntryPoint","urlTemplate":"https:\/\/www.pure-beauty.shop\/?s={search_term_string}"},"query-input":{"@type":"PropertyValueSpecification","valueRequired":true,"valueName":"search_term_string"}}],"inLanguage":"en-GB"}]}},"jetpack_sharing_enabled":true,"_links":{"self":[{"href":"https:\/\/www.pure-beauty.shop\/en\/wp-json\/wp\/v2\/product\/17457","targetHints":{"allow":["GET"]}}],"collection":[{"href":"https:\/\/www.pure-beauty.shop\/en\/wp-json\/wp\/v2\/product"}],"about":[{"href":"https:\/\/www.pure-beauty.shop\/en\/wp-json\/wp\/v2\/types\/product"}],"replies":[{"embeddable":true,"href":"https:\/\/www.pure-beauty.shop\/en\/wp-json\/wp\/v2\/comments?post=17457"}],"wp:featuredmedia":[{"embeddable":true,"href":"https:\/\/www.pure-beauty.shop\/en\/wp-json\/wp\/v2\/media\/19223"}],"wp:attachment":[{"href":"https:\/\/www.pure-beauty.shop\/en\/wp-json\/wp\/v2\/media?parent=17457"}],"wp:term":[{"taxonomy":"brand","embeddable":true,"href":"https:\/\/www.pure-beauty.shop\/en\/wp-json\/wp\/v2\/etheme_brands?post=17457"},{"taxonomy":"product_brand","embeddable":true,"href":"https:\/\/www.pure-beauty.shop\/en\/wp-json\/wp\/v2\/product_brand?post=17457"},{"taxonomy":"product_cat","embeddable":true,"href":"https:\/\/www.pure-beauty.shop\/en\/wp-json\/wp\/v2\/product_cat?post=17457"},{"taxonomy":"product_tag","embeddable":true,"href":"https:\/\/www.pure-beauty.shop\/en\/wp-json\/wp\/v2\/product_tag?post=17457"}],"curies":[{"name":"wp","href":"https:\/\/api.w.org\/{rel}","templated":true}]}}