{"id":17524,"date":"2020-10-23T12:26:44","date_gmt":"2020-10-23T10:26:44","guid":{"rendered":"https:\/\/www.pure-beauty.shop\/pure-beauty-shop\/produkt\/lmf-brandy-sample-15g\/"},"modified":"2026-04-20T00:09:51","modified_gmt":"2026-04-19T22:09:51","slug":"loose-mineral-foundation","status":"publish","type":"product","link":"https:\/\/www.pure-beauty.shop\/en\/product\/loose-mineral-foundation\/","title":{"rendered":"Loose Mineral Foundation (1,5 g)"},"content":{"rendered":"<div class=\"wpb-content-wrapper\"><div class=\"vc_row wpb_row vc_row-fluid et_custom_uniqid_69e63d9e8e4dc\"><div class=\"wpb_column vc_column_container vc_col-sm-12 et_custom_uniqid_69e63d9e8e4b6\"><div class=\"vc_column-inner\"><div class=\"wpb_wrapper\">\n\t<div class=\"wpb_text_column wpb_content_element\" >\n\t\t<div class=\"wpb_wrapper\">\n\t\t\t<p><em>Achtung: Die Foundation wird ohne Pinsel verkauft. Der abgebildete Kabuki Pinsel ist zus\u00e4tzlich in unserem Shop erh\u00e4ltlich.<\/em><\/p>\n<p>Unsere Loose Mineral Foundation Linie besteht ausschlie\u00dflich aus reinen hochwertigen Mineralien &#8211; die Farben sind naturbelassen. Sie enth\u00e4lt keine F\u00fcllstoffe, die der optischen Verbesserung dienen, wie k\u00fcnstliche oder pflanzliche Zus\u00e4tze, \u00d6le oder Parfum. Die saubere Zusammensetzung sichert eine hervorragende Hautvertr\u00e4glichkeit &#8211; die Mineralien verbinden sich nicht mit der Haut und k\u00f6nnen dadurch nie Allergien ausl\u00f6sen. Die Farben lassen die Haut weicher und sch\u00f6ner, die Augen strahlender und die Lippen voller aussehen. Die Textur ist sehr long lasting und gibt der Haut einen Porzellan-Teint.<\/p>\n<p>Die Loose Mineral Foundation Linie ist zu 100% anorganisch, also inaktiv; Bakterien k\u00f6nnen sich nicht ansiedeln und deshalb braucht sie auch keine Konservierung &#8211; in Folge dessen sind alle Produkte unbegrenzt haltbar. Auf Grund ihrer anorganischen Natur ist die hervorragend geeignet f\u00fcr fettige Haut und Akne-Probleme &#8211; das enthaltene Zinkoxid wirkt antiseptisch und abheilend.<\/p>\n<p>Die Loose Mineral Foundation ist eine Puder-Grundierung, die die Haut vor Austrocknen sch\u00fctzt und gegen das UV-Licht einen perfekten physikalischen Sonnenschutz bietet.<\/p>\n\n\t\t<\/div>\n\t<\/div>\n<\/div><\/div><\/div><\/div>\n<\/div>","protected":false},"excerpt":{"rendered":"<p>anorganische Puder-Grundierung<\/p>","protected":false},"featured_media":18148,"comment_status":"open","ping_status":"closed","template":"","meta":{"jetpack_post_was_ever_published":true},"etheme_brands":[{"term_id":206,"name":"MINERAL MAKEUP","slug":"mineralmakeup","term_group":0,"term_taxonomy_id":206,"taxonomy":"brand","description":"","parent":0,"count":14,"filter":"raw"}],"product_brand":[],"product_cat":[213,171,199],"product_tag":[],"class_list":{"0":"post-17524","1":"product","2":"type-product","3":"status-publish","4":"has-post-thumbnail","6":"brand-mineralmakeup","7":"product_cat-foundation","8":"product_cat-make-up","9":"product_cat-teint","11":"first","12":"instock","13":"taxable","14":"shipping-taxable","15":"purchasable","16":"product-type-variable","17":"has-default-attributes"},"yoast_head":"<!-- This site is optimized with the Yoast SEO plugin v27.4 - https:\/\/yoast.com\/product\/yoast-seo-wordpress\/ -->\n<title>Loose Mineral Foundation (1,5 g) - Pure Beauty &amp; PANDHY&#039;S Shop<\/title>\n<meta name=\"description\" content=\"Unsere Loose Mineral Foundation Linie besteht ausschlie\u00dflich aus reinen hochwertigen Mineralien - die Farben sind naturbelassen. Sie enth\u00e4lt keine F\u00fcllstoffe, die der optischen Verbesserung dienen, wie k\u00fcnstliche oder pflanzliche Zus\u00e4tze, \u00d6le oder Parfum. Die saubere Zusammensetzung sichert eine hervorragende Hautvertr\u00e4glichkeit - die Mineralien verbinden sich nicht mit der Haut und k\u00f6nnen dadurch nie Allergien ausl\u00f6sen. Die Farben lassen die Haut weicher und sch\u00f6ner, die Augen strahlender und die Lippen voller aussehen. Die Textur ist sehr long lasting und gibt der Haut einen Porzellan-Teint.\" \/>\n<meta name=\"robots\" content=\"index, follow, max-snippet:-1, max-image-preview:large, max-video-preview:-1\" \/>\n<link rel=\"canonical\" href=\"https:\/\/www.pure-beauty.shop\/en\/product\/loose-mineral-foundation\/\" \/>\n<meta property=\"og:locale\" content=\"en_GB\" \/>\n<meta property=\"og:type\" content=\"article\" \/>\n<meta property=\"og:title\" content=\"Loose Mineral Foundation (1,5 g) - Pure Beauty &amp; PANDHY&#039;S Shop\" \/>\n<meta property=\"og:description\" content=\"Unsere Loose Mineral Foundation Linie besteht ausschlie\u00dflich aus reinen hochwertigen Mineralien - die Farben sind naturbelassen. Sie enth\u00e4lt keine F\u00fcllstoffe, die der optischen Verbesserung dienen, wie k\u00fcnstliche oder pflanzliche Zus\u00e4tze, \u00d6le oder Parfum. Die saubere Zusammensetzung sichert eine hervorragende Hautvertr\u00e4glichkeit - die Mineralien verbinden sich nicht mit der Haut und k\u00f6nnen dadurch nie Allergien ausl\u00f6sen. Die Farben lassen die Haut weicher und sch\u00f6ner, die Augen strahlender und die Lippen voller aussehen. Die Textur ist sehr long lasting und gibt der Haut einen Porzellan-Teint.\" \/>\n<meta property=\"og:url\" content=\"https:\/\/www.pure-beauty.shop\/en\/product\/loose-mineral-foundation\/\" \/>\n<meta property=\"og:site_name\" content=\"Pure Beauty &amp; PANDHY&#039;S Shop\" \/>\n<meta property=\"article:modified_time\" content=\"2026-04-19T22:09:51+00:00\" \/>\n<meta property=\"og:image\" content=\"https:\/\/www.pure-beauty.shop\/wp-content\/uploads\/2020\/10\/LMF-Amy-15g-e1609096600368.png\" \/>\n\t<meta property=\"og:image:width\" content=\"800\" \/>\n\t<meta property=\"og:image:height\" content=\"800\" \/>\n\t<meta property=\"og:image:type\" content=\"image\/png\" \/>\n<meta name=\"twitter:card\" content=\"summary_large_image\" \/>\n<meta name=\"twitter:label1\" content=\"Estimated reading time\" \/>\n\t<meta name=\"twitter:data1\" content=\"1 minute\" \/>\n<script type=\"application\/ld+json\" class=\"yoast-schema-graph\">{\"@context\":\"https:\\\/\\\/schema.org\",\"@graph\":[{\"@type\":\"WebPage\",\"@id\":\"https:\\\/\\\/www.pure-beauty.shop\\\/produkt\\\/loose-mineral-foundation\\\/\",\"url\":\"https:\\\/\\\/www.pure-beauty.shop\\\/produkt\\\/loose-mineral-foundation\\\/\",\"name\":\"Loose Mineral Foundation (1,5 g) - Pure Beauty &amp; PANDHY&#039;S Shop\",\"isPartOf\":{\"@id\":\"https:\\\/\\\/www.pure-beauty.shop\\\/#website\"},\"primaryImageOfPage\":{\"@id\":\"https:\\\/\\\/www.pure-beauty.shop\\\/produkt\\\/loose-mineral-foundation\\\/#primaryimage\"},\"image\":{\"@id\":\"https:\\\/\\\/www.pure-beauty.shop\\\/produkt\\\/loose-mineral-foundation\\\/#primaryimage\"},\"thumbnailUrl\":\"https:\\\/\\\/www.pure-beauty.shop\\\/wp-content\\\/uploads\\\/2020\\\/10\\\/LMF-Amy-15g-e1609096600368.png\",\"datePublished\":\"2020-10-23T10:26:44+00:00\",\"dateModified\":\"2026-04-19T22:09:51+00:00\",\"description\":\"Unsere Loose Mineral Foundation Linie besteht ausschlie\u00dflich aus reinen hochwertigen Mineralien - die Farben sind naturbelassen. Sie enth\u00e4lt keine F\u00fcllstoffe, die der optischen Verbesserung dienen, wie k\u00fcnstliche oder pflanzliche Zus\u00e4tze, \u00d6le oder Parfum. Die saubere Zusammensetzung sichert eine hervorragende Hautvertr\u00e4glichkeit - die Mineralien verbinden sich nicht mit der Haut und k\u00f6nnen dadurch nie Allergien ausl\u00f6sen. Die Farben lassen die Haut weicher und sch\u00f6ner, die Augen strahlender und die Lippen voller aussehen. Die Textur ist sehr long lasting und gibt der Haut einen Porzellan-Teint.\",\"breadcrumb\":{\"@id\":\"https:\\\/\\\/www.pure-beauty.shop\\\/produkt\\\/loose-mineral-foundation\\\/#breadcrumb\"},\"inLanguage\":\"en-GB\",\"potentialAction\":[{\"@type\":\"ReadAction\",\"target\":[\"https:\\\/\\\/www.pure-beauty.shop\\\/produkt\\\/loose-mineral-foundation\\\/\"]}]},{\"@type\":\"ImageObject\",\"inLanguage\":\"en-GB\",\"@id\":\"https:\\\/\\\/www.pure-beauty.shop\\\/produkt\\\/loose-mineral-foundation\\\/#primaryimage\",\"url\":\"https:\\\/\\\/www.pure-beauty.shop\\\/wp-content\\\/uploads\\\/2020\\\/10\\\/LMF-Amy-15g-e1609096600368.png\",\"contentUrl\":\"https:\\\/\\\/www.pure-beauty.shop\\\/wp-content\\\/uploads\\\/2020\\\/10\\\/LMF-Amy-15g-e1609096600368.png\",\"width\":800,\"height\":800},{\"@type\":\"BreadcrumbList\",\"@id\":\"https:\\\/\\\/www.pure-beauty.shop\\\/produkt\\\/loose-mineral-foundation\\\/#breadcrumb\",\"itemListElement\":[{\"@type\":\"ListItem\",\"position\":1,\"name\":\"Startseite\",\"item\":\"https:\\\/\\\/www.pure-beauty.shop\\\/\"},{\"@type\":\"ListItem\",\"position\":2,\"name\":\"Shop\",\"item\":\"https:\\\/\\\/www.pure-beauty.shop\\\/en\\\/shop\\\/\"},{\"@type\":\"ListItem\",\"position\":3,\"name\":\"Loose Mineral Foundation (1,5 g)\"}]},{\"@type\":\"WebSite\",\"@id\":\"https:\\\/\\\/www.pure-beauty.shop\\\/#website\",\"url\":\"https:\\\/\\\/www.pure-beauty.shop\\\/\",\"name\":\"Pure Beauty &amp; PANDHY&#039;S Shop\",\"description\":\"Kosmetikshop in Graz\",\"potentialAction\":[{\"@type\":\"SearchAction\",\"target\":{\"@type\":\"EntryPoint\",\"urlTemplate\":\"https:\\\/\\\/www.pure-beauty.shop\\\/?s={search_term_string}\"},\"query-input\":{\"@type\":\"PropertyValueSpecification\",\"valueRequired\":true,\"valueName\":\"search_term_string\"}}],\"inLanguage\":\"en-GB\"}]}<\/script>\n<!-- \/ Yoast SEO plugin. -->","yoast_head_json":{"title":"Loose Mineral Foundation (1,5 g) - Pure Beauty &amp; PANDHY&#039;S Shop","description":"Unsere Loose Mineral Foundation Linie besteht ausschlie\u00dflich aus reinen hochwertigen Mineralien - die Farben sind naturbelassen. Sie enth\u00e4lt keine F\u00fcllstoffe, die der optischen Verbesserung dienen, wie k\u00fcnstliche oder pflanzliche Zus\u00e4tze, \u00d6le oder Parfum. Die saubere Zusammensetzung sichert eine hervorragende Hautvertr\u00e4glichkeit - die Mineralien verbinden sich nicht mit der Haut und k\u00f6nnen dadurch nie Allergien ausl\u00f6sen. Die Farben lassen die Haut weicher und sch\u00f6ner, die Augen strahlender und die Lippen voller aussehen. Die Textur ist sehr long lasting und gibt der Haut einen Porzellan-Teint.","robots":{"index":"index","follow":"follow","max-snippet":"max-snippet:-1","max-image-preview":"max-image-preview:large","max-video-preview":"max-video-preview:-1"},"canonical":"https:\/\/www.pure-beauty.shop\/en\/product\/loose-mineral-foundation\/","og_locale":"en_GB","og_type":"article","og_title":"Loose Mineral Foundation (1,5 g) - Pure Beauty &amp; PANDHY&#039;S Shop","og_description":"Unsere Loose Mineral Foundation Linie besteht ausschlie\u00dflich aus reinen hochwertigen Mineralien - die Farben sind naturbelassen. Sie enth\u00e4lt keine F\u00fcllstoffe, die der optischen Verbesserung dienen, wie k\u00fcnstliche oder pflanzliche Zus\u00e4tze, \u00d6le oder Parfum. Die saubere Zusammensetzung sichert eine hervorragende Hautvertr\u00e4glichkeit - die Mineralien verbinden sich nicht mit der Haut und k\u00f6nnen dadurch nie Allergien ausl\u00f6sen. Die Farben lassen die Haut weicher und sch\u00f6ner, die Augen strahlender und die Lippen voller aussehen. Die Textur ist sehr long lasting und gibt der Haut einen Porzellan-Teint.","og_url":"https:\/\/www.pure-beauty.shop\/en\/product\/loose-mineral-foundation\/","og_site_name":"Pure Beauty &amp; PANDHY&#039;S Shop","article_modified_time":"2026-04-19T22:09:51+00:00","og_image":[{"width":800,"height":800,"url":"https:\/\/www.pure-beauty.shop\/wp-content\/uploads\/2020\/10\/LMF-Amy-15g-e1609096600368.png","type":"image\/png"}],"twitter_card":"summary_large_image","twitter_misc":{"Estimated reading time":"1 minute"},"schema":{"@context":"https:\/\/schema.org","@graph":[{"@type":"WebPage","@id":"https:\/\/www.pure-beauty.shop\/produkt\/loose-mineral-foundation\/","url":"https:\/\/www.pure-beauty.shop\/produkt\/loose-mineral-foundation\/","name":"Loose Mineral Foundation (1,5 g) - Pure Beauty &amp; PANDHY&#039;S Shop","isPartOf":{"@id":"https:\/\/www.pure-beauty.shop\/#website"},"primaryImageOfPage":{"@id":"https:\/\/www.pure-beauty.shop\/produkt\/loose-mineral-foundation\/#primaryimage"},"image":{"@id":"https:\/\/www.pure-beauty.shop\/produkt\/loose-mineral-foundation\/#primaryimage"},"thumbnailUrl":"https:\/\/www.pure-beauty.shop\/wp-content\/uploads\/2020\/10\/LMF-Amy-15g-e1609096600368.png","datePublished":"2020-10-23T10:26:44+00:00","dateModified":"2026-04-19T22:09:51+00:00","description":"Unsere Loose Mineral Foundation Linie besteht ausschlie\u00dflich aus reinen hochwertigen Mineralien - die Farben sind naturbelassen. Sie enth\u00e4lt keine F\u00fcllstoffe, die der optischen Verbesserung dienen, wie k\u00fcnstliche oder pflanzliche Zus\u00e4tze, \u00d6le oder Parfum. Die saubere Zusammensetzung sichert eine hervorragende Hautvertr\u00e4glichkeit - die Mineralien verbinden sich nicht mit der Haut und k\u00f6nnen dadurch nie Allergien ausl\u00f6sen. Die Farben lassen die Haut weicher und sch\u00f6ner, die Augen strahlender und die Lippen voller aussehen. Die Textur ist sehr long lasting und gibt der Haut einen Porzellan-Teint.","breadcrumb":{"@id":"https:\/\/www.pure-beauty.shop\/produkt\/loose-mineral-foundation\/#breadcrumb"},"inLanguage":"en-GB","potentialAction":[{"@type":"ReadAction","target":["https:\/\/www.pure-beauty.shop\/produkt\/loose-mineral-foundation\/"]}]},{"@type":"ImageObject","inLanguage":"en-GB","@id":"https:\/\/www.pure-beauty.shop\/produkt\/loose-mineral-foundation\/#primaryimage","url":"https:\/\/www.pure-beauty.shop\/wp-content\/uploads\/2020\/10\/LMF-Amy-15g-e1609096600368.png","contentUrl":"https:\/\/www.pure-beauty.shop\/wp-content\/uploads\/2020\/10\/LMF-Amy-15g-e1609096600368.png","width":800,"height":800},{"@type":"BreadcrumbList","@id":"https:\/\/www.pure-beauty.shop\/produkt\/loose-mineral-foundation\/#breadcrumb","itemListElement":[{"@type":"ListItem","position":1,"name":"Startseite","item":"https:\/\/www.pure-beauty.shop\/"},{"@type":"ListItem","position":2,"name":"Shop","item":"https:\/\/www.pure-beauty.shop\/en\/shop\/"},{"@type":"ListItem","position":3,"name":"Loose Mineral Foundation (1,5 g)"}]},{"@type":"WebSite","@id":"https:\/\/www.pure-beauty.shop\/#website","url":"https:\/\/www.pure-beauty.shop\/","name":"Pure Beauty &amp; PANDHY&#039;S Shop","description":"Kosmetikshop in Graz","potentialAction":[{"@type":"SearchAction","target":{"@type":"EntryPoint","urlTemplate":"https:\/\/www.pure-beauty.shop\/?s={search_term_string}"},"query-input":{"@type":"PropertyValueSpecification","valueRequired":true,"valueName":"search_term_string"}}],"inLanguage":"en-GB"}]}},"jetpack_sharing_enabled":true,"_links":{"self":[{"href":"https:\/\/www.pure-beauty.shop\/en\/wp-json\/wp\/v2\/product\/17524","targetHints":{"allow":["GET"]}}],"collection":[{"href":"https:\/\/www.pure-beauty.shop\/en\/wp-json\/wp\/v2\/product"}],"about":[{"href":"https:\/\/www.pure-beauty.shop\/en\/wp-json\/wp\/v2\/types\/product"}],"replies":[{"embeddable":true,"href":"https:\/\/www.pure-beauty.shop\/en\/wp-json\/wp\/v2\/comments?post=17524"}],"wp:featuredmedia":[{"embeddable":true,"href":"https:\/\/www.pure-beauty.shop\/en\/wp-json\/wp\/v2\/media\/18148"}],"wp:attachment":[{"href":"https:\/\/www.pure-beauty.shop\/en\/wp-json\/wp\/v2\/media?parent=17524"}],"wp:term":[{"taxonomy":"brand","embeddable":true,"href":"https:\/\/www.pure-beauty.shop\/en\/wp-json\/wp\/v2\/etheme_brands?post=17524"},{"taxonomy":"product_brand","embeddable":true,"href":"https:\/\/www.pure-beauty.shop\/en\/wp-json\/wp\/v2\/product_brand?post=17524"},{"taxonomy":"product_cat","embeddable":true,"href":"https:\/\/www.pure-beauty.shop\/en\/wp-json\/wp\/v2\/product_cat?post=17524"},{"taxonomy":"product_tag","embeddable":true,"href":"https:\/\/www.pure-beauty.shop\/en\/wp-json\/wp\/v2\/product_tag?post=17524"}],"curies":[{"name":"wp","href":"https:\/\/api.w.org\/{rel}","templated":true}]}}