{"id":17525,"date":"2020-10-23T12:26:44","date_gmt":"2020-10-23T10:26:44","guid":{"rendered":"https:\/\/www.pure-beauty.shop\/pure-beauty-shop\/produkt\/pandhys-flash-lash-mascara-8-ml\/"},"modified":"2026-04-19T23:18:31","modified_gmt":"2026-04-19T21:18:31","slug":"flash-lash-mascara","status":"publish","type":"product","link":"https:\/\/www.pure-beauty.shop\/en\/product\/flash-lash-mascara\/","title":{"rendered":"PANDHY\u2019S\u2122 Flash Lash Mascara (8 ml)"},"content":{"rendered":"<div class=\"wpb-content-wrapper\"><div class=\"vc_row wpb_row vc_row-fluid et_custom_uniqid_69f11b7a7ebee\"><div class=\"wpb_column vc_column_container vc_col-sm-12 et_custom_uniqid_69f11b7a7ebc7\"><div class=\"vc_column-inner\"><div class=\"wpb_wrapper\">\n\t<div class=\"wpb_text_column wpb_content_element\" >\n\t\t<div class=\"wpb_wrapper\">\n\t\t\t<p>Flash Lash Mascara f\u00fcr wundersch\u00f6ne Wimpern. Die erste Naturmascara, die kr\u00e4ftig getuschte Wimpern macht und nebenbei kaum sp\u00fcrbar ist! Die Wimpern werden sch\u00f6n definiert und erhalten dank der sehr leichten Textur einen tollen Schwung, ohne dabei zu verklumpen. Am Ende des Tages wird das Make-up nicht verschmiert. Durch die spezielle Zusammensetzung werden die Wimpern gepflegt: mit Bienen- und Carnaubawax, Argan\u00f6l und Kornblumenextrakt. Ein gesunder Einstieg f\u00fcr junge M\u00e4dchen in die dekorative Kosmetikwelt!<\/p>\n<h6>INCI: aqua (water), cera alba (beeswax), centaurea cyanus flower water, copernicia cerifera cera (carnauba wax), argania spinosa kernel oil, helianthus annuus seed cera (sunflower seed wax), polyglyceryl-6 distearate, propanediol, squalane, myrica pubescens fruit cera (wax), glyceryl caprylate, galactoarabinan, benzyl alcohol, jojoba esters, xanthan gum, polyglyceryl-3 beeswax, cetyl alcohol, sodium hydroxide, dehydroacetic acid, alumina, magnesium oxide, sodium benzoate, potassium sorbate, tocopherol, ascorbyl palmitate may contain (+\/-): ci 77499 \/ iron oxides<\/h6>\n\n\t\t<\/div>\n\t<\/div>\n<\/div><\/div><\/div><\/div>\n<\/div>","protected":false},"excerpt":{"rendered":"<p>die erste Naturmascara f\u00fcr wundersch\u00f6ne Wimpern<\/p>","protected":false},"featured_media":17985,"comment_status":"open","ping_status":"closed","template":"","meta":{"jetpack_post_was_ever_published":false},"etheme_brands":[{"term_id":206,"name":"MINERAL MAKEUP","slug":"mineralmakeup","term_group":0,"term_taxonomy_id":206,"taxonomy":"brand","description":"","parent":0,"count":14,"filter":"raw"}],"product_brand":[],"product_cat":[200,171,208],"product_tag":[],"class_list":{"0":"post-17525","1":"product","2":"type-product","3":"status-publish","4":"has-post-thumbnail","6":"brand-mineralmakeup","7":"product_cat-augen","8":"product_cat-make-up","9":"product_cat-mascara","11":"first","12":"instock","13":"taxable","14":"shipping-taxable","15":"purchasable","16":"product-type-simple"},"yoast_head":"<!-- This site is optimized with the Yoast SEO plugin v27.5 - https:\/\/yoast.com\/product\/yoast-seo-wordpress\/ -->\n<title>PANDHY\u2019S\u2122 Flash Lash Mascara (8 ml) - Pure Beauty &amp; PANDHY&#039;S Shop<\/title>\n<meta name=\"description\" content=\"Flash Lash Mascara f\u00fcr wundersch\u00f6ne Wimpern. Die erste Naturmascara, die kr\u00e4ftig getuschte Wimpern macht und nebenbei kaum sp\u00fcrbar ist! Die Wimpern werden sch\u00f6n definiert und erhalten dank der sehr leichten Textur einen tollen Schwung, ohne dabei zu verklumpen. Am Ende des Tages wird das Make-up nicht verschmiert. Durch die spezielle Zusammensetzung werden die Wimpern gepflegt: mit Bienen- und Carnaubawax, Argan\u00f6l und Kornblumenextrakt. Ein gesunder Einstieg f\u00fcr junge M\u00e4dchen in die dekorative Kosmetikwelt!\" \/>\n<meta name=\"robots\" content=\"index, follow, max-snippet:-1, max-image-preview:large, max-video-preview:-1\" \/>\n<link rel=\"canonical\" href=\"https:\/\/www.pure-beauty.shop\/en\/product\/flash-lash-mascara\/\" \/>\n<meta property=\"og:locale\" content=\"en_GB\" \/>\n<meta property=\"og:type\" content=\"article\" \/>\n<meta property=\"og:title\" content=\"PANDHY\u2019S\u2122 Flash Lash Mascara (8 ml) - Pure Beauty &amp; PANDHY&#039;S Shop\" \/>\n<meta property=\"og:description\" content=\"Flash Lash Mascara f\u00fcr wundersch\u00f6ne Wimpern. Die erste Naturmascara, die kr\u00e4ftig getuschte Wimpern macht und nebenbei kaum sp\u00fcrbar ist! Die Wimpern werden sch\u00f6n definiert und erhalten dank der sehr leichten Textur einen tollen Schwung, ohne dabei zu verklumpen. Am Ende des Tages wird das Make-up nicht verschmiert. Durch die spezielle Zusammensetzung werden die Wimpern gepflegt: mit Bienen- und Carnaubawax, Argan\u00f6l und Kornblumenextrakt. Ein gesunder Einstieg f\u00fcr junge M\u00e4dchen in die dekorative Kosmetikwelt!\" \/>\n<meta property=\"og:url\" content=\"https:\/\/www.pure-beauty.shop\/en\/product\/flash-lash-mascara\/\" \/>\n<meta property=\"og:site_name\" content=\"Pure Beauty &amp; PANDHY&#039;S Shop\" \/>\n<meta property=\"article:modified_time\" content=\"2026-04-19T21:18:31+00:00\" \/>\n<meta property=\"og:image\" content=\"https:\/\/www.pure-beauty.shop\/wp-content\/uploads\/2020\/10\/Mascara.jpg1_.jpg\" \/>\n\t<meta property=\"og:image:width\" content=\"2000\" \/>\n\t<meta property=\"og:image:height\" content=\"2000\" \/>\n\t<meta property=\"og:image:type\" content=\"image\/jpeg\" \/>\n<meta name=\"twitter:card\" content=\"summary_large_image\" \/>\n<meta name=\"twitter:label1\" content=\"Estimated reading time\" \/>\n\t<meta name=\"twitter:data1\" content=\"1 minute\" \/>\n<script type=\"application\/ld+json\" class=\"yoast-schema-graph\">{\"@context\":\"https:\\\/\\\/schema.org\",\"@graph\":[{\"@type\":\"WebPage\",\"@id\":\"https:\\\/\\\/www.pure-beauty.shop\\\/produkt\\\/flash-lash-mascara\\\/\",\"url\":\"https:\\\/\\\/www.pure-beauty.shop\\\/produkt\\\/flash-lash-mascara\\\/\",\"name\":\"PANDHY\u2019S\u2122 Flash Lash Mascara (8 ml) - Pure Beauty &amp; PANDHY&#039;S Shop\",\"isPartOf\":{\"@id\":\"https:\\\/\\\/www.pure-beauty.shop\\\/#website\"},\"primaryImageOfPage\":{\"@id\":\"https:\\\/\\\/www.pure-beauty.shop\\\/produkt\\\/flash-lash-mascara\\\/#primaryimage\"},\"image\":{\"@id\":\"https:\\\/\\\/www.pure-beauty.shop\\\/produkt\\\/flash-lash-mascara\\\/#primaryimage\"},\"thumbnailUrl\":\"https:\\\/\\\/www.pure-beauty.shop\\\/wp-content\\\/uploads\\\/2020\\\/10\\\/Mascara.jpg1_.jpg\",\"datePublished\":\"2020-10-23T10:26:44+00:00\",\"dateModified\":\"2026-04-19T21:18:31+00:00\",\"description\":\"Flash Lash Mascara f\u00fcr wundersch\u00f6ne Wimpern. Die erste Naturmascara, die kr\u00e4ftig getuschte Wimpern macht und nebenbei kaum sp\u00fcrbar ist! Die Wimpern werden sch\u00f6n definiert und erhalten dank der sehr leichten Textur einen tollen Schwung, ohne dabei zu verklumpen. Am Ende des Tages wird das Make-up nicht verschmiert. Durch die spezielle Zusammensetzung werden die Wimpern gepflegt: mit Bienen- und Carnaubawax, Argan\u00f6l und Kornblumenextrakt. Ein gesunder Einstieg f\u00fcr junge M\u00e4dchen in die dekorative Kosmetikwelt!\",\"breadcrumb\":{\"@id\":\"https:\\\/\\\/www.pure-beauty.shop\\\/produkt\\\/flash-lash-mascara\\\/#breadcrumb\"},\"inLanguage\":\"en-GB\",\"potentialAction\":[{\"@type\":\"ReadAction\",\"target\":[\"https:\\\/\\\/www.pure-beauty.shop\\\/produkt\\\/flash-lash-mascara\\\/\"]}]},{\"@type\":\"ImageObject\",\"inLanguage\":\"en-GB\",\"@id\":\"https:\\\/\\\/www.pure-beauty.shop\\\/produkt\\\/flash-lash-mascara\\\/#primaryimage\",\"url\":\"https:\\\/\\\/www.pure-beauty.shop\\\/wp-content\\\/uploads\\\/2020\\\/10\\\/Mascara.jpg1_.jpg\",\"contentUrl\":\"https:\\\/\\\/www.pure-beauty.shop\\\/wp-content\\\/uploads\\\/2020\\\/10\\\/Mascara.jpg1_.jpg\",\"width\":2000,\"height\":2000},{\"@type\":\"BreadcrumbList\",\"@id\":\"https:\\\/\\\/www.pure-beauty.shop\\\/produkt\\\/flash-lash-mascara\\\/#breadcrumb\",\"itemListElement\":[{\"@type\":\"ListItem\",\"position\":1,\"name\":\"Startseite\",\"item\":\"https:\\\/\\\/www.pure-beauty.shop\\\/\"},{\"@type\":\"ListItem\",\"position\":2,\"name\":\"Shop\",\"item\":\"https:\\\/\\\/www.pure-beauty.shop\\\/en\\\/shop\\\/\"},{\"@type\":\"ListItem\",\"position\":3,\"name\":\"PANDHY\u2019S\u2122 Flash Lash Mascara (8 ml)\"}]},{\"@type\":\"WebSite\",\"@id\":\"https:\\\/\\\/www.pure-beauty.shop\\\/#website\",\"url\":\"https:\\\/\\\/www.pure-beauty.shop\\\/\",\"name\":\"Pure Beauty &amp; PANDHY&#039;S Shop\",\"description\":\"Kosmetikshop in Graz\",\"potentialAction\":[{\"@type\":\"SearchAction\",\"target\":{\"@type\":\"EntryPoint\",\"urlTemplate\":\"https:\\\/\\\/www.pure-beauty.shop\\\/?s={search_term_string}\"},\"query-input\":{\"@type\":\"PropertyValueSpecification\",\"valueRequired\":true,\"valueName\":\"search_term_string\"}}],\"inLanguage\":\"en-GB\"}]}<\/script>\n<!-- \/ Yoast SEO plugin. -->","yoast_head_json":{"title":"PANDHY\u2019S\u2122 Flash Lash Mascara (8 ml) - Pure Beauty &amp; PANDHY&#039;S Shop","description":"Flash Lash Mascara f\u00fcr wundersch\u00f6ne Wimpern. Die erste Naturmascara, die kr\u00e4ftig getuschte Wimpern macht und nebenbei kaum sp\u00fcrbar ist! Die Wimpern werden sch\u00f6n definiert und erhalten dank der sehr leichten Textur einen tollen Schwung, ohne dabei zu verklumpen. Am Ende des Tages wird das Make-up nicht verschmiert. Durch die spezielle Zusammensetzung werden die Wimpern gepflegt: mit Bienen- und Carnaubawax, Argan\u00f6l und Kornblumenextrakt. Ein gesunder Einstieg f\u00fcr junge M\u00e4dchen in die dekorative Kosmetikwelt!","robots":{"index":"index","follow":"follow","max-snippet":"max-snippet:-1","max-image-preview":"max-image-preview:large","max-video-preview":"max-video-preview:-1"},"canonical":"https:\/\/www.pure-beauty.shop\/en\/product\/flash-lash-mascara\/","og_locale":"en_GB","og_type":"article","og_title":"PANDHY\u2019S\u2122 Flash Lash Mascara (8 ml) - Pure Beauty &amp; PANDHY&#039;S Shop","og_description":"Flash Lash Mascara f\u00fcr wundersch\u00f6ne Wimpern. Die erste Naturmascara, die kr\u00e4ftig getuschte Wimpern macht und nebenbei kaum sp\u00fcrbar ist! Die Wimpern werden sch\u00f6n definiert und erhalten dank der sehr leichten Textur einen tollen Schwung, ohne dabei zu verklumpen. Am Ende des Tages wird das Make-up nicht verschmiert. Durch die spezielle Zusammensetzung werden die Wimpern gepflegt: mit Bienen- und Carnaubawax, Argan\u00f6l und Kornblumenextrakt. Ein gesunder Einstieg f\u00fcr junge M\u00e4dchen in die dekorative Kosmetikwelt!","og_url":"https:\/\/www.pure-beauty.shop\/en\/product\/flash-lash-mascara\/","og_site_name":"Pure Beauty &amp; PANDHY&#039;S Shop","article_modified_time":"2026-04-19T21:18:31+00:00","og_image":[{"width":2000,"height":2000,"url":"https:\/\/www.pure-beauty.shop\/wp-content\/uploads\/2020\/10\/Mascara.jpg1_.jpg","type":"image\/jpeg"}],"twitter_card":"summary_large_image","twitter_misc":{"Estimated reading time":"1 minute"},"schema":{"@context":"https:\/\/schema.org","@graph":[{"@type":"WebPage","@id":"https:\/\/www.pure-beauty.shop\/produkt\/flash-lash-mascara\/","url":"https:\/\/www.pure-beauty.shop\/produkt\/flash-lash-mascara\/","name":"PANDHY\u2019S\u2122 Flash Lash Mascara (8 ml) - Pure Beauty &amp; PANDHY&#039;S Shop","isPartOf":{"@id":"https:\/\/www.pure-beauty.shop\/#website"},"primaryImageOfPage":{"@id":"https:\/\/www.pure-beauty.shop\/produkt\/flash-lash-mascara\/#primaryimage"},"image":{"@id":"https:\/\/www.pure-beauty.shop\/produkt\/flash-lash-mascara\/#primaryimage"},"thumbnailUrl":"https:\/\/www.pure-beauty.shop\/wp-content\/uploads\/2020\/10\/Mascara.jpg1_.jpg","datePublished":"2020-10-23T10:26:44+00:00","dateModified":"2026-04-19T21:18:31+00:00","description":"Flash Lash Mascara f\u00fcr wundersch\u00f6ne Wimpern. Die erste Naturmascara, die kr\u00e4ftig getuschte Wimpern macht und nebenbei kaum sp\u00fcrbar ist! Die Wimpern werden sch\u00f6n definiert und erhalten dank der sehr leichten Textur einen tollen Schwung, ohne dabei zu verklumpen. Am Ende des Tages wird das Make-up nicht verschmiert. Durch die spezielle Zusammensetzung werden die Wimpern gepflegt: mit Bienen- und Carnaubawax, Argan\u00f6l und Kornblumenextrakt. Ein gesunder Einstieg f\u00fcr junge M\u00e4dchen in die dekorative Kosmetikwelt!","breadcrumb":{"@id":"https:\/\/www.pure-beauty.shop\/produkt\/flash-lash-mascara\/#breadcrumb"},"inLanguage":"en-GB","potentialAction":[{"@type":"ReadAction","target":["https:\/\/www.pure-beauty.shop\/produkt\/flash-lash-mascara\/"]}]},{"@type":"ImageObject","inLanguage":"en-GB","@id":"https:\/\/www.pure-beauty.shop\/produkt\/flash-lash-mascara\/#primaryimage","url":"https:\/\/www.pure-beauty.shop\/wp-content\/uploads\/2020\/10\/Mascara.jpg1_.jpg","contentUrl":"https:\/\/www.pure-beauty.shop\/wp-content\/uploads\/2020\/10\/Mascara.jpg1_.jpg","width":2000,"height":2000},{"@type":"BreadcrumbList","@id":"https:\/\/www.pure-beauty.shop\/produkt\/flash-lash-mascara\/#breadcrumb","itemListElement":[{"@type":"ListItem","position":1,"name":"Startseite","item":"https:\/\/www.pure-beauty.shop\/"},{"@type":"ListItem","position":2,"name":"Shop","item":"https:\/\/www.pure-beauty.shop\/en\/shop\/"},{"@type":"ListItem","position":3,"name":"PANDHY\u2019S\u2122 Flash Lash Mascara (8 ml)"}]},{"@type":"WebSite","@id":"https:\/\/www.pure-beauty.shop\/#website","url":"https:\/\/www.pure-beauty.shop\/","name":"Pure Beauty &amp; PANDHY&#039;S Shop","description":"Kosmetikshop in Graz","potentialAction":[{"@type":"SearchAction","target":{"@type":"EntryPoint","urlTemplate":"https:\/\/www.pure-beauty.shop\/?s={search_term_string}"},"query-input":{"@type":"PropertyValueSpecification","valueRequired":true,"valueName":"search_term_string"}}],"inLanguage":"en-GB"}]}},"jetpack_sharing_enabled":true,"_links":{"self":[{"href":"https:\/\/www.pure-beauty.shop\/en\/wp-json\/wp\/v2\/product\/17525","targetHints":{"allow":["GET"]}}],"collection":[{"href":"https:\/\/www.pure-beauty.shop\/en\/wp-json\/wp\/v2\/product"}],"about":[{"href":"https:\/\/www.pure-beauty.shop\/en\/wp-json\/wp\/v2\/types\/product"}],"replies":[{"embeddable":true,"href":"https:\/\/www.pure-beauty.shop\/en\/wp-json\/wp\/v2\/comments?post=17525"}],"wp:featuredmedia":[{"embeddable":true,"href":"https:\/\/www.pure-beauty.shop\/en\/wp-json\/wp\/v2\/media\/17985"}],"wp:attachment":[{"href":"https:\/\/www.pure-beauty.shop\/en\/wp-json\/wp\/v2\/media?parent=17525"}],"wp:term":[{"taxonomy":"brand","embeddable":true,"href":"https:\/\/www.pure-beauty.shop\/en\/wp-json\/wp\/v2\/etheme_brands?post=17525"},{"taxonomy":"product_brand","embeddable":true,"href":"https:\/\/www.pure-beauty.shop\/en\/wp-json\/wp\/v2\/product_brand?post=17525"},{"taxonomy":"product_cat","embeddable":true,"href":"https:\/\/www.pure-beauty.shop\/en\/wp-json\/wp\/v2\/product_cat?post=17525"},{"taxonomy":"product_tag","embeddable":true,"href":"https:\/\/www.pure-beauty.shop\/en\/wp-json\/wp\/v2\/product_tag?post=17525"}],"curies":[{"name":"wp","href":"https:\/\/api.w.org\/{rel}","templated":true}]}}