{"id":17586,"date":"2020-10-23T12:27:12","date_gmt":"2020-10-23T10:27:12","guid":{"rendered":"https:\/\/www.pure-beauty.shop\/pure-beauty-shop\/produkt\/pandhys-cosmix-nightbooster-20-ml\/"},"modified":"2026-04-11T14:35:12","modified_gmt":"2026-04-11T12:35:12","slug":"nightbooster","status":"publish","type":"product","link":"https:\/\/www.pure-beauty.shop\/en\/product\/nightbooster\/","title":{"rendered":"COSMIX NightBooster (30 ml)"},"content":{"rendered":"<div class=\"wpb-content-wrapper\"><div class=\"vc_row wpb_row vc_row-fluid et_custom_uniqid_69e4750733af0\"><div class=\"wpb_column vc_column_container vc_col-sm-12 et_custom_uniqid_69e4750733acb\"><div class=\"vc_column-inner\"><div class=\"wpb_wrapper\">\n\t<div class=\"wpb_text_column wpb_content_element\" >\n\t\t<div class=\"wpb_wrapper\">\n\t\t\t<div class=\"vc_row wpb_row vc_row-fluid et_custom_uniqid_63b345db7bb64 mpc-row\">\n<div class=\"wpb_column vc_column_container vc_col-sm-12 et_custom_uniqid_63b345db7a504 mpc-column\" data-column-id=\"mpc_column-5063b345e31b91e\">\n<div class=\"vc_column-inner\">\n<div class=\"wpb_wrapper\">\n<div class=\"wpb_text_column wpb_content_element\">\n<div class=\"wpb_wrapper\">\n<p data-start=\"79\" data-end=\"386\">Der NightBooster ist ein hochwirksamer Regenerationsbeschleuniger f\u00fcr die Nacht und unterst\u00fctzt die Haut dabei, sich auch bei verk\u00fcrzter Erholungsphase optimal zu regenerieren. Besonders bei stress-, alters- oder hormonell bedingter Schlaflosigkeit hilft er, die nat\u00fcrliche Regeneration der Haut zu f\u00f6rdern.<\/p>\n<p data-start=\"388\" data-end=\"664\">Die Formulierung regt die Mikrozirkulation an, unterst\u00fctzt die Entgiftung und stimuliert die Zellteilung. Gleichzeitig werden Stoffwechselprozesse aktiviert, die Energieproduktion der Hautzellen gesteigert und die Haut in ihrer n\u00e4chtlichen Reparaturphase intensiv unterst\u00fctzt.<\/p>\n<p data-start=\"666\" data-end=\"886\">Der NightBooster hilft, Toxine zu beseitigen, Zelloxidation zu verlangsamen und die Bildung freier Radikale zu reduzieren. So werden tags\u00fcber entstandene Sch\u00e4den effektiv ausgeglichen und die Haut sichtbar revitalisiert.<\/p>\n<p data-start=\"888\" data-end=\"1051\">Bereits nach kurzer Zeit wirkt die Haut entspannter, rosiger und strahlender \u2013 ideal f\u00fcr alle, die ihrer Haut trotz kurzer N\u00e4chte maximale Erholung bieten m\u00f6chten.<\/p>\n<p>Wirkungsweise:<br \/>\nDer Regenerations- und Reparaturprozess der Haut ist in der Nacht am aktivsten. Studien zeigen, dass die Zellregeneration der Haut in der Nacht beinahe doppelt so aktiv ist und zwischen 23:00 und 4:00 Uhr am aktivsten ist. Die Kollagenproduktion wird hochgetrieben, freie Radikale werden zerst\u00f6rt und Zellsch\u00e4den behoben. Allerdings verlangsamen sich diese nachtaktiven Prozesse als Resultat von Umweltsch\u00e4den. Aus diesem Grund ben\u00f6tigt die Haut einen intensiven Booster f\u00fcr Ihren Nachtreparatur-Mechanismus. Die Zusammenwirkung von der Wunderblume, den Mammutbl\u00e4ttern, der Traubenbl\u00fcte und dem Sonnenblumen\u00f6l erm\u00f6glicht diese kraftvolle Transfomation der Haut.<\/p>\n<p>Anwendung:<br \/>\nBeim Auftragen direkt auf die Haut: Ein- oder zweimal (0,15 \/ 0,30 ml) in die Handfl\u00e4che pumpen, den Booster mit den H\u00e4nden aufw\u00e4rmen und danach sanft auf das Gesicht aufteilen. Eine gr\u00fcndliche Verteilung mit den H\u00e4nden, bis es vollst\u00e4ndig aufgenommen wird, ist sehr wichtig. Halten Sie einige Sekunden lang die Handfl\u00e4chen auf Ihr Gesicht gedr\u00fcckt, weil die W\u00e4rme eine tiefere und schnellere Aufnahme erm\u00f6glicht. Wenn Sie ihn mit anderen Formeln mischen m\u00f6chten: Pumpen Sie einmal von dem gew\u00fcnschten Booster und vermischen Sie ihn mit Ihrer individuellen COSMIX Maske oder Creme.<\/p>\n<p>Unser Tipp: Einmal t\u00e4glich abends anwenden und z\u00fcgig aufbrauchen.<\/p>\n<h6>INCI: squalane, sunflower (helianthus annuus) seed oil, four o\u2019clock flower (mirabilis jalapa callus) extract, coastal \/ california redwood (sequoia sempervirens) leaf cell extract, grape (vitis vinifera) flower cell extract<\/h6>\n<\/div>\n<\/div>\n<\/div>\n<\/div>\n<\/div>\n<\/div>\n\n\t\t<\/div>\n\t<\/div>\n<\/div><\/div><\/div><\/div>\n<\/div>","protected":false},"excerpt":{"rendered":"<p data-start=\"1078\" data-end=\"1160\">NightBooster \u2013 regeneriert die Haut \u00fcber Nacht und sorgt f\u00fcr frische Ausstrahlung.<\/p>","protected":false},"featured_media":21115,"comment_status":"open","ping_status":"closed","template":"","meta":{"jetpack_post_was_ever_published":false},"etheme_brands":[{"term_id":205,"name":"COSMIX","slug":"cosmix","term_group":0,"term_taxonomy_id":205,"taxonomy":"brand","description":"","parent":0,"count":37,"filter":"raw"}],"product_brand":[],"product_cat":[172,170,177],"product_tag":[],"class_list":{"0":"post-17586","1":"product","2":"type-product","3":"status-publish","4":"has-post-thumbnail","6":"brand-cosmix","7":"product_cat-gesicht","8":"product_cat-pflege","9":"product_cat-serum_booster_ampullen","11":"first","12":"instock","13":"taxable","14":"shipping-taxable","15":"purchasable","16":"product-type-simple"},"yoast_head":"<!-- This site is optimized with the Yoast SEO plugin v27.4 - https:\/\/yoast.com\/product\/yoast-seo-wordpress\/ -->\n<title>COSMIX NightBooster (30 ml) - Pure Beauty &amp; PANDHY&#039;S Shop<\/title>\n<meta name=\"description\" content=\"NightBooster \u2013 f\u00f6rdert die n\u00e4chtliche Hautregeneration, reduziert Stressfolgen und sorgt f\u00fcr eine strahlende, erholte Haut am Morgen.\" \/>\n<meta name=\"robots\" content=\"index, follow, max-snippet:-1, max-image-preview:large, max-video-preview:-1\" \/>\n<link rel=\"canonical\" href=\"https:\/\/www.pure-beauty.shop\/en\/product\/nightbooster\/\" \/>\n<meta property=\"og:locale\" content=\"en_GB\" \/>\n<meta property=\"og:type\" content=\"article\" \/>\n<meta property=\"og:title\" content=\"COSMIX NightBooster (30 ml) - Pure Beauty &amp; PANDHY&#039;S Shop\" \/>\n<meta property=\"og:description\" content=\"NightBooster \u2013 f\u00f6rdert die n\u00e4chtliche Hautregeneration, reduziert Stressfolgen und sorgt f\u00fcr eine strahlende, erholte Haut am Morgen.\" \/>\n<meta property=\"og:url\" content=\"https:\/\/www.pure-beauty.shop\/en\/product\/nightbooster\/\" \/>\n<meta property=\"og:site_name\" content=\"Pure Beauty &amp; PANDHY&#039;S Shop\" \/>\n<meta property=\"article:modified_time\" content=\"2026-04-11T12:35:12+00:00\" \/>\n<meta property=\"og:image\" content=\"https:\/\/www.pure-beauty.shop\/wp-content\/uploads\/2020\/10\/Online-Shop-Bilder-22.png\" \/>\n\t<meta property=\"og:image:width\" content=\"1400\" \/>\n\t<meta property=\"og:image:height\" content=\"1400\" \/>\n\t<meta property=\"og:image:type\" content=\"image\/png\" \/>\n<meta name=\"twitter:card\" content=\"summary_large_image\" \/>\n<meta name=\"twitter:label1\" content=\"Estimated reading time\" \/>\n\t<meta name=\"twitter:data1\" content=\"2 minutes\" \/>\n<script type=\"application\/ld+json\" class=\"yoast-schema-graph\">{\"@context\":\"https:\\\/\\\/schema.org\",\"@graph\":[{\"@type\":\"WebPage\",\"@id\":\"https:\\\/\\\/www.pure-beauty.shop\\\/produkt\\\/nightbooster\\\/\",\"url\":\"https:\\\/\\\/www.pure-beauty.shop\\\/produkt\\\/nightbooster\\\/\",\"name\":\"COSMIX NightBooster (30 ml) - Pure Beauty &amp; PANDHY&#039;S Shop\",\"isPartOf\":{\"@id\":\"https:\\\/\\\/www.pure-beauty.shop\\\/#website\"},\"primaryImageOfPage\":{\"@id\":\"https:\\\/\\\/www.pure-beauty.shop\\\/produkt\\\/nightbooster\\\/#primaryimage\"},\"image\":{\"@id\":\"https:\\\/\\\/www.pure-beauty.shop\\\/produkt\\\/nightbooster\\\/#primaryimage\"},\"thumbnailUrl\":\"https:\\\/\\\/www.pure-beauty.shop\\\/wp-content\\\/uploads\\\/2020\\\/10\\\/Online-Shop-Bilder-22.png\",\"datePublished\":\"2020-10-23T10:27:12+00:00\",\"dateModified\":\"2026-04-11T12:35:12+00:00\",\"description\":\"NightBooster \u2013 f\u00f6rdert die n\u00e4chtliche Hautregeneration, reduziert Stressfolgen und sorgt f\u00fcr eine strahlende, erholte Haut am Morgen.\",\"breadcrumb\":{\"@id\":\"https:\\\/\\\/www.pure-beauty.shop\\\/produkt\\\/nightbooster\\\/#breadcrumb\"},\"inLanguage\":\"en-GB\",\"potentialAction\":[{\"@type\":\"ReadAction\",\"target\":[\"https:\\\/\\\/www.pure-beauty.shop\\\/produkt\\\/nightbooster\\\/\"]}]},{\"@type\":\"ImageObject\",\"inLanguage\":\"en-GB\",\"@id\":\"https:\\\/\\\/www.pure-beauty.shop\\\/produkt\\\/nightbooster\\\/#primaryimage\",\"url\":\"https:\\\/\\\/www.pure-beauty.shop\\\/wp-content\\\/uploads\\\/2020\\\/10\\\/Online-Shop-Bilder-22.png\",\"contentUrl\":\"https:\\\/\\\/www.pure-beauty.shop\\\/wp-content\\\/uploads\\\/2020\\\/10\\\/Online-Shop-Bilder-22.png\",\"width\":1400,\"height\":1400},{\"@type\":\"BreadcrumbList\",\"@id\":\"https:\\\/\\\/www.pure-beauty.shop\\\/produkt\\\/nightbooster\\\/#breadcrumb\",\"itemListElement\":[{\"@type\":\"ListItem\",\"position\":1,\"name\":\"Startseite\",\"item\":\"https:\\\/\\\/www.pure-beauty.shop\\\/\"},{\"@type\":\"ListItem\",\"position\":2,\"name\":\"Shop\",\"item\":\"https:\\\/\\\/www.pure-beauty.shop\\\/en\\\/shop\\\/\"},{\"@type\":\"ListItem\",\"position\":3,\"name\":\"COSMIX NightBooster (30 ml)\"}]},{\"@type\":\"WebSite\",\"@id\":\"https:\\\/\\\/www.pure-beauty.shop\\\/#website\",\"url\":\"https:\\\/\\\/www.pure-beauty.shop\\\/\",\"name\":\"Pure Beauty &amp; PANDHY&#039;S Shop\",\"description\":\"Kosmetikshop in Graz\",\"potentialAction\":[{\"@type\":\"SearchAction\",\"target\":{\"@type\":\"EntryPoint\",\"urlTemplate\":\"https:\\\/\\\/www.pure-beauty.shop\\\/?s={search_term_string}\"},\"query-input\":{\"@type\":\"PropertyValueSpecification\",\"valueRequired\":true,\"valueName\":\"search_term_string\"}}],\"inLanguage\":\"en-GB\"}]}<\/script>\n<!-- \/ Yoast SEO plugin. -->","yoast_head_json":{"title":"COSMIX NightBooster (30 ml) - Pure Beauty &amp; PANDHY&#039;S Shop","description":"NightBooster \u2013 f\u00f6rdert die n\u00e4chtliche Hautregeneration, reduziert Stressfolgen und sorgt f\u00fcr eine strahlende, erholte Haut am Morgen.","robots":{"index":"index","follow":"follow","max-snippet":"max-snippet:-1","max-image-preview":"max-image-preview:large","max-video-preview":"max-video-preview:-1"},"canonical":"https:\/\/www.pure-beauty.shop\/en\/product\/nightbooster\/","og_locale":"en_GB","og_type":"article","og_title":"COSMIX NightBooster (30 ml) - Pure Beauty &amp; PANDHY&#039;S Shop","og_description":"NightBooster \u2013 f\u00f6rdert die n\u00e4chtliche Hautregeneration, reduziert Stressfolgen und sorgt f\u00fcr eine strahlende, erholte Haut am Morgen.","og_url":"https:\/\/www.pure-beauty.shop\/en\/product\/nightbooster\/","og_site_name":"Pure Beauty &amp; PANDHY&#039;S Shop","article_modified_time":"2026-04-11T12:35:12+00:00","og_image":[{"width":1400,"height":1400,"url":"https:\/\/www.pure-beauty.shop\/wp-content\/uploads\/2020\/10\/Online-Shop-Bilder-22.png","type":"image\/png"}],"twitter_card":"summary_large_image","twitter_misc":{"Estimated reading time":"2 minutes"},"schema":{"@context":"https:\/\/schema.org","@graph":[{"@type":"WebPage","@id":"https:\/\/www.pure-beauty.shop\/produkt\/nightbooster\/","url":"https:\/\/www.pure-beauty.shop\/produkt\/nightbooster\/","name":"COSMIX NightBooster (30 ml) - Pure Beauty &amp; PANDHY&#039;S Shop","isPartOf":{"@id":"https:\/\/www.pure-beauty.shop\/#website"},"primaryImageOfPage":{"@id":"https:\/\/www.pure-beauty.shop\/produkt\/nightbooster\/#primaryimage"},"image":{"@id":"https:\/\/www.pure-beauty.shop\/produkt\/nightbooster\/#primaryimage"},"thumbnailUrl":"https:\/\/www.pure-beauty.shop\/wp-content\/uploads\/2020\/10\/Online-Shop-Bilder-22.png","datePublished":"2020-10-23T10:27:12+00:00","dateModified":"2026-04-11T12:35:12+00:00","description":"NightBooster \u2013 f\u00f6rdert die n\u00e4chtliche Hautregeneration, reduziert Stressfolgen und sorgt f\u00fcr eine strahlende, erholte Haut am Morgen.","breadcrumb":{"@id":"https:\/\/www.pure-beauty.shop\/produkt\/nightbooster\/#breadcrumb"},"inLanguage":"en-GB","potentialAction":[{"@type":"ReadAction","target":["https:\/\/www.pure-beauty.shop\/produkt\/nightbooster\/"]}]},{"@type":"ImageObject","inLanguage":"en-GB","@id":"https:\/\/www.pure-beauty.shop\/produkt\/nightbooster\/#primaryimage","url":"https:\/\/www.pure-beauty.shop\/wp-content\/uploads\/2020\/10\/Online-Shop-Bilder-22.png","contentUrl":"https:\/\/www.pure-beauty.shop\/wp-content\/uploads\/2020\/10\/Online-Shop-Bilder-22.png","width":1400,"height":1400},{"@type":"BreadcrumbList","@id":"https:\/\/www.pure-beauty.shop\/produkt\/nightbooster\/#breadcrumb","itemListElement":[{"@type":"ListItem","position":1,"name":"Startseite","item":"https:\/\/www.pure-beauty.shop\/"},{"@type":"ListItem","position":2,"name":"Shop","item":"https:\/\/www.pure-beauty.shop\/en\/shop\/"},{"@type":"ListItem","position":3,"name":"COSMIX NightBooster (30 ml)"}]},{"@type":"WebSite","@id":"https:\/\/www.pure-beauty.shop\/#website","url":"https:\/\/www.pure-beauty.shop\/","name":"Pure Beauty &amp; PANDHY&#039;S Shop","description":"Kosmetikshop in Graz","potentialAction":[{"@type":"SearchAction","target":{"@type":"EntryPoint","urlTemplate":"https:\/\/www.pure-beauty.shop\/?s={search_term_string}"},"query-input":{"@type":"PropertyValueSpecification","valueRequired":true,"valueName":"search_term_string"}}],"inLanguage":"en-GB"}]}},"jetpack_sharing_enabled":true,"_links":{"self":[{"href":"https:\/\/www.pure-beauty.shop\/en\/wp-json\/wp\/v2\/product\/17586","targetHints":{"allow":["GET"]}}],"collection":[{"href":"https:\/\/www.pure-beauty.shop\/en\/wp-json\/wp\/v2\/product"}],"about":[{"href":"https:\/\/www.pure-beauty.shop\/en\/wp-json\/wp\/v2\/types\/product"}],"replies":[{"embeddable":true,"href":"https:\/\/www.pure-beauty.shop\/en\/wp-json\/wp\/v2\/comments?post=17586"}],"wp:featuredmedia":[{"embeddable":true,"href":"https:\/\/www.pure-beauty.shop\/en\/wp-json\/wp\/v2\/media\/21115"}],"wp:attachment":[{"href":"https:\/\/www.pure-beauty.shop\/en\/wp-json\/wp\/v2\/media?parent=17586"}],"wp:term":[{"taxonomy":"brand","embeddable":true,"href":"https:\/\/www.pure-beauty.shop\/en\/wp-json\/wp\/v2\/etheme_brands?post=17586"},{"taxonomy":"product_brand","embeddable":true,"href":"https:\/\/www.pure-beauty.shop\/en\/wp-json\/wp\/v2\/product_brand?post=17586"},{"taxonomy":"product_cat","embeddable":true,"href":"https:\/\/www.pure-beauty.shop\/en\/wp-json\/wp\/v2\/product_cat?post=17586"},{"taxonomy":"product_tag","embeddable":true,"href":"https:\/\/www.pure-beauty.shop\/en\/wp-json\/wp\/v2\/product_tag?post=17586"}],"curies":[{"name":"wp","href":"https:\/\/api.w.org\/{rel}","templated":true}]}}