{"id":17600,"date":"2020-10-23T12:27:18","date_gmt":"2020-10-23T10:27:18","guid":{"rendered":"https:\/\/www.pure-beauty.shop\/pure-beauty-shop\/produkt\/pandhys-rosa-quartz-massage-mushroom-2-pcs\/"},"modified":"2026-04-20T00:07:53","modified_gmt":"2026-04-19T22:07:53","slug":"rosa-quartz-massage-mushroom","status":"publish","type":"product","link":"https:\/\/www.pure-beauty.shop\/en\/product\/rosa-quartz-massage-mushroom\/","title":{"rendered":"PANDHY\u2019S\u2122 Rosenquarz Massage Mushroom (2 St\u00fcck)"},"content":{"rendered":"<div class=\"wpb-content-wrapper\"><div class=\"vc_row wpb_row vc_row-fluid et_custom_uniqid_69e76add5ba5a\"><div class=\"wpb_column vc_column_container vc_col-sm-12 et_custom_uniqid_69e76add5ba35\"><div class=\"vc_column-inner\"><div class=\"wpb_wrapper\">\n\t<div class=\"wpb_text_column wpb_content_element\" >\n\t\t<div class=\"wpb_wrapper\">\n\t\t\t<p data-start=\"79\" data-end=\"376\">Die Rosenquarzsteine in Pilzform im praktischen 2er Set sind ideal f\u00fcr die professionelle Rosenquarzmassage im Studio sowie f\u00fcr die t\u00e4gliche Anwendung zu Hause. Durch ihre ergonomische Form liegen sie angenehm in der Hand und erm\u00f6glichen eine gezielte, entspannende Massage von Gesicht und K\u00f6rper.<\/p>\n<p data-start=\"378\" data-end=\"581\">Rosenquarz gilt als Stein der Liebe, Selbstliebe und Akzeptanz. Seine sanften Schwingungen wirken beruhigend, unterst\u00fctzen das emotionale Gleichgewicht und tragen zur Harmonisierung des Herzrhythmus bei.<\/p>\n<p data-start=\"583\" data-end=\"761\">In der Anwendung f\u00f6rdern die Steine die Durchblutung, entspannen die Muskulatur und unterst\u00fctzen ein strahlendes, ausgeglichenes Hautbild \u2013 f\u00fcr ein ganzheitliches Pflegeerlebnis.<\/p>\n\n\t\t<\/div>\n\t<\/div>\n<\/div><\/div><\/div><\/div>\n<\/div>","protected":false},"excerpt":{"rendered":"<p data-start=\"788\" data-end=\"860\">Rosenquarz-Pilze \u2013 entspannende Massage f\u00fcr Haut, Herz und Wohlbefinden.<\/p>","protected":false},"featured_media":19224,"comment_status":"open","ping_status":"closed","template":"","meta":{"jetpack_post_was_ever_published":false},"etheme_brands":[{"term_id":203,"name":"PANDHY'S\u2122","slug":"pandhys","term_group":0,"term_taxonomy_id":203,"taxonomy":"brand","description":"","parent":0,"count":63,"filter":"raw"}],"product_brand":[],"product_cat":[172,170,188,580],"product_tag":[],"class_list":{"0":"post-17600","1":"product","2":"type-product","3":"status-publish","4":"has-post-thumbnail","6":"brand-pandhys","7":"product_cat-gesicht","8":"product_cat-pflege","9":"product_cat-tools","10":"product_cat-tools-marketing","12":"first","13":"instock","14":"taxable","15":"shipping-taxable","16":"purchasable","17":"product-type-simple"},"yoast_head":"<!-- This site is optimized with the Yoast SEO plugin v27.4 - https:\/\/yoast.com\/product\/yoast-seo-wordpress\/ -->\n<title>PANDHY\u2019S\u2122 Rosenquarz Massage Mushroom (2 St\u00fcck) - Pure Beauty &amp; PANDHY&#039;S Shop<\/title>\n<meta name=\"description\" content=\"Rosenquarz Massage Steine im 2er Set \u2013 f\u00f6rdern Entspannung, Durchblutung und Hautstrahlung. Ideal f\u00fcr Gesichtsmassage im Studio &amp; zu Hause.\" \/>\n<meta name=\"robots\" content=\"index, follow, max-snippet:-1, max-image-preview:large, max-video-preview:-1\" \/>\n<link rel=\"canonical\" href=\"https:\/\/www.pure-beauty.shop\/en\/product\/rosa-quartz-massage-mushroom\/\" \/>\n<meta property=\"og:locale\" content=\"en_GB\" \/>\n<meta property=\"og:type\" content=\"article\" \/>\n<meta property=\"og:title\" content=\"PANDHY\u2019S\u2122 Rosenquarz Massage Mushroom (2 St\u00fcck) - Pure Beauty &amp; PANDHY&#039;S Shop\" \/>\n<meta property=\"og:description\" content=\"Rosenquarz Massage Steine im 2er Set \u2013 f\u00f6rdern Entspannung, Durchblutung und Hautstrahlung. Ideal f\u00fcr Gesichtsmassage im Studio &amp; zu Hause.\" \/>\n<meta property=\"og:url\" content=\"https:\/\/www.pure-beauty.shop\/en\/product\/rosa-quartz-massage-mushroom\/\" \/>\n<meta property=\"og:site_name\" content=\"Pure Beauty &amp; PANDHY&#039;S Shop\" \/>\n<meta property=\"article:modified_time\" content=\"2026-04-19T22:07:53+00:00\" \/>\n<meta property=\"og:image\" content=\"https:\/\/www.pure-beauty.shop\/wp-content\/uploads\/2020\/10\/Rosa_Quartz-Kopie-1024x1024.png\" \/>\n\t<meta property=\"og:image:width\" content=\"1024\" \/>\n\t<meta property=\"og:image:height\" content=\"1024\" \/>\n\t<meta property=\"og:image:type\" content=\"image\/png\" \/>\n<meta name=\"twitter:card\" content=\"summary_large_image\" \/>\n<meta name=\"twitter:label1\" content=\"Estimated reading time\" \/>\n\t<meta name=\"twitter:data1\" content=\"1 minute\" \/>\n<script type=\"application\/ld+json\" class=\"yoast-schema-graph\">{\"@context\":\"https:\\\/\\\/schema.org\",\"@graph\":[{\"@type\":\"WebPage\",\"@id\":\"https:\\\/\\\/www.pure-beauty.shop\\\/produkt\\\/rosa-quartz-massage-mushroom\\\/\",\"url\":\"https:\\\/\\\/www.pure-beauty.shop\\\/produkt\\\/rosa-quartz-massage-mushroom\\\/\",\"name\":\"PANDHY\u2019S\u2122 Rosenquarz Massage Mushroom (2 St\u00fcck) - Pure Beauty &amp; PANDHY&#039;S Shop\",\"isPartOf\":{\"@id\":\"https:\\\/\\\/www.pure-beauty.shop\\\/#website\"},\"primaryImageOfPage\":{\"@id\":\"https:\\\/\\\/www.pure-beauty.shop\\\/produkt\\\/rosa-quartz-massage-mushroom\\\/#primaryimage\"},\"image\":{\"@id\":\"https:\\\/\\\/www.pure-beauty.shop\\\/produkt\\\/rosa-quartz-massage-mushroom\\\/#primaryimage\"},\"thumbnailUrl\":\"https:\\\/\\\/www.pure-beauty.shop\\\/wp-content\\\/uploads\\\/2020\\\/10\\\/Rosa_Quartz-Kopie.png\",\"datePublished\":\"2020-10-23T10:27:18+00:00\",\"dateModified\":\"2026-04-19T22:07:53+00:00\",\"description\":\"Rosenquarz Massage Steine im 2er Set \u2013 f\u00f6rdern Entspannung, Durchblutung und Hautstrahlung. Ideal f\u00fcr Gesichtsmassage im Studio & zu Hause.\",\"breadcrumb\":{\"@id\":\"https:\\\/\\\/www.pure-beauty.shop\\\/produkt\\\/rosa-quartz-massage-mushroom\\\/#breadcrumb\"},\"inLanguage\":\"en-GB\",\"potentialAction\":[{\"@type\":\"ReadAction\",\"target\":[\"https:\\\/\\\/www.pure-beauty.shop\\\/produkt\\\/rosa-quartz-massage-mushroom\\\/\"]}]},{\"@type\":\"ImageObject\",\"inLanguage\":\"en-GB\",\"@id\":\"https:\\\/\\\/www.pure-beauty.shop\\\/produkt\\\/rosa-quartz-massage-mushroom\\\/#primaryimage\",\"url\":\"https:\\\/\\\/www.pure-beauty.shop\\\/wp-content\\\/uploads\\\/2020\\\/10\\\/Rosa_Quartz-Kopie.png\",\"contentUrl\":\"https:\\\/\\\/www.pure-beauty.shop\\\/wp-content\\\/uploads\\\/2020\\\/10\\\/Rosa_Quartz-Kopie.png\",\"width\":2001,\"height\":2001},{\"@type\":\"BreadcrumbList\",\"@id\":\"https:\\\/\\\/www.pure-beauty.shop\\\/produkt\\\/rosa-quartz-massage-mushroom\\\/#breadcrumb\",\"itemListElement\":[{\"@type\":\"ListItem\",\"position\":1,\"name\":\"Startseite\",\"item\":\"https:\\\/\\\/www.pure-beauty.shop\\\/\"},{\"@type\":\"ListItem\",\"position\":2,\"name\":\"Shop\",\"item\":\"https:\\\/\\\/www.pure-beauty.shop\\\/en\\\/shop\\\/\"},{\"@type\":\"ListItem\",\"position\":3,\"name\":\"PANDHY\u2019S\u2122 Rosenquarz Massage Mushroom (2 St\u00fcck)\"}]},{\"@type\":\"WebSite\",\"@id\":\"https:\\\/\\\/www.pure-beauty.shop\\\/#website\",\"url\":\"https:\\\/\\\/www.pure-beauty.shop\\\/\",\"name\":\"Pure Beauty &amp; PANDHY&#039;S Shop\",\"description\":\"Kosmetikshop in Graz\",\"potentialAction\":[{\"@type\":\"SearchAction\",\"target\":{\"@type\":\"EntryPoint\",\"urlTemplate\":\"https:\\\/\\\/www.pure-beauty.shop\\\/?s={search_term_string}\"},\"query-input\":{\"@type\":\"PropertyValueSpecification\",\"valueRequired\":true,\"valueName\":\"search_term_string\"}}],\"inLanguage\":\"en-GB\"}]}<\/script>\n<!-- \/ Yoast SEO plugin. -->","yoast_head_json":{"title":"PANDHY\u2019S\u2122 Rosenquarz Massage Mushroom (2 St\u00fcck) - Pure Beauty &amp; PANDHY&#039;S Shop","description":"Rosenquarz Massage Steine im 2er Set \u2013 f\u00f6rdern Entspannung, Durchblutung und Hautstrahlung. Ideal f\u00fcr Gesichtsmassage im Studio & zu Hause.","robots":{"index":"index","follow":"follow","max-snippet":"max-snippet:-1","max-image-preview":"max-image-preview:large","max-video-preview":"max-video-preview:-1"},"canonical":"https:\/\/www.pure-beauty.shop\/en\/product\/rosa-quartz-massage-mushroom\/","og_locale":"en_GB","og_type":"article","og_title":"PANDHY\u2019S\u2122 Rosenquarz Massage Mushroom (2 St\u00fcck) - Pure Beauty &amp; PANDHY&#039;S Shop","og_description":"Rosenquarz Massage Steine im 2er Set \u2013 f\u00f6rdern Entspannung, Durchblutung und Hautstrahlung. Ideal f\u00fcr Gesichtsmassage im Studio & zu Hause.","og_url":"https:\/\/www.pure-beauty.shop\/en\/product\/rosa-quartz-massage-mushroom\/","og_site_name":"Pure Beauty &amp; PANDHY&#039;S Shop","article_modified_time":"2026-04-19T22:07:53+00:00","og_image":[{"width":1024,"height":1024,"url":"https:\/\/www.pure-beauty.shop\/wp-content\/uploads\/2020\/10\/Rosa_Quartz-Kopie-1024x1024.png","type":"image\/png"}],"twitter_card":"summary_large_image","twitter_misc":{"Estimated reading time":"1 minute"},"schema":{"@context":"https:\/\/schema.org","@graph":[{"@type":"WebPage","@id":"https:\/\/www.pure-beauty.shop\/produkt\/rosa-quartz-massage-mushroom\/","url":"https:\/\/www.pure-beauty.shop\/produkt\/rosa-quartz-massage-mushroom\/","name":"PANDHY\u2019S\u2122 Rosenquarz Massage Mushroom (2 St\u00fcck) - Pure Beauty &amp; PANDHY&#039;S Shop","isPartOf":{"@id":"https:\/\/www.pure-beauty.shop\/#website"},"primaryImageOfPage":{"@id":"https:\/\/www.pure-beauty.shop\/produkt\/rosa-quartz-massage-mushroom\/#primaryimage"},"image":{"@id":"https:\/\/www.pure-beauty.shop\/produkt\/rosa-quartz-massage-mushroom\/#primaryimage"},"thumbnailUrl":"https:\/\/www.pure-beauty.shop\/wp-content\/uploads\/2020\/10\/Rosa_Quartz-Kopie.png","datePublished":"2020-10-23T10:27:18+00:00","dateModified":"2026-04-19T22:07:53+00:00","description":"Rosenquarz Massage Steine im 2er Set \u2013 f\u00f6rdern Entspannung, Durchblutung und Hautstrahlung. Ideal f\u00fcr Gesichtsmassage im Studio & zu Hause.","breadcrumb":{"@id":"https:\/\/www.pure-beauty.shop\/produkt\/rosa-quartz-massage-mushroom\/#breadcrumb"},"inLanguage":"en-GB","potentialAction":[{"@type":"ReadAction","target":["https:\/\/www.pure-beauty.shop\/produkt\/rosa-quartz-massage-mushroom\/"]}]},{"@type":"ImageObject","inLanguage":"en-GB","@id":"https:\/\/www.pure-beauty.shop\/produkt\/rosa-quartz-massage-mushroom\/#primaryimage","url":"https:\/\/www.pure-beauty.shop\/wp-content\/uploads\/2020\/10\/Rosa_Quartz-Kopie.png","contentUrl":"https:\/\/www.pure-beauty.shop\/wp-content\/uploads\/2020\/10\/Rosa_Quartz-Kopie.png","width":2001,"height":2001},{"@type":"BreadcrumbList","@id":"https:\/\/www.pure-beauty.shop\/produkt\/rosa-quartz-massage-mushroom\/#breadcrumb","itemListElement":[{"@type":"ListItem","position":1,"name":"Startseite","item":"https:\/\/www.pure-beauty.shop\/"},{"@type":"ListItem","position":2,"name":"Shop","item":"https:\/\/www.pure-beauty.shop\/en\/shop\/"},{"@type":"ListItem","position":3,"name":"PANDHY\u2019S\u2122 Rosenquarz Massage Mushroom (2 St\u00fcck)"}]},{"@type":"WebSite","@id":"https:\/\/www.pure-beauty.shop\/#website","url":"https:\/\/www.pure-beauty.shop\/","name":"Pure Beauty &amp; PANDHY&#039;S Shop","description":"Kosmetikshop in Graz","potentialAction":[{"@type":"SearchAction","target":{"@type":"EntryPoint","urlTemplate":"https:\/\/www.pure-beauty.shop\/?s={search_term_string}"},"query-input":{"@type":"PropertyValueSpecification","valueRequired":true,"valueName":"search_term_string"}}],"inLanguage":"en-GB"}]}},"jetpack_sharing_enabled":true,"_links":{"self":[{"href":"https:\/\/www.pure-beauty.shop\/en\/wp-json\/wp\/v2\/product\/17600","targetHints":{"allow":["GET"]}}],"collection":[{"href":"https:\/\/www.pure-beauty.shop\/en\/wp-json\/wp\/v2\/product"}],"about":[{"href":"https:\/\/www.pure-beauty.shop\/en\/wp-json\/wp\/v2\/types\/product"}],"replies":[{"embeddable":true,"href":"https:\/\/www.pure-beauty.shop\/en\/wp-json\/wp\/v2\/comments?post=17600"}],"wp:featuredmedia":[{"embeddable":true,"href":"https:\/\/www.pure-beauty.shop\/en\/wp-json\/wp\/v2\/media\/19224"}],"wp:attachment":[{"href":"https:\/\/www.pure-beauty.shop\/en\/wp-json\/wp\/v2\/media?parent=17600"}],"wp:term":[{"taxonomy":"brand","embeddable":true,"href":"https:\/\/www.pure-beauty.shop\/en\/wp-json\/wp\/v2\/etheme_brands?post=17600"},{"taxonomy":"product_brand","embeddable":true,"href":"https:\/\/www.pure-beauty.shop\/en\/wp-json\/wp\/v2\/product_brand?post=17600"},{"taxonomy":"product_cat","embeddable":true,"href":"https:\/\/www.pure-beauty.shop\/en\/wp-json\/wp\/v2\/product_cat?post=17600"},{"taxonomy":"product_tag","embeddable":true,"href":"https:\/\/www.pure-beauty.shop\/en\/wp-json\/wp\/v2\/product_tag?post=17600"}],"curies":[{"name":"wp","href":"https:\/\/api.w.org\/{rel}","templated":true}]}}