{"id":17601,"date":"2020-10-23T12:27:19","date_gmt":"2020-10-23T10:27:19","guid":{"rendered":"https:\/\/www.pure-beauty.shop\/pure-beauty-shop\/produkt\/pandhys-cosmix-shieldbooster-20-ml\/"},"modified":"2026-04-19T23:17:30","modified_gmt":"2026-04-19T21:17:30","slug":"shieldbooster","status":"publish","type":"product","link":"https:\/\/www.pure-beauty.shop\/en\/product\/shieldbooster\/","title":{"rendered":"COSMIX ShieldBooster (30 ml)"},"content":{"rendered":"<div class=\"wpb-content-wrapper\"><div class=\"vc_row wpb_row vc_row-fluid et_custom_uniqid_69f3a800d69d2\"><div class=\"wpb_column vc_column_container vc_col-sm-12 et_custom_uniqid_69f3a800d69af\"><div class=\"vc_column-inner\"><div class=\"wpb_wrapper\">\n\t<div class=\"wpb_text_column wpb_content_element\" >\n\t\t<div class=\"wpb_wrapper\">\n\t\t\t<div class=\"vc_row wpb_row vc_row-fluid et_custom_uniqid_63b345db7bb64 mpc-row\">\n<div class=\"wpb_column vc_column_container vc_col-sm-12 et_custom_uniqid_63b345db7a504 mpc-column\" data-column-id=\"mpc_column-5263b345e2b6301\">\n<div class=\"vc_column-inner\">\n<div class=\"wpb_wrapper\">\n<div class=\"wpb_text_column wpb_content_element\">\n<div class=\"wpb_wrapper\">\n<p data-start=\"79\" data-end=\"345\">Der ShieldBooster ist der ideale Schutzpartner gegen umweltbedingte und stressbedingte Hautalterung. Er wirkt gezielt gegen \u00e4u\u00dfere und innere Belastungen, die das Hautbild beeintr\u00e4chtigen, und unterst\u00fctzt die Haut dabei, ihr nat\u00fcrliches Gleichgewicht wiederzufinden.<\/p>\n<p data-start=\"347\" data-end=\"614\">Die Formulierung sch\u00fctzt und repariert die Hautbarriere intensiv und hilft, sch\u00e4dliche Umwelteinfl\u00fcsse effektiv abzuwehren. Gleichzeitig werden Toxine reduziert und die Mikrozirkulation angeregt, wodurch das Hautbild sichtbar verbessert und die Haut vitalisiert wird.<\/p>\n<p data-start=\"616\" data-end=\"757\">Der ShieldBooster ist ein Must-have f\u00fcr alle, die ihre Haut pr\u00e4ventiv st\u00e4rken und langfristig vor fr\u00fchzeitiger Hautalterung sch\u00fctzen m\u00f6chten.<\/p>\n<p>Wirkungsweise:<br \/>\nDie einzigartige Wirkung des Kaktus-Bl\u00fctenextraktes st\u00e4rkt die Hautbarrierefunktion, verbessert die Membranfluidit\u00e4t und die Feuchtigkeitsspeicherung. Raps\u00f6l und Leindotter\u00f6l wirken entz\u00fcndungshemmend und haben intensive antioxidative Eigenschaften. Sie bewahren vor Sch\u00e4den durch freie Radikale, w\u00e4hrend sie das jugendliche Erscheinungsbild der Haut bewahren. Sie k\u00f6nnen Lichtsch\u00e4den, verursacht durch UV, Zeichen der Hautalterung und Entz\u00fcndungsreaktionen der Haut reduzieren. Dar\u00fcber hinaus wird das Erscheinungsbild der Haut durch die Entfernung der Toxine und die Stimulierung der Zirkulation verbessert, was zur besseren Versorgung der Haut mit N\u00e4hrstoffen f\u00fchrt. Die Elastizit\u00e4t wird gesteigert und die Haut wirkt straffer und jugendlicher.<\/p>\n<p>Anwendung:<br \/>\nBeim Auftragen direkt auf die Haut: Ein- oder zweimal (0,15 \/ 0,30 ml) in die Handfl\u00e4che pumpen, den Booster mit den H\u00e4nden aufw\u00e4rmen und danach sanft auf das Gesicht aufteilen. Eine gr\u00fcndliche Verteilung mit den H\u00e4nden, bis es vollst\u00e4ndig aufgenommen wird, ist sehr wichtig. Halten Sie einige Sekunden lang die Handfl\u00e4chen auf Ihr Gesicht gedr\u00fcckt, weil die W\u00e4rme eine tiefere und schnellere Aufnahme erm\u00f6glicht. Wenn Sie ihn mit anderen Formeln mischen m\u00f6chten: Pumpen Sie einmal von dem gew\u00fcnschten Booster und vermischen Sie ihn mit Ihrer individuellen COSMIX Maske oder Creme.<\/p>\n<p>Unser Tipp: Das Produkt zweimal t\u00e4glich verwenden und z\u00fcgig aufbrauchen<\/p>\n<h6>INCI: rapeseed (brassica campestris seed) oil, hemi squalane (c13-15 alkane), ginger (zingiber officinale) root extract, galangal (alpinia officinarum) root extract, indian fig cactus \/ prickly pear \/ opuntia cactus (opuntia ficus-indica) flower extract, false flax (camelina sativa) seed oil<\/h6>\n<\/div>\n<\/div>\n<\/div>\n<\/div>\n<\/div>\n<\/div>\n\n\t\t<\/div>\n\t<\/div>\n<\/div><\/div><\/div><\/div>\n<\/div>","protected":false},"excerpt":{"rendered":"<p data-start=\"784\" data-end=\"862\">ShieldBooster \u2013 sch\u00fctzt die Haut vor Umweltstress und st\u00e4rkt die Hautbarriere.<\/p>","protected":false},"featured_media":21116,"comment_status":"open","ping_status":"closed","template":"","meta":{"jetpack_post_was_ever_published":false},"etheme_brands":[{"term_id":205,"name":"COSMIX","slug":"cosmix","term_group":0,"term_taxonomy_id":205,"taxonomy":"brand","description":"","parent":0,"count":46,"filter":"raw"}],"product_brand":[],"product_cat":[172,170,177],"product_tag":[],"class_list":{"0":"post-17601","1":"product","2":"type-product","3":"status-publish","4":"has-post-thumbnail","6":"brand-cosmix","7":"product_cat-gesicht","8":"product_cat-pflege","9":"product_cat-serum_booster_ampullen","11":"first","12":"instock","13":"taxable","14":"shipping-taxable","15":"purchasable","16":"product-type-simple"},"yoast_head":"<!-- This site is optimized with the Yoast SEO plugin v27.5 - https:\/\/yoast.com\/product\/yoast-seo-wordpress\/ -->\n<title>COSMIX ShieldBooster (30 ml) - Pure Beauty &amp; PANDHY&#039;S Shop<\/title>\n<meta name=\"description\" content=\"ShieldBooster \u2013 sch\u00fctzt vor Umweltstress, st\u00e4rkt die Hautbarriere und beugt Hautalterung vor. F\u00fcr ein vitales, ausgeglichenes Hautbild.\" \/>\n<meta name=\"robots\" content=\"index, follow, max-snippet:-1, max-image-preview:large, max-video-preview:-1\" \/>\n<link rel=\"canonical\" href=\"https:\/\/www.pure-beauty.shop\/en\/product\/shieldbooster\/\" \/>\n<meta property=\"og:locale\" content=\"en_GB\" \/>\n<meta property=\"og:type\" content=\"article\" \/>\n<meta property=\"og:title\" content=\"COSMIX ShieldBooster (30 ml) - Pure Beauty &amp; PANDHY&#039;S Shop\" \/>\n<meta property=\"og:description\" content=\"ShieldBooster \u2013 sch\u00fctzt vor Umweltstress, st\u00e4rkt die Hautbarriere und beugt Hautalterung vor. F\u00fcr ein vitales, ausgeglichenes Hautbild.\" \/>\n<meta property=\"og:url\" content=\"https:\/\/www.pure-beauty.shop\/en\/product\/shieldbooster\/\" \/>\n<meta property=\"og:site_name\" content=\"Pure Beauty &amp; PANDHY&#039;S Shop\" \/>\n<meta property=\"article:modified_time\" content=\"2026-04-19T21:17:30+00:00\" \/>\n<meta property=\"og:image\" content=\"https:\/\/www.pure-beauty.shop\/wp-content\/uploads\/2020\/10\/Online-Shop-Bilder-23.png\" \/>\n\t<meta property=\"og:image:width\" content=\"1400\" \/>\n\t<meta property=\"og:image:height\" content=\"1400\" \/>\n\t<meta property=\"og:image:type\" content=\"image\/png\" \/>\n<meta name=\"twitter:card\" content=\"summary_large_image\" \/>\n<meta name=\"twitter:label1\" content=\"Estimated reading time\" \/>\n\t<meta name=\"twitter:data1\" content=\"2 minutes\" \/>\n<script type=\"application\/ld+json\" class=\"yoast-schema-graph\">{\"@context\":\"https:\\\/\\\/schema.org\",\"@graph\":[{\"@type\":\"WebPage\",\"@id\":\"https:\\\/\\\/www.pure-beauty.shop\\\/produkt\\\/shieldbooster\\\/\",\"url\":\"https:\\\/\\\/www.pure-beauty.shop\\\/produkt\\\/shieldbooster\\\/\",\"name\":\"COSMIX ShieldBooster (30 ml) - Pure Beauty &amp; PANDHY&#039;S Shop\",\"isPartOf\":{\"@id\":\"https:\\\/\\\/www.pure-beauty.shop\\\/#website\"},\"primaryImageOfPage\":{\"@id\":\"https:\\\/\\\/www.pure-beauty.shop\\\/produkt\\\/shieldbooster\\\/#primaryimage\"},\"image\":{\"@id\":\"https:\\\/\\\/www.pure-beauty.shop\\\/produkt\\\/shieldbooster\\\/#primaryimage\"},\"thumbnailUrl\":\"https:\\\/\\\/www.pure-beauty.shop\\\/wp-content\\\/uploads\\\/2020\\\/10\\\/Online-Shop-Bilder-23.png\",\"datePublished\":\"2020-10-23T10:27:19+00:00\",\"dateModified\":\"2026-04-19T21:17:30+00:00\",\"description\":\"ShieldBooster \u2013 sch\u00fctzt vor Umweltstress, st\u00e4rkt die Hautbarriere und beugt Hautalterung vor. F\u00fcr ein vitales, ausgeglichenes Hautbild.\",\"breadcrumb\":{\"@id\":\"https:\\\/\\\/www.pure-beauty.shop\\\/produkt\\\/shieldbooster\\\/#breadcrumb\"},\"inLanguage\":\"en-GB\",\"potentialAction\":[{\"@type\":\"ReadAction\",\"target\":[\"https:\\\/\\\/www.pure-beauty.shop\\\/produkt\\\/shieldbooster\\\/\"]}]},{\"@type\":\"ImageObject\",\"inLanguage\":\"en-GB\",\"@id\":\"https:\\\/\\\/www.pure-beauty.shop\\\/produkt\\\/shieldbooster\\\/#primaryimage\",\"url\":\"https:\\\/\\\/www.pure-beauty.shop\\\/wp-content\\\/uploads\\\/2020\\\/10\\\/Online-Shop-Bilder-23.png\",\"contentUrl\":\"https:\\\/\\\/www.pure-beauty.shop\\\/wp-content\\\/uploads\\\/2020\\\/10\\\/Online-Shop-Bilder-23.png\",\"width\":1400,\"height\":1400},{\"@type\":\"BreadcrumbList\",\"@id\":\"https:\\\/\\\/www.pure-beauty.shop\\\/produkt\\\/shieldbooster\\\/#breadcrumb\",\"itemListElement\":[{\"@type\":\"ListItem\",\"position\":1,\"name\":\"Startseite\",\"item\":\"https:\\\/\\\/www.pure-beauty.shop\\\/\"},{\"@type\":\"ListItem\",\"position\":2,\"name\":\"Shop\",\"item\":\"https:\\\/\\\/www.pure-beauty.shop\\\/en\\\/shop\\\/\"},{\"@type\":\"ListItem\",\"position\":3,\"name\":\"COSMIX ShieldBooster (30 ml)\"}]},{\"@type\":\"WebSite\",\"@id\":\"https:\\\/\\\/www.pure-beauty.shop\\\/#website\",\"url\":\"https:\\\/\\\/www.pure-beauty.shop\\\/\",\"name\":\"Pure Beauty &amp; PANDHY&#039;S Shop\",\"description\":\"Kosmetikshop in Graz\",\"potentialAction\":[{\"@type\":\"SearchAction\",\"target\":{\"@type\":\"EntryPoint\",\"urlTemplate\":\"https:\\\/\\\/www.pure-beauty.shop\\\/?s={search_term_string}\"},\"query-input\":{\"@type\":\"PropertyValueSpecification\",\"valueRequired\":true,\"valueName\":\"search_term_string\"}}],\"inLanguage\":\"en-GB\"}]}<\/script>\n<!-- \/ Yoast SEO plugin. -->","yoast_head_json":{"title":"COSMIX ShieldBooster (30 ml) - Pure Beauty &amp; PANDHY&#039;S Shop","description":"ShieldBooster \u2013 sch\u00fctzt vor Umweltstress, st\u00e4rkt die Hautbarriere und beugt Hautalterung vor. F\u00fcr ein vitales, ausgeglichenes Hautbild.","robots":{"index":"index","follow":"follow","max-snippet":"max-snippet:-1","max-image-preview":"max-image-preview:large","max-video-preview":"max-video-preview:-1"},"canonical":"https:\/\/www.pure-beauty.shop\/en\/product\/shieldbooster\/","og_locale":"en_GB","og_type":"article","og_title":"COSMIX ShieldBooster (30 ml) - Pure Beauty &amp; PANDHY&#039;S Shop","og_description":"ShieldBooster \u2013 sch\u00fctzt vor Umweltstress, st\u00e4rkt die Hautbarriere und beugt Hautalterung vor. F\u00fcr ein vitales, ausgeglichenes Hautbild.","og_url":"https:\/\/www.pure-beauty.shop\/en\/product\/shieldbooster\/","og_site_name":"Pure Beauty &amp; PANDHY&#039;S Shop","article_modified_time":"2026-04-19T21:17:30+00:00","og_image":[{"width":1400,"height":1400,"url":"https:\/\/www.pure-beauty.shop\/wp-content\/uploads\/2020\/10\/Online-Shop-Bilder-23.png","type":"image\/png"}],"twitter_card":"summary_large_image","twitter_misc":{"Estimated reading time":"2 minutes"},"schema":{"@context":"https:\/\/schema.org","@graph":[{"@type":"WebPage","@id":"https:\/\/www.pure-beauty.shop\/produkt\/shieldbooster\/","url":"https:\/\/www.pure-beauty.shop\/produkt\/shieldbooster\/","name":"COSMIX ShieldBooster (30 ml) - Pure Beauty &amp; PANDHY&#039;S Shop","isPartOf":{"@id":"https:\/\/www.pure-beauty.shop\/#website"},"primaryImageOfPage":{"@id":"https:\/\/www.pure-beauty.shop\/produkt\/shieldbooster\/#primaryimage"},"image":{"@id":"https:\/\/www.pure-beauty.shop\/produkt\/shieldbooster\/#primaryimage"},"thumbnailUrl":"https:\/\/www.pure-beauty.shop\/wp-content\/uploads\/2020\/10\/Online-Shop-Bilder-23.png","datePublished":"2020-10-23T10:27:19+00:00","dateModified":"2026-04-19T21:17:30+00:00","description":"ShieldBooster \u2013 sch\u00fctzt vor Umweltstress, st\u00e4rkt die Hautbarriere und beugt Hautalterung vor. F\u00fcr ein vitales, ausgeglichenes Hautbild.","breadcrumb":{"@id":"https:\/\/www.pure-beauty.shop\/produkt\/shieldbooster\/#breadcrumb"},"inLanguage":"en-GB","potentialAction":[{"@type":"ReadAction","target":["https:\/\/www.pure-beauty.shop\/produkt\/shieldbooster\/"]}]},{"@type":"ImageObject","inLanguage":"en-GB","@id":"https:\/\/www.pure-beauty.shop\/produkt\/shieldbooster\/#primaryimage","url":"https:\/\/www.pure-beauty.shop\/wp-content\/uploads\/2020\/10\/Online-Shop-Bilder-23.png","contentUrl":"https:\/\/www.pure-beauty.shop\/wp-content\/uploads\/2020\/10\/Online-Shop-Bilder-23.png","width":1400,"height":1400},{"@type":"BreadcrumbList","@id":"https:\/\/www.pure-beauty.shop\/produkt\/shieldbooster\/#breadcrumb","itemListElement":[{"@type":"ListItem","position":1,"name":"Startseite","item":"https:\/\/www.pure-beauty.shop\/"},{"@type":"ListItem","position":2,"name":"Shop","item":"https:\/\/www.pure-beauty.shop\/en\/shop\/"},{"@type":"ListItem","position":3,"name":"COSMIX ShieldBooster (30 ml)"}]},{"@type":"WebSite","@id":"https:\/\/www.pure-beauty.shop\/#website","url":"https:\/\/www.pure-beauty.shop\/","name":"Pure Beauty &amp; PANDHY&#039;S Shop","description":"Kosmetikshop in Graz","potentialAction":[{"@type":"SearchAction","target":{"@type":"EntryPoint","urlTemplate":"https:\/\/www.pure-beauty.shop\/?s={search_term_string}"},"query-input":{"@type":"PropertyValueSpecification","valueRequired":true,"valueName":"search_term_string"}}],"inLanguage":"en-GB"}]}},"jetpack_sharing_enabled":true,"_links":{"self":[{"href":"https:\/\/www.pure-beauty.shop\/en\/wp-json\/wp\/v2\/product\/17601","targetHints":{"allow":["GET"]}}],"collection":[{"href":"https:\/\/www.pure-beauty.shop\/en\/wp-json\/wp\/v2\/product"}],"about":[{"href":"https:\/\/www.pure-beauty.shop\/en\/wp-json\/wp\/v2\/types\/product"}],"replies":[{"embeddable":true,"href":"https:\/\/www.pure-beauty.shop\/en\/wp-json\/wp\/v2\/comments?post=17601"}],"wp:featuredmedia":[{"embeddable":true,"href":"https:\/\/www.pure-beauty.shop\/en\/wp-json\/wp\/v2\/media\/21116"}],"wp:attachment":[{"href":"https:\/\/www.pure-beauty.shop\/en\/wp-json\/wp\/v2\/media?parent=17601"}],"wp:term":[{"taxonomy":"brand","embeddable":true,"href":"https:\/\/www.pure-beauty.shop\/en\/wp-json\/wp\/v2\/etheme_brands?post=17601"},{"taxonomy":"product_brand","embeddable":true,"href":"https:\/\/www.pure-beauty.shop\/en\/wp-json\/wp\/v2\/product_brand?post=17601"},{"taxonomy":"product_cat","embeddable":true,"href":"https:\/\/www.pure-beauty.shop\/en\/wp-json\/wp\/v2\/product_cat?post=17601"},{"taxonomy":"product_tag","embeddable":true,"href":"https:\/\/www.pure-beauty.shop\/en\/wp-json\/wp\/v2\/product_tag?post=17601"}],"curies":[{"name":"wp","href":"https:\/\/api.w.org\/{rel}","templated":true}]}}