{"id":17603,"date":"2020-10-23T12:27:19","date_gmt":"2020-10-23T10:27:19","guid":{"rendered":"https:\/\/www.pure-beauty.shop\/pure-beauty-shop\/produkt\/pandhys-cosmix-tanbooster-20-ml\/"},"modified":"2026-04-19T23:17:42","modified_gmt":"2026-04-19T21:17:42","slug":"tanbooster","status":"publish","type":"product","link":"https:\/\/www.pure-beauty.shop\/en\/product\/tanbooster\/","title":{"rendered":"COSMIX TanBooster (30 ml)"},"content":{"rendered":"<div class=\"wpb-content-wrapper\"><div class=\"vc_row wpb_row vc_row-fluid et_custom_uniqid_69f14047045a9\"><div class=\"wpb_column vc_column_container vc_col-sm-12 et_custom_uniqid_69f1404704581\"><div class=\"vc_column-inner\"><div class=\"wpb_wrapper\">\n\t<div class=\"wpb_text_column wpb_content_element\" >\n\t\t<div class=\"wpb_wrapper\">\n\t\t\t<div class=\"vc_row wpb_row vc_row-fluid et_custom_uniqid_63b345db7bb64 mpc-row\">\n<div class=\"wpb_column vc_column_container vc_col-sm-12 et_custom_uniqid_63b345db7a504 mpc-column\" data-column-id=\"mpc_column-1563b345e2ec97b\">\n<div class=\"vc_column-inner\">\n<div class=\"wpb_wrapper\">\n<div class=\"wpb_text_column wpb_content_element\">\n<div class=\"wpb_wrapper\">\n<p data-start=\"79\" data-end=\"329\">Der TanBooster ist ein innovatives Aktivierungsmittel zur F\u00f6rderung, Intensivierung und Erhaltung einer nat\u00fcrlichen Br\u00e4une. Er unterst\u00fctzt die Haut dabei, schneller einen gleichm\u00e4\u00dfigen, goldenen Teint zu entwickeln \u2013 auch ohne lange Sonnenexposition.<\/p>\n<p data-start=\"331\" data-end=\"540\">Durch pflanzliches Tyrosin wird die Br\u00e4unung der Haut gezielt aktiviert und beschleunigt. Gleichzeitig sch\u00fctzt der TanBooster die Haut vor sch\u00e4dlichen Einfl\u00fcssen und unterst\u00fctzt ihre nat\u00fcrliche Abwehrfunktion.<\/p>\n<p data-start=\"542\" data-end=\"775\">Die enthaltenen Biomolek\u00fcle wirken wie nat\u00fcrliche UV-Filter, bilden einen sch\u00fctzenden Film auf der Haut und helfen, Sch\u00e4den durch freie Radikale zu reduzieren. So wird die Haut nicht nur gebr\u00e4unt, sondern auch gepflegt und gesch\u00fctzt.<\/p>\n<p data-start=\"777\" data-end=\"837\">F\u00fcr einen gesunden, strahlenden Teint \u2013 das ganze Jahr \u00fcber.<\/p>\n<p>Wirkungsweise:<br \/>\nDer TanBooster besteht aus dem aus Tamanubaum und Sesamsamen\u00f6l gewonnenen, pflanzlichen Tyrosin. Mit der Einf\u00fchrung von Tyrosin auf der Kutanebene wird die Br\u00e4une beschleunigt, ohne anhaltender Sonnenstrahlung ausgesetzt zu sein. Er erh\u00f6ht die Melaninproduktion durch die Stimulierung von Melanongenese, was der Haut die Br\u00e4unung erm\u00f6glicht, ohne sich den UV &#8211; Strahlen auszusetzen. Dar\u00fcber hinaus sch\u00fctzt und verteidigt der Booster die Haut, dank der hohen Konzentration an sch\u00fctzenden Biomolek\u00fclen, die sowohl in Tamanu als auch im Sesamsamen\u00f6l zu finden sind. Diese \u00d6le sind nat\u00fcrliche UV-Filter, die in der Lage sind einen Schutzfilm auf der Haut zu bilden, damit die Sch\u00e4den durch freie Radikale beseitigt werden. Geben Sie ihn einfach zu Ihren ausgew\u00e4hlten Feuchtigkeits- oder After-Sun-Formeln w\u00e4hrend und nach dem Sonnen dazu, um eine tiefe und langanhaltende nat\u00fcrliche Br\u00e4une zu erhalten.<\/p>\n<p>Anwendung:<br \/>\nDer TanBooster eignet sich hervorragend auch f\u00fcr die Vorbereitung auf und Angew\u00f6hnung der Haut an die Sonne. Er ist nicht nur ein Selbstbr\u00e4uner, sondern auch ein Br\u00e4unungsbeschleuniger. Beim Auftragen direkt auf die Haut: Ein- oder zweimal (0,15 \/ 0,30 ml) in die Handfl\u00e4che pumpen, den Booster mit den H\u00e4nden aufw\u00e4rmen und danach sanft auf das Gesicht aufteilen. Eine gr\u00fcndliche Verteilung mit den H\u00e4nden, bis es vollst\u00e4ndig aufgenommen wird, ist sehr wichtig. Halten Sie einige Sekunden lang die Handfl\u00e4chen auf Ihr Gesicht gedr\u00fcckt, weil die W\u00e4rme eine tiefere und schnellere Aufnahme erm\u00f6glicht. Wenn Sie ihn mit anderen Formeln mischen m\u00f6chten: Pumpen Sie einmal von dem gew\u00fcnschten Booster und vermischen Sie ihn mit Ihrer individuellen COSMIX Maske oder Creme. Bei K\u00f6rperprodukten gehen Sie folgenderma\u00dfen vor: Geben Sie ihn einfach zu Ihren ausgew\u00e4hlten Feuchtigkeits- oder After-Sun-Lotionen dazu, um eine noch schnellere, tiefere und langanhaltende nat\u00fcrliche Br\u00e4une zu erhalten.<\/p>\n<p>Unser Tipp: Zweimal t\u00e4glich anwenden und z\u00fcgig aufbrauchen.<\/p>\n<h6>INCI: sesame (sesamum indicum) seed oil, hemi-squalane (c13-15 alkane), tyrosine, tamanu (calophyllum inophyllum) seed oil, glyceryl stearate<\/h6>\n<\/div>\n<\/div>\n<\/div>\n<\/div>\n<\/div>\n<\/div>\n\n\t\t<\/div>\n\t<\/div>\n<\/div><\/div><\/div><\/div>\n<\/div>","protected":false},"excerpt":{"rendered":"<p data-start=\"864\" data-end=\"935\">TanBooster \u2013 beschleunigt die Br\u00e4une und sch\u00fctzt die Haut gleichzeitig.<\/p>","protected":false},"featured_media":21114,"comment_status":"open","ping_status":"closed","template":"","meta":{"jetpack_post_was_ever_published":false},"etheme_brands":[{"term_id":205,"name":"COSMIX","slug":"cosmix","term_group":0,"term_taxonomy_id":205,"taxonomy":"brand","description":"","parent":0,"count":46,"filter":"raw"}],"product_brand":[],"product_cat":[172,170,177],"product_tag":[],"class_list":{"0":"post-17603","1":"product","2":"type-product","3":"status-publish","4":"has-post-thumbnail","6":"brand-cosmix","7":"product_cat-gesicht","8":"product_cat-pflege","9":"product_cat-serum_booster_ampullen","11":"first","12":"instock","13":"taxable","14":"shipping-taxable","15":"purchasable","16":"product-type-simple"},"yoast_head":"<!-- This site is optimized with the Yoast SEO plugin v27.5 - https:\/\/yoast.com\/product\/yoast-seo-wordpress\/ -->\n<title>COSMIX TanBooster (30 ml) - Pure Beauty &amp; PANDHY&#039;S Shop<\/title>\n<meta name=\"description\" content=\"TanBooster \u2013 aktiviert und verl\u00e4ngert die Br\u00e4une, sch\u00fctzt vor freien Radikalen und sorgt f\u00fcr einen nat\u00fcrlichen, goldenen Teint das ganze Jahr.\" \/>\n<meta name=\"robots\" content=\"index, follow, max-snippet:-1, max-image-preview:large, max-video-preview:-1\" \/>\n<link rel=\"canonical\" href=\"https:\/\/www.pure-beauty.shop\/en\/product\/tanbooster\/\" \/>\n<meta property=\"og:locale\" content=\"en_GB\" \/>\n<meta property=\"og:type\" content=\"article\" \/>\n<meta property=\"og:title\" content=\"COSMIX TanBooster (30 ml) - Pure Beauty &amp; PANDHY&#039;S Shop\" \/>\n<meta property=\"og:description\" content=\"TanBooster \u2013 aktiviert und verl\u00e4ngert die Br\u00e4une, sch\u00fctzt vor freien Radikalen und sorgt f\u00fcr einen nat\u00fcrlichen, goldenen Teint das ganze Jahr.\" \/>\n<meta property=\"og:url\" content=\"https:\/\/www.pure-beauty.shop\/en\/product\/tanbooster\/\" \/>\n<meta property=\"og:site_name\" content=\"Pure Beauty &amp; PANDHY&#039;S Shop\" \/>\n<meta property=\"article:modified_time\" content=\"2026-04-19T21:17:42+00:00\" \/>\n<meta property=\"og:image\" content=\"https:\/\/www.pure-beauty.shop\/wp-content\/uploads\/2020\/10\/Online-Shop-Bilder-27.png\" \/>\n\t<meta property=\"og:image:width\" content=\"1400\" \/>\n\t<meta property=\"og:image:height\" content=\"1400\" \/>\n\t<meta property=\"og:image:type\" content=\"image\/png\" \/>\n<meta name=\"twitter:card\" content=\"summary_large_image\" \/>\n<meta name=\"twitter:label1\" content=\"Estimated reading time\" \/>\n\t<meta name=\"twitter:data1\" content=\"2 minutes\" \/>\n<script type=\"application\/ld+json\" class=\"yoast-schema-graph\">{\"@context\":\"https:\\\/\\\/schema.org\",\"@graph\":[{\"@type\":\"WebPage\",\"@id\":\"https:\\\/\\\/www.pure-beauty.shop\\\/produkt\\\/tanbooster\\\/\",\"url\":\"https:\\\/\\\/www.pure-beauty.shop\\\/produkt\\\/tanbooster\\\/\",\"name\":\"COSMIX TanBooster (30 ml) - Pure Beauty &amp; PANDHY&#039;S Shop\",\"isPartOf\":{\"@id\":\"https:\\\/\\\/www.pure-beauty.shop\\\/#website\"},\"primaryImageOfPage\":{\"@id\":\"https:\\\/\\\/www.pure-beauty.shop\\\/produkt\\\/tanbooster\\\/#primaryimage\"},\"image\":{\"@id\":\"https:\\\/\\\/www.pure-beauty.shop\\\/produkt\\\/tanbooster\\\/#primaryimage\"},\"thumbnailUrl\":\"https:\\\/\\\/www.pure-beauty.shop\\\/wp-content\\\/uploads\\\/2020\\\/10\\\/Online-Shop-Bilder-27.png\",\"datePublished\":\"2020-10-23T10:27:19+00:00\",\"dateModified\":\"2026-04-19T21:17:42+00:00\",\"description\":\"TanBooster \u2013 aktiviert und verl\u00e4ngert die Br\u00e4une, sch\u00fctzt vor freien Radikalen und sorgt f\u00fcr einen nat\u00fcrlichen, goldenen Teint das ganze Jahr.\",\"breadcrumb\":{\"@id\":\"https:\\\/\\\/www.pure-beauty.shop\\\/produkt\\\/tanbooster\\\/#breadcrumb\"},\"inLanguage\":\"en-GB\",\"potentialAction\":[{\"@type\":\"ReadAction\",\"target\":[\"https:\\\/\\\/www.pure-beauty.shop\\\/produkt\\\/tanbooster\\\/\"]}]},{\"@type\":\"ImageObject\",\"inLanguage\":\"en-GB\",\"@id\":\"https:\\\/\\\/www.pure-beauty.shop\\\/produkt\\\/tanbooster\\\/#primaryimage\",\"url\":\"https:\\\/\\\/www.pure-beauty.shop\\\/wp-content\\\/uploads\\\/2020\\\/10\\\/Online-Shop-Bilder-27.png\",\"contentUrl\":\"https:\\\/\\\/www.pure-beauty.shop\\\/wp-content\\\/uploads\\\/2020\\\/10\\\/Online-Shop-Bilder-27.png\",\"width\":1400,\"height\":1400},{\"@type\":\"BreadcrumbList\",\"@id\":\"https:\\\/\\\/www.pure-beauty.shop\\\/produkt\\\/tanbooster\\\/#breadcrumb\",\"itemListElement\":[{\"@type\":\"ListItem\",\"position\":1,\"name\":\"Startseite\",\"item\":\"https:\\\/\\\/www.pure-beauty.shop\\\/\"},{\"@type\":\"ListItem\",\"position\":2,\"name\":\"Shop\",\"item\":\"https:\\\/\\\/www.pure-beauty.shop\\\/en\\\/shop\\\/\"},{\"@type\":\"ListItem\",\"position\":3,\"name\":\"COSMIX TanBooster (30 ml)\"}]},{\"@type\":\"WebSite\",\"@id\":\"https:\\\/\\\/www.pure-beauty.shop\\\/#website\",\"url\":\"https:\\\/\\\/www.pure-beauty.shop\\\/\",\"name\":\"Pure Beauty &amp; PANDHY&#039;S Shop\",\"description\":\"Kosmetikshop in Graz\",\"potentialAction\":[{\"@type\":\"SearchAction\",\"target\":{\"@type\":\"EntryPoint\",\"urlTemplate\":\"https:\\\/\\\/www.pure-beauty.shop\\\/?s={search_term_string}\"},\"query-input\":{\"@type\":\"PropertyValueSpecification\",\"valueRequired\":true,\"valueName\":\"search_term_string\"}}],\"inLanguage\":\"en-GB\"}]}<\/script>\n<!-- \/ Yoast SEO plugin. -->","yoast_head_json":{"title":"COSMIX TanBooster (30 ml) - Pure Beauty &amp; PANDHY&#039;S Shop","description":"TanBooster \u2013 aktiviert und verl\u00e4ngert die Br\u00e4une, sch\u00fctzt vor freien Radikalen und sorgt f\u00fcr einen nat\u00fcrlichen, goldenen Teint das ganze Jahr.","robots":{"index":"index","follow":"follow","max-snippet":"max-snippet:-1","max-image-preview":"max-image-preview:large","max-video-preview":"max-video-preview:-1"},"canonical":"https:\/\/www.pure-beauty.shop\/en\/product\/tanbooster\/","og_locale":"en_GB","og_type":"article","og_title":"COSMIX TanBooster (30 ml) - Pure Beauty &amp; PANDHY&#039;S Shop","og_description":"TanBooster \u2013 aktiviert und verl\u00e4ngert die Br\u00e4une, sch\u00fctzt vor freien Radikalen und sorgt f\u00fcr einen nat\u00fcrlichen, goldenen Teint das ganze Jahr.","og_url":"https:\/\/www.pure-beauty.shop\/en\/product\/tanbooster\/","og_site_name":"Pure Beauty &amp; PANDHY&#039;S Shop","article_modified_time":"2026-04-19T21:17:42+00:00","og_image":[{"width":1400,"height":1400,"url":"https:\/\/www.pure-beauty.shop\/wp-content\/uploads\/2020\/10\/Online-Shop-Bilder-27.png","type":"image\/png"}],"twitter_card":"summary_large_image","twitter_misc":{"Estimated reading time":"2 minutes"},"schema":{"@context":"https:\/\/schema.org","@graph":[{"@type":"WebPage","@id":"https:\/\/www.pure-beauty.shop\/produkt\/tanbooster\/","url":"https:\/\/www.pure-beauty.shop\/produkt\/tanbooster\/","name":"COSMIX TanBooster (30 ml) - Pure Beauty &amp; PANDHY&#039;S Shop","isPartOf":{"@id":"https:\/\/www.pure-beauty.shop\/#website"},"primaryImageOfPage":{"@id":"https:\/\/www.pure-beauty.shop\/produkt\/tanbooster\/#primaryimage"},"image":{"@id":"https:\/\/www.pure-beauty.shop\/produkt\/tanbooster\/#primaryimage"},"thumbnailUrl":"https:\/\/www.pure-beauty.shop\/wp-content\/uploads\/2020\/10\/Online-Shop-Bilder-27.png","datePublished":"2020-10-23T10:27:19+00:00","dateModified":"2026-04-19T21:17:42+00:00","description":"TanBooster \u2013 aktiviert und verl\u00e4ngert die Br\u00e4une, sch\u00fctzt vor freien Radikalen und sorgt f\u00fcr einen nat\u00fcrlichen, goldenen Teint das ganze Jahr.","breadcrumb":{"@id":"https:\/\/www.pure-beauty.shop\/produkt\/tanbooster\/#breadcrumb"},"inLanguage":"en-GB","potentialAction":[{"@type":"ReadAction","target":["https:\/\/www.pure-beauty.shop\/produkt\/tanbooster\/"]}]},{"@type":"ImageObject","inLanguage":"en-GB","@id":"https:\/\/www.pure-beauty.shop\/produkt\/tanbooster\/#primaryimage","url":"https:\/\/www.pure-beauty.shop\/wp-content\/uploads\/2020\/10\/Online-Shop-Bilder-27.png","contentUrl":"https:\/\/www.pure-beauty.shop\/wp-content\/uploads\/2020\/10\/Online-Shop-Bilder-27.png","width":1400,"height":1400},{"@type":"BreadcrumbList","@id":"https:\/\/www.pure-beauty.shop\/produkt\/tanbooster\/#breadcrumb","itemListElement":[{"@type":"ListItem","position":1,"name":"Startseite","item":"https:\/\/www.pure-beauty.shop\/"},{"@type":"ListItem","position":2,"name":"Shop","item":"https:\/\/www.pure-beauty.shop\/en\/shop\/"},{"@type":"ListItem","position":3,"name":"COSMIX TanBooster (30 ml)"}]},{"@type":"WebSite","@id":"https:\/\/www.pure-beauty.shop\/#website","url":"https:\/\/www.pure-beauty.shop\/","name":"Pure Beauty &amp; PANDHY&#039;S Shop","description":"Kosmetikshop in Graz","potentialAction":[{"@type":"SearchAction","target":{"@type":"EntryPoint","urlTemplate":"https:\/\/www.pure-beauty.shop\/?s={search_term_string}"},"query-input":{"@type":"PropertyValueSpecification","valueRequired":true,"valueName":"search_term_string"}}],"inLanguage":"en-GB"}]}},"jetpack_sharing_enabled":true,"_links":{"self":[{"href":"https:\/\/www.pure-beauty.shop\/en\/wp-json\/wp\/v2\/product\/17603","targetHints":{"allow":["GET"]}}],"collection":[{"href":"https:\/\/www.pure-beauty.shop\/en\/wp-json\/wp\/v2\/product"}],"about":[{"href":"https:\/\/www.pure-beauty.shop\/en\/wp-json\/wp\/v2\/types\/product"}],"replies":[{"embeddable":true,"href":"https:\/\/www.pure-beauty.shop\/en\/wp-json\/wp\/v2\/comments?post=17603"}],"wp:featuredmedia":[{"embeddable":true,"href":"https:\/\/www.pure-beauty.shop\/en\/wp-json\/wp\/v2\/media\/21114"}],"wp:attachment":[{"href":"https:\/\/www.pure-beauty.shop\/en\/wp-json\/wp\/v2\/media?parent=17603"}],"wp:term":[{"taxonomy":"brand","embeddable":true,"href":"https:\/\/www.pure-beauty.shop\/en\/wp-json\/wp\/v2\/etheme_brands?post=17603"},{"taxonomy":"product_brand","embeddable":true,"href":"https:\/\/www.pure-beauty.shop\/en\/wp-json\/wp\/v2\/product_brand?post=17603"},{"taxonomy":"product_cat","embeddable":true,"href":"https:\/\/www.pure-beauty.shop\/en\/wp-json\/wp\/v2\/product_cat?post=17603"},{"taxonomy":"product_tag","embeddable":true,"href":"https:\/\/www.pure-beauty.shop\/en\/wp-json\/wp\/v2\/product_tag?post=17603"}],"curies":[{"name":"wp","href":"https:\/\/api.w.org\/{rel}","templated":true}]}}