{"id":17610,"date":"2020-10-23T12:27:27","date_gmt":"2020-10-23T10:27:27","guid":{"rendered":"https:\/\/www.pure-beauty.shop\/pure-beauty-shop\/?post_type=product&#038;p=17610"},"modified":"2026-04-18T15:51:05","modified_gmt":"2026-04-18T13:51:05","slug":"cosmix-terra-set","status":"publish","type":"product","link":"https:\/\/www.pure-beauty.shop\/en\/product\/cosmix-terra-set\/","title":{"rendered":"COSMIX Terra Set"},"content":{"rendered":"<div class=\"wpb-content-wrapper\"><div class=\"vc_row wpb_row vc_row-fluid et_custom_uniqid_69e48530429f4\"><div class=\"wpb_column vc_column_container vc_col-sm-12 et_custom_uniqid_69e48530429ca\"><div class=\"vc_column-inner\"><div class=\"wpb_wrapper\">\n\t<div class=\"wpb_text_column wpb_content_element\" >\n\t\t<div class=\"wpb_wrapper\">\n\t\t\t<p data-start=\"79\" data-end=\"390\">Das Terra Masken Set enth\u00e4lt 5 verschiedene Tonarten (Kaolin) in praktischen Sachets und bietet eine vielseitige Grundlage f\u00fcr individuell abgestimmte Behandlungen. Insgesamt umfasst das Set 100 Masken-Sachets (5 Sorten \u00e0 je 20 x 5 g) und erm\u00f6glicht eine gezielte Anwendung f\u00fcr unterschiedliche Hautbed\u00fcrfnisse.<\/p>\n<p data-start=\"392\" data-end=\"719\">Die Herstellung erfolgt nach COSMOS &amp; ECOCERT zertifizierten Standards und garantiert eine hochwertige, naturbasierte Qualit\u00e4t. Die Tonerden werden mit der COSMIX Mask Base zu Gesichts-, K\u00f6rper- oder Haarmasken verarbeitet und k\u00f6nnen sowohl in der professionellen Kabinenbehandlung als auch in der Heimpflege eingesetzt werden.<\/p>\n<p data-start=\"721\" data-end=\"967\">F\u00fcr eine optimale Anwendung wird das Terra Masken Set im COSMIX Seminar ausf\u00fchrlich erkl\u00e4rt. Eine \u00fcbersichtlich gestaltete Matrix-Tabelle unterst\u00fctzt Kosmetiker:innen dabei, schnell die passende Maske f\u00fcr die jeweilige Hautindikation auszuw\u00e4hlen.<\/p>\n<h6 data-start=\"721\" data-end=\"967\">INCI: Die vollst\u00e4ndige INCI Liste f\u00fcr dieses Produkt ist via R\u00fcckfrage erh\u00e4ltlich.<\/h6>\n\n\t\t<\/div>\n\t<\/div>\n<\/div><\/div><\/div><\/div>\n<\/div>","protected":false},"excerpt":{"rendered":"<p data-start=\"994\" data-end=\"1068\">Terra Masken Set \u2013 vielseitige Tonmasken f\u00fcr personalisierte Behandlungen.<\/p>","protected":false},"featured_media":21164,"comment_status":"open","ping_status":"closed","template":"","meta":{"jetpack_post_was_ever_published":false},"etheme_brands":[{"term_id":205,"name":"COSMIX","slug":"cosmix","term_group":0,"term_taxonomy_id":205,"taxonomy":"brand","description":"","parent":0,"count":39,"filter":"raw"}],"product_brand":[],"product_cat":[172,179,170,180],"product_tag":[],"class_list":{"0":"post-17610","1":"product","2":"type-product","3":"status-publish","4":"has-post-thumbnail","6":"brand-cosmix","7":"product_cat-gesicht","8":"product_cat-gesichtsmaske","9":"product_cat-pflege","10":"product_cat-spezialpflege","12":"first","13":"instock","14":"taxable","15":"shipping-taxable","16":"purchasable","17":"product-type-variable","18":"has-default-attributes"},"yoast_head":"<!-- This site is optimized with the Yoast SEO plugin v27.4 - https:\/\/yoast.com\/product\/yoast-seo-wordpress\/ -->\n<title>COSMIX Terra Set - Pure Beauty &amp; PANDHY&#039;S Shop<\/title>\n<meta name=\"description\" content=\"Terra Masken Set \u2013 100 Kaolin-Sachets f\u00fcr Gesichts-, K\u00f6rper- &amp; Haarmasken. COSMOS &amp; ECOCERT zertifiziert, ideal f\u00fcr personalisierte Kosmetikbehandlungen.\" \/>\n<meta name=\"robots\" content=\"index, follow, max-snippet:-1, max-image-preview:large, max-video-preview:-1\" \/>\n<link rel=\"canonical\" href=\"https:\/\/www.pure-beauty.shop\/en\/product\/cosmix-terra-set\/\" \/>\n<meta property=\"og:locale\" content=\"en_GB\" \/>\n<meta property=\"og:type\" content=\"article\" \/>\n<meta property=\"og:title\" content=\"COSMIX Terra Set - Pure Beauty &amp; PANDHY&#039;S Shop\" \/>\n<meta property=\"og:description\" content=\"Terra Masken Set \u2013 100 Kaolin-Sachets f\u00fcr Gesichts-, K\u00f6rper- &amp; Haarmasken. COSMOS &amp; ECOCERT zertifiziert, ideal f\u00fcr personalisierte Kosmetikbehandlungen.\" \/>\n<meta property=\"og:url\" content=\"https:\/\/www.pure-beauty.shop\/en\/product\/cosmix-terra-set\/\" \/>\n<meta property=\"og:site_name\" content=\"Pure Beauty &amp; PANDHY&#039;S Shop\" \/>\n<meta property=\"article:modified_time\" content=\"2026-04-18T13:51:05+00:00\" \/>\n<meta property=\"og:image\" content=\"https:\/\/www.pure-beauty.shop\/wp-content\/uploads\/2020\/10\/Online-Shop-Bilder-35.png\" \/>\n\t<meta property=\"og:image:width\" content=\"1400\" \/>\n\t<meta property=\"og:image:height\" content=\"1400\" \/>\n\t<meta property=\"og:image:type\" content=\"image\/png\" \/>\n<meta name=\"twitter:card\" content=\"summary_large_image\" \/>\n<meta name=\"twitter:label1\" content=\"Estimated reading time\" \/>\n\t<meta name=\"twitter:data1\" content=\"1 minute\" \/>\n<script type=\"application\/ld+json\" class=\"yoast-schema-graph\">{\"@context\":\"https:\\\/\\\/schema.org\",\"@graph\":[{\"@type\":\"WebPage\",\"@id\":\"https:\\\/\\\/www.pure-beauty.shop\\\/produkt\\\/cosmix-terra-set\\\/\",\"url\":\"https:\\\/\\\/www.pure-beauty.shop\\\/produkt\\\/cosmix-terra-set\\\/\",\"name\":\"COSMIX Terra Set - Pure Beauty &amp; PANDHY&#039;S Shop\",\"isPartOf\":{\"@id\":\"https:\\\/\\\/www.pure-beauty.shop\\\/#website\"},\"primaryImageOfPage\":{\"@id\":\"https:\\\/\\\/www.pure-beauty.shop\\\/produkt\\\/cosmix-terra-set\\\/#primaryimage\"},\"image\":{\"@id\":\"https:\\\/\\\/www.pure-beauty.shop\\\/produkt\\\/cosmix-terra-set\\\/#primaryimage\"},\"thumbnailUrl\":\"https:\\\/\\\/www.pure-beauty.shop\\\/wp-content\\\/uploads\\\/2020\\\/10\\\/Online-Shop-Bilder-35.png\",\"datePublished\":\"2020-10-23T10:27:27+00:00\",\"dateModified\":\"2026-04-18T13:51:05+00:00\",\"description\":\"Terra Masken Set \u2013 100 Kaolin-Sachets f\u00fcr Gesichts-, K\u00f6rper- & Haarmasken. COSMOS & ECOCERT zertifiziert, ideal f\u00fcr personalisierte Kosmetikbehandlungen.\",\"breadcrumb\":{\"@id\":\"https:\\\/\\\/www.pure-beauty.shop\\\/produkt\\\/cosmix-terra-set\\\/#breadcrumb\"},\"inLanguage\":\"en-GB\",\"potentialAction\":[{\"@type\":\"ReadAction\",\"target\":[\"https:\\\/\\\/www.pure-beauty.shop\\\/produkt\\\/cosmix-terra-set\\\/\"]}]},{\"@type\":\"ImageObject\",\"inLanguage\":\"en-GB\",\"@id\":\"https:\\\/\\\/www.pure-beauty.shop\\\/produkt\\\/cosmix-terra-set\\\/#primaryimage\",\"url\":\"https:\\\/\\\/www.pure-beauty.shop\\\/wp-content\\\/uploads\\\/2020\\\/10\\\/Online-Shop-Bilder-35.png\",\"contentUrl\":\"https:\\\/\\\/www.pure-beauty.shop\\\/wp-content\\\/uploads\\\/2020\\\/10\\\/Online-Shop-Bilder-35.png\",\"width\":1400,\"height\":1400},{\"@type\":\"BreadcrumbList\",\"@id\":\"https:\\\/\\\/www.pure-beauty.shop\\\/produkt\\\/cosmix-terra-set\\\/#breadcrumb\",\"itemListElement\":[{\"@type\":\"ListItem\",\"position\":1,\"name\":\"Startseite\",\"item\":\"https:\\\/\\\/www.pure-beauty.shop\\\/\"},{\"@type\":\"ListItem\",\"position\":2,\"name\":\"Shop\",\"item\":\"https:\\\/\\\/www.pure-beauty.shop\\\/en\\\/shop\\\/\"},{\"@type\":\"ListItem\",\"position\":3,\"name\":\"COSMIX Terra Set\"}]},{\"@type\":\"WebSite\",\"@id\":\"https:\\\/\\\/www.pure-beauty.shop\\\/#website\",\"url\":\"https:\\\/\\\/www.pure-beauty.shop\\\/\",\"name\":\"Pure Beauty &amp; PANDHY&#039;S Shop\",\"description\":\"Kosmetikshop in Graz\",\"potentialAction\":[{\"@type\":\"SearchAction\",\"target\":{\"@type\":\"EntryPoint\",\"urlTemplate\":\"https:\\\/\\\/www.pure-beauty.shop\\\/?s={search_term_string}\"},\"query-input\":{\"@type\":\"PropertyValueSpecification\",\"valueRequired\":true,\"valueName\":\"search_term_string\"}}],\"inLanguage\":\"en-GB\"}]}<\/script>\n<!-- \/ Yoast SEO plugin. -->","yoast_head_json":{"title":"COSMIX Terra Set - Pure Beauty &amp; PANDHY&#039;S Shop","description":"Terra Masken Set \u2013 100 Kaolin-Sachets f\u00fcr Gesichts-, K\u00f6rper- & Haarmasken. COSMOS & ECOCERT zertifiziert, ideal f\u00fcr personalisierte Kosmetikbehandlungen.","robots":{"index":"index","follow":"follow","max-snippet":"max-snippet:-1","max-image-preview":"max-image-preview:large","max-video-preview":"max-video-preview:-1"},"canonical":"https:\/\/www.pure-beauty.shop\/en\/product\/cosmix-terra-set\/","og_locale":"en_GB","og_type":"article","og_title":"COSMIX Terra Set - Pure Beauty &amp; PANDHY&#039;S Shop","og_description":"Terra Masken Set \u2013 100 Kaolin-Sachets f\u00fcr Gesichts-, K\u00f6rper- & Haarmasken. COSMOS & ECOCERT zertifiziert, ideal f\u00fcr personalisierte Kosmetikbehandlungen.","og_url":"https:\/\/www.pure-beauty.shop\/en\/product\/cosmix-terra-set\/","og_site_name":"Pure Beauty &amp; PANDHY&#039;S Shop","article_modified_time":"2026-04-18T13:51:05+00:00","og_image":[{"width":1400,"height":1400,"url":"https:\/\/www.pure-beauty.shop\/wp-content\/uploads\/2020\/10\/Online-Shop-Bilder-35.png","type":"image\/png"}],"twitter_card":"summary_large_image","twitter_misc":{"Estimated reading time":"1 minute"},"schema":{"@context":"https:\/\/schema.org","@graph":[{"@type":"WebPage","@id":"https:\/\/www.pure-beauty.shop\/produkt\/cosmix-terra-set\/","url":"https:\/\/www.pure-beauty.shop\/produkt\/cosmix-terra-set\/","name":"COSMIX Terra Set - Pure Beauty &amp; PANDHY&#039;S Shop","isPartOf":{"@id":"https:\/\/www.pure-beauty.shop\/#website"},"primaryImageOfPage":{"@id":"https:\/\/www.pure-beauty.shop\/produkt\/cosmix-terra-set\/#primaryimage"},"image":{"@id":"https:\/\/www.pure-beauty.shop\/produkt\/cosmix-terra-set\/#primaryimage"},"thumbnailUrl":"https:\/\/www.pure-beauty.shop\/wp-content\/uploads\/2020\/10\/Online-Shop-Bilder-35.png","datePublished":"2020-10-23T10:27:27+00:00","dateModified":"2026-04-18T13:51:05+00:00","description":"Terra Masken Set \u2013 100 Kaolin-Sachets f\u00fcr Gesichts-, K\u00f6rper- & Haarmasken. COSMOS & ECOCERT zertifiziert, ideal f\u00fcr personalisierte Kosmetikbehandlungen.","breadcrumb":{"@id":"https:\/\/www.pure-beauty.shop\/produkt\/cosmix-terra-set\/#breadcrumb"},"inLanguage":"en-GB","potentialAction":[{"@type":"ReadAction","target":["https:\/\/www.pure-beauty.shop\/produkt\/cosmix-terra-set\/"]}]},{"@type":"ImageObject","inLanguage":"en-GB","@id":"https:\/\/www.pure-beauty.shop\/produkt\/cosmix-terra-set\/#primaryimage","url":"https:\/\/www.pure-beauty.shop\/wp-content\/uploads\/2020\/10\/Online-Shop-Bilder-35.png","contentUrl":"https:\/\/www.pure-beauty.shop\/wp-content\/uploads\/2020\/10\/Online-Shop-Bilder-35.png","width":1400,"height":1400},{"@type":"BreadcrumbList","@id":"https:\/\/www.pure-beauty.shop\/produkt\/cosmix-terra-set\/#breadcrumb","itemListElement":[{"@type":"ListItem","position":1,"name":"Startseite","item":"https:\/\/www.pure-beauty.shop\/"},{"@type":"ListItem","position":2,"name":"Shop","item":"https:\/\/www.pure-beauty.shop\/en\/shop\/"},{"@type":"ListItem","position":3,"name":"COSMIX Terra Set"}]},{"@type":"WebSite","@id":"https:\/\/www.pure-beauty.shop\/#website","url":"https:\/\/www.pure-beauty.shop\/","name":"Pure Beauty &amp; PANDHY&#039;S Shop","description":"Kosmetikshop in Graz","potentialAction":[{"@type":"SearchAction","target":{"@type":"EntryPoint","urlTemplate":"https:\/\/www.pure-beauty.shop\/?s={search_term_string}"},"query-input":{"@type":"PropertyValueSpecification","valueRequired":true,"valueName":"search_term_string"}}],"inLanguage":"en-GB"}]}},"jetpack_sharing_enabled":true,"_links":{"self":[{"href":"https:\/\/www.pure-beauty.shop\/en\/wp-json\/wp\/v2\/product\/17610","targetHints":{"allow":["GET"]}}],"collection":[{"href":"https:\/\/www.pure-beauty.shop\/en\/wp-json\/wp\/v2\/product"}],"about":[{"href":"https:\/\/www.pure-beauty.shop\/en\/wp-json\/wp\/v2\/types\/product"}],"replies":[{"embeddable":true,"href":"https:\/\/www.pure-beauty.shop\/en\/wp-json\/wp\/v2\/comments?post=17610"}],"wp:featuredmedia":[{"embeddable":true,"href":"https:\/\/www.pure-beauty.shop\/en\/wp-json\/wp\/v2\/media\/21164"}],"wp:attachment":[{"href":"https:\/\/www.pure-beauty.shop\/en\/wp-json\/wp\/v2\/media?parent=17610"}],"wp:term":[{"taxonomy":"brand","embeddable":true,"href":"https:\/\/www.pure-beauty.shop\/en\/wp-json\/wp\/v2\/etheme_brands?post=17610"},{"taxonomy":"product_brand","embeddable":true,"href":"https:\/\/www.pure-beauty.shop\/en\/wp-json\/wp\/v2\/product_brand?post=17610"},{"taxonomy":"product_cat","embeddable":true,"href":"https:\/\/www.pure-beauty.shop\/en\/wp-json\/wp\/v2\/product_cat?post=17610"},{"taxonomy":"product_tag","embeddable":true,"href":"https:\/\/www.pure-beauty.shop\/en\/wp-json\/wp\/v2\/product_tag?post=17610"}],"curies":[{"name":"wp","href":"https:\/\/api.w.org\/{rel}","templated":true}]}}