{"id":18592,"date":"2021-02-08T15:08:15","date_gmt":"2021-02-08T14:08:15","guid":{"rendered":"https:\/\/www.pure-beauty.shop\/?post_type=product&#038;p=18592"},"modified":"2026-04-28T17:25:42","modified_gmt":"2026-04-28T15:25:42","slug":"loose-mineral-foundation-10g","status":"publish","type":"product","link":"https:\/\/www.pure-beauty.shop\/en\/product\/loose-mineral-foundation-10g\/","title":{"rendered":"PANDHY\u2019S\u2122 Loose Mineral Foundation (10 g)"},"content":{"rendered":"<div class=\"wpb-content-wrapper\"><div class=\"vc_row wpb_row vc_row-fluid et_custom_uniqid_69f11d1cde6c1\"><div class=\"wpb_column vc_column_container vc_col-sm-12 et_custom_uniqid_69f11d1cde699\"><div class=\"vc_column-inner\"><div class=\"wpb_wrapper\">\n\t<div class=\"wpb_text_column wpb_content_element\" >\n\t\t<div class=\"wpb_wrapper\">\n\t\t\t<p><em>Achtung: Die Foundation wird ohne Pinsel verkauft. Der abgebildete Kabuki Pinsel ist zus\u00e4tzlich in unserem Shop erh\u00e4ltlich.<\/em><\/p>\n<p data-start=\"79\" data-end=\"387\">Die Loose Mineral Foundation (LMF) ist eine hochwertige Puder-Grundierung aus reinen Mineralien, die die Haut sch\u00fctzt, pflegt und gleichzeitig einen nat\u00fcrlichen, physikalischen Sonnenschutz gegen UV-Strahlung bietet. Sie bewahrt die Haut vor dem Austrocknen und sorgt f\u00fcr ein ebenm\u00e4\u00dfiges, nat\u00fcrliches Finish.<\/p>\n<p data-start=\"389\" data-end=\"674\">Die Foundation besteht ausschlie\u00dflich aus sorgf\u00e4ltig ausgew\u00e4hlten Mineralien und ist vollkommen frei von F\u00fcllstoffen wie k\u00fcnstlichen oder pflanzlichen Zus\u00e4tzen, \u00d6len oder Parfum. Dadurch eignet sie sich besonders f\u00fcr empfindliche Haut und \u00fcberzeugt durch ihre hohe Hautvertr\u00e4glichkeit.<\/p>\n<p data-start=\"676\" data-end=\"898\">Die LMF ist langanhaltend, sehr ergiebig, konservierungsfrei, nicht komedogen und wasserabweisend. Ihre reine Formulierung sorgt f\u00fcr ein leichtes Tragegef\u00fchl und ein nat\u00fcrlich sch\u00f6nes Hautbild \u2013 ohne die Poren zu belasten.<\/p>\n<p data-start=\"900\" data-end=\"984\"><strong data-start=\"900\" data-end=\"912\">Hinweis:<\/strong><br data-start=\"912\" data-end=\"915\" \/>Artikelnummern mit einem gro\u00dfen \u201eT\u201c kennzeichnen die 1,5 g Testgr\u00f6\u00dfe.<\/p>\n<p>Anwendung\/Applikation: Die Folie in der Verschlusskappe nur 3-4 Mal einstechen, um Verschwendung zu vermeiden. Klopfen Sie eine gewisse Menge der Puder-Foundation in die Verschlusskappe und tragen Sie sie gleichm\u00e4\u00dfig mit einem dichten Kabuki Pinsel in kreisenden Bewegungen auf. Um eine starke, aber nat\u00fcrliche Deckkraft zu erzielen, leichte Schichten \u00fcbereinander aufbauen.<\/p>\n<h6 class=\"p1\">INCI: mica, titanium dioxide, iron oxides, ultramarine blue, zinc oxide<\/h6>\n\n\t\t<\/div>\n\t<\/div>\n<\/div><\/div><\/div><\/div>\n<\/div>","protected":false},"excerpt":{"rendered":"<div><span lang=\"DE\">nat\u00fcrliche Puder-Grundierung auf mineralischer Basis<\/span><\/div>","protected":false},"featured_media":18084,"comment_status":"open","ping_status":"closed","template":"","meta":{"jetpack_post_was_ever_published":false},"etheme_brands":[{"term_id":206,"name":"MINERAL MAKEUP","slug":"mineralmakeup","term_group":0,"term_taxonomy_id":206,"taxonomy":"brand","description":"","parent":0,"count":14,"filter":"raw"}],"product_brand":[],"product_cat":[213,171,199],"product_tag":[],"class_list":{"0":"post-18592","1":"product","2":"type-product","3":"status-publish","4":"has-post-thumbnail","6":"brand-mineralmakeup","7":"product_cat-foundation","8":"product_cat-make-up","9":"product_cat-teint","11":"first","12":"instock","13":"taxable","14":"shipping-taxable","15":"purchasable","16":"product-type-variable","17":"has-default-attributes"},"yoast_head":"<!-- This site is optimized with the Yoast SEO plugin v27.5 - https:\/\/yoast.com\/product\/yoast-seo-wordpress\/ -->\n<title>PANDHY\u2019S\u2122 Loose Mineral Foundation (10 g) - Pure Beauty &amp; PANDHY&#039;S Shop<\/title>\n<meta name=\"description\" content=\"Loose Mineral Foundation \u2013 Puder-Foundation aus reinen Mineralien. Sch\u00fctzt vor UV, ist nicht komedogen, langanhaltend und ideal f\u00fcr empfindliche Haut.\" \/>\n<meta name=\"robots\" content=\"index, follow, max-snippet:-1, max-image-preview:large, max-video-preview:-1\" \/>\n<link rel=\"canonical\" href=\"https:\/\/www.pure-beauty.shop\/en\/product\/loose-mineral-foundation-10g\/\" \/>\n<meta property=\"og:locale\" content=\"en_GB\" \/>\n<meta property=\"og:type\" content=\"article\" \/>\n<meta property=\"og:title\" content=\"PANDHY\u2019S\u2122 Loose Mineral Foundation (10 g) - Pure Beauty &amp; PANDHY&#039;S Shop\" \/>\n<meta property=\"og:description\" content=\"Loose Mineral Foundation \u2013 Puder-Foundation aus reinen Mineralien. Sch\u00fctzt vor UV, ist nicht komedogen, langanhaltend und ideal f\u00fcr empfindliche Haut.\" \/>\n<meta property=\"og:url\" content=\"https:\/\/www.pure-beauty.shop\/en\/product\/loose-mineral-foundation-10g\/\" \/>\n<meta property=\"og:site_name\" content=\"Pure Beauty &amp; PANDHY&#039;S Shop\" \/>\n<meta property=\"article:modified_time\" content=\"2026-04-28T15:25:42+00:00\" \/>\n<meta property=\"og:image\" content=\"https:\/\/www.pure-beauty.shop\/wp-content\/uploads\/2020\/10\/LMF-Amy-10g1-e1609097159111.png\" \/>\n\t<meta property=\"og:image:width\" content=\"800\" \/>\n\t<meta property=\"og:image:height\" content=\"800\" \/>\n\t<meta property=\"og:image:type\" content=\"image\/png\" \/>\n<meta name=\"twitter:card\" content=\"summary_large_image\" \/>\n<meta name=\"twitter:label1\" content=\"Estimated reading time\" \/>\n\t<meta name=\"twitter:data1\" content=\"2 minutes\" \/>\n<script type=\"application\/ld+json\" class=\"yoast-schema-graph\">{\"@context\":\"https:\\\/\\\/schema.org\",\"@graph\":[{\"@type\":\"WebPage\",\"@id\":\"https:\\\/\\\/www.pure-beauty.shop\\\/produkt\\\/loose-mineral-foundation-10g\\\/\",\"url\":\"https:\\\/\\\/www.pure-beauty.shop\\\/produkt\\\/loose-mineral-foundation-10g\\\/\",\"name\":\"PANDHY\u2019S\u2122 Loose Mineral Foundation (10 g) - Pure Beauty &amp; PANDHY&#039;S Shop\",\"isPartOf\":{\"@id\":\"https:\\\/\\\/www.pure-beauty.shop\\\/#website\"},\"primaryImageOfPage\":{\"@id\":\"https:\\\/\\\/www.pure-beauty.shop\\\/produkt\\\/loose-mineral-foundation-10g\\\/#primaryimage\"},\"image\":{\"@id\":\"https:\\\/\\\/www.pure-beauty.shop\\\/produkt\\\/loose-mineral-foundation-10g\\\/#primaryimage\"},\"thumbnailUrl\":\"https:\\\/\\\/www.pure-beauty.shop\\\/wp-content\\\/uploads\\\/2020\\\/10\\\/LMF-Amy-10g1-e1609097159111.png\",\"datePublished\":\"2021-02-08T14:08:15+00:00\",\"dateModified\":\"2026-04-28T15:25:42+00:00\",\"description\":\"Loose Mineral Foundation \u2013 Puder-Foundation aus reinen Mineralien. Sch\u00fctzt vor UV, ist nicht komedogen, langanhaltend und ideal f\u00fcr empfindliche Haut.\",\"breadcrumb\":{\"@id\":\"https:\\\/\\\/www.pure-beauty.shop\\\/produkt\\\/loose-mineral-foundation-10g\\\/#breadcrumb\"},\"inLanguage\":\"en-GB\",\"potentialAction\":[{\"@type\":\"ReadAction\",\"target\":[\"https:\\\/\\\/www.pure-beauty.shop\\\/produkt\\\/loose-mineral-foundation-10g\\\/\"]}]},{\"@type\":\"ImageObject\",\"inLanguage\":\"en-GB\",\"@id\":\"https:\\\/\\\/www.pure-beauty.shop\\\/produkt\\\/loose-mineral-foundation-10g\\\/#primaryimage\",\"url\":\"https:\\\/\\\/www.pure-beauty.shop\\\/wp-content\\\/uploads\\\/2020\\\/10\\\/LMF-Amy-10g1-e1609097159111.png\",\"contentUrl\":\"https:\\\/\\\/www.pure-beauty.shop\\\/wp-content\\\/uploads\\\/2020\\\/10\\\/LMF-Amy-10g1-e1609097159111.png\",\"width\":800,\"height\":800},{\"@type\":\"BreadcrumbList\",\"@id\":\"https:\\\/\\\/www.pure-beauty.shop\\\/produkt\\\/loose-mineral-foundation-10g\\\/#breadcrumb\",\"itemListElement\":[{\"@type\":\"ListItem\",\"position\":1,\"name\":\"Startseite\",\"item\":\"https:\\\/\\\/www.pure-beauty.shop\\\/\"},{\"@type\":\"ListItem\",\"position\":2,\"name\":\"Shop\",\"item\":\"https:\\\/\\\/www.pure-beauty.shop\\\/en\\\/shop\\\/\"},{\"@type\":\"ListItem\",\"position\":3,\"name\":\"PANDHY\u2019S\u2122 Loose Mineral Foundation (10 g)\"}]},{\"@type\":\"WebSite\",\"@id\":\"https:\\\/\\\/www.pure-beauty.shop\\\/#website\",\"url\":\"https:\\\/\\\/www.pure-beauty.shop\\\/\",\"name\":\"Pure Beauty &amp; PANDHY&#039;S Shop\",\"description\":\"Kosmetikshop in Graz\",\"potentialAction\":[{\"@type\":\"SearchAction\",\"target\":{\"@type\":\"EntryPoint\",\"urlTemplate\":\"https:\\\/\\\/www.pure-beauty.shop\\\/?s={search_term_string}\"},\"query-input\":{\"@type\":\"PropertyValueSpecification\",\"valueRequired\":true,\"valueName\":\"search_term_string\"}}],\"inLanguage\":\"en-GB\"}]}<\/script>\n<!-- \/ Yoast SEO plugin. -->","yoast_head_json":{"title":"PANDHY\u2019S\u2122 Loose Mineral Foundation (10 g) - Pure Beauty &amp; PANDHY&#039;S Shop","description":"Loose Mineral Foundation \u2013 Puder-Foundation aus reinen Mineralien. Sch\u00fctzt vor UV, ist nicht komedogen, langanhaltend und ideal f\u00fcr empfindliche Haut.","robots":{"index":"index","follow":"follow","max-snippet":"max-snippet:-1","max-image-preview":"max-image-preview:large","max-video-preview":"max-video-preview:-1"},"canonical":"https:\/\/www.pure-beauty.shop\/en\/product\/loose-mineral-foundation-10g\/","og_locale":"en_GB","og_type":"article","og_title":"PANDHY\u2019S\u2122 Loose Mineral Foundation (10 g) - Pure Beauty &amp; PANDHY&#039;S Shop","og_description":"Loose Mineral Foundation \u2013 Puder-Foundation aus reinen Mineralien. Sch\u00fctzt vor UV, ist nicht komedogen, langanhaltend und ideal f\u00fcr empfindliche Haut.","og_url":"https:\/\/www.pure-beauty.shop\/en\/product\/loose-mineral-foundation-10g\/","og_site_name":"Pure Beauty &amp; PANDHY&#039;S Shop","article_modified_time":"2026-04-28T15:25:42+00:00","og_image":[{"width":800,"height":800,"url":"https:\/\/www.pure-beauty.shop\/wp-content\/uploads\/2020\/10\/LMF-Amy-10g1-e1609097159111.png","type":"image\/png"}],"twitter_card":"summary_large_image","twitter_misc":{"Estimated reading time":"2 minutes"},"schema":{"@context":"https:\/\/schema.org","@graph":[{"@type":"WebPage","@id":"https:\/\/www.pure-beauty.shop\/produkt\/loose-mineral-foundation-10g\/","url":"https:\/\/www.pure-beauty.shop\/produkt\/loose-mineral-foundation-10g\/","name":"PANDHY\u2019S\u2122 Loose Mineral Foundation (10 g) - Pure Beauty &amp; PANDHY&#039;S Shop","isPartOf":{"@id":"https:\/\/www.pure-beauty.shop\/#website"},"primaryImageOfPage":{"@id":"https:\/\/www.pure-beauty.shop\/produkt\/loose-mineral-foundation-10g\/#primaryimage"},"image":{"@id":"https:\/\/www.pure-beauty.shop\/produkt\/loose-mineral-foundation-10g\/#primaryimage"},"thumbnailUrl":"https:\/\/www.pure-beauty.shop\/wp-content\/uploads\/2020\/10\/LMF-Amy-10g1-e1609097159111.png","datePublished":"2021-02-08T14:08:15+00:00","dateModified":"2026-04-28T15:25:42+00:00","description":"Loose Mineral Foundation \u2013 Puder-Foundation aus reinen Mineralien. Sch\u00fctzt vor UV, ist nicht komedogen, langanhaltend und ideal f\u00fcr empfindliche Haut.","breadcrumb":{"@id":"https:\/\/www.pure-beauty.shop\/produkt\/loose-mineral-foundation-10g\/#breadcrumb"},"inLanguage":"en-GB","potentialAction":[{"@type":"ReadAction","target":["https:\/\/www.pure-beauty.shop\/produkt\/loose-mineral-foundation-10g\/"]}]},{"@type":"ImageObject","inLanguage":"en-GB","@id":"https:\/\/www.pure-beauty.shop\/produkt\/loose-mineral-foundation-10g\/#primaryimage","url":"https:\/\/www.pure-beauty.shop\/wp-content\/uploads\/2020\/10\/LMF-Amy-10g1-e1609097159111.png","contentUrl":"https:\/\/www.pure-beauty.shop\/wp-content\/uploads\/2020\/10\/LMF-Amy-10g1-e1609097159111.png","width":800,"height":800},{"@type":"BreadcrumbList","@id":"https:\/\/www.pure-beauty.shop\/produkt\/loose-mineral-foundation-10g\/#breadcrumb","itemListElement":[{"@type":"ListItem","position":1,"name":"Startseite","item":"https:\/\/www.pure-beauty.shop\/"},{"@type":"ListItem","position":2,"name":"Shop","item":"https:\/\/www.pure-beauty.shop\/en\/shop\/"},{"@type":"ListItem","position":3,"name":"PANDHY\u2019S\u2122 Loose Mineral Foundation (10 g)"}]},{"@type":"WebSite","@id":"https:\/\/www.pure-beauty.shop\/#website","url":"https:\/\/www.pure-beauty.shop\/","name":"Pure Beauty &amp; PANDHY&#039;S Shop","description":"Kosmetikshop in Graz","potentialAction":[{"@type":"SearchAction","target":{"@type":"EntryPoint","urlTemplate":"https:\/\/www.pure-beauty.shop\/?s={search_term_string}"},"query-input":{"@type":"PropertyValueSpecification","valueRequired":true,"valueName":"search_term_string"}}],"inLanguage":"en-GB"}]}},"jetpack_sharing_enabled":true,"_links":{"self":[{"href":"https:\/\/www.pure-beauty.shop\/en\/wp-json\/wp\/v2\/product\/18592","targetHints":{"allow":["GET"]}}],"collection":[{"href":"https:\/\/www.pure-beauty.shop\/en\/wp-json\/wp\/v2\/product"}],"about":[{"href":"https:\/\/www.pure-beauty.shop\/en\/wp-json\/wp\/v2\/types\/product"}],"replies":[{"embeddable":true,"href":"https:\/\/www.pure-beauty.shop\/en\/wp-json\/wp\/v2\/comments?post=18592"}],"wp:featuredmedia":[{"embeddable":true,"href":"https:\/\/www.pure-beauty.shop\/en\/wp-json\/wp\/v2\/media\/18084"}],"wp:attachment":[{"href":"https:\/\/www.pure-beauty.shop\/en\/wp-json\/wp\/v2\/media?parent=18592"}],"wp:term":[{"taxonomy":"brand","embeddable":true,"href":"https:\/\/www.pure-beauty.shop\/en\/wp-json\/wp\/v2\/etheme_brands?post=18592"},{"taxonomy":"product_brand","embeddable":true,"href":"https:\/\/www.pure-beauty.shop\/en\/wp-json\/wp\/v2\/product_brand?post=18592"},{"taxonomy":"product_cat","embeddable":true,"href":"https:\/\/www.pure-beauty.shop\/en\/wp-json\/wp\/v2\/product_cat?post=18592"},{"taxonomy":"product_tag","embeddable":true,"href":"https:\/\/www.pure-beauty.shop\/en\/wp-json\/wp\/v2\/product_tag?post=18592"}],"curies":[{"name":"wp","href":"https:\/\/api.w.org\/{rel}","templated":true}]}}