{"id":18813,"date":"2021-02-11T17:02:10","date_gmt":"2021-02-11T16:02:10","guid":{"rendered":"https:\/\/www.pure-beauty.shop\/?post_type=product&#038;p=18813"},"modified":"2026-04-11T00:18:31","modified_gmt":"2026-04-10T22:18:31","slug":"illuminizer","status":"publish","type":"product","link":"https:\/\/www.pure-beauty.shop\/en\/product\/illuminizer\/","title":{"rendered":"PANDHY\u2019S\u2122 Illuminizer (10 g)"},"content":{"rendered":"<div class=\"wpb-content-wrapper\"><div class=\"vc_row wpb_row vc_row-fluid et_custom_uniqid_69f12e31b1c75\"><div class=\"wpb_column vc_column_container vc_col-sm-12 et_custom_uniqid_69f12e31b1c4b\"><div class=\"vc_column-inner\"><div class=\"wpb_wrapper\">\n\t<div class=\"wpb_text_column wpb_content_element\" >\n\t\t<div class=\"wpb_wrapper\">\n\t\t\t<p data-start=\"79\" data-end=\"297\">Der lose, naturbelassene Illuminizer auf mineralischer Basis verleiht der Haut einen strahlenden, eleganten Glow. Die feinen Schimmerpartikel setzen gezielte Highlights und sorgen f\u00fcr ein frisches, lebendiges Hautbild.<\/p>\n<p data-start=\"299\" data-end=\"522\">Der Illuminizer ist vielseitig einsetzbar: Er eignet sich als Highlighter f\u00fcr Wangen, Lippen und Augen, als langanhaltender Ganzk\u00f6rper-Glow f\u00fcr besondere Anl\u00e4sse oder auch zur Anwendung im Nagellack f\u00fcr schimmernde Effekte.<\/p>\n<p data-start=\"524\" data-end=\"778\">Die Formulierung besteht aus reinen Mineralien und ist frei von F\u00fcll- und Duftstoffen. Sie ist langanhaltend, ergiebig, konservierungsfrei, nicht komedogen und wasserabweisend \u2013 ideal f\u00fcr ein strahlendes Finish bei gleichzeitig hoher Hautvertr\u00e4glichkeit.<\/p>\n<p>Anwendung\/Applikation: Die Folie in der Verschlusskappe nur 3-4 Mal einstechen, um Verschwendung zu vermeiden. Klopfen Sie eine gewisse Menge des Illuminizers in die Verschlusskappe und tragen Sie ihn an den Highlighter-Stellen im Gesicht und Dekollete oder an den gew\u00fcnschten Stellen am K\u00f6rper auf. \u00dcberg\u00e4nge einfach verblenden. Um ein zu starkes Ergebnis abzuschw\u00e4chen tragen Sie mit einem Pinsel Puder \u00fcber den Illuminizer auf. Voila \u2013 es schaut viel nat\u00fcrlicher aus.<\/p>\n<h6>INCI: mica, titanium dioxide, iron oxides<\/h6>\n\n\t\t<\/div>\n\t<\/div>\n<\/div><\/div><\/div><\/div>\n<\/div>","protected":false},"excerpt":{"rendered":"<p data-start=\"805\" data-end=\"874\">Mineral-Illuminizer \u2013 vielseitiger Glow f\u00fcr Gesicht, K\u00f6rper und mehr.<\/p>","protected":false},"featured_media":18810,"comment_status":"open","ping_status":"closed","template":"","meta":{"jetpack_post_was_ever_published":false},"etheme_brands":[{"term_id":206,"name":"MINERAL MAKEUP","slug":"mineralmakeup","term_group":0,"term_taxonomy_id":206,"taxonomy":"brand","description":"","parent":0,"count":14,"filter":"raw"}],"product_brand":[],"product_cat":[216,171,199],"product_tag":[422,423,430,425],"class_list":{"0":"post-18813","1":"product","2":"type-product","3":"status-publish","4":"has-post-thumbnail","6":"brand-mineralmakeup","7":"product_cat-highlighter","8":"product_cat-make-up","9":"product_cat-teint","10":"product_tag-glow","11":"product_tag-highlighter","12":"product_tag-illuminizer","13":"product_tag-puder","15":"first","16":"instock","17":"taxable","18":"shipping-taxable","19":"purchasable","20":"product-type-variable","21":"has-default-attributes"},"yoast_head":"<!-- This site is optimized with the Yoast SEO plugin v27.5 - https:\/\/yoast.com\/product\/yoast-seo-wordpress\/ -->\n<title>PANDHY\u2019S\u2122 Illuminizer (10 g) - Pure Beauty &amp; PANDHY&#039;S Shop<\/title>\n<meta name=\"description\" content=\"Illuminizer aus Mineralien \u2013 als Highlighter, Body Glow oder f\u00fcr Nagellack geeignet. Langanhaltend, ohne Zusatzstoffe und f\u00fcr strahlende Highlights.\" \/>\n<meta name=\"robots\" content=\"index, follow, max-snippet:-1, max-image-preview:large, max-video-preview:-1\" \/>\n<link rel=\"canonical\" href=\"https:\/\/www.pure-beauty.shop\/en\/product\/illuminizer\/\" \/>\n<meta property=\"og:locale\" content=\"en_GB\" \/>\n<meta property=\"og:type\" content=\"article\" \/>\n<meta property=\"og:title\" content=\"PANDHY\u2019S\u2122 Illuminizer (10 g) - Pure Beauty &amp; PANDHY&#039;S Shop\" \/>\n<meta property=\"og:description\" content=\"Illuminizer aus Mineralien \u2013 als Highlighter, Body Glow oder f\u00fcr Nagellack geeignet. Langanhaltend, ohne Zusatzstoffe und f\u00fcr strahlende Highlights.\" \/>\n<meta property=\"og:url\" content=\"https:\/\/www.pure-beauty.shop\/en\/product\/illuminizer\/\" \/>\n<meta property=\"og:site_name\" content=\"Pure Beauty &amp; PANDHY&#039;S Shop\" \/>\n<meta property=\"article:modified_time\" content=\"2026-04-10T22:18:31+00:00\" \/>\n<meta property=\"og:image\" content=\"https:\/\/www.pure-beauty.shop\/wp-content\/uploads\/2021\/02\/Illuminzer-401-Glisten.png\" \/>\n\t<meta property=\"og:image:width\" content=\"800\" \/>\n\t<meta property=\"og:image:height\" content=\"800\" \/>\n\t<meta property=\"og:image:type\" content=\"image\/png\" \/>\n<meta name=\"twitter:card\" content=\"summary_large_image\" \/>\n<meta name=\"twitter:label1\" content=\"Estimated reading time\" \/>\n\t<meta name=\"twitter:data1\" content=\"1 minute\" \/>\n<script type=\"application\/ld+json\" class=\"yoast-schema-graph\">{\"@context\":\"https:\\\/\\\/schema.org\",\"@graph\":[{\"@type\":\"WebPage\",\"@id\":\"https:\\\/\\\/www.pure-beauty.shop\\\/produkt\\\/illuminizer\\\/\",\"url\":\"https:\\\/\\\/www.pure-beauty.shop\\\/produkt\\\/illuminizer\\\/\",\"name\":\"PANDHY\u2019S\u2122 Illuminizer (10 g) - Pure Beauty &amp; PANDHY&#039;S Shop\",\"isPartOf\":{\"@id\":\"https:\\\/\\\/www.pure-beauty.shop\\\/#website\"},\"primaryImageOfPage\":{\"@id\":\"https:\\\/\\\/www.pure-beauty.shop\\\/produkt\\\/illuminizer\\\/#primaryimage\"},\"image\":{\"@id\":\"https:\\\/\\\/www.pure-beauty.shop\\\/produkt\\\/illuminizer\\\/#primaryimage\"},\"thumbnailUrl\":\"https:\\\/\\\/www.pure-beauty.shop\\\/wp-content\\\/uploads\\\/2021\\\/02\\\/Illuminzer-401-Glisten.png\",\"datePublished\":\"2021-02-11T16:02:10+00:00\",\"dateModified\":\"2026-04-10T22:18:31+00:00\",\"description\":\"Illuminizer aus Mineralien \u2013 als Highlighter, Body Glow oder f\u00fcr Nagellack geeignet. Langanhaltend, ohne Zusatzstoffe und f\u00fcr strahlende Highlights.\",\"breadcrumb\":{\"@id\":\"https:\\\/\\\/www.pure-beauty.shop\\\/produkt\\\/illuminizer\\\/#breadcrumb\"},\"inLanguage\":\"en-GB\",\"potentialAction\":[{\"@type\":\"ReadAction\",\"target\":[\"https:\\\/\\\/www.pure-beauty.shop\\\/produkt\\\/illuminizer\\\/\"]}]},{\"@type\":\"ImageObject\",\"inLanguage\":\"en-GB\",\"@id\":\"https:\\\/\\\/www.pure-beauty.shop\\\/produkt\\\/illuminizer\\\/#primaryimage\",\"url\":\"https:\\\/\\\/www.pure-beauty.shop\\\/wp-content\\\/uploads\\\/2021\\\/02\\\/Illuminzer-401-Glisten.png\",\"contentUrl\":\"https:\\\/\\\/www.pure-beauty.shop\\\/wp-content\\\/uploads\\\/2021\\\/02\\\/Illuminzer-401-Glisten.png\",\"width\":800,\"height\":800},{\"@type\":\"BreadcrumbList\",\"@id\":\"https:\\\/\\\/www.pure-beauty.shop\\\/produkt\\\/illuminizer\\\/#breadcrumb\",\"itemListElement\":[{\"@type\":\"ListItem\",\"position\":1,\"name\":\"Startseite\",\"item\":\"https:\\\/\\\/www.pure-beauty.shop\\\/\"},{\"@type\":\"ListItem\",\"position\":2,\"name\":\"Shop\",\"item\":\"https:\\\/\\\/www.pure-beauty.shop\\\/en\\\/shop\\\/\"},{\"@type\":\"ListItem\",\"position\":3,\"name\":\"PANDHY\u2019S\u2122 Illuminizer (10 g)\"}]},{\"@type\":\"WebSite\",\"@id\":\"https:\\\/\\\/www.pure-beauty.shop\\\/#website\",\"url\":\"https:\\\/\\\/www.pure-beauty.shop\\\/\",\"name\":\"Pure Beauty &amp; PANDHY&#039;S Shop\",\"description\":\"Kosmetikshop in Graz\",\"potentialAction\":[{\"@type\":\"SearchAction\",\"target\":{\"@type\":\"EntryPoint\",\"urlTemplate\":\"https:\\\/\\\/www.pure-beauty.shop\\\/?s={search_term_string}\"},\"query-input\":{\"@type\":\"PropertyValueSpecification\",\"valueRequired\":true,\"valueName\":\"search_term_string\"}}],\"inLanguage\":\"en-GB\"}]}<\/script>\n<!-- \/ Yoast SEO plugin. -->","yoast_head_json":{"title":"PANDHY\u2019S\u2122 Illuminizer (10 g) - Pure Beauty &amp; PANDHY&#039;S Shop","description":"Illuminizer aus Mineralien \u2013 als Highlighter, Body Glow oder f\u00fcr Nagellack geeignet. Langanhaltend, ohne Zusatzstoffe und f\u00fcr strahlende Highlights.","robots":{"index":"index","follow":"follow","max-snippet":"max-snippet:-1","max-image-preview":"max-image-preview:large","max-video-preview":"max-video-preview:-1"},"canonical":"https:\/\/www.pure-beauty.shop\/en\/product\/illuminizer\/","og_locale":"en_GB","og_type":"article","og_title":"PANDHY\u2019S\u2122 Illuminizer (10 g) - Pure Beauty &amp; PANDHY&#039;S Shop","og_description":"Illuminizer aus Mineralien \u2013 als Highlighter, Body Glow oder f\u00fcr Nagellack geeignet. Langanhaltend, ohne Zusatzstoffe und f\u00fcr strahlende Highlights.","og_url":"https:\/\/www.pure-beauty.shop\/en\/product\/illuminizer\/","og_site_name":"Pure Beauty &amp; PANDHY&#039;S Shop","article_modified_time":"2026-04-10T22:18:31+00:00","og_image":[{"width":800,"height":800,"url":"https:\/\/www.pure-beauty.shop\/wp-content\/uploads\/2021\/02\/Illuminzer-401-Glisten.png","type":"image\/png"}],"twitter_card":"summary_large_image","twitter_misc":{"Estimated reading time":"1 minute"},"schema":{"@context":"https:\/\/schema.org","@graph":[{"@type":"WebPage","@id":"https:\/\/www.pure-beauty.shop\/produkt\/illuminizer\/","url":"https:\/\/www.pure-beauty.shop\/produkt\/illuminizer\/","name":"PANDHY\u2019S\u2122 Illuminizer (10 g) - Pure Beauty &amp; PANDHY&#039;S Shop","isPartOf":{"@id":"https:\/\/www.pure-beauty.shop\/#website"},"primaryImageOfPage":{"@id":"https:\/\/www.pure-beauty.shop\/produkt\/illuminizer\/#primaryimage"},"image":{"@id":"https:\/\/www.pure-beauty.shop\/produkt\/illuminizer\/#primaryimage"},"thumbnailUrl":"https:\/\/www.pure-beauty.shop\/wp-content\/uploads\/2021\/02\/Illuminzer-401-Glisten.png","datePublished":"2021-02-11T16:02:10+00:00","dateModified":"2026-04-10T22:18:31+00:00","description":"Illuminizer aus Mineralien \u2013 als Highlighter, Body Glow oder f\u00fcr Nagellack geeignet. Langanhaltend, ohne Zusatzstoffe und f\u00fcr strahlende Highlights.","breadcrumb":{"@id":"https:\/\/www.pure-beauty.shop\/produkt\/illuminizer\/#breadcrumb"},"inLanguage":"en-GB","potentialAction":[{"@type":"ReadAction","target":["https:\/\/www.pure-beauty.shop\/produkt\/illuminizer\/"]}]},{"@type":"ImageObject","inLanguage":"en-GB","@id":"https:\/\/www.pure-beauty.shop\/produkt\/illuminizer\/#primaryimage","url":"https:\/\/www.pure-beauty.shop\/wp-content\/uploads\/2021\/02\/Illuminzer-401-Glisten.png","contentUrl":"https:\/\/www.pure-beauty.shop\/wp-content\/uploads\/2021\/02\/Illuminzer-401-Glisten.png","width":800,"height":800},{"@type":"BreadcrumbList","@id":"https:\/\/www.pure-beauty.shop\/produkt\/illuminizer\/#breadcrumb","itemListElement":[{"@type":"ListItem","position":1,"name":"Startseite","item":"https:\/\/www.pure-beauty.shop\/"},{"@type":"ListItem","position":2,"name":"Shop","item":"https:\/\/www.pure-beauty.shop\/en\/shop\/"},{"@type":"ListItem","position":3,"name":"PANDHY\u2019S\u2122 Illuminizer (10 g)"}]},{"@type":"WebSite","@id":"https:\/\/www.pure-beauty.shop\/#website","url":"https:\/\/www.pure-beauty.shop\/","name":"Pure Beauty &amp; PANDHY&#039;S Shop","description":"Kosmetikshop in Graz","potentialAction":[{"@type":"SearchAction","target":{"@type":"EntryPoint","urlTemplate":"https:\/\/www.pure-beauty.shop\/?s={search_term_string}"},"query-input":{"@type":"PropertyValueSpecification","valueRequired":true,"valueName":"search_term_string"}}],"inLanguage":"en-GB"}]}},"jetpack_sharing_enabled":true,"_links":{"self":[{"href":"https:\/\/www.pure-beauty.shop\/en\/wp-json\/wp\/v2\/product\/18813","targetHints":{"allow":["GET"]}}],"collection":[{"href":"https:\/\/www.pure-beauty.shop\/en\/wp-json\/wp\/v2\/product"}],"about":[{"href":"https:\/\/www.pure-beauty.shop\/en\/wp-json\/wp\/v2\/types\/product"}],"replies":[{"embeddable":true,"href":"https:\/\/www.pure-beauty.shop\/en\/wp-json\/wp\/v2\/comments?post=18813"}],"wp:featuredmedia":[{"embeddable":true,"href":"https:\/\/www.pure-beauty.shop\/en\/wp-json\/wp\/v2\/media\/18810"}],"wp:attachment":[{"href":"https:\/\/www.pure-beauty.shop\/en\/wp-json\/wp\/v2\/media?parent=18813"}],"wp:term":[{"taxonomy":"brand","embeddable":true,"href":"https:\/\/www.pure-beauty.shop\/en\/wp-json\/wp\/v2\/etheme_brands?post=18813"},{"taxonomy":"product_brand","embeddable":true,"href":"https:\/\/www.pure-beauty.shop\/en\/wp-json\/wp\/v2\/product_brand?post=18813"},{"taxonomy":"product_cat","embeddable":true,"href":"https:\/\/www.pure-beauty.shop\/en\/wp-json\/wp\/v2\/product_cat?post=18813"},{"taxonomy":"product_tag","embeddable":true,"href":"https:\/\/www.pure-beauty.shop\/en\/wp-json\/wp\/v2\/product_tag?post=18813"}],"curies":[{"name":"wp","href":"https:\/\/api.w.org\/{rel}","templated":true}]}}