{"id":18817,"date":"2021-02-11T17:08:19","date_gmt":"2021-02-11T16:08:19","guid":{"rendered":"https:\/\/www.pure-beauty.shop\/?post_type=product&#038;p=18817"},"modified":"2026-04-11T00:14:48","modified_gmt":"2026-04-10T22:14:48","slug":"bronzer","status":"publish","type":"product","link":"https:\/\/www.pure-beauty.shop\/en\/product\/bronzer\/","title":{"rendered":"PANDHY\u2019S\u2122 Bronzer (10 g)"},"content":{"rendered":"<div class=\"wpb-content-wrapper\"><div class=\"vc_row wpb_row vc_row-fluid et_custom_uniqid_69f13f69b5dc3\"><div class=\"wpb_column vc_column_container vc_col-sm-12 et_custom_uniqid_69f13f69b5d9f\"><div class=\"vc_column-inner\"><div class=\"wpb_wrapper\">\n\t<div class=\"wpb_text_column wpb_content_element\" >\n\t\t<div class=\"wpb_wrapper\">\n\t\t\t<p data-start=\"79\" data-end=\"338\">Dieser lose Mineral-Bronzer mit feinen Glanzpartikeln verleiht der Haut einen nat\u00fcrlich sonnengek\u00fcssten Teint und sorgt f\u00fcr ein frisches, strahlendes Aussehen. Die leichte Schimmerwirkung setzt dezente Highlights und unterstreicht die nat\u00fcrliche Ausstrahlung.<\/p>\n<p data-start=\"340\" data-end=\"601\">Der Bronzer besteht ausschlie\u00dflich aus hochwertigen, naturbelassenen Mineralien und kommt vollst\u00e4ndig ohne F\u00fcllstoffe wie k\u00fcnstliche oder pflanzliche Zus\u00e4tze, \u00d6le oder Parfum aus. Dadurch ist er besonders hautvertr\u00e4glich und auch f\u00fcr empfindliche Haut geeignet.<\/p>\n<p data-start=\"603\" data-end=\"776\">Die Formulierung ist langanhaltend, ergiebig, konservierungsfrei, nicht komedogen und wasserabweisend \u2013 f\u00fcr ein nat\u00fcrliches, gleichm\u00e4\u00dfiges Finish mit angenehmem Tragegef\u00fchl.<\/p>\n<p>Anwendung\/Applikation: Die Folie in der Verschlusskappe nur 3-4 Mal einstechen, um Verschwendung zu vermeiden. Klopfen Sie eine gewisse Menge des Bronzers in die Verschlusskappe und tragen Sie ihn gleichm\u00e4\u00dfig an den zu schattierenden Stellen im Gesicht auf. \u00dcberg\u00e4nge einfach verblenden. Um ein zu starkes Ergebnis abzuschw\u00e4chen, tragen Sie mit einem Pinsel Puder \u00fcber den Bronzer auf. Voila \u2013 es schaut viel nat\u00fcrlicher aus.<\/p>\n<h6>INCI: mica, iron oxides, titanium dioxide<\/h6>\n\n\t\t<\/div>\n\t<\/div>\n<\/div><\/div><\/div><\/div>\n<\/div>","protected":false},"excerpt":{"rendered":"<p data-start=\"803\" data-end=\"876\">Mineral-Bronzer mit Schimmer \u2013 f\u00fcr einen nat\u00fcrlich sonnengek\u00fcssten Teint.<\/p>","protected":false},"featured_media":18808,"comment_status":"open","ping_status":"closed","template":"","meta":{"jetpack_post_was_ever_published":false},"etheme_brands":[{"term_id":206,"name":"MINERAL MAKEUP","slug":"mineralmakeup","term_group":0,"term_taxonomy_id":206,"taxonomy":"brand","description":"","parent":0,"count":14,"filter":"raw"}],"product_brand":[],"product_cat":[215,171,199],"product_tag":[420,419],"class_list":{"0":"post-18817","1":"product","2":"type-product","3":"status-publish","4":"has-post-thumbnail","6":"brand-mineralmakeup","7":"product_cat-bronzer","8":"product_cat-make-up","9":"product_cat-teint","10":"product_tag-bronzer","11":"product_tag-erdpuder","13":"first","14":"instock","15":"taxable","16":"shipping-taxable","17":"purchasable","18":"product-type-variable","19":"has-default-attributes"},"yoast_head":"<!-- This site is optimized with the Yoast SEO plugin v27.5 - https:\/\/yoast.com\/product\/yoast-seo-wordpress\/ -->\n<title>PANDHY\u2019S\u2122 Bronzer (10 g) - Pure Beauty &amp; PANDHY&#039;S Shop<\/title>\n<meta name=\"description\" content=\"Mineral Bronzer mit feinem Schimmer \u2013 verleiht einen sonnengek\u00fcssten Teint. Naturbelassen, langanhaltend und ideal f\u00fcr empfindliche Haut.\" \/>\n<meta name=\"robots\" content=\"index, follow, max-snippet:-1, max-image-preview:large, max-video-preview:-1\" \/>\n<link rel=\"canonical\" href=\"https:\/\/www.pure-beauty.shop\/en\/product\/bronzer\/\" \/>\n<meta property=\"og:locale\" content=\"en_GB\" \/>\n<meta property=\"og:type\" content=\"article\" \/>\n<meta property=\"og:title\" content=\"PANDHY\u2019S\u2122 Bronzer (10 g) - Pure Beauty &amp; PANDHY&#039;S Shop\" \/>\n<meta property=\"og:description\" content=\"Mineral Bronzer mit feinem Schimmer \u2013 verleiht einen sonnengek\u00fcssten Teint. Naturbelassen, langanhaltend und ideal f\u00fcr empfindliche Haut.\" \/>\n<meta property=\"og:url\" content=\"https:\/\/www.pure-beauty.shop\/en\/product\/bronzer\/\" \/>\n<meta property=\"og:site_name\" content=\"Pure Beauty &amp; PANDHY&#039;S Shop\" \/>\n<meta property=\"article:modified_time\" content=\"2026-04-10T22:14:48+00:00\" \/>\n<meta property=\"og:image\" content=\"https:\/\/www.pure-beauty.shop\/wp-content\/uploads\/2021\/02\/Bronzer-301-Gran-Marnier.png\" \/>\n\t<meta property=\"og:image:width\" content=\"800\" \/>\n\t<meta property=\"og:image:height\" content=\"800\" \/>\n\t<meta property=\"og:image:type\" content=\"image\/png\" \/>\n<meta name=\"twitter:card\" content=\"summary_large_image\" \/>\n<meta name=\"twitter:label1\" content=\"Estimated reading time\" \/>\n\t<meta name=\"twitter:data1\" content=\"1 minute\" \/>\n<script type=\"application\/ld+json\" class=\"yoast-schema-graph\">{\"@context\":\"https:\\\/\\\/schema.org\",\"@graph\":[{\"@type\":\"WebPage\",\"@id\":\"https:\\\/\\\/www.pure-beauty.shop\\\/produkt\\\/bronzer\\\/\",\"url\":\"https:\\\/\\\/www.pure-beauty.shop\\\/produkt\\\/bronzer\\\/\",\"name\":\"PANDHY\u2019S\u2122 Bronzer (10 g) - Pure Beauty &amp; PANDHY&#039;S Shop\",\"isPartOf\":{\"@id\":\"https:\\\/\\\/www.pure-beauty.shop\\\/#website\"},\"primaryImageOfPage\":{\"@id\":\"https:\\\/\\\/www.pure-beauty.shop\\\/produkt\\\/bronzer\\\/#primaryimage\"},\"image\":{\"@id\":\"https:\\\/\\\/www.pure-beauty.shop\\\/produkt\\\/bronzer\\\/#primaryimage\"},\"thumbnailUrl\":\"https:\\\/\\\/www.pure-beauty.shop\\\/wp-content\\\/uploads\\\/2021\\\/02\\\/Bronzer-301-Gran-Marnier.png\",\"datePublished\":\"2021-02-11T16:08:19+00:00\",\"dateModified\":\"2026-04-10T22:14:48+00:00\",\"description\":\"Mineral Bronzer mit feinem Schimmer \u2013 verleiht einen sonnengek\u00fcssten Teint. Naturbelassen, langanhaltend und ideal f\u00fcr empfindliche Haut.\",\"breadcrumb\":{\"@id\":\"https:\\\/\\\/www.pure-beauty.shop\\\/produkt\\\/bronzer\\\/#breadcrumb\"},\"inLanguage\":\"en-GB\",\"potentialAction\":[{\"@type\":\"ReadAction\",\"target\":[\"https:\\\/\\\/www.pure-beauty.shop\\\/produkt\\\/bronzer\\\/\"]}]},{\"@type\":\"ImageObject\",\"inLanguage\":\"en-GB\",\"@id\":\"https:\\\/\\\/www.pure-beauty.shop\\\/produkt\\\/bronzer\\\/#primaryimage\",\"url\":\"https:\\\/\\\/www.pure-beauty.shop\\\/wp-content\\\/uploads\\\/2021\\\/02\\\/Bronzer-301-Gran-Marnier.png\",\"contentUrl\":\"https:\\\/\\\/www.pure-beauty.shop\\\/wp-content\\\/uploads\\\/2021\\\/02\\\/Bronzer-301-Gran-Marnier.png\",\"width\":800,\"height\":800},{\"@type\":\"BreadcrumbList\",\"@id\":\"https:\\\/\\\/www.pure-beauty.shop\\\/produkt\\\/bronzer\\\/#breadcrumb\",\"itemListElement\":[{\"@type\":\"ListItem\",\"position\":1,\"name\":\"Startseite\",\"item\":\"https:\\\/\\\/www.pure-beauty.shop\\\/\"},{\"@type\":\"ListItem\",\"position\":2,\"name\":\"Shop\",\"item\":\"https:\\\/\\\/www.pure-beauty.shop\\\/en\\\/shop\\\/\"},{\"@type\":\"ListItem\",\"position\":3,\"name\":\"PANDHY\u2019S\u2122 Bronzer (10 g)\"}]},{\"@type\":\"WebSite\",\"@id\":\"https:\\\/\\\/www.pure-beauty.shop\\\/#website\",\"url\":\"https:\\\/\\\/www.pure-beauty.shop\\\/\",\"name\":\"Pure Beauty &amp; PANDHY&#039;S Shop\",\"description\":\"Kosmetikshop in Graz\",\"potentialAction\":[{\"@type\":\"SearchAction\",\"target\":{\"@type\":\"EntryPoint\",\"urlTemplate\":\"https:\\\/\\\/www.pure-beauty.shop\\\/?s={search_term_string}\"},\"query-input\":{\"@type\":\"PropertyValueSpecification\",\"valueRequired\":true,\"valueName\":\"search_term_string\"}}],\"inLanguage\":\"en-GB\"}]}<\/script>\n<!-- \/ Yoast SEO plugin. -->","yoast_head_json":{"title":"PANDHY\u2019S\u2122 Bronzer (10 g) - Pure Beauty &amp; PANDHY&#039;S Shop","description":"Mineral Bronzer mit feinem Schimmer \u2013 verleiht einen sonnengek\u00fcssten Teint. Naturbelassen, langanhaltend und ideal f\u00fcr empfindliche Haut.","robots":{"index":"index","follow":"follow","max-snippet":"max-snippet:-1","max-image-preview":"max-image-preview:large","max-video-preview":"max-video-preview:-1"},"canonical":"https:\/\/www.pure-beauty.shop\/en\/product\/bronzer\/","og_locale":"en_GB","og_type":"article","og_title":"PANDHY\u2019S\u2122 Bronzer (10 g) - Pure Beauty &amp; PANDHY&#039;S Shop","og_description":"Mineral Bronzer mit feinem Schimmer \u2013 verleiht einen sonnengek\u00fcssten Teint. Naturbelassen, langanhaltend und ideal f\u00fcr empfindliche Haut.","og_url":"https:\/\/www.pure-beauty.shop\/en\/product\/bronzer\/","og_site_name":"Pure Beauty &amp; PANDHY&#039;S Shop","article_modified_time":"2026-04-10T22:14:48+00:00","og_image":[{"width":800,"height":800,"url":"https:\/\/www.pure-beauty.shop\/wp-content\/uploads\/2021\/02\/Bronzer-301-Gran-Marnier.png","type":"image\/png"}],"twitter_card":"summary_large_image","twitter_misc":{"Estimated reading time":"1 minute"},"schema":{"@context":"https:\/\/schema.org","@graph":[{"@type":"WebPage","@id":"https:\/\/www.pure-beauty.shop\/produkt\/bronzer\/","url":"https:\/\/www.pure-beauty.shop\/produkt\/bronzer\/","name":"PANDHY\u2019S\u2122 Bronzer (10 g) - Pure Beauty &amp; PANDHY&#039;S Shop","isPartOf":{"@id":"https:\/\/www.pure-beauty.shop\/#website"},"primaryImageOfPage":{"@id":"https:\/\/www.pure-beauty.shop\/produkt\/bronzer\/#primaryimage"},"image":{"@id":"https:\/\/www.pure-beauty.shop\/produkt\/bronzer\/#primaryimage"},"thumbnailUrl":"https:\/\/www.pure-beauty.shop\/wp-content\/uploads\/2021\/02\/Bronzer-301-Gran-Marnier.png","datePublished":"2021-02-11T16:08:19+00:00","dateModified":"2026-04-10T22:14:48+00:00","description":"Mineral Bronzer mit feinem Schimmer \u2013 verleiht einen sonnengek\u00fcssten Teint. Naturbelassen, langanhaltend und ideal f\u00fcr empfindliche Haut.","breadcrumb":{"@id":"https:\/\/www.pure-beauty.shop\/produkt\/bronzer\/#breadcrumb"},"inLanguage":"en-GB","potentialAction":[{"@type":"ReadAction","target":["https:\/\/www.pure-beauty.shop\/produkt\/bronzer\/"]}]},{"@type":"ImageObject","inLanguage":"en-GB","@id":"https:\/\/www.pure-beauty.shop\/produkt\/bronzer\/#primaryimage","url":"https:\/\/www.pure-beauty.shop\/wp-content\/uploads\/2021\/02\/Bronzer-301-Gran-Marnier.png","contentUrl":"https:\/\/www.pure-beauty.shop\/wp-content\/uploads\/2021\/02\/Bronzer-301-Gran-Marnier.png","width":800,"height":800},{"@type":"BreadcrumbList","@id":"https:\/\/www.pure-beauty.shop\/produkt\/bronzer\/#breadcrumb","itemListElement":[{"@type":"ListItem","position":1,"name":"Startseite","item":"https:\/\/www.pure-beauty.shop\/"},{"@type":"ListItem","position":2,"name":"Shop","item":"https:\/\/www.pure-beauty.shop\/en\/shop\/"},{"@type":"ListItem","position":3,"name":"PANDHY\u2019S\u2122 Bronzer (10 g)"}]},{"@type":"WebSite","@id":"https:\/\/www.pure-beauty.shop\/#website","url":"https:\/\/www.pure-beauty.shop\/","name":"Pure Beauty &amp; PANDHY&#039;S Shop","description":"Kosmetikshop in Graz","potentialAction":[{"@type":"SearchAction","target":{"@type":"EntryPoint","urlTemplate":"https:\/\/www.pure-beauty.shop\/?s={search_term_string}"},"query-input":{"@type":"PropertyValueSpecification","valueRequired":true,"valueName":"search_term_string"}}],"inLanguage":"en-GB"}]}},"jetpack_sharing_enabled":true,"_links":{"self":[{"href":"https:\/\/www.pure-beauty.shop\/en\/wp-json\/wp\/v2\/product\/18817","targetHints":{"allow":["GET"]}}],"collection":[{"href":"https:\/\/www.pure-beauty.shop\/en\/wp-json\/wp\/v2\/product"}],"about":[{"href":"https:\/\/www.pure-beauty.shop\/en\/wp-json\/wp\/v2\/types\/product"}],"replies":[{"embeddable":true,"href":"https:\/\/www.pure-beauty.shop\/en\/wp-json\/wp\/v2\/comments?post=18817"}],"wp:featuredmedia":[{"embeddable":true,"href":"https:\/\/www.pure-beauty.shop\/en\/wp-json\/wp\/v2\/media\/18808"}],"wp:attachment":[{"href":"https:\/\/www.pure-beauty.shop\/en\/wp-json\/wp\/v2\/media?parent=18817"}],"wp:term":[{"taxonomy":"brand","embeddable":true,"href":"https:\/\/www.pure-beauty.shop\/en\/wp-json\/wp\/v2\/etheme_brands?post=18817"},{"taxonomy":"product_brand","embeddable":true,"href":"https:\/\/www.pure-beauty.shop\/en\/wp-json\/wp\/v2\/product_brand?post=18817"},{"taxonomy":"product_cat","embeddable":true,"href":"https:\/\/www.pure-beauty.shop\/en\/wp-json\/wp\/v2\/product_cat?post=18817"},{"taxonomy":"product_tag","embeddable":true,"href":"https:\/\/www.pure-beauty.shop\/en\/wp-json\/wp\/v2\/product_tag?post=18817"}],"curies":[{"name":"wp","href":"https:\/\/api.w.org\/{rel}","templated":true}]}}