{"id":18823,"date":"2021-02-11T17:15:17","date_gmt":"2021-02-11T16:15:17","guid":{"rendered":"https:\/\/www.pure-beauty.shop\/?post_type=product&#038;p=18823"},"modified":"2026-04-10T23:23:28","modified_gmt":"2026-04-10T21:23:28","slug":"juveline-blush","status":"publish","type":"product","link":"https:\/\/www.pure-beauty.shop\/en\/product\/juveline-blush\/","title":{"rendered":"PANDHY\u2019S\u2122 JuveLine Blush (10 g)"},"content":{"rendered":"<div class=\"wpb-content-wrapper\"><div class=\"vc_row wpb_row vc_row-fluid et_custom_uniqid_69f16466827e7\"><div class=\"wpb_column vc_column_container vc_col-sm-12 et_custom_uniqid_69f16466827bf\"><div class=\"vc_column-inner\"><div class=\"wpb_wrapper\">\n\t<div class=\"wpb_text_column wpb_content_element\" >\n\t\t<div class=\"wpb_wrapper\">\n\t\t\t<p data-start=\"84\" data-end=\"359\">Die JuveLine Blush Kollektion verleiht dem Gesicht nat\u00fcrliche Frische und W\u00e4rme und erg\u00e4nzt perfekt die Anwendung \u00fcber der Loose Mineral Foundation. Die matten Rougefarben auf mineralischer Basis sorgen f\u00fcr ein ebenm\u00e4\u00dfiges, nat\u00fcrliches Finish \u2013 ganz ohne unerw\u00fcnschten Glanz.<\/p>\n<p data-start=\"361\" data-end=\"603\">Die Formulierung besteht aus reinen, naturbelassenen Mineralien und ist frei von F\u00fcllstoffen sowie Duftstoffen. Dadurch ist das Blush besonders hautvertr\u00e4glich, langanhaltend, ergiebig, konservierungsfrei, nicht komedogen und wasserabweisend.<\/p>\n<p data-start=\"605\" data-end=\"815\">Dank des erh\u00f6hten Zinkoxid-Gehalts sind alle JuveLine Produkte ideal f\u00fcr unreine, entz\u00fcndete oder zu Akne neigende Haut geeignet. Sie unterst\u00fctzen die Hautbalance und sorgen f\u00fcr ein gepflegtes Erscheinungsbild.<\/p>\n<p data-start=\"817\" data-end=\"938\">F\u00fcr alle, die semi-matte bis gl\u00e4nzende Farbnuancen bevorzugen, empfiehlt sich alternativ die klassische Blush Kollektion.<\/p>\n<p>Anwendung\/Applikation: Die Folie in der Verschlusskappe nur 3-4 Mal einstechen, um Verschwendung zu vermeiden. Klopfen Sie eine gewisse Menge Rouge in die Verschlusskappe und tragen Sie es gleichm\u00e4\u00dfig auf Wange oder Lidfalte auf. \u00dcberg\u00e4nge einfach verblenden. Um ein zu starkes Ergebnis abzuschw\u00e4chen, tragen Sie mit einem Pinsel Puder \u00fcber das Rouge auf. Voila \u2013 es schaut viel nat\u00fcrlicher aus.<\/p>\n<h6>INCI: serecite, zinc oxide, iron oxides, ultramarine blue<\/h6>\n\n\t\t<\/div>\n\t<\/div>\n<\/div><\/div><\/div><\/div>\n<\/div>","protected":false},"excerpt":{"rendered":"<p data-start=\"965\" data-end=\"1039\">Mattes Mineral-Blush \u2013 nat\u00fcrliche Frische mit hautberuhigendem Zinkeffekt.<\/p>","protected":false},"featured_media":18800,"comment_status":"open","ping_status":"closed","template":"","meta":{"jetpack_post_was_ever_published":false},"etheme_brands":[{"term_id":206,"name":"MINERAL MAKEUP","slug":"mineralmakeup","term_group":0,"term_taxonomy_id":206,"taxonomy":"brand","description":"","parent":0,"count":14,"filter":"raw"}],"product_brand":[],"product_cat":[171,214,199],"product_tag":[],"class_list":{"0":"post-18823","1":"product","2":"type-product","3":"status-publish","4":"has-post-thumbnail","6":"brand-mineralmakeup","7":"product_cat-make-up","8":"product_cat-rouge","9":"product_cat-teint","11":"first","12":"instock","13":"taxable","14":"shipping-taxable","15":"purchasable","16":"product-type-variable","17":"has-default-attributes"},"yoast_head":"<!-- This site is optimized with the Yoast SEO plugin v27.5 - https:\/\/yoast.com\/product\/yoast-seo-wordpress\/ -->\n<title>PANDHY\u2019S\u2122 JuveLine Blush (10 g) - Pure Beauty &amp; PANDHY&#039;S Shop<\/title>\n<meta name=\"description\" content=\"JuveLine Blush \u2013 mattes Mineral-Rouge mit Zinkoxid. Ideal bei unreiner Haut, langanhaltend, nicht komedogen und f\u00fcr ein nat\u00fcrlich frisches Finish.\" \/>\n<meta name=\"robots\" content=\"index, follow, max-snippet:-1, max-image-preview:large, max-video-preview:-1\" \/>\n<link rel=\"canonical\" href=\"https:\/\/www.pure-beauty.shop\/en\/product\/juveline-blush\/\" \/>\n<meta property=\"og:locale\" content=\"en_GB\" \/>\n<meta property=\"og:type\" content=\"article\" \/>\n<meta property=\"og:title\" content=\"PANDHY\u2019S\u2122 JuveLine Blush (10 g) - Pure Beauty &amp; PANDHY&#039;S Shop\" \/>\n<meta property=\"og:description\" content=\"JuveLine Blush \u2013 mattes Mineral-Rouge mit Zinkoxid. Ideal bei unreiner Haut, langanhaltend, nicht komedogen und f\u00fcr ein nat\u00fcrlich frisches Finish.\" \/>\n<meta property=\"og:url\" content=\"https:\/\/www.pure-beauty.shop\/en\/product\/juveline-blush\/\" \/>\n<meta property=\"og:site_name\" content=\"Pure Beauty &amp; PANDHY&#039;S Shop\" \/>\n<meta property=\"article:modified_time\" content=\"2026-04-10T21:23:28+00:00\" \/>\n<meta property=\"og:image\" content=\"https:\/\/www.pure-beauty.shop\/wp-content\/uploads\/2021\/02\/JJLC-Juveline-Blush-Light-Cool.png\" \/>\n\t<meta property=\"og:image:width\" content=\"800\" \/>\n\t<meta property=\"og:image:height\" content=\"800\" \/>\n\t<meta property=\"og:image:type\" content=\"image\/png\" \/>\n<meta name=\"twitter:card\" content=\"summary_large_image\" \/>\n<meta name=\"twitter:label1\" content=\"Estimated reading time\" \/>\n\t<meta name=\"twitter:data1\" content=\"1 minute\" \/>\n<script type=\"application\/ld+json\" class=\"yoast-schema-graph\">{\"@context\":\"https:\\\/\\\/schema.org\",\"@graph\":[{\"@type\":\"WebPage\",\"@id\":\"https:\\\/\\\/www.pure-beauty.shop\\\/produkt\\\/juveline-blush\\\/\",\"url\":\"https:\\\/\\\/www.pure-beauty.shop\\\/produkt\\\/juveline-blush\\\/\",\"name\":\"PANDHY\u2019S\u2122 JuveLine Blush (10 g) - Pure Beauty &amp; PANDHY&#039;S Shop\",\"isPartOf\":{\"@id\":\"https:\\\/\\\/www.pure-beauty.shop\\\/#website\"},\"primaryImageOfPage\":{\"@id\":\"https:\\\/\\\/www.pure-beauty.shop\\\/produkt\\\/juveline-blush\\\/#primaryimage\"},\"image\":{\"@id\":\"https:\\\/\\\/www.pure-beauty.shop\\\/produkt\\\/juveline-blush\\\/#primaryimage\"},\"thumbnailUrl\":\"https:\\\/\\\/www.pure-beauty.shop\\\/wp-content\\\/uploads\\\/2021\\\/02\\\/JJLC-Juveline-Blush-Light-Cool.png\",\"datePublished\":\"2021-02-11T16:15:17+00:00\",\"dateModified\":\"2026-04-10T21:23:28+00:00\",\"description\":\"JuveLine Blush \u2013 mattes Mineral-Rouge mit Zinkoxid. Ideal bei unreiner Haut, langanhaltend, nicht komedogen und f\u00fcr ein nat\u00fcrlich frisches Finish.\",\"breadcrumb\":{\"@id\":\"https:\\\/\\\/www.pure-beauty.shop\\\/produkt\\\/juveline-blush\\\/#breadcrumb\"},\"inLanguage\":\"en-GB\",\"potentialAction\":[{\"@type\":\"ReadAction\",\"target\":[\"https:\\\/\\\/www.pure-beauty.shop\\\/produkt\\\/juveline-blush\\\/\"]}]},{\"@type\":\"ImageObject\",\"inLanguage\":\"en-GB\",\"@id\":\"https:\\\/\\\/www.pure-beauty.shop\\\/produkt\\\/juveline-blush\\\/#primaryimage\",\"url\":\"https:\\\/\\\/www.pure-beauty.shop\\\/wp-content\\\/uploads\\\/2021\\\/02\\\/JJLC-Juveline-Blush-Light-Cool.png\",\"contentUrl\":\"https:\\\/\\\/www.pure-beauty.shop\\\/wp-content\\\/uploads\\\/2021\\\/02\\\/JJLC-Juveline-Blush-Light-Cool.png\",\"width\":800,\"height\":800},{\"@type\":\"BreadcrumbList\",\"@id\":\"https:\\\/\\\/www.pure-beauty.shop\\\/produkt\\\/juveline-blush\\\/#breadcrumb\",\"itemListElement\":[{\"@type\":\"ListItem\",\"position\":1,\"name\":\"Startseite\",\"item\":\"https:\\\/\\\/www.pure-beauty.shop\\\/\"},{\"@type\":\"ListItem\",\"position\":2,\"name\":\"Shop\",\"item\":\"https:\\\/\\\/www.pure-beauty.shop\\\/en\\\/shop\\\/\"},{\"@type\":\"ListItem\",\"position\":3,\"name\":\"PANDHY\u2019S\u2122 JuveLine Blush (10 g)\"}]},{\"@type\":\"WebSite\",\"@id\":\"https:\\\/\\\/www.pure-beauty.shop\\\/#website\",\"url\":\"https:\\\/\\\/www.pure-beauty.shop\\\/\",\"name\":\"Pure Beauty &amp; PANDHY&#039;S Shop\",\"description\":\"Kosmetikshop in Graz\",\"potentialAction\":[{\"@type\":\"SearchAction\",\"target\":{\"@type\":\"EntryPoint\",\"urlTemplate\":\"https:\\\/\\\/www.pure-beauty.shop\\\/?s={search_term_string}\"},\"query-input\":{\"@type\":\"PropertyValueSpecification\",\"valueRequired\":true,\"valueName\":\"search_term_string\"}}],\"inLanguage\":\"en-GB\"}]}<\/script>\n<!-- \/ Yoast SEO plugin. -->","yoast_head_json":{"title":"PANDHY\u2019S\u2122 JuveLine Blush (10 g) - Pure Beauty &amp; PANDHY&#039;S Shop","description":"JuveLine Blush \u2013 mattes Mineral-Rouge mit Zinkoxid. Ideal bei unreiner Haut, langanhaltend, nicht komedogen und f\u00fcr ein nat\u00fcrlich frisches Finish.","robots":{"index":"index","follow":"follow","max-snippet":"max-snippet:-1","max-image-preview":"max-image-preview:large","max-video-preview":"max-video-preview:-1"},"canonical":"https:\/\/www.pure-beauty.shop\/en\/product\/juveline-blush\/","og_locale":"en_GB","og_type":"article","og_title":"PANDHY\u2019S\u2122 JuveLine Blush (10 g) - Pure Beauty &amp; PANDHY&#039;S Shop","og_description":"JuveLine Blush \u2013 mattes Mineral-Rouge mit Zinkoxid. Ideal bei unreiner Haut, langanhaltend, nicht komedogen und f\u00fcr ein nat\u00fcrlich frisches Finish.","og_url":"https:\/\/www.pure-beauty.shop\/en\/product\/juveline-blush\/","og_site_name":"Pure Beauty &amp; PANDHY&#039;S Shop","article_modified_time":"2026-04-10T21:23:28+00:00","og_image":[{"width":800,"height":800,"url":"https:\/\/www.pure-beauty.shop\/wp-content\/uploads\/2021\/02\/JJLC-Juveline-Blush-Light-Cool.png","type":"image\/png"}],"twitter_card":"summary_large_image","twitter_misc":{"Estimated reading time":"1 minute"},"schema":{"@context":"https:\/\/schema.org","@graph":[{"@type":"WebPage","@id":"https:\/\/www.pure-beauty.shop\/produkt\/juveline-blush\/","url":"https:\/\/www.pure-beauty.shop\/produkt\/juveline-blush\/","name":"PANDHY\u2019S\u2122 JuveLine Blush (10 g) - Pure Beauty &amp; PANDHY&#039;S Shop","isPartOf":{"@id":"https:\/\/www.pure-beauty.shop\/#website"},"primaryImageOfPage":{"@id":"https:\/\/www.pure-beauty.shop\/produkt\/juveline-blush\/#primaryimage"},"image":{"@id":"https:\/\/www.pure-beauty.shop\/produkt\/juveline-blush\/#primaryimage"},"thumbnailUrl":"https:\/\/www.pure-beauty.shop\/wp-content\/uploads\/2021\/02\/JJLC-Juveline-Blush-Light-Cool.png","datePublished":"2021-02-11T16:15:17+00:00","dateModified":"2026-04-10T21:23:28+00:00","description":"JuveLine Blush \u2013 mattes Mineral-Rouge mit Zinkoxid. Ideal bei unreiner Haut, langanhaltend, nicht komedogen und f\u00fcr ein nat\u00fcrlich frisches Finish.","breadcrumb":{"@id":"https:\/\/www.pure-beauty.shop\/produkt\/juveline-blush\/#breadcrumb"},"inLanguage":"en-GB","potentialAction":[{"@type":"ReadAction","target":["https:\/\/www.pure-beauty.shop\/produkt\/juveline-blush\/"]}]},{"@type":"ImageObject","inLanguage":"en-GB","@id":"https:\/\/www.pure-beauty.shop\/produkt\/juveline-blush\/#primaryimage","url":"https:\/\/www.pure-beauty.shop\/wp-content\/uploads\/2021\/02\/JJLC-Juveline-Blush-Light-Cool.png","contentUrl":"https:\/\/www.pure-beauty.shop\/wp-content\/uploads\/2021\/02\/JJLC-Juveline-Blush-Light-Cool.png","width":800,"height":800},{"@type":"BreadcrumbList","@id":"https:\/\/www.pure-beauty.shop\/produkt\/juveline-blush\/#breadcrumb","itemListElement":[{"@type":"ListItem","position":1,"name":"Startseite","item":"https:\/\/www.pure-beauty.shop\/"},{"@type":"ListItem","position":2,"name":"Shop","item":"https:\/\/www.pure-beauty.shop\/en\/shop\/"},{"@type":"ListItem","position":3,"name":"PANDHY\u2019S\u2122 JuveLine Blush (10 g)"}]},{"@type":"WebSite","@id":"https:\/\/www.pure-beauty.shop\/#website","url":"https:\/\/www.pure-beauty.shop\/","name":"Pure Beauty &amp; PANDHY&#039;S Shop","description":"Kosmetikshop in Graz","potentialAction":[{"@type":"SearchAction","target":{"@type":"EntryPoint","urlTemplate":"https:\/\/www.pure-beauty.shop\/?s={search_term_string}"},"query-input":{"@type":"PropertyValueSpecification","valueRequired":true,"valueName":"search_term_string"}}],"inLanguage":"en-GB"}]}},"jetpack_sharing_enabled":true,"_links":{"self":[{"href":"https:\/\/www.pure-beauty.shop\/en\/wp-json\/wp\/v2\/product\/18823","targetHints":{"allow":["GET"]}}],"collection":[{"href":"https:\/\/www.pure-beauty.shop\/en\/wp-json\/wp\/v2\/product"}],"about":[{"href":"https:\/\/www.pure-beauty.shop\/en\/wp-json\/wp\/v2\/types\/product"}],"replies":[{"embeddable":true,"href":"https:\/\/www.pure-beauty.shop\/en\/wp-json\/wp\/v2\/comments?post=18823"}],"wp:featuredmedia":[{"embeddable":true,"href":"https:\/\/www.pure-beauty.shop\/en\/wp-json\/wp\/v2\/media\/18800"}],"wp:attachment":[{"href":"https:\/\/www.pure-beauty.shop\/en\/wp-json\/wp\/v2\/media?parent=18823"}],"wp:term":[{"taxonomy":"brand","embeddable":true,"href":"https:\/\/www.pure-beauty.shop\/en\/wp-json\/wp\/v2\/etheme_brands?post=18823"},{"taxonomy":"product_brand","embeddable":true,"href":"https:\/\/www.pure-beauty.shop\/en\/wp-json\/wp\/v2\/product_brand?post=18823"},{"taxonomy":"product_cat","embeddable":true,"href":"https:\/\/www.pure-beauty.shop\/en\/wp-json\/wp\/v2\/product_cat?post=18823"},{"taxonomy":"product_tag","embeddable":true,"href":"https:\/\/www.pure-beauty.shop\/en\/wp-json\/wp\/v2\/product_tag?post=18823"}],"curies":[{"name":"wp","href":"https:\/\/api.w.org\/{rel}","templated":true}]}}