{"id":18834,"date":"2021-02-11T17:37:21","date_gmt":"2021-02-11T16:37:21","guid":{"rendered":"https:\/\/www.pure-beauty.shop\/?post_type=product&#038;p=18834"},"modified":"2026-04-10T23:07:29","modified_gmt":"2026-04-10T21:07:29","slug":"juveline-lmf","status":"publish","type":"product","link":"https:\/\/www.pure-beauty.shop\/en\/product\/juveline-lmf\/","title":{"rendered":"PANDHY\u2019S\u2122 JuveLine Loose Mineral Foundation (10 g)"},"content":{"rendered":"<div class=\"wpb-content-wrapper\"><div class=\"vc_row wpb_row vc_row-fluid et_custom_uniqid_69f208eed96e8\"><div class=\"wpb_column vc_column_container vc_col-sm-12 et_custom_uniqid_69f208eed96c1\"><div class=\"vc_column-inner\"><div class=\"wpb_wrapper\">\n\t<div class=\"wpb_text_column wpb_content_element\" >\n\t\t<div class=\"wpb_wrapper\">\n\t\t\t<p><em>Achtung: Die Foundation wird ohne Pinsel verkauft. Der abgebildete Kabuki Pinsel ist zus\u00e4tzlich in unserem Shop erh\u00e4ltlich.<\/em><\/p>\n<p data-start=\"79\" data-end=\"378\">Die JuveLine Loose Mineral Foundation ist eine mattierende, absorbierende Puder-Grundierung, die speziell f\u00fcr \u00f6lige und zu Unreinheiten neigende Haut entwickelt wurde. Sie sch\u00fctzt die Haut vor dem Austrocknen und bietet gleichzeitig einen nat\u00fcrlichen, physikalischen Sonnenschutz gegen UV-Strahlung.<\/p>\n<p data-start=\"380\" data-end=\"657\">Im Vergleich zur klassischen Loose Mineral Foundation enth\u00e4lt die JuveLine einen h\u00f6heren Anteil an Zinkoxid sowie matte Mineralpigmente. Dadurch wird \u00fcbersch\u00fcssiger Glanz effektiv reduziert und ein ebenm\u00e4\u00dfiges, mattes Hautbild erzielt \u2013 ideal f\u00fcr \u00f6lige und gl\u00e4nzende Hauttypen.<\/p>\n<p data-start=\"659\" data-end=\"915\">Der hohe Zinkgehalt wirkt zudem beruhigend, sch\u00fctzend und unterst\u00fctzt die Regeneration von unreiner oder zu Akne neigender Haut. Die Foundation besteht ausschlie\u00dflich aus reinen, naturbelassenen Mineralien und \u00fcberzeugt durch ihre hohe Hautvertr\u00e4glichkeit.<\/p>\n<p data-start=\"917\" data-end=\"1079\">Sie ist langanhaltend, besonders ergiebig, konservierungsfrei, nicht komedogen und wasserabweisend \u2013 f\u00fcr ein nat\u00fcrliches, gepflegtes Finish mit maximalem Komfort.<\/p>\n<p>Anwendung\/Applikation: Die Folie in der Verschlusskappe nur 3-4 Mal einstechen, um Verschwendung zu vermeiden. Klopfen Sie eine gewisse Menge der Puder-Foundation in die Verschlusskappe und tragen Sie es gleichm\u00e4\u00dfig mit einem dichten Kabuki Pinsel in kreisenden Bewegungen auf. Um eine starke, aber nat\u00fcrliche Deckkraft zu erzielen, leichte Schichten \u00fcbereinander aufbauen.<\/p>\n<h6 class=\"p1\">INCI: serecite, zinc oxide, iron oxides, ultramarine blue<\/h6>\n\n\t\t<\/div>\n\t<\/div>\n<\/div><\/div><\/div><\/div>\n<\/div>","protected":false},"excerpt":{"rendered":"<div><span lang=\"DE\">mattierende, absorbierende Puder-Grundierung f\u00fcr die \u00f6lige, gl\u00e4nzende bzw. Akne Haut<\/span><\/div>","protected":false},"featured_media":18100,"comment_status":"open","ping_status":"closed","template":"","meta":{"jetpack_post_was_ever_published":false},"etheme_brands":[{"term_id":206,"name":"MINERAL MAKEUP","slug":"mineralmakeup","term_group":0,"term_taxonomy_id":206,"taxonomy":"brand","description":"","parent":0,"count":14,"filter":"raw"}],"product_brand":[],"product_cat":[213,171,199],"product_tag":[429,424,428,426,427,425],"class_list":{"0":"post-18834","1":"product","2":"type-product","3":"status-publish","4":"has-post-thumbnail","6":"brand-mineralmakeup","7":"product_cat-foundation","8":"product_cat-make-up","9":"product_cat-teint","10":"product_tag-akne","11":"product_tag-foundation","12":"product_tag-grundierung","13":"product_tag-make-up","14":"product_tag-mineral","15":"product_tag-puder","17":"first","18":"instock","19":"taxable","20":"shipping-taxable","21":"purchasable","22":"product-type-variable","23":"has-default-attributes"},"yoast_head":"<!-- This site is optimized with the Yoast SEO plugin v27.5 - https:\/\/yoast.com\/product\/yoast-seo-wordpress\/ -->\n<title>PANDHY\u2019S\u2122 JuveLine Loose Mineral Foundation (10 g) - Pure Beauty &amp; PANDHY&#039;S Shop<\/title>\n<meta name=\"description\" content=\"JuveLine Loose Mineral Foundation \u2013 mattierende Puder-Foundation mit Zinkoxid. Ideal bei \u00f6liger &amp; unreiner Haut, nicht komedogen, langanhaltend &amp; hautvertr\u00e4glich.\" \/>\n<meta name=\"robots\" content=\"index, follow, max-snippet:-1, max-image-preview:large, max-video-preview:-1\" \/>\n<link rel=\"canonical\" href=\"https:\/\/www.pure-beauty.shop\/en\/product\/juveline-lmf\/\" \/>\n<meta property=\"og:locale\" content=\"en_GB\" \/>\n<meta property=\"og:type\" content=\"article\" \/>\n<meta property=\"og:title\" content=\"PANDHY\u2019S\u2122 JuveLine Loose Mineral Foundation (10 g) - Pure Beauty &amp; PANDHY&#039;S Shop\" \/>\n<meta property=\"og:description\" content=\"JuveLine Loose Mineral Foundation \u2013 mattierende Puder-Foundation mit Zinkoxid. Ideal bei \u00f6liger &amp; unreiner Haut, nicht komedogen, langanhaltend &amp; hautvertr\u00e4glich.\" \/>\n<meta property=\"og:url\" content=\"https:\/\/www.pure-beauty.shop\/en\/product\/juveline-lmf\/\" \/>\n<meta property=\"og:site_name\" content=\"Pure Beauty &amp; PANDHY&#039;S Shop\" \/>\n<meta property=\"article:modified_time\" content=\"2026-04-10T21:07:29+00:00\" \/>\n<meta property=\"og:image\" content=\"https:\/\/www.pure-beauty.shop\/wp-content\/uploads\/2020\/10\/LMF-JV-Light-Pink-10g1-e1609096875770.png\" \/>\n\t<meta property=\"og:image:width\" content=\"800\" \/>\n\t<meta property=\"og:image:height\" content=\"800\" \/>\n\t<meta property=\"og:image:type\" content=\"image\/png\" \/>\n<meta name=\"twitter:card\" content=\"summary_large_image\" \/>\n<meta name=\"twitter:label1\" content=\"Estimated reading time\" \/>\n\t<meta name=\"twitter:data1\" content=\"1 minute\" \/>\n<script type=\"application\/ld+json\" class=\"yoast-schema-graph\">{\"@context\":\"https:\\\/\\\/schema.org\",\"@graph\":[{\"@type\":\"WebPage\",\"@id\":\"https:\\\/\\\/www.pure-beauty.shop\\\/produkt\\\/juveline-lmf\\\/\",\"url\":\"https:\\\/\\\/www.pure-beauty.shop\\\/produkt\\\/juveline-lmf\\\/\",\"name\":\"PANDHY\u2019S\u2122 JuveLine Loose Mineral Foundation (10 g) - Pure Beauty &amp; PANDHY&#039;S Shop\",\"isPartOf\":{\"@id\":\"https:\\\/\\\/www.pure-beauty.shop\\\/#website\"},\"primaryImageOfPage\":{\"@id\":\"https:\\\/\\\/www.pure-beauty.shop\\\/produkt\\\/juveline-lmf\\\/#primaryimage\"},\"image\":{\"@id\":\"https:\\\/\\\/www.pure-beauty.shop\\\/produkt\\\/juveline-lmf\\\/#primaryimage\"},\"thumbnailUrl\":\"https:\\\/\\\/www.pure-beauty.shop\\\/wp-content\\\/uploads\\\/2020\\\/10\\\/LMF-JV-Light-Pink-10g1-e1609096875770.png\",\"datePublished\":\"2021-02-11T16:37:21+00:00\",\"dateModified\":\"2026-04-10T21:07:29+00:00\",\"description\":\"JuveLine Loose Mineral Foundation \u2013 mattierende Puder-Foundation mit Zinkoxid. Ideal bei \u00f6liger & unreiner Haut, nicht komedogen, langanhaltend & hautvertr\u00e4glich.\",\"breadcrumb\":{\"@id\":\"https:\\\/\\\/www.pure-beauty.shop\\\/produkt\\\/juveline-lmf\\\/#breadcrumb\"},\"inLanguage\":\"en-GB\",\"potentialAction\":[{\"@type\":\"ReadAction\",\"target\":[\"https:\\\/\\\/www.pure-beauty.shop\\\/produkt\\\/juveline-lmf\\\/\"]}]},{\"@type\":\"ImageObject\",\"inLanguage\":\"en-GB\",\"@id\":\"https:\\\/\\\/www.pure-beauty.shop\\\/produkt\\\/juveline-lmf\\\/#primaryimage\",\"url\":\"https:\\\/\\\/www.pure-beauty.shop\\\/wp-content\\\/uploads\\\/2020\\\/10\\\/LMF-JV-Light-Pink-10g1-e1609096875770.png\",\"contentUrl\":\"https:\\\/\\\/www.pure-beauty.shop\\\/wp-content\\\/uploads\\\/2020\\\/10\\\/LMF-JV-Light-Pink-10g1-e1609096875770.png\",\"width\":800,\"height\":800},{\"@type\":\"BreadcrumbList\",\"@id\":\"https:\\\/\\\/www.pure-beauty.shop\\\/produkt\\\/juveline-lmf\\\/#breadcrumb\",\"itemListElement\":[{\"@type\":\"ListItem\",\"position\":1,\"name\":\"Startseite\",\"item\":\"https:\\\/\\\/www.pure-beauty.shop\\\/\"},{\"@type\":\"ListItem\",\"position\":2,\"name\":\"Shop\",\"item\":\"https:\\\/\\\/www.pure-beauty.shop\\\/en\\\/shop\\\/\"},{\"@type\":\"ListItem\",\"position\":3,\"name\":\"PANDHY\u2019S\u2122 JuveLine Loose Mineral Foundation (10 g)\"}]},{\"@type\":\"WebSite\",\"@id\":\"https:\\\/\\\/www.pure-beauty.shop\\\/#website\",\"url\":\"https:\\\/\\\/www.pure-beauty.shop\\\/\",\"name\":\"Pure Beauty &amp; PANDHY&#039;S Shop\",\"description\":\"Kosmetikshop in Graz\",\"potentialAction\":[{\"@type\":\"SearchAction\",\"target\":{\"@type\":\"EntryPoint\",\"urlTemplate\":\"https:\\\/\\\/www.pure-beauty.shop\\\/?s={search_term_string}\"},\"query-input\":{\"@type\":\"PropertyValueSpecification\",\"valueRequired\":true,\"valueName\":\"search_term_string\"}}],\"inLanguage\":\"en-GB\"}]}<\/script>\n<!-- \/ Yoast SEO plugin. -->","yoast_head_json":{"title":"PANDHY\u2019S\u2122 JuveLine Loose Mineral Foundation (10 g) - Pure Beauty &amp; PANDHY&#039;S Shop","description":"JuveLine Loose Mineral Foundation \u2013 mattierende Puder-Foundation mit Zinkoxid. Ideal bei \u00f6liger & unreiner Haut, nicht komedogen, langanhaltend & hautvertr\u00e4glich.","robots":{"index":"index","follow":"follow","max-snippet":"max-snippet:-1","max-image-preview":"max-image-preview:large","max-video-preview":"max-video-preview:-1"},"canonical":"https:\/\/www.pure-beauty.shop\/en\/product\/juveline-lmf\/","og_locale":"en_GB","og_type":"article","og_title":"PANDHY\u2019S\u2122 JuveLine Loose Mineral Foundation (10 g) - Pure Beauty &amp; PANDHY&#039;S Shop","og_description":"JuveLine Loose Mineral Foundation \u2013 mattierende Puder-Foundation mit Zinkoxid. Ideal bei \u00f6liger & unreiner Haut, nicht komedogen, langanhaltend & hautvertr\u00e4glich.","og_url":"https:\/\/www.pure-beauty.shop\/en\/product\/juveline-lmf\/","og_site_name":"Pure Beauty &amp; PANDHY&#039;S Shop","article_modified_time":"2026-04-10T21:07:29+00:00","og_image":[{"width":800,"height":800,"url":"https:\/\/www.pure-beauty.shop\/wp-content\/uploads\/2020\/10\/LMF-JV-Light-Pink-10g1-e1609096875770.png","type":"image\/png"}],"twitter_card":"summary_large_image","twitter_misc":{"Estimated reading time":"1 minute"},"schema":{"@context":"https:\/\/schema.org","@graph":[{"@type":"WebPage","@id":"https:\/\/www.pure-beauty.shop\/produkt\/juveline-lmf\/","url":"https:\/\/www.pure-beauty.shop\/produkt\/juveline-lmf\/","name":"PANDHY\u2019S\u2122 JuveLine Loose Mineral Foundation (10 g) - Pure Beauty &amp; PANDHY&#039;S Shop","isPartOf":{"@id":"https:\/\/www.pure-beauty.shop\/#website"},"primaryImageOfPage":{"@id":"https:\/\/www.pure-beauty.shop\/produkt\/juveline-lmf\/#primaryimage"},"image":{"@id":"https:\/\/www.pure-beauty.shop\/produkt\/juveline-lmf\/#primaryimage"},"thumbnailUrl":"https:\/\/www.pure-beauty.shop\/wp-content\/uploads\/2020\/10\/LMF-JV-Light-Pink-10g1-e1609096875770.png","datePublished":"2021-02-11T16:37:21+00:00","dateModified":"2026-04-10T21:07:29+00:00","description":"JuveLine Loose Mineral Foundation \u2013 mattierende Puder-Foundation mit Zinkoxid. Ideal bei \u00f6liger & unreiner Haut, nicht komedogen, langanhaltend & hautvertr\u00e4glich.","breadcrumb":{"@id":"https:\/\/www.pure-beauty.shop\/produkt\/juveline-lmf\/#breadcrumb"},"inLanguage":"en-GB","potentialAction":[{"@type":"ReadAction","target":["https:\/\/www.pure-beauty.shop\/produkt\/juveline-lmf\/"]}]},{"@type":"ImageObject","inLanguage":"en-GB","@id":"https:\/\/www.pure-beauty.shop\/produkt\/juveline-lmf\/#primaryimage","url":"https:\/\/www.pure-beauty.shop\/wp-content\/uploads\/2020\/10\/LMF-JV-Light-Pink-10g1-e1609096875770.png","contentUrl":"https:\/\/www.pure-beauty.shop\/wp-content\/uploads\/2020\/10\/LMF-JV-Light-Pink-10g1-e1609096875770.png","width":800,"height":800},{"@type":"BreadcrumbList","@id":"https:\/\/www.pure-beauty.shop\/produkt\/juveline-lmf\/#breadcrumb","itemListElement":[{"@type":"ListItem","position":1,"name":"Startseite","item":"https:\/\/www.pure-beauty.shop\/"},{"@type":"ListItem","position":2,"name":"Shop","item":"https:\/\/www.pure-beauty.shop\/en\/shop\/"},{"@type":"ListItem","position":3,"name":"PANDHY\u2019S\u2122 JuveLine Loose Mineral Foundation (10 g)"}]},{"@type":"WebSite","@id":"https:\/\/www.pure-beauty.shop\/#website","url":"https:\/\/www.pure-beauty.shop\/","name":"Pure Beauty &amp; PANDHY&#039;S Shop","description":"Kosmetikshop in Graz","potentialAction":[{"@type":"SearchAction","target":{"@type":"EntryPoint","urlTemplate":"https:\/\/www.pure-beauty.shop\/?s={search_term_string}"},"query-input":{"@type":"PropertyValueSpecification","valueRequired":true,"valueName":"search_term_string"}}],"inLanguage":"en-GB"}]}},"jetpack_sharing_enabled":true,"_links":{"self":[{"href":"https:\/\/www.pure-beauty.shop\/en\/wp-json\/wp\/v2\/product\/18834","targetHints":{"allow":["GET"]}}],"collection":[{"href":"https:\/\/www.pure-beauty.shop\/en\/wp-json\/wp\/v2\/product"}],"about":[{"href":"https:\/\/www.pure-beauty.shop\/en\/wp-json\/wp\/v2\/types\/product"}],"replies":[{"embeddable":true,"href":"https:\/\/www.pure-beauty.shop\/en\/wp-json\/wp\/v2\/comments?post=18834"}],"wp:featuredmedia":[{"embeddable":true,"href":"https:\/\/www.pure-beauty.shop\/en\/wp-json\/wp\/v2\/media\/18100"}],"wp:attachment":[{"href":"https:\/\/www.pure-beauty.shop\/en\/wp-json\/wp\/v2\/media?parent=18834"}],"wp:term":[{"taxonomy":"brand","embeddable":true,"href":"https:\/\/www.pure-beauty.shop\/en\/wp-json\/wp\/v2\/etheme_brands?post=18834"},{"taxonomy":"product_brand","embeddable":true,"href":"https:\/\/www.pure-beauty.shop\/en\/wp-json\/wp\/v2\/product_brand?post=18834"},{"taxonomy":"product_cat","embeddable":true,"href":"https:\/\/www.pure-beauty.shop\/en\/wp-json\/wp\/v2\/product_cat?post=18834"},{"taxonomy":"product_tag","embeddable":true,"href":"https:\/\/www.pure-beauty.shop\/en\/wp-json\/wp\/v2\/product_tag?post=18834"}],"curies":[{"name":"wp","href":"https:\/\/api.w.org\/{rel}","templated":true}]}}