{"id":18849,"date":"2021-02-11T19:48:20","date_gmt":"2021-02-11T18:48:20","guid":{"rendered":"https:\/\/www.pure-beauty.shop\/?post_type=product&#038;p=18849"},"modified":"2026-04-10T23:28:14","modified_gmt":"2026-04-10T21:28:14","slug":"blush","status":"publish","type":"product","link":"https:\/\/www.pure-beauty.shop\/en\/product\/blush\/","title":{"rendered":"PANDHY\u2019S\u2122 Blush (10 g)"},"content":{"rendered":"<div class=\"wpb-content-wrapper\"><div class=\"vc_row wpb_row vc_row-fluid et_custom_uniqid_69f11b785d539\"><div class=\"wpb_column vc_column_container vc_col-sm-12 et_custom_uniqid_69f11b785d512\"><div class=\"vc_column-inner\"><div class=\"wpb_wrapper\">\n\t<div class=\"wpb_text_column wpb_content_element\" >\n\t\t<div class=\"wpb_wrapper\">\n\t\t\t<p data-start=\"79\" data-end=\"374\">Die klassischen Loose Mineral Blush Farben verleihen dem Gesicht nat\u00fcrliche Frische und W\u00e4rme und sind die ideale Erg\u00e4nzung zur Loose Mineral Foundation. Die Rougefarben auf mineralischer Basis sorgen f\u00fcr ein ebenm\u00e4\u00dfiges, lebendiges Hautbild mit einem semi-matten bis leicht schimmernden Finish.<\/p>\n<p data-start=\"376\" data-end=\"658\">Die reine, naturbelassene Formulierung kommt vollst\u00e4ndig ohne F\u00fcllstoffe und Duftstoffe aus und ist dadurch besonders hautvertr\u00e4glich. Das Blush ist langanhaltend, ergiebig, konservierungsfrei, nicht komedogen und wasserabweisend \u2013 f\u00fcr ein nat\u00fcrlich sch\u00f6nes Ergebnis den ganzen Tag.<\/p>\n<p data-start=\"660\" data-end=\"878\">Das leichte Schimmer-Finish sorgt f\u00fcr einen dezenten Glow und l\u00e4sst den Teint frisch und strahlend wirken. F\u00fcr alle, die ein komplett mattes Ergebnis bevorzugen, empfiehlt sich alternativ die JuveLine Blush Kollektion.<\/p>\n<p>Anwendung\/Applikation: Die Folie in der Verschlusskappe nur 3-4 Mal einstechen, um Verschwendung zu vermeiden. Klopfen Sie eine gewisse Menge Rouge in die Verschlusskappe und tragen Sie es gleichm\u00e4\u00dfig auf Wange oder Lidfalte auf. \u00dcberg\u00e4nge einfach verblenden. Um ein zu starkes Ergebnis abzuschw\u00e4chen, tragen Sie mit einem Pinsel Puder \u00fcber das Rouge auf. Voila \u2013 es schaut viel nat\u00fcrlicher aus.<\/p>\n<h6>INCI: mica, iron oxides, titanium dioxide<\/h6>\n\n\t\t<\/div>\n\t<\/div>\n<\/div><\/div><\/div><\/div>\n<\/div>","protected":false},"excerpt":{"rendered":"<div><span lang=\"DE\">semi-mattes bis gl\u00e4nzendes Rouge auf Basis von naturbelassenen Mineralien<\/span><\/div>","protected":false},"featured_media":18768,"comment_status":"open","ping_status":"closed","template":"","meta":{"jetpack_post_was_ever_published":false},"etheme_brands":[{"term_id":206,"name":"MINERAL MAKEUP","slug":"mineralmakeup","term_group":0,"term_taxonomy_id":206,"taxonomy":"brand","description":"","parent":0,"count":14,"filter":"raw"}],"product_brand":[],"product_cat":[171,214,199],"product_tag":[],"class_list":{"0":"post-18849","1":"product","2":"type-product","3":"status-publish","4":"has-post-thumbnail","6":"brand-mineralmakeup","7":"product_cat-make-up","8":"product_cat-rouge","9":"product_cat-teint","11":"first","12":"instock","13":"taxable","14":"shipping-taxable","15":"purchasable","16":"product-type-variable","17":"has-default-attributes"},"yoast_head":"<!-- This site is optimized with the Yoast SEO plugin v27.5 - https:\/\/yoast.com\/product\/yoast-seo-wordpress\/ -->\n<title>PANDHY\u2019S\u2122 Blush (10 g) - Pure Beauty &amp; PANDHY&#039;S Shop<\/title>\n<meta name=\"description\" content=\"Loose Mineral Blush \u2013 semi-mattes Rouge mit leichtem Schimmer. Naturbelassen, langanhaltend und ideal f\u00fcr einen frischen, strahlenden Teint.\" \/>\n<meta name=\"robots\" content=\"index, follow, max-snippet:-1, max-image-preview:large, max-video-preview:-1\" \/>\n<link rel=\"canonical\" href=\"https:\/\/www.pure-beauty.shop\/en\/product\/blush\/\" \/>\n<meta property=\"og:locale\" content=\"en_GB\" \/>\n<meta property=\"og:type\" content=\"article\" \/>\n<meta property=\"og:title\" content=\"PANDHY\u2019S\u2122 Blush (10 g) - Pure Beauty &amp; PANDHY&#039;S Shop\" \/>\n<meta property=\"og:description\" content=\"Loose Mineral Blush \u2013 semi-mattes Rouge mit leichtem Schimmer. Naturbelassen, langanhaltend und ideal f\u00fcr einen frischen, strahlenden Teint.\" \/>\n<meta property=\"og:url\" content=\"https:\/\/www.pure-beauty.shop\/en\/product\/blush\/\" \/>\n<meta property=\"og:site_name\" content=\"Pure Beauty &amp; PANDHY&#039;S Shop\" \/>\n<meta property=\"article:modified_time\" content=\"2026-04-10T21:28:14+00:00\" \/>\n<meta property=\"og:image\" content=\"https:\/\/www.pure-beauty.shop\/wp-content\/uploads\/2021\/02\/Blush-202-Desertrose.png\" \/>\n\t<meta property=\"og:image:width\" content=\"800\" \/>\n\t<meta property=\"og:image:height\" content=\"800\" \/>\n\t<meta property=\"og:image:type\" content=\"image\/png\" \/>\n<meta name=\"twitter:card\" content=\"summary_large_image\" \/>\n<meta name=\"twitter:label1\" content=\"Estimated reading time\" \/>\n\t<meta name=\"twitter:data1\" content=\"1 minute\" \/>\n<script type=\"application\/ld+json\" class=\"yoast-schema-graph\">{\"@context\":\"https:\\\/\\\/schema.org\",\"@graph\":[{\"@type\":\"WebPage\",\"@id\":\"https:\\\/\\\/www.pure-beauty.shop\\\/produkt\\\/blush\\\/\",\"url\":\"https:\\\/\\\/www.pure-beauty.shop\\\/produkt\\\/blush\\\/\",\"name\":\"PANDHY\u2019S\u2122 Blush (10 g) - Pure Beauty &amp; PANDHY&#039;S Shop\",\"isPartOf\":{\"@id\":\"https:\\\/\\\/www.pure-beauty.shop\\\/#website\"},\"primaryImageOfPage\":{\"@id\":\"https:\\\/\\\/www.pure-beauty.shop\\\/produkt\\\/blush\\\/#primaryimage\"},\"image\":{\"@id\":\"https:\\\/\\\/www.pure-beauty.shop\\\/produkt\\\/blush\\\/#primaryimage\"},\"thumbnailUrl\":\"https:\\\/\\\/www.pure-beauty.shop\\\/wp-content\\\/uploads\\\/2021\\\/02\\\/Blush-202-Desertrose.png\",\"datePublished\":\"2021-02-11T18:48:20+00:00\",\"dateModified\":\"2026-04-10T21:28:14+00:00\",\"description\":\"Loose Mineral Blush \u2013 semi-mattes Rouge mit leichtem Schimmer. Naturbelassen, langanhaltend und ideal f\u00fcr einen frischen, strahlenden Teint.\",\"breadcrumb\":{\"@id\":\"https:\\\/\\\/www.pure-beauty.shop\\\/produkt\\\/blush\\\/#breadcrumb\"},\"inLanguage\":\"en-GB\",\"potentialAction\":[{\"@type\":\"ReadAction\",\"target\":[\"https:\\\/\\\/www.pure-beauty.shop\\\/produkt\\\/blush\\\/\"]}]},{\"@type\":\"ImageObject\",\"inLanguage\":\"en-GB\",\"@id\":\"https:\\\/\\\/www.pure-beauty.shop\\\/produkt\\\/blush\\\/#primaryimage\",\"url\":\"https:\\\/\\\/www.pure-beauty.shop\\\/wp-content\\\/uploads\\\/2021\\\/02\\\/Blush-202-Desertrose.png\",\"contentUrl\":\"https:\\\/\\\/www.pure-beauty.shop\\\/wp-content\\\/uploads\\\/2021\\\/02\\\/Blush-202-Desertrose.png\",\"width\":800,\"height\":800},{\"@type\":\"BreadcrumbList\",\"@id\":\"https:\\\/\\\/www.pure-beauty.shop\\\/produkt\\\/blush\\\/#breadcrumb\",\"itemListElement\":[{\"@type\":\"ListItem\",\"position\":1,\"name\":\"Startseite\",\"item\":\"https:\\\/\\\/www.pure-beauty.shop\\\/\"},{\"@type\":\"ListItem\",\"position\":2,\"name\":\"Shop\",\"item\":\"https:\\\/\\\/www.pure-beauty.shop\\\/en\\\/shop\\\/\"},{\"@type\":\"ListItem\",\"position\":3,\"name\":\"PANDHY\u2019S\u2122 Blush (10 g)\"}]},{\"@type\":\"WebSite\",\"@id\":\"https:\\\/\\\/www.pure-beauty.shop\\\/#website\",\"url\":\"https:\\\/\\\/www.pure-beauty.shop\\\/\",\"name\":\"Pure Beauty &amp; PANDHY&#039;S Shop\",\"description\":\"Kosmetikshop in Graz\",\"potentialAction\":[{\"@type\":\"SearchAction\",\"target\":{\"@type\":\"EntryPoint\",\"urlTemplate\":\"https:\\\/\\\/www.pure-beauty.shop\\\/?s={search_term_string}\"},\"query-input\":{\"@type\":\"PropertyValueSpecification\",\"valueRequired\":true,\"valueName\":\"search_term_string\"}}],\"inLanguage\":\"en-GB\"}]}<\/script>\n<!-- \/ Yoast SEO plugin. -->","yoast_head_json":{"title":"PANDHY\u2019S\u2122 Blush (10 g) - Pure Beauty &amp; PANDHY&#039;S Shop","description":"Loose Mineral Blush \u2013 semi-mattes Rouge mit leichtem Schimmer. Naturbelassen, langanhaltend und ideal f\u00fcr einen frischen, strahlenden Teint.","robots":{"index":"index","follow":"follow","max-snippet":"max-snippet:-1","max-image-preview":"max-image-preview:large","max-video-preview":"max-video-preview:-1"},"canonical":"https:\/\/www.pure-beauty.shop\/en\/product\/blush\/","og_locale":"en_GB","og_type":"article","og_title":"PANDHY\u2019S\u2122 Blush (10 g) - Pure Beauty &amp; PANDHY&#039;S Shop","og_description":"Loose Mineral Blush \u2013 semi-mattes Rouge mit leichtem Schimmer. Naturbelassen, langanhaltend und ideal f\u00fcr einen frischen, strahlenden Teint.","og_url":"https:\/\/www.pure-beauty.shop\/en\/product\/blush\/","og_site_name":"Pure Beauty &amp; PANDHY&#039;S Shop","article_modified_time":"2026-04-10T21:28:14+00:00","og_image":[{"width":800,"height":800,"url":"https:\/\/www.pure-beauty.shop\/wp-content\/uploads\/2021\/02\/Blush-202-Desertrose.png","type":"image\/png"}],"twitter_card":"summary_large_image","twitter_misc":{"Estimated reading time":"1 minute"},"schema":{"@context":"https:\/\/schema.org","@graph":[{"@type":"WebPage","@id":"https:\/\/www.pure-beauty.shop\/produkt\/blush\/","url":"https:\/\/www.pure-beauty.shop\/produkt\/blush\/","name":"PANDHY\u2019S\u2122 Blush (10 g) - Pure Beauty &amp; PANDHY&#039;S Shop","isPartOf":{"@id":"https:\/\/www.pure-beauty.shop\/#website"},"primaryImageOfPage":{"@id":"https:\/\/www.pure-beauty.shop\/produkt\/blush\/#primaryimage"},"image":{"@id":"https:\/\/www.pure-beauty.shop\/produkt\/blush\/#primaryimage"},"thumbnailUrl":"https:\/\/www.pure-beauty.shop\/wp-content\/uploads\/2021\/02\/Blush-202-Desertrose.png","datePublished":"2021-02-11T18:48:20+00:00","dateModified":"2026-04-10T21:28:14+00:00","description":"Loose Mineral Blush \u2013 semi-mattes Rouge mit leichtem Schimmer. Naturbelassen, langanhaltend und ideal f\u00fcr einen frischen, strahlenden Teint.","breadcrumb":{"@id":"https:\/\/www.pure-beauty.shop\/produkt\/blush\/#breadcrumb"},"inLanguage":"en-GB","potentialAction":[{"@type":"ReadAction","target":["https:\/\/www.pure-beauty.shop\/produkt\/blush\/"]}]},{"@type":"ImageObject","inLanguage":"en-GB","@id":"https:\/\/www.pure-beauty.shop\/produkt\/blush\/#primaryimage","url":"https:\/\/www.pure-beauty.shop\/wp-content\/uploads\/2021\/02\/Blush-202-Desertrose.png","contentUrl":"https:\/\/www.pure-beauty.shop\/wp-content\/uploads\/2021\/02\/Blush-202-Desertrose.png","width":800,"height":800},{"@type":"BreadcrumbList","@id":"https:\/\/www.pure-beauty.shop\/produkt\/blush\/#breadcrumb","itemListElement":[{"@type":"ListItem","position":1,"name":"Startseite","item":"https:\/\/www.pure-beauty.shop\/"},{"@type":"ListItem","position":2,"name":"Shop","item":"https:\/\/www.pure-beauty.shop\/en\/shop\/"},{"@type":"ListItem","position":3,"name":"PANDHY\u2019S\u2122 Blush (10 g)"}]},{"@type":"WebSite","@id":"https:\/\/www.pure-beauty.shop\/#website","url":"https:\/\/www.pure-beauty.shop\/","name":"Pure Beauty &amp; PANDHY&#039;S Shop","description":"Kosmetikshop in Graz","potentialAction":[{"@type":"SearchAction","target":{"@type":"EntryPoint","urlTemplate":"https:\/\/www.pure-beauty.shop\/?s={search_term_string}"},"query-input":{"@type":"PropertyValueSpecification","valueRequired":true,"valueName":"search_term_string"}}],"inLanguage":"en-GB"}]}},"jetpack_sharing_enabled":true,"_links":{"self":[{"href":"https:\/\/www.pure-beauty.shop\/en\/wp-json\/wp\/v2\/product\/18849","targetHints":{"allow":["GET"]}}],"collection":[{"href":"https:\/\/www.pure-beauty.shop\/en\/wp-json\/wp\/v2\/product"}],"about":[{"href":"https:\/\/www.pure-beauty.shop\/en\/wp-json\/wp\/v2\/types\/product"}],"replies":[{"embeddable":true,"href":"https:\/\/www.pure-beauty.shop\/en\/wp-json\/wp\/v2\/comments?post=18849"}],"wp:featuredmedia":[{"embeddable":true,"href":"https:\/\/www.pure-beauty.shop\/en\/wp-json\/wp\/v2\/media\/18768"}],"wp:attachment":[{"href":"https:\/\/www.pure-beauty.shop\/en\/wp-json\/wp\/v2\/media?parent=18849"}],"wp:term":[{"taxonomy":"brand","embeddable":true,"href":"https:\/\/www.pure-beauty.shop\/en\/wp-json\/wp\/v2\/etheme_brands?post=18849"},{"taxonomy":"product_brand","embeddable":true,"href":"https:\/\/www.pure-beauty.shop\/en\/wp-json\/wp\/v2\/product_brand?post=18849"},{"taxonomy":"product_cat","embeddable":true,"href":"https:\/\/www.pure-beauty.shop\/en\/wp-json\/wp\/v2\/product_cat?post=18849"},{"taxonomy":"product_tag","embeddable":true,"href":"https:\/\/www.pure-beauty.shop\/en\/wp-json\/wp\/v2\/product_tag?post=18849"}],"curies":[{"name":"wp","href":"https:\/\/api.w.org\/{rel}","templated":true}]}}