{"id":18876,"date":"2021-02-11T20:01:20","date_gmt":"2021-02-11T19:01:20","guid":{"rendered":"https:\/\/www.pure-beauty.shop\/?post_type=product&#038;p=18876"},"modified":"2026-04-10T23:48:35","modified_gmt":"2026-04-10T21:48:35","slug":"shimmer","status":"publish","type":"product","link":"https:\/\/www.pure-beauty.shop\/en\/product\/shimmer\/","title":{"rendered":"PANDHY\u2019S\u2122 Shimmer (10 g)"},"content":{"rendered":"<div class=\"wpb-content-wrapper\"><div class=\"vc_row wpb_row vc_row-fluid et_custom_uniqid_69f12e10d26ec\"><div class=\"wpb_column vc_column_container vc_col-sm-12 et_custom_uniqid_69f12e10d26b6\"><div class=\"vc_column-inner\"><div class=\"wpb_wrapper\">\n\t<div class=\"wpb_text_column wpb_content_element\" >\n\t\t<div class=\"wpb_wrapper\">\n\t\t\t<p><em>Achtung: Der Shimmer wird ohne Pinsel verkauft. Der abgebildete Kabuki Pinsel ist zus\u00e4tzlich in unserem Shop erh\u00e4ltlich.<\/em><\/p>\n<p data-start=\"79\" data-end=\"321\">Die losen Schimmerpigmente auf mineralischer Basis sind echte Highlights f\u00fcr ein strahlendes, glamour\u00f6ses Finish. Die feinen Partikel reflektieren das Licht und sorgen f\u00fcr intensive Effekte \u2013 von dezentem Glow bis hin zu auff\u00e4lligen Akzenten.<\/p>\n<p data-start=\"323\" data-end=\"582\">Die vielseitigen Schimmer k\u00f6nnen als Lidschatten, im Lipgloss, als intensiver Highlighter oder sogar im Nagellack verwendet werden. Auch als Ganzk\u00f6rper-Glow eignen sie sich perfekt f\u00fcr besondere Anl\u00e4sse und verleihen der Haut einen edlen, schimmernden Effekt.<\/p>\n<p data-start=\"584\" data-end=\"847\">Die Schimmerpuder bestehen aus naturbelassenen Mineralien und sind frei von F\u00fcll- und Duftstoffen. Sie sind langanhaltend, ergiebig, konservierungsfrei, nicht komedogen und wasserabweisend \u2013 f\u00fcr ein strahlendes Ergebnis bei gleichzeitig hoher Hautvertr\u00e4glichkeit.<\/p>\n<p>Anwendung\/Applikation: Die Folie in der Verschlusskappe nur 3-4 Mal einstechen, um Verschwendung zu vermeiden. Klopfen Sie eine gewisse Menge des Shimmers in die Verschlusskappe und tragen Sie es an den Highlighter-Stellen im Gesicht und Dekollet\u00e9 oder an den gew\u00fcnschten Stellen am K\u00f6rper auf. \u00dcberg\u00e4nge einfach verblenden.<\/p>\n<h6>INCI: mica, titanium dioxide, iron oxides<\/h6>\n\n\t\t<\/div>\n\t<\/div>\n<\/div><\/div><\/div><\/div>\n<\/div>","protected":false},"excerpt":{"rendered":"<p data-start=\"874\" data-end=\"951\">Mineralische Schimmerpigmente \u2013 f\u00fcr intensiven Glow von dezent bis glamour\u00f6s.<\/p>","protected":false},"featured_media":18082,"comment_status":"open","ping_status":"closed","template":"","meta":{"jetpack_post_was_ever_published":false},"etheme_brands":[{"term_id":206,"name":"MINERAL MAKEUP","slug":"mineralmakeup","term_group":0,"term_taxonomy_id":206,"taxonomy":"brand","description":"","parent":0,"count":14,"filter":"raw"}],"product_brand":[],"product_cat":[216,171,199],"product_tag":[422,423,421],"class_list":{"0":"post-18876","1":"product","2":"type-product","3":"status-publish","4":"has-post-thumbnail","6":"brand-mineralmakeup","7":"product_cat-highlighter","8":"product_cat-make-up","9":"product_cat-teint","10":"product_tag-glow","11":"product_tag-highlighter","12":"product_tag-shimmer","14":"first","15":"instock","16":"taxable","17":"shipping-taxable","18":"purchasable","19":"product-type-variable","20":"has-default-attributes"},"yoast_head":"<!-- This site is optimized with the Yoast SEO plugin v27.5 - https:\/\/yoast.com\/product\/yoast-seo-wordpress\/ -->\n<title>PANDHY\u2019S\u2122 Shimmer (10 g) - Pure Beauty &amp; PANDHY&#039;S Shop<\/title>\n<meta name=\"description\" content=\"Lose Schimmerpigmente aus Mineralien \u2013 vielseitig als Lidschatten, Highlighter oder Body Glow. Langanhaltend, ohne Zusatzstoffe und f\u00fcr strahlende Looks.\" \/>\n<meta name=\"robots\" content=\"index, follow, max-snippet:-1, max-image-preview:large, max-video-preview:-1\" \/>\n<link rel=\"canonical\" href=\"https:\/\/www.pure-beauty.shop\/en\/product\/shimmer\/\" \/>\n<meta property=\"og:locale\" content=\"en_GB\" \/>\n<meta property=\"og:type\" content=\"article\" \/>\n<meta property=\"og:title\" content=\"PANDHY\u2019S\u2122 Shimmer (10 g) - Pure Beauty &amp; PANDHY&#039;S Shop\" \/>\n<meta property=\"og:description\" content=\"Lose Schimmerpigmente aus Mineralien \u2013 vielseitig als Lidschatten, Highlighter oder Body Glow. Langanhaltend, ohne Zusatzstoffe und f\u00fcr strahlende Looks.\" \/>\n<meta property=\"og:url\" content=\"https:\/\/www.pure-beauty.shop\/en\/product\/shimmer\/\" \/>\n<meta property=\"og:site_name\" content=\"Pure Beauty &amp; PANDHY&#039;S Shop\" \/>\n<meta property=\"article:modified_time\" content=\"2026-04-10T21:48:35+00:00\" \/>\n<meta property=\"og:image\" content=\"https:\/\/www.pure-beauty.shop\/wp-content\/uploads\/2020\/10\/BS-White-10g1-e1609097198366.png\" \/>\n\t<meta property=\"og:image:width\" content=\"800\" \/>\n\t<meta property=\"og:image:height\" content=\"800\" \/>\n\t<meta property=\"og:image:type\" content=\"image\/png\" \/>\n<meta name=\"twitter:card\" content=\"summary_large_image\" \/>\n<meta name=\"twitter:label1\" content=\"Estimated reading time\" \/>\n\t<meta name=\"twitter:data1\" content=\"1 minute\" \/>\n<script type=\"application\/ld+json\" class=\"yoast-schema-graph\">{\"@context\":\"https:\\\/\\\/schema.org\",\"@graph\":[{\"@type\":\"WebPage\",\"@id\":\"https:\\\/\\\/www.pure-beauty.shop\\\/produkt\\\/shimmer\\\/\",\"url\":\"https:\\\/\\\/www.pure-beauty.shop\\\/produkt\\\/shimmer\\\/\",\"name\":\"PANDHY\u2019S\u2122 Shimmer (10 g) - Pure Beauty &amp; PANDHY&#039;S Shop\",\"isPartOf\":{\"@id\":\"https:\\\/\\\/www.pure-beauty.shop\\\/#website\"},\"primaryImageOfPage\":{\"@id\":\"https:\\\/\\\/www.pure-beauty.shop\\\/produkt\\\/shimmer\\\/#primaryimage\"},\"image\":{\"@id\":\"https:\\\/\\\/www.pure-beauty.shop\\\/produkt\\\/shimmer\\\/#primaryimage\"},\"thumbnailUrl\":\"https:\\\/\\\/www.pure-beauty.shop\\\/wp-content\\\/uploads\\\/2020\\\/10\\\/BS-White-10g1-e1609097198366.png\",\"datePublished\":\"2021-02-11T19:01:20+00:00\",\"dateModified\":\"2026-04-10T21:48:35+00:00\",\"description\":\"Lose Schimmerpigmente aus Mineralien \u2013 vielseitig als Lidschatten, Highlighter oder Body Glow. Langanhaltend, ohne Zusatzstoffe und f\u00fcr strahlende Looks.\",\"breadcrumb\":{\"@id\":\"https:\\\/\\\/www.pure-beauty.shop\\\/produkt\\\/shimmer\\\/#breadcrumb\"},\"inLanguage\":\"en-GB\",\"potentialAction\":[{\"@type\":\"ReadAction\",\"target\":[\"https:\\\/\\\/www.pure-beauty.shop\\\/produkt\\\/shimmer\\\/\"]}]},{\"@type\":\"ImageObject\",\"inLanguage\":\"en-GB\",\"@id\":\"https:\\\/\\\/www.pure-beauty.shop\\\/produkt\\\/shimmer\\\/#primaryimage\",\"url\":\"https:\\\/\\\/www.pure-beauty.shop\\\/wp-content\\\/uploads\\\/2020\\\/10\\\/BS-White-10g1-e1609097198366.png\",\"contentUrl\":\"https:\\\/\\\/www.pure-beauty.shop\\\/wp-content\\\/uploads\\\/2020\\\/10\\\/BS-White-10g1-e1609097198366.png\",\"width\":800,\"height\":800},{\"@type\":\"BreadcrumbList\",\"@id\":\"https:\\\/\\\/www.pure-beauty.shop\\\/produkt\\\/shimmer\\\/#breadcrumb\",\"itemListElement\":[{\"@type\":\"ListItem\",\"position\":1,\"name\":\"Startseite\",\"item\":\"https:\\\/\\\/www.pure-beauty.shop\\\/\"},{\"@type\":\"ListItem\",\"position\":2,\"name\":\"Shop\",\"item\":\"https:\\\/\\\/www.pure-beauty.shop\\\/en\\\/shop\\\/\"},{\"@type\":\"ListItem\",\"position\":3,\"name\":\"PANDHY\u2019S\u2122 Shimmer (10 g)\"}]},{\"@type\":\"WebSite\",\"@id\":\"https:\\\/\\\/www.pure-beauty.shop\\\/#website\",\"url\":\"https:\\\/\\\/www.pure-beauty.shop\\\/\",\"name\":\"Pure Beauty &amp; PANDHY&#039;S Shop\",\"description\":\"Kosmetikshop in Graz\",\"potentialAction\":[{\"@type\":\"SearchAction\",\"target\":{\"@type\":\"EntryPoint\",\"urlTemplate\":\"https:\\\/\\\/www.pure-beauty.shop\\\/?s={search_term_string}\"},\"query-input\":{\"@type\":\"PropertyValueSpecification\",\"valueRequired\":true,\"valueName\":\"search_term_string\"}}],\"inLanguage\":\"en-GB\"}]}<\/script>\n<!-- \/ Yoast SEO plugin. -->","yoast_head_json":{"title":"PANDHY\u2019S\u2122 Shimmer (10 g) - Pure Beauty &amp; PANDHY&#039;S Shop","description":"Lose Schimmerpigmente aus Mineralien \u2013 vielseitig als Lidschatten, Highlighter oder Body Glow. Langanhaltend, ohne Zusatzstoffe und f\u00fcr strahlende Looks.","robots":{"index":"index","follow":"follow","max-snippet":"max-snippet:-1","max-image-preview":"max-image-preview:large","max-video-preview":"max-video-preview:-1"},"canonical":"https:\/\/www.pure-beauty.shop\/en\/product\/shimmer\/","og_locale":"en_GB","og_type":"article","og_title":"PANDHY\u2019S\u2122 Shimmer (10 g) - Pure Beauty &amp; PANDHY&#039;S Shop","og_description":"Lose Schimmerpigmente aus Mineralien \u2013 vielseitig als Lidschatten, Highlighter oder Body Glow. Langanhaltend, ohne Zusatzstoffe und f\u00fcr strahlende Looks.","og_url":"https:\/\/www.pure-beauty.shop\/en\/product\/shimmer\/","og_site_name":"Pure Beauty &amp; PANDHY&#039;S Shop","article_modified_time":"2026-04-10T21:48:35+00:00","og_image":[{"width":800,"height":800,"url":"https:\/\/www.pure-beauty.shop\/wp-content\/uploads\/2020\/10\/BS-White-10g1-e1609097198366.png","type":"image\/png"}],"twitter_card":"summary_large_image","twitter_misc":{"Estimated reading time":"1 minute"},"schema":{"@context":"https:\/\/schema.org","@graph":[{"@type":"WebPage","@id":"https:\/\/www.pure-beauty.shop\/produkt\/shimmer\/","url":"https:\/\/www.pure-beauty.shop\/produkt\/shimmer\/","name":"PANDHY\u2019S\u2122 Shimmer (10 g) - Pure Beauty &amp; PANDHY&#039;S Shop","isPartOf":{"@id":"https:\/\/www.pure-beauty.shop\/#website"},"primaryImageOfPage":{"@id":"https:\/\/www.pure-beauty.shop\/produkt\/shimmer\/#primaryimage"},"image":{"@id":"https:\/\/www.pure-beauty.shop\/produkt\/shimmer\/#primaryimage"},"thumbnailUrl":"https:\/\/www.pure-beauty.shop\/wp-content\/uploads\/2020\/10\/BS-White-10g1-e1609097198366.png","datePublished":"2021-02-11T19:01:20+00:00","dateModified":"2026-04-10T21:48:35+00:00","description":"Lose Schimmerpigmente aus Mineralien \u2013 vielseitig als Lidschatten, Highlighter oder Body Glow. Langanhaltend, ohne Zusatzstoffe und f\u00fcr strahlende Looks.","breadcrumb":{"@id":"https:\/\/www.pure-beauty.shop\/produkt\/shimmer\/#breadcrumb"},"inLanguage":"en-GB","potentialAction":[{"@type":"ReadAction","target":["https:\/\/www.pure-beauty.shop\/produkt\/shimmer\/"]}]},{"@type":"ImageObject","inLanguage":"en-GB","@id":"https:\/\/www.pure-beauty.shop\/produkt\/shimmer\/#primaryimage","url":"https:\/\/www.pure-beauty.shop\/wp-content\/uploads\/2020\/10\/BS-White-10g1-e1609097198366.png","contentUrl":"https:\/\/www.pure-beauty.shop\/wp-content\/uploads\/2020\/10\/BS-White-10g1-e1609097198366.png","width":800,"height":800},{"@type":"BreadcrumbList","@id":"https:\/\/www.pure-beauty.shop\/produkt\/shimmer\/#breadcrumb","itemListElement":[{"@type":"ListItem","position":1,"name":"Startseite","item":"https:\/\/www.pure-beauty.shop\/"},{"@type":"ListItem","position":2,"name":"Shop","item":"https:\/\/www.pure-beauty.shop\/en\/shop\/"},{"@type":"ListItem","position":3,"name":"PANDHY\u2019S\u2122 Shimmer (10 g)"}]},{"@type":"WebSite","@id":"https:\/\/www.pure-beauty.shop\/#website","url":"https:\/\/www.pure-beauty.shop\/","name":"Pure Beauty &amp; PANDHY&#039;S Shop","description":"Kosmetikshop in Graz","potentialAction":[{"@type":"SearchAction","target":{"@type":"EntryPoint","urlTemplate":"https:\/\/www.pure-beauty.shop\/?s={search_term_string}"},"query-input":{"@type":"PropertyValueSpecification","valueRequired":true,"valueName":"search_term_string"}}],"inLanguage":"en-GB"}]}},"jetpack_sharing_enabled":true,"_links":{"self":[{"href":"https:\/\/www.pure-beauty.shop\/en\/wp-json\/wp\/v2\/product\/18876","targetHints":{"allow":["GET"]}}],"collection":[{"href":"https:\/\/www.pure-beauty.shop\/en\/wp-json\/wp\/v2\/product"}],"about":[{"href":"https:\/\/www.pure-beauty.shop\/en\/wp-json\/wp\/v2\/types\/product"}],"replies":[{"embeddable":true,"href":"https:\/\/www.pure-beauty.shop\/en\/wp-json\/wp\/v2\/comments?post=18876"}],"wp:featuredmedia":[{"embeddable":true,"href":"https:\/\/www.pure-beauty.shop\/en\/wp-json\/wp\/v2\/media\/18082"}],"wp:attachment":[{"href":"https:\/\/www.pure-beauty.shop\/en\/wp-json\/wp\/v2\/media?parent=18876"}],"wp:term":[{"taxonomy":"brand","embeddable":true,"href":"https:\/\/www.pure-beauty.shop\/en\/wp-json\/wp\/v2\/etheme_brands?post=18876"},{"taxonomy":"product_brand","embeddable":true,"href":"https:\/\/www.pure-beauty.shop\/en\/wp-json\/wp\/v2\/product_brand?post=18876"},{"taxonomy":"product_cat","embeddable":true,"href":"https:\/\/www.pure-beauty.shop\/en\/wp-json\/wp\/v2\/product_cat?post=18876"},{"taxonomy":"product_tag","embeddable":true,"href":"https:\/\/www.pure-beauty.shop\/en\/wp-json\/wp\/v2\/product_tag?post=18876"}],"curies":[{"name":"wp","href":"https:\/\/api.w.org\/{rel}","templated":true}]}}