{"id":18884,"date":"2021-02-11T20:46:06","date_gmt":"2021-02-11T19:46:06","guid":{"rendered":"https:\/\/www.pure-beauty.shop\/?post_type=product&#038;p=18884"},"modified":"2026-04-10T23:43:24","modified_gmt":"2026-04-10T21:43:24","slug":"bioliner","status":"publish","type":"product","link":"https:\/\/www.pure-beauty.shop\/en\/product\/bioliner\/","title":{"rendered":"PANDHY\u2019S\u2122 Bioliner"},"content":{"rendered":"<div class=\"wpb-content-wrapper\"><div class=\"vc_row wpb_row vc_row-fluid et_custom_uniqid_69f12e300d2d6\"><div class=\"wpb_column vc_column_container vc_col-sm-12 et_custom_uniqid_69f12e300d2ae\"><div class=\"vc_column-inner\"><div class=\"wpb_wrapper\">\n\t<div class=\"wpb_text_column wpb_content_element\" >\n\t\t<div class=\"wpb_wrapper\">\n\t\t\t<p data-start=\"84\" data-end=\"347\">Die Bio Liner sind vielseitig einsetzbare Multitalente und eignen sich als Kajal, Lippenkonturenstift sowie als Augenbrauenstift. Dank ihrer weichen, cremigen Konsistenz lassen sie sich pr\u00e4zise auftragen und sorgen f\u00fcr ein gleichm\u00e4\u00dfiges, langanhaltendes Ergebnis.<\/p>\n<p data-start=\"349\" data-end=\"589\">Die Formulierung basiert auf nat\u00fcrlichem Pflanzenwachs und einer \u00d6lbasis biologischen Ursprungs. Die Farbintensit\u00e4t und Haltbarkeit werden durch reine mineralische Pigmente erzielt \u2013 ganz ohne chemische Farbstoffe oder Konservierungsstoffe.<\/p>\n<p data-start=\"591\" data-end=\"899\">Durch ihre besonders hautfreundliche Zusammensetzung sind die Bio Liner auch f\u00fcr empfindliche Hauttypen sowie f\u00fcr sensible Bereiche wie Augen und Lippen bestens geeignet. Sie sind naturbelassen, frei von F\u00fcll- und Duftstoffen, langanhaltend, ergiebig, konservierungsfrei, nicht komedogen und wasserabweisend.<\/p>\n<p><em>Farben: Die abgebildeten Farben auf den Bildern richten sich nach der Reihenfolge der zur Auswahl stehenden Biolinern (von links nach rechts).<\/em><\/p>\n<h6>INCI: octyldodecyl stearoyl stearate, mica, olus oil, hydrogenated palm kernel glycerides, prunus amygdalus dulcis oil, hydrogenated vegetable oil, cera carnauba, candelilla cera, sesamum indicum oil, hydrogenated palm glycerides, polyglyceryl-3 diisostearate, glyceryl caprylate, tocopheryl acetate, sorbic acid, 4x c.i. verschiedene farbpigmente<\/h6>\n\n\t\t<\/div>\n\t<\/div>\n<\/div><\/div><\/div><\/div>\n<\/div>","protected":false},"excerpt":{"rendered":"<div><span lang=\"DE\">nat\u00fcrlicher, universeller Konturenstift f\u00fcr alle Bereiche im Gesicht <\/span><\/div>","protected":false},"featured_media":18799,"comment_status":"open","ping_status":"closed","template":"","meta":{"jetpack_post_was_ever_published":false},"etheme_brands":[{"term_id":206,"name":"MINERAL MAKEUP","slug":"mineralmakeup","term_group":0,"term_taxonomy_id":206,"taxonomy":"brand","description":"","parent":0,"count":14,"filter":"raw"}],"product_brand":[],"product_cat":[200,218,210,221,201,171],"product_tag":[503,505,504],"class_list":{"0":"post-18884","1":"product","2":"type-product","3":"status-publish","4":"has-post-thumbnail","6":"brand-mineralmakeup","7":"product_cat-augen","8":"product_cat-augenbrauen","9":"product_cat-kajal","10":"product_cat-lipliner","11":"product_cat-lippen","12":"product_cat-make-up","13":"product_tag-eyeliner","14":"product_tag-kajal","15":"product_tag-kayal","17":"first","18":"instock","19":"taxable","20":"shipping-taxable","21":"purchasable","22":"product-type-variable","23":"has-default-attributes"},"yoast_head":"<!-- This site is optimized with the Yoast SEO plugin v27.5 - https:\/\/yoast.com\/product\/yoast-seo-wordpress\/ -->\n<title>PANDHY\u2019S\u2122 Bioliner - Pure Beauty &amp; PANDHY&#039;S Shop<\/title>\n<meta name=\"description\" content=\"Bio Liner \u2013 nat\u00fcrlicher Kajal, Lippen- &amp; Augenbrauenstift mit mineralischen Pigmenten. Ohne Zusatzstoffe, ideal f\u00fcr empfindliche Haut und langanhaltendes Make-up.\" \/>\n<meta name=\"robots\" content=\"index, follow, max-snippet:-1, max-image-preview:large, max-video-preview:-1\" \/>\n<link rel=\"canonical\" href=\"https:\/\/www.pure-beauty.shop\/en\/product\/bioliner\/\" \/>\n<meta property=\"og:locale\" content=\"en_GB\" \/>\n<meta property=\"og:type\" content=\"article\" \/>\n<meta property=\"og:title\" content=\"PANDHY\u2019S\u2122 Bioliner - Pure Beauty &amp; PANDHY&#039;S Shop\" \/>\n<meta property=\"og:description\" content=\"Bio Liner \u2013 nat\u00fcrlicher Kajal, Lippen- &amp; Augenbrauenstift mit mineralischen Pigmenten. Ohne Zusatzstoffe, ideal f\u00fcr empfindliche Haut und langanhaltendes Make-up.\" \/>\n<meta property=\"og:url\" content=\"https:\/\/www.pure-beauty.shop\/en\/product\/bioliner\/\" \/>\n<meta property=\"og:site_name\" content=\"Pure Beauty &amp; PANDHY&#039;S Shop\" \/>\n<meta property=\"article:modified_time\" content=\"2026-04-10T21:43:24+00:00\" \/>\n<meta property=\"og:image\" content=\"https:\/\/www.pure-beauty.shop\/wp-content\/uploads\/2021\/02\/IMG_5120-scaled.jpg\" \/>\n\t<meta property=\"og:image:width\" content=\"2560\" \/>\n\t<meta property=\"og:image:height\" content=\"2560\" \/>\n\t<meta property=\"og:image:type\" content=\"image\/jpeg\" \/>\n<meta name=\"twitter:card\" content=\"summary_large_image\" \/>\n<meta name=\"twitter:label1\" content=\"Estimated reading time\" \/>\n\t<meta name=\"twitter:data1\" content=\"1 minute\" \/>\n<script type=\"application\/ld+json\" class=\"yoast-schema-graph\">{\"@context\":\"https:\\\/\\\/schema.org\",\"@graph\":[{\"@type\":\"WebPage\",\"@id\":\"https:\\\/\\\/www.pure-beauty.shop\\\/produkt\\\/bioliner\\\/\",\"url\":\"https:\\\/\\\/www.pure-beauty.shop\\\/produkt\\\/bioliner\\\/\",\"name\":\"PANDHY\u2019S\u2122 Bioliner - Pure Beauty &amp; PANDHY&#039;S Shop\",\"isPartOf\":{\"@id\":\"https:\\\/\\\/www.pure-beauty.shop\\\/#website\"},\"primaryImageOfPage\":{\"@id\":\"https:\\\/\\\/www.pure-beauty.shop\\\/produkt\\\/bioliner\\\/#primaryimage\"},\"image\":{\"@id\":\"https:\\\/\\\/www.pure-beauty.shop\\\/produkt\\\/bioliner\\\/#primaryimage\"},\"thumbnailUrl\":\"https:\\\/\\\/www.pure-beauty.shop\\\/wp-content\\\/uploads\\\/2021\\\/02\\\/IMG_5120-scaled.jpg\",\"datePublished\":\"2021-02-11T19:46:06+00:00\",\"dateModified\":\"2026-04-10T21:43:24+00:00\",\"description\":\"Bio Liner \u2013 nat\u00fcrlicher Kajal, Lippen- & Augenbrauenstift mit mineralischen Pigmenten. Ohne Zusatzstoffe, ideal f\u00fcr empfindliche Haut und langanhaltendes Make-up.\",\"breadcrumb\":{\"@id\":\"https:\\\/\\\/www.pure-beauty.shop\\\/produkt\\\/bioliner\\\/#breadcrumb\"},\"inLanguage\":\"en-GB\",\"potentialAction\":[{\"@type\":\"ReadAction\",\"target\":[\"https:\\\/\\\/www.pure-beauty.shop\\\/produkt\\\/bioliner\\\/\"]}]},{\"@type\":\"ImageObject\",\"inLanguage\":\"en-GB\",\"@id\":\"https:\\\/\\\/www.pure-beauty.shop\\\/produkt\\\/bioliner\\\/#primaryimage\",\"url\":\"https:\\\/\\\/www.pure-beauty.shop\\\/wp-content\\\/uploads\\\/2021\\\/02\\\/IMG_5120-scaled.jpg\",\"contentUrl\":\"https:\\\/\\\/www.pure-beauty.shop\\\/wp-content\\\/uploads\\\/2021\\\/02\\\/IMG_5120-scaled.jpg\",\"width\":2560,\"height\":2560},{\"@type\":\"BreadcrumbList\",\"@id\":\"https:\\\/\\\/www.pure-beauty.shop\\\/produkt\\\/bioliner\\\/#breadcrumb\",\"itemListElement\":[{\"@type\":\"ListItem\",\"position\":1,\"name\":\"Startseite\",\"item\":\"https:\\\/\\\/www.pure-beauty.shop\\\/\"},{\"@type\":\"ListItem\",\"position\":2,\"name\":\"Shop\",\"item\":\"https:\\\/\\\/www.pure-beauty.shop\\\/en\\\/shop\\\/\"},{\"@type\":\"ListItem\",\"position\":3,\"name\":\"PANDHY\u2019S\u2122 Bioliner\"}]},{\"@type\":\"WebSite\",\"@id\":\"https:\\\/\\\/www.pure-beauty.shop\\\/#website\",\"url\":\"https:\\\/\\\/www.pure-beauty.shop\\\/\",\"name\":\"Pure Beauty &amp; PANDHY&#039;S Shop\",\"description\":\"Kosmetikshop in Graz\",\"potentialAction\":[{\"@type\":\"SearchAction\",\"target\":{\"@type\":\"EntryPoint\",\"urlTemplate\":\"https:\\\/\\\/www.pure-beauty.shop\\\/?s={search_term_string}\"},\"query-input\":{\"@type\":\"PropertyValueSpecification\",\"valueRequired\":true,\"valueName\":\"search_term_string\"}}],\"inLanguage\":\"en-GB\"}]}<\/script>\n<!-- \/ Yoast SEO plugin. -->","yoast_head_json":{"title":"PANDHY\u2019S\u2122 Bioliner - Pure Beauty &amp; PANDHY&#039;S Shop","description":"Bio Liner \u2013 nat\u00fcrlicher Kajal, Lippen- & Augenbrauenstift mit mineralischen Pigmenten. Ohne Zusatzstoffe, ideal f\u00fcr empfindliche Haut und langanhaltendes Make-up.","robots":{"index":"index","follow":"follow","max-snippet":"max-snippet:-1","max-image-preview":"max-image-preview:large","max-video-preview":"max-video-preview:-1"},"canonical":"https:\/\/www.pure-beauty.shop\/en\/product\/bioliner\/","og_locale":"en_GB","og_type":"article","og_title":"PANDHY\u2019S\u2122 Bioliner - Pure Beauty &amp; PANDHY&#039;S Shop","og_description":"Bio Liner \u2013 nat\u00fcrlicher Kajal, Lippen- & Augenbrauenstift mit mineralischen Pigmenten. Ohne Zusatzstoffe, ideal f\u00fcr empfindliche Haut und langanhaltendes Make-up.","og_url":"https:\/\/www.pure-beauty.shop\/en\/product\/bioliner\/","og_site_name":"Pure Beauty &amp; PANDHY&#039;S Shop","article_modified_time":"2026-04-10T21:43:24+00:00","og_image":[{"width":2560,"height":2560,"url":"https:\/\/www.pure-beauty.shop\/wp-content\/uploads\/2021\/02\/IMG_5120-scaled.jpg","type":"image\/jpeg"}],"twitter_card":"summary_large_image","twitter_misc":{"Estimated reading time":"1 minute"},"schema":{"@context":"https:\/\/schema.org","@graph":[{"@type":"WebPage","@id":"https:\/\/www.pure-beauty.shop\/produkt\/bioliner\/","url":"https:\/\/www.pure-beauty.shop\/produkt\/bioliner\/","name":"PANDHY\u2019S\u2122 Bioliner - Pure Beauty &amp; PANDHY&#039;S Shop","isPartOf":{"@id":"https:\/\/www.pure-beauty.shop\/#website"},"primaryImageOfPage":{"@id":"https:\/\/www.pure-beauty.shop\/produkt\/bioliner\/#primaryimage"},"image":{"@id":"https:\/\/www.pure-beauty.shop\/produkt\/bioliner\/#primaryimage"},"thumbnailUrl":"https:\/\/www.pure-beauty.shop\/wp-content\/uploads\/2021\/02\/IMG_5120-scaled.jpg","datePublished":"2021-02-11T19:46:06+00:00","dateModified":"2026-04-10T21:43:24+00:00","description":"Bio Liner \u2013 nat\u00fcrlicher Kajal, Lippen- & Augenbrauenstift mit mineralischen Pigmenten. Ohne Zusatzstoffe, ideal f\u00fcr empfindliche Haut und langanhaltendes Make-up.","breadcrumb":{"@id":"https:\/\/www.pure-beauty.shop\/produkt\/bioliner\/#breadcrumb"},"inLanguage":"en-GB","potentialAction":[{"@type":"ReadAction","target":["https:\/\/www.pure-beauty.shop\/produkt\/bioliner\/"]}]},{"@type":"ImageObject","inLanguage":"en-GB","@id":"https:\/\/www.pure-beauty.shop\/produkt\/bioliner\/#primaryimage","url":"https:\/\/www.pure-beauty.shop\/wp-content\/uploads\/2021\/02\/IMG_5120-scaled.jpg","contentUrl":"https:\/\/www.pure-beauty.shop\/wp-content\/uploads\/2021\/02\/IMG_5120-scaled.jpg","width":2560,"height":2560},{"@type":"BreadcrumbList","@id":"https:\/\/www.pure-beauty.shop\/produkt\/bioliner\/#breadcrumb","itemListElement":[{"@type":"ListItem","position":1,"name":"Startseite","item":"https:\/\/www.pure-beauty.shop\/"},{"@type":"ListItem","position":2,"name":"Shop","item":"https:\/\/www.pure-beauty.shop\/en\/shop\/"},{"@type":"ListItem","position":3,"name":"PANDHY\u2019S\u2122 Bioliner"}]},{"@type":"WebSite","@id":"https:\/\/www.pure-beauty.shop\/#website","url":"https:\/\/www.pure-beauty.shop\/","name":"Pure Beauty &amp; PANDHY&#039;S Shop","description":"Kosmetikshop in Graz","potentialAction":[{"@type":"SearchAction","target":{"@type":"EntryPoint","urlTemplate":"https:\/\/www.pure-beauty.shop\/?s={search_term_string}"},"query-input":{"@type":"PropertyValueSpecification","valueRequired":true,"valueName":"search_term_string"}}],"inLanguage":"en-GB"}]}},"jetpack_sharing_enabled":true,"_links":{"self":[{"href":"https:\/\/www.pure-beauty.shop\/en\/wp-json\/wp\/v2\/product\/18884","targetHints":{"allow":["GET"]}}],"collection":[{"href":"https:\/\/www.pure-beauty.shop\/en\/wp-json\/wp\/v2\/product"}],"about":[{"href":"https:\/\/www.pure-beauty.shop\/en\/wp-json\/wp\/v2\/types\/product"}],"replies":[{"embeddable":true,"href":"https:\/\/www.pure-beauty.shop\/en\/wp-json\/wp\/v2\/comments?post=18884"}],"wp:featuredmedia":[{"embeddable":true,"href":"https:\/\/www.pure-beauty.shop\/en\/wp-json\/wp\/v2\/media\/18799"}],"wp:attachment":[{"href":"https:\/\/www.pure-beauty.shop\/en\/wp-json\/wp\/v2\/media?parent=18884"}],"wp:term":[{"taxonomy":"brand","embeddable":true,"href":"https:\/\/www.pure-beauty.shop\/en\/wp-json\/wp\/v2\/etheme_brands?post=18884"},{"taxonomy":"product_brand","embeddable":true,"href":"https:\/\/www.pure-beauty.shop\/en\/wp-json\/wp\/v2\/product_brand?post=18884"},{"taxonomy":"product_cat","embeddable":true,"href":"https:\/\/www.pure-beauty.shop\/en\/wp-json\/wp\/v2\/product_cat?post=18884"},{"taxonomy":"product_tag","embeddable":true,"href":"https:\/\/www.pure-beauty.shop\/en\/wp-json\/wp\/v2\/product_tag?post=18884"}],"curies":[{"name":"wp","href":"https:\/\/api.w.org\/{rel}","templated":true}]}}