{"id":18896,"date":"2021-02-11T21:11:33","date_gmt":"2021-02-11T20:11:33","guid":{"rendered":"https:\/\/www.pure-beauty.shop\/?post_type=product&#038;p=18896"},"modified":"2026-04-10T19:02:33","modified_gmt":"2026-04-10T17:02:33","slug":"purifying-foam-powder-normal-sensibel","status":"publish","type":"product","link":"https:\/\/www.pure-beauty.shop\/en\/product\/purifying-foam-powder-normal-sensibel\/","title":{"rendered":"PANDHY\u2019S\u2122 Purifying Foam-Powder f\u00fcr normale und sensible Haut (70 G)"},"content":{"rendered":"<div class=\"wpb-content-wrapper\"><div class=\"vc_row wpb_row vc_row-fluid et_custom_uniqid_63b34b746118c mpc-row\">\n<div class=\"wpb_column vc_column_container vc_col-sm-12 et_custom_uniqid_63b34b746008a mpc-column\" data-column-id=\"mpc_column-2963b34b7eee7fe\">\n<div class=\"vc_column-inner\">\n<div class=\"wpb_wrapper\">\n<div class=\"wpb_text_column wpb_content_element\">\n<div class=\"wpb_wrapper\">\n<p>Der sensationelle Porenputzer f\u00fcr normale und empfindliche Haut. Gr\u00fcndliche und zugleich schonende, t\u00e4gliche Reinigung f\u00fcr Gesicht, Hals und Dekolletee. Dieses enzymatische Peeling-Puder genie\u00dft in den fern\u00f6stlichen L\u00e4ndern gro\u00dfe Tradition. Das Puder \u2013 in Verbindung mit Bl\u00fctenwasser \u2013 verwandelt sich in einen cremigen Schaum und sorgt f\u00fcr eine gesunde, strahlende, elastische Haut. Der Schaum l\u00f6st Talg, Schmutz und Ablagerungen von Haut und Haar, ohne in den sensiblen S\u00e4ureschutzmantel einzugreifen. Ideale Nachbereitung zu Hause bei eingewachsenen Haaren am Gesicht. Die pudrige Konsistenz des Produktes bietet noch einen gro\u00dfen Vorteil. Bei der Herstellung kann vollkommen auf Alkohol und Konservierungsmittel verzichtet werden, dadurch ist es auch f\u00fcr die empfindliche Haut hervorragend geeignet.<\/p>\n<p>Tipp: Geben Sie einen m\u00fcnzengro\u00dfen Haufen Peelingpuder in die Hand, geben Sie Bl\u00fctenwasser oder Leitungswasser dazu und sch\u00e4umen Sie es kr\u00e4ftig auf. Je nach Bedarf und Empfindlichkeit geben Sie mehr oder weniger Bl\u00fctenwasser zum Aufsch\u00e4umen dazu. Mit weniger Wasser erreichen Sie einen intensiveren, mechanischen Peeling-Effekt, bei mehr Feuchtigkeit bildet sich ein cremiger, feiner Schaum, der wie ein Enzym-Peeling auch ohne Reibungseffekt wirkt. Anschlie\u00dfend abends mit warmem, morgens mit kaltem Wasser absp\u00fclen.<\/p>\n<h6>INCI: sorbitol, sodium cocoyl glutamate, zea mays starch, talc, salicylic acid, maltodextrin, allantoin, citrus aurantifolia fruit extract, parfum, aloe barbadensis leaf juice powder, cl 19140, cl 47005, aroma, limonene, citral<\/h6>\n<\/div>\n<\/div>\n<\/div>\n<\/div>\n<\/div>\n<\/div>\n<\/div>","protected":false},"excerpt":{"rendered":"<p data-start=\"1043\" data-end=\"1114\">Enzym-Peeling-Puder f\u00fcr normale und empfindliche Haut \u2013 sanfte, porentiefe Reinigung f\u00fcr strahlende Haut.<\/p>","protected":false},"featured_media":21003,"comment_status":"open","ping_status":"closed","template":"","meta":{"jetpack_post_was_ever_published":false},"etheme_brands":[{"term_id":203,"name":"PANDHY'S\u2122","slug":"pandhys","term_group":0,"term_taxonomy_id":203,"taxonomy":"brand","description":"","parent":0,"count":56,"filter":"raw"}],"product_brand":[],"product_cat":[172,192,173,176,170],"product_tag":[],"class_list":{"0":"post-18896","1":"product","2":"type-product","3":"status-publish","4":"has-post-thumbnail","6":"brand-pandhys","7":"product_cat-gesicht","8":"product_cat-intimpflege","9":"product_cat-koerper","10":"product_cat-peeling_exfoliator","11":"product_cat-pflege","13":"first","14":"instock","15":"taxable","16":"shipping-taxable","17":"purchasable","18":"product-type-simple"},"yoast_head":"<!-- This site is optimized with the Yoast SEO plugin v27.3 - https:\/\/yoast.com\/product\/yoast-seo-wordpress\/ -->\n<title>PANDHY\u2019S\u2122 Purifying Foam-Powder f\u00fcr normale und sensible Haut (70 G) - Pure Beauty &amp; PANDHY&#039;S Shop<\/title>\n<meta name=\"description\" content=\"Enzymatisches Peeling-Puder f\u00fcr empfindliche Haut \u2013 reinigt porentief, entfernt Talg und Schmutz und sorgt f\u00fcr strahlende, elastische Haut. Ohne Alkohol &amp; Konservierungsstoffe.\" \/>\n<meta name=\"robots\" content=\"index, follow, max-snippet:-1, max-image-preview:large, max-video-preview:-1\" \/>\n<link rel=\"canonical\" href=\"https:\/\/www.pure-beauty.shop\/en\/product\/purifying-foam-powder-normal-sensibel\/\" \/>\n<meta property=\"og:locale\" content=\"en_GB\" \/>\n<meta property=\"og:type\" content=\"article\" \/>\n<meta property=\"og:title\" content=\"PANDHY\u2019S\u2122 Purifying Foam-Powder f\u00fcr normale und sensible Haut (70 G) - Pure Beauty &amp; PANDHY&#039;S Shop\" \/>\n<meta property=\"og:description\" content=\"Enzymatisches Peeling-Puder f\u00fcr empfindliche Haut \u2013 reinigt porentief, entfernt Talg und Schmutz und sorgt f\u00fcr strahlende, elastische Haut. Ohne Alkohol &amp; Konservierungsstoffe.\" \/>\n<meta property=\"og:url\" content=\"https:\/\/www.pure-beauty.shop\/en\/product\/purifying-foam-powder-normal-sensibel\/\" \/>\n<meta property=\"og:site_name\" content=\"Pure Beauty &amp; PANDHY&#039;S Shop\" \/>\n<meta property=\"article:modified_time\" content=\"2026-04-10T17:02:33+00:00\" \/>\n<meta property=\"og:image\" content=\"https:\/\/www.pure-beauty.shop\/wp-content\/uploads\/2021\/02\/Foam_Powder_Normal.jpg\" \/>\n\t<meta property=\"og:image:width\" content=\"2000\" \/>\n\t<meta property=\"og:image:height\" content=\"2000\" \/>\n\t<meta property=\"og:image:type\" content=\"image\/jpeg\" \/>\n<meta name=\"twitter:card\" content=\"summary_large_image\" \/>\n<meta name=\"twitter:label1\" content=\"Estimated reading time\" \/>\n\t<meta name=\"twitter:data1\" content=\"1 minute\" \/>\n<script type=\"application\/ld+json\" class=\"yoast-schema-graph\">{\"@context\":\"https:\\\/\\\/schema.org\",\"@graph\":[{\"@type\":\"WebPage\",\"@id\":\"https:\\\/\\\/www.pure-beauty.shop\\\/produkt\\\/purifying-foam-powder-normal-sensibel\\\/\",\"url\":\"https:\\\/\\\/www.pure-beauty.shop\\\/produkt\\\/purifying-foam-powder-normal-sensibel\\\/\",\"name\":\"PANDHY\u2019S\u2122 Purifying Foam-Powder f\u00fcr normale und sensible Haut (70 G) - Pure Beauty &amp; PANDHY&#039;S Shop\",\"isPartOf\":{\"@id\":\"https:\\\/\\\/www.pure-beauty.shop\\\/#website\"},\"primaryImageOfPage\":{\"@id\":\"https:\\\/\\\/www.pure-beauty.shop\\\/produkt\\\/purifying-foam-powder-normal-sensibel\\\/#primaryimage\"},\"image\":{\"@id\":\"https:\\\/\\\/www.pure-beauty.shop\\\/produkt\\\/purifying-foam-powder-normal-sensibel\\\/#primaryimage\"},\"thumbnailUrl\":\"https:\\\/\\\/www.pure-beauty.shop\\\/wp-content\\\/uploads\\\/2021\\\/02\\\/Foam_Powder_Normal.jpg\",\"datePublished\":\"2021-02-11T20:11:33+00:00\",\"dateModified\":\"2026-04-10T17:02:33+00:00\",\"description\":\"Enzymatisches Peeling-Puder f\u00fcr empfindliche Haut \u2013 reinigt porentief, entfernt Talg und Schmutz und sorgt f\u00fcr strahlende, elastische Haut. Ohne Alkohol & Konservierungsstoffe.\",\"breadcrumb\":{\"@id\":\"https:\\\/\\\/www.pure-beauty.shop\\\/produkt\\\/purifying-foam-powder-normal-sensibel\\\/#breadcrumb\"},\"inLanguage\":\"en-GB\",\"potentialAction\":[{\"@type\":\"ReadAction\",\"target\":[\"https:\\\/\\\/www.pure-beauty.shop\\\/produkt\\\/purifying-foam-powder-normal-sensibel\\\/\"]}]},{\"@type\":\"ImageObject\",\"inLanguage\":\"en-GB\",\"@id\":\"https:\\\/\\\/www.pure-beauty.shop\\\/produkt\\\/purifying-foam-powder-normal-sensibel\\\/#primaryimage\",\"url\":\"https:\\\/\\\/www.pure-beauty.shop\\\/wp-content\\\/uploads\\\/2021\\\/02\\\/Foam_Powder_Normal.jpg\",\"contentUrl\":\"https:\\\/\\\/www.pure-beauty.shop\\\/wp-content\\\/uploads\\\/2021\\\/02\\\/Foam_Powder_Normal.jpg\",\"width\":2000,\"height\":2000},{\"@type\":\"BreadcrumbList\",\"@id\":\"https:\\\/\\\/www.pure-beauty.shop\\\/produkt\\\/purifying-foam-powder-normal-sensibel\\\/#breadcrumb\",\"itemListElement\":[{\"@type\":\"ListItem\",\"position\":1,\"name\":\"Startseite\",\"item\":\"https:\\\/\\\/www.pure-beauty.shop\\\/\"},{\"@type\":\"ListItem\",\"position\":2,\"name\":\"Shop\",\"item\":\"https:\\\/\\\/www.pure-beauty.shop\\\/en\\\/shop\\\/\"},{\"@type\":\"ListItem\",\"position\":3,\"name\":\"PANDHY\u2019S\u2122 Purifying Foam-Powder f\u00fcr normale und sensible Haut (70 G)\"}]},{\"@type\":\"WebSite\",\"@id\":\"https:\\\/\\\/www.pure-beauty.shop\\\/#website\",\"url\":\"https:\\\/\\\/www.pure-beauty.shop\\\/\",\"name\":\"Pure Beauty &amp; PANDHY&#039;S Shop\",\"description\":\"Kosmetikshop in Graz\",\"potentialAction\":[{\"@type\":\"SearchAction\",\"target\":{\"@type\":\"EntryPoint\",\"urlTemplate\":\"https:\\\/\\\/www.pure-beauty.shop\\\/?s={search_term_string}\"},\"query-input\":{\"@type\":\"PropertyValueSpecification\",\"valueRequired\":true,\"valueName\":\"search_term_string\"}}],\"inLanguage\":\"en-GB\"}]}<\/script>\n<!-- \/ Yoast SEO plugin. -->","yoast_head_json":{"title":"PANDHY\u2019S\u2122 Purifying Foam-Powder f\u00fcr normale und sensible Haut (70 G) - Pure Beauty &amp; PANDHY&#039;S Shop","description":"Enzymatisches Peeling-Puder f\u00fcr empfindliche Haut \u2013 reinigt porentief, entfernt Talg und Schmutz und sorgt f\u00fcr strahlende, elastische Haut. Ohne Alkohol & Konservierungsstoffe.","robots":{"index":"index","follow":"follow","max-snippet":"max-snippet:-1","max-image-preview":"max-image-preview:large","max-video-preview":"max-video-preview:-1"},"canonical":"https:\/\/www.pure-beauty.shop\/en\/product\/purifying-foam-powder-normal-sensibel\/","og_locale":"en_GB","og_type":"article","og_title":"PANDHY\u2019S\u2122 Purifying Foam-Powder f\u00fcr normale und sensible Haut (70 G) - Pure Beauty &amp; PANDHY&#039;S Shop","og_description":"Enzymatisches Peeling-Puder f\u00fcr empfindliche Haut \u2013 reinigt porentief, entfernt Talg und Schmutz und sorgt f\u00fcr strahlende, elastische Haut. Ohne Alkohol & Konservierungsstoffe.","og_url":"https:\/\/www.pure-beauty.shop\/en\/product\/purifying-foam-powder-normal-sensibel\/","og_site_name":"Pure Beauty &amp; PANDHY&#039;S Shop","article_modified_time":"2026-04-10T17:02:33+00:00","og_image":[{"width":2000,"height":2000,"url":"https:\/\/www.pure-beauty.shop\/wp-content\/uploads\/2021\/02\/Foam_Powder_Normal.jpg","type":"image\/jpeg"}],"twitter_card":"summary_large_image","twitter_misc":{"Estimated reading time":"1 minute"},"schema":{"@context":"https:\/\/schema.org","@graph":[{"@type":"WebPage","@id":"https:\/\/www.pure-beauty.shop\/produkt\/purifying-foam-powder-normal-sensibel\/","url":"https:\/\/www.pure-beauty.shop\/produkt\/purifying-foam-powder-normal-sensibel\/","name":"PANDHY\u2019S\u2122 Purifying Foam-Powder f\u00fcr normale und sensible Haut (70 G) - Pure Beauty &amp; PANDHY&#039;S Shop","isPartOf":{"@id":"https:\/\/www.pure-beauty.shop\/#website"},"primaryImageOfPage":{"@id":"https:\/\/www.pure-beauty.shop\/produkt\/purifying-foam-powder-normal-sensibel\/#primaryimage"},"image":{"@id":"https:\/\/www.pure-beauty.shop\/produkt\/purifying-foam-powder-normal-sensibel\/#primaryimage"},"thumbnailUrl":"https:\/\/www.pure-beauty.shop\/wp-content\/uploads\/2021\/02\/Foam_Powder_Normal.jpg","datePublished":"2021-02-11T20:11:33+00:00","dateModified":"2026-04-10T17:02:33+00:00","description":"Enzymatisches Peeling-Puder f\u00fcr empfindliche Haut \u2013 reinigt porentief, entfernt Talg und Schmutz und sorgt f\u00fcr strahlende, elastische Haut. Ohne Alkohol & Konservierungsstoffe.","breadcrumb":{"@id":"https:\/\/www.pure-beauty.shop\/produkt\/purifying-foam-powder-normal-sensibel\/#breadcrumb"},"inLanguage":"en-GB","potentialAction":[{"@type":"ReadAction","target":["https:\/\/www.pure-beauty.shop\/produkt\/purifying-foam-powder-normal-sensibel\/"]}]},{"@type":"ImageObject","inLanguage":"en-GB","@id":"https:\/\/www.pure-beauty.shop\/produkt\/purifying-foam-powder-normal-sensibel\/#primaryimage","url":"https:\/\/www.pure-beauty.shop\/wp-content\/uploads\/2021\/02\/Foam_Powder_Normal.jpg","contentUrl":"https:\/\/www.pure-beauty.shop\/wp-content\/uploads\/2021\/02\/Foam_Powder_Normal.jpg","width":2000,"height":2000},{"@type":"BreadcrumbList","@id":"https:\/\/www.pure-beauty.shop\/produkt\/purifying-foam-powder-normal-sensibel\/#breadcrumb","itemListElement":[{"@type":"ListItem","position":1,"name":"Startseite","item":"https:\/\/www.pure-beauty.shop\/"},{"@type":"ListItem","position":2,"name":"Shop","item":"https:\/\/www.pure-beauty.shop\/en\/shop\/"},{"@type":"ListItem","position":3,"name":"PANDHY\u2019S\u2122 Purifying Foam-Powder f\u00fcr normale und sensible Haut (70 G)"}]},{"@type":"WebSite","@id":"https:\/\/www.pure-beauty.shop\/#website","url":"https:\/\/www.pure-beauty.shop\/","name":"Pure Beauty &amp; PANDHY&#039;S Shop","description":"Kosmetikshop in Graz","potentialAction":[{"@type":"SearchAction","target":{"@type":"EntryPoint","urlTemplate":"https:\/\/www.pure-beauty.shop\/?s={search_term_string}"},"query-input":{"@type":"PropertyValueSpecification","valueRequired":true,"valueName":"search_term_string"}}],"inLanguage":"en-GB"}]}},"jetpack_sharing_enabled":true,"_links":{"self":[{"href":"https:\/\/www.pure-beauty.shop\/en\/wp-json\/wp\/v2\/product\/18896","targetHints":{"allow":["GET"]}}],"collection":[{"href":"https:\/\/www.pure-beauty.shop\/en\/wp-json\/wp\/v2\/product"}],"about":[{"href":"https:\/\/www.pure-beauty.shop\/en\/wp-json\/wp\/v2\/types\/product"}],"replies":[{"embeddable":true,"href":"https:\/\/www.pure-beauty.shop\/en\/wp-json\/wp\/v2\/comments?post=18896"}],"wp:featuredmedia":[{"embeddable":true,"href":"https:\/\/www.pure-beauty.shop\/en\/wp-json\/wp\/v2\/media\/21003"}],"wp:attachment":[{"href":"https:\/\/www.pure-beauty.shop\/en\/wp-json\/wp\/v2\/media?parent=18896"}],"wp:term":[{"taxonomy":"brand","embeddable":true,"href":"https:\/\/www.pure-beauty.shop\/en\/wp-json\/wp\/v2\/etheme_brands?post=18896"},{"taxonomy":"product_brand","embeddable":true,"href":"https:\/\/www.pure-beauty.shop\/en\/wp-json\/wp\/v2\/product_brand?post=18896"},{"taxonomy":"product_cat","embeddable":true,"href":"https:\/\/www.pure-beauty.shop\/en\/wp-json\/wp\/v2\/product_cat?post=18896"},{"taxonomy":"product_tag","embeddable":true,"href":"https:\/\/www.pure-beauty.shop\/en\/wp-json\/wp\/v2\/product_tag?post=18896"}],"curies":[{"name":"wp","href":"https:\/\/api.w.org\/{rel}","templated":true}]}}