{"id":18906,"date":"2021-02-11T21:33:28","date_gmt":"2021-02-11T20:33:28","guid":{"rendered":"https:\/\/www.pure-beauty.shop\/?post_type=product&#038;p=18906"},"modified":"2026-04-19T23:44:12","modified_gmt":"2026-04-19T21:44:12","slug":"sparoma-bath-salt","status":"publish","type":"product","link":"https:\/\/www.pure-beauty.shop\/en\/product\/sparoma-bath-salt\/","title":{"rendered":"PANDHY\u2019S\u2122 Sparoma Bath Salt"},"content":{"rendered":"<div class=\"wpb-content-wrapper\"><div class=\"vc_row wpb_row vc_row-fluid et_custom_uniqid_69f11b7ab7ee6\"><div class=\"wpb_column vc_column_container vc_col-sm-12 et_custom_uniqid_69f11b7ab7ebb\"><div class=\"vc_column-inner\"><div class=\"wpb_wrapper\">\n\t<div class=\"wpb_text_column wpb_content_element\" >\n\t\t<div class=\"wpb_wrapper\">\n\t\t\t<p>K\u00f6nigliches Verw\u00f6hnen f\u00fcr Ihre Haut! Diese besondere Salzkombination ist eine geheime Rezeptur aus dem Salz des pannonischen Meeres und feinem Auszug von essentiellen \u00d6len, wie Lavendel, Kamille und Olive. Ausgezeichnete, stressl\u00f6sende, wohltuende Muskel entspannende Wirkung. Hautstraffung zeichnet dieses aromatherapeutische Salz aus. Sie k\u00f6nnen es als Salzbad, als bestes Hautpeeling und als tiefenreinigende, entschlackende Packung verwenden.<\/p>\n<p>Tipp: Mischen Sie Sparoma Salz t\u00e4glich zu Ihrer PANDHY&#8217;S\u2122 Sigma Line Body Foam-Reinigung in der Dusche. Beenden Sie dieses Ritual mit einer hydratisierenden Pflege von PANDHY&#8217;S\u2122.<\/p>\n<p>Hinweis: Verschlie\u00dfen Sie den Deckel bevor Sie das Wasser aufdrehen, um zu verhindern, dass Feuchtgkeit in die Dose gelangt.<\/p>\n<h6>INCI: aqua, sodium cocoamphoacetate, lauryl glucoside, sodium cocoyl glutamate, sodium lauryl glucose carboxylate, glycerin, colloidal silver, urea, d-panthenol, olea europaea (olive) fruit oil, chamomilla recutita flower extract, cucumis sativus extract, lavandula angustifolia oil, limonene, linalool, citronellol, geraniol<\/h6>\n\n\t\t<\/div>\n\t<\/div>\n<\/div><\/div><\/div><\/div>\n<\/div>","protected":false},"excerpt":{"rendered":"<p>tiefenreinigendes und entschlackendes Meersalz-Peeling f\u00fcr den K\u00f6rper<\/p>","protected":false},"featured_media":17998,"comment_status":"open","ping_status":"closed","template":"","meta":{"jetpack_post_was_ever_published":false},"etheme_brands":[{"term_id":203,"name":"PANDHY'S\u2122","slug":"pandhys","term_group":0,"term_taxonomy_id":203,"taxonomy":"brand","description":"","parent":0,"count":63,"filter":"raw"}],"product_brand":[],"product_cat":[172,173,189,176,170,194],"product_tag":[431,432,433],"class_list":{"0":"post-18906","1":"product","2":"type-product","3":"status-publish","4":"has-post-thumbnail","6":"brand-pandhys","7":"product_cat-gesicht","8":"product_cat-koerper","9":"product_cat-koerperreinigung_peeling","10":"product_cat-peeling_exfoliator","11":"product_cat-pflege","12":"product_cat-spaspecials_koerper","13":"product_tag-meersalz","14":"product_tag-peeling","15":"product_tag-salz","17":"first","18":"instock","19":"taxable","20":"shipping-taxable","21":"purchasable","22":"product-type-variable","23":"has-default-attributes"},"yoast_head":"<!-- This site is optimized with the Yoast SEO plugin v27.5 - https:\/\/yoast.com\/product\/yoast-seo-wordpress\/ -->\n<title>PANDHY\u2019S\u2122 Sparoma Bath Salt - Pure Beauty &amp; PANDHY&#039;S Shop<\/title>\n<meta name=\"description\" content=\"Diese besondere Salzkombination ist eine geheime Rezeptur aus dem Salz des pannonischen Meeres und feinem Auszug von essentiellen \u00d6len, wie Lavendel, Kamille und Olive. Ausgezeichnete, stressl\u00f6sende, wohltuende Muskel entspannende Wirkung. Hautstraffung zeichnet dieses aromatherapeutische Salz aus. Sie k\u00f6nnen es als Salzbad, als bestes Hautpeeling und als tiefenreinigende, entschlackende Packung verwenden.\" \/>\n<meta name=\"robots\" content=\"index, follow, max-snippet:-1, max-image-preview:large, max-video-preview:-1\" \/>\n<link rel=\"canonical\" href=\"https:\/\/www.pure-beauty.shop\/en\/product\/sparoma-bath-salt\/\" \/>\n<meta property=\"og:locale\" content=\"en_GB\" \/>\n<meta property=\"og:type\" content=\"article\" \/>\n<meta property=\"og:title\" content=\"PANDHY\u2019S\u2122 Sparoma Bath Salt - Pure Beauty &amp; PANDHY&#039;S Shop\" \/>\n<meta property=\"og:description\" content=\"Diese besondere Salzkombination ist eine geheime Rezeptur aus dem Salz des pannonischen Meeres und feinem Auszug von essentiellen \u00d6len, wie Lavendel, Kamille und Olive. Ausgezeichnete, stressl\u00f6sende, wohltuende Muskel entspannende Wirkung. Hautstraffung zeichnet dieses aromatherapeutische Salz aus. Sie k\u00f6nnen es als Salzbad, als bestes Hautpeeling und als tiefenreinigende, entschlackende Packung verwenden.\" \/>\n<meta property=\"og:url\" content=\"https:\/\/www.pure-beauty.shop\/en\/product\/sparoma-bath-salt\/\" \/>\n<meta property=\"og:site_name\" content=\"Pure Beauty &amp; PANDHY&#039;S Shop\" \/>\n<meta property=\"article:modified_time\" content=\"2026-04-19T21:44:12+00:00\" \/>\n<meta property=\"og:image\" content=\"https:\/\/www.pure-beauty.shop\/wp-content\/uploads\/2020\/10\/Sparoma.jpg1_.jpg\" \/>\n\t<meta property=\"og:image:width\" content=\"2000\" \/>\n\t<meta property=\"og:image:height\" content=\"2000\" \/>\n\t<meta property=\"og:image:type\" content=\"image\/jpeg\" \/>\n<meta name=\"twitter:card\" content=\"summary_large_image\" \/>\n<meta name=\"twitter:label1\" content=\"Estimated reading time\" \/>\n\t<meta name=\"twitter:data1\" content=\"1 minute\" \/>\n<script type=\"application\/ld+json\" class=\"yoast-schema-graph\">{\"@context\":\"https:\\\/\\\/schema.org\",\"@graph\":[{\"@type\":\"WebPage\",\"@id\":\"https:\\\/\\\/www.pure-beauty.shop\\\/produkt\\\/sparoma-bath-salt\\\/\",\"url\":\"https:\\\/\\\/www.pure-beauty.shop\\\/produkt\\\/sparoma-bath-salt\\\/\",\"name\":\"PANDHY\u2019S\u2122 Sparoma Bath Salt - Pure Beauty &amp; PANDHY&#039;S Shop\",\"isPartOf\":{\"@id\":\"https:\\\/\\\/www.pure-beauty.shop\\\/#website\"},\"primaryImageOfPage\":{\"@id\":\"https:\\\/\\\/www.pure-beauty.shop\\\/produkt\\\/sparoma-bath-salt\\\/#primaryimage\"},\"image\":{\"@id\":\"https:\\\/\\\/www.pure-beauty.shop\\\/produkt\\\/sparoma-bath-salt\\\/#primaryimage\"},\"thumbnailUrl\":\"https:\\\/\\\/www.pure-beauty.shop\\\/wp-content\\\/uploads\\\/2020\\\/10\\\/Sparoma.jpg1_.jpg\",\"datePublished\":\"2021-02-11T20:33:28+00:00\",\"dateModified\":\"2026-04-19T21:44:12+00:00\",\"description\":\"Diese besondere Salzkombination ist eine geheime Rezeptur aus dem Salz des pannonischen Meeres und feinem Auszug von essentiellen \u00d6len, wie Lavendel, Kamille und Olive. Ausgezeichnete, stressl\u00f6sende, wohltuende Muskel entspannende Wirkung. Hautstraffung zeichnet dieses aromatherapeutische Salz aus. Sie k\u00f6nnen es als Salzbad, als bestes Hautpeeling und als tiefenreinigende, entschlackende Packung verwenden.\",\"breadcrumb\":{\"@id\":\"https:\\\/\\\/www.pure-beauty.shop\\\/produkt\\\/sparoma-bath-salt\\\/#breadcrumb\"},\"inLanguage\":\"en-GB\",\"potentialAction\":[{\"@type\":\"ReadAction\",\"target\":[\"https:\\\/\\\/www.pure-beauty.shop\\\/produkt\\\/sparoma-bath-salt\\\/\"]}]},{\"@type\":\"ImageObject\",\"inLanguage\":\"en-GB\",\"@id\":\"https:\\\/\\\/www.pure-beauty.shop\\\/produkt\\\/sparoma-bath-salt\\\/#primaryimage\",\"url\":\"https:\\\/\\\/www.pure-beauty.shop\\\/wp-content\\\/uploads\\\/2020\\\/10\\\/Sparoma.jpg1_.jpg\",\"contentUrl\":\"https:\\\/\\\/www.pure-beauty.shop\\\/wp-content\\\/uploads\\\/2020\\\/10\\\/Sparoma.jpg1_.jpg\",\"width\":2000,\"height\":2000},{\"@type\":\"BreadcrumbList\",\"@id\":\"https:\\\/\\\/www.pure-beauty.shop\\\/produkt\\\/sparoma-bath-salt\\\/#breadcrumb\",\"itemListElement\":[{\"@type\":\"ListItem\",\"position\":1,\"name\":\"Startseite\",\"item\":\"https:\\\/\\\/www.pure-beauty.shop\\\/\"},{\"@type\":\"ListItem\",\"position\":2,\"name\":\"Shop\",\"item\":\"https:\\\/\\\/www.pure-beauty.shop\\\/en\\\/shop\\\/\"},{\"@type\":\"ListItem\",\"position\":3,\"name\":\"PANDHY\u2019S\u2122 Sparoma Bath Salt\"}]},{\"@type\":\"WebSite\",\"@id\":\"https:\\\/\\\/www.pure-beauty.shop\\\/#website\",\"url\":\"https:\\\/\\\/www.pure-beauty.shop\\\/\",\"name\":\"Pure Beauty &amp; PANDHY&#039;S Shop\",\"description\":\"Kosmetikshop in Graz\",\"potentialAction\":[{\"@type\":\"SearchAction\",\"target\":{\"@type\":\"EntryPoint\",\"urlTemplate\":\"https:\\\/\\\/www.pure-beauty.shop\\\/?s={search_term_string}\"},\"query-input\":{\"@type\":\"PropertyValueSpecification\",\"valueRequired\":true,\"valueName\":\"search_term_string\"}}],\"inLanguage\":\"en-GB\"}]}<\/script>\n<!-- \/ Yoast SEO plugin. -->","yoast_head_json":{"title":"PANDHY\u2019S\u2122 Sparoma Bath Salt - Pure Beauty &amp; PANDHY&#039;S Shop","description":"Diese besondere Salzkombination ist eine geheime Rezeptur aus dem Salz des pannonischen Meeres und feinem Auszug von essentiellen \u00d6len, wie Lavendel, Kamille und Olive. Ausgezeichnete, stressl\u00f6sende, wohltuende Muskel entspannende Wirkung. Hautstraffung zeichnet dieses aromatherapeutische Salz aus. Sie k\u00f6nnen es als Salzbad, als bestes Hautpeeling und als tiefenreinigende, entschlackende Packung verwenden.","robots":{"index":"index","follow":"follow","max-snippet":"max-snippet:-1","max-image-preview":"max-image-preview:large","max-video-preview":"max-video-preview:-1"},"canonical":"https:\/\/www.pure-beauty.shop\/en\/product\/sparoma-bath-salt\/","og_locale":"en_GB","og_type":"article","og_title":"PANDHY\u2019S\u2122 Sparoma Bath Salt - Pure Beauty &amp; PANDHY&#039;S Shop","og_description":"Diese besondere Salzkombination ist eine geheime Rezeptur aus dem Salz des pannonischen Meeres und feinem Auszug von essentiellen \u00d6len, wie Lavendel, Kamille und Olive. Ausgezeichnete, stressl\u00f6sende, wohltuende Muskel entspannende Wirkung. Hautstraffung zeichnet dieses aromatherapeutische Salz aus. Sie k\u00f6nnen es als Salzbad, als bestes Hautpeeling und als tiefenreinigende, entschlackende Packung verwenden.","og_url":"https:\/\/www.pure-beauty.shop\/en\/product\/sparoma-bath-salt\/","og_site_name":"Pure Beauty &amp; PANDHY&#039;S Shop","article_modified_time":"2026-04-19T21:44:12+00:00","og_image":[{"width":2000,"height":2000,"url":"https:\/\/www.pure-beauty.shop\/wp-content\/uploads\/2020\/10\/Sparoma.jpg1_.jpg","type":"image\/jpeg"}],"twitter_card":"summary_large_image","twitter_misc":{"Estimated reading time":"1 minute"},"schema":{"@context":"https:\/\/schema.org","@graph":[{"@type":"WebPage","@id":"https:\/\/www.pure-beauty.shop\/produkt\/sparoma-bath-salt\/","url":"https:\/\/www.pure-beauty.shop\/produkt\/sparoma-bath-salt\/","name":"PANDHY\u2019S\u2122 Sparoma Bath Salt - Pure Beauty &amp; PANDHY&#039;S Shop","isPartOf":{"@id":"https:\/\/www.pure-beauty.shop\/#website"},"primaryImageOfPage":{"@id":"https:\/\/www.pure-beauty.shop\/produkt\/sparoma-bath-salt\/#primaryimage"},"image":{"@id":"https:\/\/www.pure-beauty.shop\/produkt\/sparoma-bath-salt\/#primaryimage"},"thumbnailUrl":"https:\/\/www.pure-beauty.shop\/wp-content\/uploads\/2020\/10\/Sparoma.jpg1_.jpg","datePublished":"2021-02-11T20:33:28+00:00","dateModified":"2026-04-19T21:44:12+00:00","description":"Diese besondere Salzkombination ist eine geheime Rezeptur aus dem Salz des pannonischen Meeres und feinem Auszug von essentiellen \u00d6len, wie Lavendel, Kamille und Olive. Ausgezeichnete, stressl\u00f6sende, wohltuende Muskel entspannende Wirkung. Hautstraffung zeichnet dieses aromatherapeutische Salz aus. Sie k\u00f6nnen es als Salzbad, als bestes Hautpeeling und als tiefenreinigende, entschlackende Packung verwenden.","breadcrumb":{"@id":"https:\/\/www.pure-beauty.shop\/produkt\/sparoma-bath-salt\/#breadcrumb"},"inLanguage":"en-GB","potentialAction":[{"@type":"ReadAction","target":["https:\/\/www.pure-beauty.shop\/produkt\/sparoma-bath-salt\/"]}]},{"@type":"ImageObject","inLanguage":"en-GB","@id":"https:\/\/www.pure-beauty.shop\/produkt\/sparoma-bath-salt\/#primaryimage","url":"https:\/\/www.pure-beauty.shop\/wp-content\/uploads\/2020\/10\/Sparoma.jpg1_.jpg","contentUrl":"https:\/\/www.pure-beauty.shop\/wp-content\/uploads\/2020\/10\/Sparoma.jpg1_.jpg","width":2000,"height":2000},{"@type":"BreadcrumbList","@id":"https:\/\/www.pure-beauty.shop\/produkt\/sparoma-bath-salt\/#breadcrumb","itemListElement":[{"@type":"ListItem","position":1,"name":"Startseite","item":"https:\/\/www.pure-beauty.shop\/"},{"@type":"ListItem","position":2,"name":"Shop","item":"https:\/\/www.pure-beauty.shop\/en\/shop\/"},{"@type":"ListItem","position":3,"name":"PANDHY\u2019S\u2122 Sparoma Bath Salt"}]},{"@type":"WebSite","@id":"https:\/\/www.pure-beauty.shop\/#website","url":"https:\/\/www.pure-beauty.shop\/","name":"Pure Beauty &amp; PANDHY&#039;S Shop","description":"Kosmetikshop in Graz","potentialAction":[{"@type":"SearchAction","target":{"@type":"EntryPoint","urlTemplate":"https:\/\/www.pure-beauty.shop\/?s={search_term_string}"},"query-input":{"@type":"PropertyValueSpecification","valueRequired":true,"valueName":"search_term_string"}}],"inLanguage":"en-GB"}]}},"jetpack_sharing_enabled":true,"_links":{"self":[{"href":"https:\/\/www.pure-beauty.shop\/en\/wp-json\/wp\/v2\/product\/18906","targetHints":{"allow":["GET"]}}],"collection":[{"href":"https:\/\/www.pure-beauty.shop\/en\/wp-json\/wp\/v2\/product"}],"about":[{"href":"https:\/\/www.pure-beauty.shop\/en\/wp-json\/wp\/v2\/types\/product"}],"replies":[{"embeddable":true,"href":"https:\/\/www.pure-beauty.shop\/en\/wp-json\/wp\/v2\/comments?post=18906"}],"wp:featuredmedia":[{"embeddable":true,"href":"https:\/\/www.pure-beauty.shop\/en\/wp-json\/wp\/v2\/media\/17998"}],"wp:attachment":[{"href":"https:\/\/www.pure-beauty.shop\/en\/wp-json\/wp\/v2\/media?parent=18906"}],"wp:term":[{"taxonomy":"brand","embeddable":true,"href":"https:\/\/www.pure-beauty.shop\/en\/wp-json\/wp\/v2\/etheme_brands?post=18906"},{"taxonomy":"product_brand","embeddable":true,"href":"https:\/\/www.pure-beauty.shop\/en\/wp-json\/wp\/v2\/product_brand?post=18906"},{"taxonomy":"product_cat","embeddable":true,"href":"https:\/\/www.pure-beauty.shop\/en\/wp-json\/wp\/v2\/product_cat?post=18906"},{"taxonomy":"product_tag","embeddable":true,"href":"https:\/\/www.pure-beauty.shop\/en\/wp-json\/wp\/v2\/product_tag?post=18906"}],"curies":[{"name":"wp","href":"https:\/\/api.w.org\/{rel}","templated":true}]}}