{"id":19084,"date":"2021-02-12T23:38:36","date_gmt":"2021-02-12T22:38:36","guid":{"rendered":"https:\/\/www.pure-beauty.shop\/?post_type=product&#038;p=19084"},"modified":"2026-04-11T01:29:02","modified_gmt":"2026-04-10T23:29:02","slug":"beautea-nettle","status":"publish","type":"product","link":"https:\/\/www.pure-beauty.shop\/en\/product\/beautea-nettle\/","title":{"rendered":"BEAUTEA Nettle (50 g)"},"content":{"rendered":"<div class=\"wpb-content-wrapper\"><div class=\"vc_row wpb_row vc_row-fluid et_custom_uniqid_63b2a6016769b mpc-row\">\n<div class=\"wpb_column vc_column_container vc_col-sm-12 et_custom_uniqid_63b2a60166015 mpc-column\" data-column-id=\"mpc_column-663b2a60c7e592\">\n<div class=\"vc_column-inner\">\n<div class=\"wpb_wrapper\">\n<div class=\"wpb_text_column wpb_content_element\">\n<div class=\"wpb_wrapper\">\n<p>Die Brennnessel ist eine Pflanze aus Afrika und dem Westen Asiens. Heutzutage kann man die Pflanze auf der ganzen Welt finden. Sie ist mit stacheligen Haaren bedeckt, die vor Raubtieren sch\u00fctzen sollen. Bei Ber\u00fchrungen kommt es aufgrund von Ameisens\u00e4ure zu Stichen auf der Haut. Nach dem Pfl\u00fccken der Pflanze verdampft die S\u00e4ure schnell und verliert die Stechkraft innerhalb von Minuten. Die Heilungskr\u00e4fte der Brennnessel sind traditionell in der Volksheilkunde vieler Kulturen sehr hoch angesehen.<\/p>\n<p>Vorteile f\u00fcr die Gesundheit:<br \/>\nDie Brennnessel wird schon seit Jahrzehnten zur Bek\u00e4mpfung von Allergiesymptomen verwendet, insbesondere bei Heuschnupfen. Sie besitzt biologisch aktive Komponenten, die Entz\u00fcndungen reduzieren.<\/p>\n<p>Vorteile f\u00fcr die Sch\u00f6nheit:<br \/>\nDie entw\u00e4ssernden Eigenschaften der Brennnessel lassen Schwellungen zur\u00fcckgehen und stoppen Blutungen bei kleineren Hautverletzungen wie Schnitte beim Rasieren. Als Gesichtswasser strafft sie die oberen Hautschichten, zieht diese zusammen und reduziert Ausscheidungen; sie lindert Irritationen und verbessert die Gewebestruktur. Sie kann auch f\u00fcr Schuppen, sehr \u00f6liges Haar und die Kopfhaut verwendet werden.<\/p>\n<h6>INCI: urtica dioica (nettle)<\/h6>\n<\/div>\n<\/div>\n<\/div>\n<\/div>\n<\/div>\n<\/div>\n<\/div>","protected":false},"excerpt":{"rendered":"<p>entz\u00fcndungsreduzierender Brennnesseltee<\/p>","protected":false},"featured_media":21030,"comment_status":"open","ping_status":"closed","template":"","meta":{"jetpack_post_was_ever_published":false},"etheme_brands":[{"term_id":207,"name":"FLORAL SPA","slug":"floralspa","term_group":0,"term_taxonomy_id":207,"taxonomy":"brand","description":"","parent":0,"count":7,"filter":"raw"}],"product_brand":[],"product_cat":[219,172,170],"product_tag":[],"class_list":{"0":"post-19084","1":"product","2":"type-product","3":"status-publish","4":"has-post-thumbnail","6":"brand-floralspa","7":"product_cat-beautea","8":"product_cat-gesicht","9":"product_cat-pflege","11":"first","12":"instock","13":"taxable","14":"shipping-taxable","15":"purchasable","16":"product-type-simple"},"yoast_head":"<!-- This site is optimized with the Yoast SEO plugin v27.5 - https:\/\/yoast.com\/product\/yoast-seo-wordpress\/ -->\n<title>BEAUTEA Nettle (50 g) - Pure Beauty &amp; PANDHY&#039;S Shop<\/title>\n<meta name=\"description\" content=\"Die Brennnessel wird schon seit Jahrzehnten zur Bek\u00e4mpfung von Allergiesymptomen verwendet, insbesondere bei Heuschnupfen. Sie besitzt biologisch aktive Komponenten, die Entz\u00fcndungen reduzieren.\" \/>\n<meta name=\"robots\" content=\"index, follow, max-snippet:-1, max-image-preview:large, max-video-preview:-1\" \/>\n<link rel=\"canonical\" href=\"https:\/\/www.pure-beauty.shop\/en\/product\/beautea-nettle\/\" \/>\n<meta property=\"og:locale\" content=\"en_GB\" \/>\n<meta property=\"og:type\" content=\"article\" \/>\n<meta property=\"og:title\" content=\"BEAUTEA Nettle (50 g) - Pure Beauty &amp; PANDHY&#039;S Shop\" \/>\n<meta property=\"og:description\" content=\"Die Brennnessel wird schon seit Jahrzehnten zur Bek\u00e4mpfung von Allergiesymptomen verwendet, insbesondere bei Heuschnupfen. Sie besitzt biologisch aktive Komponenten, die Entz\u00fcndungen reduzieren.\" \/>\n<meta property=\"og:url\" content=\"https:\/\/www.pure-beauty.shop\/en\/product\/beautea-nettle\/\" \/>\n<meta property=\"og:site_name\" content=\"Pure Beauty &amp; PANDHY&#039;S Shop\" \/>\n<meta property=\"article:modified_time\" content=\"2026-04-10T23:29:02+00:00\" \/>\n<meta property=\"og:image\" content=\"https:\/\/www.pure-beauty.shop\/wp-content\/uploads\/2021\/02\/tea_nettle.jpg\" \/>\n\t<meta property=\"og:image:width\" content=\"2000\" \/>\n\t<meta property=\"og:image:height\" content=\"2000\" \/>\n\t<meta property=\"og:image:type\" content=\"image\/jpeg\" \/>\n<meta name=\"twitter:card\" content=\"summary_large_image\" \/>\n<meta name=\"twitter:label1\" content=\"Estimated reading time\" \/>\n\t<meta name=\"twitter:data1\" content=\"1 minute\" \/>\n<script type=\"application\/ld+json\" class=\"yoast-schema-graph\">{\"@context\":\"https:\\\/\\\/schema.org\",\"@graph\":[{\"@type\":\"WebPage\",\"@id\":\"https:\\\/\\\/www.pure-beauty.shop\\\/produkt\\\/beautea-nettle\\\/\",\"url\":\"https:\\\/\\\/www.pure-beauty.shop\\\/produkt\\\/beautea-nettle\\\/\",\"name\":\"BEAUTEA Nettle (50 g) - Pure Beauty &amp; PANDHY&#039;S Shop\",\"isPartOf\":{\"@id\":\"https:\\\/\\\/www.pure-beauty.shop\\\/#website\"},\"primaryImageOfPage\":{\"@id\":\"https:\\\/\\\/www.pure-beauty.shop\\\/produkt\\\/beautea-nettle\\\/#primaryimage\"},\"image\":{\"@id\":\"https:\\\/\\\/www.pure-beauty.shop\\\/produkt\\\/beautea-nettle\\\/#primaryimage\"},\"thumbnailUrl\":\"https:\\\/\\\/www.pure-beauty.shop\\\/wp-content\\\/uploads\\\/2021\\\/02\\\/tea_nettle.jpg\",\"datePublished\":\"2021-02-12T22:38:36+00:00\",\"dateModified\":\"2026-04-10T23:29:02+00:00\",\"description\":\"Die Brennnessel wird schon seit Jahrzehnten zur Bek\u00e4mpfung von Allergiesymptomen verwendet, insbesondere bei Heuschnupfen. Sie besitzt biologisch aktive Komponenten, die Entz\u00fcndungen reduzieren.\",\"breadcrumb\":{\"@id\":\"https:\\\/\\\/www.pure-beauty.shop\\\/produkt\\\/beautea-nettle\\\/#breadcrumb\"},\"inLanguage\":\"en-GB\",\"potentialAction\":[{\"@type\":\"ReadAction\",\"target\":[\"https:\\\/\\\/www.pure-beauty.shop\\\/produkt\\\/beautea-nettle\\\/\"]}]},{\"@type\":\"ImageObject\",\"inLanguage\":\"en-GB\",\"@id\":\"https:\\\/\\\/www.pure-beauty.shop\\\/produkt\\\/beautea-nettle\\\/#primaryimage\",\"url\":\"https:\\\/\\\/www.pure-beauty.shop\\\/wp-content\\\/uploads\\\/2021\\\/02\\\/tea_nettle.jpg\",\"contentUrl\":\"https:\\\/\\\/www.pure-beauty.shop\\\/wp-content\\\/uploads\\\/2021\\\/02\\\/tea_nettle.jpg\",\"width\":2000,\"height\":2000},{\"@type\":\"BreadcrumbList\",\"@id\":\"https:\\\/\\\/www.pure-beauty.shop\\\/produkt\\\/beautea-nettle\\\/#breadcrumb\",\"itemListElement\":[{\"@type\":\"ListItem\",\"position\":1,\"name\":\"Startseite\",\"item\":\"https:\\\/\\\/www.pure-beauty.shop\\\/\"},{\"@type\":\"ListItem\",\"position\":2,\"name\":\"Shop\",\"item\":\"https:\\\/\\\/www.pure-beauty.shop\\\/en\\\/shop\\\/\"},{\"@type\":\"ListItem\",\"position\":3,\"name\":\"BEAUTEA Nettle (50 g)\"}]},{\"@type\":\"WebSite\",\"@id\":\"https:\\\/\\\/www.pure-beauty.shop\\\/#website\",\"url\":\"https:\\\/\\\/www.pure-beauty.shop\\\/\",\"name\":\"Pure Beauty & PANDHY'S Shop\",\"description\":\"Kosmetikshop in Graz\",\"potentialAction\":[{\"@type\":\"SearchAction\",\"target\":{\"@type\":\"EntryPoint\",\"urlTemplate\":\"https:\\\/\\\/www.pure-beauty.shop\\\/?s={search_term_string}\"},\"query-input\":{\"@type\":\"PropertyValueSpecification\",\"valueRequired\":true,\"valueName\":\"search_term_string\"}}],\"inLanguage\":\"en-GB\"}]}<\/script>\n<!-- \/ Yoast SEO plugin. -->","yoast_head_json":{"title":"BEAUTEA Nettle (50 g) - Pure Beauty &amp; PANDHY&#039;S Shop","description":"Die Brennnessel wird schon seit Jahrzehnten zur Bek\u00e4mpfung von Allergiesymptomen verwendet, insbesondere bei Heuschnupfen. Sie besitzt biologisch aktive Komponenten, die Entz\u00fcndungen reduzieren.","robots":{"index":"index","follow":"follow","max-snippet":"max-snippet:-1","max-image-preview":"max-image-preview:large","max-video-preview":"max-video-preview:-1"},"canonical":"https:\/\/www.pure-beauty.shop\/en\/product\/beautea-nettle\/","og_locale":"en_GB","og_type":"article","og_title":"BEAUTEA Nettle (50 g) - Pure Beauty &amp; PANDHY&#039;S Shop","og_description":"Die Brennnessel wird schon seit Jahrzehnten zur Bek\u00e4mpfung von Allergiesymptomen verwendet, insbesondere bei Heuschnupfen. Sie besitzt biologisch aktive Komponenten, die Entz\u00fcndungen reduzieren.","og_url":"https:\/\/www.pure-beauty.shop\/en\/product\/beautea-nettle\/","og_site_name":"Pure Beauty &amp; PANDHY&#039;S Shop","article_modified_time":"2026-04-10T23:29:02+00:00","og_image":[{"width":2000,"height":2000,"url":"https:\/\/www.pure-beauty.shop\/wp-content\/uploads\/2021\/02\/tea_nettle.jpg","type":"image\/jpeg"}],"twitter_card":"summary_large_image","twitter_misc":{"Estimated reading time":"1 minute"},"schema":{"@context":"https:\/\/schema.org","@graph":[{"@type":"WebPage","@id":"https:\/\/www.pure-beauty.shop\/produkt\/beautea-nettle\/","url":"https:\/\/www.pure-beauty.shop\/produkt\/beautea-nettle\/","name":"BEAUTEA Nettle (50 g) - Pure Beauty &amp; PANDHY&#039;S Shop","isPartOf":{"@id":"https:\/\/www.pure-beauty.shop\/#website"},"primaryImageOfPage":{"@id":"https:\/\/www.pure-beauty.shop\/produkt\/beautea-nettle\/#primaryimage"},"image":{"@id":"https:\/\/www.pure-beauty.shop\/produkt\/beautea-nettle\/#primaryimage"},"thumbnailUrl":"https:\/\/www.pure-beauty.shop\/wp-content\/uploads\/2021\/02\/tea_nettle.jpg","datePublished":"2021-02-12T22:38:36+00:00","dateModified":"2026-04-10T23:29:02+00:00","description":"Die Brennnessel wird schon seit Jahrzehnten zur Bek\u00e4mpfung von Allergiesymptomen verwendet, insbesondere bei Heuschnupfen. Sie besitzt biologisch aktive Komponenten, die Entz\u00fcndungen reduzieren.","breadcrumb":{"@id":"https:\/\/www.pure-beauty.shop\/produkt\/beautea-nettle\/#breadcrumb"},"inLanguage":"en-GB","potentialAction":[{"@type":"ReadAction","target":["https:\/\/www.pure-beauty.shop\/produkt\/beautea-nettle\/"]}]},{"@type":"ImageObject","inLanguage":"en-GB","@id":"https:\/\/www.pure-beauty.shop\/produkt\/beautea-nettle\/#primaryimage","url":"https:\/\/www.pure-beauty.shop\/wp-content\/uploads\/2021\/02\/tea_nettle.jpg","contentUrl":"https:\/\/www.pure-beauty.shop\/wp-content\/uploads\/2021\/02\/tea_nettle.jpg","width":2000,"height":2000},{"@type":"BreadcrumbList","@id":"https:\/\/www.pure-beauty.shop\/produkt\/beautea-nettle\/#breadcrumb","itemListElement":[{"@type":"ListItem","position":1,"name":"Startseite","item":"https:\/\/www.pure-beauty.shop\/"},{"@type":"ListItem","position":2,"name":"Shop","item":"https:\/\/www.pure-beauty.shop\/en\/shop\/"},{"@type":"ListItem","position":3,"name":"BEAUTEA Nettle (50 g)"}]},{"@type":"WebSite","@id":"https:\/\/www.pure-beauty.shop\/#website","url":"https:\/\/www.pure-beauty.shop\/","name":"Pure Beauty & PANDHY'S Shop","description":"Kosmetikshop in Graz","potentialAction":[{"@type":"SearchAction","target":{"@type":"EntryPoint","urlTemplate":"https:\/\/www.pure-beauty.shop\/?s={search_term_string}"},"query-input":{"@type":"PropertyValueSpecification","valueRequired":true,"valueName":"search_term_string"}}],"inLanguage":"en-GB"}]}},"jetpack_sharing_enabled":true,"_links":{"self":[{"href":"https:\/\/www.pure-beauty.shop\/en\/wp-json\/wp\/v2\/product\/19084","targetHints":{"allow":["GET"]}}],"collection":[{"href":"https:\/\/www.pure-beauty.shop\/en\/wp-json\/wp\/v2\/product"}],"about":[{"href":"https:\/\/www.pure-beauty.shop\/en\/wp-json\/wp\/v2\/types\/product"}],"replies":[{"embeddable":true,"href":"https:\/\/www.pure-beauty.shop\/en\/wp-json\/wp\/v2\/comments?post=19084"}],"wp:featuredmedia":[{"embeddable":true,"href":"https:\/\/www.pure-beauty.shop\/en\/wp-json\/wp\/v2\/media\/21030"}],"wp:attachment":[{"href":"https:\/\/www.pure-beauty.shop\/en\/wp-json\/wp\/v2\/media?parent=19084"}],"wp:term":[{"taxonomy":"brand","embeddable":true,"href":"https:\/\/www.pure-beauty.shop\/en\/wp-json\/wp\/v2\/etheme_brands?post=19084"},{"taxonomy":"product_brand","embeddable":true,"href":"https:\/\/www.pure-beauty.shop\/en\/wp-json\/wp\/v2\/product_brand?post=19084"},{"taxonomy":"product_cat","embeddable":true,"href":"https:\/\/www.pure-beauty.shop\/en\/wp-json\/wp\/v2\/product_cat?post=19084"},{"taxonomy":"product_tag","embeddable":true,"href":"https:\/\/www.pure-beauty.shop\/en\/wp-json\/wp\/v2\/product_tag?post=19084"}],"curies":[{"name":"wp","href":"https:\/\/api.w.org\/{rel}","templated":true}]}}