{"id":19085,"date":"2021-02-12T23:38:37","date_gmt":"2021-02-12T22:38:37","guid":{"rendered":"https:\/\/www.pure-beauty.shop\/?post_type=product&#038;p=19085"},"modified":"2026-04-11T01:28:13","modified_gmt":"2026-04-10T23:28:13","slug":"beautea-rose-petals","status":"publish","type":"product","link":"https:\/\/www.pure-beauty.shop\/en\/product\/beautea-rose-petals\/","title":{"rendered":"BEAUTEA Rose Petals (50 g)"},"content":{"rendered":"<div class=\"wpb-content-wrapper\"><div class=\"vc_row wpb_row vc_row-fluid et_custom_uniqid_62d8148b42ada mpc-row\">\n<div class=\"wpb_column vc_column_container vc_col-sm-12 et_custom_uniqid_62d8148b42a89 mpc-column\" data-column-id=\"mpc_column-9062d8148e13574\">\n<div class=\"vc_column-inner\">\n<div class=\"wpb_wrapper\">\n<div class=\"wpb_text_column wpb_content_element\">\n<div class=\"wpb_wrapper\">\n<p>Dieser Tee ist aus echten getrockneten, granulierten Rosenbl\u00e4ttern gemacht. Er bietet alle Vorteile und Eigenschaften, die auch der Rosenknospen Tee bringt. Der nat\u00fcrliche und aromatische Rosengeschmack macht es zu einem hervorragenden und genussvollen Getr\u00e4nk. Die essenziellen \u00d6le im Rosenknospentee helfen die Durchblutung zu f\u00f6rdern und sind gut f\u00fcr das Herz. Rosenknospentee ist bekannt f\u00fcr seine beruhigende Auswirkung auf Geist und Seele. Der Tee bringt, egal zu welcher Tageszeit, Entspannung. Rosenknospentee enth\u00e4lt Vitamin A, B3, C, D und E und zeigt eine gute Wirksamkeit bei Infektionen, vor allem bei Blasenentz\u00fcndungen. Der Tee ist eine exzellente Quelle f\u00fcr Vitamin C, noch st\u00e4rker als Orangen!<\/p>\n<h6>INCI: rosa damascena (rose petal)<\/h6>\n<\/div>\n<\/div>\n<\/div>\n<\/div>\n<\/div>\n<\/div>\n<\/div>","protected":false},"excerpt":{"rendered":"<p>nat\u00fcrlicher, aromatischer und beruhigender Rosenbl\u00e4ttertee<\/p>","protected":false},"featured_media":21032,"comment_status":"open","ping_status":"closed","template":"","meta":{"jetpack_post_was_ever_published":false},"etheme_brands":[{"term_id":207,"name":"FLORAL SPA","slug":"floralspa","term_group":0,"term_taxonomy_id":207,"taxonomy":"brand","description":"","parent":0,"count":7,"filter":"raw"}],"product_brand":[],"product_cat":[219,172,170],"product_tag":[],"class_list":{"0":"post-19085","1":"product","2":"type-product","3":"status-publish","4":"has-post-thumbnail","6":"brand-floralspa","7":"product_cat-beautea","8":"product_cat-gesicht","9":"product_cat-pflege","11":"first","12":"instock","13":"taxable","14":"shipping-taxable","15":"purchasable","16":"product-type-simple"},"yoast_head":"<!-- This site is optimized with the Yoast SEO plugin v27.5 - https:\/\/yoast.com\/product\/yoast-seo-wordpress\/ -->\n<title>BEAUTEA Rose Petals (50 g) - Pure Beauty &amp; PANDHY&#039;S Shop<\/title>\n<meta name=\"description\" content=\"Dieser Tee ist aus echten getrockneten, granulierten Rosenbl\u00e4ttern gemacht. Er bietet alle Vorteile und Eigenschaften, die auch der Rosenknospen Tee bringt. Der nat\u00fcrliche und aromatische Rosengeschmack macht es zu einem hervorragenden und genussvollen Getr\u00e4nk. Die essenziellen \u00d6le im Rosenknospentee helfen die Durchblutung zu f\u00f6rdern und sind gut f\u00fcr das Herz. Rosenknospentee ist bekannt f\u00fcr seine beruhigende Auswirkung auf Geist und Seele. Der Tee bringt, egal zu welcher Tageszeit, Entspannung. Rosenknospentee enth\u00e4lt Vitamin A, B3, C, D und E und zeigt eine gute Wirksamkeit bei Infektionen, vor allem bei Blasenentz\u00fcndungen. Der Tee ist eine exzellente Quelle f\u00fcr Vitamin C, noch st\u00e4rker als Orangen!\" \/>\n<meta name=\"robots\" content=\"index, follow, max-snippet:-1, max-image-preview:large, max-video-preview:-1\" \/>\n<link rel=\"canonical\" href=\"https:\/\/www.pure-beauty.shop\/en\/product\/beautea-rose-petals\/\" \/>\n<meta property=\"og:locale\" content=\"en_GB\" \/>\n<meta property=\"og:type\" content=\"article\" \/>\n<meta property=\"og:title\" content=\"BEAUTEA Rose Petals (50 g) - Pure Beauty &amp; PANDHY&#039;S Shop\" \/>\n<meta property=\"og:description\" content=\"Dieser Tee ist aus echten getrockneten, granulierten Rosenbl\u00e4ttern gemacht. Er bietet alle Vorteile und Eigenschaften, die auch der Rosenknospen Tee bringt. Der nat\u00fcrliche und aromatische Rosengeschmack macht es zu einem hervorragenden und genussvollen Getr\u00e4nk. Die essenziellen \u00d6le im Rosenknospentee helfen die Durchblutung zu f\u00f6rdern und sind gut f\u00fcr das Herz. Rosenknospentee ist bekannt f\u00fcr seine beruhigende Auswirkung auf Geist und Seele. Der Tee bringt, egal zu welcher Tageszeit, Entspannung. Rosenknospentee enth\u00e4lt Vitamin A, B3, C, D und E und zeigt eine gute Wirksamkeit bei Infektionen, vor allem bei Blasenentz\u00fcndungen. Der Tee ist eine exzellente Quelle f\u00fcr Vitamin C, noch st\u00e4rker als Orangen!\" \/>\n<meta property=\"og:url\" content=\"https:\/\/www.pure-beauty.shop\/en\/product\/beautea-rose-petals\/\" \/>\n<meta property=\"og:site_name\" content=\"Pure Beauty &amp; PANDHY&#039;S Shop\" \/>\n<meta property=\"article:modified_time\" content=\"2026-04-10T23:28:13+00:00\" \/>\n<meta property=\"og:image\" content=\"https:\/\/www.pure-beauty.shop\/wp-content\/uploads\/2021\/02\/tea_rosepetals.jpg\" \/>\n\t<meta property=\"og:image:width\" content=\"2000\" \/>\n\t<meta property=\"og:image:height\" content=\"2000\" \/>\n\t<meta property=\"og:image:type\" content=\"image\/jpeg\" \/>\n<meta name=\"twitter:card\" content=\"summary_large_image\" \/>\n<meta name=\"twitter:label1\" content=\"Estimated reading time\" \/>\n\t<meta name=\"twitter:data1\" content=\"1 minute\" \/>\n<script type=\"application\/ld+json\" class=\"yoast-schema-graph\">{\"@context\":\"https:\\\/\\\/schema.org\",\"@graph\":[{\"@type\":\"WebPage\",\"@id\":\"https:\\\/\\\/www.pure-beauty.shop\\\/produkt\\\/beautea-rose-petals\\\/\",\"url\":\"https:\\\/\\\/www.pure-beauty.shop\\\/produkt\\\/beautea-rose-petals\\\/\",\"name\":\"BEAUTEA Rose Petals (50 g) - Pure Beauty &amp; PANDHY&#039;S Shop\",\"isPartOf\":{\"@id\":\"https:\\\/\\\/www.pure-beauty.shop\\\/#website\"},\"primaryImageOfPage\":{\"@id\":\"https:\\\/\\\/www.pure-beauty.shop\\\/produkt\\\/beautea-rose-petals\\\/#primaryimage\"},\"image\":{\"@id\":\"https:\\\/\\\/www.pure-beauty.shop\\\/produkt\\\/beautea-rose-petals\\\/#primaryimage\"},\"thumbnailUrl\":\"https:\\\/\\\/www.pure-beauty.shop\\\/wp-content\\\/uploads\\\/2021\\\/02\\\/tea_rosepetals.jpg\",\"datePublished\":\"2021-02-12T22:38:37+00:00\",\"dateModified\":\"2026-04-10T23:28:13+00:00\",\"description\":\"Dieser Tee ist aus echten getrockneten, granulierten Rosenbl\u00e4ttern gemacht. Er bietet alle Vorteile und Eigenschaften, die auch der Rosenknospen Tee bringt. Der nat\u00fcrliche und aromatische Rosengeschmack macht es zu einem hervorragenden und genussvollen Getr\u00e4nk. Die essenziellen \u00d6le im Rosenknospentee helfen die Durchblutung zu f\u00f6rdern und sind gut f\u00fcr das Herz. Rosenknospentee ist bekannt f\u00fcr seine beruhigende Auswirkung auf Geist und Seele. Der Tee bringt, egal zu welcher Tageszeit, Entspannung. Rosenknospentee enth\u00e4lt Vitamin A, B3, C, D und E und zeigt eine gute Wirksamkeit bei Infektionen, vor allem bei Blasenentz\u00fcndungen. Der Tee ist eine exzellente Quelle f\u00fcr Vitamin C, noch st\u00e4rker als Orangen!\",\"breadcrumb\":{\"@id\":\"https:\\\/\\\/www.pure-beauty.shop\\\/produkt\\\/beautea-rose-petals\\\/#breadcrumb\"},\"inLanguage\":\"en-GB\",\"potentialAction\":[{\"@type\":\"ReadAction\",\"target\":[\"https:\\\/\\\/www.pure-beauty.shop\\\/produkt\\\/beautea-rose-petals\\\/\"]}]},{\"@type\":\"ImageObject\",\"inLanguage\":\"en-GB\",\"@id\":\"https:\\\/\\\/www.pure-beauty.shop\\\/produkt\\\/beautea-rose-petals\\\/#primaryimage\",\"url\":\"https:\\\/\\\/www.pure-beauty.shop\\\/wp-content\\\/uploads\\\/2021\\\/02\\\/tea_rosepetals.jpg\",\"contentUrl\":\"https:\\\/\\\/www.pure-beauty.shop\\\/wp-content\\\/uploads\\\/2021\\\/02\\\/tea_rosepetals.jpg\",\"width\":2000,\"height\":2000},{\"@type\":\"BreadcrumbList\",\"@id\":\"https:\\\/\\\/www.pure-beauty.shop\\\/produkt\\\/beautea-rose-petals\\\/#breadcrumb\",\"itemListElement\":[{\"@type\":\"ListItem\",\"position\":1,\"name\":\"Startseite\",\"item\":\"https:\\\/\\\/www.pure-beauty.shop\\\/\"},{\"@type\":\"ListItem\",\"position\":2,\"name\":\"Shop\",\"item\":\"https:\\\/\\\/www.pure-beauty.shop\\\/en\\\/shop\\\/\"},{\"@type\":\"ListItem\",\"position\":3,\"name\":\"BEAUTEA Rose Petals (50 g)\"}]},{\"@type\":\"WebSite\",\"@id\":\"https:\\\/\\\/www.pure-beauty.shop\\\/#website\",\"url\":\"https:\\\/\\\/www.pure-beauty.shop\\\/\",\"name\":\"Pure Beauty & PANDHY'S Shop\",\"description\":\"Kosmetikshop in Graz\",\"potentialAction\":[{\"@type\":\"SearchAction\",\"target\":{\"@type\":\"EntryPoint\",\"urlTemplate\":\"https:\\\/\\\/www.pure-beauty.shop\\\/?s={search_term_string}\"},\"query-input\":{\"@type\":\"PropertyValueSpecification\",\"valueRequired\":true,\"valueName\":\"search_term_string\"}}],\"inLanguage\":\"en-GB\"}]}<\/script>\n<!-- \/ Yoast SEO plugin. -->","yoast_head_json":{"title":"BEAUTEA Rose Petals (50 g) - Pure Beauty &amp; PANDHY&#039;S Shop","description":"Dieser Tee ist aus echten getrockneten, granulierten Rosenbl\u00e4ttern gemacht. Er bietet alle Vorteile und Eigenschaften, die auch der Rosenknospen Tee bringt. Der nat\u00fcrliche und aromatische Rosengeschmack macht es zu einem hervorragenden und genussvollen Getr\u00e4nk. Die essenziellen \u00d6le im Rosenknospentee helfen die Durchblutung zu f\u00f6rdern und sind gut f\u00fcr das Herz. Rosenknospentee ist bekannt f\u00fcr seine beruhigende Auswirkung auf Geist und Seele. Der Tee bringt, egal zu welcher Tageszeit, Entspannung. Rosenknospentee enth\u00e4lt Vitamin A, B3, C, D und E und zeigt eine gute Wirksamkeit bei Infektionen, vor allem bei Blasenentz\u00fcndungen. Der Tee ist eine exzellente Quelle f\u00fcr Vitamin C, noch st\u00e4rker als Orangen!","robots":{"index":"index","follow":"follow","max-snippet":"max-snippet:-1","max-image-preview":"max-image-preview:large","max-video-preview":"max-video-preview:-1"},"canonical":"https:\/\/www.pure-beauty.shop\/en\/product\/beautea-rose-petals\/","og_locale":"en_GB","og_type":"article","og_title":"BEAUTEA Rose Petals (50 g) - Pure Beauty &amp; PANDHY&#039;S Shop","og_description":"Dieser Tee ist aus echten getrockneten, granulierten Rosenbl\u00e4ttern gemacht. Er bietet alle Vorteile und Eigenschaften, die auch der Rosenknospen Tee bringt. Der nat\u00fcrliche und aromatische Rosengeschmack macht es zu einem hervorragenden und genussvollen Getr\u00e4nk. Die essenziellen \u00d6le im Rosenknospentee helfen die Durchblutung zu f\u00f6rdern und sind gut f\u00fcr das Herz. Rosenknospentee ist bekannt f\u00fcr seine beruhigende Auswirkung auf Geist und Seele. Der Tee bringt, egal zu welcher Tageszeit, Entspannung. Rosenknospentee enth\u00e4lt Vitamin A, B3, C, D und E und zeigt eine gute Wirksamkeit bei Infektionen, vor allem bei Blasenentz\u00fcndungen. Der Tee ist eine exzellente Quelle f\u00fcr Vitamin C, noch st\u00e4rker als Orangen!","og_url":"https:\/\/www.pure-beauty.shop\/en\/product\/beautea-rose-petals\/","og_site_name":"Pure Beauty &amp; PANDHY&#039;S Shop","article_modified_time":"2026-04-10T23:28:13+00:00","og_image":[{"width":2000,"height":2000,"url":"https:\/\/www.pure-beauty.shop\/wp-content\/uploads\/2021\/02\/tea_rosepetals.jpg","type":"image\/jpeg"}],"twitter_card":"summary_large_image","twitter_misc":{"Estimated reading time":"1 minute"},"schema":{"@context":"https:\/\/schema.org","@graph":[{"@type":"WebPage","@id":"https:\/\/www.pure-beauty.shop\/produkt\/beautea-rose-petals\/","url":"https:\/\/www.pure-beauty.shop\/produkt\/beautea-rose-petals\/","name":"BEAUTEA Rose Petals (50 g) - Pure Beauty &amp; PANDHY&#039;S Shop","isPartOf":{"@id":"https:\/\/www.pure-beauty.shop\/#website"},"primaryImageOfPage":{"@id":"https:\/\/www.pure-beauty.shop\/produkt\/beautea-rose-petals\/#primaryimage"},"image":{"@id":"https:\/\/www.pure-beauty.shop\/produkt\/beautea-rose-petals\/#primaryimage"},"thumbnailUrl":"https:\/\/www.pure-beauty.shop\/wp-content\/uploads\/2021\/02\/tea_rosepetals.jpg","datePublished":"2021-02-12T22:38:37+00:00","dateModified":"2026-04-10T23:28:13+00:00","description":"Dieser Tee ist aus echten getrockneten, granulierten Rosenbl\u00e4ttern gemacht. Er bietet alle Vorteile und Eigenschaften, die auch der Rosenknospen Tee bringt. Der nat\u00fcrliche und aromatische Rosengeschmack macht es zu einem hervorragenden und genussvollen Getr\u00e4nk. Die essenziellen \u00d6le im Rosenknospentee helfen die Durchblutung zu f\u00f6rdern und sind gut f\u00fcr das Herz. Rosenknospentee ist bekannt f\u00fcr seine beruhigende Auswirkung auf Geist und Seele. Der Tee bringt, egal zu welcher Tageszeit, Entspannung. Rosenknospentee enth\u00e4lt Vitamin A, B3, C, D und E und zeigt eine gute Wirksamkeit bei Infektionen, vor allem bei Blasenentz\u00fcndungen. Der Tee ist eine exzellente Quelle f\u00fcr Vitamin C, noch st\u00e4rker als Orangen!","breadcrumb":{"@id":"https:\/\/www.pure-beauty.shop\/produkt\/beautea-rose-petals\/#breadcrumb"},"inLanguage":"en-GB","potentialAction":[{"@type":"ReadAction","target":["https:\/\/www.pure-beauty.shop\/produkt\/beautea-rose-petals\/"]}]},{"@type":"ImageObject","inLanguage":"en-GB","@id":"https:\/\/www.pure-beauty.shop\/produkt\/beautea-rose-petals\/#primaryimage","url":"https:\/\/www.pure-beauty.shop\/wp-content\/uploads\/2021\/02\/tea_rosepetals.jpg","contentUrl":"https:\/\/www.pure-beauty.shop\/wp-content\/uploads\/2021\/02\/tea_rosepetals.jpg","width":2000,"height":2000},{"@type":"BreadcrumbList","@id":"https:\/\/www.pure-beauty.shop\/produkt\/beautea-rose-petals\/#breadcrumb","itemListElement":[{"@type":"ListItem","position":1,"name":"Startseite","item":"https:\/\/www.pure-beauty.shop\/"},{"@type":"ListItem","position":2,"name":"Shop","item":"https:\/\/www.pure-beauty.shop\/en\/shop\/"},{"@type":"ListItem","position":3,"name":"BEAUTEA Rose Petals (50 g)"}]},{"@type":"WebSite","@id":"https:\/\/www.pure-beauty.shop\/#website","url":"https:\/\/www.pure-beauty.shop\/","name":"Pure Beauty & PANDHY'S Shop","description":"Kosmetikshop in Graz","potentialAction":[{"@type":"SearchAction","target":{"@type":"EntryPoint","urlTemplate":"https:\/\/www.pure-beauty.shop\/?s={search_term_string}"},"query-input":{"@type":"PropertyValueSpecification","valueRequired":true,"valueName":"search_term_string"}}],"inLanguage":"en-GB"}]}},"jetpack_sharing_enabled":true,"_links":{"self":[{"href":"https:\/\/www.pure-beauty.shop\/en\/wp-json\/wp\/v2\/product\/19085","targetHints":{"allow":["GET"]}}],"collection":[{"href":"https:\/\/www.pure-beauty.shop\/en\/wp-json\/wp\/v2\/product"}],"about":[{"href":"https:\/\/www.pure-beauty.shop\/en\/wp-json\/wp\/v2\/types\/product"}],"replies":[{"embeddable":true,"href":"https:\/\/www.pure-beauty.shop\/en\/wp-json\/wp\/v2\/comments?post=19085"}],"wp:featuredmedia":[{"embeddable":true,"href":"https:\/\/www.pure-beauty.shop\/en\/wp-json\/wp\/v2\/media\/21032"}],"wp:attachment":[{"href":"https:\/\/www.pure-beauty.shop\/en\/wp-json\/wp\/v2\/media?parent=19085"}],"wp:term":[{"taxonomy":"brand","embeddable":true,"href":"https:\/\/www.pure-beauty.shop\/en\/wp-json\/wp\/v2\/etheme_brands?post=19085"},{"taxonomy":"product_brand","embeddable":true,"href":"https:\/\/www.pure-beauty.shop\/en\/wp-json\/wp\/v2\/product_brand?post=19085"},{"taxonomy":"product_cat","embeddable":true,"href":"https:\/\/www.pure-beauty.shop\/en\/wp-json\/wp\/v2\/product_cat?post=19085"},{"taxonomy":"product_tag","embeddable":true,"href":"https:\/\/www.pure-beauty.shop\/en\/wp-json\/wp\/v2\/product_tag?post=19085"}],"curies":[{"name":"wp","href":"https:\/\/api.w.org\/{rel}","templated":true}]}}