{"id":19086,"date":"2021-02-12T23:38:42","date_gmt":"2021-02-12T22:38:42","guid":{"rendered":"https:\/\/www.pure-beauty.shop\/?post_type=product&#038;p=19086"},"modified":"2026-04-11T01:27:28","modified_gmt":"2026-04-10T23:27:28","slug":"beautea-peppermint","status":"publish","type":"product","link":"https:\/\/www.pure-beauty.shop\/en\/product\/beautea-peppermint\/","title":{"rendered":"BEAUTEA Peppermint (50 g)"},"content":{"rendered":"<div class=\"wpb-content-wrapper\"><div class=\"vc_row wpb_row vc_row-fluid et_custom_uniqid_62d8148b42ada mpc-row\">\n<div class=\"wpb_column vc_column_container vc_col-sm-12 et_custom_uniqid_62d8148b42a89 mpc-column\" data-column-id=\"mpc_column-4362d8148e077fa\">\n<div class=\"vc_column-inner\">\n<div class=\"wpb_wrapper\">\n<div class=\"wpb_text_column wpb_content_element\">\n<div class=\"wpb_wrapper\">\n<p>Ein Kraut bekannt f\u00fcr seine medizinischen Vorteile und den unverwechselbaren Geschmack. Pfefferminz- oder Minztee ist der Lieblingstee vieler Teetrinker. Er wird mit gem\u00fctlicher Stimmung bei warmem Wetter verbunden. Pfefferminztee ist nicht nur geschmacklich gut, er bietet auch viele Vorteile. Pfefferminze beinhaltet heilende \u00d6le wie Menthol, Menton, Methyl Acetat und 40 weitere Komponenten. Getrocknete Pfefferminzbl\u00e4tter werden zur Herstellung von erfrischendem, koffeinfreien Tee verwendet. Dieser Tee ist sowohl kalt als auch hei\u00df hervorragend.<\/p>\n<p>Vorteile f\u00fcr die Gesundheit:<br \/>\nErleichtert Probleme mit dem Magen:<br \/>\nPfefferminze wird als Magenheilmittel bezeichnet. Es hilft bei dem Gef\u00fchl von \u00dcbelkeit, Bauchschmerzen, Reizdarmsyndrom, Durchfall und Verstopfungen. Wirkt unterst\u00fctzend auf die Verdauung, k\u00fchlend und somit schmerzbefreiend auf den Verdauungstrakt.<\/p>\n<p>Sch\u00f6nheitsvorteile:<br \/>\nMinztee ist perfekt f\u00fcr die Reinigung der Haut geeignet. Er beruhigt die Haut, heilt Infektionen und Juckreiz, hilft Pickel zu reduzieren und soll sogar Symptome von Akne erleichtern. Seine Bestandteile k\u00f6nnen als Mittel gegen Insektenstiche verwendet werden. Die k\u00fchlende Wirkung erleichtert das irritierende Bed\u00fcrfnis zu kratzen und die entz\u00fcndungshemmenden Eigenschaften lindern die Schwellung.<\/p>\n<h6>INCI: menthae piperitae folium (peppermint)<\/h6>\n<\/div>\n<\/div>\n<\/div>\n<\/div>\n<\/div>\n<\/div>\n<\/div>","protected":false},"excerpt":{"rendered":"<p>Pfefferminztee als Magenheilmittel<\/p>","protected":false},"featured_media":21031,"comment_status":"open","ping_status":"closed","template":"","meta":{"jetpack_post_was_ever_published":false},"etheme_brands":[{"term_id":207,"name":"FLORAL SPA","slug":"floralspa","term_group":0,"term_taxonomy_id":207,"taxonomy":"brand","description":"","parent":0,"count":7,"filter":"raw"}],"product_brand":[],"product_cat":[219,172,170],"product_tag":[],"class_list":{"0":"post-19086","1":"product","2":"type-product","3":"status-publish","4":"has-post-thumbnail","6":"brand-floralspa","7":"product_cat-beautea","8":"product_cat-gesicht","9":"product_cat-pflege","11":"first","12":"instock","13":"taxable","14":"shipping-taxable","15":"purchasable","16":"product-type-simple"},"yoast_head":"<!-- This site is optimized with the Yoast SEO plugin v27.5 - https:\/\/yoast.com\/product\/yoast-seo-wordpress\/ -->\n<title>BEAUTEA Peppermint (50 g) - Pure Beauty &amp; PANDHY&#039;S Shop<\/title>\n<meta name=\"description\" content=\"Pfefferminze wird als Magenheilmittel bezeichnet. Es hilft bei dem Gef\u00fchl von \u00dcbelkeit, Bauchschmerzen, Reizdarmsyndrom, Durchfall und Verstopfungen. Wirkt unterst\u00fctzend auf die Verdauung, k\u00fchlend und somit schmerzbefreiend auf den Verdauungstrakt.\" \/>\n<meta name=\"robots\" content=\"index, follow, max-snippet:-1, max-image-preview:large, max-video-preview:-1\" \/>\n<link rel=\"canonical\" href=\"https:\/\/www.pure-beauty.shop\/en\/product\/beautea-peppermint\/\" \/>\n<meta property=\"og:locale\" content=\"en_GB\" \/>\n<meta property=\"og:type\" content=\"article\" \/>\n<meta property=\"og:title\" content=\"BEAUTEA Peppermint (50 g) - Pure Beauty &amp; PANDHY&#039;S Shop\" \/>\n<meta property=\"og:description\" content=\"Pfefferminze wird als Magenheilmittel bezeichnet. Es hilft bei dem Gef\u00fchl von \u00dcbelkeit, Bauchschmerzen, Reizdarmsyndrom, Durchfall und Verstopfungen. Wirkt unterst\u00fctzend auf die Verdauung, k\u00fchlend und somit schmerzbefreiend auf den Verdauungstrakt.\" \/>\n<meta property=\"og:url\" content=\"https:\/\/www.pure-beauty.shop\/en\/product\/beautea-peppermint\/\" \/>\n<meta property=\"og:site_name\" content=\"Pure Beauty &amp; PANDHY&#039;S Shop\" \/>\n<meta property=\"article:modified_time\" content=\"2026-04-10T23:27:28+00:00\" \/>\n<meta property=\"og:image\" content=\"https:\/\/www.pure-beauty.shop\/wp-content\/uploads\/2021\/02\/tea_peppermint.jpg\" \/>\n\t<meta property=\"og:image:width\" content=\"2000\" \/>\n\t<meta property=\"og:image:height\" content=\"2000\" \/>\n\t<meta property=\"og:image:type\" content=\"image\/jpeg\" \/>\n<meta name=\"twitter:card\" content=\"summary_large_image\" \/>\n<meta name=\"twitter:label1\" content=\"Estimated reading time\" \/>\n\t<meta name=\"twitter:data1\" content=\"1 minute\" \/>\n<script type=\"application\/ld+json\" class=\"yoast-schema-graph\">{\"@context\":\"https:\\\/\\\/schema.org\",\"@graph\":[{\"@type\":\"WebPage\",\"@id\":\"https:\\\/\\\/www.pure-beauty.shop\\\/produkt\\\/beautea-peppermint\\\/\",\"url\":\"https:\\\/\\\/www.pure-beauty.shop\\\/produkt\\\/beautea-peppermint\\\/\",\"name\":\"BEAUTEA Peppermint (50 g) - Pure Beauty &amp; PANDHY&#039;S Shop\",\"isPartOf\":{\"@id\":\"https:\\\/\\\/www.pure-beauty.shop\\\/#website\"},\"primaryImageOfPage\":{\"@id\":\"https:\\\/\\\/www.pure-beauty.shop\\\/produkt\\\/beautea-peppermint\\\/#primaryimage\"},\"image\":{\"@id\":\"https:\\\/\\\/www.pure-beauty.shop\\\/produkt\\\/beautea-peppermint\\\/#primaryimage\"},\"thumbnailUrl\":\"https:\\\/\\\/www.pure-beauty.shop\\\/wp-content\\\/uploads\\\/2021\\\/02\\\/tea_peppermint.jpg\",\"datePublished\":\"2021-02-12T22:38:42+00:00\",\"dateModified\":\"2026-04-10T23:27:28+00:00\",\"description\":\"Pfefferminze wird als Magenheilmittel bezeichnet. Es hilft bei dem Gef\u00fchl von \u00dcbelkeit, Bauchschmerzen, Reizdarmsyndrom, Durchfall und Verstopfungen. Wirkt unterst\u00fctzend auf die Verdauung, k\u00fchlend und somit schmerzbefreiend auf den Verdauungstrakt.\",\"breadcrumb\":{\"@id\":\"https:\\\/\\\/www.pure-beauty.shop\\\/produkt\\\/beautea-peppermint\\\/#breadcrumb\"},\"inLanguage\":\"en-GB\",\"potentialAction\":[{\"@type\":\"ReadAction\",\"target\":[\"https:\\\/\\\/www.pure-beauty.shop\\\/produkt\\\/beautea-peppermint\\\/\"]}]},{\"@type\":\"ImageObject\",\"inLanguage\":\"en-GB\",\"@id\":\"https:\\\/\\\/www.pure-beauty.shop\\\/produkt\\\/beautea-peppermint\\\/#primaryimage\",\"url\":\"https:\\\/\\\/www.pure-beauty.shop\\\/wp-content\\\/uploads\\\/2021\\\/02\\\/tea_peppermint.jpg\",\"contentUrl\":\"https:\\\/\\\/www.pure-beauty.shop\\\/wp-content\\\/uploads\\\/2021\\\/02\\\/tea_peppermint.jpg\",\"width\":2000,\"height\":2000},{\"@type\":\"BreadcrumbList\",\"@id\":\"https:\\\/\\\/www.pure-beauty.shop\\\/produkt\\\/beautea-peppermint\\\/#breadcrumb\",\"itemListElement\":[{\"@type\":\"ListItem\",\"position\":1,\"name\":\"Startseite\",\"item\":\"https:\\\/\\\/www.pure-beauty.shop\\\/\"},{\"@type\":\"ListItem\",\"position\":2,\"name\":\"Shop\",\"item\":\"https:\\\/\\\/www.pure-beauty.shop\\\/en\\\/shop\\\/\"},{\"@type\":\"ListItem\",\"position\":3,\"name\":\"BEAUTEA Peppermint (50 g)\"}]},{\"@type\":\"WebSite\",\"@id\":\"https:\\\/\\\/www.pure-beauty.shop\\\/#website\",\"url\":\"https:\\\/\\\/www.pure-beauty.shop\\\/\",\"name\":\"Pure Beauty &amp; PANDHY&#039;S Shop\",\"description\":\"Kosmetikshop in Graz\",\"potentialAction\":[{\"@type\":\"SearchAction\",\"target\":{\"@type\":\"EntryPoint\",\"urlTemplate\":\"https:\\\/\\\/www.pure-beauty.shop\\\/?s={search_term_string}\"},\"query-input\":{\"@type\":\"PropertyValueSpecification\",\"valueRequired\":true,\"valueName\":\"search_term_string\"}}],\"inLanguage\":\"en-GB\"}]}<\/script>\n<!-- \/ Yoast SEO plugin. -->","yoast_head_json":{"title":"BEAUTEA Peppermint (50 g) - Pure Beauty &amp; PANDHY&#039;S Shop","description":"Pfefferminze wird als Magenheilmittel bezeichnet. Es hilft bei dem Gef\u00fchl von \u00dcbelkeit, Bauchschmerzen, Reizdarmsyndrom, Durchfall und Verstopfungen. Wirkt unterst\u00fctzend auf die Verdauung, k\u00fchlend und somit schmerzbefreiend auf den Verdauungstrakt.","robots":{"index":"index","follow":"follow","max-snippet":"max-snippet:-1","max-image-preview":"max-image-preview:large","max-video-preview":"max-video-preview:-1"},"canonical":"https:\/\/www.pure-beauty.shop\/en\/product\/beautea-peppermint\/","og_locale":"en_GB","og_type":"article","og_title":"BEAUTEA Peppermint (50 g) - Pure Beauty &amp; PANDHY&#039;S Shop","og_description":"Pfefferminze wird als Magenheilmittel bezeichnet. Es hilft bei dem Gef\u00fchl von \u00dcbelkeit, Bauchschmerzen, Reizdarmsyndrom, Durchfall und Verstopfungen. Wirkt unterst\u00fctzend auf die Verdauung, k\u00fchlend und somit schmerzbefreiend auf den Verdauungstrakt.","og_url":"https:\/\/www.pure-beauty.shop\/en\/product\/beautea-peppermint\/","og_site_name":"Pure Beauty &amp; PANDHY&#039;S Shop","article_modified_time":"2026-04-10T23:27:28+00:00","og_image":[{"width":2000,"height":2000,"url":"https:\/\/www.pure-beauty.shop\/wp-content\/uploads\/2021\/02\/tea_peppermint.jpg","type":"image\/jpeg"}],"twitter_card":"summary_large_image","twitter_misc":{"Estimated reading time":"1 minute"},"schema":{"@context":"https:\/\/schema.org","@graph":[{"@type":"WebPage","@id":"https:\/\/www.pure-beauty.shop\/produkt\/beautea-peppermint\/","url":"https:\/\/www.pure-beauty.shop\/produkt\/beautea-peppermint\/","name":"BEAUTEA Peppermint (50 g) - Pure Beauty &amp; PANDHY&#039;S Shop","isPartOf":{"@id":"https:\/\/www.pure-beauty.shop\/#website"},"primaryImageOfPage":{"@id":"https:\/\/www.pure-beauty.shop\/produkt\/beautea-peppermint\/#primaryimage"},"image":{"@id":"https:\/\/www.pure-beauty.shop\/produkt\/beautea-peppermint\/#primaryimage"},"thumbnailUrl":"https:\/\/www.pure-beauty.shop\/wp-content\/uploads\/2021\/02\/tea_peppermint.jpg","datePublished":"2021-02-12T22:38:42+00:00","dateModified":"2026-04-10T23:27:28+00:00","description":"Pfefferminze wird als Magenheilmittel bezeichnet. Es hilft bei dem Gef\u00fchl von \u00dcbelkeit, Bauchschmerzen, Reizdarmsyndrom, Durchfall und Verstopfungen. Wirkt unterst\u00fctzend auf die Verdauung, k\u00fchlend und somit schmerzbefreiend auf den Verdauungstrakt.","breadcrumb":{"@id":"https:\/\/www.pure-beauty.shop\/produkt\/beautea-peppermint\/#breadcrumb"},"inLanguage":"en-GB","potentialAction":[{"@type":"ReadAction","target":["https:\/\/www.pure-beauty.shop\/produkt\/beautea-peppermint\/"]}]},{"@type":"ImageObject","inLanguage":"en-GB","@id":"https:\/\/www.pure-beauty.shop\/produkt\/beautea-peppermint\/#primaryimage","url":"https:\/\/www.pure-beauty.shop\/wp-content\/uploads\/2021\/02\/tea_peppermint.jpg","contentUrl":"https:\/\/www.pure-beauty.shop\/wp-content\/uploads\/2021\/02\/tea_peppermint.jpg","width":2000,"height":2000},{"@type":"BreadcrumbList","@id":"https:\/\/www.pure-beauty.shop\/produkt\/beautea-peppermint\/#breadcrumb","itemListElement":[{"@type":"ListItem","position":1,"name":"Startseite","item":"https:\/\/www.pure-beauty.shop\/"},{"@type":"ListItem","position":2,"name":"Shop","item":"https:\/\/www.pure-beauty.shop\/en\/shop\/"},{"@type":"ListItem","position":3,"name":"BEAUTEA Peppermint (50 g)"}]},{"@type":"WebSite","@id":"https:\/\/www.pure-beauty.shop\/#website","url":"https:\/\/www.pure-beauty.shop\/","name":"Pure Beauty &amp; PANDHY&#039;S Shop","description":"Kosmetikshop in Graz","potentialAction":[{"@type":"SearchAction","target":{"@type":"EntryPoint","urlTemplate":"https:\/\/www.pure-beauty.shop\/?s={search_term_string}"},"query-input":{"@type":"PropertyValueSpecification","valueRequired":true,"valueName":"search_term_string"}}],"inLanguage":"en-GB"}]}},"jetpack_sharing_enabled":true,"_links":{"self":[{"href":"https:\/\/www.pure-beauty.shop\/en\/wp-json\/wp\/v2\/product\/19086","targetHints":{"allow":["GET"]}}],"collection":[{"href":"https:\/\/www.pure-beauty.shop\/en\/wp-json\/wp\/v2\/product"}],"about":[{"href":"https:\/\/www.pure-beauty.shop\/en\/wp-json\/wp\/v2\/types\/product"}],"replies":[{"embeddable":true,"href":"https:\/\/www.pure-beauty.shop\/en\/wp-json\/wp\/v2\/comments?post=19086"}],"wp:featuredmedia":[{"embeddable":true,"href":"https:\/\/www.pure-beauty.shop\/en\/wp-json\/wp\/v2\/media\/21031"}],"wp:attachment":[{"href":"https:\/\/www.pure-beauty.shop\/en\/wp-json\/wp\/v2\/media?parent=19086"}],"wp:term":[{"taxonomy":"brand","embeddable":true,"href":"https:\/\/www.pure-beauty.shop\/en\/wp-json\/wp\/v2\/etheme_brands?post=19086"},{"taxonomy":"product_brand","embeddable":true,"href":"https:\/\/www.pure-beauty.shop\/en\/wp-json\/wp\/v2\/product_brand?post=19086"},{"taxonomy":"product_cat","embeddable":true,"href":"https:\/\/www.pure-beauty.shop\/en\/wp-json\/wp\/v2\/product_cat?post=19086"},{"taxonomy":"product_tag","embeddable":true,"href":"https:\/\/www.pure-beauty.shop\/en\/wp-json\/wp\/v2\/product_tag?post=19086"}],"curies":[{"name":"wp","href":"https:\/\/api.w.org\/{rel}","templated":true}]}}